{"id":46896,"date":"2024-03-17T00:36:33","date_gmt":"2024-03-17T04:36:33","guid":{"rendered":"https:\/\/www.sisinternational.com\/?page_id=46896"},"modified":"2026-01-24T21:08:41","modified_gmt":"2026-01-25T02:08:41","slug":"seguimiento-de-pacientes-investigacion-de-mercado-consultoria-estrategica","status":"publish","type":"page","link":"https:\/\/www.sisinternational.com\/es\/soluciones\/consultoria-estrategica\/seguimiento-de-pacientes-investigacion-de-mercado-consultoria-estrategica\/","title":{"rendered":"Medical Device Consulting"},"content":{"rendered":"<h1 class=\"wp-block-heading\">Medical Device Consulting<\/h1>\n\n\n\n<figure class=\"gb-block-image gb-block-image-a63f5d2f\"><img loading=\"lazy\" decoding=\"async\" width=\"1456\" height=\"816\" class=\"gb-image gb-image-a63f5d2f\" src=\"https:\/\/www.sisinternational.com\/wp-content\/uploads\/2025\/08\/Healthcare-2.jpg\" alt=\"Investigaci\u00f3n y estrategia de mercado internacional de SIS\" title=\"Healthcare (2)\" srcset=\"https:\/\/www.sisinternational.com\/wp-content\/uploads\/2025\/08\/Healthcare-2.jpg 1456w, https:\/\/www.sisinternational.com\/wp-content\/uploads\/2025\/08\/Healthcare-2-300x168.jpg 300w, https:\/\/www.sisinternational.com\/wp-content\/uploads\/2025\/08\/Healthcare-2-1024x574.jpg 1024w, https:\/\/www.sisinternational.com\/wp-content\/uploads\/2025\/08\/Healthcare-2-768x430.jpg 768w, https:\/\/www.sisinternational.com\/wp-content\/uploads\/2025\/08\/Healthcare-2-18x10.jpg 18w\" sizes=\"auto, (max-width: 1456px) 100vw, 1456px\"><\/figure>\n\n\n\n<hr class=\"wp-block-separator has-alpha-channel-opacity is-style-dots\"\/>\n\n\n\n<p>\u00bfC\u00f3mo pueden las empresas aprovechar el poder de la monitorizaci\u00f3n de pacientes para impulsar la innovaci\u00f3n, mejorar la atenci\u00f3n al paciente y mantenerse a la vanguardia en un mercado cada vez m\u00e1s competitivo? Desde dispositivos port\u00e1tiles hasta soluciones de monitoreo remoto, el monitoreo de pacientes presenta una gran cantidad de oportunidades para las empresas que deseen explorar su potencial, y es por eso que la investigaci\u00f3n de mercado y la consultor\u00eda estrat\u00e9gica de monitoreo de pacientes ayudan a las empresas a mantenerse a la vanguardia, prosperar y diferenciarse en un mercado competitivo.<\/p>\n\n\n\n<h2 class=\"wp-block-heading\">What Is Medical Device Consulting? Why Is It Important?<\/h2>\n\n\n\n<p>Medical Device Consulting aims at maximizing the effectiveness of patient monitoring technologies and practices. It delves into understanding the current landscape of patient monitoring technologies, including wearable devices, remote monitoring systems, and telehealth platforms. <\/p>\n\n\n\n<p> But, it brings many other benefits for businesses, including:<\/p>\n\n\n\n<ul class=\"wp-block-list\">\n<li><strong>Toma de decisiones informada:<\/strong> <a href=\"https:\/\/www.sisinternational.com\/es\/pericia\/industrias\/investigacion-de-mercado-de-dispositivos-medicos\/\" title=\"Investigaci\u00f3n de mercado de dispositivos m\u00e9dicos\"  data-wpil-monitor-id=\"3177\">Medical Device Consulting<\/a> provides healthcare organizations with valuable insights into market trends, patient preferences, and technological advancements.<\/li>\n\n\n\n<li><strong>Atenci\u00f3n mejorada al paciente:<\/strong> Las tecnolog\u00edas de monitoreo de pacientes permiten a los proveedores de atenci\u00f3n m\u00e9dica monitorear los signos vitales, los s\u00edntomas y el estado de salud de los pacientes en tiempo real, lo que permite la detecci\u00f3n temprana de complicaciones e intervenciones oportunas.<\/li>\n\n\n\n<li><strong>Eficiencia operacional:<\/strong> It helps healthcare organizations optimize their patient monitoring workflows, streamline processes, and leverage <a href=\"https:\/\/www.sisinternational.com\/es\/soluciones\/investigacion-de-mercado-de-ia-y-consultoria-estrategica\/tecnologia-industria-automatizacion-inteligencia-artificial-consultoria\/\" title=\"Consultor\u00eda en Inteligencia Artificial y Automatizaci\u00f3n de la Industria Tecnol\u00f3gica\"  data-wpil-monitor-id=\"10211\">automation and digital technologies<\/a> to drive operational efficiency.<\/li>\n\n\n\n<li><strong>Cumplimiento normativo:<\/strong> Las organizaciones de atenci\u00f3n m\u00e9dica operan en un entorno altamente regulado y el an\u00e1lisis de monitoreo de pacientes ayuda a garantizar el cumplimiento de los requisitos reglamentarios.<\/li>\n<\/ul>\n\n\n\n<h2 class=\"wp-block-heading\">When to Conduct Medical Device Consulting<\/h2>\n\n\n\n<p>Determining the right timing for Medical Device Consulting is essential for maximizing its effectiveness and impact \u2013 and here are some key factors to consider:<\/p>\n\n\n\n<ul class=\"wp-block-list\">\n<li><strong>Introducci\u00f3n de Nuevas Tecnolog\u00edas:<\/strong> When healthcare organizations are considering the introduction of new patient monitoring technologies or solutions, it&#8217;s a good time to conduct market <a class=\"wpil_keyword_link\" href=\"https:\/\/www.sisinternational.com\/es\/\"   title=\"Inicio\" data-wpil-keyword-link=\"linked\"  data-wpil-monitor-id=\"583\">research and strategy<\/a> consulting. <\/li>\n\n\n\n<li><strong>Ampliaci\u00f3n de los Servicios de Monitoreo de Pacientes:<\/strong> As healthcare organizations expand their patient monitoring services to new specialties, settings, or patient populations, it&#8217;s important to <a href=\"https:\/\/www.sisinternational.com\/es\/how-to-conduct-effective-quantitative-market-research\/\" title=\"How to Conduct Effective Quantitative Market Research\"  data-wpil-monitor-id=\"10189\">conduct market research<\/a> to understand the specific needs and preferences of these target audiences. Strategy <a href=\"https:\/\/www.sisinternational.com\/es\/soluciones\/consultoria-estrategica\/consultoria-de-ejecucion-de-desarrollo-de-estrategia\/\" title=\"Consultor\u00eda en Desarrollo y Ejecuci\u00f3n de Estrategias\"  data-wpil-monitor-id=\"10202\">consulting can then help organizations develop<\/a> tailored strategies for effectively delivering patient monitoring services in these new areas.<\/li>\n\n\n\n<li><strong>Cambios regulatorios o requisitos de cumplimiento:<\/strong> Los cambios en los requisitos reglamentarios o los est\u00e1ndares de cumplimiento relacionados con la monitorizaci\u00f3n de pacientes pueden tener un impacto significativo en las organizaciones sanitarias. La investigaci\u00f3n de mercado y la consultor\u00eda estrat\u00e9gica pueden ayudar a las organizaciones a comprender las implicaciones de estos cambios, evaluar su estado de cumplimiento actual y desarrollar estrategias para lograr y mantener el cumplimiento.<\/li>\n\n\n\n<li><strong>Iniciativas de mejora del rendimiento:<\/strong> Cuando las organizaciones de atenci\u00f3n m\u00e9dica buscan mejorar el desempe\u00f1o de sus programas de monitoreo de pacientes, realizar investigaciones de mercado y consultor\u00eda estrat\u00e9gica puede proporcionar informaci\u00f3n valiosa sobre \u00e1reas de mejora.<\/li>\n\n\n\n<li><strong>Evaluaci\u00f3n de Competidores:<\/strong> Keeping a pulse on competitors&#8217; patient monitoring initiatives and strategies is <a href=\"https:\/\/www.sisinternational.com\/es\/what-to-expect-in-your-first-year-entering-a-new-market-5-essential-strategies\/\" title=\"What to Expect in Your First Year Entering a New Market: 5 Essential Strategies\"  data-wpil-monitor-id=\"10209\">essential<\/a> for staying competitive in the healthcare market. <\/li>\n<\/ul>\n\n\n\n<h2 class=\"wp-block-heading\">Expected Results from SIS\u2019s Medical Device Consulting<\/h2>\n\n\n\n<figure class=\"gb-block-image gb-block-image-40603e4c\"><img loading=\"lazy\" decoding=\"async\" width=\"1456\" height=\"816\" class=\"gb-image gb-image-40603e4c\" src=\"https:\/\/www.sisinternational.com\/wp-content\/uploads\/2025\/08\/Healthcare-6.jpg\" alt=\"Investigaci\u00f3n y estrategia de mercado internacional de SIS\" title=\"Healthcare (6)\" srcset=\"https:\/\/www.sisinternational.com\/wp-content\/uploads\/2025\/08\/Healthcare-6.jpg 1456w, https:\/\/www.sisinternational.com\/wp-content\/uploads\/2025\/08\/Healthcare-6-300x168.jpg 300w, https:\/\/www.sisinternational.com\/wp-content\/uploads\/2025\/08\/Healthcare-6-1024x574.jpg 1024w, https:\/\/www.sisinternational.com\/wp-content\/uploads\/2025\/08\/Healthcare-6-768x430.jpg 768w, https:\/\/www.sisinternational.com\/wp-content\/uploads\/2025\/08\/Healthcare-6-18x10.jpg 18w\" sizes=\"auto, (max-width: 1456px) 100vw, 1456px\"><\/figure>\n\n\n\n<p><\/p>\n\n\n\n<p>Participar en investigaci\u00f3n de mercado y consultor\u00eda estrat\u00e9gica da como resultado una variedad de resultados positivos esperados para las organizaciones de atenci\u00f3n m\u00e9dica que buscan mejorar la atenci\u00f3n al paciente y la eficiencia:<\/p>\n\n\n\n<ul class=\"wp-block-list\">\n<li><strong>Eficiencia operacional:<\/strong> Through market research and strategy consulting, healthcare organizations can identify opportunities for streamlining processes, reducing costs, and improving resource utilization in their patient monitoring programs. <\/li>\n\n\n\n<li><strong>Ventaja competitiva:<\/strong> By staying abreast of market trends, technological advancements, and competitor strategies, <a href=\"https:\/\/www.sisinternational.com\/es\/creacion-de-organos-con-impresoras-3d\/\" title=\"Creaci\u00f3n de \u00f3rganos e investigaci\u00f3n de mercado de impresoras 3D\"  data-wpil-monitor-id=\"10186\">healthcare organizations<\/a> can maintain a competitive edge in the patient monitoring market. <\/li>\n\n\n\n<li><strong>Cumplimiento normativo:<\/strong> Las organizaciones de atenci\u00f3n m\u00e9dica operan en un entorno altamente regulado, y la investigaci\u00f3n de mercado y la consultor\u00eda estrat\u00e9gica ayudan a garantizar el cumplimiento de los requisitos reglamentarios. Los consultores brindan orientaci\u00f3n sobre c\u00f3mo navegar marcos regulatorios complejos, implementar mejores pr\u00e1cticas para la seguridad y privacidad de los datos y garantizar el cumplimiento de los est\u00e1ndares y pautas de la industria.<\/li>\n<\/ul>\n\n\n\n<h2 class=\"wp-block-heading\">Principales actores del mercado de monitorizaci\u00f3n de pacientes<\/h2>\n\n\n\n<p>En el panorama en r\u00e1pida evoluci\u00f3n de la monitorizaci\u00f3n de pacientes, varios actores clave est\u00e1n impulsando la innovaci\u00f3n y dando forma a la industria. Estas empresas ofrecen una amplia gama de soluciones y tecnolog\u00edas de monitorizaci\u00f3n de pacientes, que satisfacen las diversas necesidades de las organizaciones sanitarias de todo el mundo.<\/p>\n\n\n\n<ul class=\"wp-block-list\">\n<li><strong>Atenci\u00f3n sanitaria de Philips:<\/strong> Philips Healthcare es un l\u00edder mundial en tecnolog\u00eda sanitaria y ofrece una cartera completa de soluciones de monitorizaci\u00f3n de pacientes, que incluyen monitores de cabecera, dispositivos port\u00e1tiles y plataformas de monitorizaci\u00f3n remota.<\/li>\n\n\n\n<li><strong>Medtronic:<\/strong> Medtronic is a leading medical device company that offers a range of patient monitoring solutions, including cardiac monitors, respiratory monitors, and glucose monitoring systems. <\/li>\n\n\n\n<li><strong>Atenci\u00f3n m\u00e9dica de GE:<\/strong> GE Healthcare es un actor destacado en el mercado de monitorizaci\u00f3n de pacientes y ofrece una amplia gama de soluciones de monitorizaci\u00f3n para entornos de cuidados cr\u00edticos, anestesia y cuidados perioperatorios.<\/li>\n\n\n\n<li><strong>Sanitarios Siemens:<\/strong> Siemens Healthineers ofrece una cartera completa de soluciones de monitorizaci\u00f3n de pacientes, incluidos monitores multiparam\u00e9tricos, sistemas de telemetr\u00eda y estaciones centrales de monitorizaci\u00f3n. Sus productos est\u00e1n dise\u00f1ados para satisfacer las diversas necesidades de las organizaciones de atenci\u00f3n m\u00e9dica, desde peque\u00f1as cl\u00ednicas hasta grandes hospitales, y son conocidos por su confiabilidad, precisi\u00f3n e interoperabilidad.<\/li>\n\n\n\n<li><strong>Nihon Kohden:<\/strong> Nihon Kohden es un l\u00edder mundial en soluciones de diagn\u00f3stico y monitorizaci\u00f3n de pacientes y ofrece una amplia gama de monitores, sensores y accesorios para aplicaciones de monitorizaci\u00f3n remota y junto a la cama.<\/li>\n<\/ul>\n\n\n\n<h2 class=\"wp-block-heading\">How SIS International\u2019s Medical Device Consulting Helps Businesses<\/h2>\n\n\n\n<p>En SIS International, entendemos la importancia cr\u00edtica de la monitorizaci\u00f3n de pacientes en la prestaci\u00f3n de atenci\u00f3n sanitaria moderna. Nuestro enfoque para la investigaci\u00f3n de mercado y la consultor\u00eda estrat\u00e9gica de monitoreo de pacientes se basa en un profundo conocimiento de la industria de la salud, metodolog\u00edas de investigaci\u00f3n de vanguardia y el compromiso de brindar conocimientos pr\u00e1cticos que impulsen resultados. As\u00ed es como abordamos la investigaci\u00f3n de mercado y la consultor\u00eda estrat\u00e9gica sobre monitorizaci\u00f3n de pacientes:<\/p>\n\n\n\n<ul class=\"wp-block-list\">\n<li><strong>An\u00e1lisis integral del mercado:<\/strong> We begin by conducting a comprehensive analysis of the patient monitoring market landscape, including market size, growth trends, competitive dynamics, and regulatory environment. <\/li>\n\n\n\n<li><strong>Soluciones de investigaci\u00f3n personalizadas:<\/strong> We work closely with our clients to develop customized research solutions tailored to their specific needs and objectives. Whether it&#8217;s exploring market trends, evaluating new technologies, or understanding patient preferences, our research methodologies are designed to provide <a href=\"https:\/\/www.sisinternational.com\/es\/b2b\/\" title=\"Cost-Effective and Actionable Insights to Drive Your Next Strategic Move\"  data-wpil-monitor-id=\"10195\">actionable insights that inform strategic<\/a> decision-making and drive business success.<\/li>\n\n\n\n<li><strong>Planificaci\u00f3n e implementaci\u00f3n estrat\u00e9gica:<\/strong> Building on the <a href=\"https:\/\/www.sisinternational.com\/es\/estudio-de-caso-de-sis-sobre-informacion-sobre-tiendas-en-todo-el-mundo\/\" title=\"Informaci\u00f3n sobre los compradores en la tienda: estudio de caso de investigaci\u00f3n de mercado\"  data-wpil-monitor-id=\"10198\">insights gained from our market research<\/a>, we collaborate with our clients to develop strategic plans and implementation strategies for patient monitoring initiatives. From identifying target <a href=\"https:\/\/www.sisinternational.com\/es\/pericia\/curriculums-de-experiencia\/estudio-de-mercado-de-productos-de-cuidado-personal\/\" title=\"Investigaci\u00f3n de mercado de productos de cuidado personal\"  data-wpil-monitor-id=\"10206\">markets and customer segments to defining product<\/a> positioning and go-to-market strategies, we help our clients develop a roadmap for success in the competitive patient monitoring landscape.<\/li>\n\n\n\n<li><strong>Monitoreo y optimizaci\u00f3n continuos:<\/strong> Nuestro compromiso con el \u00e9xito del cliente no termina con la entrega de resultados de investigaci\u00f3n y recomendaciones estrat\u00e9gicas. Brindamos apoyo y orientaci\u00f3n continuos para ayudar a nuestros clientes a navegar por las complejidades del mercado de monitoreo de pacientes, monitorear la din\u00e1mica del mercado y optimizar sus estrategias a lo largo del tiempo.<\/li>\n<\/ul>\n\n\n\n<p><\/p>","protected":false},"excerpt":{"rendered":"<p>La investigaci\u00f3n de mercado y la consultor\u00eda estrat\u00e9gica sobre monitorizaci\u00f3n de pacientes tienen como objetivo maximizar la eficacia de la monitorizaci\u00f3n de pacientes.<\/p>","protected":false},"author":1,"featured_media":62420,"parent":14567,"menu_order":46,"comment_status":"closed","ping_status":"closed","template":"","meta":{"footnotes":""},"class_list":["post-46896","page","type-page","status-publish","has-post-thumbnail"],"_links":{"self":[{"href":"https:\/\/www.sisinternational.com\/es\/wp-json\/wp\/v2\/pages\/46896","targetHints":{"allow":["GET"]}}],"collection":[{"href":"https:\/\/www.sisinternational.com\/es\/wp-json\/wp\/v2\/pages"}],"about":[{"href":"https:\/\/www.sisinternational.com\/es\/wp-json\/wp\/v2\/types\/page"}],"author":[{"embeddable":true,"href":"https:\/\/www.sisinternational.com\/es\/wp-json\/wp\/v2\/users\/1"}],"replies":[{"embeddable":true,"href":"https:\/\/www.sisinternational.com\/es\/wp-json\/wp\/v2\/comments?post=46896"}],"version-history":[{"count":12,"href":"https:\/\/www.sisinternational.com\/es\/wp-json\/wp\/v2\/pages\/46896\/revisions"}],"predecessor-version":[{"id":81687,"href":"https:\/\/www.sisinternational.com\/es\/wp-json\/wp\/v2\/pages\/46896\/revisions\/81687"}],"up":[{"embeddable":true,"href":"https:\/\/www.sisinternational.com\/es\/wp-json\/wp\/v2\/pages\/14567"}],"wp:featuredmedia":[{"embeddable":true,"href":"https:\/\/www.sisinternational.com\/es\/wp-json\/wp\/v2\/media\/62420"}],"wp:attachment":[{"href":"https:\/\/www.sisinternational.com\/es\/wp-json\/wp\/v2\/media?parent=46896"}],"curies":[{"name":"wp","href":"https:\/\/api.w.org\/{rel}","templated":true}]}}