{"id":46852,"date":"2024-03-14T16:50:59","date_gmt":"2024-03-14T20:50:59","guid":{"rendered":"https:\/\/www.sisinternational.com\/?page_id=46852"},"modified":"2026-01-27T16:34:38","modified_gmt":"2026-01-27T21:34:38","slug":"kit-de-herramientas-de-marketing-de-marca-investigacion-de-mercado","status":"publish","type":"page","link":"https:\/\/www.sisinternational.com\/es\/soluciones\/kit-de-herramientas-de-marketing-de-marca-investigacion-de-mercado\/","title":{"rendered":"Kit de herramientas de marketing de marca Estudio de mercado"},"content":{"rendered":"<h1 class=\"gb-headline gb-headline-3679b421 gb-headline-text\">Kit de herramientas de marketing de marca Estudio de mercado<\/h1>\n\n\n\n<figure class=\"gb-block-image gb-block-image-cd310f57\"><img loading=\"lazy\" decoding=\"async\" width=\"1456\" height=\"816\" class=\"gb-image gb-image-cd310f57\" src=\"https:\/\/www.sisinternational.com\/wp-content\/uploads\/2025\/09\/Branding-1.jpg\" alt=\"Investigaci\u00f3n y estrategia de mercado internacional de SIS\" title=\"Branding (1)\" srcset=\"https:\/\/www.sisinternational.com\/wp-content\/uploads\/2025\/09\/Branding-1.jpg 1456w, https:\/\/www.sisinternational.com\/wp-content\/uploads\/2025\/09\/Branding-1-300x168.jpg 300w, https:\/\/www.sisinternational.com\/wp-content\/uploads\/2025\/09\/Branding-1-1024x574.jpg 1024w, https:\/\/www.sisinternational.com\/wp-content\/uploads\/2025\/09\/Branding-1-768x430.jpg 768w, https:\/\/www.sisinternational.com\/wp-content\/uploads\/2025\/09\/Branding-1-18x10.jpg 18w\" sizes=\"auto, (max-width: 1456px) 100vw, 1456px\"><\/figure>\n\n\n\n<p><\/p>\n\n\n\n<hr class=\"wp-block-separator has-alpha-channel-opacity is-style-dots\"\/>\n\n\n\n<p class=\"p1\">En el panorama en constante evoluci\u00f3n del marketing de marca, tener las herramientas adecuadas a su disposici\u00f3n puede marcar la diferencia entre el \u00e9xito y el estancamiento... Pero, \u00bfc\u00f3mo pueden las empresas asegurarse de tener el conjunto de herramientas adecuado para comercializar su marca de manera efectiva en el entorno competitivo actual? El \u00e1mbito de la investigaci\u00f3n de mercado del kit de herramientas de marketing de marca revela conocimientos y estrategias cruciales para las empresas que buscan amplificar la presencia y el compromiso de su marca.<\/p>\n\n\n\n<h2 class=\"wp-block-heading\">Comprensi\u00f3n de la investigaci\u00f3n de mercado del kit de herramientas de marketing de marca<\/h2>\n\n\n\n<p>Brand marketing toolkit market research involves a comprehensive analysis of businesses&#8217; tools, strategies, and tactics to promote their brand effectively.&nbsp;This research explores how different tools and strategies within the toolkit complement each other and contribute to overarching brand objectives.<\/p>\n\n\n\n<p>Particularly, it identifies emerging trends, innovative technologies, and best practices in brand marketing, helping businesses stay ahead of the curve and adapt their toolkit to evolving consumer behaviors and market dynamics.<\/p>\n\n\n\n<h2 class=\"wp-block-heading\">Importancia de la investigaci\u00f3n de mercado del kit de herramientas de marketing de marca<\/h2>\n\n\n\n<figure class=\"gb-block-image gb-block-image-af9dc150\"><img loading=\"lazy\" decoding=\"async\" width=\"1456\" height=\"816\" class=\"gb-image gb-image-af9dc150\" src=\"https:\/\/www.sisinternational.com\/wp-content\/uploads\/2025\/09\/Branding-3.jpg\" alt=\"Investigaci\u00f3n y estrategia de mercado internacional de SIS\" title=\"Branding (3)\" srcset=\"https:\/\/www.sisinternational.com\/wp-content\/uploads\/2025\/09\/Branding-3.jpg 1456w, https:\/\/www.sisinternational.com\/wp-content\/uploads\/2025\/09\/Branding-3-300x168.jpg 300w, https:\/\/www.sisinternational.com\/wp-content\/uploads\/2025\/09\/Branding-3-1024x574.jpg 1024w, https:\/\/www.sisinternational.com\/wp-content\/uploads\/2025\/09\/Branding-3-768x430.jpg 768w, https:\/\/www.sisinternational.com\/wp-content\/uploads\/2025\/09\/Branding-3-18x10.jpg 18w\" sizes=\"auto, (max-width: 1456px) 100vw, 1456px\"><\/figure>\n\n\n\n<p><\/p>\n\n\n\n<p>This market research provides valuable insights into consumer preferences, market trends, and competitor strategies, enabling businesses to make informed decisions about their brand marketing toolkit.&nbsp;Moreover, <a href=\"https:\/\/www.sisinternational.com\/es\/garantizar-que-los-clientes-recuerden-su-mensaje\/\" title=\"Investigaci\u00f3n de Mercado de Activaci\u00f3n de Marca\"  data-wpil-monitor-id=\"2275\">kit de herramientas de marketing de marca investigaci\u00f3n de mercado<\/a> helps businesses identify the most cost-effective and high-impact tools and channels for reaching their target audience.&nbsp;<\/p>\n\n\n\n<p>Asimismo, ayuda a las empresas a identificar tendencias, tecnolog\u00edas y mejores pr\u00e1cticas emergentes en marketing de marca, lo que les permite mantenerse a la vanguardia y diferenciarse de la competencia. Sin embargo, esta investigaci\u00f3n de mercado aporta muchos otros beneficios para las empresas, entre ellos:<\/p>\n\n\n\n<ul class=\"wp-block-list\">\n<li><strong>Toma de decisiones informada:<\/strong> <a href=\"https:\/\/www.sisinternational.com\/es\/investigacion-de-marca-sis-y-fidelizacion-de-clientes\/\" title=\"Investigaci\u00f3n de mercado de marca y fidelizaci\u00f3n de clientes\"  data-wpil-monitor-id=\"2512\">Brand marketing toolkit market research<\/a> provides businesses with actionable insights into consumer preferences, market trends, and competitor strategies, enabling them to make informed decisions about their brand marketing toolkit.<\/li>\n\n\n\n<li><strong>Asignaci\u00f3n de recursos optimizada:<\/strong> Al identificar las herramientas y canales m\u00e1s rentables y de alto impacto para llegar a su p\u00fablico objetivo, las empresas pueden optimizar su presupuesto de marketing y lograr mejores resultados con menos inversi\u00f3n.<\/li>\n\n\n\n<li><strong>Enhanced <\/strong><a href=\"https:\/\/www.sisinternational.com\/es\/corte-fino-en-marketing-una-revision-de-parpadeo\/\" title=\"Rebanadas finas en marketing: rese\u00f1a del libro &quot;Blink&quot;\"  data-wpil-monitor-id=\"1631\">Brand Visibility and Engagement: Market<\/a> research helps businesses understand which tools and channels are most effective at reaching and engaging their audience, allowing them to tailor their toolkit to maximize brand exposure and interaction.<\/li>\n\n\n\n<li><strong>Resultados mensurables:<\/strong> Proporciona a las empresas datos e ideas valiosas para medir y monitorear el desempe\u00f1o de sus esfuerzos de marketing de marca. Al realizar un seguimiento de m\u00e9tricas clave como el conocimiento de la marca, la participaci\u00f3n del cliente y las tasas de conversi\u00f3n, las empresas pueden evaluar la eficacia de su conjunto de herramientas y realizar los ajustes necesarios para optimizar el rendimiento.<\/li>\n<\/ul>\n\n\n\n<h2 class=\"wp-block-heading\">\u00bfQui\u00e9n utiliza la investigaci\u00f3n de mercado del kit de herramientas de marketing de marca?<\/h2>\n\n\n\n<p><strong>Marketing Professionals<\/strong> are central in leveraging <a href=\"https:\/\/www.sisinternational.com\/es\/mercado-de-publicidad-digital\/\" title=\"Marketing y publicidad en la era digital\"  data-wpil-monitor-id=\"1829\">brand<\/a> marketing toolkit market research to develop and execute effective marketing strategies. By understanding consumer preferences, market trends, and competitor strategies, marketing professionals can tailor their toolkit to maximize brand visibility, engagement, and conversion.<\/p>\n\n\n\n<p>Similarmente, <strong>Brand Managers<\/strong> provide brand managers with insights into the most effective tools and strategies for promoting their brand, allowing them to make informed decisions about brand messaging, creative assets, and marketing channels.<\/p>\n\n\n\n<p>Adem\u00e1s, <strong>Advertising Agencies<\/strong> leverage market research to deepen consumer preferences, market dynamics, and competitor strategies, enabling them to develop compelling campaigns that drive brand awareness, engagement, and loyalty. <strong>Product Managers<\/strong> also use <a href=\"https:\/\/www.sisinternational.com\/es\/soluciones\/soluciones-de-branding-e-investigacion-de-clientes\/investigacion-de-mercado-de-diferenciacion-de-marca\/\" title=\"Investigaci\u00f3n de Mercado de Diferenciaci\u00f3n de Marca\"  data-wpil-monitor-id=\"2846\">kit de herramientas de marketing de marca investigaci\u00f3n de mercado<\/a> to identify the most effective tools and strategies for promoting their products, enabling them to optimize product positioning, messaging, and distribution channels to maximize sales and market share.<\/p>\n\n\n\n<h2 class=\"wp-block-heading\">Resultados esperados de la investigaci\u00f3n de mercado del kit de herramientas de marketing de marca de SIS<\/h2>\n\n\n\n<figure class=\"gb-block-image gb-block-image-2b862c5a\"><img loading=\"lazy\" decoding=\"async\" width=\"1456\" height=\"816\" class=\"gb-image gb-image-2b862c5a\" src=\"https:\/\/www.sisinternational.com\/wp-content\/uploads\/2025\/09\/Branding-4.jpg\" alt=\"Investigaci\u00f3n y estrategia de mercado internacional de SIS\" title=\"Branding (4)\" srcset=\"https:\/\/www.sisinternational.com\/wp-content\/uploads\/2025\/09\/Branding-4.jpg 1456w, https:\/\/www.sisinternational.com\/wp-content\/uploads\/2025\/09\/Branding-4-300x168.jpg 300w, https:\/\/www.sisinternational.com\/wp-content\/uploads\/2025\/09\/Branding-4-1024x574.jpg 1024w, https:\/\/www.sisinternational.com\/wp-content\/uploads\/2025\/09\/Branding-4-768x430.jpg 768w, https:\/\/www.sisinternational.com\/wp-content\/uploads\/2025\/09\/Branding-4-18x10.jpg 18w\" sizes=\"auto, (max-width: 1456px) 100vw, 1456px\"><\/figure>\n\n\n\n<p><\/p>\n\n\n\n<p>Implementing a comprehensive <a href=\"https:\/\/www.sisinternational.com\/es\/pericia\/industrias\/investigacion-de-mercado-para-marcas-antiguas\/\" title=\"Investigaci\u00f3n de mercado para marcas antiguas\"  data-wpil-monitor-id=\"3702\">kit de herramientas de marketing de marca investigaci\u00f3n de mercado<\/a> can lead to a range of positive outcomes for businesses \u2013 and here are some expected results that businesses can anticipate from utilizing our brand marketing toolkit:<\/p>\n\n\n\n<ul class=\"wp-block-list\">\n<li><strong>Compromiso del cliente mejorado:<\/strong> Las t\u00e1cticas de marketing atractivas y el contenido atractivo pueden fomentar conexiones m\u00e1s profundas con los clientes, lo que lleva a una mayor participaci\u00f3n. Las campa\u00f1as interactivas, los mensajes personalizados y las iniciativas de creaci\u00f3n de comunidades pueden alentar a los clientes a interactuar con la marca, participar en conversaciones y compartir sus experiencias con otros, fortaleciendo en \u00faltima instancia la lealtad y la promoci\u00f3n de la marca.<\/li>\n\n\n\n<li><strong>Percepci\u00f3n de marca mejorada:<\/strong> Un conjunto de herramientas de marketing de marca bien ejecutado puede moldear las percepciones de los consumidores sobre la marca, posicion\u00e1ndola como una opci\u00f3n respetable, confiable y deseable dentro del mercado. Una marca coherente, una narraci\u00f3n convincente y experiencias de marca positivas pueden contribuir a una imagen de marca favorable, a la diferenciaci\u00f3n de la competencia y a un mayor valor percibido entre los clientes.<\/li>\n\n\n\n<li><strong>Mayor adquisici\u00f3n de clientes:<\/strong> Las estrategias de marketing eficaces y las campa\u00f1as espec\u00edficas pueden atraer nuevos clientes a la marca, ampliar su base de clientes e impulsar el crecimiento de los ingresos. Al identificar y llegar a clientes potenciales a trav\u00e9s de diversos canales de marketing, las empresas pueden generar clientes potenciales, fomentar relaciones y convertir clientes potenciales en clientes de pago, lo que en \u00faltima instancia aumenta las ventas y la participaci\u00f3n de mercado.<\/li>\n\n\n\n<li><strong>Mayor retenci\u00f3n de clientes:<\/strong> Building strong relationships with existing customers is essential for fostering loyalty and maximizing customer lifetime value. A comprehensive <a href=\"https:\/\/www.sisinternational.com\/es\/marketing-de-fidelizacion\/\" title=\"Investigaci\u00f3n de mercado de fidelizaci\u00f3n\"  data-wpil-monitor-id=\"2007\">kit de herramientas de marketing de marca investigaci\u00f3n de mercado<\/a> can include retention strategies such as loyalty programs, personalized communication, and exceptional customer service, which can help businesses retain customers, reduce churn, and encourage repeat purchases over time.<\/li>\n<\/ul>\n\n\n\n<h2 class=\"wp-block-heading\">Oportunidades<\/h2>\n\n\n\n<p>Engaging in <a href=\"https:\/\/www.sisinternational.com\/es\/pericia\/industrias\/investigacion-de-mercado-de-marca\/\" title=\"Investigaci\u00f3n de mercado de marca\"  data-wpil-monitor-id=\"6730\">brand<\/a> marketing toolkit market research presents several opportunities for businesses to enhance their marketing strategies and achieve their brand objectives:<\/p>\n\n\n\n<ul class=\"wp-block-list\">\n<li><strong>Optimizaci\u00f3n de canales de marketing:<\/strong> Through market research, businesses can determine which marketing channels and tactics are most effective at reaching their target audience.&nbsp;<\/li>\n\n\n\n<li><strong>Mejorar el posicionamiento del producto:<\/strong> This market research can help businesses understand how their products are perceived in the market and identify opportunities for improvement.&nbsp;<\/li>\n\n\n\n<li><strong>Expandi\u00e9ndose a nuevos mercados:<\/strong> Market research enables businesses to assess the feasibility of expanding into new geographic regions or target demographics.&nbsp;<\/li>\n<\/ul>\n\n\n\n<h2 class=\"wp-block-heading\">Desaf\u00edos<\/h2>\n\n\n\n<figure class=\"gb-block-image gb-block-image-32d273f5\"><img loading=\"lazy\" decoding=\"async\" width=\"1456\" height=\"816\" class=\"gb-image gb-image-32d273f5\" src=\"https:\/\/www.sisinternational.com\/wp-content\/uploads\/2025\/09\/Branding-5.jpg\" alt=\"Investigaci\u00f3n y estrategia de mercado internacional de SIS\" title=\"Branding (5)\" srcset=\"https:\/\/www.sisinternational.com\/wp-content\/uploads\/2025\/09\/Branding-5.jpg 1456w, https:\/\/www.sisinternational.com\/wp-content\/uploads\/2025\/09\/Branding-5-300x168.jpg 300w, https:\/\/www.sisinternational.com\/wp-content\/uploads\/2025\/09\/Branding-5-1024x574.jpg 1024w, https:\/\/www.sisinternational.com\/wp-content\/uploads\/2025\/09\/Branding-5-768x430.jpg 768w, https:\/\/www.sisinternational.com\/wp-content\/uploads\/2025\/09\/Branding-5-18x10.jpg 18w\" sizes=\"auto, (max-width: 1456px) 100vw, 1456px\"><\/figure>\n\n\n\n<p><\/p>\n\n\n\n<p>Mientras <a href=\"https:\/\/www.sisinternational.com\/es\/que-son-las-relaciones-publicas\/\" title=\"Relaciones P\u00fablicas e Investigaci\u00f3n de Mercados\"  data-wpil-monitor-id=\"7411\">kit de herramientas de marketing de marca investigaci\u00f3n de mercado<\/a> offers numerous benefits, businesses may also encounter several challenges along the way, including:<\/p>\n\n\n\n<ul class=\"wp-block-list\">\n<li><strong>Sobrecarga de datos:<\/strong> Con abundantes datos de diversas fuentes, las empresas pueden tener dificultades para filtrar el ruido y extraer informaci\u00f3n \u00fatil. Gestionar y analizar grandes vol\u00famenes de datos puede consumir mucho tiempo y recursos, y requiere experiencia y herramientas anal\u00edticas avanzadas.<\/li>\n\n\n\n<li><strong>Cambiando el comportamiento del consumidor:<\/strong> El comportamiento del consumidor evoluciona constantemente, impulsado por avances tecnol\u00f3gicos, cambios culturales y cambios econ\u00f3micos. Mantener el ritmo de estos cambios y comprender sus implicaciones para el marketing de marca puede ser un desaf\u00edo, lo que requiere que las empresas monitoreen continuamente las tendencias y adapten sus estrategias.<\/li>\n\n\n\n<li><strong>Integraci\u00f3n y Coordinaci\u00f3n:<\/strong> Un conjunto de herramientas de marketing de marca exitoso requiere coordinaci\u00f3n e integraci\u00f3n entre varios departamentos y funciones de la organizaci\u00f3n. Garantizar la alineaci\u00f3n entre marketing, ventas, desarrollo de productos y otros equipos puede resultar un desaf\u00edo, especialmente en organizaciones m\u00e1s grandes con estructuras complejas y prioridades contrapuestas.<\/li>\n<\/ul>\n\n\n\n<h2 class=\"wp-block-heading\">C\u00f3mo la investigaci\u00f3n de mercado del kit de herramientas de marketing de marca de SIS International ayuda a las empresas<\/h2>\n\n\n\n<p>En <a href=\"https:\/\/www.linkedin.com\/company\/sisinternationalresearch\/\" target=\"_blank\" rel=\"noopener\">SIS Internacional<\/a>, we distinguish ourselves in brand marketing toolkit market research through our commitment to delivering actionable insights, customized solutions, and exceptional client service. Here are some key factors that set us apart:<\/p>\n\n\n\n<ul class=\"wp-block-list\">\n<li><strong>Acercamiento estrat\u00e9gico:<\/strong> We take a strategic approach to brand marketing toolkit market research, focusing on understanding our clients&#8217; business objectives, target audience, and competitive landscape.&nbsp;<\/li>\n\n\n\n<li><strong>Soluciones personalizadas:<\/strong> Entendemos que cada negocio es \u00fanico y que se necesitan m\u00e1s de soluciones \u00fanicas para todos. Es por eso que adaptamos nuestras metodolog\u00edas de investigaci\u00f3n, herramientas y entregables para satisfacer las necesidades y objetivos espec\u00edficos de cada cliente.<\/li>\n\n\n\n<li><strong>Conocimientos y experiencia:<\/strong> Con d\u00e9cadas de experiencia en investigaci\u00f3n de mercado y consultor\u00eda estrat\u00e9gica, nuestro equipo de expertos aporta una gran cantidad de conocimientos y experiencia a cada proyecto. Desde veteranos de la industria hasta especialistas en la materia, los miembros de nuestro equipo poseen las habilidades y los conocimientos para abordar incluso los desaf\u00edos de investigaci\u00f3n m\u00e1s complejos y ofrecer resultados impactantes.<\/li>\n\n\n\n<li><strong>Alcance global:<\/strong> With a global network of offices and partners spanning six continents, we have the reach and capabilities to conduct <a href=\"https:\/\/www.sisinternational.com\/es\/pericia\/investigacion-de-mercado-de-productos-quimicos-a-granel\/\" title=\"Investigaci\u00f3n de mercado de productos qu\u00edmicos a granel\" data-wpil-monitor-id=\"2132\">research in markets<\/a> worldwide.&nbsp;<\/li>\n\n\n\n<li><strong>An\u00e1lisis avanzado:<\/strong> Aprovechamos herramientas y metodolog\u00edas de an\u00e1lisis avanzadas para extraer informaci\u00f3n significativa de conjuntos de datos complejos. Desde modelos predictivos y an\u00e1lisis de segmentaci\u00f3n hasta an\u00e1lisis de sentimientos y visualizaci\u00f3n de datos, empleamos t\u00e9cnicas de vanguardia para descubrir patrones, tendencias y correlaciones ocultos que impulsan la toma de decisiones estrat\u00e9gicas.<\/li>\n<\/ul>\n\n\n\n<h2 class=\"wp-block-heading\">Nuestra ubicaci\u00f3n de instalaciones en Nueva York<\/h2>\n\n\n\n<p>\n\n\n\n<iframe loading=\"lazy\" src=\"https:\/\/www.google.com\/maps\/embed?pb=!1m18!1m12!1m3!1d3022.976188376966!2d-73.99130312499956!3d40.740549471389315!2m3!1f0!2f0!3f0!3m2!1i1024!2i768!4f13.1!3m3!1m2!1s0x89c259a15798c731%3A0xd695d09bdd495f25!2s11%20E%2022nd%20St%20FL%202%2C%20New%20York%2C%20NY%2010010%2C%20USA!5e0!3m2!1sen!2spe!4v1726171763526!5m2!1sen!2spe\" width=\"600\" height=\"450\" allowfullscreen=\"allowfullscreen\" data-mce-fragment=\"1\"><\/iframe>\n\n\n\n<\/p>\n\n\n\n<h3 class=\"wp-block-heading\">11 E 22nd Street, piso 2, Nueva York, NY 10010 T: +1(212) 505-6805<\/h3>\n\n\n\n<hr class=\"wp-block-separator has-alpha-channel-opacity\"\/>\n\n\n\n<h2 class=\"wp-block-heading\"><span style=\"font-weight: 400;\">Acerca de SIS Internacional<\/span><\/h2>\n\n\n\n<p><a href=\"https:\/\/www.sisinternational.com\/es\/\"><span style=\"font-weight: 400;\">SIS Internacional<\/span><\/a><span style=\"font-weight: 400;\"> ofrece investigaci\u00f3n cuantitativa, cualitativa y estrat\u00e9gica. Proporcionamos datos, herramientas, estrategias, informes y conocimientos para la toma de decisiones. Tambi\u00e9n realizamos entrevistas, encuestas, grupos focales y otros m\u00e9todos y enfoques de investigaci\u00f3n de mercado.<\/span><a href=\"https:\/\/www.sisinternational.com\/es\/sobre-la-investigacion-internacional-de-sis\/contact-sis-international-market-research\/\"><span style=\"font-weight: 400;\"> P\u00f3ngase en contacto con nosotros<\/span><\/a><span style=\"font-weight: 400;\"> para su pr\u00f3ximo proyecto de Investigaci\u00f3n de Mercado.<\/span><\/p>\n\n\n\n<p><\/p>","protected":false},"excerpt":{"rendered":"<p>El estudio de mercado del kit de herramientas de marketing de marca implica el an\u00e1lisis de herramientas, estrategias y t\u00e1cticas para promocionar la marca con eficacia.<\/p>","protected":false},"author":1,"featured_media":69130,"parent":14457,"menu_order":30,"comment_status":"closed","ping_status":"closed","template":"","meta":{"footnotes":""},"class_list":["post-46852","page","type-page","status-publish","has-post-thumbnail"],"_links":{"self":[{"href":"https:\/\/www.sisinternational.com\/es\/wp-json\/wp\/v2\/pages\/46852","targetHints":{"allow":["GET"]}}],"collection":[{"href":"https:\/\/www.sisinternational.com\/es\/wp-json\/wp\/v2\/pages"}],"about":[{"href":"https:\/\/www.sisinternational.com\/es\/wp-json\/wp\/v2\/types\/page"}],"author":[{"embeddable":true,"href":"https:\/\/www.sisinternational.com\/es\/wp-json\/wp\/v2\/users\/1"}],"replies":[{"embeddable":true,"href":"https:\/\/www.sisinternational.com\/es\/wp-json\/wp\/v2\/comments?post=46852"}],"version-history":[{"count":23,"href":"https:\/\/www.sisinternational.com\/es\/wp-json\/wp\/v2\/pages\/46852\/revisions"}],"predecessor-version":[{"id":81054,"href":"https:\/\/www.sisinternational.com\/es\/wp-json\/wp\/v2\/pages\/46852\/revisions\/81054"}],"up":[{"embeddable":true,"href":"https:\/\/www.sisinternational.com\/es\/wp-json\/wp\/v2\/pages\/14457"}],"wp:featuredmedia":[{"embeddable":true,"href":"https:\/\/www.sisinternational.com\/es\/wp-json\/wp\/v2\/media\/69130"}],"wp:attachment":[{"href":"https:\/\/www.sisinternational.com\/es\/wp-json\/wp\/v2\/media?parent=46852"}],"curies":[{"name":"wp","href":"https:\/\/api.w.org\/{rel}","templated":true}]}}