{"id":46834,"date":"2024-03-14T16:54:14","date_gmt":"2024-03-14T20:54:14","guid":{"rendered":"https:\/\/www.sisinternational.com\/?page_id=46834"},"modified":"2026-01-26T18:00:00","modified_gmt":"2026-01-26T23:00:00","slug":"investigacion-de-mercado-de-transformacion-empresarial","status":"publish","type":"page","link":"https:\/\/www.sisinternational.com\/es\/soluciones\/investigacion-de-mercado-de-transformacion-empresarial\/","title":{"rendered":"Estudio de mercado de la transformaci\u00f3n empresarial"},"content":{"rendered":"<h1 class=\"wp-block-heading p1\">Estudio de mercado de la transformaci\u00f3n empresarial<\/h1>\n\n\n\n<figure class=\"gb-block-image gb-block-image-3771b415\"><img loading=\"lazy\" decoding=\"async\" width=\"1024\" height=\"574\" class=\"gb-image gb-image-3771b415\" src=\"https:\/\/www.sisinternational.com\/wp-content\/uploads\/2025\/08\/Global-1-2-1024x574.jpg\" alt=\"Investigaci\u00f3n y estrategia de mercado internacional de SIS\" title=\"Global 1 (2)\" srcset=\"https:\/\/www.sisinternational.com\/wp-content\/uploads\/2025\/08\/Global-1-2-1024x574.jpg 1024w, https:\/\/www.sisinternational.com\/wp-content\/uploads\/2025\/08\/Global-1-2-300x168.jpg 300w, https:\/\/www.sisinternational.com\/wp-content\/uploads\/2025\/08\/Global-1-2-768x430.jpg 768w, https:\/\/www.sisinternational.com\/wp-content\/uploads\/2025\/08\/Global-1-2-18x10.jpg 18w, https:\/\/www.sisinternational.com\/wp-content\/uploads\/2025\/08\/Global-1-2.jpg 1456w\" sizes=\"auto, (max-width: 1024px) 100vw, 1024px\"><\/figure>\n\n\n\n<p><\/p>\n\n\n\n<hr class=\"wp-block-separator has-alpha-channel-opacity is-style-dots\"\/>\n\n\n\n<p>En un panorama empresarial en r\u00e1pida evoluci\u00f3n, la adaptaci\u00f3n es un requisito crucial para la supervivencia, y la investigaci\u00f3n de mercado de transformaci\u00f3n empresarial ayuda a las empresas a prosperar en medio del cambio... Entonces, \u00bfc\u00f3mo pueden las organizaciones aprovechar el poder de los datos y los conocimientos para impulsar transformaciones exitosas y emerger como l\u00edderes de la industria? El viaje comienza con la comprensi\u00f3n de la esencia de la investigaci\u00f3n de mercado de transformaci\u00f3n empresarial.<\/p>\n\n\n\n<h2 class=\"wp-block-heading\">\u00bfQu\u00e9 es la investigaci\u00f3n de mercado de transformaci\u00f3n empresarial?<\/h2>\n\n\n\n<p>Business transformation market research systematically examines market dynamics, industry trends, and organizational capabilities to drive strategic change initiatives. It involves gathering comprehensive data and insights to inform decision-making processes to reshape business models, processes, and strategies. This <a href=\"https:\/\/www.sisinternational.com\/es\/pericia\/investigacion-de-mercado-de-productos-quimicos-a-granel\/\" title=\"Investigaci\u00f3n de mercado de productos qu\u00edmicos a granel\"  data-wpil-monitor-id=\"2133\">research goes beyond traditional market<\/a> analysis, focusing on the holistic transformation of an organization to adapt to changing market conditions, technological advancements, and customer expectations.<\/p>\n\n\n\n<h2 class=\"wp-block-heading\">Importancia de la investigaci\u00f3n de mercado de transformaci\u00f3n empresarial<\/h2>\n\n\n\n<p><a href=\"https:\/\/www.sisinternational.com\/es\/dia-de-san-valentin-como-tu-empresa-puede-sentir-el-amor\/\" title=\"Investigaci\u00f3n de mercado del d\u00eda de San Valent\u00edn: c\u00f3mo su empresa puede sentir el amor\"  data-wpil-monitor-id=\"3574\">Business transformation market research<\/a> enables organizations to anticipate market shifts, technological advancements, and emerging trends, empowering them to adapt proactively and stay ahead of the curve. <\/p>\n\n\n\n<p>Adem\u00e1s, esta investigaci\u00f3n de mercado ayuda a las organizaciones a identificar riesgos y desaf\u00edos potenciales desde el principio, lo que les permite desarrollar planes de contingencia y mitigar posibles obst\u00e1culos. Asimismo, la investigaci\u00f3n de mercado proporciona la base para la innovaci\u00f3n, permitiendo a las organizaciones crear propuestas de valor \u00fanicas y mantener una ventaja competitiva en el mercado.<\/p>\n\n\n\n<p>Sin embargo, presenta muchos otros beneficios para las empresas, que incluyen:<\/p>\n\n\n\n<ul class=\"wp-block-list\">\n<li><strong>Toma de decisiones informada:<\/strong> <a href=\"https:\/\/www.sisinternational.com\/es\/resistencia-de-las-empresas-coronavirus\/\" title=\"Estudio de mercado de la resiliencia empresarial en Covid\"  data-wpil-monitor-id=\"3624\">Business transformation market research<\/a> provides organizations with valuable insights into market trends, customer preferences, and competitive landscapes.<\/li>\n\n\n\n<li><strong>Enhanced <\/strong><a href=\"https:\/\/www.sisinternational.com\/es\/soluciones\/innovacion\/investigacion-de-mercado-agil\/\" title=\"Investigaci\u00f3n de mercado \u00e1gil\"  data-wpil-monitor-id=\"6135\">Agility and Adaptability: Through continuous market research<\/a>, organizations can stay agile and adaptable in response to changing market conditions and emerging opportunities.<\/li>\n\n\n\n<li><strong>Asignaci\u00f3n de recursos optimizada:<\/strong> Una transformaci\u00f3n empresarial eficaz requiere una asignaci\u00f3n estrat\u00e9gica de recursos, incluido el capital financiero, el capital humano y la infraestructura tecnol\u00f3gica.<\/li>\n\n\n\n<li><strong>Experiencia del cliente mejorada:<\/strong> Esta investigaci\u00f3n de mercado permite a las organizaciones comprender las necesidades, preferencias y puntos d\u00e9biles de los clientes.<\/li>\n\n\n\n<li><strong><a class=\"wpil_keyword_link\" href=\"https:\/\/www.sisinternational.com\/es\/desarrollar-una-ventaja-competitiva-sostenible\/\"   title=\"Desarrollar una ventaja competitiva sostenible\" data-wpil-keyword-link=\"linked\"  data-wpil-monitor-id=\"590\">Sustainable Competitive Advantage<\/a>:<\/strong> Las iniciativas de transformaci\u00f3n empresarial impulsadas por conocimientos del mercado permiten a las empresas diferenciarse de sus competidores, innovar de forma m\u00e1s eficaz y capturar cuota de mercado.<\/li>\n<\/ul>\n\n\n\n<h2 class=\"wp-block-heading\">\u00bfQui\u00e9n utiliza la investigaci\u00f3n de mercado de transformaci\u00f3n empresarial?<\/h2>\n\n\n\n<figure class=\"gb-block-image gb-block-image-9680f9da\"><img loading=\"lazy\" decoding=\"async\" width=\"1456\" height=\"816\" class=\"gb-image gb-image-9680f9da\" src=\"https:\/\/www.sisinternational.com\/wp-content\/uploads\/2025\/08\/Global-7.jpg\" alt=\"Investigaci\u00f3n y estrategia de mercado internacional de SIS\" title=\"Global (7)\" srcset=\"https:\/\/www.sisinternational.com\/wp-content\/uploads\/2025\/08\/Global-7.jpg 1456w, https:\/\/www.sisinternational.com\/wp-content\/uploads\/2025\/08\/Global-7-300x168.jpg 300w, https:\/\/www.sisinternational.com\/wp-content\/uploads\/2025\/08\/Global-7-1024x574.jpg 1024w, https:\/\/www.sisinternational.com\/wp-content\/uploads\/2025\/08\/Global-7-768x430.jpg 768w, https:\/\/www.sisinternational.com\/wp-content\/uploads\/2025\/08\/Global-7-18x10.jpg 18w\" sizes=\"auto, (max-width: 1456px) 100vw, 1456px\"><\/figure>\n\n\n\n<p><\/p>\n\n\n\n<p>Los altos directivos y ejecutivos dependen de la investigaci\u00f3n de mercado para establecer la direcci\u00f3n estrat\u00e9gica, definir los objetivos comerciales y priorizar las iniciativas de transformaci\u00f3n. Los l\u00edderes pueden tomar decisiones informadas que impulsen el crecimiento y la competitividad organizacional al comprender las tendencias del mercado, la din\u00e1mica competitiva y las necesidades de los clientes.<\/p>\n\n\n\n<p>Adem\u00e1s, los analistas y estrategas de negocios aprovechan la investigaci\u00f3n de mercado de transformaci\u00f3n empresarial para identificar oportunidades de crecimiento, innovaci\u00f3n y mejora operativa, proporcionando informaci\u00f3n valiosa para informar los procesos de planificaci\u00f3n estrat\u00e9gica y toma de decisiones.<\/p>\n\n\n\n<p>Los equipos de marketing y desarrollo de productos tambi\u00e9n utilizan esta investigaci\u00f3n de mercado para identificar las necesidades, preferencias y puntos d\u00e9biles de los clientes. Al comprender las tendencias del mercado y el comportamiento de los consumidores, estos equipos pueden desarrollar y lanzar productos y servicios que resuenen con el p\u00fablico objetivo, impulsando el crecimiento de los ingresos y la expansi\u00f3n de la participaci\u00f3n de mercado.<\/p>\n\n\n\n<p>Similarly, Human Resources and Organizational Development Teams utilize <a href=\"https:\/\/www.sisinternational.com\/es\/pericia\/industrias\/investigacion-de-mercado-de-recursos-naturales\/\" title=\"Investigaci\u00f3n de Mercado de Recursos Naturales\"  data-wpil-monitor-id=\"4740\">investigaci\u00f3n de mercado de transformaci\u00f3n empresarial<\/a> to drive cultural change, talent development, and employee engagement initiatives.<\/p>\n\n\n\n<h2 class=\"wp-block-heading\">Cu\u00e1ndo realizar una investigaci\u00f3n de mercado de transformaci\u00f3n empresarial<\/h2>\n\n\n\n<p>Determinar el momento \u00f3ptimo para realizar esta investigaci\u00f3n es crucial para maximizar su efectividad e impacto, y aqu\u00ed hay varios factores a considerar:<\/p>\n\n\n\n<ul class=\"wp-block-list\">\n<li><strong>Eventos desencadenantes:<\/strong> Eventos desencadenantes como fusiones, adquisiciones, cambios de liderazgo o cambios en las regulaciones de la industria pueden requerir una investigaci\u00f3n de mercado. Estos eventos pueden presentar oportunidades para la realineaci\u00f3n, la innovaci\u00f3n o el crecimiento organizacional, lo que hace que realizar investigaciones e informar la toma de decisiones estrat\u00e9gicas sea imperativo.<\/li>\n\n\n\n<li><strong>Interrupciones del mercado:<\/strong> Rapid market conditions, technological advancements, or competitive landscapes may necessitate market research. Organizations should monitor <a href=\"https:\/\/www.sisinternational.com\/es\/soluciones\/investigacion-de-mercado-b2b2c\/\" title=\"Estudios de mercado B2B2C\"  data-wpil-monitor-id=\"2147\">market disruptions closely and conduct research<\/a> to assess the potential impact on their business models, processes, and strategies.<\/li>\n\n\n\n<li><strong>Revisiones de desempe\u00f1o:<\/strong> Conducting business transformation market research as part of regular performance reviews enables organizations to evaluate the effectiveness of existing <a href=\"https:\/\/www.sisinternational.com\/es\/como-hacer-crecer-tu-negocio\/\" title=\"C\u00f3mo hacer crecer su negocio\"  data-wpil-monitor-id=\"1960\">strategies<\/a> and identify areas for improvement. By analyzing market trends, competitive dynamics, and customer feedback, organizations can identify opportunities to enhance performance and drive continuous improvement.<\/li>\n<\/ul>\n\n\n\n<h2 class=\"wp-block-heading\">Resultados esperados de nuestra investigaci\u00f3n de mercado<\/h2>\n\n\n\n<p>Embarcarse en una investigaci\u00f3n de mercado de transformaci\u00f3n empresarial aporta resultados positivos para las organizaciones que buscan impulsar el cambio estrat\u00e9gico y la innovaci\u00f3n. A continuaci\u00f3n se muestran algunos resultados esperados:<\/p>\n\n\n\n<ul class=\"wp-block-list\">\n<li><strong>Identificaci\u00f3n de Oportunidades de Crecimiento:<\/strong> La investigaci\u00f3n de mercado de transformaci\u00f3n empresarial permite a las organizaciones identificar nuevas oportunidades de mercado, tendencias emergentes y segmentos de clientes sin explotar.<\/li>\n\n\n\n<li><strong>Eficiencia operativa mejorada:<\/strong> A trav\u00e9s de la investigaci\u00f3n de mercado, las organizaciones pueden identificar ineficiencias, cuellos de botella y \u00e1reas de mejora dentro de sus operaciones. Las organizaciones pueden mejorar la eficiencia operativa, reducir costos y mejorar el rendimiento general optimizando procesos, optimizando flujos de trabajo y aprovechando soluciones tecnol\u00f3gicas.<\/li>\n\n\n\n<li><strong>Ventaja competitiva fortalecida:<\/strong> Al aprovechar los conocimientos de esta investigaci\u00f3n de mercado, las organizaciones pueden diferenciarse de sus competidores y mejorar su ventaja competitiva. Esto puede implicar desarrollar propuestas de valor \u00fanicas, mejorar las experiencias de los clientes o aprovechar la tecnolog\u00eda para alterar los modelos comerciales tradicionales.<\/li>\n<\/ul>\n\n\n\n<h2 class=\"wp-block-heading\">Tecnolog\u00edas y herramientas en la investigaci\u00f3n de mercados de transformaci\u00f3n empresarial<\/h2>\n\n\n\n<p>En la investigaci\u00f3n de mercado de transformaci\u00f3n empresarial, aprovechar tecnolog\u00edas y herramientas avanzadas es esencial para extraer conocimientos pr\u00e1cticos e impulsar la toma de decisiones informadas. A continuaci\u00f3n se presentan algunas tecnolog\u00edas y herramientas clave que ayudamos a las empresas a implementar:<\/p>\n\n\n\n<ul class=\"wp-block-list\">\n<li><strong>Plataformas de an\u00e1lisis de Big Data:<\/strong> Las plataformas de an\u00e1lisis de big data como Amazon Web Services (AWS) permiten a las organizaciones procesar y analizar grandes cantidades de datos de diversas fuentes.<\/li>\n\n\n\n<li><strong>Herramientas de Inteligencia Empresarial (BI):<\/strong> Las herramientas de inteligencia empresarial como Tableau y Microsoft Power BI permiten a las organizaciones visualizar y explorar datos, convirtiendo los datos sin procesar en informaci\u00f3n procesable. Estas herramientas proporcionan paneles interactivos, informes y capacidades de visualizaci\u00f3n de datos, lo que permite a los usuarios obtener conocimientos m\u00e1s profundos sobre las tendencias del mercado, el comportamiento de los clientes y los panoramas competitivos.<\/li>\n\n\n\n<li><strong>Sistemas de gesti\u00f3n de relaciones con el cliente (CRM):<\/strong> CRM systems such as Salesforce, Microsoft Dynamics 365, and HubSpot offer organizations a centralized platform for managing customer interactions and relationships. These systems provide valuable insights into customer preferences, purchasing behavior, and engagement patterns, enabling organizations to effectively tailor their <a href=\"https:\/\/www.sisinternational.com\/es\/analysis-b2b\/\" title=\"What Business Leaders Need to Know Right Now\"  data-wpil-monitor-id=\"838\">business transformation strategies to meet customer needs<\/a>.<\/li>\n\n\n\n<li><strong>Mercado <a href=\"https:\/\/www.sisinternational.com\/es\/pericia\/investigacion-personalizada-primaria-2\/\" title=\"Investigaci\u00f3n de mercado primario\"  data-wpil-monitor-id=\"6713\">Investigaci\u00f3n<\/a> Tools:<\/strong> Las herramientas de investigaci\u00f3n de mercado como Qualtrics facilitan la recopilaci\u00f3n y el an\u00e1lisis de datos primarios de investigaci\u00f3n de mercado. Estas herramientas permiten a las organizaciones recopilar comentarios de los clientes, realizar encuestas y entrevistas y recopilar informaci\u00f3n sobre las tendencias, preferencias y percepciones del mercado.<\/li>\n<\/ul>\n\n\n\n<h2 class=\"wp-block-heading\">C\u00f3mo la investigaci\u00f3n de mercado de transformaci\u00f3n empresarial de SIS International ayuda a las empresas<\/h2>\n\n\n\n<figure class=\"gb-block-image gb-block-image-2b2fc145\"><img loading=\"lazy\" decoding=\"async\" width=\"1456\" height=\"816\" class=\"gb-image gb-image-2b2fc145\" src=\"https:\/\/www.sisinternational.com\/wp-content\/uploads\/2025\/08\/Global-5.jpg\" alt=\"Investigaci\u00f3n y estrategia de mercado internacional de SIS\" title=\"Global (5)\" srcset=\"https:\/\/www.sisinternational.com\/wp-content\/uploads\/2025\/08\/Global-5.jpg 1456w, https:\/\/www.sisinternational.com\/wp-content\/uploads\/2025\/08\/Global-5-300x168.jpg 300w, https:\/\/www.sisinternational.com\/wp-content\/uploads\/2025\/08\/Global-5-1024x574.jpg 1024w, https:\/\/www.sisinternational.com\/wp-content\/uploads\/2025\/08\/Global-5-768x430.jpg 768w, https:\/\/www.sisinternational.com\/wp-content\/uploads\/2025\/08\/Global-5-18x10.jpg 18w\" sizes=\"auto, (max-width: 1456px) 100vw, 1456px\"><\/figure>\n\n\n\n<p><\/p>\n\n\n\n<p>The SIS approach to business transformation <a href=\"https:\/\/www.sisinternational.com\/es\/pericia\/industrias\/estudio-de-mercado-de-cableado-estructurado\/\" title=\"Investigaci\u00f3n de mercado de cableado estructurado\"  data-wpil-monitor-id=\"5746\">market research emphasizes a comprehensive and structured<\/a> methodology for driving successful transformation initiatives. Here&#8217;s how each component of the SIS contributes to effective market research:<\/p>\n\n\n\n<ul class=\"wp-block-list\">\n<li><strong>Estrat\u00e9gico:<\/strong> El aspecto estrat\u00e9gico del enfoque SIS implica alinear los esfuerzos de investigaci\u00f3n de mercado con las metas y objetivos comerciales generales. Ayudamos a las organizaciones a definir prioridades estrat\u00e9gicas para sus iniciativas de transformaci\u00f3n, garantizando que los esfuerzos de investigaci\u00f3n aborden desaf\u00edos, oportunidades y din\u00e1micas de mercado clave.<\/li>\n\n\n\n<li><strong>Perspicaz:<\/strong> El componente revelador del enfoque SIS enfatiza la importancia de extraer conocimientos pr\u00e1cticos de los datos de la investigaci\u00f3n de mercado. Al aprovechar t\u00e9cnicas de an\u00e1lisis avanzadas, las organizaciones pueden descubrir patrones, tendencias y correlaciones significativas dentro de sus conjuntos de datos, lo que les permite tomar decisiones informadas e impulsar iniciativas de transformaci\u00f3n estrat\u00e9gica.<\/li>\n\n\n\n<li><strong>Sistem\u00e1tico:<\/strong> El enfoque sistem\u00e1tico de la metodolog\u00eda SIS implica implementar procesos y flujos de trabajo estructurados para realizar investigaciones de mercado. Nuestros expertos ayudan a las organizaciones a establecer roles, responsabilidades y cronogramas claros para las actividades de investigaci\u00f3n, garantizando que la recopilaci\u00f3n, el an\u00e1lisis y la implementaci\u00f3n de datos se lleven a cabo de manera sistem\u00e1tica y eficiente.<\/li>\n<\/ul>\n\n\n\n<h2 class=\"wp-block-heading\">Oportunidades<\/h2>\n\n\n\n<p>La investigaci\u00f3n de mercado de transformaci\u00f3n empresarial presenta numerosas oportunidades para que las organizaciones impulsen el cambio estrat\u00e9gico, la innovaci\u00f3n y el crecimiento. Estas son algunas oportunidades clave:<\/p>\n\n\n\n<ul class=\"wp-block-list\">\n<li><strong>Identificaci\u00f3n de tendencias del mercado:<\/strong> Permite a las organizaciones identificar tendencias de mercados emergentes, avances tecnol\u00f3gicos y preferencias de los clientes.<\/li>\n\n\n\n<li><strong>Optimizaci\u00f3n de Procesos de Negocio:<\/strong> A trav\u00e9s de la investigaci\u00f3n de mercado, las organizaciones pueden obtener informaci\u00f3n sobre ineficiencias, cuellos de botella y \u00e1reas de mejora dentro de sus procesos comerciales.<\/li>\n\n\n\n<li><strong>Innovaci\u00f3n y Diferenciaci\u00f3n:<\/strong> La investigaci\u00f3n de mercado facilita la innovaci\u00f3n y la diferenciaci\u00f3n al brindar a las organizaciones una comprensi\u00f3n m\u00e1s profunda de las brechas del mercado, las necesidades insatisfechas y las tendencias emergentes.<\/li>\n<\/ul>\n\n\n\n<h2 class=\"wp-block-heading\">Desaf\u00edos<\/h2>\n\n\n\n<figure class=\"gb-block-image gb-block-image-9e2257b9\"><img decoding=\"async\" class=\"gb-image gb-image-9e2257b9\" src=\"https:\/\/www.sisinternational.com\/wp-content\/uploads\/2025\/07\/AI-and-global-research-41.jpg\" alt=\"Investigaci\u00f3n y estrategia de mercado internacional de SIS\" title=\"AI and global research (41)\"><\/figure>\n\n\n\n<p><\/p>\n\n\n\n<p>A pesar de las numerosas oportunidades de esta investigaci\u00f3n de mercado, las organizaciones pueden encontrar varios desaf\u00edos en su implementaci\u00f3n y ejecuci\u00f3n. Aqu\u00ed hay algunos desaf\u00edos clave:<\/p>\n\n\n\n<ul class=\"wp-block-list\">\n<li><strong>Complejidad y calidad de los datos:<\/strong> Gestionar y analizar grandes vol\u00famenes de datos de fuentes dispares puede resultar un desaf\u00edo. La calidad, precisi\u00f3n e integridad de los datos son esenciales para obtener conocimientos significativos en la investigaci\u00f3n de mercado. Las organizaciones pueden necesitar ayuda con los procesos de gesti\u00f3n, integraci\u00f3n y limpieza de datos, lo que genera posibles imprecisiones y sesgos en el an\u00e1lisis.<\/li>\n\n\n\n<li><strong>Limitaciones de recursos:<\/strong> Realizar una investigaci\u00f3n de mercado integral requiere importantes inversiones en tiempo, dinero y recursos humanos. Las organizaciones peque\u00f1as y medianas, en particular, pueden necesitar m\u00e1s recursos y experiencia para ejecutar iniciativas s\u00f3lidas de investigaci\u00f3n de mercado. Los presupuestos, el personal y la infraestructura tecnol\u00f3gica limitados pueden obstaculizar la eficacia de los esfuerzos de investigaci\u00f3n de mercado.<\/li>\n\n\n\n<li><strong>Velocidad del cambio:<\/strong> The pace of change in today&#8217;s business environment is rapid and relentless. Market dynamics, consumer preferences, and competitive landscapes evolve quickly, making it challenging for organizations to keep pace. <a href=\"https:\/\/www.sisinternational.com\/es\/el-efecto-de-la-cultura-de-mercado-nigeriana-en-los-negocios\/\" title=\"El mercado nigeriano: el efecto de la cultura en los negocios\"  data-wpil-monitor-id=\"4368\">Estudio de mercado de la transformaci\u00f3n empresarial<\/a> must be conducted in real-time or near-real-time to effectively capture and respond to shifting market trends.<\/li>\n\n\n\n<li><strong>Resistencia al cambio:<\/strong> La resistencia organizacional al cambio puede representar una barrera importante para la investigaci\u00f3n de mercado efectiva y las iniciativas de transformaci\u00f3n empresarial. Los empleados pueden mostrarse reacios a adoptar nuevas tecnolog\u00edas, procesos o m\u00e9todos de trabajo, por temor a la inseguridad laboral o la interrupci\u00f3n de las rutinas establecidas. Superar la resistencia al cambio requiere estrategias efectivas de gesti\u00f3n del cambio y un fuerte compromiso de liderazgo.<\/li>\n\n\n\n<li><strong>Preocupaciones sobre la privacidad y la seguridad de los datos:<\/strong> La recopilaci\u00f3n y el an\u00e1lisis de datos de clientes plantea preocupaciones sobre la privacidad y la seguridad, particularmente a la luz de requisitos regulatorios estrictos como GDPR y CCPA. Las organizaciones deben garantizar el cumplimiento de las normas de protecci\u00f3n de datos e implementar medidas de seguridad s\u00f3lidas para salvaguardar la informaci\u00f3n de los clientes y mantener la confianza.<\/li>\n<\/ul>\n\n\n<h2>Nuestra ubicaci\u00f3n de instalaciones en Nueva York<\/h2>\n<p><!-- \/wp:post-content --> <!-- wp:html --> <iframe loading=\"lazy\" src=\"https:\/\/www.google.com\/maps\/embed?pb=!1m18!1m12!1m3!1d3022.976188376966!2d-73.99130312499956!3d40.740549471389315!2m3!1f0!2f0!3f0!3m2!1i1024!2i768!4f13.1!3m3!1m2!1s0x89c259a15798c731%3A0xd695d09bdd495f25!2s11%20E%2022nd%20St%20FL%202%2C%20New%20York%2C%20NY%2010010%2C%20USA!5e0!3m2!1sen!2spe!4v1726171763526!5m2!1sen!2spe\" width=\"600\" height=\"450\" allowfullscreen=\"allowfullscreen\" data-mce-fragment=\"1\"><\/iframe> <!-- \/wp:html --> <!-- wp:paragraph --><\/p>\n<h3 class=\"wp-block-heading\">11 E 22nd Street, Piso 2, Nueva York, NY 10010 T: +1(212) 505-6805<\/h3>\n<hr \/>\n<h2><span style=\"font-weight: 400;\">Acerca de SIS Internacional<\/span><\/h2>\n<p><a href=\"https:\/\/www.sisinternational.com\/es\/\"><span style=\"font-weight: 400;\">SIS Internacional<\/span><\/a><span style=\"font-weight: 400;\"> ofrece investigaci\u00f3n cuantitativa, cualitativa y estrat\u00e9gica. Proporcionamos datos, herramientas, estrategias, informes y conocimientos para la toma de decisiones. Tambi\u00e9n realizamos entrevistas, encuestas, grupos focales y otros m\u00e9todos y enfoques de investigaci\u00f3n de mercado.<\/span><a href=\"https:\/\/www.sisinternational.com\/es\/sobre-la-investigacion-internacional-de-sis\/contact-sis-international-market-research\/\"><span style=\"font-weight: 400;\"> P\u00f3ngase en contacto con nosotros<\/span><\/a><span style=\"font-weight: 400;\"> para su pr\u00f3ximo proyecto de Investigaci\u00f3n de Mercado.<\/span><\/p>\n<\/p>","protected":false},"excerpt":{"rendered":"<p>Los estudios de mercado sobre transformaci\u00f3n empresarial analizan las tendencias del mercado y las capacidades organizativas para impulsar el cambio estrat\u00e9gico.<\/p>","protected":false},"author":1,"featured_media":62408,"parent":14457,"menu_order":31,"comment_status":"closed","ping_status":"closed","template":"","meta":{"footnotes":""},"class_list":["post-46834","page","type-page","status-publish","has-post-thumbnail"],"_links":{"self":[{"href":"https:\/\/www.sisinternational.com\/es\/wp-json\/wp\/v2\/pages\/46834","targetHints":{"allow":["GET"]}}],"collection":[{"href":"https:\/\/www.sisinternational.com\/es\/wp-json\/wp\/v2\/pages"}],"about":[{"href":"https:\/\/www.sisinternational.com\/es\/wp-json\/wp\/v2\/types\/page"}],"author":[{"embeddable":true,"href":"https:\/\/www.sisinternational.com\/es\/wp-json\/wp\/v2\/users\/1"}],"replies":[{"embeddable":true,"href":"https:\/\/www.sisinternational.com\/es\/wp-json\/wp\/v2\/comments?post=46834"}],"version-history":[{"count":21,"href":"https:\/\/www.sisinternational.com\/es\/wp-json\/wp\/v2\/pages\/46834\/revisions"}],"predecessor-version":[{"id":80293,"href":"https:\/\/www.sisinternational.com\/es\/wp-json\/wp\/v2\/pages\/46834\/revisions\/80293"}],"up":[{"embeddable":true,"href":"https:\/\/www.sisinternational.com\/es\/wp-json\/wp\/v2\/pages\/14457"}],"wp:featuredmedia":[{"embeddable":true,"href":"https:\/\/www.sisinternational.com\/es\/wp-json\/wp\/v2\/media\/62408"}],"wp:attachment":[{"href":"https:\/\/www.sisinternational.com\/es\/wp-json\/wp\/v2\/media?parent=46834"}],"curies":[{"name":"wp","href":"https:\/\/api.w.org\/{rel}","templated":true}]}}