{"id":46603,"date":"2024-03-01T11:45:19","date_gmt":"2024-03-01T16:45:19","guid":{"rendered":"https:\/\/www.sisinternational.com\/?page_id=46603"},"modified":"2026-01-19T23:24:20","modified_gmt":"2026-01-20T04:24:20","slug":"consultoria-de-estrategia-de-investigacion-de-mercado-de-nuevos-segmentos","status":"publish","type":"page","link":"https:\/\/www.sisinternational.com\/es\/soluciones\/consultoria-estrategica\/consultoria-de-estrategia-de-investigacion-de-mercado-de-nuevos-segmentos\/","title":{"rendered":"New Segments Consulting"},"content":{"rendered":"<h1 class=\"wp-block-heading\">New Segments Consulting<\/h1>\n\n\n\n<figure class=\"gb-block-image gb-block-image-9af3dd2a\"><img loading=\"lazy\" decoding=\"async\" width=\"1456\" height=\"816\" class=\"gb-image gb-image-9af3dd2a\" src=\"https:\/\/www.sisinternational.com\/wp-content\/uploads\/2025\/10\/New-Segments-2.jpg\" alt=\"Investigaci\u00f3n y estrategia de mercado internacional de SIS\" title=\"New Segments (2)\" srcset=\"https:\/\/www.sisinternational.com\/wp-content\/uploads\/2025\/10\/New-Segments-2.jpg 1456w, https:\/\/www.sisinternational.com\/wp-content\/uploads\/2025\/10\/New-Segments-2-300x168.jpg 300w, https:\/\/www.sisinternational.com\/wp-content\/uploads\/2025\/10\/New-Segments-2-1024x574.jpg 1024w, https:\/\/www.sisinternational.com\/wp-content\/uploads\/2025\/10\/New-Segments-2-768x430.jpg 768w, https:\/\/www.sisinternational.com\/wp-content\/uploads\/2025\/10\/New-Segments-2-18x10.jpg 18w\" sizes=\"auto, (max-width: 1456px) 100vw, 1456px\"><\/figure>\n\n\n\n<p><\/p>\n\n\n\n<p>En el din\u00e1mico panorama empresarial, comprender las complejidades del comportamiento del consumidor y las tendencias del mercado es fundamental para el \u00e9xito... Pero, \u00bfqu\u00e9 sucede cuando los m\u00e9todos convencionales ya no son suficientes? \u00bfC\u00f3mo se descubren nuevos segmentos y oportunidades? La investigaci\u00f3n de mercado de nuevos segmentos y la consultor\u00eda estrat\u00e9gica ofrecen herramientas muy efectivas para descubrir nuevos segmentos en el mercado y aprovecharlos para empresas de todo el mundo.<\/p>\n\n\n\n<h2 class=\"wp-block-heading\">Comprensi\u00f3n de nuevos segmentos Investigaci\u00f3n de mercado y consultor\u00eda estrat\u00e9gica<\/h2>\n\n\n\n<p>New segments <a class=\"wpil_keyword_link\" href=\"https:\/\/www.sisinternational.com\/es\/publicaciones\/\"   title=\"Publicaciones\" data-wpil-keyword-link=\"linked\"  data-wpil-monitor-id=\"601\">investigaci\u00f3n de mercado<\/a> and strategy consulting involve a comprehensive analysis of demographic data, consumer behavior patterns, and emerging trends across different regions and socio-economic strata. It identifies untapped market opportunities, niche consumer segments, and innovative pathways for growth.<\/p>\n\n\n\n<p>Descubrir nuevos segmentos va m\u00e1s all\u00e1 de los perfiles demogr\u00e1ficos tradicionales y abarca la segmentaci\u00f3n psicogr\u00e1fica, el an\u00e1lisis de estilos de vida y los modelos predictivos. Permite a las empresas obtener una comprensi\u00f3n m\u00e1s profunda de las necesidades, aspiraciones y puntos d\u00e9biles de los consumidores, permiti\u00e9ndoles as\u00ed adaptar sus productos, servicios y estrategias de marketing de forma m\u00e1s eficaz.<\/p>\n\n\n\n<h2 class=\"wp-block-heading\">Importancia de la investigaci\u00f3n de mercados y consultor\u00eda estrat\u00e9gica de nuevos segmentos<\/h2>\n\n\n\n<p>La investigaci\u00f3n de mercados de nuevos segmentos y la consultor\u00eda estrat\u00e9gica permiten a las empresas diversificar su base de clientes y acceder a mercados previamente no explotados. Al identificar tendencias emergentes y segmentos de nicho, las empresas pueden ampliar su alcance y mitigar los riesgos asociados con la excesiva dependencia de los segmentos de clientes existentes.<br>En segundo lugar, descubrir nuevos segmentos permite a las empresas innovar y diferenciarse en un mercado saturado. Al comprender las necesidades y preferencias \u00fanicas de los diferentes segmentos de consumidores, las empresas pueden desarrollar productos, servicios y estrategias de marketing personalizados que resuenen con su p\u00fablico objetivo.<\/p>\n\n\n\n<p>Moreover, it facilitates strategic decision-making by providing actionable <a href=\"https:\/\/www.sisinternational.com\/es\/global-beverage-market\/\" title=\"Global Beverage Market: Market Dynamics, Growth Projections &amp; Consumer Insights\"  data-wpil-monitor-id=\"10367\">insights into market dynamics<\/a>, competitive landscapes, and growth opportunities. But, it brings several other benefits for businesses, including:<\/p>\n\n\n\n<ul class=\"wp-block-list\">\n<li><strong>Enhanced <\/strong><a href=\"https:\/\/www.sisinternational.com\/es\/soluciones\/soluciones-de-investigacion-cualitativa-cuantitativa\/analisis-de-chaid-investigacion-de-mercado\/\" title=\"An\u00e1lisis CHAID Investigaci\u00f3n de Mercado\"  data-wpil-monitor-id=\"10379\">Market Understanding: Through comprehensive analysis<\/a> and segmentation, businesses gain a deeper understanding of their target audience, including their preferences, behaviors, and needs. This insight enables businesses to develop more targeted and effective marketing strategies, <a href=\"https:\/\/www.sisinternational.com\/es\/mejorar-las-relaciones-con-los-clientes\/\" title=\"C\u00f3mo mejorar la satisfacci\u00f3n del cliente y complacer a los clientes insatisfechos\"  data-wpil-monitor-id=\"10369\">improving customer engagement and satisfaction<\/a>.<\/li>\n\n\n\n<li><strong>Mayor competitividad:<\/strong> Uncovering new segments allows businesses to stay ahead of competitors by identifying <a href=\"https:\/\/www.sisinternational.com\/es\/soluciones\/si-crecimiento-global\/consultoria-estrategica-en-mercados-emergentes\/\" title=\"Consultor\u00eda de estrategia de mercados emergentes\"  data-wpil-monitor-id=\"10382\">emerging trends and niche markets<\/a> before they become mainstream. By proactively addressing the needs of these segments, businesses can differentiate themselves in the market and gain a competitive edge.<\/li>\n\n\n\n<li><strong>Crecimiento de ingresos:<\/strong> Targeting new segments opens up additional revenue streams for businesses, driving growth and expansion. By diversifying their customer base, businesses can reduce their dependence on existing <a href=\"https:\/\/www.sisinternational.com\/es\/soluciones\/investigacion-de-consultoria-estrategica-fintech\/investigacion-de-mercado-de-mercados-de-capitales\/\" title=\"Investigaci\u00f3n de mercado de mercados de capitales\"  data-wpil-monitor-id=\"10376\">markets and capitalize<\/a> on new opportunities for revenue generation.<\/li>\n\n\n\n<li><strong>Innovaci\u00f3n y Adaptabilidad:<\/strong> La investigaci\u00f3n de mercado de nuevos segmentos y la consultor\u00eda estrat\u00e9gica fomentan la innovaci\u00f3n y la adaptabilidad al desafiar a las empresas a pensar de manera innovadora y explorar nuevas v\u00edas de crecimiento. Al aceptar el cambio y experimentar con nuevas ideas, las empresas pueden mantenerse \u00e1giles y receptivas a la din\u00e1mica cambiante del mercado.<\/li>\n\n\n\n<li><strong>Sostenibilidad a largo plazo:<\/strong> Descubrir nuevos segmentos fomenta la sostenibilidad a largo plazo al posicionar a las empresas para un crecimiento continuo y relevancia en el mercado. Al mantenerse en sinton\u00eda con las cambiantes preferencias de los consumidores y las tendencias del mercado, las empresas pueden preparar sus operaciones para el futuro y garantizar un \u00e9xito continuo.<\/li>\n<\/ul>\n\n\n\n<h2 class=\"wp-block-heading\">Cu\u00e1ndo realizar investigaciones de mercado de nuevos segmentos y consultor\u00eda estrat\u00e9gica<\/h2>\n\n\n\n<figure class=\"gb-block-image gb-block-image-c7259a25\"><img loading=\"lazy\" decoding=\"async\" width=\"1456\" height=\"816\" class=\"gb-image gb-image-c7259a25\" src=\"https:\/\/www.sisinternational.com\/wp-content\/uploads\/2025\/10\/New-Segments-1.jpg\" alt=\"Investigaci\u00f3n y estrategia de mercado internacional de SIS\" title=\"New Segments (1)\" srcset=\"https:\/\/www.sisinternational.com\/wp-content\/uploads\/2025\/10\/New-Segments-1.jpg 1456w, https:\/\/www.sisinternational.com\/wp-content\/uploads\/2025\/10\/New-Segments-1-300x168.jpg 300w, https:\/\/www.sisinternational.com\/wp-content\/uploads\/2025\/10\/New-Segments-1-1024x574.jpg 1024w, https:\/\/www.sisinternational.com\/wp-content\/uploads\/2025\/10\/New-Segments-1-768x430.jpg 768w, https:\/\/www.sisinternational.com\/wp-content\/uploads\/2025\/10\/New-Segments-1-18x10.jpg 18w\" sizes=\"auto, (max-width: 1456px) 100vw, 1456px\"><\/figure>\n\n\n\n<p><\/p>\n\n\n\n<p>Determinar el momento adecuado para realizar investigaciones de mercado de nuevos segmentos y consultor\u00eda estrat\u00e9gica depende de varios factores, entre ellos:<\/p>\n\n\n\n<ul class=\"wp-block-list\">\n<li><strong>Saturaci\u00f3n de mercado:<\/strong> Si el mercado se vuelve cada vez m\u00e1s saturado o competitivo, es posible que las empresas necesiten explorar nuevos segmentos para sostener el crecimiento y mantener su ventaja competitiva.<\/li>\n\n\n\n<li><strong>Cambios en las tendencias del consumidor:<\/strong> Los cambios en el comportamiento, las preferencias o la demograf\u00eda de los consumidores pueden indicar la necesidad de que las empresas reeval\u00faen su mercado objetivo y exploren nuevos segmentos que se alineen con las tendencias en evoluci\u00f3n.<\/li>\n\n\n\n<li><strong>Ciclos de Planificaci\u00f3n Estrat\u00e9gica:<\/strong> Muchas empresas realizan investigaciones de mercado y consultor\u00eda estrat\u00e9gica como parte de sus ciclos de planificaci\u00f3n estrat\u00e9gica, que pueden ocurrir anualmente, cada dos a\u00f1os o seg\u00fan sea necesario en funci\u00f3n de factores internos y externos.<\/li>\n\n\n\n<li><strong>En respuesta a desaf\u00edos u oportunidades:<\/strong> Las empresas tambi\u00e9n pueden iniciar investigaciones de mercado y consultor\u00eda estrat\u00e9gica en respuesta a desaf\u00edos u oportunidades espec\u00edficas identificadas mediante el monitoreo continuo de las condiciones del mercado, los comentarios de los clientes o las actividades de la competencia.<\/li>\n<\/ul>\n\n\n\n<h2 class=\"wp-block-heading\">Resultados esperados de nuestros nuevos segmentos Investigaci\u00f3n de mercado y consultor\u00eda estrat\u00e9gica<\/h2>\n\n\n\n<p>Participar en investigaci\u00f3n de mercado de nuevos segmentos y consultor\u00eda estrat\u00e9gica para descubrir nuevos segmentos puede generar una variedad de resultados para empresas como:<\/p>\n\n\n\n<ul class=\"wp-block-list\">\n<li><strong>Identificaci\u00f3n de oportunidades de mercado sin explotar:<\/strong> Al descubrir nuevos segmentos, las empresas pueden identificar oportunidades de mercado sin explotar y segmentos de clientes especializados que han sido pasados por alto o desatendidos. Esto puede conducir al desarrollo de productos, servicios y estrategias de marketing espec\u00edficos que resuenen con estos segmentos, impulsando el crecimiento de los ingresos y la expansi\u00f3n del mercado.<\/li>\n\n\n\n<li><strong>Comprensi\u00f3n mejorada del cliente:<\/strong> A trav\u00e9s de la investigaci\u00f3n de mercado de nuevos segmentos y la consultor\u00eda estrat\u00e9gica, las empresas obtienen una comprensi\u00f3n m\u00e1s profunda de su p\u00fablico objetivo, incluidas sus necesidades, preferencias y puntos d\u00e9biles. Esta mejor comprensi\u00f3n del cliente permite a las empresas adaptar sus ofertas de manera m\u00e1s efectiva, aumentando la satisfacci\u00f3n, lealtad y retenci\u00f3n del cliente.<\/li>\n\n\n\n<li><strong>Ventaja competitiva mejorada:<\/strong> Descubrir nuevos segmentos permite a las empresas diferenciarse de sus competidores y obtener una ventaja competitiva en el mercado. Al apuntar a segmentos especializados y ofrecer propuestas de valor \u00fanicas, las empresas pueden forjar una posici\u00f3n distintiva en el mercado y capturar participaci\u00f3n de mercado de manera m\u00e1s efectiva.<\/li>\n\n\n\n<li><strong>Desarrollo de productos innovadores:<\/strong> La investigaci\u00f3n de mercado de nuevos segmentos y la consultor\u00eda estrat\u00e9gica pueden inspirar la innovaci\u00f3n al descubrir necesidades no satisfechas o tendencias emergentes dentro de nuevos segmentos. Esta informaci\u00f3n puede informar los esfuerzos de desarrollo de productos, lo que conducir\u00e1 a la creaci\u00f3n de soluciones innovadoras que aborden las demandas y preferencias cambiantes de los clientes.<\/li>\n\n\n\n<li><strong>Optimized <\/strong><a href=\"https:\/\/www.sisinternational.com\/es\/soluciones\/investigacion-de-consultoria-estrategica-fintech\/consultoria-de-estrategia-de-investigacion-de-mercado-de-seguros-de-interrupcion-de-negocios\/\" title=\"Investigaci\u00f3n de Mercado y Consultor\u00eda Estrat\u00e9gica de Seguros de Interrupci\u00f3n de Negocios\"  data-wpil-monitor-id=\"10365\">Marketing Strategies: Businesses<\/a> can develop more targeted and personalized marketing strategies with a deeper understanding of target segments. This can result in higher conversion rates, improved marketing ROI, and stronger brand affinity among target audiences.<\/li>\n<\/ul>\n\n\n\n<h2 class=\"wp-block-heading\">El enfoque SIS para nuevos segmentos Investigaci\u00f3n de mercado y consultor\u00eda estrat\u00e9gica<\/h2>\n\n\n\n<figure class=\"gb-block-image gb-block-image-08ddbb08\"><img loading=\"lazy\" decoding=\"async\" width=\"1456\" height=\"816\" class=\"gb-image gb-image-08ddbb08\" src=\"https:\/\/www.sisinternational.com\/wp-content\/uploads\/2025\/10\/New-Segments-3.jpg\" alt=\"Investigaci\u00f3n y estrategia de mercado internacional de SIS\" title=\"New Segments (3)\" srcset=\"https:\/\/www.sisinternational.com\/wp-content\/uploads\/2025\/10\/New-Segments-3.jpg 1456w, https:\/\/www.sisinternational.com\/wp-content\/uploads\/2025\/10\/New-Segments-3-300x168.jpg 300w, https:\/\/www.sisinternational.com\/wp-content\/uploads\/2025\/10\/New-Segments-3-1024x574.jpg 1024w, https:\/\/www.sisinternational.com\/wp-content\/uploads\/2025\/10\/New-Segments-3-768x430.jpg 768w, https:\/\/www.sisinternational.com\/wp-content\/uploads\/2025\/10\/New-Segments-3-18x10.jpg 18w\" sizes=\"auto, (max-width: 1456px) 100vw, 1456px\"><\/figure>\n\n\n\n<p><\/p>\n\n\n\n<p>En SIS, estamos comprometidos a ofrecer soluciones impactantes que impulsen el crecimiento sostenible y la creaci\u00f3n de valor para nuestros clientes. Nuestro enfoque abarca varios principios clave:<\/p>\n\n\n\n<ul class=\"wp-block-list\">\n<li><strong>Visi\u00f3n estrat\u00e9gica:<\/strong> Comenzamos desarrollando una visi\u00f3n estrat\u00e9gica que se alinea con los objetivos comerciales generales y las aspiraciones de crecimiento de nuestros clientes. Esto implica analizar exhaustivamente la din\u00e1mica del mercado, los paisajes competitivos y las tendencias emergentes para identificar oportunidades para el descubrimiento de segmentos y la expansi\u00f3n del mercado.<\/li>\n\n\n\n<li><strong>Metodolog\u00edas innovadoras:<\/strong> Leveraging innovative methodologies and best practices, we employ quantitative and <a class=\"wpil_keyword_link\" href=\"https:\/\/www.sisinternational.com\/es\/soluciones\/soluciones-de-investigacion-cualitativa-cuantitativa\/\"   title=\"Soluciones de investigaci\u00f3n cualitativa y cuantitativa\" data-wpil-keyword-link=\"linked\"  data-wpil-monitor-id=\"602\">qualitative research<\/a> techniques to uncover new segments and insights. From data-driven analytics to ethnographic research, we tailor our approach to the unique needs and challenges of each client, ensuring actionable and relevant results.<\/li>\n\n\n\n<li><strong>Integraci\u00f3n de sostenibilidad:<\/strong> La sostenibilidad es una consideraci\u00f3n central en nuestro enfoque, lo que refleja nuestro compromiso de crear impactos sociales, ambientales y econ\u00f3micos positivos. Exploramos oportunidades para descubrir segmentos que se alinean con pr\u00e1cticas comerciales sostenibles, como el consumismo ecol\u00f3gico, el abastecimiento \u00e9tico y las iniciativas de impacto social.<\/li>\n\n\n\n<li><strong>Asociaci\u00f3n colaborativa:<\/strong> We believe in fostering collaborative partnerships with our clients, working closely with them throughout the <a href=\"https:\/\/www.sisinternational.com\/es\/\" title=\"Inicio\"  data-wpil-monitor-id=\"10363\">research and strategy<\/a> consulting process. By engaging stakeholders from diverse backgrounds and perspectives, we ensure that our solutions are holistic, inclusive, and aligned with our clients&#8217; values and goals.<\/li>\n\n\n\n<li><strong>Aprendizaje y mejora continua:<\/strong> Nuestro enfoque es iterativo y adaptativo, impulsado por el aprendizaje y la mejora continuos. Evaluamos peri\u00f3dicamente la eficacia de nuestras estrategias y metodolog\u00edas, incorporando comentarios y conocimientos para perfeccionar nuestro enfoque y ofrecer el m\u00e1ximo valor a nuestros clientes.<\/li>\n<\/ul>\n\n\n\n<h2 class=\"wp-block-heading\">Oportunidades en Nuevos Segmentos Investigaci\u00f3n de Mercados y Consultor\u00eda Estrat\u00e9gica para Empresas<\/h2>\n\n\n\n<p>La investigaci\u00f3n de mercado de nuevos segmentos y la consultor\u00eda estrat\u00e9gica brindan los conocimientos y la orientaci\u00f3n necesarios para tomar decisiones informadas. A continuaci\u00f3n se ofrece una descripci\u00f3n general de las oportunidades en nuevos segmentos a trav\u00e9s de la investigaci\u00f3n de mercado y la consultor\u00eda estrat\u00e9gica para empresas:<\/p>\n\n\n\n<ul class=\"wp-block-list\">\n<li><strong>An\u00e1lisis competitivo:<\/strong> Comprender el panorama competitivo es esencial al ingresar a nuevos segmentos de mercado. La consultor\u00eda estrat\u00e9gica puede analizar las fortalezas y debilidades de los competidores, el posicionamiento en el mercado y las estrategias, ofreciendo un punto de referencia e identificando \u00e1reas donde su empresa puede diferenciarse.<\/li>\n\n\n\n<li><strong>Innovaci\u00f3n y desarrollo de productos:<\/strong> Los conocimientos procedentes de nuevos segmentos del mercado pueden estimular la innovaci\u00f3n y conducir al desarrollo de nuevos productos o a la mejora de los existentes. La investigaci\u00f3n de mercados de nuevos segmentos y la consultor\u00eda estrat\u00e9gica pueden guiar el proceso de innovaci\u00f3n, asegurando que los nuevos productos est\u00e9n alineados con las necesidades del mercado y tengan una ventaja competitiva.<\/li>\n\n\n\n<li><strong>Estrategias de localizaci\u00f3n:<\/strong> For global expansion, understanding local market nuances is key. Market research can uncover cultural, economic, and regulatory differences affecting market entry. Strategy <a href=\"https:\/\/www.sisinternational.com\/es\/soluciones\/consultoria-estrategica\/consultoria-de-ejecucion-de-desarrollo-de-estrategia\/\" title=\"Consultor\u00eda en Desarrollo y Ejecuci\u00f3n de Estrategias\"  data-wpil-monitor-id=\"10372\">consulting can then assist in developing<\/a> localization strategies to adapt products, marketing efforts, and business operations to local contexts.<\/li>\n<\/ul>","protected":false},"excerpt":{"rendered":"<p>La investigaci\u00f3n de mercados de nuevos segmentos y la consultor\u00eda estrat\u00e9gica analizan datos demogr\u00e1ficos, comportamiento del consumidor y tendencias emergentes.<\/p>","protected":false},"author":1,"featured_media":71962,"parent":14567,"menu_order":42,"comment_status":"closed","ping_status":"closed","template":"","meta":{"footnotes":""},"class_list":["post-46603","page","type-page","status-publish","has-post-thumbnail"],"_links":{"self":[{"href":"https:\/\/www.sisinternational.com\/es\/wp-json\/wp\/v2\/pages\/46603","targetHints":{"allow":["GET"]}}],"collection":[{"href":"https:\/\/www.sisinternational.com\/es\/wp-json\/wp\/v2\/pages"}],"about":[{"href":"https:\/\/www.sisinternational.com\/es\/wp-json\/wp\/v2\/types\/page"}],"author":[{"embeddable":true,"href":"https:\/\/www.sisinternational.com\/es\/wp-json\/wp\/v2\/users\/1"}],"replies":[{"embeddable":true,"href":"https:\/\/www.sisinternational.com\/es\/wp-json\/wp\/v2\/comments?post=46603"}],"version-history":[{"count":8,"href":"https:\/\/www.sisinternational.com\/es\/wp-json\/wp\/v2\/pages\/46603\/revisions"}],"predecessor-version":[{"id":81709,"href":"https:\/\/www.sisinternational.com\/es\/wp-json\/wp\/v2\/pages\/46603\/revisions\/81709"}],"up":[{"embeddable":true,"href":"https:\/\/www.sisinternational.com\/es\/wp-json\/wp\/v2\/pages\/14567"}],"wp:featuredmedia":[{"embeddable":true,"href":"https:\/\/www.sisinternational.com\/es\/wp-json\/wp\/v2\/media\/71962"}],"wp:attachment":[{"href":"https:\/\/www.sisinternational.com\/es\/wp-json\/wp\/v2\/media?parent=46603"}],"curies":[{"name":"wp","href":"https:\/\/api.w.org\/{rel}","templated":true}]}}