{"id":46574,"date":"2024-02-28T18:09:17","date_gmt":"2024-02-28T23:09:17","guid":{"rendered":"https:\/\/www.sisinternational.com\/?page_id=46574"},"modified":"2026-01-26T18:54:06","modified_gmt":"2026-01-26T23:54:06","slug":"consultoria-de-investigacion-de-mercado-de-inclusion-financiera-en-economias-emergentes","status":"publish","type":"page","link":"https:\/\/www.sisinternational.com\/es\/soluciones\/investigacion-de-consultoria-estrategica-fintech\/consultoria-de-investigacion-de-mercado-de-inclusion-financiera-en-economias-emergentes\/","title":{"rendered":"Investigaci\u00f3n y consultor\u00eda de mercado de inclusi\u00f3n financiera en econom\u00edas emergentes"},"content":{"rendered":"<h1 class=\"wp-block-heading\">Investigaci\u00f3n y consultor\u00eda de mercado de inclusi\u00f3n financiera en econom\u00edas emergentes<\/h1>\n\n\n\n<figure class=\"gb-block-image gb-block-image-5b39bc85\"><img loading=\"lazy\" decoding=\"async\" width=\"1456\" height=\"816\" class=\"gb-image gb-image-5b39bc85\" src=\"https:\/\/www.sisinternational.com\/wp-content\/uploads\/2025\/10\/Emerging-Economy-Financial-Inclusion-2.jpg\" alt=\"Investigaci\u00f3n y estrategia de mercado internacional de SIS\" title=\"Emerging Economy Financial Inclusion (2)\" srcset=\"https:\/\/www.sisinternational.com\/wp-content\/uploads\/2025\/10\/Emerging-Economy-Financial-Inclusion-2.jpg 1456w, https:\/\/www.sisinternational.com\/wp-content\/uploads\/2025\/10\/Emerging-Economy-Financial-Inclusion-2-300x168.jpg 300w, https:\/\/www.sisinternational.com\/wp-content\/uploads\/2025\/10\/Emerging-Economy-Financial-Inclusion-2-1024x574.jpg 1024w, https:\/\/www.sisinternational.com\/wp-content\/uploads\/2025\/10\/Emerging-Economy-Financial-Inclusion-2-768x430.jpg 768w, https:\/\/www.sisinternational.com\/wp-content\/uploads\/2025\/10\/Emerging-Economy-Financial-Inclusion-2-18x10.jpg 18w\" sizes=\"auto, (max-width: 1456px) 100vw, 1456px\"><\/figure>\n\n\n\n<p><\/p>\n\n\n\n<hr class=\"wp-block-separator has-alpha-channel-opacity\"\/>\n\n\n\n<p>\u00bfSon las empresas realmente inclusivas en las econom\u00edas emergentes? La inclusi\u00f3n financiera en regiones que experimentan un r\u00e1pido crecimiento econ\u00f3mico y transformaci\u00f3n social es fundamental, y la investigaci\u00f3n y la consultor\u00eda de mercado de inclusi\u00f3n financiera en las econom\u00edas emergentes fomentan el acceso equitativo a los servicios financieros e impulsan el desarrollo sostenible.<\/p>\n\n\n\n<h2 class=\"wp-block-heading\">\u00bfQu\u00e9 es la investigaci\u00f3n y consultor\u00eda de mercado sobre inclusi\u00f3n financiera en econom\u00edas emergentes?<\/h2>\n\n\n\n<p>La investigaci\u00f3n y consultor\u00eda de mercado de inclusi\u00f3n financiera de econom\u00edas emergentes implican un an\u00e1lisis integral del panorama de la accesibilidad y utilizaci\u00f3n de los servicios financieros dentro de los mercados emergentes. Profundiza en la comprensi\u00f3n de las barreras y oportunidades para que las personas y las empresas accedan y se beneficien de servicios financieros como la banca, el cr\u00e9dito, los seguros y la inversi\u00f3n.<\/p>\n\n\n\n<h2 class=\"wp-block-heading\">\u00bfPor qu\u00e9 las empresas necesitan investigaci\u00f3n y consultor\u00eda de mercado sobre inclusi\u00f3n financiera en las econom\u00edas emergentes?<\/h2>\n\n\n\n<p>Effective emerging <a href=\"https:\/\/www.sisinternational.com\/es\/investigacion-de-mercado-economia-colaborativa\/\" title=\"Investigaci\u00f3n de Mercado en la Econom\u00eda Colaborativa\"  data-wpil-monitor-id=\"1922\">economy financial inclusion market research<\/a> and consulting provide businesses with deep insights into consumers&#8217; diverse needs, preferences, and behaviors in emerging economies.<\/p>\n\n\n\n<p>Adem\u00e1s, la investigaci\u00f3n y la consultor\u00eda de mercado de inclusi\u00f3n financiera facilitan la innovaci\u00f3n y la adaptaci\u00f3n al identificar tendencias emergentes, avances tecnol\u00f3gicos y mejores pr\u00e1cticas en el campo. Las empresas pueden aprovechar estos conocimientos para innovar sus modelos de negocio, adoptar nuevas tecnolog\u00edas y mantenerse por delante de sus competidores en mercados en r\u00e1pida evoluci\u00f3n. Sin embargo, aporta muchos otros beneficios como:<\/p>\n\n\n\n<ul class=\"wp-block-list\">\n<li><strong>Toma de decisiones informada:<\/strong> Businesses can make well-informed decisions backed by data and insights by conducting in-depth market research and leveraging expert <a class=\"wpil_keyword_link\" href=\"https:\/\/www.sisinternational.com\/es\/soluciones\/servicios-de-consultoria\/\"   title=\"Servicios de consultor\u00eda\" data-wpil-keyword-link=\"linked\"  data-wpil-monitor-id=\"606\">servicios de consultor\u00eda<\/a>.\u00a0<\/li>\n\n\n\n<li><strong>Estrategias personalizadas:<\/strong> Los consultores especializados en inclusi\u00f3n financiera comprenden los matices de las econom\u00edas emergentes y las diversas necesidades de las poblaciones desatendidas. Trabajan en estrecha colaboraci\u00f3n con las empresas para desarrollar estrategias personalizadas que aborden desaf\u00edos espec\u00edficos y capitalicen oportunidades, asegurando relevancia y efectividad en la ejecuci\u00f3n.<\/li>\n\n\n\n<li><a href=\"https:\/\/www.sisinternational.com\/es\/como-continuar-su-expansion-en-los-mercados-emergentes-en-esta-recesion\/\" title=\"C\u00f3mo continuar su expansi\u00f3n en los mercados emergentes durante esta recesi\u00f3n\"  data-wpil-monitor-id=\"2135\">Market Expansion: Through emerging<\/a> economy financial inclusion market research and consulting, businesses can identify untapped market segments and design products and services that cater to the needs of previously underserved populations. It opens up new avenues for growth and revenue generation, ultimately expanding the reach and impact of businesses in emerging economies.<\/li>\n\n\n\n<li><strong>Oportunidades de asociaci\u00f3n:<\/strong> <a href=\"https:\/\/www.sisinternational.com\/es\/soluciones\/investigacion-de-mercado-de-ia-y-consultoria-estrategica\/otas-reservas-redes-ai-consultoria\/\" title=\"Consultor\u00eda de IA en redes de reservas de OTA\"  data-wpil-monitor-id=\"4451\">Consulting firms often have extensive networks<\/a> and connections within the financial inclusion ecosystem, including government agencies, NGOs, fintech startups, and financial institutions. They can facilitate strategic partnerships and collaborations that enhance businesses&#8217; access to resources, expertise, and funding, enabling them to scale their initiatives more effectively.<\/li>\n<\/ul>\n\n\n\n<h2 class=\"wp-block-heading\">\u00bfQui\u00e9n utiliza la investigaci\u00f3n y la consultor\u00eda de mercado sobre inclusi\u00f3n financiera en econom\u00edas emergentes?<\/h2>\n\n\n\n<figure class=\"gb-block-image gb-block-image-3505cefe\"><img loading=\"lazy\" decoding=\"async\" width=\"1456\" height=\"816\" class=\"gb-image gb-image-3505cefe\" src=\"https:\/\/www.sisinternational.com\/wp-content\/uploads\/2025\/10\/Emerging-Economy-Financial-Inclusion-3.jpg\" alt=\"Investigaci\u00f3n y estrategia de mercado internacional de SIS\" title=\"Emerging Economy Financial Inclusion (3)\" srcset=\"https:\/\/www.sisinternational.com\/wp-content\/uploads\/2025\/10\/Emerging-Economy-Financial-Inclusion-3.jpg 1456w, https:\/\/www.sisinternational.com\/wp-content\/uploads\/2025\/10\/Emerging-Economy-Financial-Inclusion-3-300x168.jpg 300w, https:\/\/www.sisinternational.com\/wp-content\/uploads\/2025\/10\/Emerging-Economy-Financial-Inclusion-3-1024x574.jpg 1024w, https:\/\/www.sisinternational.com\/wp-content\/uploads\/2025\/10\/Emerging-Economy-Financial-Inclusion-3-768x430.jpg 768w, https:\/\/www.sisinternational.com\/wp-content\/uploads\/2025\/10\/Emerging-Economy-Financial-Inclusion-3-18x10.jpg 18w\" sizes=\"auto, (max-width: 1456px) 100vw, 1456px\"><\/figure>\n\n\n\n<p><\/p>\n\n\n\n<p>Banks, microfinance institutions, and other <a href=\"https:\/\/www.sisinternational.com\/es\/soluciones\/investigacion-de-consultoria-estrategica-fintech\/investigacion-de-mercado-de-la-industria-de-servicios-financieros\/\" title=\"Investigaci\u00f3n de mercado de la industria de servicios financieros\"  data-wpil-monitor-id=\"4558\">financial service providers utilize market research<\/a> and consulting to identify opportunities to expand their customer base and improve the accessibility and affordability of their products and services.&nbsp;<\/p>\n\n\n\n<p>Adem\u00e1s, las agencias gubernamentales y los formuladores de pol\u00edticas dependen de la investigaci\u00f3n y la consultor\u00eda de mercado para desarrollar pol\u00edticas y regulaciones basadas en evidencia que promuevan la inclusi\u00f3n y la estabilidad financiera. Los servicios de consultor\u00eda ayudan a los gobiernos a evaluar la efectividad de las iniciativas existentes, identificar brechas en la infraestructura financiera y dise\u00f1ar intervenciones espec\u00edficas para abordar las barreras sist\u00e9micas al acceso.<\/p>\n\n\n\n<p>Non-Governmental Organizations (NGOs) leverage <a href=\"https:\/\/www.sisinternational.com\/es\/soluciones\/innovacion\/el-pensamiento-de-diseno\/\" title=\"Investigaci\u00f3n de mercado de pensamiento de dise\u00f1o\"  data-wpil-monitor-id=\"7017\">market research and consulting to design<\/a> and implement programs to improve financial literacy, build capacity among underserved populations, and facilitate access to financial services. These organizations are crucial in bridging the gap between formal financial institutions and marginalized communities.<\/p>\n\n\n\n<p>Additionally, startups in the fintech space rely on <a href=\"https:\/\/www.sisinternational.com\/es\/soluciones\/investigacion-de-consultoria-estrategica-fintech\/fintech-ir-al-mercado-consultoria\/\" title=\"Consultor\u00eda de comercializaci\u00f3n de FinTech\"  data-wpil-monitor-id=\"5880\">investigaci\u00f3n de mercado<\/a> and consulting to understand market dynamics, identify niche opportunities, and develop innovative solutions that address the needs of underserved populations. Consulting services provide valuable insights into consumer behavior, regulatory requirements, and emerging trends, helping startups navigate the complexities of the financial inclusion landscape.<\/p>\n\n\n\n<h2 class=\"wp-block-heading\">Cu\u00e1ndo realizar investigaciones y consultor\u00eda sobre el mercado de inclusi\u00f3n financiera en econom\u00edas emergentes<\/h2>\n\n\n\n<p>Comprender el momento \u00f3ptimo para realizar investigaciones y consultor\u00eda sobre el mercado de inclusi\u00f3n financiera en las econom\u00edas emergentes es crucial para maximizar su efectividad e impacto, y estos son los factores clave a considerar:<\/p>\n\n\n\n<ul class=\"wp-block-list\">\n<li><strong>Entrada o Expansi\u00f3n al Mercado:<\/strong> Businesses planning to enter new <a href=\"https:\/\/www.sisinternational.com\/es\/cobertura\/las-americas\/investigacion-de-mercado-de-america-latina\/consultoria-de-entrada-al-mercado-brasil\/\" title=\"Consultor\u00eda de Entrada al Mercado en Brasil\"  data-wpil-monitor-id=\"7091\">markets or expand their operations in emerging<\/a> economies should conduct comprehensive market research and consulting beforehand.\u00a0<\/li>\n\n\n\n<li><strong>Desarrollo y reforma de pol\u00edticas:<\/strong> Government agencies and policymakers may engage in market research and consulting when formulating or revising policies and regulations related to financial inclusion.\u00a0<\/li>\n\n\n\n<li><strong>Innovaci\u00f3n de producto o servicio:<\/strong> Businesses seeking to develop or adapt financial products and services for underserved populations can benefit from conducting <a href=\"https:\/\/www.sisinternational.com\/es\/soluciones\/consultoria-de-hosteleria-y-turismo-en-viajes\/consultoria-de-desarrollo-turistico\/\" title=\"Consultor\u00eda de Desarrollo Tur\u00edstico\"  data-wpil-monitor-id=\"7129\">emerging economy financial inclusion market research<\/a> and consulting.\u00a0<\/li>\n<\/ul>\n\n\n\n<h2 class=\"wp-block-heading\">Oportunidades en econom\u00edas emergentes Inclusi\u00f3n financiera Investigaci\u00f3n de mercado y consultor\u00eda para empresas<\/h2>\n\n\n\n<p>La exploraci\u00f3n de oportunidades en la investigaci\u00f3n y consultor\u00eda de mercado de inclusi\u00f3n financiera de econom\u00edas emergentes revela varias v\u00edas para que las empresas prosperen y contribuyan al crecimiento econ\u00f3mico inclusivo:<\/p>\n\n\n\n<ul class=\"wp-block-list\">\n<li><strong>Desarrollo de asociaciones:<\/strong> Los compromisos de consultor\u00eda permiten a las empresas forjar asociaciones estrat\u00e9gicas con partes interesadas en todo el ecosistema de inclusi\u00f3n financiera, incluidas agencias gubernamentales, ONG, nuevas empresas de tecnolog\u00eda financiera e instituciones financieras. Estas asociaciones permiten a las empresas aprovechar conocimientos, recursos y redes complementarios para escalar sus iniciativas de manera m\u00e1s efectiva.<\/li>\n\n\n\n<li><strong>Liderazgo en innovaci\u00f3n:<\/strong> By investing in market research and consulting, businesses can be leaders in innovation and <a class=\"wpil_keyword_link\" href=\"https:\/\/www.sisinternational.com\/es\/categoria\/liderazgo-intelectual\/\"   title=\"Liderazgo\" data-wpil-keyword-link=\"linked\"  data-wpil-monitor-id=\"607\">liderazgo intelectual<\/a> in financial inclusion. Through developing groundbreaking solutions and disseminating best practices, businesses can shape the future of financial inclusion and drive positive change in emerging economies.<\/li>\n\n\n\n<li><strong>Impacto social:<\/strong> Engaging in market research and consulting allows businesses to create meaningful social impact by promoting economic empowerment and reducing inequality.\u00a0<\/li>\n<\/ul>\n\n\n\n<h2 class=\"wp-block-heading\">Desaf\u00edos de la inclusi\u00f3n financiera en econom\u00edas emergentes Investigaci\u00f3n de mercado y consultor\u00eda para empresas<\/h2>\n\n\n\n<figure class=\"gb-block-image gb-block-image-35dbc27d\"><img loading=\"lazy\" decoding=\"async\" width=\"1456\" height=\"816\" class=\"gb-image gb-image-35dbc27d\" src=\"https:\/\/www.sisinternational.com\/wp-content\/uploads\/2025\/10\/Emerging-Economy-Financial-Inclusion-1.jpg\" alt=\"Investigaci\u00f3n y estrategia de mercado internacional de SIS\" title=\"Emerging Economy Financial Inclusion (1)\" srcset=\"https:\/\/www.sisinternational.com\/wp-content\/uploads\/2025\/10\/Emerging-Economy-Financial-Inclusion-1.jpg 1456w, https:\/\/www.sisinternational.com\/wp-content\/uploads\/2025\/10\/Emerging-Economy-Financial-Inclusion-1-300x168.jpg 300w, https:\/\/www.sisinternational.com\/wp-content\/uploads\/2025\/10\/Emerging-Economy-Financial-Inclusion-1-1024x574.jpg 1024w, https:\/\/www.sisinternational.com\/wp-content\/uploads\/2025\/10\/Emerging-Economy-Financial-Inclusion-1-768x430.jpg 768w, https:\/\/www.sisinternational.com\/wp-content\/uploads\/2025\/10\/Emerging-Economy-Financial-Inclusion-1-18x10.jpg 18w\" sizes=\"auto, (max-width: 1456px) 100vw, 1456px\"><\/figure>\n\n\n\n<p><\/p>\n\n\n\n<p>Si bien existen abundantes oportunidades en la investigaci\u00f3n y consultor\u00eda de mercados de inclusi\u00f3n financiera en econom\u00edas emergentes, las empresas tambi\u00e9n enfrentan varios desaf\u00edos al navegar este complejo panorama:<\/p>\n\n\n\n<ul class=\"wp-block-list\">\n<li><strong>Complejidad regulatoria:<\/strong> Los marcos regulatorios que rigen los servicios financieros var\u00edan ampliamente entre las econom\u00edas emergentes y, a menudo, son complejos y evolucionan r\u00e1pidamente. Las empresas deben sortear la incertidumbre regulatoria, los requisitos de cumplimiento y las barreras legales al dise\u00f1ar e implementar iniciativas de inclusi\u00f3n financiera, lo que puede plantear desaf\u00edos importantes y aumentar los riesgos operativos.<\/li>\n\n\n\n<li><strong>Factores culturales y socioecon\u00f3micos:<\/strong> Las normas culturales, las disparidades socioecon\u00f3micas y los niveles de alfabetizaci\u00f3n pueden influir en el comportamiento y las actitudes de los consumidores hacia los servicios financieros en las econom\u00edas emergentes. Las empresas pueden tener dificultades para comprender y abordar eficazmente las diversas necesidades y preferencias de las poblaciones desatendidas, lo que dificulta la adopci\u00f3n y aceptaci\u00f3n de sus productos y servicios.<\/li>\n\n\n\n<li><strong>Infraestructura Tecnol\u00f3gica:<\/strong> El acceso limitado a la infraestructura tecnol\u00f3gica, incluida la conectividad a Internet y los dispositivos m\u00f3viles, puede restringir el alcance y la eficacia de los servicios financieros digitales en las econom\u00edas emergentes. Las empresas deben innovar y adaptar sus soluciones para adaptarse a entornos de baja tecnolog\u00eda y garantizar la inclusi\u00f3n de todos los segmentos de la poblaci\u00f3n.<\/li>\n<\/ul>\n\n\n\n<h2 class=\"wp-block-heading\">\u00bfQu\u00e9 distingue a la investigaci\u00f3n y consultor\u00eda de mercado de inclusi\u00f3n financiera de econom\u00edas emergentes de SIS?<\/h2>\n\n\n\n<p>The distinctive approach of <a href=\"https:\/\/www.linkedin.com\/company\/sisinternationalresearch\/posts\/?feedView=all\" target=\"_blank\" rel=\"noopener\">SIS<\/a> in emerging economy financial inclusion market research and consulting sets it apart by offering several key advantages:<\/p>\n\n\n\n<ul class=\"wp-block-list\">\n<li><strong>Desarrollo de estrategia integral:<\/strong> SIS consulting emphasizes a holistic approach to strategy development, considering the interconnectedness of economic, social, and environmental factors.\u00a0<\/li>\n\n\n\n<li><strong>Integraci\u00f3n de Innovaci\u00f3n y Tecnolog\u00eda:<\/strong> SIS is at the forefront of innovation, leveraging cutting-edge technologies such as artificial intelligence, blockchain, and data analytics to develop innovative solutions for financial inclusion.\u00a0<\/li>\n\n\n\n<li><strong>Sostenibilidad a largo plazo:<\/strong> Sustainability is a core principle of the SIS approach, guiding every aspect of consulting engagements. SIS <a href=\"https:\/\/www.sisinternational.com\/es\/soluciones\/si-crecimiento-global\/adquisiciones-de-abastecimiento-estrategico\/\" title=\"Soluciones de adquisiciones expertas\" data-wpil-monitor-id=\"6383\">experts prioritize solutions<\/a> that deliver short-term results and promote long-term sustainability by fostering resilience, inclusivity, and environmental stewardship.<\/li>\n\n\n\n<li><strong>Asociaci\u00f3n colaborativa:<\/strong> SIS consulting thrives on collaboration, bringing together diverse stakeholders from government, private sector, civil society, and academia to co-create solutions for financial inclusion.\u00a0<\/li>\n\n\n\n<li><strong>Medici\u00f3n y Evaluaci\u00f3n de Impacto:<\/strong> SIS est\u00e1 comprometido a medir y evaluar rigurosamente el impacto de las iniciativas de inclusi\u00f3n financiera. Al emplear marcos s\u00f3lidos de monitoreo y evaluaci\u00f3n, los consultores de SIS pueden rastrear el progreso, identificar lecciones aprendidas y mejorar continuamente las intervenciones para maximizar su efectividad e impacto.<\/li>\n<\/ul>\n\n\n\n<h2 class=\"wp-block-heading\">Nuestra ubicaci\u00f3n de instalaciones en Nueva York<\/h2>\n\n\n\n<p>  <iframe loading=\"lazy\" src=\"https:\/\/www.google.com\/maps\/embed?pb=!1m18!1m12!1m3!1d3022.976188376966!2d-73.99130312499956!3d40.740549471389315!2m3!1f0!2f0!3f0!3m2!1i1024!2i768!4f13.1!3m3!1m2!1s0x89c259a15798c731%3A0xd695d09bdd495f25!2s11%20E%2022nd%20St%20FL%202%2C%20New%20York%2C%20NY%2010010%2C%20USA!5e0!3m2!1sen!2spe!4v1726171763526!5m2!1sen!2spe\" width=\"600\" height=\"450\" allowfullscreen=\"allowfullscreen\" data-mce-fragment=\"1\"><\/iframe>  <\/p>\n\n\n\n<h3 class=\"wp-block-heading\">11 E 22nd Street, piso 2, Nueva York, NY 10010 T: +1(212) 505-6805<\/h3>\n\n\n\n<hr class=\"wp-block-separator has-alpha-channel-opacity\"\/>\n\n\n\n<h2 class=\"wp-block-heading\"><span style=\"font-weight: 400;\">Acerca de SIS Internacional<\/span><\/h2>\n\n\n\n<p><a href=\"https:\/\/www.sisinternational.com\/es\/\"><span style=\"font-weight: 400;\">SIS Internacional<\/span><\/a><span style=\"font-weight: 400;\"> ofrece investigaci\u00f3n cuantitativa, cualitativa y estrat\u00e9gica. Proporcionamos datos, herramientas, estrategias, informes y conocimientos para la toma de decisiones. Tambi\u00e9n realizamos entrevistas, encuestas, grupos focales y otros m\u00e9todos y enfoques de investigaci\u00f3n de mercado.<\/span><a href=\"https:\/\/www.sisinternational.com\/es\/sobre-la-investigacion-internacional-de-sis\/contact-sis-international-market-research\/\"><span style=\"font-weight: 400;\"> P\u00f3ngase en contacto con nosotros<\/span><\/a><span style=\"font-weight: 400;\"> para su pr\u00f3ximo proyecto de Investigaci\u00f3n de Mercado.<\/span><\/p>","protected":false},"excerpt":{"rendered":"<p>La investigaci\u00f3n y consultor\u00eda de mercado de inclusi\u00f3n financiera de econom\u00edas emergentes analizan la accesibilidad y utilizaci\u00f3n de los servicios financieros.<\/p>","protected":false},"author":1,"featured_media":71745,"parent":27462,"menu_order":70,"comment_status":"closed","ping_status":"closed","template":"","meta":{"footnotes":""},"class_list":["post-46574","page","type-page","status-publish","has-post-thumbnail"],"_links":{"self":[{"href":"https:\/\/www.sisinternational.com\/es\/wp-json\/wp\/v2\/pages\/46574","targetHints":{"allow":["GET"]}}],"collection":[{"href":"https:\/\/www.sisinternational.com\/es\/wp-json\/wp\/v2\/pages"}],"about":[{"href":"https:\/\/www.sisinternational.com\/es\/wp-json\/wp\/v2\/types\/page"}],"author":[{"embeddable":true,"href":"https:\/\/www.sisinternational.com\/es\/wp-json\/wp\/v2\/users\/1"}],"replies":[{"embeddable":true,"href":"https:\/\/www.sisinternational.com\/es\/wp-json\/wp\/v2\/comments?post=46574"}],"version-history":[{"count":18,"href":"https:\/\/www.sisinternational.com\/es\/wp-json\/wp\/v2\/pages\/46574\/revisions"}],"predecessor-version":[{"id":80692,"href":"https:\/\/www.sisinternational.com\/es\/wp-json\/wp\/v2\/pages\/46574\/revisions\/80692"}],"up":[{"embeddable":true,"href":"https:\/\/www.sisinternational.com\/es\/wp-json\/wp\/v2\/pages\/27462"}],"wp:featuredmedia":[{"embeddable":true,"href":"https:\/\/www.sisinternational.com\/es\/wp-json\/wp\/v2\/media\/71745"}],"wp:attachment":[{"href":"https:\/\/www.sisinternational.com\/es\/wp-json\/wp\/v2\/media?parent=46574"}],"curies":[{"name":"wp","href":"https:\/\/api.w.org\/{rel}","templated":true}]}}