{"id":46563,"date":"2024-02-28T13:29:46","date_gmt":"2024-02-28T18:29:46","guid":{"rendered":"https:\/\/www.sisinternational.com\/?page_id=46563"},"modified":"2026-01-27T16:48:52","modified_gmt":"2026-01-27T21:48:52","slug":"esg-inversor-investigacion-de-mercado-estrategia-consultoria","status":"publish","type":"page","link":"https:\/\/www.sisinternational.com\/es\/soluciones\/consultoria-estrategica\/esg-inversor-investigacion-de-mercado-estrategia-consultoria\/","title":{"rendered":"ESG Investor Strategy Consulting"},"content":{"rendered":"<h1 class=\"wp-block-heading\">ESG Investor Strategy Consulting<\/h1>\n\n\n\n<figure class=\"gb-block-image gb-block-image-1f30b83f\"><img loading=\"lazy\" decoding=\"async\" width=\"1456\" height=\"816\" class=\"gb-image gb-image-1f30b83f\" src=\"https:\/\/www.sisinternational.com\/wp-content\/uploads\/2025\/10\/ESG-Investor-3.jpg\" alt=\"Investigaci\u00f3n y estrategia de mercado internacional de SIS\" title=\"ESG Investor (3)\" srcset=\"https:\/\/www.sisinternational.com\/wp-content\/uploads\/2025\/10\/ESG-Investor-3.jpg 1456w, https:\/\/www.sisinternational.com\/wp-content\/uploads\/2025\/10\/ESG-Investor-3-300x168.jpg 300w, https:\/\/www.sisinternational.com\/wp-content\/uploads\/2025\/10\/ESG-Investor-3-1024x574.jpg 1024w, https:\/\/www.sisinternational.com\/wp-content\/uploads\/2025\/10\/ESG-Investor-3-768x430.jpg 768w, https:\/\/www.sisinternational.com\/wp-content\/uploads\/2025\/10\/ESG-Investor-3-18x10.jpg 18w\" sizes=\"auto, (max-width: 1456px) 100vw, 1456px\"><\/figure>\n\n\n\n<p><\/p>\n\n\n\n<p>En el panorama financiero actual en r\u00e1pida evoluci\u00f3n, la inversi\u00f3n sostenible se ha convertido en una piedra angular para los inversores que buscan alinear sus objetivos financieros con consideraciones ambientales, sociales y de gobernanza (ESG). Por lo tanto, a medida que se intensifica la atenci\u00f3n sobre la inversi\u00f3n ESG, las empresas recurren cada vez m\u00e1s a la investigaci\u00f3n de mercado de inversores ESG y a la consultor\u00eda estrat\u00e9gica para navegar con eficacia en este complejo terreno.<\/p>\n\n\n\n<h2 class=\"wp-block-heading\">Comprender la investigaci\u00f3n de mercado de inversores ESG y la consultor\u00eda estrat\u00e9gica<\/h2>\n\n\n\n<p>La consultor\u00eda estrat\u00e9gica y de investigaci\u00f3n de mercado de inversores ESG examina diversos criterios ambientales, sociales y de gobernanza para evaluar su impacto en el rendimiento de las inversiones y la gesti\u00f3n de riesgos. Al realizar una investigaci\u00f3n de mercado exhaustiva, los consultores identifican tendencias emergentes, eval\u00faan el sentimiento de los inversores y eval\u00faan el panorama competitivo dentro del espacio de inversi\u00f3n ESG.<\/p>\n\n\n\n<p>Adem\u00e1s, la investigaci\u00f3n de mercado y la consultor\u00eda estrat\u00e9gica brindan informaci\u00f3n \u00fatil para ayudar a las empresas a desarrollar estrategias de inversi\u00f3n ESG s\u00f3lidas alineadas con sus objetivos financieros y de sostenibilidad. Los consultores trabajan en estrecha colaboraci\u00f3n con los clientes para comprender sus valores \u00fanicos, su tolerancia al riesgo y sus preferencias de inversi\u00f3n, adaptando recomendaciones para optimizar el rendimiento de la cartera y al mismo tiempo promover pr\u00e1cticas de inversi\u00f3n responsable.<\/p>\n\n\n\n<h2 class=\"wp-block-heading\">Importancia de la consultor\u00eda estrat\u00e9gica y la investigaci\u00f3n de mercados de inversores ESG<\/h2>\n\n\n\n<figure class=\"gb-block-image gb-block-image-3898f360\"><img loading=\"lazy\" decoding=\"async\" width=\"1456\" height=\"816\" class=\"gb-image gb-image-3898f360\" src=\"https:\/\/www.sisinternational.com\/wp-content\/uploads\/2025\/10\/ESG-Investor-2.jpg\" alt=\"Investigaci\u00f3n y estrategia de mercado internacional de SIS\" title=\"ESG Investor (2)\" srcset=\"https:\/\/www.sisinternational.com\/wp-content\/uploads\/2025\/10\/ESG-Investor-2.jpg 1456w, https:\/\/www.sisinternational.com\/wp-content\/uploads\/2025\/10\/ESG-Investor-2-300x168.jpg 300w, https:\/\/www.sisinternational.com\/wp-content\/uploads\/2025\/10\/ESG-Investor-2-1024x574.jpg 1024w, https:\/\/www.sisinternational.com\/wp-content\/uploads\/2025\/10\/ESG-Investor-2-768x430.jpg 768w, https:\/\/www.sisinternational.com\/wp-content\/uploads\/2025\/10\/ESG-Investor-2-18x10.jpg 18w\" sizes=\"auto, (max-width: 1456px) 100vw, 1456px\"><\/figure>\n\n\n\n<p><\/p>\n\n\n\n<p>La investigaci\u00f3n de mercado de inversores ESG y la consultor\u00eda estrat\u00e9gica ayudan a las empresas a identificar y mitigar los riesgos ambientales, sociales y de gobernanza que podr\u00edan afectar sus carteras de inversi\u00f3n. Al integrar factores ESG en sus procesos de toma de decisiones, las empresas pueden proteger sus inversiones y salvaguardar el valor para los accionistas contra los riesgos emergentes relacionados con la sostenibilidad.<\/p>\n\n\n\n<p>Esta investigaci\u00f3n y consultor\u00eda de mercado proporciona a las empresas una comprensi\u00f3n m\u00e1s profunda de las oportunidades y desaf\u00edos asociados con la inversi\u00f3n sostenible. Al analizar los datos y las tendencias ESG, las empresas pueden tomar decisiones de inversi\u00f3n informadas que se alineen con sus valores y objetivos financieros a largo plazo. Esto les permite identificar oportunidades de inversi\u00f3n atractivas en sectores con un s\u00f3lido desempe\u00f1o ESG y evitar posibles obst\u00e1culos asociados con pr\u00e1cticas insostenibles.<\/p>\n\n\n\n<p>La investigaci\u00f3n de mercado de inversores ESG y la consultor\u00eda estrat\u00e9gica tambi\u00e9n ayudan a las empresas a mejorar sus relaciones con las partes interesadas, incluidos inversores, clientes, empleados y reguladores. Demuestra un compromiso con la sostenibilidad y la inversi\u00f3n responsable, las empresas pueden reforzar su reputaci\u00f3n, atraer inversores con conciencia social y fomentar una mayor confianza y lealtad entre las partes interesadas clave. Sin embargo, tiene muchos otros beneficios para las empresas, que incluyen:<\/p>\n\n\n\n<ul class=\"wp-block-list\">\n<li><strong>Gesti\u00f3n de riesgos mejorada:<\/strong> La investigaci\u00f3n de mercado y la consultor\u00eda estrat\u00e9gica permiten a las empresas identificar y evaluar los riesgos relacionados con ESG que podr\u00edan afectar sus carteras de inversi\u00f3n. Adem\u00e1s, al incorporar factores ESG en sus marcos de gesti\u00f3n de riesgos, las empresas pueden desarrollar resiliencia frente a amenazas emergentes relacionadas con la sostenibilidad, como el cambio clim\u00e1tico, los cambios regulatorios y los riesgos reputacionales.<\/li>\n\n\n\n<li><strong>Rendimiento financiero mejorado:<\/strong> Numerosos estudios han demostrado una correlaci\u00f3n positiva entre un s\u00f3lido desempe\u00f1o ESG y la rentabilidad financiera. La investigaci\u00f3n de mercado de inversores ESG y la consultor\u00eda estrat\u00e9gica ayudan a las empresas a identificar oportunidades de inversi\u00f3n con s\u00f3lidas credenciales ESG, lo que conduce a un mejor desempe\u00f1o financiero y una ventaja competitiva.<\/li>\n\n\n\n<li><strong>Acceso al capital y demanda de los inversores:<\/strong> A medida que la demanda de inversiones sostenibles sigue aumentando, las empresas que priorizan las consideraciones ESG est\u00e1n mejor posicionadas para atraer capital de inversores con conciencia social, como fondos centrados en ESG, fondos de pensiones e inversores institucionales.<\/li>\n\n\n\n<li><strong>Mayor participaci\u00f3n y reputaci\u00f3n de las partes interesadas:<\/strong> La investigaci\u00f3n de mercado y la consultor\u00eda estrat\u00e9gica ayudan a las empresas a identificar los problemas ESG clave que m\u00e1s importan a sus partes interesadas y a desarrollar estrategias para abordarlos de manera efectiva. Al interactuar con las partes interesadas en cuestiones ESG, las empresas pueden mejorar su reputaci\u00f3n, generar confianza y fomentar relaciones a largo plazo que impulsen el crecimiento empresarial sostenible.<\/li>\n\n\n\n<li><strong>Alineaci\u00f3n con los requisitos reglamentarios:<\/strong> La investigaci\u00f3n de mercado de inversores ESG ayuda a las empresas a mantenerse a la vanguardia de la evoluci\u00f3n de las regulaciones y est\u00e1ndares de informes ESG, garantizando el cumplimiento de los requisitos legales y las mejores pr\u00e1cticas de la industria. Al adoptar pr\u00e1cticas de presentaci\u00f3n de informes ESG transparentes y s\u00f3lidas, las empresas pueden demostrar responsabilidad, mitigar los riesgos regulatorios y mejorar su credibilidad ante los reguladores, inversores y otras partes interesadas.<\/li>\n<\/ul>\n\n\n\n<h2 class=\"wp-block-heading\">\u00bfQui\u00e9n utiliza la investigaci\u00f3n de mercado y la consultor\u00eda estrat\u00e9gica para inversores ESG?<\/h2>\n\n\n\n<p>Investment managers and asset owners such as pension funds, endowments, and sovereign wealth funds, use ESG investor market research and <a href=\"https:\/\/www.sisinternational.com\/es\/estrategias-de-sostenibilidad-corporativa-un-estudio-de-caso-de-siemens\/\" title=\"Estrategias de sostenibilidad corporativa: un estudio de caso de Siemens\"  data-wpil-monitor-id=\"1751\">consultor\u00eda estrat\u00e9gica<\/a> to identify investment opportunities that align with their sustainability objectives and financial goals. By integrating ESG considerations into their investment strategies, these stakeholders aim to generate long-term value, manage risk, and meet the growing demand for sustainable investment options from their clients and beneficiaries.<\/p>\n\n\n\n<p>Adem\u00e1s, los ejecutivos corporativos y las juntas directivas aprovechan la investigaci\u00f3n de mercado y la consultor\u00eda estrat\u00e9gica para comprender las expectativas de los inversores, identificar riesgos y oportunidades relacionados con ESG y mejorar las pr\u00e1cticas de gobierno corporativo. Como resultado de priorizar los factores ESG en sus procesos de toma de decisiones, estas partes interesadas pueden fortalecer su posicionamiento competitivo, mejorar las relaciones con las partes interesadas e impulsar la creaci\u00f3n de valor a largo plazo para sus organizaciones y accionistas.<\/p>\n\n\n\n<p>Additionally, financial analysts and <a href=\"https:\/\/www.sisinternational.com\/es\/cobertura\/las-americas\/investigacion-de-mercado-en-el-caribe\/investigacion-de-mercado-guadalupe\/\" title=\"Investigaci\u00f3n de mercado en Guadalupe\"  data-wpil-monitor-id=\"6096\">research firms use market<\/a> research and strategy consulting to assess companies&#8217; sustainability performance and risk profile across various sectors and industries. With the analysis and integration of ESG data into their investment models and research reports, these stakeholders provide valuable insights to investors, enabling them to make informed investment decisions based on financial and non-financial factors.<\/p>\n\n\n\n<p>Los reguladores y formuladores de pol\u00edticas tambi\u00e9n conf\u00edan en esta investigaci\u00f3n de mercado y consultor\u00eda estrat\u00e9gica para desarrollar e implementar marcos regulatorios que promuevan la transparencia, la rendici\u00f3n de cuentas y la sostenibilidad en los mercados financieros. Al monitorear las tendencias y pr\u00e1cticas ESG, evaluar los riesgos de mercado y colaborar con las partes interesadas de la industria, los reguladores pueden crear un entorno m\u00e1s propicio para la inversi\u00f3n responsable y garantizar la integridad y estabilidad de los mercados financieros.<\/p>\n\n\n\n<h2 class=\"wp-block-heading\">Cu\u00e1ndo realizar una investigaci\u00f3n de mercado de inversores ESG y una consultor\u00eda estrat\u00e9gica<\/h2>\n\n\n\n<figure class=\"gb-block-image gb-block-image-9cac8af4\"><img loading=\"lazy\" decoding=\"async\" width=\"1456\" height=\"816\" class=\"gb-image gb-image-9cac8af4\" src=\"https:\/\/www.sisinternational.com\/wp-content\/uploads\/2025\/10\/ESG-Investor-4.jpg\" alt=\"Investigaci\u00f3n y estrategia de mercado internacional de SIS\" title=\"ESG Investor (4)\" srcset=\"https:\/\/www.sisinternational.com\/wp-content\/uploads\/2025\/10\/ESG-Investor-4.jpg 1456w, https:\/\/www.sisinternational.com\/wp-content\/uploads\/2025\/10\/ESG-Investor-4-300x168.jpg 300w, https:\/\/www.sisinternational.com\/wp-content\/uploads\/2025\/10\/ESG-Investor-4-1024x574.jpg 1024w, https:\/\/www.sisinternational.com\/wp-content\/uploads\/2025\/10\/ESG-Investor-4-768x430.jpg 768w, https:\/\/www.sisinternational.com\/wp-content\/uploads\/2025\/10\/ESG-Investor-4-18x10.jpg 18w\" sizes=\"auto, (max-width: 1456px) 100vw, 1456px\"><\/figure>\n\n\n\n<p><\/p>\n\n\n\n<p>Determining the optimal timing for conducting <a href=\"https:\/\/www.sisinternational.com\/es\/optimizacion-de-sitios-web-corporativos-para-el-retorno-de-la-inversion\/\" title=\"Optimizaci\u00f3n de sitios web corporativos para el retorno de la inversi\u00f3n\"  data-wpil-monitor-id=\"7596\">ESG investor market research and strategy<\/a> consulting involves considering various factors and aligning with strategic objectives. Here are some key considerations:<\/p>\n\n\n\n<ul class=\"wp-block-list\">\n<li><strong>Ciclos de informes corporativos:<\/strong> Las empresas deben alinear el momento de la investigaci\u00f3n de mercado de inversionistas ESG con los ciclos de presentaci\u00f3n de informes corporativos, como los per\u00edodos de presentaci\u00f3n de informes anuales o trimestrales, para garantizar la divulgaci\u00f3n oportuna de informaci\u00f3n relacionada con ESG, el cumplimiento de los requisitos regulatorios y la comunicaci\u00f3n transparente con las partes interesadas.<\/li>\n\n\n\n<li><strong>Due Diligence de Fusiones y Adquisiciones (M&amp;A):<\/strong> Realizar investigaciones de mercado y consultor\u00eda estrat\u00e9gica como parte de los procesos de debida diligencia de fusiones y adquisiciones es fundamental para evaluar los riesgos y oportunidades ESG asociados con las empresas objetivo, evaluar posibles sinergias y desaf\u00edos de integraci\u00f3n, y mitigar los riesgos relacionados con ESG en las negociaciones de acuerdos.<\/li>\n\n\n\n<li><strong>Obligaciones de Cumplimiento Normativo y Divulgaci\u00f3n:<\/strong> Es vital mantenerse al tanto de la evoluci\u00f3n de los requisitos regulatorios y los est\u00e1ndares de la industria relacionados con la divulgaci\u00f3n, la presentaci\u00f3n de informes y el cumplimiento de ESG, y realizar una investigaci\u00f3n de mercado de inversionistas ESG en consecuencia para garantizar el cumplimiento de los mandatos regulatorios y mitigar los riesgos regulatorios.<\/li>\n<\/ul>\n\n\n\n<h2 class=\"wp-block-heading\">Resultados esperados de nuestra consultor\u00eda estrat\u00e9gica y de investigaci\u00f3n de mercado para inversores ESG<\/h2>\n\n\n\n<p>Participar en investigaci\u00f3n de mercado de inversionistas ESG y consultor\u00eda estrat\u00e9gica puede generar una variedad de resultados positivos para las organizaciones comprometidas con la sustentabilidad y las pr\u00e1cticas comerciales responsables, y estos son algunos de los resultados esperados:<\/p>\n\n\n\n<ul class=\"wp-block-list\">\n<li><strong>Rendimiento ESG mejorado:<\/strong> A trav\u00e9s de una exhaustiva investigaci\u00f3n de mercado y consultor\u00eda estrat\u00e9gica, las organizaciones pueden identificar oportunidades para mejorar su desempe\u00f1o ESG.<\/li>\n\n\n\n<li><strong>Gesti\u00f3n de riesgos mejorada:<\/strong> La investigaci\u00f3n de mercado y la consultor\u00eda estrat\u00e9gica ayudan a las organizaciones a identificar y mitigar los riesgos relacionados con ESG, como problemas de cumplimiento normativo, interrupciones de la cadena de suministro y da\u00f1os a la reputaci\u00f3n.<\/li>\n\n\n\n<li><strong>Acceso a la capital:<\/strong> Demostrar un s\u00f3lido desempe\u00f1o ESG y un compromiso con la sostenibilidad puede atraer inversores que prioricen criterios de inversi\u00f3n responsable.<\/li>\n\n\n\n<li><strong>Mayor confianza de las partes interesadas:<\/strong> A trav\u00e9s de informes y comunicaciones transparentes sobre el desempe\u00f1o ESG, las organizaciones pueden generar confianza y credibilidad con las partes interesadas, incluidos inversores, clientes, empleados y comunidades.<\/li>\n\n\n\n<li><strong>Innovaci\u00f3n y crecimiento empresarial:<\/strong> <a href=\"https:\/\/www.sisinternational.com\/es\/soluciones\/investigacion-de-mercado-de-ia-y-consultoria-estrategica\/firma-consultora-de-estrategia-de-crecimiento\/\" title=\"Firma de consultor\u00eda de estrategia de crecimiento\"  data-wpil-monitor-id=\"1696\">ESG investor market research and strategy consulting<\/a> can uncover opportunities for innovation, product development, and market expansion aligned with sustainability trends and stakeholder preferences.<\/li>\n<\/ul>\n\n\n\n<h2 class=\"wp-block-heading\">El enfoque de SIS para la investigaci\u00f3n de mercado de inversores ESG y la consultor\u00eda estrat\u00e9gica<\/h2>\n\n\n\n<figure class=\"gb-block-image gb-block-image-0fa1240c\"><img loading=\"lazy\" decoding=\"async\" width=\"1456\" height=\"816\" class=\"gb-image gb-image-0fa1240c\" src=\"https:\/\/www.sisinternational.com\/wp-content\/uploads\/2025\/10\/ESG-Investor-1.jpg\" alt=\"Investigaci\u00f3n y estrategia de mercado internacional de SIS\" title=\"ESG Investor (1)\" srcset=\"https:\/\/www.sisinternational.com\/wp-content\/uploads\/2025\/10\/ESG-Investor-1.jpg 1456w, https:\/\/www.sisinternational.com\/wp-content\/uploads\/2025\/10\/ESG-Investor-1-300x168.jpg 300w, https:\/\/www.sisinternational.com\/wp-content\/uploads\/2025\/10\/ESG-Investor-1-1024x574.jpg 1024w, https:\/\/www.sisinternational.com\/wp-content\/uploads\/2025\/10\/ESG-Investor-1-768x430.jpg 768w, https:\/\/www.sisinternational.com\/wp-content\/uploads\/2025\/10\/ESG-Investor-1-18x10.jpg 18w\" sizes=\"auto, (max-width: 1456px) 100vw, 1456px\"><\/figure>\n\n\n\n<p><\/p>\n\n\n\n<p>En SIS, nuestro enfoque de consultor\u00eda estrat\u00e9gica e investigaci\u00f3n de mercado de inversores ESG se basa en un marco integral e integrado que abarca la sostenibilidad, el impacto y la participaci\u00f3n de las partes interesadas. Nuestro objetivo es ofrecer una creaci\u00f3n de valor sostenible, un impacto social y ambiental positivo y un compromiso significativo con las partes interesadas en todo el ecosistema de inversi\u00f3n centr\u00e1ndonos en estos principios fundamentales.<\/p>\n\n\n\n<ul class=\"wp-block-list\">\n<li><strong>Sostenibilidad:<\/strong> Nuestro enfoque comienza con una comprensi\u00f3n profunda de los principios y pr\u00e1cticas de sostenibilidad, reconociendo la importancia de la creaci\u00f3n de valor a largo plazo, la gesti\u00f3n ambiental y la responsabilidad social. Trabajamos en estrecha colaboraci\u00f3n con los clientes para evaluar su desempe\u00f1o ESG, identificar problemas materiales y desarrollar estrategias para integrar la sostenibilidad en sus procesos de inversi\u00f3n y marcos de toma de decisiones.<\/li>\n\n\n\n<li><strong>Impacto:<\/strong> Partiendo de la base de la sostenibilidad, hacemos hincapi\u00e9 en medir y maximizar el impacto en las dimensiones ambiental, social y de gobernanza. A trav\u00e9s de rigurosas metodolog\u00edas y m\u00e9tricas de evaluaci\u00f3n de impacto, ayudamos a los clientes a evaluar los efectos tangibles de sus inversiones en las partes interesadas clave, las comunidades y el planeta.<\/li>\n\n\n\n<li><strong>Participaci\u00f3n de los interesados:<\/strong> Un elemento central de nuestro enfoque es el principio de participaci\u00f3n de las partes interesadas, reconociendo que la colaboraci\u00f3n y el di\u00e1logo efectivos con inversores, empresas, reguladores y la sociedad civil son esenciales para impulsar pr\u00e1cticas de inversi\u00f3n sostenible. Facilitamos procesos de participaci\u00f3n de las partes interesadas transparentes e inclusivos, lo que permite a los clientes reunir diversas perspectivas, abordar inquietudes y generar confianza en las partes interesadas.<\/li>\n<\/ul>\n\n\n\n<p><\/p>","protected":false},"excerpt":{"rendered":"<p>La consultor\u00eda estrat\u00e9gica y de investigaci\u00f3n de mercado de inversores ESG eval\u00faa los criterios ESG para el rendimiento de las inversiones y la gesti\u00f3n de riesgos.<\/p>","protected":false},"author":1,"featured_media":71952,"parent":14567,"menu_order":40,"comment_status":"closed","ping_status":"closed","template":"","meta":{"footnotes":""},"class_list":["post-46563","page","type-page","status-publish","has-post-thumbnail"],"_links":{"self":[{"href":"https:\/\/www.sisinternational.com\/es\/wp-json\/wp\/v2\/pages\/46563","targetHints":{"allow":["GET"]}}],"collection":[{"href":"https:\/\/www.sisinternational.com\/es\/wp-json\/wp\/v2\/pages"}],"about":[{"href":"https:\/\/www.sisinternational.com\/es\/wp-json\/wp\/v2\/types\/page"}],"author":[{"embeddable":true,"href":"https:\/\/www.sisinternational.com\/es\/wp-json\/wp\/v2\/users\/1"}],"replies":[{"embeddable":true,"href":"https:\/\/www.sisinternational.com\/es\/wp-json\/wp\/v2\/comments?post=46563"}],"version-history":[{"count":11,"href":"https:\/\/www.sisinternational.com\/es\/wp-json\/wp\/v2\/pages\/46563\/revisions"}],"predecessor-version":[{"id":81219,"href":"https:\/\/www.sisinternational.com\/es\/wp-json\/wp\/v2\/pages\/46563\/revisions\/81219"}],"up":[{"embeddable":true,"href":"https:\/\/www.sisinternational.com\/es\/wp-json\/wp\/v2\/pages\/14567"}],"wp:featuredmedia":[{"embeddable":true,"href":"https:\/\/www.sisinternational.com\/es\/wp-json\/wp\/v2\/media\/71952"}],"wp:attachment":[{"href":"https:\/\/www.sisinternational.com\/es\/wp-json\/wp\/v2\/media?parent=46563"}],"curies":[{"name":"wp","href":"https:\/\/api.w.org\/{rel}","templated":true}]}}