{"id":46559,"date":"2024-02-28T18:12:29","date_gmt":"2024-02-28T23:12:29","guid":{"rendered":"https:\/\/www.sisinternational.com\/?page_id=46559"},"modified":"2026-01-27T16:38:52","modified_gmt":"2026-01-27T21:38:52","slug":"consultoria-de-gobierno-corporativo","status":"publish","type":"page","link":"https:\/\/www.sisinternational.com\/es\/soluciones\/consultoria-estrategica\/consultoria-de-gobierno-corporativo\/","title":{"rendered":"Consultor\u00eda de Gobierno Corporativo"},"content":{"rendered":"<h1 class=\"wp-block-heading\">Consultor\u00eda de Gobierno Corporativo<\/h1>\n\n\n\n<figure class=\"gb-block-image gb-block-image-cb8dd27f\"><img loading=\"lazy\" decoding=\"async\" width=\"1456\" height=\"816\" class=\"gb-image gb-image-cb8dd27f\" src=\"https:\/\/www.sisinternational.com\/wp-content\/uploads\/2025\/10\/Corporate-Governance-4.jpg\" alt=\"Investigaci\u00f3n y estrategia de mercado internacional de SIS\" title=\"Corporate Governance (4)\" srcset=\"https:\/\/www.sisinternational.com\/wp-content\/uploads\/2025\/10\/Corporate-Governance-4.jpg 1456w, https:\/\/www.sisinternational.com\/wp-content\/uploads\/2025\/10\/Corporate-Governance-4-300x168.jpg 300w, https:\/\/www.sisinternational.com\/wp-content\/uploads\/2025\/10\/Corporate-Governance-4-1024x574.jpg 1024w, https:\/\/www.sisinternational.com\/wp-content\/uploads\/2025\/10\/Corporate-Governance-4-768x430.jpg 768w, https:\/\/www.sisinternational.com\/wp-content\/uploads\/2025\/10\/Corporate-Governance-4-18x10.jpg 18w\" sizes=\"auto, (max-width: 1456px) 100vw, 1456px\"><\/figure>\n\n\n\n<p><\/p>\n\n\n\n<p>\u00bfSu empresa est\u00e1 aprovechando todo el poder de un gobierno corporativo eficaz para impulsar el \u00e9xito y la sostenibilidad? En el panorama empresarial global en constante evoluci\u00f3n, la consultor\u00eda de gobierno corporativo se ha convertido en una piedra angular para las empresas que buscan mejorar su direcci\u00f3n estrat\u00e9gica, integridad operativa y confianza de las partes interesadas. Este servicio de consultor\u00eda especializada ofrece la experiencia y los conocimientos necesarios para navegar las complejidades de la gobernanza, garantizando que las organizaciones cumplan con los requisitos regulatorios y sobresalgan en liderazgo y responsabilidad corporativos.<\/p>\n\n\n\n<p>\u00bfQu\u00e9 es la consultor\u00eda de gobierno corporativo? La consultor\u00eda de gobierno corporativo ayuda a las organizaciones a desarrollar, implementar y mejorar sus estructuras y pr\u00e1cticas de gobierno para garantizar que sus marcos de gobierno se alineen con las mejores pr\u00e1cticas y respalden sus objetivos estrat\u00e9gicos.<\/p>\n\n\n\n<p>Se centra en los mecanismos, procesos y relaciones mediante los cuales las corporaciones son controladas y dirigidas. Esto incluye asesoramiento sobre la composici\u00f3n y estructura de la junta directiva, la remuneraci\u00f3n de los ejecutivos, la participaci\u00f3n de los accionistas y el cumplimiento de las normas de gobernanza nacionales e internacionales. Los consultores en este campo trabajan en estrecha colaboraci\u00f3n con la alta direcci\u00f3n y los miembros de la junta directiva para identificar debilidades de gobernanza, desarrollar estrategias para abordar estos problemas e implementar marcos que promuevan la transparencia, la rendici\u00f3n de cuentas y la toma de decisiones eficaz.<\/p>\n\n\n\n<h2 class=\"wp-block-heading\">Importancia de la consultor\u00eda en gobierno corporativo<\/h2>\n\n\n\n<p>La consultor\u00eda de gobierno corporativo ofrece informaci\u00f3n sobre los est\u00e1ndares de gobierno locales e internacionales, ayudando a las empresas a garantizar el cumplimiento y evitar posibles repercusiones legales y financieras. Esto es particularmente vital para las empresas que operan en m\u00faltiples jurisdicciones, donde la complejidad de los requisitos regulatorios puede plantear desaf\u00edos importantes.<\/p>\n\n\n\n<p>Adem\u00e1s, <a href=\"https:\/\/www.sisinternational.com\/es\/soluciones\/si-crecimiento-global\/gestion-de-proyectos-globales\/\" title=\"Consultor\u00eda de gesti\u00f3n de proyectos globales\"  data-wpil-monitor-id=\"10611\">consulting is crucial in risk management<\/a>. By evaluating and enhancing governance structures and practices, consultants help businesses identify and mitigate a wide range of risks, from financial and operational to reputational and strategic.<\/p>\n\n\n\n<p>Adem\u00e1s, esta consultor\u00eda fomenta pr\u00e1cticas comerciales \u00e9ticas y la responsabilidad. Los consultores ayudan a las organizaciones a establecer c\u00f3digos de conducta, pol\u00edticas de \u00e9tica y mecanismos de rendici\u00f3n de cuentas que se alineen con los valores de la empresa y las expectativas de las partes interesadas. Esto mejora la reputaci\u00f3n de la organizaci\u00f3n y contribuye a una cultura corporativa que prioriza la integridad y la toma de decisiones \u00e9ticas.<\/p>\n\n\n\n<h2 class=\"wp-block-heading\">\u00bfCu\u00e1les son los beneficios de la consultor\u00eda en gobierno corporativo?<\/h2>\n\n\n\n<figure class=\"gb-block-image gb-block-image-815810a1\"><img loading=\"lazy\" decoding=\"async\" width=\"1456\" height=\"816\" class=\"gb-image gb-image-815810a1\" src=\"https:\/\/www.sisinternational.com\/wp-content\/uploads\/2025\/10\/Corporate-Governance-2.jpg\" alt=\"Investigaci\u00f3n y estrategia de mercado internacional de SIS\" title=\"Corporate Governance (2)\" srcset=\"https:\/\/www.sisinternational.com\/wp-content\/uploads\/2025\/10\/Corporate-Governance-2.jpg 1456w, https:\/\/www.sisinternational.com\/wp-content\/uploads\/2025\/10\/Corporate-Governance-2-300x168.jpg 300w, https:\/\/www.sisinternational.com\/wp-content\/uploads\/2025\/10\/Corporate-Governance-2-1024x574.jpg 1024w, https:\/\/www.sisinternational.com\/wp-content\/uploads\/2025\/10\/Corporate-Governance-2-768x430.jpg 768w, https:\/\/www.sisinternational.com\/wp-content\/uploads\/2025\/10\/Corporate-Governance-2-18x10.jpg 18w\" sizes=\"auto, (max-width: 1456px) 100vw, 1456px\"><\/figure>\n\n\n\n<p><\/p>\n\n\n\n<p>Participar en consultor\u00eda de gobierno corporativo ofrece numerosos beneficios que pueden mejorar significativamente la integridad operativa, la reputaci\u00f3n en el mercado y el \u00e9xito estrat\u00e9gico de una empresa, y estos son algunos de los beneficios clave:<\/p>\n\n\n\n<ul class=\"wp-block-list\">\n<li><strong>Gesti\u00f3n de riesgos mejorada:<\/strong> <a href=\"https:\/\/www.sisinternational.com\/es\/soluciones\/consultoria-estrategica\/\" title=\"Consultor\u00eda estrat\u00e9gica\"  data-wpil-monitor-id=\"10610\">Consultants provide the tools and strategies<\/a> needed to strengthen risk management frameworks, safeguarding the organization&#8217;s assets and reputation.<\/li>\n\n\n\n<li><strong>Mayor transparencia y rendici\u00f3n de cuentas:<\/strong> Los servicios de consultor\u00eda ayudan a establecer estructuras y procesos de gobernanza claros que promuevan la transparencia y la rendici\u00f3n de cuentas.<\/li>\n\n\n\n<li><a href=\"https:\/\/www.sisinternational.com\/es\/soluciones\/si-crecimiento-global\/consultoria-de-planificacion-estrategica\/\" title=\"Consultor\u00eda de Planificaci\u00f3n Estrat\u00e9gica\"  data-wpil-monitor-id=\"10621\">Strategic Alignment and Performance: This consulting<\/a> ensures that corporate governance frameworks support the organization&#8217;s strategic objectives.<\/li>\n\n\n\n<li><strong>Fomento de una cultura corporativa \u00e9tica:<\/strong> Los consultores ayudan a incorporar principios \u00e9ticos y una cultura de integridad en toda la organizaci\u00f3n. Esta cultura es clave para atraer y retener talento, mantener la fidelidad del cliente y proteger la marca.<\/li>\n\n\n\n<li><strong>Mejores relaciones con las partes interesadas:<\/strong> Al mejorar los mecanismos de comunicaci\u00f3n y participaci\u00f3n, esta consultor\u00eda fomenta relaciones m\u00e1s s\u00f3lidas con todas las partes interesadas, incluidos inversores, clientes, empleados y la comunidad.<\/li>\n<\/ul>\n\n\n\n<h2 class=\"wp-block-heading\">\u00bfQui\u00e9n utiliza la consultor\u00eda de gobierno corporativo?<\/h2>\n\n\n\n<p>Los servicios de consultor\u00eda de gobierno corporativo son buscados por una amplia gama de entidades, cada una de las cuales reconoce el papel fundamental que desempe\u00f1a un gobierno eficaz para lograr objetivos estrat\u00e9gicos, garantizar el cumplimiento y mantener una reputaci\u00f3n corporativa positiva. A continuaci\u00f3n se ofrece una descripci\u00f3n general de qui\u00e9n suele dedicarse a la consultor\u00eda de gobierno corporativo y por qu\u00e9:<\/p>\n\n\n\n<ul class=\"wp-block-list\">\n<li><strong>Empresas que cotizan en bolsa:<\/strong> La consultor\u00eda les ayuda a navegar por panoramas regulatorios complejos, cumplir con los requisitos de divulgaci\u00f3n e implementar las mejores pr\u00e1cticas en la gesti\u00f3n de la junta directiva y la comunicaci\u00f3n con los accionistas, garantizando la transparencia y la rendici\u00f3n de cuentas.<\/li>\n\n\n\n<li><strong>Corporaciones Privadas:<\/strong> Private <a href=\"https:\/\/www.sisinternational.com\/es\/cobertura\/las-americas\/investigacion-de-mercado-en-el-caribe\/empresa-de-consultoria-estrategica-del-caribe\/\" title=\"Empresa de consultor\u00eda estrat\u00e9gica caribe\u00f1a\"  data-wpil-monitor-id=\"10615\">companies also benefit from consulting<\/a> to streamline operations, manage risks, and prepare for potential public offerings or other significant corporate events.<\/li>\n\n\n\n<li><strong>Empresas familiares:<\/strong> Desaf\u00edos \u00fanicos como la planificaci\u00f3n de la sucesi\u00f3n, la din\u00e1mica familiar y la transici\u00f3n de roles de liderazgo hacen que la consultor\u00eda en gobierno corporativo sea invaluable para las empresas familiares.<\/li>\n\n\n\n<li><strong>Organizaciones sin \u00e1nimo de lucro:<\/strong> Good governance is crucial for non-profits to maintain donor trust, comply with regulatory requirements, and achieve their mission effectively. Governance <a href=\"https:\/\/www.sisinternational.com\/es\/soluciones\/consultoria-estrategica\/consultoria-de-desarrollo-de-asociaciones\/\" title=\"Consultor\u00eda de desarrollo de asociaciones\"  data-wpil-monitor-id=\"10616\">consultants assist with board development<\/a>, ethical fundraising practices, and strategic planning.<\/li>\n\n\n\n<li><strong>Startups y Scale-ups:<\/strong> Las empresas emergentes suelen contratar consultores de gobierno corporativo para establecer marcos de gobierno s\u00f3lidos desde el principio. Esta inversi\u00f3n temprana en gobernanza ayuda a atraer inversores, gestionar un crecimiento r\u00e1pido y sentar las bases para el \u00e9xito futuro.<\/li>\n\n\n\n<li><strong>Entidades Gubernamentales y Organizaciones del Sector P\u00fablico:<\/strong> Estos grupos utilizan la consultor\u00eda de gobierno corporativo para mejorar la transparencia, la eficiencia y la rendici\u00f3n de cuentas en sus operaciones, aline\u00e1ndose con las expectativas p\u00fablicas y los est\u00e1ndares regulatorios.<\/li>\n\n\n\n<li><strong>Instituciones financieras:<\/strong> Los bancos, fondos de inversi\u00f3n y compa\u00f1\u00edas de seguros buscan consultor\u00eda en gobierno corporativo para abordar el cumplimiento normativo, la gesti\u00f3n de riesgos y las pr\u00e1cticas de inversi\u00f3n \u00e9ticas, garantizando que cumplan con los altos est\u00e1ndares esperados en el sector financiero.<\/li>\n<\/ul>\n\n\n\n<h2 class=\"wp-block-heading\">Cu\u00e1ndo realizar una consultor\u00eda de gobierno corporativo<\/h2>\n\n\n\n<figure class=\"gb-block-image gb-block-image-92bb762b\"><img loading=\"lazy\" decoding=\"async\" width=\"1456\" height=\"816\" class=\"gb-image gb-image-92bb762b\" src=\"https:\/\/www.sisinternational.com\/wp-content\/uploads\/2025\/10\/Corporate-Governance-3.jpg\" alt=\"Investigaci\u00f3n y estrategia de mercado internacional de SIS\" title=\"Corporate Governance (3)\" srcset=\"https:\/\/www.sisinternational.com\/wp-content\/uploads\/2025\/10\/Corporate-Governance-3.jpg 1456w, https:\/\/www.sisinternational.com\/wp-content\/uploads\/2025\/10\/Corporate-Governance-3-300x168.jpg 300w, https:\/\/www.sisinternational.com\/wp-content\/uploads\/2025\/10\/Corporate-Governance-3-1024x574.jpg 1024w, https:\/\/www.sisinternational.com\/wp-content\/uploads\/2025\/10\/Corporate-Governance-3-768x430.jpg 768w, https:\/\/www.sisinternational.com\/wp-content\/uploads\/2025\/10\/Corporate-Governance-3-18x10.jpg 18w\" sizes=\"auto, (max-width: 1456px) 100vw, 1456px\"><\/figure>\n\n\n\n<p><\/p>\n\n\n\n<p><a href=\"https:\/\/www.sisinternational.com\/es\/optimizacion-de-sitios-web-corporativos-para-el-retorno-de-la-inversion\/\" title=\"Optimizaci\u00f3n de sitios web corporativos para el retorno de la inversi\u00f3n\"  data-wpil-monitor-id=\"1974\">Corporate governance consulting is a proactive strategy<\/a> organizations should consider under various circumstances to enhance their governance practices and strategic execution. Here are key situations when conducting corporate governance consulting becomes particularly essential:<\/p>\n\n\n\n<ul class=\"wp-block-list\">\n<li><strong>Durante la planificaci\u00f3n estrat\u00e9gica y la reestructuraci\u00f3n:<\/strong> Cuando una organizaci\u00f3n est\u00e1 atravesando una importante planificaci\u00f3n o reestructuraci\u00f3n estrat\u00e9gica, la consultor\u00eda en gobierno corporativo puede proporcionar informaci\u00f3n cr\u00edtica para garantizar que las estructuras de gobierno apoyen la nueva direcci\u00f3n estrat\u00e9gica. Esto es crucial para alinear los objetivos organizacionales con las pr\u00e1cticas de gobernanza, asegurando cambios sostenibles y efectivos.<\/li>\n\n\n\n<li><strong>En respuesta al r\u00e1pido crecimiento:<\/strong> Para las empresas que experimentan un r\u00e1pido crecimiento o planean una expansi\u00f3n, especialmente hacia nuevos mercados o regiones, la consultor\u00eda de gobierno corporativo ayuda a navegar las complejidades de la ampliaci\u00f3n. Los consultores pueden asesorar sobre la adaptaci\u00f3n de las estructuras de gobernanza para gestionar la mayor complejidad y garantizar el cumplimiento de diversos entornos regulatorios.<\/li>\n\n\n\n<li><strong>Despu\u00e9s de una fusi\u00f3n o adquisici\u00f3n:<\/strong> Las fusiones y adquisiciones a menudo requieren una revisi\u00f3n e integraci\u00f3n exhaustivas de las pr\u00e1cticas de gobernanza. La consultor\u00eda de gobierno corporativo durante estas transiciones garantiza que la entidad combinada adopte las mejores pr\u00e1cticas, mantenga el cumplimiento y alinee las estructuras de gobierno con sus objetivos estrat\u00e9gicos.<\/li>\n\n\n\n<li><strong>Para mejorar la eficacia de la junta directiva:<\/strong> Organizations may seek corporate governance consulting to evaluate board composition, roles, and processes, or to implement board development and training programs, enhancing <a href=\"https:\/\/www.sisinternational.com\/es\/the-impact-of-desk-research-on-strategic-decision-making\/\" title=\"The Impact of Desk Research on Strategic Decision-Making\"  data-wpil-monitor-id=\"10618\">strategic oversight and decision-making<\/a>.<\/li>\n\n\n\n<li><strong>En preparaci\u00f3n para la oferta p\u00fablica:<\/strong> La consultor\u00eda en materia de gobierno corporativo es vital para las empresas privadas que est\u00e9n considerando cotizar en bolsa en preparaci\u00f3n para la transici\u00f3n. Los consultores pueden ayudar a establecer marcos de gobernanza que cumplan con los estrictos requisitos de los mercados p\u00fablicos, generando confianza en los inversores y facilitando una oferta exitosa.<\/li>\n<\/ul>\n\n\n\n<h2 class=\"wp-block-heading\">Resultados esperados de nuestra consultor\u00eda de gobierno corporativo<\/h2>\n\n\n\n<p>Invertir en consultor\u00eda de gobierno corporativo ofrece las estrategias, estructuras y pr\u00e1cticas necesarias para navegar eficazmente en el complejo entorno empresarial actual, y estos son algunos de los resultados esperados al participar en una consultor\u00eda de gobierno corporativo de alta calidad:<\/p>\n\n\n\n<ul class=\"wp-block-list\">\n<li><strong>Cumplimiento mejorado y gesti\u00f3n de riesgos:<\/strong> Marcos de gesti\u00f3n de riesgos mejorados que identifican, eval\u00faan y mitigan proactivamente una amplia gama de riesgos estrat\u00e9gicos, operativos y reputacionales.<\/li>\n\n\n\n<li><strong>Desempe\u00f1o fortalecido de la Junta:<\/strong> Desarrollar e implementar mejores pr\u00e1cticas en el gobierno de la junta directiva, incluidas funciones y responsabilidades claras, procesos de reuniones efectivos y educaci\u00f3n y evaluaci\u00f3n continua de los miembros de la junta directiva.<\/li>\n\n\n\n<li><strong>Mayor transparencia organizacional:<\/strong> Mecanismos de presentaci\u00f3n de informes mejorados que brindan a las partes interesadas informaci\u00f3n clara y completa sobre el desempe\u00f1o, las pr\u00e1cticas de gobierno y los esfuerzos de sostenibilidad de la empresa.<\/li>\n\n\n\n<li><strong>Mejor participaci\u00f3n de las partes interesadas:<\/strong> Desarrollo de canales y pr\u00e1cticas de comunicaci\u00f3n que promuevan la apertura, el di\u00e1logo y el respeto mutuo entre la organizaci\u00f3n y sus grupos de inter\u00e9s.<\/li>\n<\/ul>\n\n\n\n<h2 class=\"wp-block-heading\">El enfoque de SIS para la consultor\u00eda en gobierno corporativo<\/h2>\n\n\n\n<figure class=\"gb-block-image gb-block-image-b569fe33\"><img loading=\"lazy\" decoding=\"async\" width=\"1456\" height=\"816\" class=\"gb-image gb-image-b569fe33\" src=\"https:\/\/www.sisinternational.com\/wp-content\/uploads\/2025\/10\/Corporate-Governance-1.jpg\" alt=\"Investigaci\u00f3n y estrategia de mercado internacional de SIS\" title=\"Corporate Governance (1)\" srcset=\"https:\/\/www.sisinternational.com\/wp-content\/uploads\/2025\/10\/Corporate-Governance-1.jpg 1456w, https:\/\/www.sisinternational.com\/wp-content\/uploads\/2025\/10\/Corporate-Governance-1-300x168.jpg 300w, https:\/\/www.sisinternational.com\/wp-content\/uploads\/2025\/10\/Corporate-Governance-1-1024x574.jpg 1024w, https:\/\/www.sisinternational.com\/wp-content\/uploads\/2025\/10\/Corporate-Governance-1-768x430.jpg 768w, https:\/\/www.sisinternational.com\/wp-content\/uploads\/2025\/10\/Corporate-Governance-1-18x10.jpg 18w\" sizes=\"auto, (max-width: 1456px) 100vw, 1456px\"><\/figure>\n\n\n\n<p><\/p>\n\n\n\n<p>El enfoque de SIS para la consultor\u00eda de gobierno corporativo se distingue por su metodolog\u00eda integral, personalizada y con visi\u00f3n de futuro. Este enfoque permite a las organizaciones alcanzar la excelencia en las pr\u00e1cticas de gobernanza, garantizando que est\u00e9n bien equipadas para enfrentar los desaf\u00edos del panorama empresarial moderno y capitalizar las oportunidades de crecimiento y sostenibilidad. As\u00ed es como se desarrolla el enfoque SIS:<\/p>\n\n\n\n<ul class=\"wp-block-list\">\n<li><strong>Soluciones de gobernanza personalizadas:<\/strong> Al reconocer que cada organizaci\u00f3n tiene necesidades de gobernanza \u00fanicas, los expertos de SIS comienzan con una evaluaci\u00f3n exhaustiva del marco de gobernanza actual, los objetivos estrat\u00e9gicos y las expectativas de las partes interesadas. Esto permite que las soluciones personalizadas est\u00e9n directamente alineadas con los objetivos y desaf\u00edos espec\u00edficos de la organizaci\u00f3n.<\/li>\n\n\n\n<li><strong>Marcos integrados de riesgo y cumplimiento:<\/strong> SIS consultants leverage their deep understanding of regulatory landscapes and <a href=\"https:\/\/www.sisinternational.com\/es\/pericia\/industrias\/investigacion-de-mercado-de-diseno-industrial\/\" title=\"Investigaci\u00f3n de Mercado de Dise\u00f1o Industrial\"  data-wpil-monitor-id=\"10613\">industry best practices to design<\/a> integrated risk management and compliance frameworks. These frameworks ensure that organizations meet current regulatory requirements and are prepared for future changes in the governance landscape.<\/li>\n\n\n\n<li><strong>Desarrollo y eficacia de la junta directiva:<\/strong> Un objetivo clave del enfoque SIS es mejorar la eficacia de la junta directiva. Esto incluye asesorar sobre la composici\u00f3n y estructura de la junta, facilitar evaluaciones de la junta y proporcionar programas de capacitaci\u00f3n y desarrollo para garantizar que los miembros de la junta est\u00e9n completamente equipados para brindar supervisi\u00f3n y liderazgo estrat\u00e9gicos.<\/li>\n\n\n\n<li><strong>Gobernanza \u00e9tica y sostenible:<\/strong> Los consultores de SIS ponen un fuerte \u00e9nfasis en las pr\u00e1cticas de gobernanza \u00e9ticas y sostenibles. Los consultores trabajan con organizaciones para incorporar valores \u00e9ticos y principios de sostenibilidad en sus marcos de gobernanza, promoviendo una cultura de integridad y responsabilidad que resuene entre las partes interesadas y respalde el \u00e9xito a largo plazo.<\/li>\n\n\n\n<li><strong>Estrategias de participaci\u00f3n de las partes interesadas:<\/strong> Al comprender la importancia de la confianza y el compromiso de las partes interesadas, el enfoque SIS incluye el desarrollo de estrategias integrales de comunicaci\u00f3n y participaci\u00f3n de las partes interesadas. Estas estrategias mejoran la transparencia, fomentan el di\u00e1logo y construyen relaciones s\u00f3lidas con accionistas, clientes, empleados y la comunidad en general.<\/li>\n\n\n\n<li><strong>Apoyo y adaptaci\u00f3n continuos:<\/strong> El gobierno corporativo requiere adaptaci\u00f3n y mejora continua. Por lo tanto, SIS brinda a las organizaciones apoyo, monitoreo y asesoramiento continuos para garantizar que sus pr\u00e1cticas de gobernanza sigan siendo efectivas, receptivas y alineadas con los entornos comerciales y regulatorios en evoluci\u00f3n.<\/li>\n<\/ul>\n\n\n\n<h2 class=\"wp-block-heading\">Oportunidades en Consultor\u00eda de Gobierno Corporativo para Empresas<\/h2>\n\n\n\n\n\n<p><\/p>\n\n\n\n<p>La consultor\u00eda de gobierno corporativo presenta varias oportunidades para las empresas que buscan fortalecer sus marcos de gobierno y mejorar su desempe\u00f1o estrat\u00e9gico general. A continuaci\u00f3n se presentan varias oportunidades que las empresas pueden aprovechar mediante la participaci\u00f3n en consultor\u00eda de gobierno corporativo:<\/p>\n\n\n\n<ul class=\"wp-block-list\">\n<li><strong>Mejora de las competencias y la din\u00e1mica de la junta directiva:<\/strong> Una de las oportunidades clave reside en optimizar la composici\u00f3n y funcionalidad del consejo de administraci\u00f3n. Los servicios de consultor\u00eda pueden proporcionar informaci\u00f3n sobre las mejores pr\u00e1cticas para la estructura, la diversidad y la din\u00e1mica de la junta directiva, mejorando significativamente las capacidades de toma de decisiones y supervisi\u00f3n.<\/li>\n\n\n\n<li><strong>Fomento de pr\u00e1cticas \u00e9ticas y sostenibles:<\/strong> As stakeholders increasingly value corporate responsibility and sustainability, businesses have the opportunity to lead in these areas. Corporate governance consulting can guide the integration of ethical considerations and <a href=\"https:\/\/www.sisinternational.com\/es\/estrategias-de-sostenibilidad-corporativa-un-estudio-de-caso-de-siemens\/\" title=\"Estrategias de sostenibilidad corporativa: un estudio de caso de Siemens\"  data-wpil-monitor-id=\"7509\">sustainability goals into corporate strategies<\/a>, enhancing reputation and stakeholder trust.<\/li>\n\n\n\n<li><strong>Prepar\u00e1ndose para futuros desaf\u00edos y oportunidades:<\/strong> Corporate governance consulting can help businesses anticipate and prepare for future challenges and opportunities, ensuring they remain agile and adaptive in a rapidly evolving business environment. This forward-looking approach is vital for <a href=\"https:\/\/www.sisinternational.com\/es\/desarrollar-una-ventaja-competitiva-sostenible\/\" title=\"Desarrollar una ventaja competitiva sostenible\"  data-wpil-monitor-id=\"10620\">sustaining growth and competitiveness<\/a>.<\/li>\n<\/ul>","protected":false},"excerpt":{"rendered":"<p>La consultor\u00eda de gobierno corporativo ayuda a las organizaciones a desarrollar e implementar estructuras y pr\u00e1cticas de gobierno efectivas.<\/p>","protected":false},"author":1,"featured_media":71934,"parent":14567,"menu_order":41,"comment_status":"closed","ping_status":"closed","template":"","meta":{"footnotes":""},"class_list":["post-46559","page","type-page","status-publish","has-post-thumbnail"],"_links":{"self":[{"href":"https:\/\/www.sisinternational.com\/es\/wp-json\/wp\/v2\/pages\/46559","targetHints":{"allow":["GET"]}}],"collection":[{"href":"https:\/\/www.sisinternational.com\/es\/wp-json\/wp\/v2\/pages"}],"about":[{"href":"https:\/\/www.sisinternational.com\/es\/wp-json\/wp\/v2\/types\/page"}],"author":[{"embeddable":true,"href":"https:\/\/www.sisinternational.com\/es\/wp-json\/wp\/v2\/users\/1"}],"replies":[{"embeddable":true,"href":"https:\/\/www.sisinternational.com\/es\/wp-json\/wp\/v2\/comments?post=46559"}],"version-history":[{"count":10,"href":"https:\/\/www.sisinternational.com\/es\/wp-json\/wp\/v2\/pages\/46559\/revisions"}],"predecessor-version":[{"id":81740,"href":"https:\/\/www.sisinternational.com\/es\/wp-json\/wp\/v2\/pages\/46559\/revisions\/81740"}],"up":[{"embeddable":true,"href":"https:\/\/www.sisinternational.com\/es\/wp-json\/wp\/v2\/pages\/14567"}],"wp:featuredmedia":[{"embeddable":true,"href":"https:\/\/www.sisinternational.com\/es\/wp-json\/wp\/v2\/media\/71934"}],"wp:attachment":[{"href":"https:\/\/www.sisinternational.com\/es\/wp-json\/wp\/v2\/media?parent=46559"}],"curies":[{"name":"wp","href":"https:\/\/api.w.org\/{rel}","templated":true}]}}