{"id":46448,"date":"2024-02-26T12:48:32","date_gmt":"2024-02-26T17:48:32","guid":{"rendered":"https:\/\/www.sisinternational.com\/?page_id=46448"},"modified":"2026-01-25T18:04:58","modified_gmt":"2026-01-25T23:04:58","slug":"prueba-de-sabor-de-bebidas-alimenticias","status":"publish","type":"page","link":"https:\/\/www.sisinternational.com\/es\/soluciones\/prueba-de-sabor\/prueba-de-sabor-de-bebidas-alimenticias\/","title":{"rendered":"Pruebas de sabor de alimentos y bebidas"},"content":{"rendered":"<h1 class=\"wp-block-heading\">Pruebas de sabor de alimentos y bebidas<\/h1>\n\n\n\n<figure class=\"gb-block-image gb-block-image-3185ed17\"><img loading=\"lazy\" decoding=\"async\" width=\"1456\" height=\"816\" class=\"gb-image gb-image-3185ed17\" src=\"https:\/\/www.sisinternational.com\/wp-content\/uploads\/2025\/08\/Beverages-5.jpg\" alt=\"Investigaci\u00f3n y estrategia de mercado internacional de SIS\" title=\"Beverages (5)\" srcset=\"https:\/\/www.sisinternational.com\/wp-content\/uploads\/2025\/08\/Beverages-5.jpg 1456w, https:\/\/www.sisinternational.com\/wp-content\/uploads\/2025\/08\/Beverages-5-300x168.jpg 300w, https:\/\/www.sisinternational.com\/wp-content\/uploads\/2025\/08\/Beverages-5-1024x574.jpg 1024w, https:\/\/www.sisinternational.com\/wp-content\/uploads\/2025\/08\/Beverages-5-768x430.jpg 768w, https:\/\/www.sisinternational.com\/wp-content\/uploads\/2025\/08\/Beverages-5-18x10.jpg 18w\" sizes=\"auto, (max-width: 1456px) 100vw, 1456px\"><\/figure>\n\n\n\n<hr class=\"wp-block-separator has-alpha-channel-opacity is-style-dots\"\/>\n\n\n\n<h3 class=\"wp-block-heading\">Los servicios de pruebas de sabor de SIS International est\u00e1n dise\u00f1ados para evaluar los productos actuales, inspirar la innovaci\u00f3n e identificar la alineaci\u00f3n con las tendencias de los mercados emergentes.<\/h3>\n\n\n\n<p>Los servicios de pruebas de sabor de alimentos y bebidas de SIS International ofrecen una combinaci\u00f3n estrat\u00e9gica de evaluaci\u00f3n sensorial, conocimientos del consumidor y experiencia global, todo dise\u00f1ado para ayudar a las empresas a sobresalir en la competitiva industria de alimentos y bebidas.<\/p>\n\n\n\n<h2 class=\"wp-block-heading\">\u00bfQu\u00e9 son las pruebas de sabor de alimentos y bebidas?<\/h2>\n\n\n\n<p><a href=\"https:\/\/sisaisolutions.com\/ai-in-food-testing\/\" target=\"_blank\" rel=\"noopener\">Food and beverage taste testing<\/a> assesses the sensory attributes of food and drink products. This systematic approach goes beyond mere preference to analyze the taste, aroma, texture, and overall appeal of culinary creations.<\/p>\n\n\n\n<p>Moreover, food and beverage <a class=\"wpil_keyword_link\" href=\"https:\/\/www.sisinternational.com\/es\/soluciones\/prueba-de-sabor\/\" title=\"Pruebas de sabor\" data-wpil-keyword-link=\"linked\" data-wpil-monitor-id=\"612\">prueba de sabor<\/a> is not just about identifying what works; it&#8217;s about understanding why. By dissecting the sensory experience, brands can pinpoint the elements that resonate most with consumers, tailoring their products to meet and exceed those expectations.<\/p>\n\n\n\n<h2 class=\"wp-block-heading\">\u00bfPor qu\u00e9 las empresas necesitan pruebas de sabor de alimentos y bebidas?<\/h2>\n\n\n\n<p>Food and beverage taste testing offers critical insights into consumer preferences, providing a direct feedback loop from the target audience. This feedback is invaluable for tailoring products to meet and exceed consumer expectations, ensuring that new launches are well received and that existing products continue to satisfy.<\/p>\n\n\n\n<p>Adem\u00e1s, <a href=\"https:\/\/www.sisinternational.com\/es\/claim-research-for-food-and-beverage-taste-tests-validating-your-product-claims\/\" title=\"Claim Research for Food and Beverage Taste Tests: Validating Your Product Claims\" data-wpil-monitor-id=\"1517\">food and beverage taste testing<\/a> ensures that products remain consistent across batches and locations, which is particularly critical for brands with multiple outlets. Moreover, taste testing facilitates innovation by allowing businesses to explore new flavors, ingredients, and culinary techniques safely. This exploration is essential for keeping the product lineup fresh and exciting, attracting new customers, and retaining existing ones.<\/p>\n\n\n\n<p>En cualquier caso, las pruebas de sabor de alimentos y bebidas aportan muchos beneficios a las empresas, entre ellos:<\/p>\n\n\n\n<ul class=\"wp-block-list\">\n<li><strong>Informaci\u00f3n sobre las preferencias del consumidor:<\/strong> Las pruebas de sabor peri\u00f3dicas proporcionan informaci\u00f3n valiosa sobre las preferencias de los consumidores, lo que permite a las empresas adaptar sus ofertas para que coincidan con los gustos y tendencias actuales.<\/li>\n\n\n\n<li><strong>Innovaci\u00f3n y Diferenciaci\u00f3n:<\/strong> Las pruebas de sabor sirven como plataforma para la innovaci\u00f3n, fomentando la exploraci\u00f3n de nuevos sabores, ingredientes y t\u00e9cnicas culinarias.<\/li>\n\n\n\n<li><strong>Mitigaci\u00f3n de riesgos:<\/strong> Taste testing helps identify potential issues or areas for improvement before products reach the market.<\/li>\n\n\n\n<li><strong>Lealtad y confianza en la marca:<\/strong> La calidad constante y la capacidad de respuesta a las preferencias de los consumidores, logradas a trav\u00e9s de pruebas de sabor continuas, generan lealtad y confianza en la marca. Es m\u00e1s probable que los consumidores permanezcan leales a las marcas que ofrecen constantemente productos atractivos y de alta calidad que reflejan sus gustos y preferencias.<\/li>\n\n\n\n<li><strong>Contenido de marketing estrat\u00e9gico:<\/strong> Los conocimientos obtenidos de las pruebas de sabor pueden informar las estrategias de marketing, proporcionando contenido aut\u00e9ntico que resalta los atributos sensoriales y la calidad de los productos.<\/li>\n<\/ul>\n\n\n\n<h2 class=\"wp-block-heading\">\u00bfQui\u00e9n utiliza las pruebas de sabor de alimentos y bebidas?<\/h2>\n\n\n\n<p>Food manufacturers and processors rely on <a href=\"https:\/\/www.sisinternational.com\/es\/soluciones\/prueba-de-sabor\/food-product-tests-in-ny\/\" title=\"Food Product Tests In NY\" data-wpil-monitor-id=\"4595\">food and beverage taste testing<\/a> to ensure their products meet specific quality and taste standards before hitting the market. Beverage Companies also use taste testing to develop new flavors, assess market readiness for innovative products, and ensure the sensory quality of their offerings.<\/p>\n\n\n\n<p>Adem\u00e1s, los restaurantes y proveedores de servicios de alimentaci\u00f3n aprovechan las pruebas de sabor para elaborar platos que atraigan a su clientela objetivo, garantizando que cada receta ofrezca sabor, textura y atractivo visual. Para estas empresas, las pruebas de sabor son parte integral del desarrollo del men\u00fa, las actualizaciones estacionales y la alta satisfacci\u00f3n del cliente.<\/p>\n\n\n\n<p>Adem\u00e1s, las empresas de ingredientes y aromatizantes utilizan pruebas de sabor para demostrar la calidad y versatilidad de sus productos. Estas empresas desempe\u00f1an un papel crucial en el desarrollo de productos nuevos y mejorados al mostrar c\u00f3mo sus ingredientes pueden mejorar los perfiles de sabor de los alimentos y bebidas.<\/p>\n\n\n\n<p>Por \u00faltimo, los equipos de investigaci\u00f3n y desarrollo (I+D) utilizan pruebas de sabor como parte del proceso de desarrollo del producto. Les permite experimentar con nuevas formulaciones, evaluar la respuesta de los consumidores a conceptos innovadores y perfeccionar productos bas\u00e1ndose en la retroalimentaci\u00f3n, asegurando que los nuevos lanzamientos est\u00e9n preparados para el \u00e9xito.<\/p>\n\n\n\n<h2 class=\"wp-block-heading\">Factores cr\u00edticos de \u00e9xito para una prueba de sabor exitosa de alimentos y bebidas<\/h2>\n\n\n\n<figure class=\"gb-block-image gb-block-image-a64fb8a1\"><img loading=\"lazy\" decoding=\"async\" width=\"1456\" height=\"816\" class=\"gb-image gb-image-a64fb8a1\" src=\"https:\/\/www.sisinternational.com\/wp-content\/uploads\/2025\/08\/Food-taste-testing-9.jpg\" alt=\"Investigaci\u00f3n y estrategia de mercado internacional de SIS\" title=\"Food taste testing (9)\" srcset=\"https:\/\/www.sisinternational.com\/wp-content\/uploads\/2025\/08\/Food-taste-testing-9.jpg 1456w, https:\/\/www.sisinternational.com\/wp-content\/uploads\/2025\/08\/Food-taste-testing-9-300x168.jpg 300w, https:\/\/www.sisinternational.com\/wp-content\/uploads\/2025\/08\/Food-taste-testing-9-1024x574.jpg 1024w, https:\/\/www.sisinternational.com\/wp-content\/uploads\/2025\/08\/Food-taste-testing-9-768x430.jpg 768w, https:\/\/www.sisinternational.com\/wp-content\/uploads\/2025\/08\/Food-taste-testing-9-18x10.jpg 18w\" sizes=\"auto, (max-width: 1456px) 100vw, 1456px\"><\/figure>\n\n\n\n<p><\/p>\n\n\n\n<p>Para que las pruebas de sabor de alimentos y bebidas sean efectivas y brinden informaci\u00f3n valiosa, se deben considerar varios factores cr\u00edticos de \u00e9xito, y esto es en lo que las empresas deben centrarse para lograr pruebas de sabor exitosas:<\/p>\n\n\n\n<ul class=\"wp-block-list\">\n<li><strong>Grupo de muestra representativo:<\/strong> It is crucial to select a group of participants that accurately represents the target market. <\/li>\n\n\n\n<li><strong>Entorno de prueba controlado:<\/strong> To obtain reliable and consistent results, it&#8217;s important to conduct taste testing in a controlled environment where external factors such as noise, temperature, and odors are minimized. <\/li>\n\n\n\n<li><strong>Criterios de evaluaci\u00f3n estructurados:<\/strong> El desarrollo de un marco de evaluaci\u00f3n estructurado con criterios claros para evaluar los atributos sensoriales del producto (como sabor, aroma, textura y apariencia) garantiza que la retroalimentaci\u00f3n sea integral y comparable entre diferentes productos o sesiones de prueba.<\/li>\n\n\n\n<li><strong>An\u00e1lisis de datos efectivo:<\/strong> Effectively collecting and analyzing the data is crucial for translating taste test results into actionable insights. <\/li>\n\n\n\n<li><strong>Acciones de seguimiento:<\/strong> El \u00e9xito de un proceso de prueba de sabor est\u00e1 determinado por las acciones de seguimiento tomadas en funci\u00f3n de los conocimientos adquiridos. Implementar mejoras, tomar decisiones informadas sobre los lanzamientos de productos y perfeccionar continuamente los productos bas\u00e1ndose en los comentarios son esenciales para aprovechar todo el valor de las pruebas de sabor.<\/li>\n<\/ul>\n\n\n\n<h2 class=\"wp-block-heading\">C\u00f3mo ayuda SIS a las empresas con sus pruebas de sabor de alimentos y bebidas<\/h2>\n\n\n\n<p>El m\u00e9todo de degustaci\u00f3n de alimentos y bebidas de SIS International aprovecha su profunda experiencia en la industria y t\u00e9cnicas anal\u00edticas de vanguardia. Este m\u00e9todo garantiza que las empresas refinen sus ofertas de productos y las alineen estrechamente con las preferencias de los consumidores y las tendencias del mercado. A continuaci\u00f3n, se presenta una descripci\u00f3n general del m\u00e9todo de degustaci\u00f3n de alimentos y bebidas de SIS:<\/p>\n\n\n\n<ul class=\"wp-block-list\">\n<li><strong>Dise\u00f1o de pruebas a medida:<\/strong> SIS International begins with a tailored testing design to meet each client&#8217;s specific objectives. <\/li>\n\n\n\n<li><strong>Selecci\u00f3n de diversos participantes:<\/strong> Understanding that diverse consumer insights drive product success, SIS carefully selects many participants for taste testing. <\/li>\n\n\n\n<li><strong>Controlled <\/strong><a href=\"https:\/\/www.sisinternational.com\/es\/soluciones\/soluciones-de-investigacion-cualitativa-cuantitativa\/wine-taste-testing\/\" title=\"Wine Taste Testing\" data-wpil-monitor-id=\"1222\">Testing Environment: SIS conducts taste<\/a> tests in a controlled environment to ensure accurate and reliable results. <\/li>\n\n\n\n<li><strong>T\u00e9cnicas avanzadas de an\u00e1lisis sensorial:<\/strong> SIS utilizes advanced sensory analysis techniques to evaluate various product attributes, including taste, aroma, texture, and appearance. <\/li>\n\n\n\n<li><strong>An\u00e1lisis e interpretaci\u00f3n de expertos:<\/strong> SIS&#8217;s food and beverage experts analyse the taste testing data, offering detailed interpretations and actionable recommendations. <\/li>\n\n\n\n<li><strong>Recomendaciones estrat\u00e9gicas:<\/strong> Based on the taste-testing findings, SIS provides tailored recommendations for each client&#8217;s needs. <\/li>\n<\/ul>\n\n\n\n<h2 class=\"wp-block-heading\"><strong>\u00bfQu\u00e9 hace que SIS International sea una empresa l\u00edder en pruebas de sabor de alimentos y bebidas?<\/strong><\/h2>\n\n\n\n<p><a href=\"https:\/\/www.linkedin.com\/company\/sisinternationalresearch\/\" target=\"_blank\" rel=\"noopener\"><span style=\"font-weight: 400;\">SIS Internacional<\/span><\/a> es l\u00edder en pruebas de sabor de alimentos y bebidas, y ayuda a las marcas a refinar sus ofertas para cumplir con las expectativas de los consumidores. Con m\u00e1s de 40 a\u00f1os de experiencia, metodolog\u00edas avanzadas y un enfoque centrado en el cliente, brindamos resultados que permiten a las empresas innovar y tener \u00e9xito en mercados competitivos.<\/p>\n\n\n\n<h4 class=\"wp-block-heading\"><strong>Amplia experiencia en la industria de alimentos y bebidas<\/strong><\/h4>\n\n\n\n<p>Nuestra experiencia abarca diversas categor\u00edas de alimentos y bebidas, desde snacks envasados y comidas preparadas hasta refrescos y bebidas especiales. Comprendemos los desaf\u00edos \u00fanicos de cada categor\u00eda y adaptamos nuestra investigaci\u00f3n para ofrecer informaci\u00f3n pr\u00e1ctica para mejorar.<\/p>\n\n\n\n<h4 class=\"wp-block-heading\"><strong>Instalaciones de prueba de \u00faltima generaci\u00f3n<\/strong><\/h4>\n\n\n\n<p>Las instalaciones de SIS International en Nueva York est\u00e1n equipadas con herramientas avanzadas de an\u00e1lisis sensorial y entornos controlados. Estos recursos permiten realizar evaluaciones precisas de sabor, aroma, textura y apariencia, lo que garantiza resultados confiables para cada estudio.<\/p>\n\n\n\n<h4 class=\"wp-block-heading\"><strong>Acceso a paneles de consumidores diversos y representativos<\/strong><\/h4>\n\n\n\n<p>La poblaci\u00f3n multicultural de Nueva York proporciona un amplio grupo de participantes para nuestras pruebas de sabor. Reclutamos una amplia gama de grupos demogr\u00e1ficos, lo que garantiza que los comentarios reflejen las preferencias de su p\u00fablico objetivo en varios mercados.<\/p>\n\n\n\n<h4 class=\"wp-block-heading\"><strong>Enfoques de prueba personalizados para cada marca<\/strong><\/h4>\n\n\n\n<p>No hay dos empresas iguales. <a href=\"https:\/\/twitter.com\/SISIntlResearch\" target=\"_blank\" rel=\"noopener\"><span style=\"font-weight: 400;\">SIS<\/span><\/a> Desarrollamos estrategias de pruebas de sabor a medida, ya sea que necesite pruebas mon\u00e1dicas, an\u00e1lisis secuenciales o pruebas en una ubicaci\u00f3n central. Nuestras soluciones est\u00e1n dise\u00f1adas para abordar sus objetivos y desaf\u00edos espec\u00edficos.<\/p>\n\n\n\n<h4 class=\"wp-block-heading\"><strong>D\u00e9cadas de excelencia en investigaci\u00f3n de mercados<\/strong><\/h4>\n\n\n\n<p>Con m\u00e1s de cuatro d\u00e9cadas de experiencia, <a href=\"https:\/\/medium.com\/@sisinternational\/sis-international-c17160da8fac\" target=\"_blank\" rel=\"noopener\"><span style=\"font-weight: 400;\">SIS<\/span><\/a> se ha ganado la reputaci\u00f3n de ofrecer investigaciones precisas y pr\u00e1cticas. Nuestra experiencia nos permite identificar tendencias, descubrir informaci\u00f3n y brindar orientaci\u00f3n que ayuda a las marcas a innovar y prosperar.<\/p>\n\n\n\n<h4 class=\"wp-block-heading\"><strong>Servicios rentables y de alto valor<\/strong><\/h4>\n\n\n\n<p>SIS ofrece servicios de cata de primer nivel a precios competitivos. Creemos en hacer que la investigaci\u00f3n de mercado de primera calidad sea accesible para empresas de todos los tama\u00f1os, garantizando resultados de alto valor sin afectar los presupuestos.<\/p>\n\n\n\n<h4 class=\"wp-block-heading\"><strong>Resultados r\u00e1pidos y confiables<\/strong><\/h4>\n\n\n\n<p>En la vertiginosa industria de alimentos y bebidas, la toma de decisiones r\u00e1pida es esencial. SIS garantiza un proceso optimizado y tiempos de respuesta r\u00e1pidos, lo que le permite actuar en funci\u00f3n de los conocimientos de manera r\u00e1pida y eficiente.<\/p>\n\n\n\n<h4 class=\"wp-block-heading\"><strong>Informaci\u00f3n pr\u00e1ctica que impulsa el \u00e9xito del producto<\/strong><\/h4>\n\n\n\n<p>Las pruebas de sabor son m\u00e1s que recopilar opiniones. SIS analiza datos para brindar informaci\u00f3n que oriente el refinamiento del producto, desde ajustes de sabor hasta modificaciones en el empaque, para garantizar que sus ofertas se alineen con las preferencias de los consumidores.<\/p>\n\n\n\n<h4 class=\"wp-block-heading\"><strong>Compromiso con la objetividad y la calidad<\/strong><\/h4>\n\n\n\n<p>Nuestros rigurosos protocolos de prueba eliminan los sesgos y se centran en las percepciones de los consumidores, lo que garantiza resultados objetivos. SIS se compromete a mantener los m\u00e1s altos est\u00e1ndares de calidad en cada proyecto de investigaci\u00f3n.<\/p>\n\n\n\n<h4 class=\"wp-block-heading\"><strong>Asociaci\u00f3n para el \u00e9xito a largo plazo<\/strong><\/h4>\n\n\n\n<p>SIS International no es solo un proveedor de servicios; somos un socio estrat\u00e9gico. Nuestro enfoque colaborativo garantiza que los clientes reciban atenci\u00f3n personalizada, recomendaciones pr\u00e1cticas y apoyo constante para alcanzar sus objetivos.<\/p>\n\n\n\n<div class=\"is-root-container is-desktop-preview is-layout-flow wp-block-post-content block-editor-block-list__layout\" spellcheck=\"false\">\n<div id=\"block-1f691011-6e3e-49d8-8d99-9463a64c265b\" class=\"block-editor-block-list__block wp-block is-selected wp-block-freeform is-hovered\" tabindex=\"0\" role=\"document\" aria-label=\"Bloque: Cl\u00e1sico\" data-block=\"1f691011-6e3e-49d8-8d99-9463a64c265b\" data-type=\"core\/freeform\" data-title=\"Classic\">\n<div id=\"editor-1f691011-6e3e-49d8-8d99-9463a64c265b\" class=\"wp-block-freeform block-library-rich-text__tinymce mce-content-body html5-captions mce-edit-focus\" style=\"position: relative;\" contenteditable=\"true\">\n<h2>Nuestra ubicaci\u00f3n de instalaciones en Nueva York<\/h2>\n<p>  <iframe loading=\"lazy\" src=\"https:\/\/www.google.com\/maps\/embed?pb=!1m18!1m12!1m3!1d3022.976188376966!2d-73.99130312499956!3d40.740549471389315!2m3!1f0!2f0!3f0!3m2!1i1024!2i768!4f13.1!3m3!1m2!1s0x89c259a15798c731%3A0xd695d09bdd495f25!2s11%20E%2022nd%20St%20FL%202%2C%20New%20York%2C%20NY%2010010%2C%20USA!5e0!3m2!1sen!2spe!4v1726171763526!5m2!1sen!2spe\" width=\"600\" height=\"450\" allowfullscreen=\"allowfullscreen\" data-mce-fragment=\"1\"><\/iframe>  <\/p>\n<h3 class=\"wp-block-heading\">11 E 22nd Street, piso 2, Nueva York, NY 10010 T: +1(212) 505-6805<\/h3>\n<hr>\n<h2><span style=\"font-weight: 400;\">Acerca de SIS Internacional<\/span><\/h2>\n<p><a href=\"https:\/\/www.sisinternational.com\/es\/\"><span style=\"font-weight: 400;\">SIS Internacional<\/span><\/a><span style=\"font-weight: 400;\"> ofrece investigaci\u00f3n cuantitativa, cualitativa y estrat\u00e9gica. Proporcionamos datos, herramientas, estrategias, informes y conocimientos para la toma de decisiones. Tambi\u00e9n realizamos entrevistas, encuestas, grupos focales y otros m\u00e9todos y enfoques de investigaci\u00f3n de mercado.<\/span><a href=\"https:\/\/www.sisinternational.com\/es\/sobre-la-investigacion-internacional-de-sis\/contact-sis-international-market-research\/\"><span style=\"font-weight: 400;\"> P\u00f3ngase en contacto con nosotros<\/span><\/a><span style=\"font-weight: 400;\"> para su pr\u00f3ximo proyecto de Investigaci\u00f3n de Mercado.<\/span><\/p>\n<hr><\/div>\n<\/div>\n<\/div>","protected":false},"excerpt":{"rendered":"<p>Las pruebas de sabor de alimentos y bebidas eval\u00faan las caracter\u00edsticas sensoriales de los productos alimenticios y bebidas, incluido el sabor, el aroma, la textura y el atractivo.<\/p>","protected":false},"author":1,"featured_media":62625,"parent":47794,"menu_order":15,"comment_status":"closed","ping_status":"closed","template":"","meta":{"footnotes":""},"class_list":["post-46448","page","type-page","status-publish","has-post-thumbnail"],"_links":{"self":[{"href":"https:\/\/www.sisinternational.com\/es\/wp-json\/wp\/v2\/pages\/46448","targetHints":{"allow":["GET"]}}],"collection":[{"href":"https:\/\/www.sisinternational.com\/es\/wp-json\/wp\/v2\/pages"}],"about":[{"href":"https:\/\/www.sisinternational.com\/es\/wp-json\/wp\/v2\/types\/page"}],"author":[{"embeddable":true,"href":"https:\/\/www.sisinternational.com\/es\/wp-json\/wp\/v2\/users\/1"}],"replies":[{"embeddable":true,"href":"https:\/\/www.sisinternational.com\/es\/wp-json\/wp\/v2\/comments?post=46448"}],"version-history":[{"count":12,"href":"https:\/\/www.sisinternational.com\/es\/wp-json\/wp\/v2\/pages\/46448\/revisions"}],"predecessor-version":[{"id":78603,"href":"https:\/\/www.sisinternational.com\/es\/wp-json\/wp\/v2\/pages\/46448\/revisions\/78603"}],"up":[{"embeddable":true,"href":"https:\/\/www.sisinternational.com\/es\/wp-json\/wp\/v2\/pages\/47794"}],"wp:featuredmedia":[{"embeddable":true,"href":"https:\/\/www.sisinternational.com\/es\/wp-json\/wp\/v2\/media\/62625"}],"wp:attachment":[{"href":"https:\/\/www.sisinternational.com\/es\/wp-json\/wp\/v2\/media?parent=46448"}],"curies":[{"name":"wp","href":"https:\/\/api.w.org\/{rel}","templated":true}]}}