{"id":46225,"date":"2024-02-22T14:20:18","date_gmt":"2024-02-22T19:20:18","guid":{"rendered":"https:\/\/www.sisinternational.com\/?page_id=46225"},"modified":"2026-01-25T18:39:34","modified_gmt":"2026-01-25T23:39:34","slug":"consultoria-de-roadshows-sin-acuerdo","status":"publish","type":"page","link":"https:\/\/www.sisinternational.com\/es\/soluciones\/investigacion-de-consultoria-estrategica-fintech\/consultoria-de-roadshows-sin-acuerdo\/","title":{"rendered":"Consultor\u00eda sobre roadshows sin acuerdos"},"content":{"rendered":"<h1 class=\"wp-block-heading\">Consultor\u00eda sobre roadshows sin acuerdos<\/h1>\n\n\n\n<figure class=\"gb-block-image gb-block-image-1cc06e5e\"><img loading=\"lazy\" decoding=\"async\" width=\"1456\" height=\"816\" class=\"gb-image gb-image-1cc06e5e\" src=\"https:\/\/www.sisinternational.com\/wp-content\/uploads\/2025\/10\/Non-Deal-Roadshows-1.jpg\" alt=\"Investigaci\u00f3n y estrategia de mercado internacional de SIS\" title=\"Non-Deal Roadshows (1)\" srcset=\"https:\/\/www.sisinternational.com\/wp-content\/uploads\/2025\/10\/Non-Deal-Roadshows-1.jpg 1456w, https:\/\/www.sisinternational.com\/wp-content\/uploads\/2025\/10\/Non-Deal-Roadshows-1-300x168.jpg 300w, https:\/\/www.sisinternational.com\/wp-content\/uploads\/2025\/10\/Non-Deal-Roadshows-1-1024x574.jpg 1024w, https:\/\/www.sisinternational.com\/wp-content\/uploads\/2025\/10\/Non-Deal-Roadshows-1-768x430.jpg 768w, https:\/\/www.sisinternational.com\/wp-content\/uploads\/2025\/10\/Non-Deal-Roadshows-1-18x10.jpg 18w\" sizes=\"auto, (max-width: 1456px) 100vw, 1456px\"><\/figure>\n\n\n\n<p><\/p>\n\n\n\n<hr class=\"wp-block-separator has-alpha-channel-opacity\"\/>\n\n\n\n<p>En finanzas corporativas y relaciones con inversores, la orquestaci\u00f3n estrat\u00e9gica de una gira sin acuerdos (NDR) puede amplificar significativamente la presencia de una empresa en el mercado y el compromiso de los inversores... Pero, \u00bfha considerado alguna vez la estrategia matizada y la planificaci\u00f3n meticulosa que sustentan un NDR exitoso? La consultor\u00eda de roadshows sin acuerdos, o consultor\u00eda de NDR, es un servicio vital para las empresas que buscan navegar este complejo panorama de manera efectiva, garantizando que cada interacci\u00f3n con los inversionistas fortalezca su posici\u00f3n en el mercado y establezca relaciones a largo plazo.<\/p>\n\n\n\n<h2 class=\"wp-block-heading\">\u00bfQu\u00e9 es la consultor\u00eda de roadshows sin acuerdos?<\/h2>\n\n\n\n<p>La consultor\u00eda sobre roadshows sin acuerdos ayuda a las empresas a planificar, organizar y ejecutar roadshows sin acuerdos. Estos roadshows son iniciativas estrat\u00e9gicas que las empresas emprenden para interactuar con inversores actuales y potenciales sin la intenci\u00f3n inmediata de recaudar capital o cerrar un trato.<\/p>\n\n\n\n<p>NDRs consulting focuses on developing a <a href=\"https:\/\/www.sisinternational.com\/es\/pericia\/industrias\/consultoria-de-comunicaciones-dei\/\" title=\"DEI Consultor\u00eda en Comunicaciones\"  data-wpil-monitor-id=\"5045\">roadshow<\/a> agenda that aligns with the company&#8217;s broader investor relations and corporate communication goals. It involves identifying key markets and investors, crafting compelling narratives around the company&#8217;s vision, performance, and strategic direction, and organizing meetings and presentations that effectively convey these messages to the investment community. The ultimate goal is to enhance the company&#8217;s visibility among investors, provide updates on corporate developments, and foster ongoing dialogue with the financial community.<\/p>\n\n\n\n<h2 class=\"wp-block-heading\">Por qu\u00e9 las empresas necesitan consultor\u00eda itinerante sin acuerdos<\/h2>\n\n\n\n<p>Los NDR proporcionan una plataforma para que las empresas interact\u00faen directamente con inversores, analistas e instituciones financieras sin la presi\u00f3n de un acuerdo pendiente o un aumento de capital. Por lo tanto, la consultor\u00eda de NDR ayuda a las empresas a planificar estrat\u00e9gicamente estos compromisos para garantizar que se re\u00fanan con la combinaci\u00f3n adecuada de inversores actuales y potenciales, maximizando el impacto del roadshow en las relaciones con los inversores y la percepci\u00f3n del mercado.<\/p>\n\n\n\n<p>Los consultores de NDR ayudan a elaborar y perfeccionar la narrativa corporativa para garantizar que resuene en la comunidad inversora, transmitiendo de manera efectiva la propuesta de valor de la empresa y las perspectivas de crecimiento futuro. Adem\u00e1s, la consultor\u00eda sobre roadshows sin acuerdo garantiza que todos los aspectos del roadshow, desde la selecci\u00f3n de ciudades hasta el contenido de la presentaci\u00f3n, contribuyan a un posicionamiento de mercado positivo y coherente.<\/p>\n\n\n\n<p>Adem\u00e1s, los consultores pueden facilitar la recopilaci\u00f3n de conocimientos de inversores y analistas, proporcionando a las empresas una perspectiva externa sobre su desempe\u00f1o, reputaci\u00f3n en el mercado y posicionamiento competitivo. Sin embargo, la consultor\u00eda de roadshows sin acuerdos presenta muchos otros beneficios para las empresas, que incluyen:<\/p>\n\n\n\n<ul class=\"wp-block-list\">\n<li><strong>Orientaci\u00f3n estrat\u00e9gica a inversores:<\/strong> La consultor\u00eda de NDR permite dirigirse con precisi\u00f3n a los inversores actuales y potenciales. Los consultores ayudan a identificar y priorizar reuniones con inversores con inter\u00e9s genuino o potencial en la empresa, asegurando que los esfuerzos del roadshow sean enfocados y productivos.<\/li>\n\n\n\n<li><strong>Percepci\u00f3n del mercado mejorada:<\/strong> Mediante NDR cuidadosamente planificados, las empresas pueden mejorar significativamente su percepci\u00f3n entre la comunidad inversora. Los consultores gu\u00edan transmitiendo eficazmente mensajes clave, logros y planes, lo que contribuye a una imagen de mercado m\u00e1s positiva y s\u00f3lida.<\/li>\n\n\n\n<li><strong>Planificaci\u00f3n y ejecuci\u00f3n eficiente del roadshow:<\/strong> La consultor\u00eda sobre roadshows sin acuerdos ofrece soporte integral en la planificaci\u00f3n y ejecuci\u00f3n de roadshows, desde la programaci\u00f3n de reuniones y la selecci\u00f3n de lugares hasta la organizaci\u00f3n de viajes. Esta eficiencia operativa permite a los ejecutivos de la empresa centrarse en su mensaje central y en las interacciones con los inversores.<\/li>\n\n\n\n<li><strong>Informaci\u00f3n y comentarios valiosos sobre el mercado:<\/strong> Los consultores pueden facilitar la recopilaci\u00f3n de comentarios y opiniones de los inversores durante la gira. Esta valiosa informaci\u00f3n brinda a las empresas una perspectiva externa sobre su desempe\u00f1o, estrategia y posicionamiento en el mercado, informando futuras relaciones con inversionistas y estrategias comerciales.<\/li>\n\n\n\n<li><strong>Construcci\u00f3n de relaciones a largo plazo:<\/strong> Non-deal roadshows consulting helps ensure meaningful and effective interactions, laying the foundation for ongoing dialogue and investor engagement.<\/li>\n\n\n\n<li><strong>Mitigaci\u00f3n de riesgos y cumplimiento:<\/strong> La consultor\u00eda de NDR garantiza que todos los materiales y discusiones cumplan con las regulaciones de valores, mitigando los riesgos potenciales asociados con las divulgaciones financieras y las declaraciones prospectivas.<\/li>\n<\/ul>\n\n\n\n<h2 class=\"wp-block-heading\">Factores cr\u00edticos de \u00e9xito para una consultor\u00eda itinerante sin acuerdos exitosa<\/h2>\n\n\n\n<figure class=\"gb-block-image gb-block-image-e9facfb9\"><img loading=\"lazy\" decoding=\"async\" width=\"1456\" height=\"816\" class=\"gb-image gb-image-e9facfb9\" src=\"https:\/\/www.sisinternational.com\/wp-content\/uploads\/2025\/10\/Non-Deal-Roadshows-3.jpg\" alt=\"Investigaci\u00f3n y estrategia de mercado internacional de SIS\" title=\"Non-Deal Roadshows (3)\" srcset=\"https:\/\/www.sisinternational.com\/wp-content\/uploads\/2025\/10\/Non-Deal-Roadshows-3.jpg 1456w, https:\/\/www.sisinternational.com\/wp-content\/uploads\/2025\/10\/Non-Deal-Roadshows-3-300x168.jpg 300w, https:\/\/www.sisinternational.com\/wp-content\/uploads\/2025\/10\/Non-Deal-Roadshows-3-1024x574.jpg 1024w, https:\/\/www.sisinternational.com\/wp-content\/uploads\/2025\/10\/Non-Deal-Roadshows-3-768x430.jpg 768w, https:\/\/www.sisinternational.com\/wp-content\/uploads\/2025\/10\/Non-Deal-Roadshows-3-18x10.jpg 18w\" sizes=\"auto, (max-width: 1456px) 100vw, 1456px\"><\/figure>\n\n\n\n<p><\/p>\n\n\n\n<p>Lograr el \u00e9xito en la consultor\u00eda de NDR requiere un enfoque estrat\u00e9gico que abarque varios factores clave. Estos factores cr\u00edticos de \u00e9xito garantizan que el NDR comunique eficazmente la propuesta de valor de la empresa a la comunidad inversora, fortalezca las relaciones con los inversores y respalde los objetivos comerciales a largo plazo.<\/p>\n\n\n\n<ul class=\"wp-block-list\">\n<li><strong>Comprensi\u00f3n profunda de la estrategia y los objetivos de la empresa:<\/strong> El \u00e9xito comienza con una comprensi\u00f3n profunda de los objetivos estrat\u00e9gicos, el desempe\u00f1o financiero y los planes de crecimiento futuro de la empresa. Este conocimiento fundamental permite a los consultores de NDR adaptar el roadshow para reflejar la propuesta de valor \u00fanica y las oportunidades de inversi\u00f3n de la empresa.<\/li>\n\n\n\n<li><strong>Identificaci\u00f3n y participaci\u00f3n de inversores espec\u00edficos:<\/strong> A successful non-deal roadshow consulting strategy involves thorough research to pinpoint investors most likely to be interested in the company&#8217;s story. This ensures that roadshow meetings are productive and aligned with investor interests.<\/li>\n\n\n\n<li><strong>Comunicaci\u00f3n efectiva y seguimiento:<\/strong> La comunicaci\u00f3n eficaz antes, durante y despu\u00e9s del NDR es vital para construir y mantener relaciones con los inversores. Esto incluye comunicaciones de seguimiento oportunas e informativas que refuerzan los mensajes clave y abordan cualquier pregunta o inquietud planteada durante las reuniones.<\/li>\n\n\n\n<li><strong>Bucle de retroalimentaci\u00f3n continua y adaptaci\u00f3n:<\/strong> A critical success factor is incorporating feedback from investors and adapting the roadshow approach as necessary. This ongoing evaluation process allows for the refinement of messaging and strategy, ensuring that the NDR remains effective and relevant.<\/li>\n\n\n\n<li><strong>Cumplimiento y Adhesi\u00f3n Normativa:<\/strong> Garantizar que todos los aspectos del NDR cumplan con las regulaciones de valores aplicables y los requisitos de divulgaci\u00f3n no es negociable. Esto incluye revisar cuidadosamente los materiales de presentaci\u00f3n y las comunicaciones para evitar la difusi\u00f3n de informaci\u00f3n confidencial o no p\u00fablica.<\/li>\n<\/ul>\n\n\n\n<h2 class=\"wp-block-heading\">El enfoque de SIS para la consultor\u00eda itinerante sin acuerdos<\/h2>\n\n\n\n<p>El enfoque de SIS para la consultor\u00eda itinerante sin acuerdos se caracteriza por una metodolog\u00eda personalizada y basada en resultados que tiene como objetivo maximizar los beneficios estrat\u00e9gicos de los NDR para nuestros clientes. Este enfoque integral abarca etapas detalladas de planificaci\u00f3n, ejecuci\u00f3n y seguimiento, garantizando que cada NDR no sea solo un evento, sino un momento crucial en la estrategia de relaciones con los inversores de la empresa. As\u00ed es como SIS ofrece impactantes servicios de consultor\u00eda NDR:<\/p>\n\n\n\n<ul class=\"wp-block-list\">\n<li><strong>Desarrollo de estrategias a medida:<\/strong> At SIS, we begin by examining the client&#8217;s business objectives, financial performance, and investor relations goals in depth. This initial assessment forms the basis for developing a tailored NDR strategy that aligns with the company&#8217;s broader corporate strategy and targets the most relevant investor audiences.<\/li>\n\n\n\n<li><strong>Identificaci\u00f3n del inversor objetivo:<\/strong> Aprovechando nuestra amplia red y an\u00e1lisis sofisticados, identificamos y priorizamos a los inversores potenciales que tienen m\u00e1s probabilidades de estar interesados en la historia de la empresa. Este enfoque espec\u00edfico garantiza que el NDR llegue de manera eficiente a la combinaci\u00f3n adecuada de inversores actuales y potenciales, mejorando la eficacia de los esfuerzos de participaci\u00f3n.<\/li>\n\n\n\n<li><strong>Mensajes convincentes y preparaci\u00f3n de materiales:<\/strong> Nuestro equipo trabaja en estrecha colaboraci\u00f3n con los clientes para desarrollar mensajes convincentes y materiales de presentaci\u00f3n de alta calidad que articulen claramente la propuesta de valor, la direcci\u00f3n estrat\u00e9gica y los aspectos m\u00e1s destacados de la inversi\u00f3n de la empresa. Esta preparaci\u00f3n es fundamental para causar una buena impresi\u00f3n en los inversores y comunicar mensajes clave de forma eficaz.<\/li>\n\n\n\n<li><strong>Planificaci\u00f3n log\u00edstica rigurosa:<\/strong> SIS gestiona todos los aspectos log\u00edsticos del roadshow, desde la programaci\u00f3n de reuniones y la selecci\u00f3n de lugares hasta la coordinaci\u00f3n de los arreglos de viaje. Nuestra meticulosa planificaci\u00f3n garantiza una experiencia perfecta para los representantes de la empresa y los inversores.<\/li>\n\n\n\n<li><strong>Ejecuci\u00f3n y Soporte:<\/strong> During the NDR, SIS provides on-the-ground support to ensure the roadshow runs smoothly and promptly addresses any issues. Our team assists with presentation delivery, Q&amp;A preparation, and investor interaction, ensuring that company executives can focus on building meaningful relationships with investors.<\/li>\n\n\n\n<li><strong>An\u00e1lisis y comentarios posteriores al roadshow:<\/strong> Despu\u00e9s del NDR, SIS analiza exhaustivamente el impacto del roadshow, incluidos los comentarios de los inversores, los resultados de las reuniones y la eficacia general. Este informe posterior al roadshow proporciona informaci\u00f3n valiosa que puede informar futuras estrategias de relaciones con inversores e iniciativas de roadshow.<\/li>\n\n\n\n<li><strong>Mejora Continua y Asesoramiento Estrat\u00e9gico:<\/strong> Nuestro compromiso no termina con la gira. SIS ofrece asesoramiento estrat\u00e9gico continuo para ayudar a los clientes a integrar los conocimientos y las relaciones desarrolladas durante la NDR en su estrategia de relaciones con los inversores a largo plazo. Apoyamos los esfuerzos de mejora continua, asegurando que cada NDR se base en el \u00e9xito de los anteriores.<\/li>\n<\/ul>\n\n\n\n<h2 class=\"wp-block-heading\">Oportunidades en consultor\u00eda itinerante sin acuerdos<\/h2>\n\n\n\n<figure class=\"gb-block-image gb-block-image-ce715558\"><img loading=\"lazy\" decoding=\"async\" width=\"1456\" height=\"816\" class=\"gb-image gb-image-ce715558\" src=\"https:\/\/www.sisinternational.com\/wp-content\/uploads\/2025\/10\/Non-Deal-Roadshows-2.jpg\" alt=\"Investigaci\u00f3n y estrategia de mercado internacional de SIS\" title=\"Non-Deal Roadshows (2)\" srcset=\"https:\/\/www.sisinternational.com\/wp-content\/uploads\/2025\/10\/Non-Deal-Roadshows-2.jpg 1456w, https:\/\/www.sisinternational.com\/wp-content\/uploads\/2025\/10\/Non-Deal-Roadshows-2-300x168.jpg 300w, https:\/\/www.sisinternational.com\/wp-content\/uploads\/2025\/10\/Non-Deal-Roadshows-2-1024x574.jpg 1024w, https:\/\/www.sisinternational.com\/wp-content\/uploads\/2025\/10\/Non-Deal-Roadshows-2-768x430.jpg 768w, https:\/\/www.sisinternational.com\/wp-content\/uploads\/2025\/10\/Non-Deal-Roadshows-2-18x10.jpg 18w\" sizes=\"auto, (max-width: 1456px) 100vw, 1456px\"><\/figure>\n\n\n\n<p><\/p>\n\n\n\n<p>La consultor\u00eda de roadshows sin acuerdos presenta muchas oportunidades para que las empresas profundicen su compromiso con la comunidad inversora, perfeccionen su posicionamiento en el mercado y articulen de manera convincente su visi\u00f3n estrat\u00e9gica. Esta forma especializada de consultor\u00eda abre puertas a compromisos estrat\u00e9gicos que pueden influir significativamente en la percepci\u00f3n de una empresa entre inversores y analistas.<\/p>\n\n\n\n<ul class=\"wp-block-list\">\n<li><strong>Oportunidad de interacci\u00f3n personalizada:<\/strong> La consultor\u00eda de roadshows sin acuerdos facilita la interacci\u00f3n directa y personalizada con inversores y analistas clave, ofreciendo una plataforma para construir y fortalecer relaciones, abordar consultas en tiempo real y presentar la visi\u00f3n y estrategia de la empresa de primera mano.<\/li>\n\n\n\n<li><strong>Elaborar una narrativa convincente:<\/strong> Los consultores ayudan a desarrollar una narrativa estrat\u00e9gica que destaque las fortalezas, los logros y las perspectivas de la empresa. Esta oportunidad permite a las empresas controlar su historia, asegurando que los inversores reciban un mensaje coherente y persuasivo sobre la propuesta de valor de la empresa.<\/li>\n\n\n\n<li><strong>Valiosa inteligencia de mercado:<\/strong> Los NDR brindan una oportunidad \u00fanica para recopilar conocimientos y comentarios directamente de la comunidad inversora. Esta inteligencia puede informar decisiones estrat\u00e9gicas, actividades de relaciones con inversores y futuras estrategias de comunicaci\u00f3n.<\/li>\n\n\n\n<li><strong>Ampliando el grupo de inversores:<\/strong> Al llegar a inversores potenciales en diferentes regiones y enfoques de inversi\u00f3n, la consultor\u00eda de NDR ayuda a las empresas a diversificar su base de inversores, reduciendo la dependencia de un grupo limitado de inversores y mejorando la estabilidad del mercado.<\/li>\n\n\n\n<li><strong>Impulsar la visibilidad corporativa:<\/strong> Los NDR exitosos pueden mejorar significativamente la visibilidad de una empresa dentro de los mercados financieros, mejorando el reconocimiento de la marca y haciendo que la empresa sea m\u00e1s atractiva para una gama m\u00e1s amplia de inversores.<\/li>\n<\/ul>\n\n\n\n<h2 class=\"wp-block-heading\">Nuestra ubicaci\u00f3n de instalaciones en Nueva York<\/h2>\n\n\n\n<p>  <iframe loading=\"lazy\" src=\"https:\/\/www.google.com\/maps\/embed?pb=!1m18!1m12!1m3!1d3022.976188376966!2d-73.99130312499956!3d40.740549471389315!2m3!1f0!2f0!3f0!3m2!1i1024!2i768!4f13.1!3m3!1m2!1s0x89c259a15798c731%3A0xd695d09bdd495f25!2s11%20E%2022nd%20St%20FL%202%2C%20New%20York%2C%20NY%2010010%2C%20USA!5e0!3m2!1sen!2spe!4v1726171763526!5m2!1sen!2spe\" width=\"600\" height=\"450\" allowfullscreen=\"allowfullscreen\" data-mce-fragment=\"1\"><\/iframe>  <\/p>\n\n\n\n<h3 class=\"wp-block-heading\">11 E 22nd Street, piso 2, Nueva York, NY 10010 T: +1(212) 505-6805<\/h3>\n\n\n\n<hr class=\"wp-block-separator has-alpha-channel-opacity\"\/>\n\n\n\n<h2 class=\"wp-block-heading\"><span style=\"font-weight: 400;\">Acerca de SIS Internacional<\/span><\/h2>\n\n\n\n<p><a href=\"https:\/\/www.sisinternational.com\/es\/\"><span style=\"font-weight: 400;\">SIS Internacional<\/span><\/a><span style=\"font-weight: 400;\"> ofrece investigaci\u00f3n cuantitativa, cualitativa y estrat\u00e9gica. Proporcionamos datos, herramientas, estrategias, informes y conocimientos para la toma de decisiones. Tambi\u00e9n realizamos entrevistas, encuestas, grupos focales y otros m\u00e9todos y enfoques de investigaci\u00f3n de mercado.<\/span><a href=\"https:\/\/www.sisinternational.com\/es\/sobre-la-investigacion-internacional-de-sis\/contact-sis-international-market-research\/\"><span style=\"font-weight: 400;\"> P\u00f3ngase en contacto con nosotros<\/span><\/a><span style=\"font-weight: 400;\"> para su pr\u00f3ximo proyecto de Investigaci\u00f3n de Mercado.<\/span><\/p>\n\n\n\n<p><\/p>\n\n\n\n<p><\/p>","protected":false},"excerpt":{"rendered":"<p>La consultor\u00eda de roadshows sin acuerdos ayuda a las empresas con iniciativas estrat\u00e9gicas a interactuar con inversores sin recaudar capital ni cerrar un trato.<\/p>","protected":false},"author":1,"featured_media":71771,"parent":27462,"menu_order":63,"comment_status":"closed","ping_status":"closed","template":"","meta":{"footnotes":""},"class_list":["post-46225","page","type-page","status-publish","has-post-thumbnail"],"_links":{"self":[{"href":"https:\/\/www.sisinternational.com\/es\/wp-json\/wp\/v2\/pages\/46225","targetHints":{"allow":["GET"]}}],"collection":[{"href":"https:\/\/www.sisinternational.com\/es\/wp-json\/wp\/v2\/pages"}],"about":[{"href":"https:\/\/www.sisinternational.com\/es\/wp-json\/wp\/v2\/types\/page"}],"author":[{"embeddable":true,"href":"https:\/\/www.sisinternational.com\/es\/wp-json\/wp\/v2\/users\/1"}],"replies":[{"embeddable":true,"href":"https:\/\/www.sisinternational.com\/es\/wp-json\/wp\/v2\/comments?post=46225"}],"version-history":[{"count":10,"href":"https:\/\/www.sisinternational.com\/es\/wp-json\/wp\/v2\/pages\/46225\/revisions"}],"predecessor-version":[{"id":78954,"href":"https:\/\/www.sisinternational.com\/es\/wp-json\/wp\/v2\/pages\/46225\/revisions\/78954"}],"up":[{"embeddable":true,"href":"https:\/\/www.sisinternational.com\/es\/wp-json\/wp\/v2\/pages\/27462"}],"wp:featuredmedia":[{"embeddable":true,"href":"https:\/\/www.sisinternational.com\/es\/wp-json\/wp\/v2\/media\/71771"}],"wp:attachment":[{"href":"https:\/\/www.sisinternational.com\/es\/wp-json\/wp\/v2\/media?parent=46225"}],"curies":[{"name":"wp","href":"https:\/\/api.w.org\/{rel}","templated":true}]}}