{"id":46220,"date":"2024-02-22T14:24:57","date_gmt":"2024-02-22T19:24:57","guid":{"rendered":"https:\/\/www.sisinternational.com\/?page_id=46220"},"modified":"2026-01-26T17:53:17","modified_gmt":"2026-01-26T22:53:17","slug":"fintech-ir-al-mercado-consultoria","status":"publish","type":"page","link":"https:\/\/www.sisinternational.com\/es\/soluciones\/investigacion-de-consultoria-estrategica-fintech\/fintech-ir-al-mercado-consultoria\/","title":{"rendered":"Consultor\u00eda de comercializaci\u00f3n de FinTech"},"content":{"rendered":"<h1 class=\"wp-block-heading\">Consultor\u00eda de comercializaci\u00f3n de FinTech<\/h1>\n\n\n\n<figure class=\"gb-block-image gb-block-image-d48ffb7e\"><img loading=\"lazy\" decoding=\"async\" width=\"1456\" height=\"816\" class=\"gb-image gb-image-d48ffb7e\" src=\"https:\/\/www.sisinternational.com\/wp-content\/uploads\/2025\/09\/Fintech-5.jpg\" alt=\"Investigaci\u00f3n y estrategia de mercado internacional de SIS\" title=\"Fintech (5)\" srcset=\"https:\/\/www.sisinternational.com\/wp-content\/uploads\/2025\/09\/Fintech-5.jpg 1456w, https:\/\/www.sisinternational.com\/wp-content\/uploads\/2025\/09\/Fintech-5-300x168.jpg 300w, https:\/\/www.sisinternational.com\/wp-content\/uploads\/2025\/09\/Fintech-5-1024x574.jpg 1024w, https:\/\/www.sisinternational.com\/wp-content\/uploads\/2025\/09\/Fintech-5-768x430.jpg 768w, https:\/\/www.sisinternational.com\/wp-content\/uploads\/2025\/09\/Fintech-5-18x10.jpg 18w\" sizes=\"auto, (max-width: 1456px) 100vw, 1456px\"><\/figure>\n\n\n\n<p><\/p>\n\n\n\n<hr class=\"wp-block-separator has-alpha-channel-opacity\"\/>\n\n\n\n<p>FinTech go-to-market consulting emerges as the critical catalyst for success, offering a strategic roadmap for navigating the complexities of market entry and scaling in the rapidly evolving FinTech ecosystem.&nbsp;<\/p>\n\n\n\n<h2 class=\"wp-block-heading\">Comprender la consultor\u00eda de comercializaci\u00f3n de FinTech<\/h2>\n\n\n\n<p><a href=\"https:\/\/sisaisolutions.com\/application-of-ai-in-fintech\/\" target=\"_blank\" rel=\"noopener\">FinTech go-to-market consulting<\/a> helps FinTech companies and financial institutions launch and scale their innovative products and services strategically. This consulting offers a deep understanding of the FinTech landscape, including customer behaviors, regulatory challenges, competitive dynamics, and technological advancements.<\/p>\n\n\n\n<p>Consultants leverage this knowledge to guide FinTech firms through the complexities of market entry, from identifying the most viable customer segments and developing compelling value propositions to selecting the optimal channels for customer engagement and conversion.<\/p>\n\n\n\n<h2 class=\"wp-block-heading\">Por qu\u00e9 las empresas necesitan consultor\u00eda de comercializaci\u00f3n de FinTech<\/h2>\n\n\n\n<p>La consultor\u00eda de comercializaci\u00f3n de FinTech ayuda a las empresas a mantenerse a la vanguardia de las tendencias, garantizando que sus ofertas se alineen con las demandas del mercado y est\u00e9n preparadas para el \u00e9xito. Adem\u00e1s, esta consultor\u00eda proporciona informaci\u00f3n sobre c\u00f3mo navegar estos panoramas regulatorios, garantizando que los productos y servicios cumplan con todos los requisitos legales y al mismo tiempo optimizando la entrada y el crecimiento en el mercado.<\/p>\n\n\n\n<p>Comprender y llegar a los segmentos de clientes adecuados es fundamental en la industria FinTech. La consultor\u00eda de comercializaci\u00f3n ayuda a definir estrategias de ventas y marketing espec\u00edficas que atraen y retienen clientes de manera efectiva, impulsan el crecimiento y construyen una base de usuarios leales.<\/p>\n\n\n\n<p>Adem\u00e1s, para las empresas FinTech que buscan escalar o expandirse internacionalmente, los consultores ofrecen estrategias para superar las barreras de entrada, adaptarse a los mercados locales y gestionar las complejidades operativas, lo que permite un escalamiento exitoso y una penetraci\u00f3n en el mercado global.<\/p>\n\n\n\n<h2 class=\"wp-block-heading\">\u00bfCu\u00e1les son los beneficios de la consultor\u00eda de comercializaci\u00f3n de FinTech?<\/h2>\n\n\n\n<figure class=\"gb-block-image gb-block-image-047dc766\"><img loading=\"lazy\" decoding=\"async\" width=\"1456\" height=\"816\" class=\"gb-image gb-image-047dc766\" src=\"https:\/\/www.sisinternational.com\/wp-content\/uploads\/2025\/10\/SME-Fintech-3.jpg\" alt=\"Investigaci\u00f3n y estrategia de mercado internacional de SIS\" title=\"SME Fintech (3)\" srcset=\"https:\/\/www.sisinternational.com\/wp-content\/uploads\/2025\/10\/SME-Fintech-3.jpg 1456w, https:\/\/www.sisinternational.com\/wp-content\/uploads\/2025\/10\/SME-Fintech-3-300x168.jpg 300w, https:\/\/www.sisinternational.com\/wp-content\/uploads\/2025\/10\/SME-Fintech-3-1024x574.jpg 1024w, https:\/\/www.sisinternational.com\/wp-content\/uploads\/2025\/10\/SME-Fintech-3-768x430.jpg 768w, https:\/\/www.sisinternational.com\/wp-content\/uploads\/2025\/10\/SME-Fintech-3-18x10.jpg 18w\" sizes=\"auto, (max-width: 1456px) 100vw, 1456px\"><\/figure>\n\n\n\n<p><\/p>\n\n\n\n<p>La consultor\u00eda de comercializaci\u00f3n de FinTech ofrece muchos beneficios estrat\u00e9gicos que facilitan una entrada exitosa al mercado y sientan una base s\u00f3lida para un crecimiento sostenido y un liderazgo en el mercado. Estas son las ventajas clave de participar en la consultor\u00eda de comercializaci\u00f3n de FinTech:<\/p>\n\n\n\n<ul class=\"wp-block-list\">\n<li><strong>Posicionamiento mejorado del producto:<\/strong> Con orientaci\u00f3n experta, las empresas pueden identificar y articular sus propuestas de valor \u00fanicas, garantizando que sus productos se destaquen en el concurrido espacio FinTech. El posicionamiento eficaz mejora la visibilidad y el atractivo para los segmentos de clientes objetivo.<\/li>\n\n\n\n<li><strong>Estrategias de lanzamiento optimizadas:<\/strong> FinTech go-to-market consulting helps craft and execute launch strategies that maximize market impact.\u00a0<\/li>\n\n\n\n<li><strong>Tiempo de comercializaci\u00f3n acelerado:<\/strong> Consulting services can significantly reduce the time it takes for FinTech solutions to reach the market by streamlining the go-to-market process and proactively addressing potential challenges, providing a competitive advantage.<\/li>\n\n\n\n<li><strong>Planificaci\u00f3n del crecimiento sostenible:<\/strong> Beyond the initial market entry, FinTech <a href=\"https:\/\/www.sisinternational.com\/es\/fintech-trends-2025\/\" title=\"FinTech Trends\" data-wpil-monitor-id=\"6641\">go-to-market consulting focuses on long-term growth strategies<\/a>, including scaling operations, expanding into new markets, and continuously innovating to meet evolving customer needs.<\/li>\n\n\n\n<li><strong>Retorno de la inversi\u00f3n maximizado:<\/strong> Consulting services help maximize the return on investment for FinTech initiatives by aligning go-to-market strategies with market opportunities and optimizing resource allocation, ensuring financial viability and success.<\/li>\n<\/ul>\n\n\n\n<h2 class=\"wp-block-heading\">Resultados esperados de nuestros conocimientos de consultor\u00eda de comercializaci\u00f3n de FinTech<\/h2>\n\n\n\n<p>Aprovechar los conocimientos de la consultor\u00eda de comercializaci\u00f3n de FinTech puede generar resultados transformadores para las empresas que buscan lanzar o escalar sus soluciones de tecnolog\u00eda financiera. Al incorporar asesoramiento estrat\u00e9gico y mejores pr\u00e1cticas de la industria, las empresas pueden esperar lograr resultados clave como:<\/p>\n\n\n\n<ul class=\"wp-block-list\">\n<li>Achieving a successful market entry that captures the target audience&#8217;s attention and gains immediate traction.<\/li>\n\n\n\n<li>Establecer un fuerte reconocimiento de marca en el espacio FinTech, diferenciar la soluci\u00f3n empresarial de la competencia y construir una marca que resuene entre los clientes e infunda confianza.<\/li>\n\n\n\n<li>Experimentar una adquisici\u00f3n acelerada de clientes a trav\u00e9s de estrategias de marketing espec\u00edficas, propuestas de valor convincentes y canales de distribuci\u00f3n efectivos que conectan con su audiencia e impulsan las conversiones.<\/li>\n\n\n\n<li>Sentar las bases para la escalabilidad y el crecimiento, con una estrategia de comercializaci\u00f3n que respalda la expansi\u00f3n, se adapta a los cambios del mercado y escala con su negocio a medida que crece.<\/li>\n\n\n\n<li>Establishing a sustainable business model ensures long-term viability, profitability, and relevance in the rapidly evolving FinTech ecosystem.<\/li>\n<\/ul>\n\n\n\n<h2 class=\"wp-block-heading\">El enfoque de SIS para la consultor\u00eda de comercializaci\u00f3n de FinTech<\/h2>\n\n\n\n<p>El enfoque de SIS International para la consultor\u00eda de comercializaci\u00f3n de FinTech incorpora una metodolog\u00eda integral, centrada en el cliente y basada en datos. Este enfoque est\u00e1 dise\u00f1ado para dotar a las empresas FinTech de los conocimientos, estrategias y herramientas que necesitan para lanzar y escalar con \u00e9xito sus innovaciones en el competitivo mercado de servicios financieros. He aqu\u00ed un vistazo m\u00e1s de cerca a c\u00f3mo SIS se distingue en el \u00e1mbito de la consultor\u00eda de comercializaci\u00f3n de FinTech:<\/p>\n\n\n\n<ul class=\"wp-block-list\">\n<li><strong>Informaci\u00f3n de mercado personalizada:<\/strong> SIS begins with an in-depth analysis of the FinTech industry, market trends, customer behaviors, and regulatory landscapes.\u00a0<\/li>\n\n\n\n<li><strong>Planificaci\u00f3n estrat\u00e9gica:<\/strong> SIS crafts a customized go-to-market strategy that aligns with the client&#8217;s business objectives, technological capabilities, and target market needs.\u00a0<\/li>\n\n\n\n<li><strong>Navegando por los requisitos regulatorios:<\/strong> Recognizing the critical importance of compliance in the FinTech sector, SIS provides expert guidance on navigating complex regulatory environments.\u00a0<\/li>\n\n\n\n<li><strong>Aprovechando los avances tecnol\u00f3gicos:<\/strong> Con un profundo conocimiento de las \u00faltimas innovaciones FinTech, SIS asesora a los clientes sobre la integraci\u00f3n de tecnolog\u00edas de vanguardia que mejoran la oferta de productos, mejoran las experiencias de los clientes y brindan una ventaja competitiva en el mercado.<\/li>\n\n\n\n<li><strong>Construyendo relaciones con los clientes:<\/strong> At the heart of the SIS approach is a commitment to creating exceptional customer experiences.\u00a0<\/li>\n\n\n\n<li><strong>Optimizaci\u00f3n basada en datos:<\/strong> SIS establishes clear metrics for success and implements mechanisms for tracking performance against these metrics.\u00a0<\/li>\n\n\n\n<li><strong>Apoyo estrat\u00e9gico continuo:<\/strong> M\u00e1s all\u00e1 de la entrada inicial al mercado, SIS ofrece apoyo continuo y asesoramiento estrat\u00e9gico a los clientes. Esta asociaci\u00f3n a largo plazo garantiza que las empresas de tecnolog\u00eda financiera puedan navegar en el panorama industrial en evoluci\u00f3n, aprovechar nuevas oportunidades y sostener el crecimiento en el competitivo ecosistema de servicios financieros.<\/li>\n<\/ul>\n\n\n\n<h2 class=\"wp-block-heading\">Oportunidades en consultor\u00eda de comercializaci\u00f3n de FinTech para empresas<\/h2>\n\n\n\n<figure class=\"gb-block-image gb-block-image-eb0d36c3\"><img loading=\"lazy\" decoding=\"async\" width=\"1456\" height=\"816\" class=\"gb-image gb-image-eb0d36c3\" src=\"https:\/\/www.sisinternational.com\/wp-content\/uploads\/2025\/09\/FinTech-Terch-technology-AI-artificial-intelligence-38.jpg\" alt=\"Investigaci\u00f3n y estrategia de mercado internacional de SIS\" title=\"FinTech Terch technology AI artificial intelligence (38)\" srcset=\"https:\/\/www.sisinternational.com\/wp-content\/uploads\/2025\/09\/FinTech-Terch-technology-AI-artificial-intelligence-38.jpg 1456w, https:\/\/www.sisinternational.com\/wp-content\/uploads\/2025\/09\/FinTech-Terch-technology-AI-artificial-intelligence-38-300x168.jpg 300w, https:\/\/www.sisinternational.com\/wp-content\/uploads\/2025\/09\/FinTech-Terch-technology-AI-artificial-intelligence-38-1024x574.jpg 1024w, https:\/\/www.sisinternational.com\/wp-content\/uploads\/2025\/09\/FinTech-Terch-technology-AI-artificial-intelligence-38-768x430.jpg 768w, https:\/\/www.sisinternational.com\/wp-content\/uploads\/2025\/09\/FinTech-Terch-technology-AI-artificial-intelligence-38-18x10.jpg 18w\" sizes=\"auto, (max-width: 1456px) 100vw, 1456px\"><\/figure>\n\n\n\n<p><\/p>\n\n\n\n<p>Participar en la consultor\u00eda de comercializaci\u00f3n de FinTech abre varias oportunidades de negocio dentro del sector FinTech en r\u00e1pida evoluci\u00f3n. Estas oportunidades facilitan la entrada y la expansi\u00f3n exitosas en el mercado y permiten a las empresas navegar las complejidades del ecosistema FinTech con delicadeza estrat\u00e9gica. He aqu\u00ed un vistazo a las oportunidades transformadoras que surgen al aprovechar la consultor\u00eda de comercializaci\u00f3n de FinTech:<\/p>\n\n\n\n<ul class=\"wp-block-list\">\n<li><strong>Diferenciaci\u00f3n estrat\u00e9gica del mercado:<\/strong> Consulting helps businesses identify and articulate their unique selling propositions, enabling them to stand out in a crowded market.\u00a0<\/li>\n\n\n\n<li><strong>Adquisici\u00f3n de clientes espec\u00edficos:<\/strong> Con informaci\u00f3n sobre los comportamientos y preferencias de los clientes, las empresas pueden adaptar sus estrategias de marketing y productos para dirigirse e involucrar de manera efectiva a los clientes potenciales, lo que genera mayores tasas de conversi\u00f3n y un crecimiento acelerado.<\/li>\n\n\n\n<li><strong>Navegaci\u00f3n y Cumplimiento Normativo:<\/strong> La industria FinTech est\u00e1 fuertemente regulada y navegar por este entorno regulatorio es un desaf\u00edo importante. La consultor\u00eda de comercializaci\u00f3n proporciona experiencia en estrategias de cumplimiento, lo que garantiza que las empresas eviten obst\u00e1culos regulatorios y aprovechen los conocimientos regulatorios para obtener una ventaja competitiva.<\/li>\n\n\n\n<li><strong>Estrategias de crecimiento escalables:<\/strong> Consultants assist businesses in developing scalable go-to-market plans that support initial market entry and sustainable long-term growth.\u00a0<\/li>\n\n\n\n<li><strong>Desarrollo de productos innovadores:<\/strong> Aprovechando los \u00faltimos avances tecnol\u00f3gicos, la consultor\u00eda de comercializaci\u00f3n puede guiar a las empresas a innovar y perfeccionar sus ofertas de productos para satisfacer las necesidades de los mercados emergentes y las expectativas de los clientes.<\/li>\n<\/ul>\n\n\n\n<h2 class=\"wp-block-heading\">Nuestra ubicaci\u00f3n de instalaciones en Nueva York<\/h2>\n\n\n\n<p>  <iframe loading=\"lazy\" src=\"https:\/\/www.google.com\/maps\/embed?pb=!1m18!1m12!1m3!1d3022.976188376966!2d-73.99130312499956!3d40.740549471389315!2m3!1f0!2f0!3f0!3m2!1i1024!2i768!4f13.1!3m3!1m2!1s0x89c259a15798c731%3A0xd695d09bdd495f25!2s11%20E%2022nd%20St%20FL%202%2C%20New%20York%2C%20NY%2010010%2C%20USA!5e0!3m2!1sen!2spe!4v1726171763526!5m2!1sen!2spe\" width=\"600\" height=\"450\" allowfullscreen=\"allowfullscreen\" data-mce-fragment=\"1\"><\/iframe>  <\/p>\n\n\n\n<h3 class=\"wp-block-heading\">11 E 22nd Street, piso 2, Nueva York, NY 10010 T: +1(212) 505-6805<\/h3>\n\n\n\n<hr class=\"wp-block-separator has-alpha-channel-opacity\"\/>\n\n\n\n<h2 class=\"wp-block-heading\"><span style=\"font-weight: 400;\">Acerca de SIS Internacional<\/span><\/h2>\n\n\n\n<p><a href=\"https:\/\/www.sisinternational.com\/es\/\"><span style=\"font-weight: 400;\">SIS Internacional<\/span><\/a><span style=\"font-weight: 400;\"> ofrece investigaci\u00f3n cuantitativa, cualitativa y estrat\u00e9gica. Proporcionamos datos, herramientas, estrategias, informes y conocimientos para la toma de decisiones. Tambi\u00e9n realizamos entrevistas, encuestas, grupos focales y otros m\u00e9todos y enfoques de investigaci\u00f3n de mercado.<\/span><a href=\"https:\/\/www.sisinternational.com\/es\/sobre-la-investigacion-internacional-de-sis\/contact-sis-international-market-research\/\"><span style=\"font-weight: 400;\"> P\u00f3ngase en contacto con nosotros<\/span><\/a><span style=\"font-weight: 400;\"> para su pr\u00f3ximo proyecto de Investigaci\u00f3n de Mercado.<\/span><\/p>","protected":false},"excerpt":{"rendered":"<p>La consultor\u00eda de comercializaci\u00f3n de FinTech ayuda a las empresas FinTech y a las instituciones financieras a presentar productos y servicios innovadores de forma estrat\u00e9gica.<\/p>","protected":false},"author":1,"featured_media":69521,"parent":27462,"menu_order":66,"comment_status":"closed","ping_status":"closed","template":"","meta":{"footnotes":""},"class_list":["post-46220","page","type-page","status-publish","has-post-thumbnail"],"_links":{"self":[{"href":"https:\/\/www.sisinternational.com\/es\/wp-json\/wp\/v2\/pages\/46220","targetHints":{"allow":["GET"]}}],"collection":[{"href":"https:\/\/www.sisinternational.com\/es\/wp-json\/wp\/v2\/pages"}],"about":[{"href":"https:\/\/www.sisinternational.com\/es\/wp-json\/wp\/v2\/types\/page"}],"author":[{"embeddable":true,"href":"https:\/\/www.sisinternational.com\/es\/wp-json\/wp\/v2\/users\/1"}],"replies":[{"embeddable":true,"href":"https:\/\/www.sisinternational.com\/es\/wp-json\/wp\/v2\/comments?post=46220"}],"version-history":[{"count":11,"href":"https:\/\/www.sisinternational.com\/es\/wp-json\/wp\/v2\/pages\/46220\/revisions"}],"predecessor-version":[{"id":80221,"href":"https:\/\/www.sisinternational.com\/es\/wp-json\/wp\/v2\/pages\/46220\/revisions\/80221"}],"up":[{"embeddable":true,"href":"https:\/\/www.sisinternational.com\/es\/wp-json\/wp\/v2\/pages\/27462"}],"wp:featuredmedia":[{"embeddable":true,"href":"https:\/\/www.sisinternational.com\/es\/wp-json\/wp\/v2\/media\/69521"}],"wp:attachment":[{"href":"https:\/\/www.sisinternational.com\/es\/wp-json\/wp\/v2\/media?parent=46220"}],"curies":[{"name":"wp","href":"https:\/\/api.w.org\/{rel}","templated":true}]}}