{"id":46215,"date":"2024-02-23T23:12:02","date_gmt":"2024-02-24T04:12:02","guid":{"rendered":"https:\/\/www.sisinternational.com\/?page_id=46215"},"modified":"2026-03-16T23:48:34","modified_gmt":"2026-03-17T03:48:34","slug":"servicios-financieros-ir-al-mercado-consultoria","status":"publish","type":"page","link":"https:\/\/www.sisinternational.com\/es\/soluciones\/consultoria-estrategica\/financial-services-consulting\/servicios-financieros-ir-al-mercado-consultoria\/","title":{"rendered":"Consultor\u00eda de comercializaci\u00f3n de servicios financieros"},"content":{"rendered":"<h1 class=\"wp-block-heading\">Consultor\u00eda de comercializaci\u00f3n de servicios financieros<\/h1>\n\n\n\n<figure class=\"gb-block-image gb-block-image-e0b0bb64\"><img loading=\"lazy\" decoding=\"async\" width=\"1456\" height=\"816\" class=\"gb-image gb-image-e0b0bb64\" src=\"https:\/\/www.sisinternational.com\/wp-content\/uploads\/2025\/10\/Financial-Services-Go-To-Market-1.jpg\" alt=\"Investigaci\u00f3n y estrategia de mercado internacional de SIS\" title=\"Financial Services Go-To-Market (1)\" srcset=\"https:\/\/www.sisinternational.com\/wp-content\/uploads\/2025\/10\/Financial-Services-Go-To-Market-1.jpg 1456w, https:\/\/www.sisinternational.com\/wp-content\/uploads\/2025\/10\/Financial-Services-Go-To-Market-1-300x168.jpg 300w, https:\/\/www.sisinternational.com\/wp-content\/uploads\/2025\/10\/Financial-Services-Go-To-Market-1-1024x574.jpg 1024w, https:\/\/www.sisinternational.com\/wp-content\/uploads\/2025\/10\/Financial-Services-Go-To-Market-1-768x430.jpg 768w, https:\/\/www.sisinternational.com\/wp-content\/uploads\/2025\/10\/Financial-Services-Go-To-Market-1-18x10.jpg 18w\" sizes=\"auto, (max-width: 1456px) 100vw, 1456px\"><\/figure>\n\n\n\n<hr class=\"wp-block-separator has-alpha-channel-opacity\"\/>\n\n\n\n<p>Financial services go-to-market consulting offers a blueprint for successfully launching and scaling financial solutions in today&#8217;s dynamic market. This specialized consulting service doesn&#8217;t just guide businesses through the market entry maze; it equips them with the insights and strategies to make a lasting impact. It ensures that their offerings reach the right audience and resonate deeply, fostering engagement and loyalty.<\/p>\n\n\n\n<h2 class=\"wp-block-heading\">\u00bfQu\u00e9 es la consultor\u00eda de comercializaci\u00f3n de servicios financieros?<\/h2>\n\n\n\n<p><a href=\"https:\/\/sisaisolutions.com\/application-of-ai-in-financial-services\/\" target=\"_blank\" rel=\"noopener\">Financial services go-to-market consulting<\/a> helps financial institutions and FinTech companies design and execute effective market entry and expansion strategies.<\/p>\n\n\n\n<p>This consulting focuses on understanding the unique value proposition of financial products and services, identifying target markets, and crafting compelling messaging and channels to reach and engage potential customers. The goal is ensuring businesses can launch new offerings effectively, penetrate markets, and achieve rapid growth.<\/p>\n\n\n\n<h2 class=\"wp-block-heading\">\u00bfPor qu\u00e9 las empresas necesitan consultor\u00eda de comercializaci\u00f3n de servicios financieros?<\/h2>\n\n\n\n<figure class=\"gb-block-image gb-block-image-6533cb21\"><img loading=\"lazy\" decoding=\"async\" width=\"1456\" height=\"816\" class=\"gb-image gb-image-6533cb21\" src=\"https:\/\/www.sisinternational.com\/wp-content\/uploads\/2025\/10\/Financial-Services-Go-To-Market-3.jpg\" alt=\"Investigaci\u00f3n y estrategia de mercado internacional de SIS\" title=\"Financial Services Go-To-Market (3)\" srcset=\"https:\/\/www.sisinternational.com\/wp-content\/uploads\/2025\/10\/Financial-Services-Go-To-Market-3.jpg 1456w, https:\/\/www.sisinternational.com\/wp-content\/uploads\/2025\/10\/Financial-Services-Go-To-Market-3-300x168.jpg 300w, https:\/\/www.sisinternational.com\/wp-content\/uploads\/2025\/10\/Financial-Services-Go-To-Market-3-1024x574.jpg 1024w, https:\/\/www.sisinternational.com\/wp-content\/uploads\/2025\/10\/Financial-Services-Go-To-Market-3-768x430.jpg 768w, https:\/\/www.sisinternational.com\/wp-content\/uploads\/2025\/10\/Financial-Services-Go-To-Market-3-18x10.jpg 18w\" sizes=\"auto, (max-width: 1456px) 100vw, 1456px\"><\/figure>\n\n\n\n<p><\/p>\n\n\n\n<p><a href=\"https:\/\/www.sisinternational.com\/es\/financial-services-consulting\/\" title=\"Financial Services Consulting\" data-wpil-monitor-id=\"2977\">Financial services go-to-market consulting<\/a> helps businesses identify and articulate what sets their offerings apart, ensuring that they are positioned strategically to capture the attention and loyalty of target customers. Consultants assist in dissecting the market into distinct segments and developing targeted strategies that resonate with each group, enhancing the effectiveness of marketing efforts and improving customer acquisition rates.<\/p>\n\n\n\n<p>Adem\u00e1s, el lanzamiento de un nuevo producto o servicio financiero implica una tarea considerable, y la consultor\u00eda de comercializaci\u00f3n proporciona una hoja de ruta para navegar este proceso, desde la sincronizaci\u00f3n y los mensajes hasta la selecci\u00f3n del canal, minimizando los riesgos y maximizando la probabilidad de un lanzamiento exitoso. Los consultores trabajan con empresas para desarrollar planes para ampliar las operaciones, expandirse a nuevos mercados e innovar continuamente sus ofertas.<\/p>\n\n\n\n<p>In any case, financial <a href=\"https:\/\/www.sisinternational.com\/es\/soluciones\/consultoria-de-hosteleria-y-turismo-en-viajes\/consultoria-de-servicios-de-conserjeria\/\" title=\"Consultor\u00eda de servicios de conserjer\u00eda\" data-wpil-monitor-id=\"4692\">services go-to-market consulting<\/a> brings many other benefits for businesses, including:<\/p>\n\n\n\n<ul class=\"wp-block-list\">\n<li><strong>Tiempo de comercializaci\u00f3n acelerado:<\/strong> Consulting services streamline the <a href=\"https:\/\/www.sisinternational.com\/es\/financial-services-consulting\/robotic-process-automation-in-financial-services\/\" title=\"Robotic Process Automation in Financial Services\" data-wpil-monitor-id=\"1065\">process of bringing new financial<\/a> products or services to market.\u00a0<\/li>\n\n\n\n<li><strong>Mayor penetraci\u00f3n en el mercado:<\/strong> Con orientaci\u00f3n experta sobre focalizaci\u00f3n y posicionamiento, las empresas pueden lograr una penetraci\u00f3n m\u00e1s profunda en el mercado. Las estrategias de comercializaci\u00f3n personalizadas garantizan que los esfuerzos de marketing resuenen en la audiencia prevista, lo que genera mayores tasas de conversi\u00f3n y adquisici\u00f3n de clientes.<\/li>\n\n\n\n<li><strong>Reconocimiento de marca mejorado:<\/strong> Effective financial services go-to-market consulting helps build and enhance brand recognition. Businesses can establish a strong brand presence by communicating a unique value proposition and delivering consistent messaging across channels.<\/li>\n\n\n\n<li><strong>Asignaci\u00f3n estrat\u00e9gica de recursos:<\/strong> Financial services go-to-market consulting provides insights into the most effective resource allocation, ensuring that marketing budgets are invested in channels and tactics that yield the highest return on investment.<\/li>\n\n\n\n<li><strong>Compromiso del cliente a largo plazo:<\/strong> Beyond the initial market entry, go-to-market consulting focuses on building strategies for sustained customer engagement.\u00a0<\/li>\n\n\n\n<li><strong>Adaptabilidad a los cambios del mercado:<\/strong> El panorama de los servicios financieros est\u00e1 en constante evoluci\u00f3n. Los servicios de consultor\u00eda permiten a las empresas adaptarse a los cambios del mercado, garantizando que sus estrategias de comercializaci\u00f3n sigan siendo relevantes y efectivas a lo largo del tiempo.<\/li>\n<\/ul>\n\n\n\n<h2 class=\"wp-block-heading\">El enfoque de SIS para la consultor\u00eda de comercializaci\u00f3n de servicios financieros<\/h2>\n\n\n\n<p>The SIS International financial services go-to-market consulting approach is comprehensive, data-driven, and client-centric. This approach is tailored to meet the unique challenges and opportunities faced by businesses in the financial services sector, ensuring they can successfully launch and scale their offerings. Here\u2019s how the SIS approach sets itself apart:<\/p>\n\n\n\n<ul class=\"wp-block-list\">\n<li><strong>Informaci\u00f3n detallada sobre el mercado y la competencia:<\/strong> SIS begins with a thorough market analysis, including customer needs, competitive landscape, and regulatory environment.\u00a0<\/li>\n\n\n\n<li><strong>Planes de comercializaci\u00f3n personalizados:<\/strong> Al reconocer los atributos \u00fanicos de las ofertas de cada cliente, SIS elabora estrategias personalizadas de comercializaci\u00f3n que se alinean con los objetivos del cliente, la din\u00e1mica del mercado y las expectativas del cliente. Este enfoque garantiza que las estrategias sean muy espec\u00edficas y eficaces.<\/li>\n\n\n\n<li><strong>Aprovechando tecnolog\u00edas de vanguardia:<\/strong> SIS keeps a keen eye on the latest technological advancements in financial services. It guides clients in integrating innovative solutions that enhance their offerings, improve customer experience, and provide a competitive edge.<\/li>\n\n\n\n<li><strong>Navegando por las complejidades regulatorias:<\/strong> SIS brinda orientaci\u00f3n experta sobre el cumplimiento normativo, ayudando a los clientes a comprender y navegar el complejo panorama regulatorio de los servicios financieros. Esto garantiza que las estrategias de comercializaci\u00f3n sean efectivas y cumplan plenamente con la normativa vigente.<\/li>\n\n\n\n<li><strong>Creaci\u00f3n de experiencias atractivas para los clientes:<\/strong> At the heart of the <a href=\"https:\/\/www.linkedin.com\/company\/sisinternationalresearch\/posts\/?feedView=all\" target=\"_blank\" rel=\"noopener\">SIS approach<\/a> is a commitment to creating exceptional customer experiences. Through targeted marketing strategies and customer engagement plans, SIS helps clients build strong relationships with their target audience, driving acquisition and loyalty.<\/li>\n\n\n\n<li><strong>M\u00e9tricas de rendimiento basadas en datos:<\/strong> SIS establishes clear, measurable goals for go-to-market initiatives, using data analytics to track performance and inform continuous improvement.\u00a0<\/li>\n\n\n\n<li><strong>Orientaci\u00f3n estrat\u00e9gica continua:<\/strong> Beyond the initial go-to-market phase, SIS offers ongoing support and strategic guidance to clients.\u00a0<\/li>\n<\/ul>\n\n\n\n<h2 class=\"wp-block-heading\">Oportunidades en consultor\u00eda de comercializaci\u00f3n de servicios financieros para empresas<\/h2>\n\n\n\n<figure class=\"gb-block-image gb-block-image-ea5523cc\"><img loading=\"lazy\" decoding=\"async\" width=\"1456\" height=\"816\" class=\"gb-image gb-image-ea5523cc\" src=\"https:\/\/www.sisinternational.com\/wp-content\/uploads\/2025\/10\/Financial-Services-Go-To-Market-2.jpg\" alt=\"Investigaci\u00f3n y estrategia de mercado internacional de SIS\" title=\"Financial Services Go-To-Market (2)\" srcset=\"https:\/\/www.sisinternational.com\/wp-content\/uploads\/2025\/10\/Financial-Services-Go-To-Market-2.jpg 1456w, https:\/\/www.sisinternational.com\/wp-content\/uploads\/2025\/10\/Financial-Services-Go-To-Market-2-300x168.jpg 300w, https:\/\/www.sisinternational.com\/wp-content\/uploads\/2025\/10\/Financial-Services-Go-To-Market-2-1024x574.jpg 1024w, https:\/\/www.sisinternational.com\/wp-content\/uploads\/2025\/10\/Financial-Services-Go-To-Market-2-768x430.jpg 768w, https:\/\/www.sisinternational.com\/wp-content\/uploads\/2025\/10\/Financial-Services-Go-To-Market-2-18x10.jpg 18w\" sizes=\"auto, (max-width: 1456px) 100vw, 1456px\"><\/figure>\n\n\n\n<p><\/p>\n\n\n\n<p>Engaging in financial services go-to-market consulting opens up many opportunities for businesses aiming to launch or expand their offerings in the financial sector.&nbsp;<\/p>\n\n\n\n<ul class=\"wp-block-list\">\n<li><strong>Entrada estrat\u00e9gica al mercado:<\/strong> Consulting services provide businesses with a strategic framework for entering new markets or launching new products.\u00a0<\/li>\n\n\n\n<li><strong>Diferenciaci\u00f3n Competitiva:<\/strong> La consultor\u00eda de comercializaci\u00f3n de servicios financieros ayuda a las empresas a articular su propuesta de valor \u00fanica, distinguiendo sus ofertas de las de la competencia y captando la atenci\u00f3n de clientes potenciales.<\/li>\n\n\n\n<li><strong>Cumplimiento normativo y mitigaci\u00f3n de riesgos:<\/strong> Navegar por el panorama regulatorio de la industria de servicios financieros puede resultar desalentador. Los consultores brindan experiencia en cumplimiento normativo, ayudando a las empresas a mitigar riesgos y evitar posibles obst\u00e1culos legales.<\/li>\n\n\n\n<li><strong>Integraci\u00f3n e Innovaci\u00f3n Tecnol\u00f3gica:<\/strong> Technology plays a crucial role in the financial services industry. Consulting services guide businesses in integrating the latest FinTech innovations into their offerings.\u00a0<\/li>\n\n\n\n<li><strong>Escalabilidad y crecimiento:<\/strong> <a href=\"https:\/\/www.sisinternational.com\/es\/soluciones\/investigacion-de-consultoria-estrategica-fintech\/fintech-ir-al-mercado-consultoria\/\" title=\"Consultor\u00eda de comercializaci\u00f3n de FinTech\" data-wpil-monitor-id=\"5858\">Consultants assist businesses in developing scalable go-to-market<\/a> strategies that support sustainable growth.\u00a0<\/li>\n\n\n\n<li><strong>Construyendo asociaciones y ecosistemas:<\/strong> En el mundo interconectado de los servicios financieros, formar asociaciones estrat\u00e9gicas puede cambiar las reglas del juego. La consultor\u00eda de comercializaci\u00f3n de servicios financieros ayuda a identificar socios potenciales y crear ecosistemas que mejoren el valor de las ofertas de la empresa.<\/li>\n<\/ul>\n\n\n\n<h2 class=\"wp-block-heading\">Nuestra ubicaci\u00f3n de instalaciones en Nueva York<\/h2>\n\n\n\n<p>  <iframe loading=\"lazy\" src=\"https:\/\/www.google.com\/maps\/embed?pb=!1m18!1m12!1m3!1d3022.976188376966!2d-73.99130312499956!3d40.740549471389315!2m3!1f0!2f0!3f0!3m2!1i1024!2i768!4f13.1!3m3!1m2!1s0x89c259a15798c731%3A0xd695d09bdd495f25!2s11%20E%2022nd%20St%20FL%202%2C%20New%20York%2C%20NY%2010010%2C%20USA!5e0!3m2!1sen!2spe!4v1726171763526!5m2!1sen!2spe\" width=\"600\" height=\"450\" allowfullscreen=\"allowfullscreen\" data-mce-fragment=\"1\"><\/iframe>  <\/p>\n\n\n\n<h3 class=\"wp-block-heading\">11 E 22nd Street, piso 2, Nueva York, NY 10010 T: +1(212) 505-6805<\/h3>\n\n\n\n<hr class=\"wp-block-separator has-alpha-channel-opacity\"\/>\n\n\n\n<h2 class=\"wp-block-heading\"><span style=\"font-weight: 400;\">Acerca de SIS Internacional<\/span><\/h2>\n\n\n\n<p><a href=\"https:\/\/www.sisinternational.com\/es\/\"><span style=\"font-weight: 400;\">SIS Internacional<\/span><\/a><span style=\"font-weight: 400;\"> ofrece investigaci\u00f3n cuantitativa, cualitativa y estrat\u00e9gica. Proporcionamos datos, herramientas, estrategias, informes y conocimientos para la toma de decisiones. Tambi\u00e9n realizamos entrevistas, encuestas, grupos focales y otros m\u00e9todos y enfoques de investigaci\u00f3n de mercado.<\/span><a href=\"https:\/\/www.sisinternational.com\/es\/sobre-la-investigacion-internacional-de-sis\/contact-sis-international-market-research\/\"><span style=\"font-weight: 400;\"> P\u00f3ngase en contacto con nosotros<\/span><\/a><span style=\"font-weight: 400;\"> para su pr\u00f3ximo proyecto de Investigaci\u00f3n de Mercado.<\/span><\/p>","protected":false},"excerpt":{"rendered":"<p>La consultor\u00eda de comercializaci\u00f3n de servicios financieros ayuda a las instituciones financieras y a las empresas FinTech a dise\u00f1ar y ejecutar estrategias efectivas.<\/p>","protected":false},"author":1,"featured_media":71753,"parent":55793,"menu_order":69,"comment_status":"closed","ping_status":"closed","template":"","meta":{"footnotes":""},"class_list":["post-46215","page","type-page","status-publish","has-post-thumbnail"],"_links":{"self":[{"href":"https:\/\/www.sisinternational.com\/es\/wp-json\/wp\/v2\/pages\/46215","targetHints":{"allow":["GET"]}}],"collection":[{"href":"https:\/\/www.sisinternational.com\/es\/wp-json\/wp\/v2\/pages"}],"about":[{"href":"https:\/\/www.sisinternational.com\/es\/wp-json\/wp\/v2\/types\/page"}],"author":[{"embeddable":true,"href":"https:\/\/www.sisinternational.com\/es\/wp-json\/wp\/v2\/users\/1"}],"replies":[{"embeddable":true,"href":"https:\/\/www.sisinternational.com\/es\/wp-json\/wp\/v2\/comments?post=46215"}],"version-history":[{"count":13,"href":"https:\/\/www.sisinternational.com\/es\/wp-json\/wp\/v2\/pages\/46215\/revisions"}],"predecessor-version":[{"id":79548,"href":"https:\/\/www.sisinternational.com\/es\/wp-json\/wp\/v2\/pages\/46215\/revisions\/79548"}],"up":[{"embeddable":true,"href":"https:\/\/www.sisinternational.com\/es\/wp-json\/wp\/v2\/pages\/55793"}],"wp:featuredmedia":[{"embeddable":true,"href":"https:\/\/www.sisinternational.com\/es\/wp-json\/wp\/v2\/media\/71753"}],"wp:attachment":[{"href":"https:\/\/www.sisinternational.com\/es\/wp-json\/wp\/v2\/media?parent=46215"}],"curies":[{"name":"wp","href":"https:\/\/api.w.org\/{rel}","templated":true}]}}