{"id":46169,"date":"2024-02-22T14:16:12","date_gmt":"2024-02-22T19:16:12","guid":{"rendered":"https:\/\/www.sisinternational.com\/?page_id=46169"},"modified":"2026-01-25T19:15:01","modified_gmt":"2026-01-26T00:15:01","slug":"celulosa-productos-forestales-automatizacion-inteligencia-artificial-consultoria","status":"publish","type":"page","link":"https:\/\/www.sisinternational.com\/es\/soluciones\/investigacion-de-mercado-de-ia-y-consultoria-estrategica\/celulosa-productos-forestales-automatizacion-inteligencia-artificial-consultoria\/","title":{"rendered":"Consultor\u00eda en Automatizaci\u00f3n e Inteligencia Artificial de Productos Forestales"},"content":{"rendered":"<h1 class=\"gb-headline gb-headline-3bd493ef gb-headline-text\">Papel, Celulosa y Productos Forestales Consultor\u00eda en Automatizaci\u00f3n e Inteligencia Artificial<\/h1>\n\n\n\n<figure class=\"gb-block-image gb-block-image-4ee5a457\"><img loading=\"lazy\" decoding=\"async\" width=\"1456\" height=\"816\" class=\"gb-image gb-image-4ee5a457\" src=\"https:\/\/www.sisinternational.com\/wp-content\/uploads\/2025\/10\/Forest-Products-Automatio-2.jpg\" alt=\"Investigaci\u00f3n y estrategia de mercado internacional de SIS\" title=\"Forest Products Automatio (2)\" srcset=\"https:\/\/www.sisinternational.com\/wp-content\/uploads\/2025\/10\/Forest-Products-Automatio-2.jpg 1456w, https:\/\/www.sisinternational.com\/wp-content\/uploads\/2025\/10\/Forest-Products-Automatio-2-300x168.jpg 300w, https:\/\/www.sisinternational.com\/wp-content\/uploads\/2025\/10\/Forest-Products-Automatio-2-1024x574.jpg 1024w, https:\/\/www.sisinternational.com\/wp-content\/uploads\/2025\/10\/Forest-Products-Automatio-2-768x430.jpg 768w, https:\/\/www.sisinternational.com\/wp-content\/uploads\/2025\/10\/Forest-Products-Automatio-2-18x10.jpg 18w\" sizes=\"auto, (max-width: 1456px) 100vw, 1456px\"><\/figure>\n\n\n\n<p><\/p>\n\n\n\n<hr class=\"wp-block-separator has-alpha-channel-opacity\"\/>\n\n\n\n<p>As AI makes its way onto the horizon, traditional methods of production, processing and management are about to shift \u2013 and paper, pulp, and forest products automation and artificial intelligence consulting offer strategies that blend the age-old wisdom of forestry with the cutting-edge advancements of technology.<\/p>\n\n\n\n<h2 class=\"wp-block-heading\">What Is Paper, pulp, and forest products automation and artificial intelligence consulting?<\/h2>\n\n\n\n<p>La automatizaci\u00f3n y la consultor\u00eda en inteligencia artificial del papel, la pulpa y los productos forestales ayudan a las empresas a realizar la transici\u00f3n de m\u00e9todos convencionales a operaciones m\u00e1s eficientes, sostenibles y rentables impulsadas por la automatizaci\u00f3n y la IA.<\/p>\n\n\n\n<p>It involves using technology to perform tasks traditionally done manually, including everything from harvesting and processing raw materials to producing and packaging finished products. Consultants work closely with businesses to identify opportunities where automation and AI can have the most significant impact, develop customized solutions to address specific challenges, and guide navigating the technological, regulatory, and workforce transitions required.<\/p>\n\n\n\n<h2 class=\"wp-block-heading\">\u00bfPor qu\u00e9 es importante?<\/h2>\n\n\n\n<p>The global marketplace for paper, pulp, and forest products is highly competitive. Businesses that leverage paper, pulp, and forest products <a href=\"https:\/\/www.sisinternational.com\/es\/soluciones\/investigacion-de-mercado-de-ia-y-consultoria-estrategica\/franquicias-automatizacion-consultoria-en-inteligencia-artificial\/\" title=\"Consultor\u00eda en Automatizaci\u00f3n de Franquicias e Inteligencia Artificial\"  data-wpil-monitor-id=\"1140\">automation and artificial intelligence consulting<\/a> can significantly enhance their production efficiency, reduce costs, and improve product quality, giving them a distinct competitive edge.<\/p>\n\n\n\n<p>Similarly, with increasing regulatory pressures and consumer demand for sustainable practices, businesses in this sector are under scrutiny to minimize their environmental impact. Paper, pulp, and forest products <a href=\"https:\/\/www.sisinternational.com\/es\/soluciones\/investigacion-de-mercado-de-ia-y-consultoria-estrategica\/consultoria-de-inteligencia-artificial-en-automatizacion-de-camiones\/\" title=\"Consultor\u00eda en automatizaci\u00f3n de camiones e inteligencia artificial\"  data-wpil-monitor-id=\"1417\">automation and artificial intelligence consulting<\/a> can optimize resource use, reduce waste, and lower energy consumption, aligning operations with sustainability goals.<\/p>\n\n\n\n<p>Furthermore, automating routine and hazardous tasks boosts operational efficiency and significantly enhances workplace safety. Additionally, paper, pulp, and forest products <a href=\"https:\/\/www.sisinternational.com\/es\/soluciones\/investigacion-de-mercado-de-ia-y-consultoria-estrategica\/automatizacion-de-ventas-consultoria-de-inteligencia-artificial\/\" title=\"Consultor\u00eda en Automatizaci\u00f3n de Ventas e Inteligencia Artificial\"  data-wpil-monitor-id=\"1697\">automation and artificial intelligence consulting<\/a> can assist in workforce planning and management, optimizing labor use and improving employee satisfaction.<\/p>\n\n\n\n<h2 class=\"wp-block-heading\">The Key Benefits of Paper, pulp, and forest products automation and artificial intelligence consulting<\/h2>\n\n\n\n<figure class=\"gb-block-image gb-block-image-09d91481\"><img loading=\"lazy\" decoding=\"async\" width=\"1456\" height=\"816\" class=\"gb-image gb-image-09d91481\" src=\"https:\/\/www.sisinternational.com\/wp-content\/uploads\/2025\/10\/Forest-Products-Automatio-1.jpg\" alt=\"Investigaci\u00f3n y estrategia de mercado internacional de SIS\" title=\"Forest Products Automatio (1)\" srcset=\"https:\/\/www.sisinternational.com\/wp-content\/uploads\/2025\/10\/Forest-Products-Automatio-1.jpg 1456w, https:\/\/www.sisinternational.com\/wp-content\/uploads\/2025\/10\/Forest-Products-Automatio-1-300x168.jpg 300w, https:\/\/www.sisinternational.com\/wp-content\/uploads\/2025\/10\/Forest-Products-Automatio-1-1024x574.jpg 1024w, https:\/\/www.sisinternational.com\/wp-content\/uploads\/2025\/10\/Forest-Products-Automatio-1-768x430.jpg 768w, https:\/\/www.sisinternational.com\/wp-content\/uploads\/2025\/10\/Forest-Products-Automatio-1-18x10.jpg 18w\" sizes=\"auto, (max-width: 1456px) 100vw, 1456px\"><\/figure>\n\n\n\n<p><\/p>\n\n\n\n<p>El <a href=\"https:\/\/www.sisinternational.com\/es\/adopcion-de-la-inteligencia-artificial-en-las-pequenas-empresas\/\" title=\"Adopci\u00f3n de la Inteligencia Artificial (IA) en las peque\u00f1as empresas\"  data-wpil-monitor-id=\"2804\">adoption of automation and artificial intelligence<\/a> in the paper, pulp, and forest products industry, brings many benefits. These advantages propel businesses toward greater operational efficiency and sustainability and enhance their market competitiveness \u2013 and here are some key benefits:<\/p>\n\n\n\n<ul class=\"wp-block-list\">\n<li><strong>Mayor eficiencia de producci\u00f3n:<\/strong> Automation technologies streamline manufacturing processes, significantly reducing production times and increasing throughput.\u00a0<\/li>\n\n\n\n<li><strong>Reducci\u00f3n de costo:<\/strong> Businesses can achieve substantial cost savings by <a href=\"https:\/\/www.sisinternational.com\/es\/soluciones\/investigacion-de-mercado-de-ia-y-consultoria-estrategica\/mineria-automatizacion-de-recursos-naturales-consultoria-en-inteligencia-artificial\/\" title=\"Consultor\u00eda en Inteligencia Artificial y Automatizaci\u00f3n de Recursos Naturales y Miner\u00eda\"  data-wpil-monitor-id=\"5514\">automating routine tasks and optimizing resource<\/a> use. Reduced waste, lower energy consumption, and optimized supply chain operations contribute to lowering overall operational expenses.<\/li>\n\n\n\n<li><strong>Calidad del producto mejorada:<\/strong> La automatizaci\u00f3n garantiza una calidad constante del producto al minimizar el error humano y mantener un control preciso sobre los par\u00e1metros de producci\u00f3n. La IA tambi\u00e9n puede ayudar en los procesos de inspecci\u00f3n de calidad, identificando defectos que el ojo humano podr\u00eda pasar por alto.<\/li>\n\n\n\n<li><strong>Sostenibilidad mejorada:<\/strong> Paper, pulp, and forest products <a href=\"https:\/\/www.sisinternational.com\/es\/soluciones\/investigacion-de-mercado-de-ia-y-consultoria-estrategica\/consultoria-de-inteligencia-artificial-en-automatizacion-de-juegos-en-linea\/\" title=\"Consultor\u00eda en Inteligencia Artificial y Automatizaci\u00f3n de Juegos Online\"  data-wpil-monitor-id=\"1724\">automation and artificial intelligence consulting<\/a> enable more sustainable practices by optimizing raw materials and energy use.<\/li>\n\n\n\n<li><strong>Innovaci\u00f3n y desarrollo de productos:<\/strong> El an\u00e1lisis de mercado impulsado por IA y el procesamiento de comentarios de los clientes pueden estimular la innovaci\u00f3n, ayudando a las empresas a desarrollar nuevos productos o mejorar los existentes para satisfacer las demandas cambiantes del mercado.<\/li>\n<\/ul>\n\n\n\n<h2 class=\"wp-block-heading\">Expected Results of Paper, pulp, and forest products automation and artificial intelligence consulting<\/h2>\n\n\n\n<p>Implementing automation and AI in the paper, pulp, and forest products industry, lead to significant transformative outcomes. These results reflect operational improvements and strategic advantages that position businesses for long-term success.<\/p>\n\n\n\n<p>Here are the expected results from engaging in paper, pulp, and forest <a href=\"https:\/\/www.sisinternational.com\/es\/soluciones\/investigacion-de-mercado-de-ia-y-consultoria-estrategica\/consultoria-de-inteligencia-artificial-en-automatizacion-de-productos-de-cuidado-personal\/\" title=\"Automatizaci\u00f3n de productos de cuidado personal y consultor\u00eda de inteligencia artificial\"  data-wpil-monitor-id=\"2477\">products automation and AI consulting<\/a>:<\/p>\n\n\n\n<ul class=\"wp-block-list\">\n<li>Mayor eficiencia operativa y productividad mediante la automatizaci\u00f3n de procesos rutinarios y que requieren mucha mano de obra, lo que conduce a tiempos de producci\u00f3n m\u00e1s r\u00e1pidos y costos operativos reducidos.<\/li>\n\n\n\n<li>Mayor calidad y consistencia del producto, lograda aprovechando la automatizaci\u00f3n para un control preciso de los procesos de fabricaci\u00f3n y la IA para monitoreo y ajustes de calidad en tiempo real.<\/li>\n\n\n\n<li>Las mejoras significativas en sostenibilidad, incluida la reducci\u00f3n de residuos, el uso optimizado de recursos y un menor consumo de energ\u00eda, contribuyen a la conservaci\u00f3n del medio ambiente y el cumplimiento normativo.<\/li>\n\n\n\n<li>Cadenas de suministro m\u00e1s eficientes y resilientes, impulsadas por an\u00e1lisis de IA para la previsi\u00f3n de la demanda, la gesti\u00f3n de inventario y la optimizaci\u00f3n de la log\u00edstica, lo que da como resultado costos reducidos y una mayor satisfacci\u00f3n del cliente.<\/li>\n\n\n\n<li>Innovaci\u00f3n acelerada y mayor capacidad de respuesta del mercado, con conocimientos impulsados por IA sobre las preferencias de los clientes y las tendencias del mercado que informan el desarrollo de productos y la toma de decisiones estrat\u00e9gicas.<\/li>\n\n\n\n<li>Una fuerza laboral m\u00e1s segura y empoderada, a medida que la automatizaci\u00f3n se hace cargo de las tareas peligrosas y los empleados son reasignados a roles de mayor valor, lo que mejora la satisfacci\u00f3n laboral y la productividad.<\/li>\n\n\n\n<li>Una ventaja competitiva fortalecida en el mercado, ya que las empresas que adoptan la automatizaci\u00f3n y la IA est\u00e1n mejor posicionadas para ofrecer productos innovadores, satisfacer las demandas de los clientes y operar de manera m\u00e1s sostenible y eficiente.<\/li>\n<\/ul>\n\n\n\n<h2 class=\"wp-block-heading\">Technologies We Leverage in This Consulting<\/h2>\n\n\n\n<figure class=\"gb-block-image gb-block-image-48d2750a\"><img loading=\"lazy\" decoding=\"async\" width=\"1456\" height=\"816\" class=\"gb-image gb-image-48d2750a\" src=\"https:\/\/www.sisinternational.com\/wp-content\/uploads\/2025\/10\/Forest-Products-Automatio-3.jpg\" alt=\"Investigaci\u00f3n y estrategia de mercado internacional de SIS\" title=\"Forest Products Automatio (3)\" srcset=\"https:\/\/www.sisinternational.com\/wp-content\/uploads\/2025\/10\/Forest-Products-Automatio-3.jpg 1456w, https:\/\/www.sisinternational.com\/wp-content\/uploads\/2025\/10\/Forest-Products-Automatio-3-300x168.jpg 300w, https:\/\/www.sisinternational.com\/wp-content\/uploads\/2025\/10\/Forest-Products-Automatio-3-1024x574.jpg 1024w, https:\/\/www.sisinternational.com\/wp-content\/uploads\/2025\/10\/Forest-Products-Automatio-3-768x430.jpg 768w, https:\/\/www.sisinternational.com\/wp-content\/uploads\/2025\/10\/Forest-Products-Automatio-3-18x10.jpg 18w\" sizes=\"auto, (max-width: 1456px) 100vw, 1456px\"><\/figure>\n\n\n\n<p><\/p>\n\n\n\n<p>In paper, pulp, and forest products automation and <a href=\"https:\/\/www.sisinternational.com\/es\/soluciones\/investigacion-de-mercado-de-ia-y-consultoria-estrategica\/consultoria-de-inteligencia-artificial-para-viajes\/\" title=\"Consultor\u00eda en Inteligencia Artificial para Viajes\"  data-wpil-monitor-id=\"1916\">artificial intelligence consulting<\/a>, SIS harnesses advanced technologies and tools. These are designed to address the industry&#8217;s unique challenges, enhancing operational efficiency, product quality, and environmental sustainability.<\/p>\n\n\n\n<p>Here\u2019s an overview of the technologies and methodologies SIS typically leverages:<\/p>\n\n\n\n<ul class=\"wp-block-list\">\n<li><strong>Sistemas de IA de control de calidad:<\/strong> Los sistemas avanzados de IA monitorean la calidad del producto en tiempo real, identifican desviaciones de los est\u00e1ndares y permiten correcciones inmediatas, asegurando una calidad constante del producto.<\/li>\n\n\n\n<li><strong>Herramientas de visualizaci\u00f3n y an\u00e1lisis de datos:<\/strong> Al agregar y analizar datos de diversas fuentes, estas herramientas brindan informaci\u00f3n procesable sobre el desempe\u00f1o operativo, las tendencias del mercado y las preferencias de los clientes, lo que respalda la toma de decisiones informada.<\/li>\n\n\n\n<li><strong>Sistemas automatizados de manipulaci\u00f3n de materiales:<\/strong> Las tecnolog\u00edas de rob\u00f3tica y automatizaci\u00f3n mejoran la eficiencia y seguridad de los procesos de manipulaci\u00f3n de materiales, desde la recogida de materias primas hasta el embalaje del producto terminado.<\/li>\n\n\n\n<li><strong>Blockchain para la transparencia de la cadena de suministro:<\/strong> La tecnolog\u00eda Blockchain crea registros transparentes y seguros de los or\u00edgenes, el procesamiento y la distribuci\u00f3n de los productos, mejorando la trazabilidad y la confianza del consumidor.<\/li>\n<\/ul>\n\n\n\n<h2 class=\"wp-block-heading\">Why Engage with SIS International&#8217;s Paper, pulp, and forest products automation and artificial intelligence consulting<\/h2>\n\n\n\n<p>El <a href=\"https:\/\/www.linkedin.com\/company\/sisinternationalresearch\/\" target=\"_blank\" rel=\"noopener\">SIS Internacional<\/a> approach to paper, pulp, and forest products automation and artificial intelligence consulting has a holistic, strategic, and client-centric methodology. This approach ensures that clients not only navigate the transition toward automation and AI effectively but also harness these technologies to drive innovation, efficiency, and sustainability. Here&#8217;s an in-depth look at the SIS approach:<\/p>\n\n\n\n<ul class=\"wp-block-list\">\n<li><strong>Soluciones personalizadas:<\/strong> Understanding that each business faces unique challenges and opportunities, SIS begins with a comprehensive assessment of the client&#8217;s current operations, market position, and strategic goals.<\/li>\n\n\n\n<li><strong>Aprovechando las tecnolog\u00edas avanzadas:<\/strong> With expertise in the latest automation and AI technologies, SIS advises clients on the most effective tools and systems to enhance their operations.\u00a0<\/li>\n\n\n\n<li><strong>Pr\u00e1cticas Sostenibles:<\/strong> Un componente clave del enfoque SIS es la sostenibilidad. Al optimizar el uso de recursos y reducir los residuos mediante la automatizaci\u00f3n y la inteligencia artificial, SIS ayuda a los clientes a mejorar su huella ambiental y lograr una mayor eficiencia operativa.<\/li>\n\n\n\n<li><strong>An\u00e1lisis perspicaces:<\/strong> SIS provides clients with actionable insights into their operations, market trends, and customer preferences. It enables more informed decision-making and strategic planning.<\/li>\n\n\n\n<li><strong>Transici\u00f3n de apoyo:<\/strong> Recognizing the impact of automation and AI on the workforce, SIS offers guidance on workforce development and change management.\u00a0<\/li>\n\n\n\n<li><strong>Apoyo continuo:<\/strong> Beyond initial implementation, SIS provides continuing support and advice to clients, fostering continuous improvement and innovation.\u00a0<\/li>\n\n\n\n<li><strong>Navegando los desaf\u00edos regulatorios:<\/strong> SIS ayuda a los clientes a navegar por el complejo panorama regulatorio de la industria del papel, la pulpa y los productos forestales, garantizando que las iniciativas de automatizaci\u00f3n e inteligencia artificial cumplan con todas las regulaciones y est\u00e1ndares relevantes.<\/li>\n<\/ul>\n\n\n\n<div class=\"is-root-container is-desktop-preview is-layout-flow wp-block-post-content block-editor-block-list__layout\" spellcheck=\"false\">\n<div id=\"block-37fdf129-2515-4c97-9c3a-bd8432dd582f\" class=\"block-editor-block-list__block wp-block is-selected wp-block-freeform is-hovered\" tabindex=\"0\" role=\"document\" aria-label=\"Bloque: Cl\u00e1sico\" data-block=\"37fdf129-2515-4c97-9c3a-bd8432dd582f\" data-type=\"core\/freeform\" data-title=\"Classic\">\n<div id=\"editor-37fdf129-2515-4c97-9c3a-bd8432dd582f\" class=\"wp-block-freeform block-library-rich-text__tinymce mce-content-body html5-captions mce-edit-focus\" style=\"position: relative;\" contenteditable=\"true\">\n<h2>Nuestra ubicaci\u00f3n de instalaciones en Nueva York<\/h2>\n<p>  <iframe loading=\"lazy\" src=\"https:\/\/www.google.com\/maps\/embed?pb=!1m18!1m12!1m3!1d3022.976188376966!2d-73.99130312499956!3d40.740549471389315!2m3!1f0!2f0!3f0!3m2!1i1024!2i768!4f13.1!3m3!1m2!1s0x89c259a15798c731%3A0xd695d09bdd495f25!2s11%20E%2022nd%20St%20FL%202%2C%20New%20York%2C%20NY%2010010%2C%20USA!5e0!3m2!1sen!2spe!4v1726171763526!5m2!1sen!2spe\" width=\"600\" height=\"450\" allowfullscreen=\"allowfullscreen\" data-mce-fragment=\"1\"><\/iframe>  <\/p>\n<h3 class=\"wp-block-heading\">11 E 22nd Street, piso 2, Nueva York, NY 10010 T: +1(212) 505-6805<\/h3>\n<hr>\n<h2><span style=\"font-weight: 400;\">Acerca de SIS Internacional<\/span><\/h2>\n<p><a href=\"https:\/\/www.sisinternational.com\/es\/\"><span style=\"font-weight: 400;\">SIS Internacional<\/span><\/a><span style=\"font-weight: 400;\"> ofrece investigaci\u00f3n cuantitativa, cualitativa y estrat\u00e9gica. Proporcionamos datos, herramientas, estrategias, informes y conocimientos para la toma de decisiones. Tambi\u00e9n realizamos entrevistas, encuestas, grupos focales y otros m\u00e9todos y enfoques de investigaci\u00f3n de mercado.<\/span><a href=\"https:\/\/www.sisinternational.com\/es\/sobre-la-investigacion-internacional-de-sis\/contact-sis-international-market-research\/\"><span style=\"font-weight: 400;\"> P\u00f3ngase en contacto con nosotros<\/span><\/a><span style=\"font-weight: 400;\"> para su pr\u00f3ximo proyecto de Investigaci\u00f3n de Mercado.<\/span><\/p>\n<hr><\/div>\n<\/div>\n<\/div>\n\n\n\n<p><\/p>\n\n\n\n<p><\/p>","protected":false},"excerpt":{"rendered":"<p>Automatizaci\u00f3n de productos forestales y consultor\u00eda en inteligencia artificial Ayude a las empresas a realizar la transici\u00f3n hacia operaciones eficientes y rentables.<\/p>","protected":false},"author":1,"featured_media":71632,"parent":44406,"menu_order":69,"comment_status":"closed","ping_status":"closed","template":"","meta":{"footnotes":""},"class_list":["post-46169","page","type-page","status-publish","has-post-thumbnail"],"_links":{"self":[{"href":"https:\/\/www.sisinternational.com\/es\/wp-json\/wp\/v2\/pages\/46169","targetHints":{"allow":["GET"]}}],"collection":[{"href":"https:\/\/www.sisinternational.com\/es\/wp-json\/wp\/v2\/pages"}],"about":[{"href":"https:\/\/www.sisinternational.com\/es\/wp-json\/wp\/v2\/types\/page"}],"author":[{"embeddable":true,"href":"https:\/\/www.sisinternational.com\/es\/wp-json\/wp\/v2\/users\/1"}],"replies":[{"embeddable":true,"href":"https:\/\/www.sisinternational.com\/es\/wp-json\/wp\/v2\/comments?post=46169"}],"version-history":[{"count":24,"href":"https:\/\/www.sisinternational.com\/es\/wp-json\/wp\/v2\/pages\/46169\/revisions"}],"predecessor-version":[{"id":79281,"href":"https:\/\/www.sisinternational.com\/es\/wp-json\/wp\/v2\/pages\/46169\/revisions\/79281"}],"up":[{"embeddable":true,"href":"https:\/\/www.sisinternational.com\/es\/wp-json\/wp\/v2\/pages\/44406"}],"wp:featuredmedia":[{"embeddable":true,"href":"https:\/\/www.sisinternational.com\/es\/wp-json\/wp\/v2\/media\/71632"}],"wp:attachment":[{"href":"https:\/\/www.sisinternational.com\/es\/wp-json\/wp\/v2\/media?parent=46169"}],"curies":[{"name":"wp","href":"https:\/\/api.w.org\/{rel}","templated":true}]}}