{"id":46159,"date":"2024-02-22T14:15:53","date_gmt":"2024-02-22T19:15:53","guid":{"rendered":"https:\/\/www.sisinternational.com\/?page_id=46159"},"modified":"2026-01-26T18:47:06","modified_gmt":"2026-01-26T23:47:06","slug":"adopcion-de-ia-viajes-hospitalidad-turismo-industria-consultoria","status":"publish","type":"page","link":"https:\/\/www.sisinternational.com\/es\/soluciones\/investigacion-de-mercado-de-ia-y-consultoria-estrategica\/adopcion-de-ia-viajes-hospitalidad-turismo-industria-consultoria\/","title":{"rendered":"Adopci\u00f3n de IA en la consultor\u00eda de la industria de viajes, hoteler\u00eda y turismo"},"content":{"rendered":"<h1 class=\"wp-block-heading\">Adopci\u00f3n de IA en la consultor\u00eda de la industria de viajes, hoteler\u00eda y turismo<\/h1>\n\n\n\n<figure class=\"gb-block-image gb-block-image-e650556e\"><img loading=\"lazy\" decoding=\"async\" width=\"1456\" height=\"816\" class=\"gb-image gb-image-e650556e\" src=\"https:\/\/www.sisinternational.com\/wp-content\/uploads\/2025\/10\/AI-Adoption-In-Travel-2.jpg\" alt=\"Investigaci\u00f3n y estrategia de mercado internacional de SIS\" title=\"AI Adoption In Travel (2)\" srcset=\"https:\/\/www.sisinternational.com\/wp-content\/uploads\/2025\/10\/AI-Adoption-In-Travel-2.jpg 1456w, https:\/\/www.sisinternational.com\/wp-content\/uploads\/2025\/10\/AI-Adoption-In-Travel-2-300x168.jpg 300w, https:\/\/www.sisinternational.com\/wp-content\/uploads\/2025\/10\/AI-Adoption-In-Travel-2-1024x574.jpg 1024w, https:\/\/www.sisinternational.com\/wp-content\/uploads\/2025\/10\/AI-Adoption-In-Travel-2-768x430.jpg 768w, https:\/\/www.sisinternational.com\/wp-content\/uploads\/2025\/10\/AI-Adoption-In-Travel-2-18x10.jpg 18w\" sizes=\"auto, (max-width: 1456px) 100vw, 1456px\"><\/figure>\n\n\n\n<hr class=\"wp-block-separator has-alpha-channel-opacity\"\/>\n\n\n\n<p>In a world where AI is revolutionizing industries at an unprecedented pace, AI adoption in travel, hospitality, and tourism stands on the brink of this shift\u2026 And the strategic integration of AI technologies promises to enhance operational efficiencies and unlock innovative service offerings, propelling businesses toward unprecedented growth and innovation.<\/p>\n\n\n\n<h2 class=\"wp-block-heading\">What Is AI Adoption In Travel, Hospitality and Tourism Industry Consulting?<\/h2>\n\n\n\n<figure class=\"gb-block-image gb-block-image-9b83d93a\"><img loading=\"lazy\" decoding=\"async\" width=\"1456\" height=\"816\" class=\"gb-image gb-image-9b83d93a\" src=\"https:\/\/www.sisinternational.com\/wp-content\/uploads\/2025\/10\/AI-Adoption-In-Travel-e-3.jpg\" alt=\"Investigaci\u00f3n y estrategia de mercado internacional de SIS\" title=\"AI Adoption In Travel e (3)\" srcset=\"https:\/\/www.sisinternational.com\/wp-content\/uploads\/2025\/10\/AI-Adoption-In-Travel-e-3.jpg 1456w, https:\/\/www.sisinternational.com\/wp-content\/uploads\/2025\/10\/AI-Adoption-In-Travel-e-3-300x168.jpg 300w, https:\/\/www.sisinternational.com\/wp-content\/uploads\/2025\/10\/AI-Adoption-In-Travel-e-3-1024x574.jpg 1024w, https:\/\/www.sisinternational.com\/wp-content\/uploads\/2025\/10\/AI-Adoption-In-Travel-e-3-768x430.jpg 768w, https:\/\/www.sisinternational.com\/wp-content\/uploads\/2025\/10\/AI-Adoption-In-Travel-e-3-18x10.jpg 18w\" sizes=\"auto, (max-width: 1456px) 100vw, 1456px\"><\/figure>\n\n\n\n<p>AI adoption in travel, hospitality, and <a href=\"https:\/\/sisaisolutions.com\/application-of-ai-in-tourism\/\" target=\"_blank\" rel=\"noopener\">tourism industry consulting<\/a> leverage data analytics, machine learning, and other AI technologies to gain insights into customer preferences, behavior, and trends. These insights enable businesses to offer personalized experiences, from tailored travel recommendations to customized hotel services, enhancing customer satisfaction and loyalty.<\/p>\n\n\n\n<p>Actually, today&#8217;s travelers expect seamless, personalized, and highly responsive interactions across all journey touchpoints. AI adoption in travel, hospitality, and <a href=\"https:\/\/www.sisinternational.com\/es\/soluciones\/consultoria-de-hosteleria-y-turismo-en-viajes\/consultoria-de-desarrollo-turistico\/\" title=\"Consultor\u00eda de Desarrollo Tur\u00edstico\" data-wpil-monitor-id=\"3801\">tourism industry consulting<\/a> helps businesses meet these expectations by delivering customized recommendations, instant customer service through chatbots, and anticipatory guest services based on predictive analytics.<\/p>\n\n\n\n<h2 class=\"wp-block-heading\">Why Is AI Adoption In Travel, Hospitality and Tourism Industry Consulting Important Today?<\/h2>\n\n\n\n<p>Embracing AI within travel, <a href=\"https:\/\/sisaisolutions.com\/application-of-ai-in-hospitality\/\" target=\"_blank\" rel=\"noopener\">hospitality<\/a>, and tourism consulting means unlocking new possibilities for customer engagement, operational efficiency, and strategic growth. The benefits of AI adoption extend across various facets of the industry, driving measurable and impactful improvements such as:<\/p>\n\n\n\n<ul class=\"wp-block-list\">\n<li><strong>Experiencias de cliente personalizadas:<\/strong> La IA permite a las empresas analizar grandes cantidades de datos para ofrecer recomendaciones de viaje, alojamiento y servicios personalizados.<\/li>\n\n\n\n<li><strong>Eficiencia operacional:<\/strong> La IA agiliza significativamente las operaciones, desde los registros en la recepci\u00f3n hasta la gesti\u00f3n de inventario, a trav\u00e9s de la automatizaci\u00f3n y el an\u00e1lisis predictivo. Esto reduce los costos y permite que el personal se centre en mejorar la experiencia de los hu\u00e9spedes.<\/li>\n\n\n\n<li><strong>Estrategias de precios din\u00e1micas:<\/strong> Las capacidades predictivas de la IA facilitan la fijaci\u00f3n de precios din\u00e1micos, lo que permite a las empresas optimizar las tarifas en funci\u00f3n de la demanda, la competencia y otros factores del mercado. Esto maximiza los ingresos y garantiza la competitividad.<\/li>\n\n\n\n<li><strong>Toma de decisiones mejorada:<\/strong> With AI-driven insights, businesses can make informed strategic decisions, identify market trends, and anticipate customer needs. This foresight is invaluable in staying ahead of <a href=\"https:\/\/www.sisinternational.com\/es\/oportunidades-de-la-banca-islamica-y-obstaculos-para-la-industria-financiera-estadounidense\/\" title=\"Banca isl\u00e1mica: oportunidades y obst\u00e1culos para la industria financiera estadounidense\" data-wpil-monitor-id=\"7038\">industry shifts and emerging opportunities<\/a>.<\/li>\n\n\n\n<li><strong>Servicio al cliente mejorado:<\/strong> Los chatbots de IA y los asistentes virtuales brindan servicio al cliente 24 horas al d\u00eda, 7 d\u00edas a la semana, atienden consultas y resuelven problemas con prontitud. Esta accesibilidad mejora la experiencia del cliente y libera recursos humanos para tareas m\u00e1s complejas.<\/li>\n<\/ul>\n\n\n\n<h2 class=\"wp-block-heading\">Industrias<\/h2>\n\n\n\n<figure class=\"gb-block-image gb-block-image-375dd2f3\"><img loading=\"lazy\" decoding=\"async\" width=\"1456\" height=\"816\" class=\"gb-image gb-image-375dd2f3\" src=\"https:\/\/www.sisinternational.com\/wp-content\/uploads\/2025\/10\/AI-Adoption-In-Travel-e-1.jpg\" alt=\"Investigaci\u00f3n y estrategia de mercado internacional de SIS\" title=\"AI Adoption In Travel e (1)\" srcset=\"https:\/\/www.sisinternational.com\/wp-content\/uploads\/2025\/10\/AI-Adoption-In-Travel-e-1.jpg 1456w, https:\/\/www.sisinternational.com\/wp-content\/uploads\/2025\/10\/AI-Adoption-In-Travel-e-1-300x168.jpg 300w, https:\/\/www.sisinternational.com\/wp-content\/uploads\/2025\/10\/AI-Adoption-In-Travel-e-1-1024x574.jpg 1024w, https:\/\/www.sisinternational.com\/wp-content\/uploads\/2025\/10\/AI-Adoption-In-Travel-e-1-768x430.jpg 768w, https:\/\/www.sisinternational.com\/wp-content\/uploads\/2025\/10\/AI-Adoption-In-Travel-e-1-18x10.jpg 18w\" sizes=\"auto, (max-width: 1456px) 100vw, 1456px\"><\/figure>\n\n\n\n<p><\/p>\n\n\n\n<p>The utilization of AI adoption in travel, hospitality, and <a href=\"https:\/\/www.sisinternational.com\/es\/soluciones\/consultoria-de-hosteleria-y-turismo-en-viajes\/consultoria-de-turismo-cultural\/\" title=\"Consultor\u00eda de Turismo Cultural\" data-wpil-monitor-id=\"4686\">tourism industry consulting<\/a> spans a broad spectrum of stakeholders, each leveraging the technology to enhance various aspects of their operations, customer service, and strategic planning. Here&#8217;s an overview of who is adopting AI and how it&#8217;s transforming their operations:<\/p>\n\n\n\n<ul class=\"wp-block-list\">\n<li><strong>Hoteles y Resorts:<\/strong> Major hotel chains and boutique resorts are at the forefront of AI adoption, using the technology to personalize guest experiences, optimize operational efficiency, and implement smart room features. AI enables these establishments to offer tailored recommendations, automate check-in processes, and control room environments, ensuring a superior guest experience.<\/li>\n\n\n\n<li><strong>L\u00edneas A\u00e9reas y Servicios de Transporte:<\/strong> Airlines and transportation companies utilize AI for various purposes, including predictive maintenance of fleets, dynamic pricing of tickets, and personalized customer service through AI-driven chatbots.\u00a0<\/li>\n\n\n\n<li><strong>Agencias de Viajes y Tour Operadores:<\/strong> Las agencias de viajes y los operadores tur\u00edsticos utilizan la IA para crear itinerarios y experiencias personalizados. Al analizar los datos de los clientes, la IA ayuda a estas empresas a comprender las preferencias individuales y dise\u00f1ar paquetes de viaje que satisfagan intereses y necesidades espec\u00edficos.<\/li>\n\n\n\n<li><strong>Plataformas de viajes en l\u00ednea:<\/strong> Los agregadores de viajes en l\u00ednea y las plataformas de reservas aprovechan la adopci\u00f3n de la inteligencia artificial en la consultor\u00eda de la industria de viajes, hoteler\u00eda y turismo para mejorar la funcionalidad de b\u00fasqueda, ofrecer sugerencias de viajes personalizadas e implementar precios din\u00e1micos. Los algoritmos de IA analizan el comportamiento y las preferencias de los usuarios para recomendar hoteles, vuelos y experiencias de viaje adaptadas a cada usuario.<\/li>\n\n\n\n<li><strong>Proveedores de tecnolog\u00eda hotelera:<\/strong> Las empresas que ofrecen soluciones tecnol\u00f3gicas al sector hotelero incorporan cada vez m\u00e1s la IA en sus productos, desde sistemas de gesti\u00f3n de propiedades hasta herramientas de gesti\u00f3n de relaciones con los clientes (CRM). La IA mejora las capacidades de estas soluciones, ofreciendo an\u00e1lisis avanzados, informaci\u00f3n predictiva y funciones de automatizaci\u00f3n.<\/li>\n<\/ul>\n\n\n\n<h2 class=\"wp-block-heading\">Beneficios para las empresas<\/h2>\n\n\n\n<p>Leveraging AI adoption in travel, hospitality, and tourism industry <a href=\"https:\/\/www.sisinternational.com\/es\/venezuela-oil-mining-industry-potential-strategic-forecast-2026-2036\/\" title=\"Venezuela Oil &amp; Mining Industry Potential: Strategic Forecast 2026-2036\" data-wpil-monitor-id=\"6933\">consultante<\/a> is about integrating new technologies and creating a strategic foundation for innovation, efficiency, and enhanced customer experiences. The outcomes of AI adoption are designed to propel businesses forward, setting new benchmarks for success in a digitally-driven market.<\/p>\n\n\n\n<ul class=\"wp-block-list\">\n<li><strong>Mayor eficiencia operativa:<\/strong> La automatizaci\u00f3n impulsada por la IA y el an\u00e1lisis predictivo mejoran significativamente los procesos operativos, desde registros de entrada y salida optimizados hasta una gesti\u00f3n optimizada de recursos, lo que reduce los costos y mejora la velocidad y la calidad del servicio.<\/li>\n\n\n\n<li><strong>Experiencias de cliente personalizadas:<\/strong> A trav\u00e9s del an\u00e1lisis de datos y el aprendizaje autom\u00e1tico, las empresas pueden ofrecer recomendaciones de viaje, alojamiento y servicios altamente personalizados, mejorando significativamente la satisfacci\u00f3n y la lealtad del cliente.<\/li>\n\n\n\n<li><strong>Gesti\u00f3n de ingresos mejorada:<\/strong> Las capacidades predictivas de la IA permiten una gesti\u00f3n din\u00e1mica de precios e inventario, optimizando los ingresos en diferentes canales y condiciones del mercado.<\/li>\n\n\n\n<li><strong>Toma de decisiones basada en datos:<\/strong> Con la IA, las empresas acceden a informaci\u00f3n procesable a partir de datos de clientes, tendencias del mercado y m\u00e9tricas operativas, lo que facilita decisiones estrat\u00e9gicas informadas y respuestas \u00e1giles a los cambios del mercado.<\/li>\n\n\n\n<li><strong>Ofertas de servicios innovadores:<\/strong> La adopci\u00f3n de la IA fomenta la innovaci\u00f3n, permitiendo a las empresas introducir nuevos productos y servicios, como asistentes de viaje personales con tecnolog\u00eda de IA o recorridos inmersivos de realidad virtual, diferenci\u00e1ndose en un mercado competitivo.<\/li>\n\n\n\n<li><strong>Servicio al cliente mejorado:<\/strong> Los chatbots de IA y los asistentes virtuales ofrecen atenci\u00f3n al cliente 24 horas al d\u00eda, 7 d\u00edas a la semana, manejan consultas y problemas de manera eficiente y mejoran el servicio general al cliente.<\/li>\n\n\n\n<li><strong>Pr\u00e1cticas Sostenibles:<\/strong> La IA ayuda a implementar operaciones sostenibles mediante el uso optimizado de recursos y la gesti\u00f3n de la energ\u00eda, contribuyendo a pr\u00e1cticas comerciales ecol\u00f3gicas.<\/li>\n<\/ul>\n\n\n\n<h2 class=\"wp-block-heading\">Why SIS International&#8217;s AI Adoption In Travel, Hospitality and Tourism Industry Consulting?<\/h2>\n\n\n\n<figure class=\"gb-block-image gb-block-image-7754a945\"><img loading=\"lazy\" decoding=\"async\" width=\"1456\" height=\"816\" class=\"gb-image gb-image-7754a945\" src=\"https:\/\/www.sisinternational.com\/wp-content\/uploads\/2025\/10\/AI-Adoption-In-Travel-1.jpg\" alt=\"Investigaci\u00f3n y estrategia de mercado internacional de SIS\" title=\"AI Adoption In Travel (1)\" srcset=\"https:\/\/www.sisinternational.com\/wp-content\/uploads\/2025\/10\/AI-Adoption-In-Travel-1.jpg 1456w, https:\/\/www.sisinternational.com\/wp-content\/uploads\/2025\/10\/AI-Adoption-In-Travel-1-300x168.jpg 300w, https:\/\/www.sisinternational.com\/wp-content\/uploads\/2025\/10\/AI-Adoption-In-Travel-1-1024x574.jpg 1024w, https:\/\/www.sisinternational.com\/wp-content\/uploads\/2025\/10\/AI-Adoption-In-Travel-1-768x430.jpg 768w, https:\/\/www.sisinternational.com\/wp-content\/uploads\/2025\/10\/AI-Adoption-In-Travel-1-18x10.jpg 18w\" sizes=\"auto, (max-width: 1456px) 100vw, 1456px\"><\/figure>\n\n\n\n<p><\/p>\n\n\n\n<p>En <a href=\"https:\/\/www.linkedin.com\/company\/sisinternationalresearch\/\" target=\"_blank\" rel=\"noopener\">SIS<\/a>, our AI adoption in travel, hospitality, and tourism industry consulting is built on a foundation of unparalleled market expertise, cutting-edge technology insights, and a tailored approach to each client&#8217;s unique challenges and opportunities. Our dedication to delivering actionable, forward-thinking strategies ensures that our clients are prepared for and actively shaping the future.<\/p>\n\n\n\n<ul class=\"wp-block-list\">\n<li><strong>Soluciones de IA personalizadas:<\/strong> SIS se especializa en desarrollar estrategias personalizadas de adopci\u00f3n de IA, ya que cada empresa tiene necesidades y objetivos estrat\u00e9gicos \u00fanicos. Nuestras soluciones personalizadas est\u00e1n dise\u00f1adas para adaptarse a las operaciones espec\u00edficas del cliente, los modelos de participaci\u00f3n del cliente y los objetivos a largo plazo, garantizando que las tecnolog\u00edas de IA est\u00e9n integradas para maximizar su impacto.<\/li>\n\n\n\n<li><strong>Experiencia espec\u00edfica de la industria:<\/strong> SIS cuenta con un equipo de consultores con amplia experiencia en los sectores de viajes, hoteler\u00eda y turismo. Este conocimiento espec\u00edfico de la industria nos permite anticipar tendencias, comprender los matices de las expectativas de los clientes y navegar por el panorama regulatorio, brindando a nuestros clientes una ventaja competitiva.<\/li>\n\n\n\n<li><strong>Enfoque hol\u00edstico:<\/strong> Nuestros servicios de consultor\u00eda van m\u00e1s all\u00e1 de la implementaci\u00f3n de tecnolog\u00eda. Ofrecemos un enfoque hol\u00edstico que abarca investigaci\u00f3n de mercado, an\u00e1lisis competitivo, informaci\u00f3n sobre los clientes y exploraci\u00f3n de innovaci\u00f3n. Esta perspectiva integral garantiza que la adopci\u00f3n de la IA est\u00e9 estrat\u00e9gicamente alineada con objetivos comerciales y oportunidades de mercado m\u00e1s amplios.<\/li>\n\n\n\n<li><strong>Asociaciones Estrat\u00e9gicas y Desarrollo de Ecosistemas:<\/strong> SIS aprovecha asociaciones estrat\u00e9gicas con proveedores de tecnolog\u00eda l\u00edderes, instituciones de investigaci\u00f3n y centros de innovaci\u00f3n. Este enfoque de ecosistema enriquece nuestras estrategias de adopci\u00f3n de IA con tecnolog\u00edas e informaci\u00f3n de vanguardia, ofreciendo a nuestros clientes acceso a los \u00faltimos avances y oportunidades de colaboraci\u00f3n.<\/li>\n\n\n\n<li><strong>Implementaci\u00f3n de IA \u00e9tica y sostenible:<\/strong> Hacemos gran hincapi\u00e9 en las consideraciones \u00e9ticas y la sostenibilidad en la adopci\u00f3n de la IA. Nuestras estrategias est\u00e1n dise\u00f1adas para garantizar que las soluciones de IA se implementen de manera responsable, prestando atenci\u00f3n a la privacidad de los datos, el uso \u00e9tico de la IA y las contribuciones a pr\u00e1cticas comerciales sostenibles.<\/li>\n\n\n\n<li><strong>Soporte continuo y evoluci\u00f3n:<\/strong> Al reconocer que la adopci\u00f3n de la IA es un proceso continuo, SIS brinda servicios continuos de soporte y asesoramiento para garantizar que las estrategias de IA evolucionen en l\u00ednea con los avances tecnol\u00f3gicos y las din\u00e1micas cambiantes del mercado. Nuestro compromiso con asociaciones a largo plazo garantiza que nuestros clientes permanezcan a la vanguardia de la innovaci\u00f3n.<\/li>\n\n\n\n<li><strong>Resultados mensurables y enfoque del retorno de la inversi\u00f3n:<\/strong> Por \u00faltimo, nuestro enfoque est\u00e1 orientado a los resultados y se centra claramente en ofrecer resultados mensurables y un fuerte retorno de la inversi\u00f3n. Establecemos m\u00e9tricas claras para el \u00e9xito, garantizando que la adopci\u00f3n de la IA impulse mejoras significativas en la eficiencia operativa, la satisfacci\u00f3n del cliente y el crecimiento empresarial.<\/li>\n<\/ul>\n\n\n\n<h2 class=\"wp-block-heading\">Nuestra ubicaci\u00f3n de instalaciones en Nueva York<\/h2>\n\n\n\n<p>  <iframe loading=\"lazy\" src=\"https:\/\/www.google.com\/maps\/embed?pb=!1m18!1m12!1m3!1d3022.976188376966!2d-73.99130312499956!3d40.740549471389315!2m3!1f0!2f0!3f0!3m2!1i1024!2i768!4f13.1!3m3!1m2!1s0x89c259a15798c731%3A0xd695d09bdd495f25!2s11%20E%2022nd%20St%20FL%202%2C%20New%20York%2C%20NY%2010010%2C%20USA!5e0!3m2!1sen!2spe!4v1726171763526!5m2!1sen!2spe\" width=\"600\" height=\"450\" allowfullscreen=\"allowfullscreen\" data-mce-fragment=\"1\"><\/iframe>  <\/p>\n\n\n\n<h3 class=\"wp-block-heading\">11 E 22nd Street, piso 2, Nueva York, NY 10010 T: +1(212) 505-6805<\/h3>\n\n\n\n<hr class=\"wp-block-separator has-alpha-channel-opacity\"\/>\n\n\n\n<h2 class=\"wp-block-heading\"><span style=\"font-weight: 400;\">Acerca de SIS Internacional<\/span><\/h2>\n\n\n\n<p><a href=\"https:\/\/www.sisinternational.com\/es\/\"><span style=\"font-weight: 400;\">SIS Internacional<\/span><\/a><span style=\"font-weight: 400;\"> ofrece investigaci\u00f3n cuantitativa, cualitativa y estrat\u00e9gica. Proporcionamos datos, herramientas, estrategias, informes y conocimientos para la toma de decisiones. Tambi\u00e9n realizamos entrevistas, encuestas, grupos focales y otros m\u00e9todos y enfoques de investigaci\u00f3n de mercado.<\/span><a href=\"https:\/\/www.sisinternational.com\/es\/sobre-la-investigacion-internacional-de-sis\/contact-sis-international-market-research\/\"><span style=\"font-weight: 400;\"> P\u00f3ngase en contacto con nosotros<\/span><\/a><span style=\"font-weight: 400;\"> para su pr\u00f3ximo proyecto de Investigaci\u00f3n de Mercado.<\/span><\/p>\n\n\n\n<hr class=\"wp-block-separator has-alpha-channel-opacity\"\/>\n\n\n\n<h2 class=\"wp-block-heading\">&nbsp;<\/h2>\n\n\n\n<p><\/p>\n\n\n\n<p><\/p>","protected":false},"excerpt":{"rendered":"<p>La adopci\u00f3n de la IA en la consultor\u00eda de la industria de viajes, hoteler\u00eda y turismo utiliza tecnolog\u00eda de IA para analizar el comportamiento, las tendencias y las preferencias de los clientes.<\/p>","protected":false},"author":1,"featured_media":71608,"parent":44406,"menu_order":68,"comment_status":"closed","ping_status":"closed","template":"","meta":{"footnotes":""},"class_list":["post-46159","page","type-page","status-publish","has-post-thumbnail"],"_links":{"self":[{"href":"https:\/\/www.sisinternational.com\/es\/wp-json\/wp\/v2\/pages\/46159","targetHints":{"allow":["GET"]}}],"collection":[{"href":"https:\/\/www.sisinternational.com\/es\/wp-json\/wp\/v2\/pages"}],"about":[{"href":"https:\/\/www.sisinternational.com\/es\/wp-json\/wp\/v2\/types\/page"}],"author":[{"embeddable":true,"href":"https:\/\/www.sisinternational.com\/es\/wp-json\/wp\/v2\/users\/1"}],"replies":[{"embeddable":true,"href":"https:\/\/www.sisinternational.com\/es\/wp-json\/wp\/v2\/comments?post=46159"}],"version-history":[{"count":18,"href":"https:\/\/www.sisinternational.com\/es\/wp-json\/wp\/v2\/pages\/46159\/revisions"}],"predecessor-version":[{"id":80602,"href":"https:\/\/www.sisinternational.com\/es\/wp-json\/wp\/v2\/pages\/46159\/revisions\/80602"}],"up":[{"embeddable":true,"href":"https:\/\/www.sisinternational.com\/es\/wp-json\/wp\/v2\/pages\/44406"}],"wp:featuredmedia":[{"embeddable":true,"href":"https:\/\/www.sisinternational.com\/es\/wp-json\/wp\/v2\/media\/71608"}],"wp:attachment":[{"href":"https:\/\/www.sisinternational.com\/es\/wp-json\/wp\/v2\/media?parent=46159"}],"curies":[{"name":"wp","href":"https:\/\/api.w.org\/{rel}","templated":true}]}}