{"id":46128,"date":"2024-02-19T14:57:00","date_gmt":"2024-02-19T19:57:00","guid":{"rendered":"https:\/\/www.sisinternational.com\/?page_id=46128"},"modified":"2026-01-26T18:52:10","modified_gmt":"2026-01-26T23:52:10","slug":"consultoria-de-estrategia-de-ia","status":"publish","type":"page","link":"https:\/\/www.sisinternational.com\/es\/soluciones\/investigacion-de-mercado-de-ia-y-consultoria-estrategica\/consultoria-de-estrategia-de-ia\/","title":{"rendered":"Consultor\u00eda de estrategia de IA"},"content":{"rendered":"<h1 class=\"wp-block-heading\">Consultor\u00eda de estrategia de IA<\/h1>\n\n\n\n<figure class=\"gb-block-image gb-block-image-b5080a15\"><img loading=\"lazy\" decoding=\"async\" width=\"1456\" height=\"816\" class=\"gb-image gb-image-b5080a15\" src=\"https:\/\/www.sisinternational.com\/wp-content\/uploads\/2025\/10\/AI-Strategy-Consulting-2.jpg\" alt=\"Investigaci\u00f3n y estrategia de mercado internacional de SIS\" title=\"AI Strategy Consulting (2)\" srcset=\"https:\/\/www.sisinternational.com\/wp-content\/uploads\/2025\/10\/AI-Strategy-Consulting-2.jpg 1456w, https:\/\/www.sisinternational.com\/wp-content\/uploads\/2025\/10\/AI-Strategy-Consulting-2-300x168.jpg 300w, https:\/\/www.sisinternational.com\/wp-content\/uploads\/2025\/10\/AI-Strategy-Consulting-2-1024x574.jpg 1024w, https:\/\/www.sisinternational.com\/wp-content\/uploads\/2025\/10\/AI-Strategy-Consulting-2-768x430.jpg 768w, https:\/\/www.sisinternational.com\/wp-content\/uploads\/2025\/10\/AI-Strategy-Consulting-2-18x10.jpg 18w\" sizes=\"auto, (max-width: 1456px) 100vw, 1456px\"><\/figure>\n\n\n\n<p><\/p>\n\n\n\n<hr class=\"wp-block-separator has-alpha-channel-opacity\"\/>\n\n\n\n<p>In an era where AI is reshaping the competitive landscape, businesses that fail to integrate AI into their strategic planning find themselves at a disadvantage\u2026 So, how can organizations harness AI&#8217;s transformative power to survive and thrive in this new era? AI strategy consulting delivers a roadmap for integrating AI technologies that align with business objectives and drive innovation \u2013 and ensures that AI initiatives are not siloed tech projects but integral elements of a holistic business strategy.<\/p>\n\n\n\n<h2 class=\"wp-block-heading\">What Is AI Strategy Consulting? Why Is It Important?<\/h2>\n\n\n\n<figure class=\"wp-block-image\"><img decoding=\"async\" src=\"https:\/\/www.sisinternational.com\/wp-content\/uploads\/2025\/06\/AI-9.jpg\" alt=\"Investigaci\u00f3n y estrategia de mercado internacional de SIS\" class=\"wp-image-60063\"><\/figure>\n\n\n\n<p><\/p>\n\n\n\n<p>AI strategy consulting helps businesses navigate the complexities of AI integration, ensuring that technology investments align with business goals. It&#8217;s about transforming organizational processes, culture, and capabilities to leverage AI&#8217;s full potential. It equips companies with a clear vision and roadmap for AI adoption, ensuring that technological investments are innovative, strategic, and aligned with long-term goals. This foresight is essential in avoiding the common pitfall of investing in AI technologies without clearly understanding their potential impact on the business.<\/p>\n\n\n\n<p>Adem\u00e1s, la complejidad de las tecnolog\u00edas de IA y el r\u00e1pido ritmo de la transformaci\u00f3n digital exigen conocimientos y experiencia especializados. La consultor\u00eda estrat\u00e9gica de IA ofrece acceso a expertos que pueden afrontar los desaf\u00edos t\u00e9cnicos y estrat\u00e9gicos de la integraci\u00f3n de IA, desde la gobernanza de datos y el desarrollo de modelos hasta consideraciones \u00e9ticas y cumplimiento normativo. Esta experiencia es invaluable para mitigar riesgos, acelerar la implementaci\u00f3n y maximizar el retorno de la inversi\u00f3n de los proyectos de IA.<\/p>\n\n\n\n<p>La consultor\u00eda estrat\u00e9gica de IA tambi\u00e9n fomenta una cultura de innovaci\u00f3n dentro de las organizaciones. Al involucrar a equipos multifuncionales en el desarrollo y ejecuci\u00f3n de estrategias de IA, las empresas pueden fomentar la colaboraci\u00f3n, el intercambio de conocimientos y una mentalidad orientada a la mejora y la innovaci\u00f3n continuas. En cualquier caso, tiene muchos otros beneficios para las empresas, entre ellos:<\/p>\n\n\n\n<ul class=\"wp-block-list\">\n<li><strong>Ventaja competitiva:<\/strong> Las empresas pueden obtener una ventaja significativa sobre sus competidores aprovechando la IA para optimizar las operaciones, mejorar las experiencias de los clientes e innovar productos y servicios.<\/li>\n\n\n\n<li><strong>Gesti\u00f3n de riesgos:<\/strong> La consultor\u00eda estrat\u00e9gica de IA ayuda a las empresas a superar estas complejidades, garantizando el cumplimiento de las regulaciones, el uso \u00e9tico de la IA y pr\u00e1cticas s\u00f3lidas de gobernanza de datos.<\/li>\n\n\n\n<li><strong>Innovaci\u00f3n y Crecimiento:<\/strong> La consultor\u00eda estrat\u00e9gica de IA fomenta una cultura de innovaci\u00f3n dentro de las organizaciones, fomentando la exploraci\u00f3n de nuevas ideas y la adopci\u00f3n de tecnolog\u00edas de vanguardia. Esta cultura es esencial para sostener el crecimiento, adaptarse a los cambios del mercado y crear nuevas propuestas de valor que satisfagan las necesidades cambiantes de los clientes.<\/li>\n\n\n\n<li><strong>Toma de decisiones mejorada:<\/strong> Las empresas pueden tomar decisiones m\u00e1s informadas y basadas en datos aprovechando el poder de la IA para el an\u00e1lisis de datos y el an\u00e1lisis predictivo. Gu\u00edas de consultor\u00eda de estrategia de IA que integran herramientas de IA que brindan informaci\u00f3n \u00fatil y mejoran el proceso de toma de decisiones estrat\u00e9gicas.<\/li>\n\n\n\n<li><strong>Soluciones personalizadas:<\/strong> La consultor\u00eda de estrategia de IA ofrece soluciones personalizadas que abordan necesidades comerciales espec\u00edficas, garantizando que las iniciativas de IA sean efectivas y escalables.<\/li>\n<\/ul>\n\n\n\n<h2 class=\"wp-block-heading\">Who benefits from AI Strategy Consulting<\/h2>\n\n\n\n<figure class=\"gb-block-image gb-block-image-d743a8e3\"><img loading=\"lazy\" decoding=\"async\" width=\"1456\" height=\"816\" class=\"gb-image gb-image-d743a8e3\" src=\"https:\/\/www.sisinternational.com\/wp-content\/uploads\/2025\/10\/AI-Strategy-Consulting-1.jpg\" alt=\"Investigaci\u00f3n y estrategia de mercado internacional de SIS\" title=\"AI Strategy Consulting (1)\" srcset=\"https:\/\/www.sisinternational.com\/wp-content\/uploads\/2025\/10\/AI-Strategy-Consulting-1.jpg 1456w, https:\/\/www.sisinternational.com\/wp-content\/uploads\/2025\/10\/AI-Strategy-Consulting-1-300x168.jpg 300w, https:\/\/www.sisinternational.com\/wp-content\/uploads\/2025\/10\/AI-Strategy-Consulting-1-1024x574.jpg 1024w, https:\/\/www.sisinternational.com\/wp-content\/uploads\/2025\/10\/AI-Strategy-Consulting-1-768x430.jpg 768w, https:\/\/www.sisinternational.com\/wp-content\/uploads\/2025\/10\/AI-Strategy-Consulting-1-18x10.jpg 18w\" sizes=\"auto, (max-width: 1456px) 100vw, 1456px\"><\/figure>\n\n\n\n<p><\/p>\n\n\n\n<p>La consultor\u00eda estrat\u00e9gica de IA no se limita a un sector o industria espec\u00edfica; su aplicabilidad abarca una amplia gama de negocios, desde nuevas empresas hasta corporaciones multinacionales, y aqu\u00ed se analiza m\u00e1s de cerca qui\u00e9n utiliza la consultor\u00eda estrat\u00e9gica de IA y por qu\u00e9 se ha convertido en un recurso indispensable.<\/p>\n\n\n\n<ul class=\"wp-block-list\">\n<li><strong>Grandes Empresas:<\/strong> La consultor\u00eda estrat\u00e9gica de IA ayuda a estas organizaciones a aprovechar la IA para automatizar procesos, mejorar la toma de decisiones y crear nuevos modelos de negocio, garantizando que sigan siendo \u00e1giles y competitivas en mercados que cambian r\u00e1pidamente.<\/li>\n\n\n\n<li><strong>Startups y Scale-ups:<\/strong> La agilidad y la innovaci\u00f3n son fundamentales para las empresas emergentes y en expansi\u00f3n que buscan alterar los mercados tradicionales o crear nuevos nichos. La consultor\u00eda estrat\u00e9gica de IA les permite aprovechar las tecnolog\u00edas de IA desde el principio, incorporando inteligencia y eficiencia en sus operaciones, productos y servicios, acelerando el crecimiento y atrayendo inversiones.<\/li>\n\n\n\n<li><strong>Organizaciones del Sector P\u00fablico:<\/strong> Government agencies and entities are turning to AI strategy consulting to improve service delivery, enhance public welfare programs, and optimize resource management.<\/li>\n\n\n\n<li><strong>Proveedores de servicios de salud:<\/strong> El <a href=\"https:\/\/www.sisinternational.com\/es\/soluciones\/consultoria-blockchain\/blockchain-en-consultoria-de-estrategia-sanitaria\/\" title=\"Blockchain en consultor\u00eda de estrategia sanitaria\"  data-wpil-monitor-id=\"6424\">healthcare sector benefits from AI strategy consulting<\/a> by integrating AI into diagnostics, patient care, and operational efficiency. AI can help analyze vast amounts of data for better patient outcomes, personalized treatment plans, and streamlined administrative processes, improving the quality and accessibility of healthcare services.<\/li>\n\n\n\n<li><strong>Servicios financieros:<\/strong> La IA permite a estas empresas mejorar la gesti\u00f3n de riesgos, la detecci\u00f3n de fraude, el servicio al cliente y la personalizaci\u00f3n, garantizando que cumplan con las expectativas cambiantes de sus clientes.<\/li>\n\n\n\n<li><strong>Cadena de fabricaci\u00f3n y suministro:<\/strong> La consultor\u00eda estrat\u00e9gica de IA es fundamental para optimizar los procesos de producci\u00f3n, mejorar el control de calidad y mejorar la visibilidad de la cadena de suministro. Las tecnolog\u00edas de IA permiten el mantenimiento predictivo, la previsi\u00f3n de la demanda y la toma de decisiones en tiempo real, impulsando la eficiencia y la resiliencia en las operaciones.<\/li>\n\n\n\n<li><strong>Comercio minorista y comercio electr\u00f3nico:<\/strong> La consultor\u00eda estrat\u00e9gica de IA ayuda a las empresas minoristas y las plataformas de comercio electr\u00f3nico a personalizar las experiencias de los clientes, optimizar la gesti\u00f3n de inventario e implementar soluciones log\u00edsticas eficientes.<\/li>\n<\/ul>\n\n\n\n<h2 class=\"wp-block-heading\">When to Engage in AI Strategy Consulting<\/h2>\n\n\n\n<figure class=\"wp-block-image\"><img decoding=\"async\" src=\"https:\/\/www.sisinternational.com\/wp-content\/uploads\/2025\/06\/AI-43.jpg\" alt=\"Investigaci\u00f3n y estrategia de mercado internacional de SIS\" class=\"wp-image-60058\"><\/figure>\n\n\n\n<p><\/p>\n\n\n\n<p>La consultor\u00eda estrat\u00e9gica de IA es un proceso continuo que se alinea con la naturaleza cambiante de los objetivos comerciales y los avances tecnol\u00f3gicos. Reconocer los momentos adecuados para invertir en consultor\u00eda estrat\u00e9gica de IA puede mejorar significativamente su efectividad y su impacto en los resultados comerciales.<\/p>\n\n\n\n<ul class=\"wp-block-list\">\n<li><strong>Antes de las principales inversiones en tecnolog\u00eda:<\/strong> Antes de comprometerse con inversiones significativas en tecnolog\u00eda o infraestructura, consultar con estrategas de IA puede ayudar a identificar las oportunidades de IA m\u00e1s valiosas y evitar costosos pasos en falso. Este enfoque proactivo garantiza que las inversiones en tecnolog\u00eda sean estrat\u00e9gicas, espec\u00edficas y capaces de generar los resultados deseados.<\/li>\n\n\n\n<li><strong>En respuesta a las presiones competitivas:<\/strong> When competitors gain an edge through AI and technological innovation, AI strategy <a href=\"https:\/\/www.sisinternational.com\/es\/soluciones\/consultoria-estrategica\/planificacion-de-escenarios\/\" title=\"Consultor\u00eda de estrategia de planificaci\u00f3n de escenarios\"  data-wpil-monitor-id=\"7102\">consultante<\/a> can provide the insights and action plans needed to close the competitive gap and reposition your business as an industry leader.<\/li>\n\n\n\n<li><strong>Al enfrentar ineficiencias operativas:<\/strong> Si los cuellos de botella operativos o las ineficiencias obstaculizan el crecimiento o la satisfacci\u00f3n del cliente, la consultor\u00eda estrat\u00e9gica de IA puede identificar procesos maduros para la automatizaci\u00f3n o mejora, impulsando la eficiencia y mejorando el rendimiento.<\/li>\n\n\n\n<li><strong>Para capitalizar nuevas oportunidades de mercado:<\/strong> Esta consultor\u00eda puede descubrir c\u00f3mo las tecnolog\u00edas de inteligencia artificial pueden abrir nuevos mercados, crear nuevas ofertas de productos o redefinir las experiencias de los clientes, garantizando que las empresas permanezcan a la vanguardia de sus industrias.<\/li>\n<\/ul>\n\n\n\n<h2 class=\"wp-block-heading\">AI Strategy Consulting with SIS International&nbsp;<\/h2>\n\n\n\n<figure class=\"gb-block-image gb-block-image-7b86b78c\"><img loading=\"lazy\" decoding=\"async\" width=\"1456\" height=\"816\" class=\"gb-image gb-image-7b86b78c\" src=\"https:\/\/www.sisinternational.com\/wp-content\/uploads\/2025\/10\/AI-Strategy-Consulting-3.jpg\" alt=\"Investigaci\u00f3n y estrategia de mercado internacional de SIS\" title=\"AI Strategy Consulting (3)\" srcset=\"https:\/\/www.sisinternational.com\/wp-content\/uploads\/2025\/10\/AI-Strategy-Consulting-3.jpg 1456w, https:\/\/www.sisinternational.com\/wp-content\/uploads\/2025\/10\/AI-Strategy-Consulting-3-300x168.jpg 300w, https:\/\/www.sisinternational.com\/wp-content\/uploads\/2025\/10\/AI-Strategy-Consulting-3-1024x574.jpg 1024w, https:\/\/www.sisinternational.com\/wp-content\/uploads\/2025\/10\/AI-Strategy-Consulting-3-768x430.jpg 768w, https:\/\/www.sisinternational.com\/wp-content\/uploads\/2025\/10\/AI-Strategy-Consulting-3-18x10.jpg 18w\" sizes=\"auto, (max-width: 1456px) 100vw, 1456px\"><\/figure>\n\n\n\n<p><\/p>\n\n\n\n<p>En <a href=\"https:\/\/www.linkedin.com\/company\/sisinternationalresearch\/\" target=\"_blank\" rel=\"noopener\">SIS Internacional<\/a>, AI strategy consulting is more than just a service; it&#8217;s a partnership. We work closely with our clients to understand their unique challenges, opportunities, and objectives. This deep understanding forms the foundation of our approach, enabling us to tailor AI strategies that are not only innovative but also practical and impactful.<\/p>\n\n\n\n<ul class=\"wp-block-list\">\n<li><strong>An\u00e1lisis en profundidad de la industria:<\/strong> Nuestro enfoque comienza con un an\u00e1lisis exhaustivo de la industria del cliente, incluida la din\u00e1mica competitiva, el entorno regulatorio y las tendencias emergentes. Esto garantiza que nuestras estrategias de IA se basen en un profundo conocimiento del panorama del mercado y est\u00e9n dise\u00f1adas para aprovechar oportunidades espec\u00edficas de la industria.<\/li>\n\n\n\n<li><strong>Desarrollo de una hoja de ruta de IA personalizada:<\/strong> Aprovechando los conocimientos del an\u00e1lisis de la industria, colaboramos con los clientes para desarrollar una hoja de ruta de IA personalizada. Esta hoja de ruta describe iniciativas, cronogramas e hitos estrat\u00e9gicos de IA, lo que garantiza un camino claro a seguir para la integraci\u00f3n de la IA que se alinea con los objetivos estrat\u00e9gicos del cliente.<\/li>\n\n\n\n<li><strong>Participaci\u00f3n y alineaci\u00f3n de las partes interesadas:<\/strong> El enfoque del SIS incluye una amplia participaci\u00f3n de las partes interesadas. Trabajamos para alinear a los ejecutivos, los equipos de TI y el personal operativo en torno a la estrategia de IA, fomentando una cultura de colaboraci\u00f3n e innovaci\u00f3n.<\/li>\n\n\n\n<li><strong>Marco \u00e9tico de gobernanza e IA:<\/strong> Ethical considerations and data governance are at the heart of our <a href=\"https:\/\/www.sisinternational.com\/es\/pericia\/industrias\/consultoria-de-visualizacion-de-datos\/\" title=\"Consultor\u00eda de visualizaci\u00f3n de datos\" data-wpil-monitor-id=\"5833\">AI strategy consulting<\/a>. We help clients develop frameworks that ensure AI is used responsibly and that data privacy and security are prioritized, aligning with regulatory requirements and ethical standards.<\/li>\n\n\n\n<li><strong>Soporte de implementaci\u00f3n y escalamiento:<\/strong> Nuestra asociaci\u00f3n se extiende m\u00e1s all\u00e1 del desarrollo de estrategias para respaldar la implementaci\u00f3n y ampliaci\u00f3n de iniciativas de IA. Brindamos orientaci\u00f3n y experiencia continuas para garantizar que los proyectos de IA se ejecuten con \u00e9xito y puedan escalar en l\u00ednea con el crecimiento empresarial.<\/li>\n\n\n\n<li><strong>Medici\u00f3n y Mejora Continua:<\/strong> Nuestro enfoque enfatiza la medici\u00f3n de resultados y el fomento de la mejora continua. Ayudamos a los clientes a establecer m\u00e9tricas para el \u00e9xito e implementar procesos para la evaluaci\u00f3n continua y el refinamiento de las iniciativas de IA.<\/li>\n<\/ul>\n\n\n\n<h2 class=\"wp-block-heading\">Nuestra ubicaci\u00f3n de instalaciones en Nueva York<\/h2>\n\n\n\n<p>  <iframe loading=\"lazy\" src=\"https:\/\/www.google.com\/maps\/embed?pb=!1m18!1m12!1m3!1d3022.976188376966!2d-73.99130312499956!3d40.740549471389315!2m3!1f0!2f0!3f0!3m2!1i1024!2i768!4f13.1!3m3!1m2!1s0x89c259a15798c731%3A0xd695d09bdd495f25!2s11%20E%2022nd%20St%20FL%202%2C%20New%20York%2C%20NY%2010010%2C%20USA!5e0!3m2!1sen!2spe!4v1726171763526!5m2!1sen!2spe\" width=\"600\" height=\"450\" allowfullscreen=\"allowfullscreen\" data-mce-fragment=\"1\"><\/iframe>  <\/p>\n\n\n\n<h3 class=\"wp-block-heading\">11 E 22nd Street, piso 2, Nueva York, NY 10010 T: +1(212) 505-6805<\/h3>\n\n\n\n<hr class=\"wp-block-separator has-alpha-channel-opacity\"\/>\n\n\n\n<h2 class=\"wp-block-heading\"><span style=\"font-weight: 400;\">Acerca de SIS Internacional<\/span><\/h2>\n\n\n\n<p><a href=\"https:\/\/www.sisinternational.com\/es\/\"><span style=\"font-weight: 400;\">SIS Internacional<\/span><\/a><span style=\"font-weight: 400;\"> ofrece investigaci\u00f3n cuantitativa, cualitativa y estrat\u00e9gica. Proporcionamos datos, herramientas, estrategias, informes y conocimientos para la toma de decisiones. Tambi\u00e9n realizamos entrevistas, encuestas, grupos focales y otros m\u00e9todos y enfoques de investigaci\u00f3n de mercado.<\/span><a href=\"https:\/\/www.sisinternational.com\/es\/sobre-la-investigacion-internacional-de-sis\/contact-sis-international-market-research\/\"><span style=\"font-weight: 400;\"> P\u00f3ngase en contacto con nosotros<\/span><\/a><span style=\"font-weight: 400;\"> para su pr\u00f3ximo proyecto de Investigaci\u00f3n de Mercado.<\/span><\/p>\n\n\n\n<hr class=\"wp-block-separator has-alpha-channel-opacity\"\/>\n\n\n\n<h2 class=\"wp-block-heading\">&nbsp;<\/h2>\n\n\n\n<h2 class=\"wp-block-heading\">&nbsp;<\/h2>\n\n\n\n<p><\/p>\n\n\n\n<p><\/p>","protected":false},"excerpt":{"rendered":"<p>La consultor\u00eda estrat\u00e9gica de IA ayuda a las empresas a navegar las complejidades de la integraci\u00f3n de la IA para que las inversiones en tecnolog\u00eda se alineen con los objetivos comerciales.<\/p>","protected":false},"author":1,"featured_media":71617,"parent":44406,"menu_order":67,"comment_status":"closed","ping_status":"closed","template":"","meta":{"_uag_custom_page_level_css":"","footnotes":""},"class_list":["post-46128","page","type-page","status-publish","has-post-thumbnail"],"uagb_featured_image_src":{"full":["https:\/\/www.sisinternational.com\/wp-content\/uploads\/2025\/10\/AI-Strategy-Consulting-2.jpg",1456,816,false],"thumbnail":["https:\/\/www.sisinternational.com\/wp-content\/uploads\/2025\/10\/AI-Strategy-Consulting-2-150x150.jpg",150,150,true],"medium":["https:\/\/www.sisinternational.com\/wp-content\/uploads\/2025\/10\/AI-Strategy-Consulting-2-300x168.jpg",300,168,true],"medium_large":["https:\/\/www.sisinternational.com\/wp-content\/uploads\/2025\/10\/AI-Strategy-Consulting-2-768x430.jpg",768,430,true],"large":["https:\/\/www.sisinternational.com\/wp-content\/uploads\/2025\/10\/AI-Strategy-Consulting-2-1024x574.jpg",1024,574,true],"1536x1536":["https:\/\/www.sisinternational.com\/wp-content\/uploads\/2025\/10\/AI-Strategy-Consulting-2.jpg",1456,816,false],"2048x2048":["https:\/\/www.sisinternational.com\/wp-content\/uploads\/2025\/10\/AI-Strategy-Consulting-2.jpg",1456,816,false],"trp-custom-language-flag":["https:\/\/www.sisinternational.com\/wp-content\/uploads\/2025\/10\/AI-Strategy-Consulting-2-18x10.jpg",18,10,true]},"uagb_author_info":{"display_name":"Ruth Stanat","author_link":"https:\/\/www.sisinternational.com\/es\/author\/expert\/"},"uagb_comment_info":0,"uagb_excerpt":"AI strategy consulting helps businesses navigate the complexities of AI integration so technology investments align with business goals.","_links":{"self":[{"href":"https:\/\/www.sisinternational.com\/es\/wp-json\/wp\/v2\/pages\/46128","targetHints":{"allow":["GET"]}}],"collection":[{"href":"https:\/\/www.sisinternational.com\/es\/wp-json\/wp\/v2\/pages"}],"about":[{"href":"https:\/\/www.sisinternational.com\/es\/wp-json\/wp\/v2\/types\/page"}],"author":[{"embeddable":true,"href":"https:\/\/www.sisinternational.com\/es\/wp-json\/wp\/v2\/users\/1"}],"replies":[{"embeddable":true,"href":"https:\/\/www.sisinternational.com\/es\/wp-json\/wp\/v2\/comments?post=46128"}],"version-history":[{"count":17,"href":"https:\/\/www.sisinternational.com\/es\/wp-json\/wp\/v2\/pages\/46128\/revisions"}],"predecessor-version":[{"id":80666,"href":"https:\/\/www.sisinternational.com\/es\/wp-json\/wp\/v2\/pages\/46128\/revisions\/80666"}],"up":[{"embeddable":true,"href":"https:\/\/www.sisinternational.com\/es\/wp-json\/wp\/v2\/pages\/44406"}],"wp:featuredmedia":[{"embeddable":true,"href":"https:\/\/www.sisinternational.com\/es\/wp-json\/wp\/v2\/media\/71617"}],"wp:attachment":[{"href":"https:\/\/www.sisinternational.com\/es\/wp-json\/wp\/v2\/media?parent=46128"}],"curies":[{"name":"wp","href":"https:\/\/api.w.org\/{rel}","templated":true}]}}