{"id":45883,"date":"2024-02-03T21:13:53","date_gmt":"2024-02-04T02:13:53","guid":{"rendered":"https:\/\/www.sisinternational.com\/?page_id=45883"},"modified":"2026-01-31T17:58:14","modified_gmt":"2026-01-31T22:58:14","slug":"consultoria-hotelera-en-redes-sociales","status":"publish","type":"page","link":"https:\/\/www.sisinternational.com\/es\/soluciones\/consultoria-de-hosteleria-y-turismo-en-viajes\/consultoria-hotelera-en-redes-sociales\/","title":{"rendered":"Consultor\u00eda hotelera en redes sociales"},"content":{"rendered":"<h1 class=\"wp-block-heading\">Consultor\u00eda hotelera en redes sociales<\/h1>\n\n\n\n<figure class=\"gb-block-image gb-block-image-dd7e1acd\"><img loading=\"lazy\" decoding=\"async\" width=\"1456\" height=\"816\" class=\"gb-image gb-image-dd7e1acd\" src=\"https:\/\/www.sisinternational.com\/wp-content\/uploads\/2025\/08\/Social-media-7.jpg\" alt=\"Investigaci\u00f3n y estrategia de mercado internacional de SIS\" title=\"Social media (7)\" srcset=\"https:\/\/www.sisinternational.com\/wp-content\/uploads\/2025\/08\/Social-media-7.jpg 1456w, https:\/\/www.sisinternational.com\/wp-content\/uploads\/2025\/08\/Social-media-7-300x168.jpg 300w, https:\/\/www.sisinternational.com\/wp-content\/uploads\/2025\/08\/Social-media-7-1024x574.jpg 1024w, https:\/\/www.sisinternational.com\/wp-content\/uploads\/2025\/08\/Social-media-7-768x430.jpg 768w, https:\/\/www.sisinternational.com\/wp-content\/uploads\/2025\/08\/Social-media-7-18x10.jpg 18w\" sizes=\"auto, (max-width: 1456px) 100vw, 1456px\"><\/figure>\n\n\n\n<p><\/p>\n\n\n\n<hr class=\"wp-block-separator has-alpha-channel-opacity is-style-dots\"\/>\n\n\n\n<p>Dominar el arte de las redes sociales ya no es opcional. Es un componente cr\u00edtico de la estrategia de un hotel para cautivar, involucrar y retener a los hu\u00e9spedes. Por esta raz\u00f3n, la consultor\u00eda hotelera en redes sociales representa un cambio profundo con respecto al marketing tradicional, al ofrecer a los hoteles una plataforma din\u00e1mica para mostrar su personalidad, conectarse con los hu\u00e9spedes y construir una comunidad en torno a su marca.<\/p>\n\n\n\n<h2 class=\"wp-block-heading\">\u00bfQu\u00e9 es la consultor\u00eda hotelera en redes sociales?<\/h2>\n\n\n\n<p><a title=\"Consultor\u00eda de Identidad de Marca Hotelera\" href=\"https:\/\/www.sisinternational.com\/es\/soluciones\/consultoria-de-hosteleria-y-turismo-en-viajes\/consultoria-de-identidad-de-marca-hotelera\/\" data-wpil-monitor-id=\"2920\">Social media hotel<\/a> consulting focuses on leveraging social media platforms to enhance a hotel&#8217;s brand presence, engage with guests, and drive business growth. It develops a comprehensive social media strategy tailored to a hotel\u2019s unique brand identity and target audience. This strategy encompasses choosing the right platforms \u2013 be it Instagram, Facebook, X, LinkedIn, or TikTok \u2013 and crafting content that resonates with the audience.<\/p>\n\n\n\n<p>Adem\u00e1s, la consultor\u00eda hotelera en redes sociales crea contenido interactivo, responde a rese\u00f1as y comentarios e interact\u00faa con los usuarios para construir una comunidad en l\u00ednea leal. Esta interacci\u00f3n no s\u00f3lo mejora la lealtad a la marca, sino que tambi\u00e9n proporciona informaci\u00f3n valiosa sobre las preferencias y tendencias de los hu\u00e9spedes.<\/p>\n\n\n\n<h2 class=\"wp-block-heading\">Por qu\u00e9 las empresas necesitan consultor\u00eda hotelera en redes sociales<\/h2>\n\n\n\n<p>Dado que la gran mayor\u00eda de los viajeros utilizan las redes sociales para inspirarse y planificar, tener una fuerte presencia en las redes sociales es crucial. La consultor\u00eda hotelera en redes sociales ayuda a las empresas a crear y mantener una presencia en l\u00ednea atractiva, mostrando experiencias, comodidades o servicios \u00fanicos que las distinguen.<\/p>\n\n\n\n<p>Adem\u00e1s, las plataformas de redes sociales brindan una l\u00ednea directa de comunicaci\u00f3n con los hu\u00e9spedes actuales y potenciales. A trav\u00e9s de estos canales, los hoteles pueden entablar conversaciones en tiempo real, responder a comentarios y construir relaciones, lo cual es esencial para la lealtad y retenci\u00f3n de los clientes.<\/p>\n\n\n\n<p>Lastly, social media hotel consulting is vital for crisis management and reputation control. In the event of negative reviews or a PR crisis, a swift and strategic response on social media is crucial. Professional <a title=\"Consultor\u00eda de tecnolog\u00eda hotelera inteligente\" href=\"https:\/\/www.sisinternational.com\/es\/soluciones\/consultoria-de-hosteleria-y-turismo-en-viajes\/consultoria-de-tecnologia-hotelera-inteligente\/\" data-wpil-monitor-id=\"2837\">consultants can guide hotels<\/a> in managing their online reputation effectively.<\/p>\n\n\n\n<h2 class=\"wp-block-heading\">\u00bfCu\u00e1les son los beneficios de la consultor\u00eda hotelera en redes sociales?<\/h2>\n\n\n\n<p>Participar en consultor\u00eda hotelera en redes sociales ofrece una multitud de beneficios para los hoteles, que van desde una mayor visibilidad de la marca hasta una mayor participaci\u00f3n de los hu\u00e9spedes. Estas son algunas de las ventajas clave:<\/p>\n\n\n\n<ul class=\"wp-block-list\">\n<li><strong>Presencia en l\u00ednea mejorada y visibilidad de la marca:<\/strong> Social media hotel consulting helps hotels craft and maintain a compelling online presence. <\/li>\n\n\n\n<li><strong>Promociones y marketing dirigido:<\/strong> Los consultores utilizan enfoques basados en datos para llegar a grupos demogr\u00e1ficos espec\u00edficos, adaptar mensajes a los intereses de los hu\u00e9spedes potenciales y maximizar el impacto de los esfuerzos promocionales.<\/li>\n\n\n\n<li><strong>Mayor participaci\u00f3n y lealtad de los hu\u00e9spedes:<\/strong> A trav\u00e9s de la gesti\u00f3n estrat\u00e9gica de las redes sociales, los hoteles pueden interactuar directamente con su audiencia, creando una comunidad en torno a su marca.<\/li>\n\n\n\n<li><strong>Informaci\u00f3n y an\u00e1lisis valiosos:<\/strong> La consultor\u00eda en redes sociales proporciona informaci\u00f3n valiosa sobre las preferencias y el comportamiento de los hu\u00e9spedes a trav\u00e9s de an\u00e1lisis. Comprender qu\u00e9 contenido resuena en la audiencia puede informar estrategias operativas y de marketing m\u00e1s amplias.<\/li>\n\n\n\n<li><strong>Aumento de reservas directas:<\/strong> Una fuerte presencia en las redes sociales puede generar m\u00e1s tr\u00e1fico al sitio web de un hotel, lo que podr\u00eda aumentar las reservas directas. Las estrategias efectivas de redes sociales pueden reducir la dependencia de sitios de reserva de terceros, ahorrando costos de comisiones.<\/li>\n<\/ul>\n\n\n\n<h2 class=\"wp-block-heading\">Factores claves del \u00e9xito<\/h2>\n\n\n\n<p>For social media hotel consulting to be effective, certain key success factors must be in place. These factors are critical in ensuring that the <a title=\"Estrategias de redes sociales para peque\u00f1as empresas\" href=\"https:\/\/www.sisinternational.com\/es\/redes-sociales-en-pequenas-empresas\/\" data-wpil-monitor-id=\"2201\">social media strategy aligns with the hotel\u2019s<\/a> brand vision and resonates with its target audience and achieves desired business outcomes.<\/p>\n\n\n\n<ul class=\"wp-block-list\">\n<li><strong>Mensajes de marca consistentes:<\/strong> Es fundamental garantizar que todo el contenido de las redes sociales se alinee con el mensaje general de la marca del hotel. La coherencia en el tono, el estilo y los mensajes ayuda a construir una identidad de marca s\u00f3lida y ayuda a recordar la marca.<\/li>\n\n\n\n<li><strong>Comprender al p\u00fablico objetivo:<\/strong> Es vital tener un conocimiento profundo del p\u00fablico objetivo (sus preferencias, comportamientos y h\u00e1bitos en las redes sociales). Adaptar el contenido y las campa\u00f1as para satisfacer los intereses y necesidades de esta audiencia puede mejorar significativamente la participaci\u00f3n.<\/li>\n\n\n\n<li><strong>Participaci\u00f3n activa de la comunidad:<\/strong> Regularly interacting with followers, responding to comments, and engaging in conversations helps build a community around the hotel\u2019s brand. <\/li>\n\n\n\n<li><strong>Innovaci\u00f3n y Adaptabilidad:<\/strong> Estar al tanto de las \u00faltimas tendencias y estar dispuesto a innovar es fundamental. El panorama de las redes sociales es din\u00e1mico y las estrategias exitosas a menudo implican experimentar con nuevas ideas y adaptarse a los cambios.<\/li>\n<\/ul>\n\n\n\n<h2 class=\"wp-block-heading\">Tendencias actuales en consultor\u00eda hotelera en redes sociales<\/h2>\n\n\n\n<p>La consultor\u00eda hotelera en redes sociales est\u00e1 evolucionando y mantenerse al d\u00eda con estas tendencias es crucial para que los hoteles sigan siendo competitivos y relevantes. Estas son algunas de las \u00faltimas tendencias en consultor\u00eda hotelera en redes sociales:<\/p>\n\n\n\n<ul class=\"wp-block-list\">\n<li><strong>\u00c9nfasis en la narraci\u00f3n de historias:<\/strong> Hotels are increasingly using storytelling techniques on social media to create <a class=\"wpil_keyword_link\" title=\"Construyendo conexiones emocionales en cosm\u00e9ticos\" data-wpil-keyword-link=\"linked\" data-wpil-monitor-id=\"629\" href=\"https:\/\/www.sisinternational.com\/es\/construyendo-conexiones-emocionales-en-los-cosmeticos-y-los-hallazgos-de-nuestra-investigacion\/\">emotional connections<\/a> with their audience. <\/li>\n\n\n\n<li><strong>Aprovechando el contenido generado por el usuario:<\/strong> Animar a los hu\u00e9spedes a compartir sus experiencias y fotograf\u00edas, y luego presentar este contenido generado por los usuarios en los canales de redes sociales del hotel, es una tendencia creciente. No solo proporciona contenido aut\u00e9ntico sino que tambi\u00e9n fomenta la comunidad y el compromiso.<\/li>\n\n\n\n<li><strong>Asociaciones de influencers:<\/strong> Colaborar con personas influyentes y blogueros de viajes para promocionar el hotel sigue siendo una tendencia popular. Estas asociaciones pueden aumentar el alcance y la credibilidad, particularmente entre los grupos demogr\u00e1ficos m\u00e1s j\u00f3venes.<\/li>\n\n\n\n<li><strong>Contenido interactivo:<\/strong> Hotels are creating more interactive content such as polls, quizzes, and contests, to engage their audience actively. <\/li>\n\n\n\n<li><strong>Centrarse en plataformas visuales:<\/strong> Plataformas como Instagram y Pinterest, muy visuales, son cada vez m\u00e1s importantes para los hoteles. Es clave invertir en contenido de fotograf\u00eda y v\u00eddeo de alta calidad que muestre la est\u00e9tica y las experiencias del hotel.<\/li>\n<\/ul>\n\n\n\n<h2 class=\"wp-block-heading\">Oportunidades en Social Media Consultor\u00eda hotelera para empresas<\/h2>\n\n\n\n<ul class=\"wp-block-list\">\n<li><strong>Exposici\u00f3n de marca mejorada:<\/strong> Las plataformas de redes sociales ofrecen una oportunidad incomparable para aumentar la visibilidad y exposici\u00f3n de la marca. Con millones de usuarios en todo el mundo, los hoteles pueden llegar a una amplia audiencia, mucho m\u00e1s all\u00e1 de los canales de marketing tradicionales.<\/li>\n\n\n\n<li><strong>Comercializaci\u00f3n rentable:<\/strong> En comparaci\u00f3n con la publicidad tradicional, el marketing en redes sociales puede ser m\u00e1s rentable y ofrecer un mayor retorno de la inversi\u00f3n. La publicidad dirigida en estas plataformas tambi\u00e9n puede llegar a grupos demogr\u00e1ficos espec\u00edficos de manera m\u00e1s eficiente.<\/li>\n\n\n\n<li><strong>Aumento del tr\u00e1fico web y de las reservas:<\/strong> Una fuerte presencia en las redes sociales puede generar tr\u00e1fico al sitio web de un hotel, lo que podr\u00eda aumentar las reservas directas. Las estrategias eficaces de redes sociales pueden ayudar a reducir la dependencia de plataformas de reserva de terceros y sus tarifas asociadas.<\/li>\n\n\n\n<li><strong>Construyendo una comunidad:<\/strong> Los hoteles pueden utilizar las redes sociales para crear una comunidad de seguidores interesados en su marca. Esta comunidad puede convertirse en embajadores de la marca, compartiendo sus experiencias y recomendando el hotel a otros.<\/li>\n<\/ul>\n\n\n\n<h2 class=\"wp-block-heading\">Perspectivas futuras de la consultor\u00eda hotelera en redes sociales para empresas<\/h2>\n\n\n\n<p>Here are some trends and predictions shaping the future outlook of social media hotel consulting for businesses:<\/p>\n\n\n\n<ul class=\"wp-block-list\">\n<li><strong>Experiencias de Realidad Virtual y Aumentada:<\/strong> A medida que las tecnolog\u00edas VR y AR se vuelven m\u00e1s comunes, los hoteles podr\u00edan usar estas herramientas en las redes sociales para ofrecer recorridos virtuales, experiencias inmersivas y una vista previa m\u00e1s atractiva de sus comodidades y servicios.<\/li>\n\n\n\n<li><strong>Aprovechando Big Data para un marketing personalizado:<\/strong> La capacidad de analizar grandes cantidades de datos de las interacciones en las redes sociales permitir\u00e1 estrategias de marketing m\u00e1s personalizadas y efectivas. Los hoteles podr\u00e1n comprender las preferencias y comportamientos de sus hu\u00e9spedes con mayor profundidad y personalizar sus ofertas en consecuencia.<\/li>\n\n\n\n<li><strong>Aparici\u00f3n de nuevas plataformas y tecnolog\u00edas:<\/strong> Los hoteles deber\u00e1n estar al tanto de las nuevas plataformas y tecnolog\u00edas de redes sociales para seguir siendo relevantes, especialmente para el p\u00fablico m\u00e1s joven. Mantenerse flexible y adaptable en las estrategias de redes sociales ser\u00e1 clave.<\/li>\n<\/ul>","protected":false},"excerpt":{"rendered":"<p>La consultor\u00eda hotelera en redes sociales utiliza plataformas de redes sociales para mejorar las marcas de los hoteles, atraer a los hu\u00e9spedes e impulsar el crecimiento empresarial. <\/p>","protected":false},"author":1,"featured_media":63099,"parent":44644,"menu_order":21,"comment_status":"closed","ping_status":"closed","template":"","meta":{"_uag_custom_page_level_css":"","footnotes":""},"class_list":["post-45883","page","type-page","status-publish","has-post-thumbnail"],"uagb_featured_image_src":{"full":["https:\/\/www.sisinternational.com\/wp-content\/uploads\/2025\/08\/Social-media-7.jpg",1456,816,false],"thumbnail":["https:\/\/www.sisinternational.com\/wp-content\/uploads\/2025\/08\/Social-media-7-150x150.jpg",150,150,true],"medium":["https:\/\/www.sisinternational.com\/wp-content\/uploads\/2025\/08\/Social-media-7-300x168.jpg",300,168,true],"medium_large":["https:\/\/www.sisinternational.com\/wp-content\/uploads\/2025\/08\/Social-media-7-768x430.jpg",768,430,true],"large":["https:\/\/www.sisinternational.com\/wp-content\/uploads\/2025\/08\/Social-media-7-1024x574.jpg",1024,574,true],"1536x1536":["https:\/\/www.sisinternational.com\/wp-content\/uploads\/2025\/08\/Social-media-7.jpg",1456,816,false],"2048x2048":["https:\/\/www.sisinternational.com\/wp-content\/uploads\/2025\/08\/Social-media-7.jpg",1456,816,false],"trp-custom-language-flag":["https:\/\/www.sisinternational.com\/wp-content\/uploads\/2025\/08\/Social-media-7-18x10.jpg",18,10,true]},"uagb_author_info":{"display_name":"Ruth Stanat","author_link":"https:\/\/www.sisinternational.com\/es\/author\/expert\/"},"uagb_comment_info":0,"uagb_excerpt":"Social media hotel consulting uses social media platforms to enhance hotel brands, engage guests, and drive business growth.","_links":{"self":[{"href":"https:\/\/www.sisinternational.com\/es\/wp-json\/wp\/v2\/pages\/45883","targetHints":{"allow":["GET"]}}],"collection":[{"href":"https:\/\/www.sisinternational.com\/es\/wp-json\/wp\/v2\/pages"}],"about":[{"href":"https:\/\/www.sisinternational.com\/es\/wp-json\/wp\/v2\/types\/page"}],"author":[{"embeddable":true,"href":"https:\/\/www.sisinternational.com\/es\/wp-json\/wp\/v2\/users\/1"}],"replies":[{"embeddable":true,"href":"https:\/\/www.sisinternational.com\/es\/wp-json\/wp\/v2\/comments?post=45883"}],"version-history":[{"count":12,"href":"https:\/\/www.sisinternational.com\/es\/wp-json\/wp\/v2\/pages\/45883\/revisions"}],"predecessor-version":[{"id":82113,"href":"https:\/\/www.sisinternational.com\/es\/wp-json\/wp\/v2\/pages\/45883\/revisions\/82113"}],"up":[{"embeddable":true,"href":"https:\/\/www.sisinternational.com\/es\/wp-json\/wp\/v2\/pages\/44644"}],"wp:featuredmedia":[{"embeddable":true,"href":"https:\/\/www.sisinternational.com\/es\/wp-json\/wp\/v2\/media\/63099"}],"wp:attachment":[{"href":"https:\/\/www.sisinternational.com\/es\/wp-json\/wp\/v2\/media?parent=45883"}],"curies":[{"name":"wp","href":"https:\/\/api.w.org\/{rel}","templated":true}]}}