{"id":45858,"date":"2024-02-03T13:20:29","date_gmt":"2024-02-03T18:20:29","guid":{"rendered":"https:\/\/www.sisinternational.com\/?page_id=45858"},"modified":"2026-01-31T18:04:53","modified_gmt":"2026-01-31T23:04:53","slug":"consultoria-de-tecnologia-hotelera-inteligente","status":"publish","type":"page","link":"https:\/\/www.sisinternational.com\/es\/soluciones\/consultoria-de-hosteleria-y-turismo-en-viajes\/consultoria-de-tecnologia-hotelera-inteligente\/","title":{"rendered":"Consultor\u00eda de tecnolog\u00eda hotelera inteligente"},"content":{"rendered":"<h1 class=\"wp-block-heading\">Consultor\u00eda de tecnolog\u00eda hotelera inteligente<\/h1>\n\n\n\n<figure class=\"gb-block-image gb-block-image-b7624551\"><img loading=\"lazy\" decoding=\"async\" width=\"1456\" height=\"816\" class=\"gb-image gb-image-b7624551\" src=\"https:\/\/www.sisinternational.com\/wp-content\/uploads\/2025\/08\/Smart-home-5.jpg\" alt=\"Investigaci\u00f3n y estrategia de mercado internacional de SIS\" title=\"Smart home (5)\" srcset=\"https:\/\/www.sisinternational.com\/wp-content\/uploads\/2025\/08\/Smart-home-5.jpg 1456w, https:\/\/www.sisinternational.com\/wp-content\/uploads\/2025\/08\/Smart-home-5-300x168.jpg 300w, https:\/\/www.sisinternational.com\/wp-content\/uploads\/2025\/08\/Smart-home-5-1024x574.jpg 1024w, https:\/\/www.sisinternational.com\/wp-content\/uploads\/2025\/08\/Smart-home-5-768x430.jpg 768w, https:\/\/www.sisinternational.com\/wp-content\/uploads\/2025\/08\/Smart-home-5-18x10.jpg 18w\" sizes=\"auto, (max-width: 1456px) 100vw, 1456px\"><\/figure>\n\n\n\n<p><\/p>\n\n\n\n<hr class=\"wp-block-separator has-alpha-channel-opacity is-style-dots\"\/>\n\n\n\n<p>La consultor\u00eda de tecnolog\u00eda hotelera inteligente implica la integraci\u00f3n de tecnolog\u00edas de vanguardia como IA, IoT y an\u00e1lisis de datos para crear una experiencia fluida, intuitiva y memorable para los hu\u00e9spedes. En realidad, la adopci\u00f3n de tecnolog\u00edas hoteleras inteligentes se est\u00e1 convirtiendo r\u00e1pidamente en un punto de referencia para el \u00e9xito en la industria hotelera, lo que hace imperativo que los hoteles comprendan, implementen y optimicen estas tecnolog\u00edas de manera efectiva.<\/p>\n\n\n\n<h2 class=\"wp-block-heading\">Comprender la consultor\u00eda de tecnolog\u00eda hotelera inteligente<\/h2>\n\n\n\n<p>Smart <a title=\"Consultor\u00eda de Reposicionamiento Hotelero\" href=\"https:\/\/www.sisinternational.com\/es\/soluciones\/consultoria-de-hosteleria-y-turismo-en-viajes\/consultoria-reposicionamiento-hotelero\/\" data-wpil-monitor-id=\"2982\">hotel technology consulting<\/a> combines the nuances of hospitality management with the latest technological advancements. It transforms traditional hotel operations into highly efficient, guest-centric, and technologically advanced establishments.<\/p>\n\n\n\n<p>Esto implica crear un viaje m\u00e1s personalizado, atractivo y fluido para cada hu\u00e9sped. Desde la personalizaci\u00f3n de habitaciones impulsada por IA hasta el check-in y check-out m\u00f3vil, la tecnolog\u00eda se utiliza para anticipar y atender las preferencias \u00fanicas de cada hu\u00e9sped. Adem\u00e1s, la tecnolog\u00eda inteligente puede facilitar una mejor comunicaci\u00f3n entre el personal del hotel y los hu\u00e9spedes, garantizando que las solicitudes y comentarios se aborden con prontitud y eficiencia.<\/p>\n\n\n\n<p>The adoption of smart hotel technology consulting brings a multitude of benefits to the hospitality sector, including:<\/p>\n\n\n\n<ul class=\"wp-block-list\">\n<li><strong>Informaci\u00f3n basada en datos:<\/strong> El uso de tecnolog\u00edas inteligentes permite a los hoteles recopilar y analizar grandes cantidades de datos. Estos conocimientos son invaluables para comprender las preferencias de los hu\u00e9spedes, optimizar las estrategias de precios y tomar decisiones informadas sobre las operaciones y el marketing del hotel.<\/li>\n\n\n\n<li><strong>Mayores oportunidades de ingresos:<\/strong> La tecnolog\u00eda inteligente abre nuevas v\u00edas para la generaci\u00f3n de ingresos. Por ejemplo, vender m\u00e1s servicios personalizados o utilizar an\u00e1lisis de datos para campa\u00f1as de marketing espec\u00edficas puede aumentar significativamente la rentabilidad de un hotel.<\/li>\n\n\n\n<li><strong>Mejoras de sostenibilidad:<\/strong> Muchas tecnolog\u00edas inteligentes contribuyen a los esfuerzos de sostenibilidad, como los sistemas de control clim\u00e1tico y de iluminaci\u00f3n energ\u00e9ticamente eficientes.<\/li>\n\n\n\n<li><strong>Seguridad mejorada:<\/strong> Las tecnolog\u00edas inteligentes, como las llaves digitales y los sistemas de vigilancia avanzados, garantizan una mayor seguridad y tranquilidad tanto para los hu\u00e9spedes como para el personal.<\/li>\n<\/ul>\n\n\n\n<h2 class=\"wp-block-heading\">Cu\u00e1ndo realizar una consultor\u00eda de tecnolog\u00eda hotelera inteligente<\/h2>\n\n\n\n<p>Here are some key moments to consider smart hotel technology consulting:<\/p>\n\n\n\n<ul class=\"wp-block-list\">\n<li><strong>Adaptarse a las expectativas cambiantes de los hu\u00e9spedes: <\/strong>Cuando un hotel nota una brecha entre sus servicios actuales y las expectativas cambiantes de los hu\u00e9spedes, especialmente en t\u00e9rminos de tecnolog\u00eda y personalizaci\u00f3n, es hora de buscar consultor\u00eda en tecnolog\u00eda hotelera inteligente. Los hu\u00e9spedes de hoy en d\u00eda suelen buscar experiencias personalizadas y de alta tecnolog\u00eda, y no ofrecerlas puede poner al hotel en desventaja competitiva.<\/li>\n\n\n\n<li><strong>Las ineficiencias operativas se vuelven evidentes: <\/strong>Si un hotel enfrenta desaf\u00edos operativos como altos costos de energ\u00eda, despliegue de personal ineficiente o retrasos en los servicios, la consultor\u00eda de tecnolog\u00eda hotelera inteligente puede brindar soluciones. Tecnolog\u00edas como IoT y AI pueden optimizar las operaciones, haci\u00e9ndolas m\u00e1s eficientes y rentables.<\/li>\n\n\n\n<li><strong>Ampliaci\u00f3n de operaciones: <\/strong>A medida que un hotel crece o ampl\u00eda sus servicios, la integraci\u00f3n de tecnolog\u00eda inteligente se vuelve crucial para gestionar esta mayor escala de manera efectiva. La consultor\u00eda puede ayudar a implementar soluciones escalables que se adapten al crecimiento sin comprometer la calidad del servicio.<\/li>\n\n\n\n<li><strong>Respondiendo a la presi\u00f3n competitiva: <\/strong>Si los competidores adoptan cada vez m\u00e1s tecnolog\u00edas inteligentes y ganan participaci\u00f3n de mercado, es una se\u00f1al de que un hotel necesita modernizar su enfoque. Para mantenerse competitivo a menudo es necesario adoptar tecnolog\u00edas similares para ofrecer experiencias comparables o superiores a los hu\u00e9spedes.<\/li>\n\n\n\n<li><strong>Necesidad de una toma de decisiones basada en datos: <\/strong>En una era donde los datos son reyes, los hoteles que carecen de informaci\u00f3n basada en datos para la toma de decisiones deber\u00edan considerar la consultor\u00eda de tecnolog\u00eda hotelera inteligente. La capacidad de analizar los datos de los hu\u00e9spedes para obtener servicios personalizados, operaciones eficientes y marketing estrat\u00e9gico es invaluable.<\/li>\n<\/ul>\n\n\n\n<h2 class=\"wp-block-heading\">Principales actores del mercado de tecnolog\u00eda hotelera inteligente<\/h2>\n\n\n\n<p>El mercado de la tecnolog\u00eda hotelera inteligente se caracteriza por una amplia gama de actores, cada uno de los cuales aporta soluciones innovadoras y da forma al futuro de las operaciones hoteleras y las experiencias de los hu\u00e9spedes. Comprender qui\u00e9nes son estos actores clave y sus ofertas es crucial para cualquier hotel que planee embarcarse en un viaje hacia la tecnolog\u00eda inteligente.<\/p>\n\n\n\n<ul class=\"wp-block-list\">\n<li><strong>Gigantes tecnol\u00f3gicos globales:<\/strong> Empresas como Google, Amazon y Apple son influyentes en el espacio de la tecnolog\u00eda hotelera inteligente, principalmente a trav\u00e9s de sus dispositivos activados por voz y plataformas impulsadas por inteligencia artificial.<\/li>\n\n\n\n<li><strong>Proveedores de soluciones de IoT:<\/strong> Empresas como Control4 y Honeywell est\u00e1n a la vanguardia en el suministro de soluciones de Internet de las cosas (IoT) para hoteles. Estos incluyen termostatos inteligentes, controles de iluminaci\u00f3n y sistemas de gesti\u00f3n de energ\u00eda que mejoran la eficiencia operativa y la comodidad de los hu\u00e9spedes.<\/li>\n\n\n\n<li><strong>Especialistas en seguridad y privacidad de datos:<\/strong> A medida que los hoteles recopilan y gestionan cantidades cada vez mayores de datos de los hu\u00e9spedes, las empresas especializadas en seguridad y privacidad de los datos se vuelven cruciales. Empresas como Symantec y McAfee ofrecen soluciones para proteger a los hoteles de filtraciones de datos y amenazas cibern\u00e9ticas.<\/li>\n\n\n\n<li><strong>Innovadores de sostenibilidad:<\/strong> Tambi\u00e9n hay actores centrados en la sostenibilidad, que ofrecen soluciones tecnol\u00f3gicas respetuosas con el medio ambiente. Empresas como Siemens y Schneider Electric ofrecen sistemas inteligentes de gesti\u00f3n de energ\u00eda que ayudan a los hoteles a reducir su huella medioambiental.<\/li>\n<\/ul>\n\n\n\n<h2 class=\"wp-block-heading\">Tendencias actuales en consultor\u00eda de tecnolog\u00eda hotelera inteligente<\/h2>\n\n\n\n<p>El panorama de la tecnolog\u00eda hotelera inteligente evoluciona continuamente y surgen nuevas tendencias a medida que los hoteles buscan mejorar las experiencias de los hu\u00e9spedes y optimizar las operaciones. Mantenerse al tanto de estas tendencias es esencial para que los hoteles sigan siendo competitivos y relevantes en la industria hotelera.<\/p>\n\n\n\n<ul class=\"wp-block-list\">\n<li><strong>Personalizaci\u00f3n a trav\u00e9s de IA:<\/strong> One of the most significant trends is the use of Artificial Intelligence (AI) to personalize guest experiences. <\/li>\n\n\n\n<li><strong>Integraci\u00f3n m\u00f3vil:<\/strong> La integraci\u00f3n de la tecnolog\u00eda m\u00f3vil en las operaciones hoteleras sigue siendo una tendencia importante. El check-in y check-out m\u00f3vil, las llaves digitales de la habitaci\u00f3n y la capacidad de controlar las funciones de la habitaci\u00f3n a trav\u00e9s de una aplicaci\u00f3n de tel\u00e9fono inteligente se est\u00e1n convirtiendo en expectativas est\u00e1ndar para los viajeros expertos en tecnolog\u00eda.<\/li>\n\n\n\n<li><strong>Internet de las cosas (IoT) para la eficiencia operativa:<\/strong> El IoT se utiliza cada vez m\u00e1s para mejorar la eficiencia operativa en los hoteles. Los sensores inteligentes para la gesti\u00f3n de la energ\u00eda, el mantenimiento predictivo utilizando datos de IoT y la gesti\u00f3n automatizada de inventario son ejemplos de c\u00f3mo IoT est\u00e1 transformando las operaciones hoteleras.<\/li>\n\n\n\n<li><strong>Conectividad mejorada:<\/strong> Internet de alta velocidad y redes Wi-Fi s\u00f3lidas son cada vez m\u00e1s importantes que nunca. Los hoteles est\u00e1n invirtiendo en infraestructura para garantizar una conectividad perfecta, que es esencial para los servicios de streaming, el trabajo remoto y el funcionamiento de dispositivos inteligentes.<\/li>\n<\/ul>\n\n\n\n<h2 class=\"wp-block-heading\">Oportunidades en consultor\u00eda de tecnolog\u00eda hotelera inteligente para empresas<\/h2>\n\n\n\n<ul class=\"wp-block-list\">\n<li><strong>Agilizaci\u00f3n de operaciones:<\/strong> La consultor\u00eda de tecnolog\u00eda inteligente puede ayudar a los hoteles a optimizar sus operaciones, haci\u00e9ndolas m\u00e1s eficientes y rentables. Los sistemas automatizados para check-in\/check-out, servicio de habitaciones y programaci\u00f3n de limpieza pueden reducir los costos operativos y mejorar la productividad del personal.<\/li>\n\n\n\n<li><strong>Toma de decisiones basada en datos:<\/strong> La implementaci\u00f3n de tecnolog\u00edas inteligentes permite a los hoteles recopilar y analizar grandes cantidades de datos. Estos datos se pueden utilizar para tomar decisiones informadas sobre estrategias de marketing, mejoras operativas y servicios para hu\u00e9spedes, lo que conducir\u00e1 a mejores resultados comerciales.<\/li>\n\n\n\n<li><strong>Mejora de la eficiencia energ\u00e9tica y la sostenibilidad:<\/strong> La tecnolog\u00eda hotelera inteligente puede mejorar significativamente la eficiencia energ\u00e9tica, lo que genera ahorros de costos y una reducci\u00f3n de la huella ambiental. Los sistemas inteligentes de iluminaci\u00f3n, calefacci\u00f3n y refrigeraci\u00f3n pueden ajustarse autom\u00e1ticamente seg\u00fan la ocupaci\u00f3n y las preferencias, lo que reduce el desperdicio de energ\u00eda.<\/li>\n<\/ul>","protected":false},"excerpt":{"rendered":"<p>La consultor\u00eda de tecnolog\u00eda hotelera inteligente combina los matices de la gesti\u00f3n hotelera con los \u00faltimos avances tecnol\u00f3gicos. <\/p>","protected":false},"author":1,"featured_media":64962,"parent":44644,"menu_order":18,"comment_status":"closed","ping_status":"closed","template":"","meta":{"_uag_custom_page_level_css":"","footnotes":""},"class_list":["post-45858","page","type-page","status-publish","has-post-thumbnail"],"uagb_featured_image_src":{"full":["https:\/\/www.sisinternational.com\/wp-content\/uploads\/2025\/08\/Smart-home-5.jpg",1456,816,false],"thumbnail":["https:\/\/www.sisinternational.com\/wp-content\/uploads\/2025\/08\/Smart-home-5-150x150.jpg",150,150,true],"medium":["https:\/\/www.sisinternational.com\/wp-content\/uploads\/2025\/08\/Smart-home-5-300x168.jpg",300,168,true],"medium_large":["https:\/\/www.sisinternational.com\/wp-content\/uploads\/2025\/08\/Smart-home-5-768x430.jpg",768,430,true],"large":["https:\/\/www.sisinternational.com\/wp-content\/uploads\/2025\/08\/Smart-home-5-1024x574.jpg",1024,574,true],"1536x1536":["https:\/\/www.sisinternational.com\/wp-content\/uploads\/2025\/08\/Smart-home-5.jpg",1456,816,false],"2048x2048":["https:\/\/www.sisinternational.com\/wp-content\/uploads\/2025\/08\/Smart-home-5.jpg",1456,816,false],"trp-custom-language-flag":["https:\/\/www.sisinternational.com\/wp-content\/uploads\/2025\/08\/Smart-home-5-18x10.jpg",18,10,true]},"uagb_author_info":{"display_name":"Ruth Stanat","author_link":"https:\/\/www.sisinternational.com\/es\/author\/expert\/"},"uagb_comment_info":0,"uagb_excerpt":"Smart hotel technology consulting combines the nuances of hospitality management with the latest technological advancements.","_links":{"self":[{"href":"https:\/\/www.sisinternational.com\/es\/wp-json\/wp\/v2\/pages\/45858","targetHints":{"allow":["GET"]}}],"collection":[{"href":"https:\/\/www.sisinternational.com\/es\/wp-json\/wp\/v2\/pages"}],"about":[{"href":"https:\/\/www.sisinternational.com\/es\/wp-json\/wp\/v2\/types\/page"}],"author":[{"embeddable":true,"href":"https:\/\/www.sisinternational.com\/es\/wp-json\/wp\/v2\/users\/1"}],"replies":[{"embeddable":true,"href":"https:\/\/www.sisinternational.com\/es\/wp-json\/wp\/v2\/comments?post=45858"}],"version-history":[{"count":9,"href":"https:\/\/www.sisinternational.com\/es\/wp-json\/wp\/v2\/pages\/45858\/revisions"}],"predecessor-version":[{"id":82114,"href":"https:\/\/www.sisinternational.com\/es\/wp-json\/wp\/v2\/pages\/45858\/revisions\/82114"}],"up":[{"embeddable":true,"href":"https:\/\/www.sisinternational.com\/es\/wp-json\/wp\/v2\/pages\/44644"}],"wp:featuredmedia":[{"embeddable":true,"href":"https:\/\/www.sisinternational.com\/es\/wp-json\/wp\/v2\/media\/64962"}],"wp:attachment":[{"href":"https:\/\/www.sisinternational.com\/es\/wp-json\/wp\/v2\/media?parent=45858"}],"curies":[{"name":"wp","href":"https:\/\/api.w.org\/{rel}","templated":true}]}}