{"id":45850,"date":"2024-02-02T18:38:13","date_gmt":"2024-02-02T23:38:13","guid":{"rendered":"https:\/\/www.sisinternational.com\/?page_id=45850"},"modified":"2026-01-30T23:37:11","modified_gmt":"2026-01-31T04:37:11","slug":"consultoria-de-cambio-de-marca-de-hotel-de-negocios","status":"publish","type":"page","link":"https:\/\/www.sisinternational.com\/es\/soluciones\/consultoria-de-hosteleria-y-turismo-en-viajes\/consultoria-de-cambio-de-marca-de-hotel-de-negocios\/","title":{"rendered":"Consultor\u00eda de cambio de marca de hotel empresarial"},"content":{"rendered":"<h1 class=\"wp-block-heading\">Consultor\u00eda de cambio de marca de hotel empresarial<\/h1>\n\n\n\n<figure class=\"gb-block-image gb-block-image-7456565a\"><img loading=\"lazy\" decoding=\"async\" width=\"1456\" height=\"816\" class=\"gb-image gb-image-7456565a\" src=\"https:\/\/www.sisinternational.com\/wp-content\/uploads\/2025\/10\/Management-Consulting-Automation-2.jpg\" alt=\"Investigaci\u00f3n y estrategia de mercado internacional de SIS\" title=\"Management Consulting Automation (2)\" srcset=\"https:\/\/www.sisinternational.com\/wp-content\/uploads\/2025\/10\/Management-Consulting-Automation-2.jpg 1456w, https:\/\/www.sisinternational.com\/wp-content\/uploads\/2025\/10\/Management-Consulting-Automation-2-300x168.jpg 300w, https:\/\/www.sisinternational.com\/wp-content\/uploads\/2025\/10\/Management-Consulting-Automation-2-1024x574.jpg 1024w, https:\/\/www.sisinternational.com\/wp-content\/uploads\/2025\/10\/Management-Consulting-Automation-2-768x430.jpg 768w, https:\/\/www.sisinternational.com\/wp-content\/uploads\/2025\/10\/Management-Consulting-Automation-2-18x10.jpg 18w\" sizes=\"auto, (max-width: 1456px) 100vw, 1456px\"><\/figure>\n\n\n\n<p><\/p>\n\n\n\n<hr class=\"wp-block-separator has-alpha-channel-opacity is-style-dots\"\/>\n\n\n\n<p>La consultor\u00eda para el cambio de marca de hoteles de negocios consiste en comprender que en el competitivo \u00e1mbito de los viajes de negocios, cada detalle cuenta, desde la eficiencia de los servicios de check-in hasta la perfecta instalaci\u00f3n de las instalaciones para conferencias. Ayuda a las empresas a elaborar una narrativa que hable de comodidad, conveniencia, innovaci\u00f3n, conectividad y profesionalismo incomparable.<\/p>\n\n\n\n<h2 class=\"wp-block-heading\">\u00bfQu\u00e9 es la consultor\u00eda de cambio de marca de hoteles empresariales?<\/h2>\n\n\n\n<p>Business <a title=\"Consultor\u00eda de cambio de marca de hotel que admite mascotas\" href=\"https:\/\/www.sisinternational.com\/es\/soluciones\/consultoria-de-hosteleria-y-turismo-en-viajes\/consultoria-de-cambio-de-marca-para-hoteles-que-admiten-mascotas\/\" data-wpil-monitor-id=\"2823\">hotel rebranding consulting<\/a> involves a comprehensive analysis of the hotel&#8217;s current market position, brand perception, and operational efficiencies to understand the hotel&#8217;s strengths, weaknesses, opportunities, and threats in the context of the current business travel market.<\/p>\n\n\n\n<p>Moreover, this form of <a title=\"Consultor\u00eda Hotel del Futuro\" href=\"https:\/\/www.sisinternational.com\/es\/soluciones\/consultoria-de-hosteleria-y-turismo-en-viajes\/consultoria-hotel-del-futuro\/\" data-wpil-monitor-id=\"7389\">consultante<\/a> is highly focused on aligning the hotel&#8217;s services and amenities with the specific needs of business travelers. From the design of meeting rooms and the speed of internet services to the efficiency of check-in and check-out processes, every aspect is scrutinized and optimized to ensure that the hotel caters effectively to its target clientele.<\/p>\n\n\n\n<h2 class=\"wp-block-heading\">\u00bfPor qu\u00e9 es importante hoy en d\u00eda la consultor\u00eda de cambio de marca de hoteles empresariales?<\/h2>\n\n\n\n<p>Business <a title=\"Consultor\u00eda de cambio de marca de hotel econ\u00f3mico\" href=\"https:\/\/www.sisinternational.com\/es\/soluciones\/consultoria-de-hosteleria-y-turismo-en-viajes\/consultoria-de-cambio-de-marca-de-hotel-economico\/\" data-wpil-monitor-id=\"2882\">hotel rebranding consulting<\/a> ensures that hotels accurately understand and meet the expectations of their clientele, helping hotels to identify these needs and reshape their offerings accordingly.<\/p>\n\n\n\n<p>Moreover, in an era where brand perception can significantly influence decision-making, rebranding consulting is essential for crafting a compelling brand narrative. It creates a brand identity that resonates with values such as professionalism, innovation, and excellence. This <a title=\"Cambio de marca del hotel boutique\" href=\"https:\/\/www.sisinternational.com\/es\/soluciones\/consultoria-de-hosteleria-y-turismo-en-viajes\/cambio-de-marca-de-hotel-boutique\/\" data-wpil-monitor-id=\"2901\">rebranding effort positions the hotel<\/a> not just as a lodging option but as a partner in the traveler&#8217;s business journey, enhancing brand loyalty and preference.<\/p>\n\n\n\n<h2 class=\"wp-block-heading\">Los principales beneficios de la consultor\u00eda de cambio de marca de hoteles empresariales<\/h2>\n\n\n\n<p>La consultor\u00eda de cambio de marca de hoteles de negocios ofrece innumerables beneficios en el competitivo mercado de viajes de negocios, y as\u00ed es como puede transformar y elevar la marca de un hotel:<\/p>\n\n\n\n<ul class=\"wp-block-list\">\n<li><strong>Ventaja competitiva en el mercado:<\/strong> In a fiercely competitive industry, business hotel <a title=\"C\u00f3mo hacer crecer su negocio\" data-wpil-monitor-id=\"1945\" href=\"https:\/\/www.sisinternational.com\/es\/como-hacer-crecer-tu-negocio\/\">rebranding consulting provides the insights and strategies<\/a> necessary to differentiate the hotel from its competitors. <\/li>\n\n\n\n<li><strong>Excelencia operativa:<\/strong> Esta consultor\u00eda profundiza en optimizar las eficiencias operativas, asegurando que cada aspecto de las operaciones del hotel est\u00e9 alineado con la nueva estrategia de marca.<\/li>\n\n\n\n<li><strong>Presencia digital s\u00f3lida:<\/strong> La consultor\u00eda de cambio de marca de hoteles comerciales garantiza que las estrategias digitales del hotel (desde su sitio web hasta los canales de redes sociales) sean atractivas, consistentes con la nueva identidad de marca y administradas de manera efectiva para mejorar la visibilidad y la interacci\u00f3n con los hu\u00e9spedes.<\/li>\n<\/ul>\n\n\n\n<h2 class=\"wp-block-heading\">\u00bfC\u00f3mo se lleva a cabo la consultor\u00eda de cambio de marca de hoteles empresariales?<\/h2>\n\n\n\n<p>The process begins with a thorough assessment phase, where the consulting team conducts an in-depth analysis of the hotel&#8217;s current brand position, market performance, guest feedback, and operational efficiencies. <\/p>\n\n\n\n<p>La siguiente fase es la planificaci\u00f3n estrat\u00e9gica. En esta etapa, el equipo de consultor\u00eda colabora con la direcci\u00f3n del hotel para definir la nueva visi\u00f3n, misi\u00f3n y valores de la marca. Se discuten y perfeccionan aspectos clave como el mercado objetivo del hotel, los puntos de diferenciaci\u00f3n de la marca y los est\u00e1ndares de servicio.<\/p>\n\n\n\n<p>Una vez definida la estrategia, el foco pasa a la implementaci\u00f3n. Esta etapa implica traducir la visi\u00f3n estrat\u00e9gica en acciones y cambios tangibles. Puede incluir redise\u00f1ar la identidad visual del hotel (como logotipos y materiales de marca), renovar las estrategias de marketing y comunicaci\u00f3n, mejorar los modelos de prestaci\u00f3n de servicios y potencialmente renovar los espacios f\u00edsicos. La fase de implementaci\u00f3n se caracteriza por una gesti\u00f3n detallada del proyecto, lo que garantiza que cada aspecto del cambio de marca se ejecute a tiempo, dentro del presupuesto y con el m\u00e1s alto nivel.<\/p>\n\n\n\n<h2 class=\"wp-block-heading\">Consultor\u00eda de cambio de marca de hoteles empresariales versus investigaci\u00f3n de mercado tradicional<\/h2>\n\n\n\n<p>El alcance de la consultor\u00eda de cambio de marca de hoteles de negocios es mucho m\u00e1s amplio que la investigaci\u00f3n de mercado tradicional. Si bien la investigaci\u00f3n de mercado normalmente se centra en recopilar datos sobre el mercado, los competidores y los consumidores, la consultor\u00eda de cambio de marca va un paso m\u00e1s all\u00e1. Implica la aplicaci\u00f3n estrat\u00e9gica de datos para impulsar cambios fundamentales en la identidad de marca del hotel, las experiencias de los hu\u00e9spedes y las estrategias operativas.<\/p>\n\n\n\n<p> The insights gained from market research are used as a foundation to develop and implement a comprehensive rebranding strategy, encompassing everything from visual identity and service offerings to marketing strategies and internal processes.<\/p>\n\n\n\n<p>Por \u00faltimo, la medida del \u00e9xito en la consultor\u00eda de cambio de marca de hoteles de negocios est\u00e1 directamente relacionada con el impacto de los esfuerzos de cambio de marca en el desempe\u00f1o del hotel. Mientras que la investigaci\u00f3n de mercado tradicional puede medir el \u00e9xito en t\u00e9rminos de la precisi\u00f3n y relevancia de los datos recopilados, la consultor\u00eda de cambio de marca mide el \u00e9xito bas\u00e1ndose en resultados tangibles, como una mayor satisfacci\u00f3n de los hu\u00e9spedes, una mayor lealtad a la marca y un mejor desempe\u00f1o financiero.<\/p>\n\n\n\n<h2 class=\"wp-block-heading\">Oportunidades en el cambio de marca de hoteles de negocios para empresas<\/h2>\n\n\n\n<p>La consultor\u00eda de cambio de marca de hoteles de negocios ofrece una multitud de oportunidades para que los hoteles revitalicen su marca, mejoren las experiencias de los hu\u00e9spedes y fortalezcan su posici\u00f3n en el competitivo mercado de viajes de negocios. As\u00ed es como la consultor\u00eda de cambio de marca de hoteles de negocios puede crear importantes oportunidades para las empresas:<\/p>\n\n\n\n<ul class=\"wp-block-list\">\n<li><strong>Dirigirse a nuevos segmentos comerciales:<\/strong> El cambio de marca abre puertas para dirigirse a nuevos segmentos de viajeros de negocios. A trav\u00e9s de un profundo conocimiento y alineaci\u00f3n con las necesidades espec\u00edficas de nichos como los emprendedores tecnol\u00f3gicos, los asistentes a conferencias internacionales o los organizadores de retiros corporativos, los hoteles pueden aprovechar nuevas fuentes de ingresos y ampliar su clientela.<\/li>\n\n\n\n<li><strong>Fortalecimiento de la lealtad a la marca:<\/strong> Un cambio de marca exitoso puede mejorar significativamente la percepci\u00f3n de la marca de un hotel entre sus hu\u00e9spedes. Al cumplir la nueva promesa de la marca y superar las expectativas de los hu\u00e9spedes, los hoteles pueden fomentar una mayor lealtad a la marca, convirtiendo a los hu\u00e9spedes satisfechos en defensores de la marca y clientes habituales.<\/li>\n\n\n\n<li><strong>Impulsando la innovaci\u00f3n en servicios y comodidades:<\/strong> Business hotel rebranding consulting encourages innovation in services and amenities tailored for business travelers. <\/li>\n<\/ul>","protected":false},"excerpt":{"rendered":"<p>La consultor\u00eda de cambio de marca de hoteles de negocios entiende que en los viajes de negocios, cada detalle cuenta, desde el check-in hasta las instalaciones para conferencias.<\/p>","protected":false},"author":1,"featured_media":71588,"parent":44644,"menu_order":16,"comment_status":"closed","ping_status":"closed","template":"","meta":{"footnotes":""},"class_list":["post-45850","page","type-page","status-publish","has-post-thumbnail"],"_links":{"self":[{"href":"https:\/\/www.sisinternational.com\/es\/wp-json\/wp\/v2\/pages\/45850","targetHints":{"allow":["GET"]}}],"collection":[{"href":"https:\/\/www.sisinternational.com\/es\/wp-json\/wp\/v2\/pages"}],"about":[{"href":"https:\/\/www.sisinternational.com\/es\/wp-json\/wp\/v2\/types\/page"}],"author":[{"embeddable":true,"href":"https:\/\/www.sisinternational.com\/es\/wp-json\/wp\/v2\/users\/1"}],"replies":[{"embeddable":true,"href":"https:\/\/www.sisinternational.com\/es\/wp-json\/wp\/v2\/comments?post=45850"}],"version-history":[{"count":12,"href":"https:\/\/www.sisinternational.com\/es\/wp-json\/wp\/v2\/pages\/45850\/revisions"}],"predecessor-version":[{"id":82072,"href":"https:\/\/www.sisinternational.com\/es\/wp-json\/wp\/v2\/pages\/45850\/revisions\/82072"}],"up":[{"embeddable":true,"href":"https:\/\/www.sisinternational.com\/es\/wp-json\/wp\/v2\/pages\/44644"}],"wp:featuredmedia":[{"embeddable":true,"href":"https:\/\/www.sisinternational.com\/es\/wp-json\/wp\/v2\/media\/71588"}],"wp:attachment":[{"href":"https:\/\/www.sisinternational.com\/es\/wp-json\/wp\/v2\/media?parent=45850"}],"curies":[{"name":"wp","href":"https:\/\/api.w.org\/{rel}","templated":true}]}}