{"id":45846,"date":"2024-02-02T18:25:12","date_gmt":"2024-02-02T23:25:12","guid":{"rendered":"https:\/\/www.sisinternational.com\/?page_id=45846"},"modified":"2026-01-31T18:14:45","modified_gmt":"2026-01-31T23:14:45","slug":"consultoria-de-cambio-de-marca-de-resort","status":"publish","type":"page","link":"https:\/\/www.sisinternational.com\/es\/soluciones\/consultoria-de-hosteleria-y-turismo-en-viajes\/consultoria-de-cambio-de-marca-de-resort\/","title":{"rendered":"Consultor\u00eda de cambio de marca de resort"},"content":{"rendered":"<h1 class=\"wp-block-heading\">Consultor\u00eda de cambio de marca de resort<\/h1>\n\n\n\n<figure class=\"gb-block-image gb-block-image-6fdd8c11\"><img loading=\"lazy\" decoding=\"async\" width=\"1456\" height=\"816\" class=\"gb-image gb-image-6fdd8c11\" src=\"https:\/\/www.sisinternational.com\/wp-content\/uploads\/2025\/08\/Hotel-furniture-3.jpg\" alt=\"Investigaci\u00f3n y estrategia de mercado internacional de SIS\" title=\"Hotel furniture (3)\" srcset=\"https:\/\/www.sisinternational.com\/wp-content\/uploads\/2025\/08\/Hotel-furniture-3.jpg 1456w, https:\/\/www.sisinternational.com\/wp-content\/uploads\/2025\/08\/Hotel-furniture-3-300x168.jpg 300w, https:\/\/www.sisinternational.com\/wp-content\/uploads\/2025\/08\/Hotel-furniture-3-1024x574.jpg 1024w, https:\/\/www.sisinternational.com\/wp-content\/uploads\/2025\/08\/Hotel-furniture-3-768x430.jpg 768w, https:\/\/www.sisinternational.com\/wp-content\/uploads\/2025\/08\/Hotel-furniture-3-18x10.jpg 18w\" sizes=\"auto, (max-width: 1456px) 100vw, 1456px\"><\/figure>\n\n\n\n<p><\/p>\n\n\n\n<hr class=\"wp-block-separator has-alpha-channel-opacity is-style-dots\"\/>\n\n\n\n<p>La consultor\u00eda de cambio de marca de resort es m\u00e1s que un servicio; es una asociaci\u00f3n para transformar un resort en un destino preferido. Se trata de comprender que en el \u00e1mbito de la hospitalidad, la magia reside en los detalles, y cada interacci\u00f3n y recuerdo es una parte integral del tapiz de la nueva historia de marca del resort.<\/p>\n\n\n\n<h2 class=\"wp-block-heading\">Comprensi\u00f3n de la consultor\u00eda de cambio de marca de complejos tur\u00edsticos<\/h2>\n\n\n\n<p><a title=\"Investigaci\u00f3n de mercado de cambio de marca\" href=\"https:\/\/www.sisinternational.com\/es\/soluciones\/soluciones-de-branding-e-investigacion-de-clientes\/investigacion-de-mercado-de-cambio-de-marca\/\" data-wpil-monitor-id=\"6695\">Resort rebranding consulting<\/a> aligns the resort&#8217;s essence with the evolving market trends, guest preferences, and competitive landscape through the analysis of the resort&#8217;s current market position, brand perception, and operational efficiencies. It&#8217;s about taking a step back to view the resort from a bird&#8217;s-eye perspective, understanding its strengths, weaknesses, and unique selling propositions.<\/p>\n\n\n\n<p>Adem\u00e1s, esta consultor\u00eda est\u00e1 muy enfocada a las experiencias de los hu\u00e9spedes. El objetivo final es transformar el resort de una manera que refleje una imagen de marca renovada y eleve la experiencia del hu\u00e9sped a nuevas alturas.<\/p>\n\n\n\n<h2 class=\"wp-block-heading\">\u00bfPor qu\u00e9 la consultor\u00eda sobre cambio de marca de complejos tur\u00edsticos es una herramienta fundamental hoy en d\u00eda?<\/h2>\n\n\n\n<p>La consultor\u00eda de cambio de marca del resort profundiza en la comprensi\u00f3n de la identidad y narrativa \u00fanicas del resort para crear una historia de marca convincente que resuene emocionalmente con los hu\u00e9spedes, haciendo de su estad\u00eda una experiencia inolvidable.<\/p>\n\n\n\n<p>Resort rebranding consulting also addresses the online presence by integrating digital strategies into the rebranding process. From a robust online presence to engaging <a title=\"Estrategias de redes sociales para peque\u00f1as empresas\" href=\"https:\/\/www.sisinternational.com\/es\/redes-sociales-en-pequenas-empresas\/\" data-wpil-monitor-id=\"8149\">social media strategies<\/a>, it ensures that the resort&#8217;s digital persona is a true reflection of its brand and an effective tool for engaging with guests.<\/p>\n\n\n\n<h2 class=\"wp-block-heading\">\u00bfC\u00f3mo se lleva a cabo la consultor\u00eda de cambio de marca de resorts?<\/h2>\n\n\n\n<p>Initially, the process begins with a thorough assessment of the resort&#8217;s current brand position, market performance, and operational efficiencies. This involves an in-depth <a title=\"An\u00e1lisis CHAID Investigaci\u00f3n de Mercado\" href=\"https:\/\/www.sisinternational.com\/es\/soluciones\/soluciones-de-investigacion-cualitativa-cuantitativa\/analisis-de-chaid-investigacion-de-mercado\/\" data-wpil-monitor-id=\"8154\">analysis of market<\/a> trends, competitive landscape, guest feedback, and internal processes. The aim is to build a comprehensive picture of where the resort stands and identify the areas where rebranding can make the most significant impact.<\/p>\n\n\n\n<p>La siguiente fase es la planificaci\u00f3n estrat\u00e9gica. En esta etapa, el equipo de consultor\u00eda colabora con el liderazgo del resort para definir la nueva visi\u00f3n, misi\u00f3n y valores de la marca. Esta fase implica elaborar la narrativa \u00fanica de la marca, alinearla con las expectativas del mercado objetivo y establecer objetivos claros y mensurables para la iniciativa de cambio de marca.<\/p>\n\n\n\n<p>Una vez que la estrategia est\u00e1 implementada, la atenci\u00f3n se centra en la implementaci\u00f3n. Esto implica traducir la visi\u00f3n estrat\u00e9gica en cambios tangibles. Puede incluir el redise\u00f1o de la identidad visual del resort, la renovaci\u00f3n de los materiales de marketing, la mejora de los modelos de prestaci\u00f3n de servicios e incluso la renovaci\u00f3n de los espacios f\u00edsicos.<\/p>\n\n\n\n<p>Por \u00faltimo, el \u00e9xito del proceso de consultor\u00eda de cambio de marca del resort se monitorea y eval\u00faa continuamente en funci\u00f3n de los objetivos predefinidos. Esto implica realizar un seguimiento de los indicadores clave de rendimiento, recopilar comentarios de los hu\u00e9spedes y realizar los ajustes necesarios. El objetivo es garantizar que el cambio de marca no s\u00f3lo cumpla sino que supere sus objetivos, allanando el camino para el \u00e9xito y la sostenibilidad a largo plazo.<\/p>\n\n\n\n<h2 class=\"wp-block-heading\"><a title=\"Factores clave de \u00e9xito en la investigaci\u00f3n de mercado automotriz\" href=\"https:\/\/www.sisinternational.com\/es\/factores-clave-de-exito-en-la-investigacion-del-mercado-automotriz\/\" data-wpil-monitor-id=\"8150\">Factores claves del \u00e9xito<\/a><\/h2>\n\n\n\n<p>Para que la consultor\u00eda de cambio de marca de resort transforme efectivamente la identidad de marca de un resort y su posici\u00f3n en el mercado, los resorts deben cumplir con ciertos criterios para garantizar que la nueva marca del resort resuene entre los hu\u00e9spedes y se destaque en el panorama hotelero competitivo.<\/p>\n\n\n\n<ul class=\"wp-block-list\">\n<li><strong>Claridad y alineaci\u00f3n estrat\u00e9gica:<\/strong> The foundation of a successful rebranding initiative is a clear, well-defined strategy that aligns with the resort&#8217;s long-term vision and goals. <\/li>\n\n\n\n<li><strong>Enfoque centrado en el hu\u00e9sped:<\/strong> El n\u00facleo de la consultor\u00eda para el cambio de marca de un resort es la experiencia del hu\u00e9sped. Comprender y anticipar las necesidades, preferencias y comportamientos de los hu\u00e9spedes es fundamental. El cambio de marca debe girar en torno a mejorar la experiencia del hu\u00e9sped en cada punto de contacto, haci\u00e9ndola m\u00e1s personalizada, memorable y alineada con la promesa de la marca.<\/li>\n\n\n\n<li><strong>Comunicaci\u00f3n y participaci\u00f3n efectiva de las partes interesadas:<\/strong> Un cambio de marca exitoso requiere la aceptaci\u00f3n y el apoyo de todas las partes interesadas, incluidos la gerencia, el personal, los invitados y los socios. Una comunicaci\u00f3n transparente, involucrar a las partes interesadas en el proceso de cambio de marca y abordar las inquietudes de manera proactiva son vitales para una transici\u00f3n sin problemas y una aceptaci\u00f3n generalizada de la nueva marca.<\/li>\n\n\n\n<li><strong>Coherencia en todos los canales:<\/strong> La coherencia a la hora de transmitir el mensaje de la marca en todos los canales (desde el marketing digital hasta las interacciones in situ) es esencial. Cada aspecto del resort, incluidos los materiales de marketing, los servicios para hu\u00e9spedes y la presencia digital, debe reflejar los objetivos del cambio de marca, brindando una experiencia de marca coherente e inmersiva.<\/li>\n\n\n\n<li><strong>Monitoreo y Adaptaci\u00f3n Continua:<\/strong> Rebranding is not a one-time event but an ongoing process of evolution. Continuous <a title=\"Principal empresa de monitoreo de tendencias del mercado B2B\" data-wpil-monitor-id=\"8152\" href=\"https:\/\/www.sisinternational.com\/es\/la-principal-empresa-de-seguimiento-de-tendencias-del-mercado-b2b\/\">monitoring of market trends<\/a>, guest feedback, and performance metrics is crucial. The resort must be prepared to adapt and refine its <a title=\"Investigaci\u00f3n de Mercado de Dise\u00f1o Organizacional\" data-wpil-monitor-id=\"8148\" href=\"https:\/\/www.sisinternational.com\/es\/el-papel-del-desarrollo-de-procesos-y-sistemas-en-el-exito-organizacional\/\">strategies<\/a> in response to new insights and changing market dynamics, ensuring the brand remains relevant and competitive.<\/li>\n<\/ul>\n\n\n\n<h2 class=\"wp-block-heading\">Tendencias actuales en consultor\u00eda de cambio de marca de complejos tur\u00edsticos<\/h2>\n\n\n\n<p>Resort rebranding consulting is an ever-evolving field, shaped by emerging trends in consumer behavior, technological advancements, and <a title=\"Global Beverage Market: Market Dynamics, Growth Projections &amp; Consumer Insights\" href=\"https:\/\/www.sisinternational.com\/es\/global-beverage-market\/\" data-wpil-monitor-id=\"8151\">global market dynamics<\/a> \u2013 and here are some of the current trends that are defining the landscape of resort rebranding consulting:<\/p>\n\n\n\n<ul class=\"wp-block-list\">\n<li><strong>Sostenibilidad y marca ecol\u00f3gica:<\/strong> Los complejos tur\u00edsticos est\u00e1n integrando cada vez m\u00e1s pr\u00e1cticas ecol\u00f3gicas y principios de sostenibilidad en sus estrategias de cambio de marca. Esta tendencia consiste en crear una narrativa de marca que resuene con el creciente grupo demogr\u00e1fico de viajeros con conciencia ecol\u00f3gica, diferenciando al resort como una opci\u00f3n \u00e9tica y responsable.<\/li>\n\n\n\n<li><strong>Branding experiencial e inmersivo:<\/strong> Los viajeros de hoy buscan experiencias \u00fanicas y aut\u00e9nticas. La consultor\u00eda de cambio de marca de complejos tur\u00edsticos se centra en la creaci\u00f3n de conceptos de marca inmersivos y experienciales que van m\u00e1s all\u00e1 de la hospitalidad tradicional. Esto podr\u00eda implicar integrar la cultura local, ofrecer experiencias personalizadas o crear entornos inmersivos que permitan a los hu\u00e9spedes involucrarse plenamente con la historia de la marca del resort.<\/li>\n\n\n\n<li><strong>Personalizaci\u00f3n y Personalizaci\u00f3n:<\/strong> Los viajeros modernos valoran las experiencias que se adaptan a sus preferencias y expectativas. Los complejos tur\u00edsticos est\u00e1n aprovechando el an\u00e1lisis de datos y la informaci\u00f3n de los hu\u00e9spedes para adaptar sus servicios, marketing e interacciones con los hu\u00e9spedes, garantizando una experiencia personalizada y muy atractiva para los hu\u00e9spedes.<\/li>\n<\/ul>","protected":false},"excerpt":{"rendered":"<p>La consultor\u00eda de cambio de marca del resort alinea la esencia del resort con las tendencias cambiantes del mercado, las preferencias de los hu\u00e9spedes y el panorama competitivo.<\/p>","protected":false},"author":1,"featured_media":63576,"parent":44644,"menu_order":15,"comment_status":"closed","ping_status":"closed","template":"","meta":{"footnotes":""},"class_list":["post-45846","page","type-page","status-publish","has-post-thumbnail"],"_links":{"self":[{"href":"https:\/\/www.sisinternational.com\/es\/wp-json\/wp\/v2\/pages\/45846","targetHints":{"allow":["GET"]}}],"collection":[{"href":"https:\/\/www.sisinternational.com\/es\/wp-json\/wp\/v2\/pages"}],"about":[{"href":"https:\/\/www.sisinternational.com\/es\/wp-json\/wp\/v2\/types\/page"}],"author":[{"embeddable":true,"href":"https:\/\/www.sisinternational.com\/es\/wp-json\/wp\/v2\/users\/1"}],"replies":[{"embeddable":true,"href":"https:\/\/www.sisinternational.com\/es\/wp-json\/wp\/v2\/comments?post=45846"}],"version-history":[{"count":9,"href":"https:\/\/www.sisinternational.com\/es\/wp-json\/wp\/v2\/pages\/45846\/revisions"}],"predecessor-version":[{"id":82116,"href":"https:\/\/www.sisinternational.com\/es\/wp-json\/wp\/v2\/pages\/45846\/revisions\/82116"}],"up":[{"embeddable":true,"href":"https:\/\/www.sisinternational.com\/es\/wp-json\/wp\/v2\/pages\/44644"}],"wp:featuredmedia":[{"embeddable":true,"href":"https:\/\/www.sisinternational.com\/es\/wp-json\/wp\/v2\/media\/63576"}],"wp:attachment":[{"href":"https:\/\/www.sisinternational.com\/es\/wp-json\/wp\/v2\/media?parent=45846"}],"curies":[{"name":"wp","href":"https:\/\/api.w.org\/{rel}","templated":true}]}}