{"id":45829,"date":"2024-02-01T16:12:03","date_gmt":"2024-02-01T21:12:03","guid":{"rendered":"https:\/\/www.sisinternational.com\/?page_id=45829"},"modified":"2026-01-25T18:25:04","modified_gmt":"2026-01-25T23:25:04","slug":"gestion-de-capital-humano-servicios-financieros-investigacion-de-mercado-consultoria","status":"publish","type":"page","link":"https:\/\/www.sisinternational.com\/es\/soluciones\/investigacion-de-consultoria-estrategica-fintech\/gestion-de-capital-humano-servicios-financieros-investigacion-de-mercado-consultoria\/","title":{"rendered":"Human Capital Management Financial Services Market Research and Consulting"},"content":{"rendered":"<h1 class=\"gb-headline gb-headline-826a0535 gb-headline-text\">Human Capital Management Financial Services Market Research and Consulting<\/h1>\n\n\n\n<figure class=\"gb-block-image gb-block-image-77cbac58\"><img loading=\"lazy\" decoding=\"async\" width=\"1456\" height=\"816\" class=\"gb-image gb-image-77cbac58\" src=\"https:\/\/www.sisinternational.com\/wp-content\/uploads\/2025\/10\/Financial-Service-Change-Management-1.jpg\" alt=\"Investigaci\u00f3n y estrategia de mercado internacional de SIS\" title=\"Financial Service Change Management (1)\" srcset=\"https:\/\/www.sisinternational.com\/wp-content\/uploads\/2025\/10\/Financial-Service-Change-Management-1.jpg 1456w, https:\/\/www.sisinternational.com\/wp-content\/uploads\/2025\/10\/Financial-Service-Change-Management-1-300x168.jpg 300w, https:\/\/www.sisinternational.com\/wp-content\/uploads\/2025\/10\/Financial-Service-Change-Management-1-1024x574.jpg 1024w, https:\/\/www.sisinternational.com\/wp-content\/uploads\/2025\/10\/Financial-Service-Change-Management-1-768x430.jpg 768w, https:\/\/www.sisinternational.com\/wp-content\/uploads\/2025\/10\/Financial-Service-Change-Management-1-18x10.jpg 18w\" sizes=\"auto, (max-width: 1456px) 100vw, 1456px\"><\/figure>\n\n\n\n<p><\/p>\n\n\n\n<hr class=\"wp-block-separator has-alpha-channel-opacity\"\/>\n\n\n\n<p>Human capital management, financial services market research, and consulting offer insights and strategies that transform operational frameworks and the very core of organizational culture. These services help organizations navigate current challenges and spearhead future innovations.<\/p>\n\n\n\n<h2 class=\"wp-block-heading\">\u00bfQu\u00e9 es la investigaci\u00f3n y consultor\u00eda de mercado de servicios financieros de gesti\u00f3n del capital humano?<\/h2>\n\n\n\n<p>HCM financial services market research and consulting focus on analyzing and optimizing human resource management within the financial services sector. This field combines elements of human resource management, organizational strategy, and financial expertise to enhance financial institutions&#8217; efficiency, productivity, and overall performance.<\/p>\n\n\n\n<p>It involves thoroughly analyzing workforce dynamics within financial institutions such as assessing skills, competencies, employee engagement, leadership effectiveness, and talent acquisition strategies. The goal is to understand how human capital contributes to the organization&#8217;s overall performance and identify improvement areas.<\/p>\n\n\n\n<h2 class=\"wp-block-heading\">\u00bfPor qu\u00e9 es importante hoy en d\u00eda la investigaci\u00f3n y la consultor\u00eda de mercado de servicios financieros de gesti\u00f3n del capital humano?<\/h2>\n\n\n\n<p>Human capital management <a class=\"wpil_keyword_link\" href=\"https:\/\/www.sisinternational.com\/es\/soluciones\/investigacion-de-consultoria-estrategica-fintech\/investigacion-de-mercado-de-servicios-financieros\/\"   title=\"Investigaci\u00f3n de mercado de servicios financieros\" data-wpil-keyword-link=\"linked\"  data-wpil-monitor-id=\"292\">investigaci\u00f3n de mercado de servicios financieros<\/a> and consulting help financial institutions optimize their workforce strategies, leading to increased productivity, efficiency, and profitability. This market research also assists institutions in adapting their workforce to these changes, ensuring they remain agile and competitive.<\/p>\n\n\n\n<p>Additionally, HCM consulting provides insights and strategies for building a strong talent pipeline and reducing turnover, which is crucial for maintaining a competitive edge. Human capital <a href=\"https:\/\/www.sisinternational.com\/es\/financial-services-consulting\/ultra-high-net-worth-wealth-management-services\/\" title=\"Ultra High Net Worth Wealth Management Services\"  data-wpil-monitor-id=\"1038\">management financial services<\/a> market research and consulting help shape a culture that aligns with the institution&#8217;s goals and values, fostering a more engaged and committed workforce.<\/p>\n\n\n\n<p>In any case, the benefits of human capital management financial services <a href=\"https:\/\/www.sisinternational.com\/es\/estrategia-de-marketing-en-servicios-educativos\/\" title=\"Estrategia de marketing en servicios educativos\"  data-wpil-monitor-id=\"2100\">market research and consulting<\/a> are extensive and impactful for financial institutions looking to optimize their human resource strategies \u2013 and here are the key benefits that these services provide:<\/p>\n\n\n\n<ul class=\"wp-block-list\">\n<li><strong>Planificaci\u00f3n estrat\u00e9gica de la fuerza laboral:<\/strong> La consultor\u00eda HCM ayuda en la planificaci\u00f3n estrat\u00e9gica de la fuerza laboral, ayudando a las instituciones financieras a pronosticar las necesidades futuras de talento, administrar los costos de la fuerza laboral y alinear las estrategias de recursos humanos con los objetivos comerciales.<\/li>\n\n\n\n<li><strong>Mejora del compromiso y la productividad de los empleados:<\/strong> Through effective human capital management financial <a href=\"https:\/\/www.sisinternational.com\/es\/servicios-de-investigacion-de-segmentacion-de-mercado\/\" title=\"Servicios de investigaci\u00f3n de segmentaci\u00f3n de mercado\"  data-wpil-monitor-id=\"2518\">services market research<\/a> and consulting, businesses can significantly enhance employee engagement, boosting productivity and overall job satisfaction. Engaged employees are more likely to contribute positively to the organization&#8217;s goals.<\/li>\n\n\n\n<li><strong>Gesti\u00f3n eficaz del talento:<\/strong> HCM consulting provides insights into effective talent acquisition, development, and retention strategies. This ensures financial institutions have the right talent to drive growth and adapt to changing market conditions.<\/li>\n\n\n\n<li><strong>Cultura organizacional mejorada:<\/strong> Human capital management <a href=\"https:\/\/www.sisinternational.com\/es\/financial-services-consulting\/\" title=\"Financial Services Consulting\"  data-wpil-monitor-id=\"2981\">financial services market research and consulting<\/a> helps in building a strong organizational culture that supports innovation, collaboration, and resilience. A positive culture is essential for attracting and retaining top talent.<\/li>\n\n\n\n<li><strong>Cumplimiento y mitigaci\u00f3n de riesgos:<\/strong> La consultor\u00eda HCM garantiza que las pr\u00e1cticas de recursos humanos cumplan con los requisitos reglamentarios, reduciendo el riesgo de problemas legales y mejorando la reputaci\u00f3n de la organizaci\u00f3n.<\/li>\n<\/ul>\n\n\n\n<h2 class=\"wp-block-heading\">Espere resultados de la investigaci\u00f3n y consultor\u00eda de mercado de servicios financieros de gesti\u00f3n del capital humano<\/h2>\n\n\n\n<figure class=\"gb-block-image gb-block-image-d1afc1f0\"><img loading=\"lazy\" decoding=\"async\" width=\"1456\" height=\"816\" class=\"gb-image gb-image-d1afc1f0\" src=\"https:\/\/www.sisinternational.com\/wp-content\/uploads\/2025\/10\/Financial-Service-Change-Management-3.jpg\" alt=\"Investigaci\u00f3n y estrategia de mercado internacional de SIS\" title=\"Financial Service Change Management (3)\" srcset=\"https:\/\/www.sisinternational.com\/wp-content\/uploads\/2025\/10\/Financial-Service-Change-Management-3.jpg 1456w, https:\/\/www.sisinternational.com\/wp-content\/uploads\/2025\/10\/Financial-Service-Change-Management-3-300x168.jpg 300w, https:\/\/www.sisinternational.com\/wp-content\/uploads\/2025\/10\/Financial-Service-Change-Management-3-1024x574.jpg 1024w, https:\/\/www.sisinternational.com\/wp-content\/uploads\/2025\/10\/Financial-Service-Change-Management-3-768x430.jpg 768w, https:\/\/www.sisinternational.com\/wp-content\/uploads\/2025\/10\/Financial-Service-Change-Management-3-18x10.jpg 18w\" sizes=\"auto, (max-width: 1456px) 100vw, 1456px\"><\/figure>\n\n\n\n<p><\/p>\n\n\n\n<p>When financial institutions engage in human capital <a href=\"https:\/\/www.sisinternational.com\/es\/soluciones\/consultoria-de-hosteleria-y-turismo-en-viajes\/consultoria-de-gestion-de-destinos\/\" title=\"Consultor\u00eda de gesti\u00f3n de destinos\"  data-wpil-monitor-id=\"3017\">management financial services market research and consulting<\/a>, they can anticipate a comprehensive approach to enhancing their workforce strategies. Here\u2019s what to expect from these services:<\/p>\n\n\n\n<ul class=\"wp-block-list\">\n<li><strong>Planes Estrat\u00e9gicos de Gesti\u00f3n del Talento:<\/strong> Consultants provide strategic talent management plans that focus on attracting, retaining, and developing top talent. These plans are aligned with the financial institution&#8217;s business goals and specific needs.<\/li>\n\n\n\n<li><strong>Estrategias de desarrollo organizacional:<\/strong> Las empresas pueden esperar conocimientos y estrategias para el desarrollo organizacional, incluidas recomendaciones de reestructuraci\u00f3n, iniciativas de cambio cultural y formas de mejorar la comunicaci\u00f3n y la colaboraci\u00f3n internas.<\/li>\n\n\n\n<li><strong>Programas de capacitaci\u00f3n y desarrollo de liderazgo:<\/strong> Los consultores de HCM dise\u00f1an e implementan programas de desarrollo de liderazgo para cultivar una s\u00f3lida cartera de futuros l\u00edderes y mejorar las habilidades de los l\u00edderes actuales.<\/li>\n\n\n\n<li><strong>Sistemas de gesti\u00f3n del desempe\u00f1o:<\/strong> Consultants assist in developing or refining performance management systems, ensuring they effectively evaluate employee contributions and drive business results.<\/li>\n\n\n\n<li><a href=\"https:\/\/www.sisinternational.com\/es\/telefono-inteligente\/\" title=\"Investigaci\u00f3n de mercado de tel\u00e9fonos inteligentes\"  data-wpil-monitor-id=\"2884\">Innovative HR Technology Solutions: Human capital management<\/a> financial services market research and consulting provide recommendations on implementing or upgrading HR technology solutions, such as human resource management systems (HRMS), to streamline HR processes and improve data management.<\/li>\n<\/ul>\n\n\n\n<h2 class=\"wp-block-heading\">Tendencias actuales en la investigaci\u00f3n y consultor\u00eda de mercado de servicios financieros de gesti\u00f3n del capital humano<\/h2>\n\n\n\n<p>Here are some of the prevailing trends in HCM financial <a href=\"https:\/\/www.sisinternational.com\/es\/soluciones\/soluciones-de-investigacion-cualitativa-cuantitativa\/investigacion-de-mercado-de-servicios-de-campo\/\" title=\"Investigaci\u00f3n de mercado de servicios de campo\"  data-wpil-monitor-id=\"4514\">services market research<\/a> and consulting:<\/p>\n\n\n\n<ul class=\"wp-block-list\">\n<li><strong>Iniciativas de bienestar y salud mental:<\/strong> Al reconocer la importancia del bienestar de los empleados, existe una tendencia creciente hacia la integraci\u00f3n de programas de bienestar y salud mental en las estrategias de HCM. Este enfoque tiene como objetivo mejorar la satisfacci\u00f3n y la productividad de los empleados.<\/li>\n\n\n\n<li><strong>Enfoque de diversidad, equidad e inclusi\u00f3n (DEI):<\/strong> Las iniciativas DEI se est\u00e1n convirtiendo en un componente cr\u00edtico de HCM. Las empresas de servicios financieros se est\u00e1n centrando en crear lugares de trabajo m\u00e1s inclusivos y diversos, reconociendo el valor de las perspectivas y experiencias variadas.<\/li>\n\n\n\n<li><strong>Enfoque mejorado en el desarrollo del liderazgo:<\/strong> Hay un mayor \u00e9nfasis en el desarrollo de l\u00edderes eficaces que puedan afrontar los desaf\u00edos de una industria que cambia r\u00e1pidamente. Se est\u00e1n dise\u00f1ando programas de desarrollo de liderazgo para fomentar habilidades como la adaptabilidad, el pensamiento estrat\u00e9gico y la inteligencia emocional.<\/li>\n\n\n\n<li><strong>Integraci\u00f3n de Tecnolog\u00edas Avanzadas de RRHH:<\/strong> The adoption of advanced HR technologies, such as AI-driven HR tools, cloud-based HR systems, and <a href=\"https:\/\/www.sisinternational.com\/es\/financial-services-consulting\/robotic-process-automation-in-financial-services\/\" title=\"Robotic Process Automation in Financial Services\"  data-wpil-monitor-id=\"1074\">automated HR processes<\/a>, is on the rise. These technologies aim to enhance efficiency and decision-making in HR practices.<\/li>\n\n\n\n<li><strong>Experiencia y compromiso de los empleados:<\/strong> Enhancing the overall employee experience and engagement remains a top priority. Companies invest in initiatives that improve the employee journey, from onboarding to development and retention.<\/li>\n<\/ul>\n\n\n\n<h2 class=\"wp-block-heading\">Oportunidades en Gesti\u00f3n del Capital Humano Servicios Financieros Investigaci\u00f3n y Consultor\u00eda de Mercado<\/h2>\n\n\n\n<figure class=\"gb-block-image gb-block-image-d514605d\"><img loading=\"lazy\" decoding=\"async\" width=\"1456\" height=\"816\" class=\"gb-image gb-image-d514605d\" src=\"https:\/\/www.sisinternational.com\/wp-content\/uploads\/2025\/10\/Financial-Service-Change-Management-2.jpg\" alt=\"Investigaci\u00f3n y estrategia de mercado internacional de SIS\" title=\"Financial Service Change Management (2)\" srcset=\"https:\/\/www.sisinternational.com\/wp-content\/uploads\/2025\/10\/Financial-Service-Change-Management-2.jpg 1456w, https:\/\/www.sisinternational.com\/wp-content\/uploads\/2025\/10\/Financial-Service-Change-Management-2-300x168.jpg 300w, https:\/\/www.sisinternational.com\/wp-content\/uploads\/2025\/10\/Financial-Service-Change-Management-2-1024x574.jpg 1024w, https:\/\/www.sisinternational.com\/wp-content\/uploads\/2025\/10\/Financial-Service-Change-Management-2-768x430.jpg 768w, https:\/\/www.sisinternational.com\/wp-content\/uploads\/2025\/10\/Financial-Service-Change-Management-2-18x10.jpg 18w\" sizes=\"auto, (max-width: 1456px) 100vw, 1456px\"><\/figure>\n\n\n\n<p><\/p>\n\n\n\n<p>HCM in the financial services sector presents a wealth of opportunities for businesses looking to enhance their workforce strategies and overall organizational effectiveness. Here\u2019s an overview of the significant opportunities available through HCM <a href=\"https:\/\/www.sisinternational.com\/es\/soluciones\/investigacion-de-consultoria-estrategica-fintech\/investigacion-de-mercado-de-la-industria-de-servicios-financieros\/\" title=\"Investigaci\u00f3n de mercado de la industria de servicios financieros\"  data-wpil-monitor-id=\"4539\">investigaci\u00f3n de mercado de servicios financieros<\/a> and consulting:<\/p>\n\n\n\n<ul class=\"wp-block-list\">\n<li><strong>Desarrollo de liderazgo y planificaci\u00f3n de sucesi\u00f3n:<\/strong> HCM consulting offers robust leadership development and succession planning opportunities. This ensures the organization has a strong pipeline of leaders ready to take on future challenges.<\/li>\n\n\n\n<li><strong>Soluciones innovadoras de gesti\u00f3n del talento:<\/strong> Integrating advanced technologies in HCM allows businesses to adopt innovative talent management solutions. These include utilizing AI for personalized employee development programs and predictive analytics in talent acquisition.<\/li>\n\n\n\n<li><strong>Cultivar una cultura corporativa positiva:<\/strong> HCM financial <a href=\"https:\/\/www.sisinternational.com\/es\/pericia\/industrias\/investigacion-de-mercado-de-carne-basada-en-celulas-de-carne-cultivadas\/\" title=\"Investigaci\u00f3n de mercado de carne cultivada (carne a base de c\u00e9lulas)\"  data-wpil-monitor-id=\"3160\">services market<\/a> research and consulting can help develop and nurture a positive corporate culture, which is crucial for employee retention and attracting top talent.<\/li>\n\n\n\n<li><strong>Ventaja Competitiva a trav\u00e9s del Capital Humano:<\/strong> Human capital management financial <a href=\"https:\/\/www.sisinternational.com\/es\/soluciones\/consultoria-de-hosteleria-y-turismo-en-viajes\/consultoria-de-servicios-de-conserjeria\/\" title=\"Consultor\u00eda de servicios de conserjer\u00eda\"  data-wpil-monitor-id=\"4696\">services market research and consulting<\/a> can provide businesses with a competitive advantage. A well-managed and strategically aligned workforce can drive innovation, customer satisfaction, and business growth.<\/li>\n<\/ul>\n\n\n\n<h2 class=\"wp-block-heading\">Desaf\u00edos de la gesti\u00f3n del capital humano Servicios financieros Investigaci\u00f3n y consultor\u00eda de mercado<\/h2>\n\n\n\n<p>Human capital management financial <a href=\"https:\/\/www.sisinternational.com\/es\/pericia\/industrias\/investigacion-de-mercado-de-servicios-ambientales\/\" title=\"Investigaci\u00f3n de Mercado de Servicios Ambientales\"  data-wpil-monitor-id=\"4830\">services market research<\/a> and consulting is beneficial, but it comes with its unique set of challenges. These challenges can impact the effectiveness of HCM initiatives and the overall success of consulting efforts. Here are some key challenges that businesses often face:<\/p>\n\n\n\n<ul class=\"wp-block-list\">\n<li><strong>Resistencia cultural y organizacional:<\/strong> Implementing new HCM strategies often encounters resistance at various organizational levels. Overcoming this resistance and fostering a culture open to change is crucial but challenging.<\/li>\n\n\n\n<li><strong>Equilibrando la automatizaci\u00f3n y el toque humano:<\/strong> Integrar la automatizaci\u00f3n y la IA en HCM y al mismo tiempo mantener el elemento humano esencial de las funciones de recursos humanos presenta un delicado equilibrio que es necesario alcanzar.<\/li>\n\n\n\n<li><strong>Atracci\u00f3n y retenci\u00f3n de talento en un mercado competitivo:<\/strong> Atraer y retener a los mejores talentos en la altamente competitiva industria de servicios financieros, especialmente en \u00e1reas espec\u00edficas de especializaci\u00f3n, es un desaf\u00edo constante.<\/li>\n\n\n\n<li><strong>Gesti\u00f3n global de la fuerza laboral:<\/strong> Managing a diverse, international workforce with varying cultural and regulatory considerations adds an extra layer of complexity for financial institutions operating globally.<\/li>\n<\/ul>\n\n\n\n<h2 class=\"wp-block-heading\">Nuestra ubicaci\u00f3n de instalaciones en Nueva York<\/h2>\n\n\n\n<p>  <iframe loading=\"lazy\" src=\"https:\/\/www.google.com\/maps\/embed?pb=!1m18!1m12!1m3!1d3022.976188376966!2d-73.99130312499956!3d40.740549471389315!2m3!1f0!2f0!3f0!3m2!1i1024!2i768!4f13.1!3m3!1m2!1s0x89c259a15798c731%3A0xd695d09bdd495f25!2s11%20E%2022nd%20St%20FL%202%2C%20New%20York%2C%20NY%2010010%2C%20USA!5e0!3m2!1sen!2spe!4v1726171763526!5m2!1sen!2spe\" width=\"600\" height=\"450\" allowfullscreen=\"allowfullscreen\" data-mce-fragment=\"1\"><\/iframe>  <\/p>\n\n\n\n<h3 class=\"wp-block-heading\">11 E 22nd Street, piso 2, Nueva York, NY 10010 T: +1(212) 505-6805<\/h3>\n\n\n\n<hr class=\"wp-block-separator has-alpha-channel-opacity\"\/>\n\n\n\n<h2 class=\"wp-block-heading\"><span style=\"font-weight: 400;\">Acerca de SIS Internacional<\/span><\/h2>\n\n\n\n<p><a href=\"https:\/\/www.sisinternational.com\/es\/\"><span style=\"font-weight: 400;\">SIS Internacional<\/span><\/a><span style=\"font-weight: 400;\"> ofrece investigaci\u00f3n cuantitativa, cualitativa y estrat\u00e9gica. Proporcionamos datos, herramientas, estrategias, informes y conocimientos para la toma de decisiones. Tambi\u00e9n realizamos entrevistas, encuestas, grupos focales y otros m\u00e9todos y enfoques de investigaci\u00f3n de mercado.<\/span><a href=\"https:\/\/www.sisinternational.com\/es\/sobre-la-investigacion-internacional-de-sis\/contact-sis-international-market-research\/\"><span style=\"font-weight: 400;\"> P\u00f3ngase en contacto con nosotros<\/span><\/a><span style=\"font-weight: 400;\"> para su pr\u00f3ximo proyecto de Investigaci\u00f3n de Mercado.<\/span><\/p>\n\n\n\n<p><\/p>\n\n\n\n<p><\/p>","protected":false},"excerpt":{"rendered":"<p>La investigaci\u00f3n y consultor\u00eda de mercado de servicios financieros de HCM analiza y optimiza la gesti\u00f3n de recursos humanos dentro del sector de servicios financieros. <\/p>","protected":false},"author":1,"featured_media":71747,"parent":27462,"menu_order":58,"comment_status":"closed","ping_status":"closed","template":"","meta":{"footnotes":""},"class_list":["post-45829","page","type-page","status-publish","has-post-thumbnail"],"_links":{"self":[{"href":"https:\/\/www.sisinternational.com\/es\/wp-json\/wp\/v2\/pages\/45829","targetHints":{"allow":["GET"]}}],"collection":[{"href":"https:\/\/www.sisinternational.com\/es\/wp-json\/wp\/v2\/pages"}],"about":[{"href":"https:\/\/www.sisinternational.com\/es\/wp-json\/wp\/v2\/types\/page"}],"author":[{"embeddable":true,"href":"https:\/\/www.sisinternational.com\/es\/wp-json\/wp\/v2\/users\/1"}],"replies":[{"embeddable":true,"href":"https:\/\/www.sisinternational.com\/es\/wp-json\/wp\/v2\/comments?post=45829"}],"version-history":[{"count":20,"href":"https:\/\/www.sisinternational.com\/es\/wp-json\/wp\/v2\/pages\/45829\/revisions"}],"predecessor-version":[{"id":78788,"href":"https:\/\/www.sisinternational.com\/es\/wp-json\/wp\/v2\/pages\/45829\/revisions\/78788"}],"up":[{"embeddable":true,"href":"https:\/\/www.sisinternational.com\/es\/wp-json\/wp\/v2\/pages\/27462"}],"wp:featuredmedia":[{"embeddable":true,"href":"https:\/\/www.sisinternational.com\/es\/wp-json\/wp\/v2\/media\/71747"}],"wp:attachment":[{"href":"https:\/\/www.sisinternational.com\/es\/wp-json\/wp\/v2\/media?parent=45829"}],"curies":[{"name":"wp","href":"https:\/\/api.w.org\/{rel}","templated":true}]}}