{"id":45807,"date":"2024-02-01T10:36:33","date_gmt":"2024-02-01T15:36:33","guid":{"rendered":"https:\/\/www.sisinternational.com\/?page_id=45807"},"modified":"2026-01-27T15:20:06","modified_gmt":"2026-01-27T20:20:06","slug":"acuerdo-de-recompra-investigacion-de-mercado","status":"publish","type":"page","link":"https:\/\/www.sisinternational.com\/es\/soluciones\/investigacion-de-consultoria-estrategica-fintech\/acuerdo-de-recompra-investigacion-de-mercado\/","title":{"rendered":"Repurchase Agreement Market Research"},"content":{"rendered":"<h1 class=\"wp-block-heading\">Repurchase Agreement Market Research<\/h1>\n\n\n\n<figure class=\"gb-block-image gb-block-image-ed3fc170\"><img loading=\"lazy\" decoding=\"async\" width=\"1456\" height=\"816\" class=\"gb-image gb-image-ed3fc170\" src=\"https:\/\/www.sisinternational.com\/wp-content\/uploads\/2025\/10\/Repurchase-Agreement-3.jpg\" alt=\"Investigaci\u00f3n y estrategia de mercado internacional de SIS\" title=\"Repurchase Agreement (3)\" srcset=\"https:\/\/www.sisinternational.com\/wp-content\/uploads\/2025\/10\/Repurchase-Agreement-3.jpg 1456w, https:\/\/www.sisinternational.com\/wp-content\/uploads\/2025\/10\/Repurchase-Agreement-3-300x168.jpg 300w, https:\/\/www.sisinternational.com\/wp-content\/uploads\/2025\/10\/Repurchase-Agreement-3-1024x574.jpg 1024w, https:\/\/www.sisinternational.com\/wp-content\/uploads\/2025\/10\/Repurchase-Agreement-3-768x430.jpg 768w, https:\/\/www.sisinternational.com\/wp-content\/uploads\/2025\/10\/Repurchase-Agreement-3-18x10.jpg 18w\" sizes=\"auto, (max-width: 1456px) 100vw, 1456px\"><\/figure>\n\n\n\n<p><\/p>\n\n\n\n<hr class=\"wp-block-separator has-alpha-channel-opacity\"\/>\n\n\n\n<p>El mercado de repos, a menudo eclipsado por veh\u00edculos de inversi\u00f3n m\u00e1s glamorosos, es fundamental para el sistema financiero global, y la investigaci\u00f3n del mercado de acuerdos de recompra revela la din\u00e1mica de este mercado crucial, arrojando luz sobre sus mecanismos, riesgos y oportunidades.<\/p>\n\n\n\n<h2 class=\"wp-block-heading\">\u00bfQu\u00e9 es la investigaci\u00f3n de mercado de Acuerdo de recompra (Repo)?<\/h2>\n\n\n\n<p>Repurchase agreements are essentially short-term loans that are crucial to the financial system&#8217;s liquidity management. Repo market research illuminates the market&#8217;s trends, risks, and operational frameworks, providing essential insights for investors, financial institutions, and regulators.<\/p>\n\n\n\n<p>This market research examines repo transaction terms, rates, and volumes. In addition, repo <a href=\"https:\/\/www.sisinternational.com\/es\/universidad-taylor\/\" title=\"Estudio de investigaci\u00f3n de mercado del plan de estudios universitario\"  data-wpil-monitor-id=\"7265\">market research regularly involves studying<\/a> the impact of macroeconomic factors, such as interest rate changes, monetary policy decisions, and economic indicators, on the repo market. These factors can significantly influence repo rates and the availability of liquidity, making them essential considerations for market participants.<\/p>\n\n\n\n<h2 class=\"wp-block-heading\">Importance of Repurchase Agreement Market Research Today<\/h2>\n\n\n\n<p>Repo market research helps institutions understand the availability of liquidity, the cost of borrowing, and the prevailing market conditions.&nbsp;<\/p>\n\n\n\n<p>Furthermore, repurchase agreement market research provides insights into the impact of regulatory changes on the financial markets. The repo market is often subject to regulatory scrutiny and reforms, especially after financial crises. Therefore, understanding how regulatory changes affect repo activities, such as changes in collateral requirements or leverage ratios, is crucial for compliance and strategic planning. However, repurchase agreement market research has many other benefits, including:<\/p>\n\n\n\n<ul class=\"wp-block-list\">\n<li><strong>Gesti\u00f3n y mitigaci\u00f3n de riesgos:<\/strong> A thorough analysis of the repo market helps identify and assess the risks associated with short-term borrowing and lending, particularly counterparty and credit risks.\u00a0<\/li>\n\n\n\n<li><strong>Toma de Decisiones Estrat\u00e9gicas para la Inversi\u00f3n:<\/strong> Los inversores y administradores de fondos pueden utilizar los conocimientos de la investigaci\u00f3n de mercado de acuerdos de recompra para tomar decisiones informadas sobre inversiones a corto plazo. El mercado de repos a menudo ofrece oportunidades atractivas para la gesti\u00f3n de efectivo y estrategias de arbitraje, y comprender este mercado es clave para capitalizar estas oportunidades.<\/li>\n\n\n\n<li><strong>Formulaci\u00f3n de Pol\u00edticas y Cumplimiento Normativo:<\/strong> Para los reguladores y formuladores de pol\u00edticas, comprender el mercado de repos es esencial para una formulaci\u00f3n y regulaci\u00f3n efectivas de pol\u00edticas. La investigaci\u00f3n de mercado de repos proporciona los datos y los conocimientos necesarios para elaborar pol\u00edticas que garanticen la estabilidad del mercado y protejan contra riesgos sist\u00e9micos.<\/li>\n\n\n\n<li><strong>Previsi\u00f3n de tendencias econ\u00f3micas:<\/strong> Repurchase agreement market research can indicate broader economic trends such as interest rate movements and monetary policy shifts.\u00a0<\/li>\n<\/ul>\n\n\n\n<h2 class=\"wp-block-heading\">When to Conduct Repurchase Agreement Market Research<\/h2>\n\n\n\n<figure class=\"gb-block-image gb-block-image-2f78cbe9\"><img loading=\"lazy\" decoding=\"async\" width=\"1456\" height=\"816\" class=\"gb-image gb-image-2f78cbe9\" src=\"https:\/\/www.sisinternational.com\/wp-content\/uploads\/2025\/10\/Repurchase-Agreement-2.jpg\" alt=\"Investigaci\u00f3n y estrategia de mercado internacional de SIS\" title=\"Repurchase Agreement (2)\" srcset=\"https:\/\/www.sisinternational.com\/wp-content\/uploads\/2025\/10\/Repurchase-Agreement-2.jpg 1456w, https:\/\/www.sisinternational.com\/wp-content\/uploads\/2025\/10\/Repurchase-Agreement-2-300x168.jpg 300w, https:\/\/www.sisinternational.com\/wp-content\/uploads\/2025\/10\/Repurchase-Agreement-2-1024x574.jpg 1024w, https:\/\/www.sisinternational.com\/wp-content\/uploads\/2025\/10\/Repurchase-Agreement-2-768x430.jpg 768w, https:\/\/www.sisinternational.com\/wp-content\/uploads\/2025\/10\/Repurchase-Agreement-2-18x10.jpg 18w\" sizes=\"auto, (max-width: 1456px) 100vw, 1456px\"><\/figure>\n\n\n\n<p><\/p>\n\n\n\n<p>Certain market conditions and organizational needs can signal the right time to delve into this specialized area of financial <a href=\"https:\/\/www.sisinternational.com\/es\/pericia\/industrias\/investigacion-de-mercado-de-arnm\/\" title=\"Investigaci\u00f3n de mercado de ARNm\"  data-wpil-monitor-id=\"4660\">investigaci\u00f3n<\/a> \u2013 and here are some key situations to consider a closer look at the repo market:<\/p>\n\n\n\n<ul class=\"wp-block-list\">\n<li><strong>Volatilidad del mercado e inestabilidad financiera:<\/strong> Durante per\u00edodos de mayor volatilidad del mercado o inestabilidad financiera, realizar investigaciones de mercado de repos se vuelve particularmente importante. Estos son momentos en los que las presiones de financiamiento a corto plazo son m\u00e1s agudas y el mercado de repos puede proporcionar informaci\u00f3n cr\u00edtica sobre las condiciones de liquidez y los riesgos sist\u00e9micos.<\/li>\n\n\n\n<li><strong>Planificaci\u00f3n Financiera Estrat\u00e9gica y Gesti\u00f3n de Riesgos:<\/strong> Understanding the repo market is essential for financial institutions and investors engaged in strategic planning and risk management. Repo market research should be conducted when revising risk management frameworks or developing strategies for liquidity management and short-term investments.<\/li>\n\n\n\n<li><strong>Economic and Monetary <\/strong><a href=\"https:\/\/www.sisinternational.com\/es\/pericia\/industrias\/investigacion-de-mercado-de-elite-politica\/\" title=\"Investigaci\u00f3n de mercado de \u00e9lite pol\u00edtica\u00a0\"  data-wpil-monitor-id=\"6236\">Policy Shifts: Repo market research<\/a> can provide insights into how these macroeconomic factors influence short-term funding markets. Such research is particularly relevant for central banks, economic policymakers, and financial analysts.<\/li>\n\n\n\n<li><strong>Optimizaci\u00f3n de la gesti\u00f3n de liquidez:<\/strong> For institutions looking to optimize their liquidity management, understanding the nuances of the repo market is crucial. Conducting repurchase agreement market research helps identify opportunities and challenges in using repos for liquidity purposes, especially during tight market liquidity.<\/li>\n\n\n\n<li><strong>Innovaci\u00f3n y desarrollo de productos:<\/strong> Financial institutions considering developing new financial products or services related to short-term funding can benefit from repo market research.\u00a0<\/li>\n<\/ul>\n\n\n\n<h2 class=\"wp-block-heading\">\u00bfC\u00f3mo se realiza la investigaci\u00f3n de mercado de acuerdos de recompra?<\/h2>\n\n\n\n<p>Conducting repurchase agreement market research combines various methodologies to comprehensively understand the market&#8217;s mechanics, risks, and opportunities. Here&#8217;s an overview of the key steps involved in conducting repo <a href=\"https:\/\/www.sisinternational.com\/es\/cobertura\/investigacion-de-mercado-africa\/investigacion-de-mercado-en-mauritania-africa\/\" title=\"Investigaci\u00f3n de mercado en Mauritania, \u00c1frica: descripci\u00f3n general\"  data-wpil-monitor-id=\"5305\">investigaci\u00f3n de mercado<\/a>.<\/p>\n\n\n\n<ul class=\"wp-block-list\">\n<li><strong>Recopilaci\u00f3n de datos:<\/strong> The first step in repo market research is collecting relevant data, including historical data on repo rates, volumes, and terms and information on the types of collateral used. Researchers also gather data on the participants in the repo market, including banks, financial institutions, and central banks.<\/li>\n\n\n\n<li><strong>An\u00e1lisis de mercado:<\/strong> Esto implica examinar las tendencias de las tasas de recompra, identificar patrones en los vol\u00famenes de transacciones de recompra y analizar los tipos de garant\u00eda com\u00fanmente utilizados. Los investigadores tambi\u00e9n eval\u00faan el impacto de factores externos, como cambios de pol\u00edtica monetaria e indicadores econ\u00f3micos, en el mercado de repos.<\/li>\n\n\n\n<li><strong>Evaluaci\u00f3n de riesgos:<\/strong> Un aspecto cr\u00edtico de la investigaci\u00f3n de mercado de acuerdos de recompra es la evaluaci\u00f3n de los riesgos asociados con los acuerdos de recompra. Incluye el an\u00e1lisis del riesgo de contraparte, el riesgo de garant\u00eda y el riesgo de liquidez. Los investigadores examinan la calidad y liquidez de la garant\u00eda utilizada en los repos y eval\u00faan c\u00f3mo los cambios en las condiciones del mercado podr\u00edan afectar el perfil de riesgo de estas transacciones.<\/li>\n\n\n\n<li><strong>Revisi\u00f3n regulatoria:<\/strong> Researchers review relevant regulations and guidelines governing repo transactions, assessing their impact on market participants and market dynamics.\u00a0<\/li>\n\n\n\n<li><strong>Previsi\u00f3n y an\u00e1lisis predictivo:<\/strong> Repo market research often involves forecasting future market trends. Using statistical models and predictive analysis, researchers estimate future repo rates, market volumes, and potential market shifts.\u00a0<\/li>\n\n\n\n<li><strong>S\u00edntesis e informes:<\/strong> Los investigadores recopilan sus hallazgos en informes que brindan una descripci\u00f3n general del mercado de repos, resaltan las tendencias y riesgos clave y ofrecen recomendaciones para los participantes del mercado. Estos informes se adaptan a las necesidades de las diferentes partes interesadas, incluidas instituciones financieras, inversores, formuladores de pol\u00edticas y organismos reguladores.<\/li>\n<\/ul>\n\n\n\n<h2 class=\"wp-block-heading\">Qu\u00e9 esperar de la investigaci\u00f3n de mercado de acuerdos de recompra<\/h2>\n\n\n\n<figure class=\"gb-block-image gb-block-image-b1f3803a\"><img loading=\"lazy\" decoding=\"async\" width=\"1456\" height=\"816\" class=\"gb-image gb-image-b1f3803a\" src=\"https:\/\/www.sisinternational.com\/wp-content\/uploads\/2025\/10\/Repurchase-Agreement-1.jpg\" alt=\"Investigaci\u00f3n y estrategia de mercado internacional de SIS\" title=\"Repurchase Agreement (1)\" srcset=\"https:\/\/www.sisinternational.com\/wp-content\/uploads\/2025\/10\/Repurchase-Agreement-1.jpg 1456w, https:\/\/www.sisinternational.com\/wp-content\/uploads\/2025\/10\/Repurchase-Agreement-1-300x168.jpg 300w, https:\/\/www.sisinternational.com\/wp-content\/uploads\/2025\/10\/Repurchase-Agreement-1-1024x574.jpg 1024w, https:\/\/www.sisinternational.com\/wp-content\/uploads\/2025\/10\/Repurchase-Agreement-1-768x430.jpg 768w, https:\/\/www.sisinternational.com\/wp-content\/uploads\/2025\/10\/Repurchase-Agreement-1-18x10.jpg 18w\" sizes=\"auto, (max-width: 1456px) 100vw, 1456px\"><\/figure>\n\n\n\n<p><\/p>\n\n\n\n<p>This research is designed to thoroughly understand the repo market, its mechanics, and its implications for the broader financial landscape. Here&#8217;s what to expect:<\/p>\n\n\n\n<ul class=\"wp-block-list\">\n<li><strong>Descripci\u00f3n detallada del mercado:<\/strong> market research delivers a comprehensive analysis of the repo market, including its size, structure, and key players.\u00a0<\/li>\n\n\n\n<li><strong>Tendencias y an\u00e1lisis de tarifas:<\/strong> La investigaci\u00f3n de mercado de acuerdos de recompra incluye un an\u00e1lisis detallado de las tasas de recompra. Ofrece informaci\u00f3n sobre las tendencias de las tasas a lo largo del tiempo, los factores que influyen en las fluctuaciones de las tasas y comparaciones entre diferentes tipos de acuerdos de recompra.<\/li>\n\n\n\n<li><strong>Evaluaci\u00f3n de riesgo:<\/strong> Repo market research provides an in-depth evaluation of the risks associated with repo transactions, including counterparty risk, liquidity risk, and market risk.\u00a0<\/li>\n\n\n\n<li><strong>Impactos de la pol\u00edtica econ\u00f3mica y monetaria:<\/strong> Repurchase <a href=\"https:\/\/www.sisinternational.com\/es\/perspectivas-economicas-de-qatar\/\" title=\"Perspectivas econ\u00f3micas e investigaci\u00f3n de mercado de Qatar\"  data-wpil-monitor-id=\"3581\">agreement market research<\/a> also examines how broader economic conditions and monetary policy decisions affect the repo market. It analyzes how economic indicators and policy changes influence repo rates and market activity.<\/li>\n\n\n\n<li><strong>Previsi\u00f3n y conocimientos predictivos:<\/strong> La investigaci\u00f3n de mercado de repositorios a menudo incluye pron\u00f3sticos y conocimientos predictivos. Ofrece proyecciones de tendencias futuras del mercado, movimientos de tasas y cambios potenciales del mercado, proporcionando informaci\u00f3n valiosa para la planificaci\u00f3n estrat\u00e9gica y la toma de decisiones.<\/li>\n<\/ul>\n\n\n\n<h2 class=\"wp-block-heading\">Oportunidades en el mercado de pactos de recompra<\/h2>\n\n\n\n<p>Repurchase agreement market research opens up several opportunities for businesses, particularly those in the financial sector.&nbsp;<\/p>\n\n\n\n<ul class=\"wp-block-list\">\n<li><strong>Posicionamiento en el mercado y ventaja competitiva:<\/strong> Insights from repurchase agreement market research can provide businesses with a competitive edge. Understanding the nuances of the market can help position themselves strategically, either as participants in the repo market or as service providers to other participants.<\/li>\n\n\n\n<li><strong>Desarrollo de productos financieros:<\/strong> For businesses developing financial products, repo <a href=\"https:\/\/www.sisinternational.com\/es\/soluciones\/innovacion\/el-pensamiento-de-diseno\/\" title=\"Investigaci\u00f3n de mercado de pensamiento de dise\u00f1o\"  data-wpil-monitor-id=\"7019\">market research can inform new offerings&#8217; design<\/a> and risk assessment.\u00a0<\/li>\n\n\n\n<li><strong>Integraci\u00f3n del mercado global:<\/strong> Businesses operating globally can benefit from insights into the interconnectedness of different national repo markets.\u00a0<\/li>\n<\/ul>\n\n\n\n<h2 class=\"wp-block-heading\">Nuestra ubicaci\u00f3n de instalaciones en Nueva York<\/h2>\n\n\n\n<p>  <iframe loading=\"lazy\" src=\"https:\/\/www.google.com\/maps\/embed?pb=!1m18!1m12!1m3!1d3022.976188376966!2d-73.99130312499956!3d40.740549471389315!2m3!1f0!2f0!3f0!3m2!1i1024!2i768!4f13.1!3m3!1m2!1s0x89c259a15798c731%3A0xd695d09bdd495f25!2s11%20E%2022nd%20St%20FL%202%2C%20New%20York%2C%20NY%2010010%2C%20USA!5e0!3m2!1sen!2spe!4v1726171763526!5m2!1sen!2spe\" width=\"600\" height=\"450\" allowfullscreen=\"allowfullscreen\" data-mce-fragment=\"1\"><\/iframe>  <\/p>\n\n\n\n<h3 class=\"wp-block-heading\">11 E 22nd Street, piso 2, Nueva York, NY 10010 T: +1(212) 505-6805<\/h3>\n\n\n\n<hr class=\"wp-block-separator has-alpha-channel-opacity\"\/>\n\n\n\n<h2 class=\"wp-block-heading\"><span style=\"font-weight: 400;\">Acerca de SIS Internacional<\/span><\/h2>\n\n\n\n<p><a href=\"https:\/\/www.sisinternational.com\/es\/\"><span style=\"font-weight: 400;\">SIS Internacional<\/span><\/a><span style=\"font-weight: 400;\"> ofrece investigaci\u00f3n cuantitativa, cualitativa y estrat\u00e9gica. Proporcionamos datos, herramientas, estrategias, informes y conocimientos para la toma de decisiones. Tambi\u00e9n realizamos entrevistas, encuestas, grupos focales y otros m\u00e9todos y enfoques de investigaci\u00f3n de mercado.<\/span><a href=\"https:\/\/www.sisinternational.com\/es\/sobre-la-investigacion-internacional-de-sis\/contact-sis-international-market-research\/\"><span style=\"font-weight: 400;\"> P\u00f3ngase en contacto con nosotros<\/span><\/a><span style=\"font-weight: 400;\"> para su pr\u00f3ximo proyecto de Investigaci\u00f3n de Mercado.<\/span><\/p>","protected":false},"excerpt":{"rendered":"<p>Los acuerdos de recompra son esencialmente pr\u00e9stamos a corto plazo que desempe\u00f1an un papel crucial en la gesti\u00f3n de la liquidez del sistema financiero.<\/p>","protected":false},"author":1,"featured_media":71800,"parent":27462,"menu_order":54,"comment_status":"closed","ping_status":"closed","template":"","meta":{"footnotes":""},"class_list":["post-45807","page","type-page","status-publish","has-post-thumbnail"],"_links":{"self":[{"href":"https:\/\/www.sisinternational.com\/es\/wp-json\/wp\/v2\/pages\/45807","targetHints":{"allow":["GET"]}}],"collection":[{"href":"https:\/\/www.sisinternational.com\/es\/wp-json\/wp\/v2\/pages"}],"about":[{"href":"https:\/\/www.sisinternational.com\/es\/wp-json\/wp\/v2\/types\/page"}],"author":[{"embeddable":true,"href":"https:\/\/www.sisinternational.com\/es\/wp-json\/wp\/v2\/users\/1"}],"replies":[{"embeddable":true,"href":"https:\/\/www.sisinternational.com\/es\/wp-json\/wp\/v2\/comments?post=45807"}],"version-history":[{"count":17,"href":"https:\/\/www.sisinternational.com\/es\/wp-json\/wp\/v2\/pages\/45807\/revisions"}],"predecessor-version":[{"id":80918,"href":"https:\/\/www.sisinternational.com\/es\/wp-json\/wp\/v2\/pages\/45807\/revisions\/80918"}],"up":[{"embeddable":true,"href":"https:\/\/www.sisinternational.com\/es\/wp-json\/wp\/v2\/pages\/27462"}],"wp:featuredmedia":[{"embeddable":true,"href":"https:\/\/www.sisinternational.com\/es\/wp-json\/wp\/v2\/media\/71800"}],"wp:attachment":[{"href":"https:\/\/www.sisinternational.com\/es\/wp-json\/wp\/v2\/media?parent=45807"}],"curies":[{"name":"wp","href":"https:\/\/api.w.org\/{rel}","templated":true}]}}