{"id":45570,"date":"2024-01-25T18:06:08","date_gmt":"2024-01-25T23:06:08","guid":{"rendered":"https:\/\/www.sisinternational.com\/?page_id=45570"},"modified":"2026-01-31T19:00:51","modified_gmt":"2026-02-01T00:00:51","slug":"consultoria-de-identidad-de-marca-hotelera","status":"publish","type":"page","link":"https:\/\/www.sisinternational.com\/es\/soluciones\/consultoria-de-hosteleria-y-turismo-en-viajes\/consultoria-de-identidad-de-marca-hotelera\/","title":{"rendered":"Consultor\u00eda de Identidad de Marca Hotelera"},"content":{"rendered":"<h1 class=\"wp-block-heading\">Consultor\u00eda de Identidad de Marca Hotelera<\/h1>\n\n\n\n<figure class=\"gb-block-image gb-block-image-bb6c043d\"><img loading=\"lazy\" decoding=\"async\" width=\"1456\" height=\"816\" class=\"gb-image gb-image-bb6c043d\" src=\"https:\/\/www.sisinternational.com\/wp-content\/uploads\/2025\/08\/Hotel-furniture-10.jpg\" alt=\"Investigaci\u00f3n y estrategia de mercado internacional de SIS\" title=\"Hotel furniture (10)\" srcset=\"https:\/\/www.sisinternational.com\/wp-content\/uploads\/2025\/08\/Hotel-furniture-10.jpg 1456w, https:\/\/www.sisinternational.com\/wp-content\/uploads\/2025\/08\/Hotel-furniture-10-300x168.jpg 300w, https:\/\/www.sisinternational.com\/wp-content\/uploads\/2025\/08\/Hotel-furniture-10-1024x574.jpg 1024w, https:\/\/www.sisinternational.com\/wp-content\/uploads\/2025\/08\/Hotel-furniture-10-768x430.jpg 768w, https:\/\/www.sisinternational.com\/wp-content\/uploads\/2025\/08\/Hotel-furniture-10-18x10.jpg 18w\" sizes=\"auto, (max-width: 1456px) 100vw, 1456px\"><\/figure>\n\n\n\n<p><\/p>\n\n\n\n<hr class=\"wp-block-separator has-alpha-channel-opacity is-style-dots\"\/>\n\n\n\n<p>\u00bfC\u00f3mo un hotel destaca y cautiva el coraz\u00f3n de sus hu\u00e9spedes? Aqu\u00ed es donde entra en juego el concepto de consultor\u00eda de identidad de marca hotelera... Se trata de crear una historia, una experiencia que resuene en los hu\u00e9spedes a nivel personal.<\/p>\n\n\n\n<h2 class=\"wp-block-heading\">Comprender la consultor\u00eda de identidad de marca hotelera<\/h2>\n\n\n\n<p>La consultor\u00eda de identidad de marca hotelera es el arte de entrelazar los valores, el esp\u00edritu y las ofertas \u00fanicas de un hotel en una narrativa convincente que lo distinga de la competencia.<\/p>\n\n\n\n<p>At the core of <a title=\"Consultor\u00eda Hotel del Futuro\" href=\"https:\/\/www.sisinternational.com\/es\/soluciones\/consultoria-de-hosteleria-y-turismo-en-viajes\/consultoria-hotel-del-futuro\/\" data-wpil-monitor-id=\"7395\">consultor\u00eda de identidad de marca hotelera<\/a> is the understanding that each hotel is more than just a place to stay; it&#8217;s a destination with its personality, ambiance, and character. That&#8217;s why this form of consulting delves deep into what makes a hotel unique \u2013 its heritage, its vision, and the experiences it offers. The goal is to create a brand that reflects the hotel\u2019s identity and also resonates deeply with its target audience, making it an attractive choice for travelers.<\/p>\n\n\n\n<h2 class=\"wp-block-heading\">\u00bfPor qu\u00e9 las empresas necesitan consultor\u00eda en identidad de marca hotelera?<\/h2>\n\n\n\n<p>Hoy en d\u00eda, las decisiones de los consumidores suelen estar impulsadas por experiencias emocionales y personales. Por lo tanto, una identidad de marca bien dise\u00f1ada puede convertir a quienes visitan por primera vez en clientes leales. Esta resonancia emocional se logra alineando los valores, la historia y la est\u00e9tica del hotel con las expectativas y preferencias de los hu\u00e9spedes.<\/p>\n\n\n\n<p>Adem\u00e1s, la importancia de la consultor\u00eda de identidad de marca hotelera se extiende a la esfera digital, donde la presencia online de un hotel es tan crucial como la f\u00edsica. La identidad de marca de un hotel debe estar representada de forma coherente en varias plataformas, desde su sitio web y sus canales de redes sociales hasta los portales de reservas online. Los consultores se aseguran de que esta representaci\u00f3n digital sea visualmente atractiva y est\u00e9 estrat\u00e9gicamente alineada con la narrativa general de la marca del hotel.<\/p>\n\n\n\n<h2 class=\"wp-block-heading\">Benefits of Hotel Brand Identity Consulting<\/h2>\n\n\n\n<p>La consultor\u00eda de identidad de marca hotelera tiene otros beneficios para las empresas, que incluyen:<\/p>\n\n\n\n<ul class=\"wp-block-list\">\n<li><strong>Mayor reconocimiento y recuerdo de la marca:<\/strong> Una identidad de marca bien definida hace que un hotel sea m\u00e1s reconocible y memorable para los hu\u00e9spedes potenciales, lo que ayuda a que el hotel se destaque y sea la opci\u00f3n m\u00e1s importante para los viajeros.<\/li>\n\n\n\n<li><strong>Penetraci\u00f3n efectiva en el mercado objetivo:<\/strong> La consultor\u00eda de identidad de marca hotelera ayuda a definir con precisi\u00f3n y atraer al mercado objetivo del hotel. Este enfoque personalizado garantiza que los esfuerzos de marketing est\u00e9n m\u00e1s centrados y sean m\u00e1s eficaces, atrayendo a los hu\u00e9spedes adecuados.<\/li>\n\n\n\n<li><strong>Marketing y comunicaci\u00f3n optimizados:<\/strong> With a clear brand identity, all marketing and communication efforts can be aligned, resulting in a cohesive message across all platforms. <\/li>\n\n\n\n<li><strong>Diferenciaci\u00f3n de los competidores:<\/strong> En la industria hotelera altamente competitiva, una identidad de marca \u00fanica distingue a un hotel de sus competidores, ofreciendo una ventaja competitiva que puede atraer a los hu\u00e9spedes que buscan una experiencia distintiva.<\/li>\n\n\n\n<li><strong>Admite precios premium:<\/strong> Una identidad de marca fuerte y atractiva puede justificar precios superiores. Los hu\u00e9spedes suelen estar dispuestos a pagar m\u00e1s por una marca que ofrece un valor percibido m\u00e1s alto, tanto en t\u00e9rminos de calidad como de experiencia.<\/li>\n<\/ul>\n\n\n\n<h2 class=\"wp-block-heading\">Steps in Hotel Brand Identity Consulting<\/h2>\n\n\n\n<p>Participar en una consultor\u00eda de identidad de marca hotelera es una decisi\u00f3n estrat\u00e9gica que implica una serie de pasos destinados a elevar la presencia y el atractivo de la marca de un hotel, y esto es lo que las empresas pueden esperar del proceso:<\/p>\n\n\n\n<ul class=\"wp-block-list\">\n<li><strong>Desarrollo de un Paquete de Identidad de Marca:<\/strong> Consultants will create a comprehensive brand identity package, which includes the brand&#8217;s visual elements (like logos, color schemes, typography) and messaging (tone of voice, brand story, key messages). <\/li>\n\n\n\n<li><strong>Gu\u00eda de implementaci\u00f3n:<\/strong> M\u00e1s all\u00e1 de la creaci\u00f3n de la identidad de marca, los consultores gu\u00edan c\u00f3mo implementar esta nueva identidad en todos los puntos de contacto, desde materiales de marketing y presencia en l\u00ednea hasta dise\u00f1o de interiores y capacitaci\u00f3n del personal. Esto garantiza una experiencia de marca consistente y cohesiva para los hu\u00e9spedes.<\/li>\n\n\n\n<li><strong>Estrategia de seguimiento y ajuste:<\/strong> La consultor\u00eda de identidad de marca hotelera implica un seguimiento continuo del desempe\u00f1o de la marca en el mercado. Los consultores pueden ofrecer informaci\u00f3n sobre c\u00f3mo adaptar la estrategia en respuesta a los comentarios de los hu\u00e9spedes, las tendencias del mercado y otros factores relevantes, asegurando que la marca siga siendo din\u00e1mica y relevante.<\/li>\n<\/ul>\n\n\n\n<h2 class=\"wp-block-heading\">Tendencias actuales en consultor\u00eda de identidad de marca hotelera<\/h2>\n\n\n\n<ul class=\"wp-block-list\">\n<li><strong>\u00c9nfasis en Experiencias Aut\u00e9nticas:<\/strong> Existe una tendencia creciente hacia la creaci\u00f3n de marcas que ofrezcan experiencias locales aut\u00e9nticas. Los hoteles se est\u00e1n centrando en narraciones que destaquen su ubicaci\u00f3n, historia o conexiones culturales \u00fanicas, ofreciendo a los hu\u00e9spedes una experiencia inmersiva que va m\u00e1s all\u00e1 de la hospitalidad est\u00e1ndar.<\/li>\n\n\n\n<li><strong>Sostenibilidad y Pr\u00e1cticas Ecol\u00f3gicas:<\/strong> As awareness of environmental issues grows, more hotels are incorporating sustainability into their brand identity. <\/li>\n\n\n\n<li><strong>Personalizaci\u00f3n:<\/strong> La personalizaci\u00f3n es una tendencia clave, y los hoteles adaptan su marca y las experiencias de sus hu\u00e9spedes a las preferencias individuales. Esto incluye comunicaciones, servicios e incluso configuraciones de sala personalizados, habilitados por an\u00e1lisis de datos y tecnolog\u00edas de inteligencia artificial.<\/li>\n\n\n\n<li><strong>Centrarse en el bienestar y la salud:<\/strong> With an increased focus on wellness, many hotel brands are incorporating wellness and health into their identity. <\/li>\n<\/ul>\n\n\n\n<h2 class=\"wp-block-heading\">Oportunidades para empresas<\/h2>\n\n\n\n<p>La consultor\u00eda de identidad de marca hotelera presenta varias oportunidades para que las empresas de la industria hotelera mejoren su presencia en el mercado, atraigan y retengan hu\u00e9spedes y, en \u00faltima instancia, impulsen el crecimiento. Exploremos estas oportunidades:<\/p>\n\n\n\n<ul class=\"wp-block-list\">\n<li><strong>Construyendo relaciones s\u00f3lidas con los clientes:<\/strong><a title=\"Construyendo marcas chinas\" data-wpil-monitor-id=\"3659\" href=\"https:\/\/www.sisinternational.com\/es\/creando-una-marca-global-para-china\/\"> A well-defined brand<\/a> identity helps establish a deeper connection with guests. It also allows for the creation of more personalized and memorable experiences, fostering loyalty and repeat business.<\/li>\n\n\n\n<li><strong>Mejora de la presencia en l\u00ednea:<\/strong> En la era digital actual, una identidad de marca s\u00f3lida es crucial para una presencia online impactante. Esto incluye un sitio web atractivo, contenido atractivo en las redes sociales y un marketing digital eficaz, todo lo cual es esencial para atraer a los viajeros modernos.<\/li>\n\n\n\n<li><strong>Marketing y Publicidad Estrat\u00e9gica:<\/strong> Una identidad de marca clara agiliza los esfuerzos de marketing y publicidad, asegurando que sean consistentes, espec\u00edficos y m\u00e1s efectivos. Permite a los hoteles comunicar su propuesta de valor \u00fanica de forma clara y convincente.<\/li>\n\n\n\n<li><strong>Alcance de mercado en expansi\u00f3n:<\/strong> Una identidad de marca s\u00f3lida puede abrir puertas a nuevos mercados, incluidas diferentes regiones geogr\u00e1ficas o demograf\u00edas. Proporciona una base para explorar nuevos canales de marketing y asociaciones.<\/li>\n\n\n\n<li><strong>Aprovechando la sostenibilidad y la responsabilidad social:<\/strong> With the growing awareness of environmental and social issues, hotels can use their brand identity to showcase their commitment to sustainability and social responsibility, appealing to conscious consumers.<\/li>\n<\/ul>\n\n\n\n<h2 class=\"wp-block-heading\">Desaf\u00edos para las empresas<\/h2>\n\n\n\n<p>La consultor\u00eda de identidad de marca hotelera plantea ciertos desaf\u00edos que las empresas deben afrontar con cuidado, e incluyen:<\/p>\n\n\n\n<ul class=\"wp-block-list\">\n<li><strong>Coherencia en todas las plataformas:<\/strong> Mantener la coherencia en los mensajes y elementos visuales de la marca en todas las plataformas y puntos de contacto puede resultar un desaf\u00edo. Esto incluye presencia en l\u00ednea, marca f\u00edsica, capacitaci\u00f3n del personal e interacciones con los hu\u00e9spedes. Las inconsistencias pueden diluir el impacto de la marca y confundir a los invitados.<\/li>\n\n\n\n<li><strong>Alinear la identidad de marca con las expectativas del cliente:<\/strong> Equilibrar la creaci\u00f3n de una identidad de marca \u00fanica aline\u00e1ndola con las expectativas del cliente y las tendencias del mercado es una tarea delicada. La desalineaci\u00f3n puede provocar una desconexi\u00f3n con el p\u00fablico objetivo, afectando la percepci\u00f3n y la lealtad de la marca.<\/li>\n\n\n\n<li><strong>Diferenciaci\u00f3n en un mercado saturado:<\/strong> En la industria hotelera altamente competitiva, crear una identidad de marca verdaderamente distintiva que destaque puede ser un desaf\u00edo. Existe una delgada l\u00ednea entre ser \u00fanico y alienar a los hu\u00e9spedes potenciales con una marca demasiado espec\u00edfica o poco convencional.<\/li>\n\n\n\n<li><strong>Limitaciones presupuestarias:<\/strong> Desarrollar e implementar una nueva identidad de marca puede resultar costoso, especialmente para hoteles m\u00e1s peque\u00f1os o independientes. Las restricciones presupuestarias pueden limitar el alcance de las iniciativas de marca y la adopci\u00f3n de tecnolog\u00edas y estrategias de marketing necesarias.<\/li>\n\n\n\n<li><strong>Panorama digital en evoluci\u00f3n:<\/strong> Mantenerse al d\u00eda con los r\u00e1pidos cambios en el panorama digital, incluidas las tendencias de las redes sociales y las t\u00e1cticas de marketing online, es un desaf\u00edo pero esencial para la relevancia y el atractivo de una marca.<\/li>\n<\/ul>\n\n\n\n<h2 class=\"wp-block-heading\">Acerca de SIS Internacional<\/h2>\n\n\n\n<p><a href=\"https:\/\/www.sisinternational.com\/es\/\">SIS Internacional<\/a> ofrece investigaci\u00f3n cuantitativa, cualitativa y estrat\u00e9gica. Proporcionamos datos, herramientas, estrategias, informes y conocimientos para la toma de decisiones. Tambi\u00e9n realizamos entrevistas, encuestas, grupos focales y otros m\u00e9todos y enfoques de investigaci\u00f3n de mercado.<a href=\"https:\/\/www.sisinternational.com\/es\/sobre-la-investigacion-internacional-de-sis\/contact-sis-international-market-research\/\"> P\u00f3ngase en contacto con nosotros<\/a> para su pr\u00f3ximo proyecto de Investigaci\u00f3n de Mercado.<\/p>","protected":false},"excerpt":{"rendered":"<p>La consultor\u00eda de identidad de marca hotelera entrelaza de manera convincente los valores, el esp\u00edritu y las ofertas \u00fanicas de un hotel y lo distingue de la competencia.<\/p>","protected":false},"author":1,"featured_media":63583,"parent":44644,"menu_order":4,"comment_status":"closed","ping_status":"closed","template":"","meta":{"footnotes":""},"class_list":["post-45570","page","type-page","status-publish","has-post-thumbnail"],"_links":{"self":[{"href":"https:\/\/www.sisinternational.com\/es\/wp-json\/wp\/v2\/pages\/45570","targetHints":{"allow":["GET"]}}],"collection":[{"href":"https:\/\/www.sisinternational.com\/es\/wp-json\/wp\/v2\/pages"}],"about":[{"href":"https:\/\/www.sisinternational.com\/es\/wp-json\/wp\/v2\/types\/page"}],"author":[{"embeddable":true,"href":"https:\/\/www.sisinternational.com\/es\/wp-json\/wp\/v2\/users\/1"}],"replies":[{"embeddable":true,"href":"https:\/\/www.sisinternational.com\/es\/wp-json\/wp\/v2\/comments?post=45570"}],"version-history":[{"count":6,"href":"https:\/\/www.sisinternational.com\/es\/wp-json\/wp\/v2\/pages\/45570\/revisions"}],"predecessor-version":[{"id":82127,"href":"https:\/\/www.sisinternational.com\/es\/wp-json\/wp\/v2\/pages\/45570\/revisions\/82127"}],"up":[{"embeddable":true,"href":"https:\/\/www.sisinternational.com\/es\/wp-json\/wp\/v2\/pages\/44644"}],"wp:featuredmedia":[{"embeddable":true,"href":"https:\/\/www.sisinternational.com\/es\/wp-json\/wp\/v2\/media\/63583"}],"wp:attachment":[{"href":"https:\/\/www.sisinternational.com\/es\/wp-json\/wp\/v2\/media?parent=45570"}],"curies":[{"name":"wp","href":"https:\/\/api.w.org\/{rel}","templated":true}]}}