{"id":45566,"date":"2024-01-25T17:40:22","date_gmt":"2024-01-25T22:40:22","guid":{"rendered":"https:\/\/www.sisinternational.com\/?page_id=45566"},"modified":"2026-01-31T00:59:50","modified_gmt":"2026-01-31T05:59:50","slug":"consultoria-estrategica-hotelera","status":"publish","type":"page","link":"https:\/\/www.sisinternational.com\/es\/soluciones\/consultoria-de-hosteleria-y-turismo-en-viajes\/consultoria-estrategica-hotelera\/","title":{"rendered":"Consultor\u00eda de estrategia hotelera"},"content":{"rendered":"<h1 class=\"wp-block-heading fusion-responsive-typography-calculated\">Consultor\u00eda de estrategia hotelera<\/h1>\n\n\n\n<figure class=\"gb-block-image gb-block-image-a5e70f23\"><img loading=\"lazy\" decoding=\"async\" width=\"1456\" height=\"816\" class=\"gb-image gb-image-a5e70f23\" src=\"https:\/\/www.sisinternational.com\/wp-content\/uploads\/2025\/08\/Strategy-consulting-3.jpg\" alt=\"Investigaci\u00f3n y estrategia de mercado internacional de SIS\" title=\"Strategy consulting (3)\" srcset=\"https:\/\/www.sisinternational.com\/wp-content\/uploads\/2025\/08\/Strategy-consulting-3.jpg 1456w, https:\/\/www.sisinternational.com\/wp-content\/uploads\/2025\/08\/Strategy-consulting-3-300x168.jpg 300w, https:\/\/www.sisinternational.com\/wp-content\/uploads\/2025\/08\/Strategy-consulting-3-1024x574.jpg 1024w, https:\/\/www.sisinternational.com\/wp-content\/uploads\/2025\/08\/Strategy-consulting-3-768x430.jpg 768w, https:\/\/www.sisinternational.com\/wp-content\/uploads\/2025\/08\/Strategy-consulting-3-18x10.jpg 18w\" sizes=\"auto, (max-width: 1456px) 100vw, 1456px\"><\/figure>\n\n\n\n<p><\/p>\n\n\n\n<hr class=\"wp-block-separator has-alpha-channel-opacity is-style-dots\"\/>\n\n\n\n<p class=\"fusion-responsive-typography-calculated\">A medida que el sector hotelero experimenta cambios s\u00edsmicos impulsados por las cambiantes preferencias de los consumidores y los avances tecnol\u00f3gicos, la consultor\u00eda de estrategia hotelera se vuelve primordial para los hoteles que buscan prosperar en este entorno din\u00e1mico.<\/p>\n\n\n\n<p class=\"fusion-responsive-typography-calculated\">La consultor\u00eda de estrategia hotelera es una asociaci\u00f3n estrat\u00e9gica que equipa a los hoteles con conocimientos, t\u00e1cticas y perspectivas para afrontar las demandas en constante evoluci\u00f3n de la industria. Se trata de reimaginar c\u00f3mo operan los hoteles, interact\u00faan con los clientes y definen su lugar en el mercado global.<\/p>\n\n\n\n<h2 class=\"wp-block-heading\">\u00bfQu\u00e9 es la consultor\u00eda de estrategia hotelera?<\/h2>\n\n\n\n<p>One of the core aspects of <a title=\"Consultor\u00eda Hotel del Futuro\" data-wpil-monitor-id=\"7396\" href=\"https:\/\/www.sisinternational.com\/es\/soluciones\/consultoria-de-hosteleria-y-turismo-en-viajes\/consultoria-hotel-del-futuro\/\">consultor\u00eda estrat\u00e9gica hotelera<\/a> is its customer-centric approach. Consultants analyze customer preferences, behaviors, and trends to tailor strategies that align with evolving market demands. This involves meticulously examining guest experiences, service quality \u2013 and even the minutiae of customer feedback. <\/p>\n\n\n\n<p>Furthermore, hotel strategy consulting delves into the operational aspects of running a hotel. These strategies are designed to bolster the hotel\u2019s financial health and market standing, from optimizing room pricing and revenue management to improve operational efficiency. <\/p>\n\n\n\n<h2 class=\"wp-block-heading\">\u00bfPor qu\u00e9 es importante la consultor\u00eda de estrategia hotelera?<\/h2>\n\n\n\n<p>La consultor\u00eda de estrategia hotelera combina una perspectiva externa con un conocimiento profundo de la industria para identificar tendencias emergentes, amenazas potenciales y oportunidades sin explotar. Este amplio punto de vista permite a los hoteles posicionarse estrat\u00e9gicamente en el mercado, adapt\u00e1ndose a los cambios y capitalizando las nuevas tendencias de manera m\u00e1s efectiva que sus competidores.<\/p>\n\n\n\n<p>Adem\u00e1s, los consultores ayudan a los hoteles a comprender profundamente a sus clientes, desde sus preferencias hasta sus procesos de toma de decisiones, lo que les permite crear experiencias personalizadas que resuenen en los hu\u00e9spedes.<\/p>\n\n\n\n<h2 class=\"wp-block-heading\">\u00bfCu\u00e1les son los beneficios de la consultor\u00eda de estrategia hotelera?<\/h2>\n\n\n\n<p>By engaging in this specialized form of consulting, <a href=\"https:\/\/sisaisolutions.com\/application-of-ai-in-hospitality\/\" target=\"_blank\" rel=\"noopener\">hotels<\/a> can expect to gain significant advantages that propel them ahead in the competitive hospitality industry.<\/p>\n\n\n\n<ul class=\"wp-block-list\">\n<li><strong>Ventaja competitiva mejorada:<\/strong> Hotel strategy consulting provides insights and strategies that help hotels differentiate themselves in the market. <\/li>\n\n\n\n<li><strong>Mayores ingresos y rentabilidad:<\/strong> One of the primary goals of hotel strategy consulting is to improve the hotel\u2019s financial performance. <\/li>\n\n\n\n<li><strong>Adaptaci\u00f3n a las tendencias y cambios del mercado:<\/strong> La industria hotelera est\u00e1 en constante evoluci\u00f3n. Los consultores de estrategia hotelera est\u00e1n al tanto de las \u00faltimas tendencias y cambios del mercado, equipando a los hoteles con el conocimiento y las estrategias para adaptarse y seguir siendo relevantes.<\/li>\n\n\n\n<li><strong>Eficiencia operacional:<\/strong> Consultants can significantly improve a <a title=\"Consultor\u00eda de tecnolog\u00eda hotelera inteligente\" data-wpil-monitor-id=\"2838\" href=\"https:\/\/www.sisinternational.com\/es\/soluciones\/consultoria-de-hosteleria-y-turismo-en-viajes\/consultoria-de-tecnologia-hotelera-inteligente\/\">hotel\u2019s<\/a> day-to-day operations by analyzing current operational practices and introducing more efficient methods and technologies. <\/li>\n\n\n\n<li><strong>Crecimiento y expansi\u00f3n estrat\u00e9gicos:<\/strong> Consultants assist hotels in identifying and pursuing growth opportunities, whether through market expansion, new service offerings, or other strategic initiatives. <\/li>\n<\/ul>\n\n\n\n<h2 class=\"wp-block-heading\">\u00bfCu\u00e1ndo realizar una consultor\u00eda de estrategia hotelera?<\/h2>\n\n\n\n<p>Indicadores espec\u00edficos se\u00f1alan que podr\u00eda ser el momento adecuado para que un hotel busque esta orientaci\u00f3n especializada. Por ejemplo:<\/p>\n\n\n\n<ul class=\"wp-block-list\">\n<li><strong>Operaciones de expansi\u00f3n o reestructuraci\u00f3n:<\/strong> A medida que los hoteles consideran la expansi\u00f3n, ya sea a trav\u00e9s de nuevas propiedades, renovaciones o diversificaci\u00f3n de servicios, la orientaci\u00f3n estrat\u00e9gica se vuelve esencial. La consultor\u00eda puede ayudar a evaluar la viabilidad de estos proyectos y dise\u00f1ar un plan que maximice las posibilidades de \u00e9xito.<\/li>\n\n\n\n<li><strong>Disminuci\u00f3n de la satisfacci\u00f3n de los hu\u00e9spedes o de los ingresos:<\/strong> Si un hotel nota una ca\u00edda en los puntajes de satisfacci\u00f3n de los hu\u00e9spedes o una ca\u00edda en los ingresos, es un indicador claro de que se necesitan cambios operativos o estrat\u00e9gicos. La consultor\u00eda de estrategia hotelera puede identificar las causas fundamentales de estos problemas y recomendar soluciones efectivas.<\/li>\n\n\n\n<li><strong>Aumento de la competencia:<\/strong> Los hoteles pueden tener dificultades para mantener su posici\u00f3n en un mercado cada vez m\u00e1s competitivo. La consultor\u00eda de estrategia hotelera puede proporcionar nuevas perspectivas y estrategias innovadoras para ayudar a los hoteles a mantenerse competitivos y relevantes.<\/li>\n<\/ul>\n\n\n\n<h2 class=\"wp-block-heading\">Preguntas que debe hacerse antes de realizar una consultor\u00eda de estrategia hotelera<\/h2>\n\n\n\n<p>Antes de embarcarse en un contrato de consultor\u00eda de estrategia hotelera, es esencial hacer las preguntas correctas para garantizar el \u00e9xito y la eficacia del proceso de consultor\u00eda. Aqu\u00ed hay algunas preguntas clave a considerar:<\/p>\n\n\n\n<p><strong>\u00bfCu\u00e1les son los Objetivos Estrat\u00e9gicos del Hotel?<\/strong><\/p>\n\n\n\n<p>Understanding the hotel\u2019s overarching goals and objectives is crucial for aligning the consulting engagement with the hotel\u2019s vision and mission. <\/p>\n\n\n\n<p><strong>\u00bfCu\u00e1les son los desaf\u00edos y puntos d\u00e9biles actuales?<\/strong><\/p>\n\n\n\n<p>Identifying the hotel\u2019s current challenges, pain points, and areas for improvement provides valuable insights into the underlying issues that need to be addressed. <\/p>\n\n\n\n<p><strong>\u00bfCu\u00e1l es el panorama competitivo?<\/strong><\/p>\n\n\n\n<p>Analyzing the competitive landscape helps consultants understand the hotel\u2019s positioning relative to competitors, market trends, and emerging threats. <\/p>\n\n\n\n<p><strong>\u00bfCu\u00e1l es el mercado objetivo y la segmentaci\u00f3n de clientes?<\/strong><\/p>\n\n\n\n<p>Understanding the hotel\u2019s target market and customer segmentation is essential for developing tailored strategies that resonate with the target audience. <\/p>\n\n\n\n<p><strong>\u00bfQu\u00e9 recursos y capacidades est\u00e1n disponibles?<\/strong><\/p>\n\n\n\n<p>Assessing the hotel\u2019s resources, capabilities, and organizational readiness is critical for ensuring the feasibility and implementation of recommended strategies. <\/p>\n\n\n\n<p><strong>\u00bfQu\u00e9 indicadores clave de rendimiento (KPI) medir\u00e1n el \u00e9xito?<\/strong><\/p>\n\n\n\n<p>Establishing key performance indicators (KPIs) helps track progress, monitor performance, and evaluate the impact of consulting recommendations. <\/p>\n\n\n\n<h2 class=\"wp-block-heading\">\u00bfCu\u00e1les son las diferencias entre la consultor\u00eda de estrategia hotelera y la investigaci\u00f3n de mercado tradicional?<\/h2>\n\n\n\n<p>La investigaci\u00f3n de mercado tradicional se centra principalmente en recopilar y analizar datos sobre las tendencias del mercado, las preferencias de los clientes y las actividades de la competencia. Se trata de comprender el &quot;qu\u00e9&quot; y el &quot;por qu\u00e9&quot; de la din\u00e1mica del mercado.<\/p>\n\n\n\n<p>Adem\u00e1s, la consultor\u00eda de estrategia hotelera suele implicar un enfoque pr\u00e1ctico. Los consultores trabajan en estrecha colaboraci\u00f3n con la administraci\u00f3n y el personal del hotel, profundizando en los aspectos operativos del hotel para identificar \u00e1reas de mejora e implementar cambios. Esto podr\u00eda incluir redefinir los protocolos de servicio, optimizar la gesti\u00f3n de ingresos o integrar nuevas tecnolog\u00edas para mejorar la experiencia de los hu\u00e9spedes.<\/p>\n\n\n\n<h2 class=\"wp-block-heading\">Resultados esperados de la consultor\u00eda de estrategia hotelera de SIS International<\/h2>\n\n\n\n<p>Los servicios de consultor\u00eda de estrategia hotelera de SIS International est\u00e1n dise\u00f1ados para ofrecer resultados tangibles que impulsen el \u00e9xito empresarial y maximicen el retorno de la inversi\u00f3n. \u00c9stos son algunos de los resultados esperados:<\/p>\n\n\n\n<ul class=\"wp-block-list\">\n<li><strong>Rendimiento de ingresos optimizado:<\/strong> SIS International\u2019s consulting aims to optimize revenue performance by identifying revenue streams, maximizing pricing strategies, and implementing effective revenue management practices. <\/li>\n\n\n\n<li><strong>Eficiencia operativa mejorada:<\/strong> We work closely with hotel management teams to identify inefficiencies, streamline processes, and enhance productivity. <\/li>\n\n\n\n<li><strong>Mayor satisfacci\u00f3n de los hu\u00e9spedes:<\/strong> Our services focus on helping hotels enhance guest satisfaction and loyalty through personalized service, superior guest experiences, and innovative amenities. <\/li>\n<\/ul>\n\n\n\n<h2 class=\"wp-block-heading\">Oportunidades y desaf\u00edos para las empresas<\/h2>\n\n\n\n<p>La consultor\u00eda de estrategia hotelera abre muchas oportunidades para las empresas de la industria hotelera, permiti\u00e9ndoles mejorar sus operaciones, las experiencias de los hu\u00e9spedes y su posici\u00f3n general en el mercado. Exploremos algunas de estas oportunidades clave:<\/p>\n\n\n\n<ul class=\"wp-block-list\">\n<li><strong>Diferenciaci\u00f3n de mercado y marca:<\/strong> <a title=\"Consultor\u00eda de Identidad de Marca Hotelera\" data-wpil-monitor-id=\"2918\" href=\"https:\/\/www.sisinternational.com\/es\/soluciones\/consultoria-de-hosteleria-y-turismo-en-viajes\/consultoria-de-identidad-de-marca-hotelera\/\">Hotel strategy consulting<\/a> can assist businesses in developing a unique brand identity and market position. <\/li>\n\n\n\n<li><strong>Integraci\u00f3n Tecnol\u00f3gica:<\/strong> En una industria cada vez m\u00e1s impulsada por la tecnolog\u00eda, la consultor\u00eda puede ayudar a los hoteles a identificar e integrar las soluciones tecnol\u00f3gicas adecuadas para mejorar las operaciones y los servicios a los hu\u00e9spedes, como los sistemas de IA, IoT y CRM.<\/li>\n\n\n\n<li><strong>Pr\u00e1cticas Sostenibles:<\/strong> Con un enfoque cada vez mayor en la sostenibilidad, los consultores pueden ayudar a los hoteles a implementar pr\u00e1cticas y pol\u00edticas ecol\u00f3gicas que beneficien al medio ambiente y atraigan a los viajeros conscientes del medio ambiente.<\/li>\n\n\n\n<li><strong>Expansi\u00f3n y localizaci\u00f3n global:<\/strong> Para los hoteles que buscan expandirse a nuevos mercados, los consultores ofrecen informaci\u00f3n valiosa sobre la din\u00e1mica del mercado local, los matices culturales y el cumplimiento normativo, garantizando un enfoque exitoso y personalizado para cada nueva empresa.<\/li>\n<\/ul>\n\n\n\n<h2 class=\"wp-block-heading\">Desaf\u00edos para las empresas<\/h2>\n\n\n\n<p>Si bien la consultor\u00eda estrat\u00e9gica hotelera ofrece numerosos beneficios, tambi\u00e9n conlleva desaf\u00edos que las empresas deben superar, y reconocer y abordar estos desaf\u00edos es crucial para la implementaci\u00f3n exitosa de estrategias de consultor\u00eda.<\/p>\n\n\n\n<ul class=\"wp-block-list\">\n<li><strong>Adaptarse a los r\u00e1pidos cambios del mercado:<\/strong> La industria hotelera es din\u00e1mica, con cambios frecuentes en las preferencias de los consumidores, avances tecnol\u00f3gicos y factores econ\u00f3micos. Mantenerse \u00e1gil y receptivo a estos cambios sigue siendo un desaf\u00edo importante para los hoteles.<\/li>\n\n\n\n<li><strong>Integrando Nuevas Tecnolog\u00edas:<\/strong> Si bien la tecnolog\u00eda ofrece inmensos beneficios, la integraci\u00f3n de nuevos sistemas en las operaciones existentes puede resultar compleja. Se necesita una integraci\u00f3n fluida sin interrumpir los servicios continuos, la capacitaci\u00f3n del personal y la adaptaci\u00f3n.<\/li>\n\n\n\n<li><strong>Equilibrio entre costo e inversi\u00f3n:<\/strong> Invertir en nuevas estrategias y tecnolog\u00edas puede resultar costoso. Los hoteles deben equilibrar los costos inmediatos con los beneficios a largo plazo, garantizando que las inversiones generen un retorno de la inversi\u00f3n sustancial.<\/li>\n\n\n\n<li><strong>Preocupaciones sobre la seguridad y privacidad de los datos:<\/strong> Con el uso cada vez mayor de an\u00e1lisis de datos y herramientas digitales, proteger los datos de los hu\u00e9spedes y cumplir con las normas de privacidad es una preocupaci\u00f3n y un desaf\u00edo crecientes.<\/li>\n\n\n\n<li><strong>Resistencia cultural y operativa:<\/strong> A veces, puede ocurrir resistencia dentro de la organizaci\u00f3n a nuevas estrategias y cambios, especialmente si alteran significativamente las pr\u00e1cticas o normas culturales establecidas.<\/li>\n<\/ul>\n\n\n\n<h2 class=\"wp-block-heading\">C\u00f3mo los servicios de consultor\u00eda de estrategia hotelera de SIS International ayudan a las empresas<\/h2>\n\n\n\n<p>Here\u2019s how SIS International\u2019s expertise and services add value to hotels and hospitality businesses:<\/p>\n\n\n\n<p><strong>Planificaci\u00f3n estrat\u00e9gica<\/strong><\/p>\n\n\n\n<p>SIS International helps hotels identify growth opportunities, mitigate risks, and develop actionable strategies that drive long-term success by conducting thorough analyses of market trends, competitive landscapes, and internal capabilities.<\/p>\n\n\n\n<p><strong>An\u00e1lisis y Posicionamiento de Mercado<\/strong><\/p>\n\n\n\n<p>SIS International provides in-depth market analysis and positioning strategies to help hotels differentiate themselves in a competitive marketplace. <\/p>\n\n\n\n<p><strong>Excelencia operativa<\/strong><\/p>\n\n\n\n<p>SIS helps hotels streamline operations, reduce costs, and deliver exceptional service that exceeds guest expectations by conducting operational assessments, process optimizations, and staff training initiatives.<\/p>\n\n\n\n<p><strong>Integraci\u00f3n de Innovaci\u00f3n y Tecnolog\u00eda<\/strong><\/p>\n\n\n\n<p>We help hotels embrace innovation and technology to stay ahead of market trends and meet evolving guest expectations. By identifying emerging technologies, trends, and best practices, <\/p>\n\n\n\n<p><strong>Asociaciones colaborativas<\/strong><\/p>\n\n\n\n<p>SIS fosters partnerships with hotels, vendors, and industry stakeholders to facilitate knowledge sharing, best practices, and industry insights. <\/p>\n\n\n\n<h2 class=\"wp-block-heading\">Acerca de SIS Consultor\u00eda Internacional<\/h2>\n\n\n\n<p>SIS International Consulting se especializa en brindar soluciones estrat\u00e9gicas personalizadas a empresas de todo el mundo. Nuestros consultores expertos ofrecen servicios integrales de asesoramiento en entrada al mercado, expansi\u00f3n empresarial, planificaci\u00f3n estrat\u00e9gica y desarrollo organizacional. Nos asociamos con clientes, desde an\u00e1lisis de mercado hasta soporte de implementaci\u00f3n, para impulsar un crecimiento sostenible y una ventaja competitiva. Cont\u00e1ctenos para explorar c\u00f3mo nuestra experiencia en consultor\u00eda puede potenciar su negocio.<\/p>","protected":false},"excerpt":{"rendered":"<p>La consultor\u00eda de estrategia hotelera es una asociaci\u00f3n estrat\u00e9gica que ayuda a los hoteles a adaptarse a los cambios de la industria con conocimientos y t\u00e1cticas.<\/p>","protected":false},"author":1,"featured_media":62546,"parent":44644,"menu_order":3,"comment_status":"closed","ping_status":"closed","template":"","meta":{"footnotes":""},"class_list":["post-45566","page","type-page","status-publish","has-post-thumbnail"],"_links":{"self":[{"href":"https:\/\/www.sisinternational.com\/es\/wp-json\/wp\/v2\/pages\/45566","targetHints":{"allow":["GET"]}}],"collection":[{"href":"https:\/\/www.sisinternational.com\/es\/wp-json\/wp\/v2\/pages"}],"about":[{"href":"https:\/\/www.sisinternational.com\/es\/wp-json\/wp\/v2\/types\/page"}],"author":[{"embeddable":true,"href":"https:\/\/www.sisinternational.com\/es\/wp-json\/wp\/v2\/users\/1"}],"replies":[{"embeddable":true,"href":"https:\/\/www.sisinternational.com\/es\/wp-json\/wp\/v2\/comments?post=45566"}],"version-history":[{"count":16,"href":"https:\/\/www.sisinternational.com\/es\/wp-json\/wp\/v2\/pages\/45566\/revisions"}],"predecessor-version":[{"id":82088,"href":"https:\/\/www.sisinternational.com\/es\/wp-json\/wp\/v2\/pages\/45566\/revisions\/82088"}],"up":[{"embeddable":true,"href":"https:\/\/www.sisinternational.com\/es\/wp-json\/wp\/v2\/pages\/44644"}],"wp:featuredmedia":[{"embeddable":true,"href":"https:\/\/www.sisinternational.com\/es\/wp-json\/wp\/v2\/media\/62546"}],"wp:attachment":[{"href":"https:\/\/www.sisinternational.com\/es\/wp-json\/wp\/v2\/media?parent=45566"}],"curies":[{"name":"wp","href":"https:\/\/api.w.org\/{rel}","templated":true}]}}