{"id":45122,"date":"2024-01-15T02:12:00","date_gmt":"2024-01-15T07:12:00","guid":{"rendered":"https:\/\/www.sisinternational.com\/?page_id=45122"},"modified":"2026-02-18T12:35:57","modified_gmt":"2026-02-18T17:35:57","slug":"franquicias-automatizacion-consultoria-en-inteligencia-artificial","status":"publish","type":"page","link":"https:\/\/www.sisinternational.com\/es\/soluciones\/investigacion-de-mercado-de-ia-y-consultoria-estrategica\/franquicias-automatizacion-consultoria-en-inteligencia-artificial\/","title":{"rendered":"Consultor\u00eda en Automatizaci\u00f3n de Franquicias e Inteligencia Artificial"},"content":{"rendered":"<h1 class=\"wp-block-heading\">Consultor\u00eda en Automatizaci\u00f3n de Franquicias e Inteligencia Artificial<\/h1>\n\n\n\n<figure class=\"gb-block-image gb-block-image-d0d9d8e5\"><img loading=\"lazy\" decoding=\"async\" width=\"1456\" height=\"816\" class=\"gb-image gb-image-d0d9d8e5\" src=\"https:\/\/www.sisinternational.com\/wp-content\/uploads\/2025\/08\/Franchise-2.jpg\" alt=\"Investigaci\u00f3n y estrategia de mercado internacional de SIS\" title=\"Franchise (2)\" srcset=\"https:\/\/www.sisinternational.com\/wp-content\/uploads\/2025\/08\/Franchise-2.jpg 1456w, https:\/\/www.sisinternational.com\/wp-content\/uploads\/2025\/08\/Franchise-2-300x168.jpg 300w, https:\/\/www.sisinternational.com\/wp-content\/uploads\/2025\/08\/Franchise-2-1024x574.jpg 1024w, https:\/\/www.sisinternational.com\/wp-content\/uploads\/2025\/08\/Franchise-2-768x430.jpg 768w, https:\/\/www.sisinternational.com\/wp-content\/uploads\/2025\/08\/Franchise-2-18x10.jpg 18w\" sizes=\"auto, (max-width: 1456px) 100vw, 1456px\"><\/figure>\n\n\n\n<p><\/p>\n\n\n\n<p>En un mundo donde la industria hotelera evoluciona continuamente\u2026 \u00bfC\u00f3mo pueden las empresas mantenerse a la vanguardia? La automatizaci\u00f3n de franquicias y la consultor\u00eda en inteligencia artificial se est\u00e1n convirtiendo en elementos revolucionarios. Estos enfoques innovadores est\u00e1n remodelando la forma en que operan las empresas franquiciadas, ofreciendo una combinaci\u00f3n de eficiencia, personalizaci\u00f3n y conocimiento estrat\u00e9gico que antes estaba fuera de su alcance.<\/p>\n\n\n\n<h2 class=\"wp-block-heading\">\u00bfQu\u00e9 es la automatizaci\u00f3n de franquicias y la consultor\u00eda en inteligencia artificial?<\/h2>\n\n\n\n<p>Franchising <a title=\"Consultor\u00eda en automatizaci\u00f3n de flujos de trabajo e inteligencia artificial\" data-wpil-monitor-id=\"4798\" href=\"https:\/\/www.sisinternational.com\/es\/soluciones\/investigacion-de-mercado-de-ia-y-consultoria-estrategica\/automatizacion-del-flujo-de-trabajo-consultoria-de-inteligencia-artificial\/\">automation and artificial intelligence consulting<\/a> is a rapidly evolving field that integrates cutting-edge technology into various aspects of franchise management. <\/p>\n\n\n\n<p>Por ejemplo, la automatizaci\u00f3n en las franquicias de hoteles y restaurantes agiliza procesos como los sistemas de reservas, la gesti\u00f3n de inventario, el an\u00e1lisis de los comentarios de los clientes e incluso la dotaci\u00f3n de personal. Automatiza tareas rutinarias, liberando recursos humanos para centrarse en aspectos m\u00e1s cr\u00edticos del negocio, como la experiencia del hu\u00e9sped y la calidad del servicio.<\/p>\n\n\n\n<h2 class=\"wp-block-heading\">\u00bfQu\u00e9 importancia tiene hoy en d\u00eda la automatizaci\u00f3n de franquicias y la consultor\u00eda en inteligencia artificial?<\/h2>\n\n\n\n<p>Today\u2019s consumers expect personalized experiences \u2013 and franchising <a title=\"Consultor\u00eda en Automatizaci\u00f3n Sanitaria e Inteligencia Artificial\" href=\"https:\/\/www.sisinternational.com\/es\/soluciones\/investigacion-de-mercado-de-ia-y-consultoria-estrategica\/consultoria-de-inteligencia-artificial-en-automatizacion-sanitaria\/\" data-wpil-monitor-id=\"4881\">automation and artificial intelligence consulting<\/a> help businesses understand and predict customer preferences, and tailor their services and offerings.<\/p>\n\n\n\n<p>Adem\u00e1s, la automatizaci\u00f3n agiliza estos procesos, aumenta la eficiencia y reduce la probabilidad de errores, lo cual es esencial para mantener la reputaci\u00f3n de la marca en todas las franquicias.<\/p>\n\n\n\n<p>In franchising, making informed decisions is also crucial for both the franchisor and franchisee. Franchising <a title=\"Consultor\u00eda en Automatizaci\u00f3n e Inteligencia Artificial B2B\" href=\"https:\/\/www.sisinternational.com\/es\/soluciones\/investigacion-de-mercado-de-ia-y-consultoria-estrategica\/consultoria-de-inteligencia-artificial-en-automatizacion-b2b\/\" data-wpil-monitor-id=\"6873\">automation and artificial intelligence consulting<\/a> provide a deeper understanding of market trends, customer feedback, and operational performance, enabling better decision-making.<\/p>\n\n\n\n<h2 class=\"wp-block-heading\">\u00bfCu\u00e1les son los beneficios de la automatizaci\u00f3n de franquicias y la consultor\u00eda en inteligencia artificial?<\/h2>\n\n\n\n<p>La integraci\u00f3n de la automatizaci\u00f3n y la inteligencia artificial en el mundo de las franquicias aporta una serie de ventajas importantes que est\u00e1n transformando la forma en que estas empresas operan e interact\u00faan con sus clientes. He aqu\u00ed un vistazo m\u00e1s de cerca a los principales beneficios:<\/p>\n\n\n\n<ul class=\"wp-block-list\">\n<li><strong>Experiencia del cliente mejorada:<\/strong> AI enables a personalized customer experience by analyzing guest preferences and behavior. <\/li>\n\n\n\n<li><strong>Eficiencia operacional:<\/strong> Automation streamlines everyday operations such as reservations, check-ins, inventory management, and staff scheduling. <\/li>\n\n\n\n<li><strong>Ahorro de costes:<\/strong> Al automatizar tareas rutinarias y optimizar diversos aspectos operativos, las franquicias pueden lograr importantes ahorros de costos. La reducci\u00f3n de la mano de obra y la mejora de la eficiencia contribuyen a reducir los costos operativos y aumentar la rentabilidad.<\/li>\n\n\n\n<li><strong>Coherencia en la prestaci\u00f3n de servicios:<\/strong> Maintaining consistent service quality across franchises is crucial. Franchising <a title=\"Consultor\u00eda en Automatizaci\u00f3n de Branding e Inteligencia Artificial\" data-wpil-monitor-id=\"6892\" href=\"https:\/\/www.sisinternational.com\/es\/soluciones\/investigacion-de-mercado-de-ia-y-consultoria-estrategica\/consultoria-de-ia-en-automatizacion-de-marca\/\">automation and artificial intelligence consulting<\/a> ensure that all franchise operations adhere to set standards, providing a consistent brand experience for customers.<\/li>\n\n\n\n<li><strong>Ventaja competitiva:<\/strong> Las franquicias que aprovechan la inteligencia artificial y la automatizaci\u00f3n est\u00e1n mejor posicionadas para mantenerse a la vanguardia en la competitiva industria hotelera. Pueden adaptarse r\u00e1pidamente a los cambios del mercado y a las necesidades de los clientes, manteniendo una ventaja.<\/li>\n<\/ul>\n\n\n\n<h2 class=\"wp-block-heading\">Factores clave de \u00e9xito en la automatizaci\u00f3n de franquicias y la consultor\u00eda de inteligencia artificial para hoteles y restaurantes<\/h2>\n\n\n\n<p>To successfully implement franchising automation and <a title=\"Consultor\u00eda en Inteligencia Artificial para Viajes\" href=\"https:\/\/www.sisinternational.com\/es\/soluciones\/investigacion-de-mercado-de-ia-y-consultoria-estrategica\/consultoria-de-inteligencia-artificial-para-viajes\/\" data-wpil-monitor-id=\"6904\">artificial intelligence consulting<\/a>, businesses must consider several key success factors to ensure that the integration of these technologies brings tangible benefits and aligns with the overall business strategy.<\/p>\n\n\n\n<ul class=\"wp-block-list\">\n<li><strong>Personalizaci\u00f3n seg\u00fan los est\u00e1ndares de la marca:<\/strong> En las franquicias, mantener la coherencia de la marca es esencial. Las soluciones de automatizaci\u00f3n e inteligencia artificial deben personalizarse para mantener y reforzar los est\u00e1ndares, el esp\u00edritu y las expectativas de servicio al cliente de la marca en todas las ubicaciones.<\/li>\n\n\n\n<li><strong>Calidad e Integraci\u00f3n de Datos:<\/strong> Los datos fiables y de alta calidad son cruciales para los sistemas de IA. Garantizar la integraci\u00f3n de las herramientas de IA con las fuentes de datos y los sistemas existentes dentro de la franquicia es vital para un an\u00e1lisis preciso y eficaz.<\/li>\n\n\n\n<li><strong>Centrarse en la experiencia del cliente:<\/strong> AI and automation initiatives should always aim to enhance the customer experience. <\/li>\n\n\n\n<li><strong>Monitoreo y Adaptaci\u00f3n Continua:<\/strong> Regular monitoring and updating of AI and automation systems are necessary to ensure they remain effective and relevant. <\/li>\n\n\n\n<li><strong>Cumplimiento y consideraciones \u00e9ticas:<\/strong> Es fundamental cumplir con los est\u00e1ndares legales y \u00e9ticos, especialmente en el manejo de datos y la privacidad del cliente. Cumplir con las regulaciones y mantener pr\u00e1cticas transparentes es importante para mantener la confianza del cliente y la reputaci\u00f3n de la marca.<\/li>\n<\/ul>\n\n\n\n<h2 class=\"wp-block-heading\">Los resultados de la automatizaci\u00f3n de franquicias y la consultor\u00eda en inteligencia artificial para empresas<\/h2>\n\n\n\n<p>Franchising <a title=\"Consultor\u00eda en Automatizaci\u00f3n de Restaurantes e Inteligencia Artificial\" href=\"https:\/\/www.sisinternational.com\/es\/soluciones\/investigacion-de-mercado-de-ia-y-consultoria-estrategica\/automatizacion-de-restaurantes-consultoria-de-inteligencia-artificial\/\" data-wpil-monitor-id=\"7235\">automation and artificial intelligence consulting<\/a> delivers a range of transformative outcomes. These advancements are designed to enhance operational efficiency, improve customer experiences, and provide strategic advantages.<\/p>\n\n\n\n<ul class=\"wp-block-list\">\n<li><strong>Servicio al cliente optimizado:<\/strong> La IA permite experiencias personalizadas para los hu\u00e9spedes, desde recomendaciones personalizadas hasta una resoluci\u00f3n eficiente de problemas. La automatizaci\u00f3n en el servicio al cliente puede generar tiempos de respuesta m\u00e1s r\u00e1pidos y una mayor satisfacci\u00f3n de los hu\u00e9spedes.<\/li>\n\n\n\n<li><strong>Informaci\u00f3n basada en datos para la toma de decisiones estrat\u00e9gicas:<\/strong> La capacidad de la IA para analizar las tendencias del mercado, los comentarios de los clientes y los datos operativos proporciona informaci\u00f3n valiosa para la planificaci\u00f3n estrat\u00e9gica, el dise\u00f1o de men\u00fas y las estrategias de marketing.<\/li>\n\n\n\n<li><strong>Gesti\u00f3n mejorada de inventario y cadena de suministro:<\/strong> Las herramientas de automatizaci\u00f3n ayudan a gestionar eficientemente el inventario y las cadenas de suministro, reducir el desperdicio y optimizar los procesos de adquisici\u00f3n.<\/li>\n\n\n\n<li><strong>Coherencia entre franquicias:<\/strong> Garantizar una experiencia de marca coherente en diferentes ubicaciones es crucial en las franquicias. La IA y la automatizaci\u00f3n pueden estandarizar las operaciones y los servicios, manteniendo la coherencia de la marca.<\/li>\n\n\n\n<li><strong>An\u00e1lisis empresarial en tiempo real:<\/strong> Las herramientas de inteligencia artificial brindan an\u00e1lisis en tiempo real sobre el desempe\u00f1o comercial, las preferencias de los hu\u00e9spedes y las condiciones del mercado, lo que permite realizar ajustes oportunos y tomar decisiones informadas.<\/li>\n<\/ul>\n\n\n\n<h2 class=\"wp-block-heading\">Tendencias actuales en automatizaci\u00f3n de franquicias y consultor\u00eda en inteligencia artificial<\/h2>\n\n\n\n<p>The landscape of franchising is continually evolving with advancements in technology. Automation and artificial intelligence are at the forefront of this transformation, driving significant changes in how these businesses operate and interact with customers. Here are some of the current trends in franchising <a title=\"Consultor\u00eda en Automatizaci\u00f3n de Ventas e Inteligencia Artificial\" href=\"https:\/\/www.sisinternational.com\/es\/soluciones\/investigacion-de-mercado-de-ia-y-consultoria-estrategica\/automatizacion-de-ventas-consultoria-de-inteligencia-artificial\/\" data-wpil-monitor-id=\"7242\">automation and artificial intelligence consulting<\/a>:<\/p>\n\n\n\n<ul class=\"wp-block-list\">\n<li><strong>Chatbots y asistentes virtuales:<\/strong> El uso de chatbots y asistentes virtuales con tecnolog\u00eda de inteligencia artificial para el servicio al cliente va en aumento. Estas herramientas manejan reservas, responden consultas y brindan informaci\u00f3n, mejorando la interacci\u00f3n con el cliente y liberando al personal para otras tareas.<\/li>\n\n\n\n<li><strong>Experiencia de hu\u00e9sped mejorada a trav\u00e9s de IoT:<\/strong> La integraci\u00f3n de la IA con el Internet de las cosas (IoT) en la automatizaci\u00f3n de habitaciones, como termostatos inteligentes y dispositivos controlados por voz, est\u00e1 mejorando la experiencia de los hu\u00e9spedes en los hoteles.<\/li>\n\n\n\n<li><strong>Sostenibilidad y Eficiencia:<\/strong> AI is contributing to sustainability efforts, helping hotels and restaurants reduce <a title=\"Consultor\u00eda de estrategia de automatizaci\u00f3n\" data-wpil-monitor-id=\"7444\" href=\"https:\/\/www.sisinternational.com\/es\/sistemas-de-automatizacion-de-procesos-en-los-ee-uu\/\">energy consumption and waste through smart automation<\/a> and predictive analytics.<\/li>\n<\/ul>\n\n\n\n<h2 class=\"wp-block-heading\">Tecnolog\u00edas y herramientas aprovechadas por la automatizaci\u00f3n de franquicias y la consultor\u00eda en inteligencia artificial<\/h2>\n\n\n\n<p>In the realm of franchising <a class=\"wpil_keyword_link\" href=\"https:\/\/www.sisinternational.com\/es\/soluciones\/investigacion-de-mercado-de-ia-y-consultoria-estrategica\/consultoria-de-inteligencia-artificial-en-automatizacion\/\"   title=\"Consultor\u00eda en Automatizaci\u00f3n e Inteligencia Artificial\" data-wpil-keyword-link=\"linked\"  data-wpil-monitor-id=\"11332\">automation and artificial intelligence consulting<\/a>, various technologies and tools are being leveraged to enhance operations, customer service, and strategic decision-making. Here are some key technologies and specific tools or brands that are shaping the industry:<\/p>\n\n\n\n<ul class=\"wp-block-list\">\n<li><strong>Chatbots y asistentes virtuales:<\/strong> Plataformas como IBM Watson Assistant y Chatfuel ofrecen chatbots con tecnolog\u00eda de inteligencia artificial para servicio al cliente, gesti\u00f3n de reservas, consultas y recomendaciones personalizadas.<\/li>\n\n\n\n<li><strong>Software de an\u00e1lisis predictivo:<\/strong> Herramientas como SAS Analytics y Tableau proporcionan potentes an\u00e1lisis predictivos que ayudan a las franquicias a realizar pron\u00f3sticos de demanda, gesti\u00f3n de inventario y an\u00e1lisis de mercado.<\/li>\n\n\n\n<li><strong>Automatizaci\u00f3n Rob\u00f3tica de Procesos (RPA):<\/strong> Software como UiPath y Automation Anywhere automatizan las tareas administrativas rutinarias, agilizando las operaciones y reduciendo los errores manuales.<\/li>\n\n\n\n<li><strong>Integraci\u00f3n de IoT para operaciones inteligentes:<\/strong> Tecnolog\u00edas como Nest para termostatos inteligentes y Philips Hue para iluminaci\u00f3n inteligente permiten la automatizaci\u00f3n y optimizaci\u00f3n del entorno f\u00edsico en hoteles y restaurantes.<\/li>\n\n\n\n<li><strong>Herramientas de gesti\u00f3n de reputaci\u00f3n online:<\/strong> Las herramientas de inteligencia artificial, como ReviewPro y Reputation.com, analizan y gestionan rese\u00f1as en l\u00ednea y comentarios en las redes sociales, lo que ayuda a las franquicias a mantener una presencia positiva en l\u00ednea.<\/li>\n\n\n\n<li><strong>Herramientas de marketing impulsadas por IA:<\/strong> Herramientas como Marketo y Adobe Marketing Cloud utilizan IA para optimizar las campa\u00f1as de marketing y dirigirse a los clientes adecuados con contenido personalizado.<\/li>\n\n\n\n<li><strong>Software de gesti\u00f3n de la cadena de suministro:<\/strong> Sistemas como Oracle SCM y SAP SCM ofrecen soluciones automatizadas de gesti\u00f3n de la cadena de suministro, optimizando los procesos de adquisici\u00f3n e inventario.<\/li>\n<\/ul>\n\n\n\n<h2 class=\"wp-block-heading\">Oportunidades en automatizaci\u00f3n de franquicias y consultor\u00eda en inteligencia artificial para empresas<\/h2>\n\n\n\n<p>Esta consultor\u00eda ofrece una gran cantidad de oportunidades para las empresas, allanando el camino para estrategias operativas innovadoras, mejores experiencias de los clientes y modelos comerciales m\u00e1s inteligentes. He aqu\u00ed un vistazo a las oportunidades clave:<\/p>\n\n\n\n<ul class=\"wp-block-list\">\n<li><strong>Toma de decisiones basada en datos:<\/strong> Con la IA, las empresas pueden aprovechar el an\u00e1lisis de big data para tomar decisiones informadas sobre la expansi\u00f3n del mercado, las ofertas de servicios y las estrategias de marketing, garantizando que estas decisiones est\u00e9n respaldadas por conocimientos integrales del mercado.<\/li>\n\n\n\n<li><strong>Marketing personalizado y participaci\u00f3n del cliente:<\/strong> Al analizar los datos de los clientes, la IA puede ayudar a dise\u00f1ar campa\u00f1as de marketing personalizadas y estrategias de participaci\u00f3n, dirigi\u00e9ndose a los clientes con ofertas y experiencias adaptadas a sus preferencias.<\/li>\n\n\n\n<li><strong>Iniciativas de sostenibilidad:<\/strong> La IA y la automatizaci\u00f3n pueden contribuir a los esfuerzos de sostenibilidad en las operaciones de franquicia, como reducir el consumo de energ\u00eda, minimizar el desperdicio de alimentos y optimizar la utilizaci\u00f3n de recursos.<\/li>\n<\/ul>\n\n\n\n<h2 class=\"wp-block-heading\">Desaf\u00edos de la automatizaci\u00f3n de franquicias y la consultor\u00eda de inteligencia artificial para empresas<\/h2>\n\n\n\n<p>Si bien la adopci\u00f3n de la automatizaci\u00f3n de franquicias y la consultor\u00eda en inteligencia artificial presenta numerosas oportunidades, tambi\u00e9n incluye numerosas oportunidades como:<\/p>\n\n\n\n<ul class=\"wp-block-list\">\n<li><strong>Privacidad y seguridad de datos:<\/strong> Con el mayor uso de los datos de los clientes para personalizaci\u00f3n y an\u00e1lisis, mantener la privacidad y la seguridad de los datos se vuelve primordial. Las franquicias deben navegar por complejas regulaciones de protecci\u00f3n de datos y garantizar la confianza del cliente.<\/li>\n\n\n\n<li><strong>Integraci\u00f3n con sistemas existentes:<\/strong> La integraci\u00f3n perfecta de nuevas tecnolog\u00edas con los sistemas y procesos existentes puede ser un desaf\u00edo y puede requerir cambios sustanciales en los modelos operativos actuales.<\/li>\n\n\n\n<li><strong>Coherencia entre franquicias:<\/strong> Garantizar que las tecnolog\u00edas de automatizaci\u00f3n e inteligencia artificial se implementen y mantengan de manera consistente en todas las ubicaciones de las franquicias para mantener est\u00e1ndares de servicio uniformes es un desaf\u00edo.<\/li>\n<\/ul>\n\n\n\n<h2 class=\"wp-block-heading\">Soluciones SIS: Automatizaci\u00f3n de Franquicias y Consultor\u00eda en Inteligencia Artificial<\/h2>\n\n\n\n<p>En SIS, entendemos el potencial transformador de la automatizaci\u00f3n de las franquicias y la inteligencia artificial para remodelar la industria hotelera. Nuestras soluciones de consultor\u00eda ofrecen una hoja de ruta estrat\u00e9gica para que las empresas franquiciadas aprovechen el poder de la automatizaci\u00f3n y la inteligencia artificial, impulsando la eficiencia, la personalizaci\u00f3n y el conocimiento estrat\u00e9gico en todas las ubicaciones de la franquicia. As\u00ed es como podemos ayudar:<\/p>\n\n\n\n<ul class=\"wp-block-list\">\n<li><strong>An\u00e1lisis integral del mercado:<\/strong> Nuestro equipo realiza an\u00e1lisis de mercado integrales para identificar tendencias emergentes, preferencias de los clientes y din\u00e1micas competitivas dentro de la industria hotelera. Brindamos informaci\u00f3n sobre c\u00f3mo la automatizaci\u00f3n y la inteligencia artificial est\u00e1n remodelando las operaciones de franquicia y ofrecemos recomendaciones estrat\u00e9gicas para capitalizar nuevas oportunidades.<\/li>\n\n\n\n<li><strong>Desarrollo de soluciones personalizadas:<\/strong> We develop customized automation and AI solutions tailored to address the specific needs and goals of franchised businesses. <\/li>\n\n\n\n<li><strong>Participaci\u00f3n de los interesados:<\/strong> Involucramos a todas las partes interesadas, incluidos franquiciadores, franquiciados, empleados y clientes, para garantizar la alineaci\u00f3n y la aceptaci\u00f3n de las iniciativas de IA. Nuestro enfoque implica educar a las partes interesadas sobre los beneficios de la automatizaci\u00f3n y la IA, abordar inquietudes y fomentar una cultura de innovaci\u00f3n y colaboraci\u00f3n en todas las ubicaciones de las franquicias.<\/li>\n\n\n\n<li><strong>Experiencia t\u00e9cnica e infraestructura:<\/strong> We provide technical expertise and infrastructure support to help franchised businesses navigate the complexities of implementing AI solutions. <\/li>\n\n\n\n<li><strong>Consideraciones \u00e9ticas y cumplimiento:<\/strong> Nos aseguramos de que las iniciativas de IA cumplan con est\u00e1ndares \u00e9ticos y requisitos regulatorios, especialmente en el manejo de datos y la privacidad del cliente. El cumplimiento de las regulaciones y las pr\u00e1cticas transparentes son esenciales para mantener la confianza del cliente y la reputaci\u00f3n de la marca en todas las franquicias.<\/li>\n\n\n\n<li><strong>Monitoreo y optimizaci\u00f3n continuos:<\/strong> Apoyamos a las empresas franquiciadas a monitorear y optimizar continuamente sus sistemas de inteligencia artificial en funci\u00f3n de comentarios, nuevos datos y avances tecnol\u00f3gicos. Nuestro enfoque implica evaluaciones, actualizaciones y ajustes peri\u00f3dicos del desempe\u00f1o para garantizar que las iniciativas de IA sigan siendo efectivas y alineadas con los objetivos comerciales.<\/li>\n\n\n\n<li><strong>Formaci\u00f3n y Gesti\u00f3n del Cambio:<\/strong> Brindamos capacitaci\u00f3n y soporte de gesti\u00f3n de cambios para ayudar a los empleados a adaptarse a las nuevas tecnolog\u00edas y flujos de trabajo de IA. Nuestro enfoque implica capacitaci\u00f3n pr\u00e1ctica, talleres y soporte continuo para garantizar que los empleados tengan las habilidades y los conocimientos necesarios para tener \u00e9xito en un entorno impulsado por la IA.<\/li>\n\n\n\n<li><\/li>\n<\/ul>\n\n\n\n<h2 class=\"wp-block-heading\">Acerca de SIS Internacional<\/h2>\n\n\n\n<p>SIS International ofrece investigaci\u00f3n cuantitativa, cualitativa y estrat\u00e9gica. Proporcionamos datos, herramientas, estrategias, informes y insights para la toma de decisiones. Realizamos entrevistas, encuestas, grupos focales y muchos otros m\u00e9todos y enfoques de investigaci\u00f3n de mercado. Cont\u00e1ctenos para su pr\u00f3ximo proyecto de Investigaci\u00f3n de Mercado.<\/p>","protected":false},"excerpt":{"rendered":"<p>La automatizaci\u00f3n de franquicias y la consultor\u00eda de inteligencia artificial son un campo en evoluci\u00f3n que integra tecnolog\u00eda de punta en la gesti\u00f3n de franquicias.<\/p>","protected":false},"author":1,"featured_media":63810,"parent":44406,"menu_order":40,"comment_status":"closed","ping_status":"closed","template":"","meta":{"footnotes":""},"class_list":["post-45122","page","type-page","status-publish","has-post-thumbnail"],"_links":{"self":[{"href":"https:\/\/www.sisinternational.com\/es\/wp-json\/wp\/v2\/pages\/45122","targetHints":{"allow":["GET"]}}],"collection":[{"href":"https:\/\/www.sisinternational.com\/es\/wp-json\/wp\/v2\/pages"}],"about":[{"href":"https:\/\/www.sisinternational.com\/es\/wp-json\/wp\/v2\/types\/page"}],"author":[{"embeddable":true,"href":"https:\/\/www.sisinternational.com\/es\/wp-json\/wp\/v2\/users\/1"}],"replies":[{"embeddable":true,"href":"https:\/\/www.sisinternational.com\/es\/wp-json\/wp\/v2\/comments?post=45122"}],"version-history":[{"count":12,"href":"https:\/\/www.sisinternational.com\/es\/wp-json\/wp\/v2\/pages\/45122\/revisions"}],"predecessor-version":[{"id":82991,"href":"https:\/\/www.sisinternational.com\/es\/wp-json\/wp\/v2\/pages\/45122\/revisions\/82991"}],"up":[{"embeddable":true,"href":"https:\/\/www.sisinternational.com\/es\/wp-json\/wp\/v2\/pages\/44406"}],"wp:featuredmedia":[{"embeddable":true,"href":"https:\/\/www.sisinternational.com\/es\/wp-json\/wp\/v2\/media\/63810"}],"wp:attachment":[{"href":"https:\/\/www.sisinternational.com\/es\/wp-json\/wp\/v2\/media?parent=45122"}],"curies":[{"name":"wp","href":"https:\/\/api.w.org\/{rel}","templated":true}]}}