{"id":45115,"date":"2024-01-14T18:11:33","date_gmt":"2024-01-14T23:11:33","guid":{"rendered":"https:\/\/www.sisinternational.com\/?page_id=45115"},"modified":"2026-01-27T15:18:11","modified_gmt":"2026-01-27T20:18:11","slug":"consultoria-de-inteligencia-artificial-de-automatizacion-de-banca-de-inversion","status":"publish","type":"page","link":"https:\/\/www.sisinternational.com\/es\/soluciones\/investigacion-de-consultoria-estrategica-fintech\/consultoria-de-inteligencia-artificial-de-automatizacion-de-banca-de-inversion\/","title":{"rendered":"Consultor\u00eda en Automatizaci\u00f3n e Inteligencia Artificial de Banca de Inversi\u00f3n"},"content":{"rendered":"<h1 class=\"wp-block-heading\">Consultor\u00eda en Automatizaci\u00f3n e Inteligencia Artificial de Banca de Inversi\u00f3n<\/h1>\n\n\n\n<figure class=\"gb-block-image gb-block-image-43d7bffa\"><img loading=\"lazy\" decoding=\"async\" width=\"1456\" height=\"816\" class=\"gb-image gb-image-43d7bffa\" src=\"https:\/\/www.sisinternational.com\/wp-content\/uploads\/2025\/10\/Investment-Banking-Automation-2.jpg\" alt=\"Investigaci\u00f3n y estrategia de mercado internacional de SIS\" title=\"Investment Banking Automation (2)\" srcset=\"https:\/\/www.sisinternational.com\/wp-content\/uploads\/2025\/10\/Investment-Banking-Automation-2.jpg 1456w, https:\/\/www.sisinternational.com\/wp-content\/uploads\/2025\/10\/Investment-Banking-Automation-2-300x168.jpg 300w, https:\/\/www.sisinternational.com\/wp-content\/uploads\/2025\/10\/Investment-Banking-Automation-2-1024x574.jpg 1024w, https:\/\/www.sisinternational.com\/wp-content\/uploads\/2025\/10\/Investment-Banking-Automation-2-768x430.jpg 768w, https:\/\/www.sisinternational.com\/wp-content\/uploads\/2025\/10\/Investment-Banking-Automation-2-18x10.jpg 18w\" sizes=\"auto, (max-width: 1456px) 100vw, 1456px\"><\/figure>\n\n\n\n<p><\/p>\n\n\n\n<hr class=\"wp-block-separator has-alpha-channel-opacity\"\/>\n\n\n\n<p>\u00bfEst\u00e1 aprovechando el poder de la tecnolog\u00eda de vanguardia para mantenerse a la vanguardia? La llegada de la automatizaci\u00f3n de la banca de inversi\u00f3n y la consultor\u00eda en inteligencia artificial marca una nueva era en las finanzas, combinando la experiencia bancaria tradicional con la innovaci\u00f3n de la IA y la automatizaci\u00f3n. Esta combinaci\u00f3n no consiste s\u00f3lo en transformar las operaciones; est\u00e1 redefiniendo las posibilidades de la banca de inversi\u00f3n.<\/p>\n\n\n\n<h2 class=\"wp-block-heading\">Comprender la automatizaci\u00f3n de la banca de inversi\u00f3n y la consultor\u00eda en inteligencia artificial y su importancia<\/h2>\n\n\n\n<p>Investment banking <a href=\"https:\/\/www.sisinternational.com\/es\/soluciones\/investigacion-de-mercado-de-ia-y-consultoria-estrategica\/consultoria-de-ia-en-automatizacion-de-marca\/\" title=\"Consultor\u00eda en Automatizaci\u00f3n de Branding e Inteligencia Artificial\"  data-wpil-monitor-id=\"6884\">automation and artificial intelligence consulting<\/a> involve helping investment banks identify where and how to implement these technologies effectively. This means integrating AI algorithms into existing trading platforms, using machine learning to improve risk management models, or implementing chatbots and virtual assistants to enhance client service.<\/p>\n\n\n\n<p>Investment banking automation and <a href=\"https:\/\/www.sisinternational.com\/es\/soluciones\/investigacion-de-mercado-de-ia-y-consultoria-estrategica\/consultoria-de-inteligencia-artificial-para-viajes\/\" title=\"Consultor\u00eda en Inteligencia Artificial para Viajes\"  data-wpil-monitor-id=\"6906\">artificial intelligence consulting<\/a> are essential in today&#8217;s financial landscape. Artificial intelligence provides deeper, more nuanced insights into financial markets. AI algorithms can analyze vast amounts of data at unprecedented speeds, offering predictive insights beyond traditional analysis&#8217;s scope. This capability is invaluable for investment bankers who must stay ahead of market trends, assess investment risks, and identify emerging opportunities quickly and accurately.<\/p>\n\n\n\n<p>Moreover, AI and automation are reshaping client interactions in investment banking. Personalized investment advice, automated trading algorithms, and enhanced customer service through AI-driven chatbots are becoming increasingly common, improving client satisfaction and engagement.<\/p>\n\n\n\n<h2 class=\"wp-block-heading\">Factores clave de \u00e9xito en la automatizaci\u00f3n de la banca de inversi\u00f3n y la consultor\u00eda en inteligencia artificial<\/h2>\n\n\n\n<p>The successful implementation of investment banking <a href=\"https:\/\/www.sisinternational.com\/es\/soluciones\/investigacion-de-mercado-de-ia-y-consultoria-estrategica\/automatizacion-de-restaurantes-consultoria-de-inteligencia-artificial\/\" title=\"Consultor\u00eda en Automatizaci\u00f3n de Restaurantes e Inteligencia Artificial\"  data-wpil-monitor-id=\"7236\">automation and artificial intelligence consulting<\/a> depends on several key factors. These factors are essential for ensuring that the integration of these technologies aligns with the bank&#8217;s strategic goals and delivers tangible benefits.<\/p>\n\n\n\n<ul class=\"wp-block-list\">\n<li><strong>Calidad de los datos:<\/strong> La eficacia de la IA depende en gran medida de la calidad y cantidad de datos disponibles. Los bancos de inversi\u00f3n deben asegurarse de tener acceso a datos completos, precisos y de alta calidad para que los algoritmos de IA funcionen de manera \u00f3ptima.<\/li>\n\n\n\n<li><strong>Participaci\u00f3n de las partes interesadas:<\/strong> It is critical to gain the support and buy-in from key stakeholders, including top management and end-users. Stakeholder engagement throughout the process helps address concerns and ensure alignment with business needs.<\/li>\n\n\n\n<li><strong>Gesti\u00f3n eficaz del cambio:<\/strong> La implementaci\u00f3n de nuevas tecnolog\u00edas requiere estrategias efectivas de gesti\u00f3n del cambio para abordar la resistencia, capacitar a los empleados e integrar nuevas herramientas en los flujos de trabajo existentes sin problemas.<\/li>\n\n\n\n<li><strong>Medidas de seguridad s\u00f3lidas:<\/strong> Given the sensitive nature of the information handled in investment banking, ensuring the security of financial data and AI algorithms is paramount.<\/li>\n\n\n\n<li><strong>Monitoreo y optimizaci\u00f3n continuos:<\/strong> Evaluar peri\u00f3dicamente el desempe\u00f1o de las tecnolog\u00edas implementadas y realizar los ajustes necesarios garantiza su efectividad y relevancia en el tiempo.<\/li>\n<\/ul>\n\n\n\n<h2 class=\"wp-block-heading\">\u00bfQu\u00e9 tipo de resultados pueden esperar las empresas de la automatizaci\u00f3n de la banca de inversi\u00f3n y la consultor\u00eda en inteligencia artificial?<\/h2>\n\n\n\n<figure class=\"gb-block-image gb-block-image-5970703e\"><img loading=\"lazy\" decoding=\"async\" width=\"1456\" height=\"816\" class=\"gb-image gb-image-5970703e\" src=\"https:\/\/www.sisinternational.com\/wp-content\/uploads\/2025\/10\/Investment-Banking-Automation-1.jpg\" alt=\"Investigaci\u00f3n y estrategia de mercado internacional de SIS\" title=\"Investment Banking Automation (1)\" srcset=\"https:\/\/www.sisinternational.com\/wp-content\/uploads\/2025\/10\/Investment-Banking-Automation-1.jpg 1456w, https:\/\/www.sisinternational.com\/wp-content\/uploads\/2025\/10\/Investment-Banking-Automation-1-300x168.jpg 300w, https:\/\/www.sisinternational.com\/wp-content\/uploads\/2025\/10\/Investment-Banking-Automation-1-1024x574.jpg 1024w, https:\/\/www.sisinternational.com\/wp-content\/uploads\/2025\/10\/Investment-Banking-Automation-1-768x430.jpg 768w, https:\/\/www.sisinternational.com\/wp-content\/uploads\/2025\/10\/Investment-Banking-Automation-1-18x10.jpg 18w\" sizes=\"auto, (max-width: 1456px) 100vw, 1456px\"><\/figure>\n\n\n\n<p><\/p>\n\n\n\n<p>When investment banks engage in <a href=\"https:\/\/www.sisinternational.com\/es\/soluciones\/investigacion-de-mercado-de-ia-y-consultoria-estrategica\/automatizacion-de-ventas-consultoria-de-inteligencia-artificial\/\" title=\"Consultor\u00eda en Automatizaci\u00f3n de Ventas e Inteligencia Artificial\"  data-wpil-monitor-id=\"7245\">automation and artificial intelligence consulting<\/a>, they can expect a range of significant and tangible results such as:<\/p>\n\n\n\n<ul class=\"wp-block-list\">\n<li><strong>An\u00e1lisis e informaci\u00f3n de datos mejorados:<\/strong> AI algorithms provide deep and nuanced analysis of vast financial data. This results in more accurate market predictions, risk assessments, and investment insights, supporting better decision-making.<\/li>\n\n\n\n<li><strong>Experiencia del cliente mejorada:<\/strong> Las herramientas basadas en IA permiten interacciones y servicios personalizados con los clientes. Esto puede incluir asesoramiento de inversi\u00f3n personalizado, servicio al cliente predictivo y una incorporaci\u00f3n de clientes m\u00e1s eficiente, lo que conduce a una mayor satisfacci\u00f3n y lealtad del cliente.<\/li>\n\n\n\n<li><strong>Optimizaci\u00f3n de la gesti\u00f3n de riesgos:<\/strong> AI enhances risk management by providing more accurate and sophisticated risk analysis models. This helps identify potential risks earlier and respond more effectively.<\/li>\n\n\n\n<li><strong>Cumplimiento y automatizaci\u00f3n de informes:<\/strong> Automation tools streamline regulatory compliance and reporting processes, ensuring accuracy and regulation adherence with less manual effort.<\/li>\n\n\n\n<li><strong>Inteligencia de mercado:<\/strong> AI-driven tools offer real-time market insights and trend analysis, allowing investment banks to quickly adapt to market changes and seize opportunities.<\/li>\n<\/ul>\n\n\n\n<h2 class=\"wp-block-heading\">Tendencias actuales en automatizaci\u00f3n de banca de inversi\u00f3n y consultor\u00eda en inteligencia artificial<\/h2>\n\n\n\n<p>Current trends in investment banking automation and artificial intelligence consulting reflect the evolving dynamics of the financial sector \u2013 and the continuous advancements in technology. These trends indicate how investment banks adapt to meet the demands of a rapidly changing financial landscape.<\/p>\n\n\n\n<ul class=\"wp-block-list\">\n<li><strong>Tecnolog\u00eda Blockchain en Banca de Inversi\u00f3n:<\/strong> Blockchain est\u00e1 emergiendo como una tecnolog\u00eda transformadora en la banca de inversi\u00f3n, particularmente en \u00e1reas como la seguridad de las transacciones, los procesos de liquidaci\u00f3n y la mejora de la transparencia en las operaciones financieras.<\/li>\n\n\n\n<li><strong>Automatizaci\u00f3n Rob\u00f3tica de Procesos (RPA):<\/strong> RPA est\u00e1 ganando terreno para automatizar tareas repetitivas dentro de la banca de inversi\u00f3n, como la entrada de datos, los informes de cumplimiento y la debida diligencia del cliente, lo que lleva a una mayor eficiencia operativa.<\/li>\n\n\n\n<li><strong>Tecnolog\u00eda regulatoria (RegTech) para el cumplimiento:<\/strong> Los bancos de inversi\u00f3n est\u00e1n adoptando cada vez m\u00e1s soluciones RegTech para automatizar las tareas de cumplimiento, especialmente en respuesta a la creciente complejidad de las regulaciones financieras.<\/li>\n\n\n\n<li><strong>Integraci\u00f3n de Datos Alternativos en Estrategias de Inversi\u00f3n:<\/strong> Los algoritmos de IA procesan y analizan fuentes de datos alternativas, como redes sociales y tendencias de noticias, proporcionando informaci\u00f3n adicional para la toma de decisiones de inversi\u00f3n.<\/li>\n\n\n\n<li><strong>Sistemas de comercio automatizados:<\/strong> AI and automation are revolutionizing trading strategies. Algorithms that can execute trades based on predetermined criteria offer speed and efficiency in trading operations.<\/li>\n<\/ul>\n\n\n\n<h2 class=\"wp-block-heading\">Tecnolog\u00edas y Herramientas en Banca de Inversi\u00f3n Automatizaci\u00f3n y Consultor\u00eda en Inteligencia Artificial<\/h2>\n\n\n\n<figure class=\"gb-block-image gb-block-image-6519da7a\"><img loading=\"lazy\" decoding=\"async\" width=\"1456\" height=\"816\" class=\"gb-image gb-image-6519da7a\" src=\"https:\/\/www.sisinternational.com\/wp-content\/uploads\/2025\/10\/Investment-Banking-Automation-3.jpg\" alt=\"Investigaci\u00f3n y estrategia de mercado internacional de SIS\" title=\"Investment Banking Automation (3)\" srcset=\"https:\/\/www.sisinternational.com\/wp-content\/uploads\/2025\/10\/Investment-Banking-Automation-3.jpg 1456w, https:\/\/www.sisinternational.com\/wp-content\/uploads\/2025\/10\/Investment-Banking-Automation-3-300x168.jpg 300w, https:\/\/www.sisinternational.com\/wp-content\/uploads\/2025\/10\/Investment-Banking-Automation-3-1024x574.jpg 1024w, https:\/\/www.sisinternational.com\/wp-content\/uploads\/2025\/10\/Investment-Banking-Automation-3-768x430.jpg 768w, https:\/\/www.sisinternational.com\/wp-content\/uploads\/2025\/10\/Investment-Banking-Automation-3-18x10.jpg 18w\" sizes=\"auto, (max-width: 1456px) 100vw, 1456px\"><\/figure>\n\n\n\n<p><\/p>\n\n\n\n<p>Investment banking automation and artificial intelligence consulting leverage specific technologies and tools instrumental in driving innovation and efficiency. These tools, developed by leading technology providers, are tailored to meet the unique challenges and demands of the investment banking industry.<\/p>\n\n\n\n<ul class=\"wp-block-list\">\n<li><strong>Plataformas de IA y aprendizaje autom\u00e1tico:<\/strong> Herramientas como IBM Watson y TensorFlow brindan s\u00f3lidas capacidades de aprendizaje autom\u00e1tico, lo que permite un an\u00e1lisis profundo de datos, an\u00e1lisis predictivo y automatizaci\u00f3n de procesos en la banca de inversi\u00f3n.<\/li>\n\n\n\n<li><strong>Herramientas de an\u00e1lisis avanzadas:<\/strong> Solutions like SAS Analytics and Palantir Technologies provide robust data analytics capabilities, crucial for market analysis, risk management, and client profiling in investment banking.<\/li>\n\n\n\n<li><strong>Sistemas de gesti\u00f3n de relaciones con el cliente (CRM):<\/strong> CRM platforms such as Salesforce and Microsoft Dynamics 365 are adapted for <a href=\"https:\/\/www.sisinternational.com\/es\/entendiendo-el-sistema-bancario-en-la-sombra-de-china\/\" title=\"Comprender el sistema bancario en la sombra de China\"  data-wpil-monitor-id=\"4387\">investment<\/a> banking to manage client interactions, track deals, and streamline client services.<\/li>\n\n\n\n<li><strong>Servicios de computaci\u00f3n en la nube:<\/strong> Proveedores como Amazon Web Services (AWS) y Microsoft Azure ofrecen soluciones de computaci\u00f3n en la nube que respaldan las vastas necesidades de almacenamiento y procesamiento de datos de la inteligencia artificial y las herramientas de an\u00e1lisis en la banca de inversi\u00f3n.<\/li>\n\n\n\n<li><strong>Sistemas de comercio automatizados:<\/strong> Plataformas como QuantConnect permiten estrategias comerciales automatizadas, utilizando inteligencia artificial para tomar decisiones comerciales en tiempo real basadas en an\u00e1lisis de datos de mercado.<\/li>\n<\/ul>\n\n\n\n<h2 class=\"wp-block-heading\">Oportunidades en automatizaci\u00f3n de banca de inversi\u00f3n y consultor\u00eda de inteligencia artificial para empresas<\/h2>\n\n\n\n<p>La integraci\u00f3n presenta varias oportunidades para las empresas del sector, entre ellas:<\/p>\n\n\n\n<ul class=\"wp-block-list\">\n<li><strong>Desarrollo de productos innovadores:<\/strong> Leveraging investment banking automation and artificial intelligence consulting, investment banks can develop innovative financial products and services, catering to their clients&#8217; evolving <a href=\"https:\/\/www.sisinternational.com\/es\/la-necesidad-de-inteligencia-competitiva-en-esta-recesion\/\" title=\"La necesidad de inteligencia competitiva en una recesi\u00f3n\"  data-wpil-monitor-id=\"7228\">needs and staying ahead in a competitive<\/a> market.<\/li>\n\n\n\n<li><strong>Ventaja competitiva:<\/strong> Los primeros en adoptar la automatizaci\u00f3n y la inteligencia artificial en la banca de inversi\u00f3n pueden obtener una ventaja competitiva significativa, aprovechando estas tecnolog\u00edas para mejorar la eficiencia, reducir costos y ofrecer servicios innovadores.<\/li>\n\n\n\n<li><strong>Expansi\u00f3n de mercado:<\/strong> <a href=\"https:\/\/www.sisinternational.com\/es\/soluciones\/consultoria-estrategica\/inteligencia-de-mercado\/\" title=\"Inteligencia de mercado\"  data-wpil-monitor-id=\"6764\">Investment banking automation and artificial intelligence<\/a> consulting can enable investment banks to expand into new markets and client segments more efficiently, offering scalable and adaptable financial services.<\/li>\n\n\n\n<li><strong>Detecci\u00f3n de fraude y seguridad:<\/strong> Los algoritmos avanzados de IA son muy eficaces para detectar y prevenir el fraude, un aspecto cr\u00edtico en el sector financiero donde la seguridad es primordial.<\/li>\n\n\n\n<li><strong>Optimizaci\u00f3n de la fuerza laboral:<\/strong> La automatizaci\u00f3n y la IA pueden conducir a una asignaci\u00f3n m\u00e1s \u00f3ptima de los recursos humanos, con los empleados centr\u00e1ndose en tareas de alto valor e iniciativas estrat\u00e9gicas en lugar de operaciones rutinarias.<\/li>\n<\/ul>\n\n\n\n<h2 class=\"wp-block-heading\">Perspectivas futuras de la automatizaci\u00f3n de la banca de inversi\u00f3n y la consultor\u00eda en inteligencia artificial<\/h2>\n\n\n\n<figure class=\"gb-block-image gb-block-image-12bc9a64\"><img loading=\"lazy\" decoding=\"async\" width=\"1456\" height=\"816\" class=\"gb-image gb-image-12bc9a64\" src=\"https:\/\/www.sisinternational.com\/wp-content\/uploads\/2025\/10\/Investment-Banking-Automation-4.jpg\" alt=\"Investigaci\u00f3n y estrategia de mercado internacional de SIS\" title=\"Investment Banking Automation (4)\" srcset=\"https:\/\/www.sisinternational.com\/wp-content\/uploads\/2025\/10\/Investment-Banking-Automation-4.jpg 1456w, https:\/\/www.sisinternational.com\/wp-content\/uploads\/2025\/10\/Investment-Banking-Automation-4-300x168.jpg 300w, https:\/\/www.sisinternational.com\/wp-content\/uploads\/2025\/10\/Investment-Banking-Automation-4-1024x574.jpg 1024w, https:\/\/www.sisinternational.com\/wp-content\/uploads\/2025\/10\/Investment-Banking-Automation-4-768x430.jpg 768w, https:\/\/www.sisinternational.com\/wp-content\/uploads\/2025\/10\/Investment-Banking-Automation-4-18x10.jpg 18w\" sizes=\"auto, (max-width: 1456px) 100vw, 1456px\"><\/figure>\n\n\n\n<p><\/p>\n\n\n\n<p>The future outlook of investment banking automation and artificial intelligence consulting is promising and transformative, indicating a continued trajectory toward more technologically advanced and efficient financial services.<\/p>\n\n\n\n<ul class=\"wp-block-list\">\n<li><strong>Mayor adopci\u00f3n de IA y automatizaci\u00f3n:<\/strong> The trend towards further integration of AI and automation in investment banking is expected to continue. These technologies will become more deeply embedded in investment banking, from front-end client interactions to back-end operational processes.<\/li>\n\n\n\n<li><strong>Expansi\u00f3n de Aplicaciones Blockchain:<\/strong> Se prev\u00e9 que la tecnolog\u00eda Blockchain desempe\u00f1e un papel m\u00e1s importante en la banca de inversi\u00f3n. Su potencial para mejorar la seguridad, la eficiencia y la transparencia de las transacciones podr\u00eda revolucionar muchos aspectos de la industria.<\/li>\n\n\n\n<li><strong>Enfoque creciente en la seguridad y la \u00e9tica de los datos:<\/strong> Con el uso cada vez mayor de datos en la banca de inversi\u00f3n, se intensificar\u00e1 el enfoque en la seguridad de los datos y el uso \u00e9tico de la IA. Los bancos de inversi\u00f3n deben adoptar estrictas medidas de protecci\u00f3n de datos y directrices \u00e9ticas para el uso de la IA.<\/li>\n\n\n\n<li><strong>Integraci\u00f3n con otras tecnolog\u00edas emergentes:<\/strong> La automatizaci\u00f3n de la banca de inversi\u00f3n y la IA pueden experimentar una mayor integraci\u00f3n con otras tecnolog\u00edas emergentes como el Internet de las cosas (IoT), la realidad aumentada (AR) y la realidad virtual (VR), ofreciendo nuevas formas de interactuar con los clientes y visualizar datos financieros.<\/li>\n\n\n\n<li><strong>Ecosistemas colaborativos:<\/strong> There may be increased collaborative efforts between traditional banks, FinTech startups, and tech companies, driving innovation and offering comprehensive, technologically advanced financial solutions.<\/li>\n<\/ul>\n\n\n\n<h2 class=\"wp-block-heading\">Soluciones SIS: Automatizaci\u00f3n de Banca de Inversi\u00f3n y Consultor\u00eda en Inteligencia Artificial<\/h2>\n\n\n\n<p>We provide strategic consulting to help <a href=\"https:\/\/www.sisinternational.com\/es\/soluciones\/investigacion-de-mercado-de-ia-y-consultoria-estrategica\/consultoria-de-inteligencia-artificial-en-automatizacion-de-logistica-de-envio\/\" title=\"Consultor\u00eda en automatizaci\u00f3n de env\u00edos y log\u00edstica y IA\"  data-wpil-monitor-id=\"4388\">bancos de inversi\u00f3n<\/a> leverage AI and automation, enhancing operations and client service. Our researchers offer insights into implementing AI algorithms, machine learning for risk management, and chatbots for improved client interactions. Our solutions lead to actionable insights and tailored solutions, including:<\/p>\n\n\n\n<ul class=\"wp-block-list\">\n<li>An\u00e1lisis de datos e informaci\u00f3n mejorados<\/li>\n\n\n\n<li>Experiencia del cliente mejorada<\/li>\n\n\n\n<li>Optimizaci\u00f3n de la gesti\u00f3n de riesgos.<\/li>\n\n\n\n<li>Automatizaci\u00f3n del cumplimiento y la presentaci\u00f3n de informes.<\/li>\n\n\n\n<li>Inteligencia de mercado en tiempo real<\/li>\n<\/ul>\n\n\n\n<p>SIS&#8217;s extensive network and strategic analysis enable a deep dive into investment banking automation. The company collaborates closely with global offices for comprehensive market views.<\/p>\n\n\n\n<h3 class=\"wp-block-heading\"><span style=\"font-weight: 400;\">Permita que SIS International Research sea su puente hacia mejores negocios en este momento de incre\u00edbles oportunidades.<\/span><\/h3>\n\n\n\n<h2 class=\"wp-block-heading\">Nuestra ubicaci\u00f3n de instalaciones en Nueva York<\/h2>\n\n\n\n<p>  <iframe loading=\"lazy\" src=\"https:\/\/www.google.com\/maps\/embed?pb=!1m18!1m12!1m3!1d3022.976188376966!2d-73.99130312499956!3d40.740549471389315!2m3!1f0!2f0!3f0!3m2!1i1024!2i768!4f13.1!3m3!1m2!1s0x89c259a15798c731%3A0xd695d09bdd495f25!2s11%20E%2022nd%20St%20FL%202%2C%20New%20York%2C%20NY%2010010%2C%20USA!5e0!3m2!1sen!2spe!4v1726171763526!5m2!1sen!2spe\" width=\"600\" height=\"450\" allowfullscreen=\"allowfullscreen\" data-mce-fragment=\"1\"><\/iframe>  <\/p>\n\n\n\n<h3 class=\"wp-block-heading\">11 E 22nd Street, piso 2, Nueva York, NY 10010 T: +1(212) 505-6805<\/h3>\n\n\n\n<hr class=\"wp-block-separator has-alpha-channel-opacity\"\/>\n\n\n\n<h2 class=\"wp-block-heading\"><span style=\"font-weight: 400;\">Acerca de SIS Internacional<\/span><\/h2>\n\n\n\n<p><a href=\"https:\/\/www.sisinternational.com\/es\/\"><span style=\"font-weight: 400;\">SIS Internacional<\/span><\/a><span style=\"font-weight: 400;\"> ofrece investigaci\u00f3n cuantitativa, cualitativa y estrat\u00e9gica. Proporcionamos datos, herramientas, estrategias, informes y conocimientos para la toma de decisiones. Tambi\u00e9n realizamos entrevistas, encuestas, grupos focales y otros m\u00e9todos y enfoques de investigaci\u00f3n de mercado.<\/span><a href=\"https:\/\/www.sisinternational.com\/es\/sobre-la-investigacion-internacional-de-sis\/contact-sis-international-market-research\/\"><span style=\"font-weight: 400;\"> P\u00f3ngase en contacto con nosotros<\/span><\/a><span style=\"font-weight: 400;\"> para su pr\u00f3ximo proyecto de Investigaci\u00f3n de Mercado.<\/span><\/p>","protected":false},"excerpt":{"rendered":"<p>La automatizaci\u00f3n de la banca de inversi\u00f3n y la consultor\u00eda en inteligencia artificial implican ayudar a los bancos de inversi\u00f3n a implementar nuevas tecnolog\u00edas de manera efectiva.<\/p>","protected":false},"author":1,"featured_media":71765,"parent":27462,"menu_order":51,"comment_status":"closed","ping_status":"closed","template":"","meta":{"footnotes":""},"class_list":["post-45115","page","type-page","status-publish","has-post-thumbnail"],"_links":{"self":[{"href":"https:\/\/www.sisinternational.com\/es\/wp-json\/wp\/v2\/pages\/45115","targetHints":{"allow":["GET"]}}],"collection":[{"href":"https:\/\/www.sisinternational.com\/es\/wp-json\/wp\/v2\/pages"}],"about":[{"href":"https:\/\/www.sisinternational.com\/es\/wp-json\/wp\/v2\/types\/page"}],"author":[{"embeddable":true,"href":"https:\/\/www.sisinternational.com\/es\/wp-json\/wp\/v2\/users\/1"}],"replies":[{"embeddable":true,"href":"https:\/\/www.sisinternational.com\/es\/wp-json\/wp\/v2\/comments?post=45115"}],"version-history":[{"count":13,"href":"https:\/\/www.sisinternational.com\/es\/wp-json\/wp\/v2\/pages\/45115\/revisions"}],"predecessor-version":[{"id":80894,"href":"https:\/\/www.sisinternational.com\/es\/wp-json\/wp\/v2\/pages\/45115\/revisions\/80894"}],"up":[{"embeddable":true,"href":"https:\/\/www.sisinternational.com\/es\/wp-json\/wp\/v2\/pages\/27462"}],"wp:featuredmedia":[{"embeddable":true,"href":"https:\/\/www.sisinternational.com\/es\/wp-json\/wp\/v2\/media\/71765"}],"wp:attachment":[{"href":"https:\/\/www.sisinternational.com\/es\/wp-json\/wp\/v2\/media?parent=45115"}],"curies":[{"name":"wp","href":"https:\/\/api.w.org\/{rel}","templated":true}]}}