{"id":45099,"date":"2024-01-13T16:24:09","date_gmt":"2024-01-13T21:24:09","guid":{"rendered":"https:\/\/www.sisinternational.com\/?page_id=45099"},"modified":"2026-01-27T15:14:13","modified_gmt":"2026-01-27T20:14:13","slug":"automatizacion-de-mercados-de-capitales-consultoria-en-inteligencia-artificial","status":"publish","type":"page","link":"https:\/\/www.sisinternational.com\/es\/soluciones\/investigacion-de-consultoria-estrategica-fintech\/automatizacion-de-mercados-de-capitales-consultoria-en-inteligencia-artificial\/","title":{"rendered":"Consultor\u00eda en Automatizaci\u00f3n de Mercados de Capitales e Inteligencia Artificial"},"content":{"rendered":"<h1 class=\"wp-block-heading\">Consultor\u00eda en Automatizaci\u00f3n de Mercados de Capitales e Inteligencia Artificial<\/h1>\n\n\n\n<figure class=\"gb-block-image gb-block-image-8b212373\"><img loading=\"lazy\" decoding=\"async\" width=\"1456\" height=\"816\" class=\"gb-image gb-image-8b212373\" src=\"https:\/\/www.sisinternational.com\/wp-content\/uploads\/2025\/10\/Debt-Capital-Markets-2.jpg\" alt=\"Investigaci\u00f3n y estrategia de mercado internacional de SIS\" title=\"Debt Capital Markets (2)\" srcset=\"https:\/\/www.sisinternational.com\/wp-content\/uploads\/2025\/10\/Debt-Capital-Markets-2.jpg 1456w, https:\/\/www.sisinternational.com\/wp-content\/uploads\/2025\/10\/Debt-Capital-Markets-2-300x168.jpg 300w, https:\/\/www.sisinternational.com\/wp-content\/uploads\/2025\/10\/Debt-Capital-Markets-2-1024x574.jpg 1024w, https:\/\/www.sisinternational.com\/wp-content\/uploads\/2025\/10\/Debt-Capital-Markets-2-768x430.jpg 768w, https:\/\/www.sisinternational.com\/wp-content\/uploads\/2025\/10\/Debt-Capital-Markets-2-18x10.jpg 18w\" sizes=\"auto, (max-width: 1456px) 100vw, 1456px\"><\/figure>\n\n\n\n<p><\/p>\n\n\n\n<hr class=\"wp-block-separator has-alpha-channel-opacity\"\/>\n\n\n\n<p>The advent of capital markets automation and artificial intelligence consulting is redefining the landscape of investment, trading, and financial analysis. This technological evolution is not merely an enhancement but a radical reimagining of capital markets, offering unprecedented precision, efficiency, and insight.<\/p>\n\n\n\n<h2 class=\"wp-block-heading\">Descripci\u00f3n general de la automatizaci\u00f3n de los mercados de capitales y la consultor\u00eda en inteligencia artificial<\/h2>\n\n\n\n<p>Capital markets automation and artificial intelligence consulting bridge the gap between technological potential and practical application in the financial sector. Consultants with expertise in AI and capital markets can tailor new technologies and tools to suit businesses&#8217; specific needs, ensuring that they are strategically aligned with business objectives. Additionally, consultants in this field help navigate the regulatory landscape, ensuring that the implementation of these technologies adheres to all legal and ethical standards.<\/p>\n\n\n\n<h2 class=\"wp-block-heading\">\u00bfPor qu\u00e9 las empresas necesitan automatizaci\u00f3n de los mercados de capitales y consultor\u00eda en inteligencia artificial?<\/h2>\n\n\n\n<p>Since the sheer volume and complexity of data in capital markets are overwhelming. Traditional analytical methods can no longer process and interpret this information effectively. That&#8217;s why capital <a href=\"https:\/\/www.sisinternational.com\/es\/soluciones\/consultoria-estrategica\/inteligencia-de-mercado\/\" title=\"Inteligencia de mercado\"  data-wpil-monitor-id=\"6759\">markets automation and artificial intelligence<\/a> consulting assist companies in adopting the necessary computational power and sophistication to handle big data, providing businesses with deeper insights and more accurate market forecasts.<\/p>\n\n\n\n<p>Secondly, the competitive nature of capital markets demands speed and efficiency. Automated trading systems and algorithmic strategies enable businesses to execute trades at unprecedented speeds, instantly capitalising on market opportunities. This agility is a key factor in maintaining a competitive edge.<\/p>\n\n\n\n<p>Regulatory compliance is another critical area in which these technologies play a vital role. With regulations constantly evolving, automated systems can help ensure compliance by monitoring transactions and flagging any discrepancies or anomalies that could signal regulatory breaches.<\/p>\n\n\n\n<h2 class=\"wp-block-heading\">Automatizaci\u00f3n de Mercados de Capitales y Consultor\u00eda en Inteligencia Artificial: Sus Principales Beneficios<\/h2>\n\n\n\n<figure class=\"gb-block-image gb-block-image-1294def4\"><img loading=\"lazy\" decoding=\"async\" width=\"1456\" height=\"816\" class=\"gb-image gb-image-1294def4\" src=\"https:\/\/www.sisinternational.com\/wp-content\/uploads\/2025\/10\/Capital-Markets-Automation-4.jpg\" alt=\"Investigaci\u00f3n y estrategia de mercado internacional de SIS\" title=\"Capital Markets Automation (4)\" srcset=\"https:\/\/www.sisinternational.com\/wp-content\/uploads\/2025\/10\/Capital-Markets-Automation-4.jpg 1456w, https:\/\/www.sisinternational.com\/wp-content\/uploads\/2025\/10\/Capital-Markets-Automation-4-300x168.jpg 300w, https:\/\/www.sisinternational.com\/wp-content\/uploads\/2025\/10\/Capital-Markets-Automation-4-1024x574.jpg 1024w, https:\/\/www.sisinternational.com\/wp-content\/uploads\/2025\/10\/Capital-Markets-Automation-4-768x430.jpg 768w, https:\/\/www.sisinternational.com\/wp-content\/uploads\/2025\/10\/Capital-Markets-Automation-4-18x10.jpg 18w\" sizes=\"auto, (max-width: 1456px) 100vw, 1456px\"><\/figure>\n\n\n\n<p><\/p>\n\n\n\n<p>Capital markets <a href=\"https:\/\/www.sisinternational.com\/es\/soluciones\/investigacion-de-mercado-de-ia-y-consultoria-estrategica\/automatizacion-del-flujo-de-trabajo-consultoria-de-inteligencia-artificial\/\" title=\"Consultor\u00eda en automatizaci\u00f3n de flujos de trabajo e inteligencia artificial\"  data-wpil-monitor-id=\"6891\">automation and artificial intelligence consulting<\/a> offer a range of significant benefits that are transforming the way businesses operate in the financial sector \u2013 and here are some of the main benefits:<\/p>\n\n\n\n<ul class=\"wp-block-list\">\n<li><strong>An\u00e1lisis de mercado y toma de decisiones mejorados:<\/strong> AI algorithms can analyze vast market data, identify trends, and provide predictive insights beyond human capacity. This deep analysis aids in making more informed and strategic investment decisions.<\/li>\n\n\n\n<li><strong>Gesti\u00f3n de riesgos mejorada:<\/strong> Advanced AI models can more effectively identify and assess risk factors than traditional methods. They provide sophisticated risk analysis and mitigation tools, essential in managing the inherent uncertainties of capital markets.<\/li>\n\n\n\n<li><strong>Cumplimiento normativo mejorado:<\/strong> The financial industry is highly regulated, and AI and automation can help ensure compliance with various regulatory requirements. Automated systems can monitor transactions and operations continuously, flagging potential compliance issues for further review.<\/li>\n\n\n\n<li><strong>Reducci\u00f3n de costo:<\/strong> Businesses can significantly reduce operational costs by automating routine tasks and improving operational efficiency. Over time, the investment in AI and automation technologies can lead to substantial cost savings.<\/li>\n\n\n\n<li><strong>Ventaja competitiva:<\/strong> Embracing capital markets automation and AI consulting can give businesses a competitive edge. Leveraging advanced technologies for better decision-making, risk management, and client services sets businesses apart in the crowded financial marketplace.<\/li>\n<\/ul>\n\n\n\n<h2 class=\"wp-block-heading\">Cu\u00e1ndo buscar servicios de consultor\u00eda en inteligencia artificial y automatizaci\u00f3n de los mercados de capitales<\/h2>\n\n\n\n<p>Varios escenarios sugieren cu\u00e1ndo una empresa deber\u00eda considerar este servicio de consultor\u00eda estrat\u00e9gica. Incluyen lo siguiente:<\/p>\n\n\n\n<ul class=\"wp-block-list\">\n<li><strong>Operaciones de escalamiento:<\/strong> As a business grows and its operations become more complex, scalable solutions become necessary. Automation and AI can manage increased transaction volumes and complex data sets more efficiently than manual processes.<\/li>\n\n\n\n<li><strong>Presi\u00f3n competitiva:<\/strong> If competitors leverage AI and automation to gain a market edge, it&#8217;s important to consider similar technologies to remain competitive. Staying abreast of technological advancements in capital markets is key to maintaining market relevance and leadership.<\/li>\n\n\n\n<li><strong>Objetivos de innovaci\u00f3n y crecimiento:<\/strong> Para las empresas que buscan innovar y ampliar su oferta en los mercados de capitales, la adopci\u00f3n de la IA y la automatizaci\u00f3n puede abrir nuevas oportunidades y modelos de negocio que antes eran inalcanzables.<\/li>\n<\/ul>\n\n\n\n<h2 class=\"wp-block-heading\">Factores claves del \u00e9xito<\/h2>\n\n\n\n<figure class=\"gb-block-image gb-block-image-265f6748\"><img loading=\"lazy\" decoding=\"async\" width=\"1456\" height=\"816\" class=\"gb-image gb-image-265f6748\" src=\"https:\/\/www.sisinternational.com\/wp-content\/uploads\/2025\/10\/Debt-Capital-Markets-1.jpg\" alt=\"Investigaci\u00f3n y estrategia de mercado internacional de SIS\" title=\"Debt Capital Markets (1)\" srcset=\"https:\/\/www.sisinternational.com\/wp-content\/uploads\/2025\/10\/Debt-Capital-Markets-1.jpg 1456w, https:\/\/www.sisinternational.com\/wp-content\/uploads\/2025\/10\/Debt-Capital-Markets-1-300x168.jpg 300w, https:\/\/www.sisinternational.com\/wp-content\/uploads\/2025\/10\/Debt-Capital-Markets-1-1024x574.jpg 1024w, https:\/\/www.sisinternational.com\/wp-content\/uploads\/2025\/10\/Debt-Capital-Markets-1-768x430.jpg 768w, https:\/\/www.sisinternational.com\/wp-content\/uploads\/2025\/10\/Debt-Capital-Markets-1-18x10.jpg 18w\" sizes=\"auto, (max-width: 1456px) 100vw, 1456px\"><\/figure>\n\n\n\n<p><\/p>\n\n\n\n<p>In capital markets automation and AI consulting, businesses must meet specific factors to ensure that integrating AI and automation technologies aligns with business objectives and industry standards.<\/p>\n\n\n\n<ul class=\"wp-block-list\">\n<li><strong>Gesti\u00f3n de riesgos s\u00f3lida:<\/strong> La IA y la automatizaci\u00f3n introducen nuevos tipos de riesgos, incluidos riesgos tecnol\u00f3gicos y cibern\u00e9ticos. Un marco s\u00f3lido de gesti\u00f3n de riesgos que abarque estos nuevos riesgos es esencial para el despliegue seguro de estas tecnolog\u00edas.<\/li>\n\n\n\n<li><strong>Participaci\u00f3n y comunicaci\u00f3n de las partes interesadas:<\/strong> Effective communication and engagement with all stakeholders, including leadership, employees, and clients, are crucial. Stakeholders should be informed about the changes and benefits AI and automation bring.<\/li>\n\n\n\n<li><strong>Monitoreo y Adaptaci\u00f3n Continua:<\/strong> AI systems require ongoing monitoring to perform as intended. The financial market&#8217;s dynamic nature also demands regular updates and adaptations of these systems to remain practical and relevant.<\/li>\n<\/ul>\n\n\n\n<h2 class=\"wp-block-heading\">\u00bfCu\u00e1les son los resultados esperados de la automatizaci\u00f3n de los mercados de capitales y la consultor\u00eda en inteligencia artificial?<\/h2>\n\n\n\n<p>When businesses in the capital markets sector embark on <a href=\"https:\/\/www.sisinternational.com\/es\/soluciones\/investigacion-de-mercado-de-ia-y-consultoria-estrategica\/consultoria-de-marketing-de-ia\/\" title=\"Consultor\u00eda de marketing de IA\"  data-wpil-monitor-id=\"5053\">automation and artificial intelligence<\/a> consulting, there are several positive outcomes they can anticipate \u2013 and here\u2019s what businesses can expect:<\/p>\n\n\n\n<ul class=\"wp-block-list\">\n<li><strong>Mayor precisi\u00f3n y reducci\u00f3n de errores:<\/strong> La automatizaci\u00f3n de los mercados de capitales y la consultor\u00eda en inteligencia artificial reducen significativamente la probabilidad de error humano, especialmente en tareas que requieren un uso intensivo de datos. Este aumento en la precisi\u00f3n es crucial para mantener la confiabilidad en los informes financieros y el procesamiento de transacciones.<\/li>\n\n\n\n<li><strong>Ahorro de costes:<\/strong> Con el tiempo, las ganancias en eficiencia y productividad gracias a la IA y la automatizaci\u00f3n generan ahorros de costos. Estos ahorros pueden redirigirse hacia otras inversiones o innovaciones estrat\u00e9gicas.<\/li>\n\n\n\n<li><strong>Cumplimiento normativo:<\/strong> Capital markets automation and AI consulting can help ensure compliance with the capital markets&#8217; complex and evolving regulatory environment. Automated compliance monitoring and reporting can significantly reduce compliance risks.<\/li>\n<\/ul>\n\n\n\n<h2 class=\"wp-block-heading\">Tecnolog\u00edas y Herramientas en Automatizaci\u00f3n de Mercados de Capitales y Consultor\u00eda en Inteligencia Artificial<\/h2>\n\n\n\n<p>Integrating advanced technologies and tools in capital markets automation and <a href=\"https:\/\/www.sisinternational.com\/es\/soluciones\/investigacion-de-mercado-de-ia-y-consultoria-estrategica\/consultoria-de-inteligencia-artificial-para-viajes\/\" title=\"Consultor\u00eda en Inteligencia Artificial para Viajes\"  data-wpil-monitor-id=\"6911\">artificial intelligence consulting<\/a> is driving significant changes in how financial markets operate. Here are some of the key technologies and tools that are currently shaping this landscape:<\/p>\n\n\n\n<ul class=\"wp-block-list\">\n<li><strong>Software de gesti\u00f3n de riesgos:<\/strong> Las soluciones de gesti\u00f3n de riesgos como SAS Risk Management y Oracle Financial Services Analytical Applications permiten a las empresas evaluar y mitigar los riesgos financieros de forma m\u00e1s eficaz.<\/li>\n\n\n\n<li><strong>Tecnolog\u00eda regulatoria (RegTech):<\/strong> Soluciones como ComplyAdvantage y Trulioo ayudan a garantizar el cumplimiento normativo al monitorear las transacciones e identificar posibles infracciones.<\/li>\n\n\n\n<li><strong>Servicios de computaci\u00f3n en la nube:<\/strong> Las plataformas en la nube como Amazon Web Services (AWS) y Microsoft Azure proporcionan la infraestructura para alojar aplicaciones de inteligencia artificial y aprendizaje autom\u00e1tico, ofreciendo escalabilidad y flexibilidad.<\/li>\n<\/ul>\n\n\n\n<h2 class=\"wp-block-heading\">Oportunidades en automatizaci\u00f3n de mercados de capitales y consultor\u00eda en inteligencia artificial para empresas<\/h2>\n\n\n\n<figure class=\"gb-block-image gb-block-image-9871c02f\"><img loading=\"lazy\" decoding=\"async\" width=\"1456\" height=\"816\" class=\"gb-image gb-image-9871c02f\" src=\"https:\/\/www.sisinternational.com\/wp-content\/uploads\/2025\/10\/Debt-Capital-Markets-3.jpg\" alt=\"Investigaci\u00f3n y estrategia de mercado internacional de SIS\" title=\"Debt Capital Markets (3)\" srcset=\"https:\/\/www.sisinternational.com\/wp-content\/uploads\/2025\/10\/Debt-Capital-Markets-3.jpg 1456w, https:\/\/www.sisinternational.com\/wp-content\/uploads\/2025\/10\/Debt-Capital-Markets-3-300x168.jpg 300w, https:\/\/www.sisinternational.com\/wp-content\/uploads\/2025\/10\/Debt-Capital-Markets-3-1024x574.jpg 1024w, https:\/\/www.sisinternational.com\/wp-content\/uploads\/2025\/10\/Debt-Capital-Markets-3-768x430.jpg 768w, https:\/\/www.sisinternational.com\/wp-content\/uploads\/2025\/10\/Debt-Capital-Markets-3-18x10.jpg 18w\" sizes=\"auto, (max-width: 1456px) 100vw, 1456px\"><\/figure>\n\n\n\n<p><\/p>\n\n\n\n<p>Capital markets <a href=\"https:\/\/www.sisinternational.com\/es\/soluciones\/investigacion-de-mercado-de-ia-y-consultoria-estrategica\/automatizacion-de-restaurantes-consultoria-de-inteligencia-artificial\/\" title=\"Consultor\u00eda en Automatizaci\u00f3n de Restaurantes e Inteligencia Artificial\"  data-wpil-monitor-id=\"7238\">automation and artificial intelligence consulting<\/a> offer many opportunities for businesses operating in the financial sector \u2013 and here are some key opportunities that businesses can capitalize on:<\/p>\n\n\n\n<ul class=\"wp-block-list\">\n<li><strong>Cumplimiento normativo mejorado:<\/strong> La automatizaci\u00f3n de los mercados de capitales y la consultor\u00eda en inteligencia artificial ofrecen soluciones s\u00f3lidas para el cumplimiento normativo. La supervisi\u00f3n y la presentaci\u00f3n de informes automatizados pueden reducir significativamente el riesgo de infracciones regulatorias y los costos asociados.<\/li>\n\n\n\n<li><strong>Expansi\u00f3n de mercado:<\/strong> La automatizaci\u00f3n de los mercados de capitales y la consultor\u00eda en IA pueden ayudar a las empresas a expandir sus servicios a nuevos mercados de manera m\u00e1s eficiente, superando barreras tradicionales como el cumplimiento local y la comprensi\u00f3n del mercado.<\/li>\n\n\n\n<li><strong>Productos y servicios financieros innovadores:<\/strong> AI and automation enable the development of innovative financial products and services, meeting the evolving needs of a diverse client base.<\/li>\n<\/ul>\n\n\n\n<h2 class=\"wp-block-heading\">Soluciones SIS: Automatizaci\u00f3n de Mercados de Capitales y Consultor\u00eda en Inteligencia Artificial<\/h2>\n\n\n\n<p>Proporcionamos an\u00e1lisis de mercado mejorados, gesti\u00f3n de riesgos mejorada, cumplimiento normativo, reducci\u00f3n de costos y una ventaja competitiva. Nuestros investigadores realizan an\u00e1lisis estrat\u00e9gicos para convertir la informaci\u00f3n en conocimientos pr\u00e1cticos, considerando la automatizaci\u00f3n de los mercados de capitales y la inteligencia artificial con una visi\u00f3n completa del mercado. Nuestro enfoque va m\u00e1s all\u00e1 de los datos para brindar soluciones personalizadas para los clientes.<\/p>\n\n\n\n<ul class=\"wp-block-list\">\n<li>Alineaci\u00f3n estrat\u00e9gica con los objetivos de negocio.<\/li>\n\n\n\n<li>Navegando por panoramas regulatorios<\/li>\n\n\n\n<li>Toma de decisiones mejorada a trav\u00e9s de la IA<\/li>\n\n\n\n<li>Modelos avanzados de gesti\u00f3n de riesgos<\/li>\n\n\n\n<li>Cumplimiento de los requisitos reglamentarios<\/li>\n\n\n\n<li>Eficiencia operativa y reducci\u00f3n de costes.<\/li>\n\n\n\n<li>Ventaja competitiva a trav\u00e9s de la tecnolog\u00eda.<\/li>\n<\/ul>\n\n\n\n<p>Nuestra relaci\u00f3n con especialistas de la industria durante las \u00faltimas tres d\u00e9cadas permite a SIS profundizar en la automatizaci\u00f3n de los mercados de capitales y la IA, aprovechando nuestra presencia y experiencia global.<\/p>\n\n\n\n<h2 class=\"wp-block-heading\">Nuestra ubicaci\u00f3n de instalaciones en Nueva York<\/h2>\n\n\n\n<p>  <iframe loading=\"lazy\" src=\"https:\/\/www.google.com\/maps\/embed?pb=!1m18!1m12!1m3!1d3022.976188376966!2d-73.99130312499956!3d40.740549471389315!2m3!1f0!2f0!3f0!3m2!1i1024!2i768!4f13.1!3m3!1m2!1s0x89c259a15798c731%3A0xd695d09bdd495f25!2s11%20E%2022nd%20St%20FL%202%2C%20New%20York%2C%20NY%2010010%2C%20USA!5e0!3m2!1sen!2spe!4v1726171763526!5m2!1sen!2spe\" width=\"600\" height=\"450\" allowfullscreen=\"allowfullscreen\" data-mce-fragment=\"1\"><\/iframe>  <\/p>\n\n\n\n<h3 class=\"wp-block-heading\">11 E 22nd Street, piso 2, Nueva York, NY 10010 T: +1(212) 505-6805<\/h3>\n\n\n\n<hr class=\"wp-block-separator has-alpha-channel-opacity\"\/>\n\n\n\n<h2 class=\"wp-block-heading\"><span style=\"font-weight: 400;\">Acerca de SIS Internacional<\/span><\/h2>\n\n\n\n<p><a href=\"https:\/\/www.sisinternational.com\/es\/\"><span style=\"font-weight: 400;\">SIS Internacional<\/span><\/a><span style=\"font-weight: 400;\"> ofrece investigaci\u00f3n cuantitativa, cualitativa y estrat\u00e9gica. Proporcionamos datos, herramientas, estrategias, informes y conocimientos para la toma de decisiones. Tambi\u00e9n realizamos entrevistas, encuestas, grupos focales y otros m\u00e9todos y enfoques de investigaci\u00f3n de mercado.<\/span><a href=\"https:\/\/www.sisinternational.com\/es\/sobre-la-investigacion-internacional-de-sis\/contact-sis-international-market-research\/\"><span style=\"font-weight: 400;\"> P\u00f3ngase en contacto con nosotros<\/span><\/a><span style=\"font-weight: 400;\"> para su pr\u00f3ximo proyecto de Investigaci\u00f3n de Mercado.<\/span><\/p>","protected":false},"excerpt":{"rendered":"<p>La automatizaci\u00f3n de los mercados de capitales y la consultor\u00eda en inteligencia artificial unen el potencial tecnol\u00f3gico y la aplicaci\u00f3n pr\u00e1ctica en los sectores financieros.<\/p>","protected":false},"author":1,"featured_media":71742,"parent":27462,"menu_order":49,"comment_status":"closed","ping_status":"closed","template":"","meta":{"footnotes":""},"class_list":["post-45099","page","type-page","status-publish","has-post-thumbnail"],"_links":{"self":[{"href":"https:\/\/www.sisinternational.com\/es\/wp-json\/wp\/v2\/pages\/45099","targetHints":{"allow":["GET"]}}],"collection":[{"href":"https:\/\/www.sisinternational.com\/es\/wp-json\/wp\/v2\/pages"}],"about":[{"href":"https:\/\/www.sisinternational.com\/es\/wp-json\/wp\/v2\/types\/page"}],"author":[{"embeddable":true,"href":"https:\/\/www.sisinternational.com\/es\/wp-json\/wp\/v2\/users\/1"}],"replies":[{"embeddable":true,"href":"https:\/\/www.sisinternational.com\/es\/wp-json\/wp\/v2\/comments?post=45099"}],"version-history":[{"count":12,"href":"https:\/\/www.sisinternational.com\/es\/wp-json\/wp\/v2\/pages\/45099\/revisions"}],"predecessor-version":[{"id":80886,"href":"https:\/\/www.sisinternational.com\/es\/wp-json\/wp\/v2\/pages\/45099\/revisions\/80886"}],"up":[{"embeddable":true,"href":"https:\/\/www.sisinternational.com\/es\/wp-json\/wp\/v2\/pages\/27462"}],"wp:featuredmedia":[{"embeddable":true,"href":"https:\/\/www.sisinternational.com\/es\/wp-json\/wp\/v2\/media\/71742"}],"wp:attachment":[{"href":"https:\/\/www.sisinternational.com\/es\/wp-json\/wp\/v2\/media?parent=45099"}],"curies":[{"name":"wp","href":"https:\/\/api.w.org\/{rel}","templated":true}]}}