{"id":45095,"date":"2024-01-13T16:13:39","date_gmt":"2024-01-13T21:13:39","guid":{"rendered":"https:\/\/www.sisinternational.com\/?page_id=45095"},"modified":"2026-01-27T16:38:48","modified_gmt":"2026-01-27T21:38:48","slug":"automatizacion-de-servicios-financieros-consultoria-de-inteligencia-artificial","status":"publish","type":"page","link":"https:\/\/www.sisinternational.com\/es\/soluciones\/investigacion-de-consultoria-estrategica-fintech\/automatizacion-de-servicios-financieros-consultoria-de-inteligencia-artificial\/","title":{"rendered":"Consultor\u00eda en Automatizaci\u00f3n de Servicios Financieros e Inteligencia Artificial"},"content":{"rendered":"<h1 class=\"wp-block-heading\">Consultor\u00eda en Automatizaci\u00f3n de Servicios Financieros e Inteligencia Artificial<\/h1>\n\n\n\n<figure class=\"gb-block-image gb-block-image-0398f126\"><img loading=\"lazy\" decoding=\"async\" width=\"1456\" height=\"816\" class=\"gb-image gb-image-0398f126\" src=\"https:\/\/www.sisinternational.com\/wp-content\/uploads\/2025\/10\/Financial-Services-Transaction-1.jpg\" alt=\"Investigaci\u00f3n y estrategia de mercado internacional de SIS\" title=\"Financial Services Transaction (1)\" srcset=\"https:\/\/www.sisinternational.com\/wp-content\/uploads\/2025\/10\/Financial-Services-Transaction-1.jpg 1456w, https:\/\/www.sisinternational.com\/wp-content\/uploads\/2025\/10\/Financial-Services-Transaction-1-300x168.jpg 300w, https:\/\/www.sisinternational.com\/wp-content\/uploads\/2025\/10\/Financial-Services-Transaction-1-1024x574.jpg 1024w, https:\/\/www.sisinternational.com\/wp-content\/uploads\/2025\/10\/Financial-Services-Transaction-1-768x430.jpg 768w, https:\/\/www.sisinternational.com\/wp-content\/uploads\/2025\/10\/Financial-Services-Transaction-1-18x10.jpg 18w\" sizes=\"auto, (max-width: 1456px) 100vw, 1456px\"><\/figure>\n\n\n\n<h1 class=\"wp-block-heading\">&nbsp;<\/h1>\n\n\n\n<p><\/p>\n\n\n\n<hr class=\"wp-block-separator has-alpha-channel-opacity\"\/>\n\n\n\n<p>La automatizaci\u00f3n de los servicios financieros y la consultor\u00eda en inteligencia artificial representan un cambio de paradigma, que redefine fundamentalmente c\u00f3mo interactuamos con los sistemas y servicios financieros. Esta evoluci\u00f3n no es solo una tendencia fugaz, sino una piedra angular en la modernizaci\u00f3n de las finanzas, donde el papel de la IA va m\u00e1s all\u00e1 del mero apoyo para convertirse en una fuerza transformadora.<\/p>\n\n\n\n<h2 class=\"wp-block-heading\">Comprender el papel de la automatizaci\u00f3n de servicios financieros y la consultor\u00eda en inteligencia artificial<\/h2>\n\n\n\n<p>Financial services automation and artificial intelligence consulting is a field that streamlines operations, enhances decision-making processes, and personalizes customer experiences. Consultants in this domain bridge the gap between technological potential and practical financial applications.<\/p>\n\n\n\n<p>They analyze a company\u2019s structure, workflow, and objectives, identifying areas where AI and automation can be integrated for optimal performance.<\/p>\n\n\n\n<h2 class=\"wp-block-heading\">Importancia de la automatizaci\u00f3n de servicios financieros y la consultor\u00eda en inteligencia artificial<\/h2>\n\n\n\n<figure class=\"gb-block-image gb-block-image-d5cfe508\"><img loading=\"lazy\" decoding=\"async\" width=\"1456\" height=\"816\" class=\"gb-image gb-image-d5cfe508\" src=\"https:\/\/www.sisinternational.com\/wp-content\/uploads\/2025\/10\/Financial-Services-Reorganization-4.jpg\" alt=\"Investigaci\u00f3n y estrategia de mercado internacional de SIS\" title=\"Financial Services Reorganization (4)\" srcset=\"https:\/\/www.sisinternational.com\/wp-content\/uploads\/2025\/10\/Financial-Services-Reorganization-4.jpg 1456w, https:\/\/www.sisinternational.com\/wp-content\/uploads\/2025\/10\/Financial-Services-Reorganization-4-300x168.jpg 300w, https:\/\/www.sisinternational.com\/wp-content\/uploads\/2025\/10\/Financial-Services-Reorganization-4-1024x574.jpg 1024w, https:\/\/www.sisinternational.com\/wp-content\/uploads\/2025\/10\/Financial-Services-Reorganization-4-768x430.jpg 768w, https:\/\/www.sisinternational.com\/wp-content\/uploads\/2025\/10\/Financial-Services-Reorganization-4-18x10.jpg 18w\" sizes=\"auto, (max-width: 1456px) 100vw, 1456px\"><\/figure>\n\n\n\n<p><\/p>\n\n\n\n<p>Financial <a href=\"https:\/\/www.sisinternational.com\/es\/soluciones\/investigacion-de-mercado-de-ia-y-consultoria-estrategica\/bienes-de-consumo-servicios-automatizacion-ai-consultoria\/\" title=\"Bienes y Servicios de Consumo Automatizaci\u00f3n y Consultor\u00eda en IA\"  data-wpil-monitor-id=\"3870\">services automation and artificial intelligence consulting<\/a> drive efficiency in financial operations. Automation reduces the time and resources spent on repetitive tasks, while AI can process and analyze vast amounts of data far beyond human capability.<\/p>\n\n\n\n<p>Additionally, this consulting is a catalyst for innovation. It encourages financial institutions to think beyond traditional boundaries, exploring new models of financial services, products, and delivery methods. In any case, financial services <a href=\"https:\/\/www.sisinternational.com\/es\/soluciones\/investigacion-de-mercado-de-ia-y-consultoria-estrategica\/automatizacion-del-flujo-de-trabajo-consultoria-de-inteligencia-artificial\/\" title=\"Consultor\u00eda en automatizaci\u00f3n de flujos de trabajo e inteligencia artificial\"  data-wpil-monitor-id=\"6895\">automation and artificial intelligence consulting<\/a> have many other benefits, including:<\/p>\n\n\n\n<ul class=\"wp-block-list\">\n<li><strong>Eficiencia operacional:<\/strong> Financial services automation and AI consulting help organizations adopt automation systems that streamline repetitive and time-consuming tasks such as data entry, transaction processing, and report generation.\u00a0<\/li>\n\n\n\n<li><strong>Gesti\u00f3n de Riesgos y Cumplimiento:<\/strong> Los modelos de inteligencia artificial y aprendizaje autom\u00e1tico son expertos en identificar riesgos y anomal\u00edas potenciales, lo cual es crucial para la detecci\u00f3n de fraude y el cumplimiento normativo. Pueden seguir el ritmo del panorama regulatorio en constante cambio, garantizando que las instituciones financieras sigan cumpliendo.<\/li>\n\n\n\n<li><strong>Ventaja competitiva:<\/strong> By adopting the latest in AI and automation, financial institutions can differentiate themselves in a crowded market.\u00a0<\/li>\n<\/ul>\n\n\n\n<h2 class=\"wp-block-heading\">\u00bfCu\u00e1ndo deber\u00edan las empresas buscar servicios de consultor\u00eda en inteligencia artificial y automatizaci\u00f3n de servicios financieros?<\/h2>\n\n\n\n<p>Algunos indicadores sugieren que es hora de que una instituci\u00f3n financiera considere esta consultor\u00eda estrat\u00e9gica, e incluyen los siguientes factores:<\/p>\n\n\n\n<ul class=\"wp-block-list\">\n<li><strong>Necesidad de eficiencia operativa:<\/strong> Si una organizaci\u00f3n financiera est\u00e1 luchando con procesos manuales que consumen mucho tiempo, errores e ineficiencias, es una se\u00f1al clara de que la automatizaci\u00f3n de los servicios financieros y la consultor\u00eda en inteligencia artificial podr\u00edan ser beneficiosas.<\/li>\n\n\n\n<li><strong>Desaf\u00edos de crecimiento y escalabilidad:<\/strong> As a financial institution grows, the need to efficiently manage increased volumes of transactions and data becomes vital. Financial services <a href=\"https:\/\/www.sisinternational.com\/es\/financial-services-consulting\/financial-services-customer-satisfaction\/\" title=\"Financial Services Customer Satisfaction\"  data-wpil-monitor-id=\"7493\">automation and AI consulting<\/a> offer scalable solutions that can adapt to a growing customer base and evolving business needs.<\/li>\n\n\n\n<li><strong>Demandas crecientes de cumplimiento normativo:<\/strong> El sector financiero suele estar sujeto a requisitos regulatorios estrictos. Las instituciones que enfrentan desaf\u00edos para mantenerse al d\u00eda con el cumplimiento, particularmente aquellas que se ocupan de regulaciones internacionales, pueden beneficiarse significativamente de la capacidad de la IA para gestionar y simplificar los procesos de cumplimiento.<\/li>\n\n\n\n<li><strong>Presi\u00f3n competitiva:<\/strong> If competitors adopt AI and automation, it&#8217;s important to consider similar advancements to remain competitive.\u00a0<\/li>\n\n\n\n<li><strong>Preocupaciones de ciberseguridad:<\/strong> With the increasing threat of cyberattacks and fraud, financial institutions looking to enhance their security protocols will find AI and automation invaluable.\u00a0<\/li>\n<\/ul>\n\n\n\n<h2 class=\"wp-block-heading\">\u00bfEn qu\u00e9 se diferencia la automatizaci\u00f3n de servicios financieros y la consultor\u00eda en inteligencia artificial de la investigaci\u00f3n de mercado tradicional?<\/h2>\n\n\n\n<figure class=\"gb-block-image gb-block-image-d5b94538\"><img loading=\"lazy\" decoding=\"async\" width=\"1456\" height=\"816\" class=\"gb-image gb-image-d5b94538\" src=\"https:\/\/www.sisinternational.com\/wp-content\/uploads\/2025\/10\/Financial-Services-Transaction-2.jpg\" alt=\"Investigaci\u00f3n y estrategia de mercado internacional de SIS\" title=\"Financial Services Transaction (2)\" srcset=\"https:\/\/www.sisinternational.com\/wp-content\/uploads\/2025\/10\/Financial-Services-Transaction-2.jpg 1456w, https:\/\/www.sisinternational.com\/wp-content\/uploads\/2025\/10\/Financial-Services-Transaction-2-300x168.jpg 300w, https:\/\/www.sisinternational.com\/wp-content\/uploads\/2025\/10\/Financial-Services-Transaction-2-1024x574.jpg 1024w, https:\/\/www.sisinternational.com\/wp-content\/uploads\/2025\/10\/Financial-Services-Transaction-2-768x430.jpg 768w, https:\/\/www.sisinternational.com\/wp-content\/uploads\/2025\/10\/Financial-Services-Transaction-2-18x10.jpg 18w\" sizes=\"auto, (max-width: 1456px) 100vw, 1456px\"><\/figure>\n\n\n\n<p><\/p>\n\n\n\n<p>Servicios financieros <a href=\"https:\/\/www.sisinternational.com\/es\/soluciones\/investigacion-de-mercado-de-ia-y-consultoria-estrategica\/automatizacion-de-restaurantes-consultoria-de-inteligencia-artificial\/\" title=\"Consultor\u00eda en Automatizaci\u00f3n de Restaurantes e Inteligencia Artificial\"  data-wpil-monitor-id=\"7239\">automation and artificial intelligence consulting<\/a> significantly diverge from traditional market research in their approach, methodology, and outcomes. Here&#8217;s a closer look at the differences:<\/p>\n\n\n\n<ul class=\"wp-block-list\">\n<li><strong>An\u00e1lisis y procesamiento de datos:<\/strong> La investigaci\u00f3n de mercado tradicional a menudo se basa en encuestas, grupos focales y datos hist\u00f3ricos, que en su mayor\u00eda son est\u00e1ticos y de alcance limitado. Por el contrario, la automatizaci\u00f3n de los servicios financieros y la consultor\u00eda de IA utilizan an\u00e1lisis de datos din\u00e1micos y en tiempo real, aprovechando algoritmos complejos para procesar grandes cantidades de datos de forma r\u00e1pida y precisa.<\/li>\n\n\n\n<li><strong>An\u00e1lisis predictivo:<\/strong> Mientras que la investigaci\u00f3n de mercado tradicional proporciona informaci\u00f3n basada en datos pasados y presentes, la automatizaci\u00f3n de los servicios financieros y la consultor\u00eda de inteligencia artificial destacan en el an\u00e1lisis predictivo. Los algoritmos de IA pueden pronosticar tendencias futuras, necesidades de los clientes y cambios del mercado, lo que permite a las instituciones financieras ser proactivas en lugar de reactivas.<\/li>\n\n\n\n<li><strong>Personalizaci\u00f3n:<\/strong> La IA y la automatizaci\u00f3n permiten un enfoque altamente personalizado del servicio al cliente y la oferta de productos, que est\u00e1 m\u00e1s all\u00e1 del alcance de la investigaci\u00f3n de mercado tradicional. Los sistemas de inteligencia artificial pueden analizar datos de clientes individuales para ofrecer asesoramiento financiero, opciones de inversi\u00f3n y recomendaciones de servicios personalizados.<\/li>\n<\/ul>\n\n\n\n<h2 class=\"wp-block-heading\">Factores claves del \u00e9xito<\/h2>\n\n\n\n<p>For financial services <a href=\"https:\/\/www.sisinternational.com\/es\/soluciones\/investigacion-de-mercado-de-ia-y-consultoria-estrategica\/automatizacion-de-ventas-consultoria-de-inteligencia-artificial\/\" title=\"Consultor\u00eda en Automatizaci\u00f3n de Ventas e Inteligencia Artificial\"  data-wpil-monitor-id=\"7250\">automation and artificial intelligence consulting<\/a> to be effective, several key success factors need to be in place. These elements ensure that integrating AI and <a href=\"https:\/\/www.sisinternational.com\/es\/financial-services-consulting\/robotic-process-automation-in-financial-services\/\" title=\"Robotic Process Automation in Financial Services\"  data-wpil-monitor-id=\"1058\">automation into financial services<\/a> is technically successful and aligns with the business\u2019s strategic goals and industry standards.<\/p>\n\n\n\n<ul class=\"wp-block-list\">\n<li><strong>Calidad e Integraci\u00f3n de Datos:<\/strong> El \u00e9xito de los sistemas de IA depende en gran medida de la calidad, precisi\u00f3n y exhaustividad de los datos que utilizan. Las instituciones financieras deben tener pr\u00e1cticas s\u00f3lidas de gesti\u00f3n de datos para garantizar que los datos introducidos en los sistemas de IA sean confiables. Igualmente importante es la perfecta integraci\u00f3n de estos sistemas con la infraestructura de TI existente.<\/li>\n\n\n\n<li><strong>Experiencia y personal calificado:<\/strong> Esto incluye expertos en inteligencia artificial y tecnolog\u00edas de automatizaci\u00f3n, cient\u00edficos de datos, as\u00ed como profesionales con un profundo conocimiento de la industria financiera y su entorno regulatorio.<\/li>\n\n\n\n<li><strong>Enfoque centrado en el cliente:<\/strong> AI and automation should be deployed to enhance the customer experience. This involves understanding customer needs, preferences, and behaviors to effectively tailor AI-driven services and products.<\/li>\n\n\n\n<li><strong>Escalabilidad y flexibilidad:<\/strong> Las soluciones de inteligencia artificial y automatizaci\u00f3n deben ser escalables para adaptarse al crecimiento y lo suficientemente flexibles para adaptarse a las necesidades comerciales en evoluci\u00f3n y los cambios tecnol\u00f3gicos.<\/li>\n<\/ul>\n\n\n\n<h2 class=\"wp-block-heading\">Qu\u00e9 esperar de la automatizaci\u00f3n de servicios financieros y la consultor\u00eda en inteligencia artificial<\/h2>\n\n\n\n<figure class=\"gb-block-image gb-block-image-dbeabd30\"><img loading=\"lazy\" decoding=\"async\" width=\"1456\" height=\"816\" class=\"gb-image gb-image-dbeabd30\" src=\"https:\/\/www.sisinternational.com\/wp-content\/uploads\/2025\/10\/Financial-Services-Reorganization-2.jpg\" alt=\"Investigaci\u00f3n y estrategia de mercado internacional de SIS\" title=\"Financial Services Reorganization (2)\" srcset=\"https:\/\/www.sisinternational.com\/wp-content\/uploads\/2025\/10\/Financial-Services-Reorganization-2.jpg 1456w, https:\/\/www.sisinternational.com\/wp-content\/uploads\/2025\/10\/Financial-Services-Reorganization-2-300x168.jpg 300w, https:\/\/www.sisinternational.com\/wp-content\/uploads\/2025\/10\/Financial-Services-Reorganization-2-1024x574.jpg 1024w, https:\/\/www.sisinternational.com\/wp-content\/uploads\/2025\/10\/Financial-Services-Reorganization-2-768x430.jpg 768w, https:\/\/www.sisinternational.com\/wp-content\/uploads\/2025\/10\/Financial-Services-Reorganization-2-18x10.jpg 18w\" sizes=\"auto, (max-width: 1456px) 100vw, 1456px\"><\/figure>\n\n\n\n<p><\/p>\n\n\n\n<p>Al embarcarse en la automatizaci\u00f3n de servicios financieros y la consultor\u00eda en inteligencia artificial, existen varios resultados y beneficios que las empresas pueden anticipar:<\/p>\n\n\n\n<ul class=\"wp-block-list\">\n<li><strong>Gesti\u00f3n de riesgos mejorada:<\/strong> AI\u2019s predictive analytics and data processing capabilities allow for more accurate risk assessment and management.\u00a0<\/li>\n\n\n\n<li><strong>Perspectivas y toma de decisiones basadas en datos:<\/strong> La capacidad de analizar grandes vol\u00famenes de datos con IA conduce a conocimientos m\u00e1s profundos, lo que respalda una toma de decisiones m\u00e1s informada y estrat\u00e9gica. Las instituciones financieras pueden obtener una mejor comprensi\u00f3n de las tendencias del mercado, el comportamiento de los clientes y el desempe\u00f1o operativo.<\/li>\n\n\n\n<li><strong>Ventaja competitiva:<\/strong> By leveraging the latest technologies in AI and automation, financial institutions can differentiate themselves in the market. This technological edge can attract and retain new customers, contributing to business growth.<\/li>\n\n\n\n<li><strong>Cumplimiento y seguridad mejorados:<\/strong> Las herramientas de inteligencia artificial pueden mantenerse al d\u00eda con el panorama regulatorio en constante evoluci\u00f3n, ayudando a las instituciones a seguir cumpliendo. Adem\u00e1s, la IA puede mejorar las medidas de seguridad, detectando y previniendo actividades fraudulentas de forma m\u00e1s eficaz que los sistemas tradicionales.<\/li>\n\n\n\n<li><strong>Retorno de la inversi\u00f3n:<\/strong> Si bien la inversi\u00f3n inicial en IA y automatizaci\u00f3n puede ser sustancial, los beneficios a largo plazo, como el ahorro de costos, el aumento de los ingresos y la mejora de la eficiencia, a menudo resultan en un retorno de la inversi\u00f3n significativo.<\/li>\n<\/ul>\n\n\n\n<h2 class=\"wp-block-heading\">Oportunidades en automatizaci\u00f3n de servicios financieros y consultor\u00eda de inteligencia artificial para empresas<\/h2>\n\n\n\n<p>The integration of automation and artificial intelligence in financial services opens up several opportunities for businesses in the sector \u2013 and here are some of the key opportunities that companies can capitalize on:<\/p>\n\n\n\n<ul class=\"wp-block-list\">\n<li><strong>Productos y servicios financieros personalizados:<\/strong> AI enables financial institutions to offer highly personalized products and services. This includes customized investment advice, tailored banking services, and personalized insurance policies, all of which can significantly <a class=\"wpil_keyword_link\" href=\"https:\/\/www.sisinternational.com\/es\/mejorar-las-relaciones-con-los-clientes\/\"   title=\"C\u00f3mo mejorar la satisfacci\u00f3n del cliente y complacer a los clientes insatisfechos\" data-wpil-keyword-link=\"linked\"  data-wpil-monitor-id=\"637\">improve customer satisfaction<\/a> and loyalty.<\/li>\n\n\n\n<li><strong>Expandi\u00e9ndose a nuevos mercados:<\/strong> La IA y la automatizaci\u00f3n facilitan que las instituciones financieras expandan sus servicios a nuevos mercados, superando barreras tradicionales como el idioma y el cumplimiento normativo local.<\/li>\n\n\n\n<li><strong>Banca Sostenible y Responsable:<\/strong> Financial services automation and artificial intelligence consulting can help financial institutions make more environmentally and socially responsible decisions, aligning with global sustainability goals.\u00a0<\/li>\n\n\n\n<li><strong>Creando ecosistemas colaborativos:<\/strong> Financial services automation and artificial intelligence consulting enable the creation of collaborative ecosystems between financial institutions, fintech companies, and other stakeholders.\u00a0<\/li>\n<\/ul>\n\n\n\n<h2 class=\"wp-block-heading\">Soluciones SIS: Automatizaci\u00f3n de Servicios Financieros y Consultor\u00eda en Inteligencia Artificial<\/h2>\n\n\n\n<figure class=\"gb-block-image gb-block-image-5f3b6288\"><img loading=\"lazy\" decoding=\"async\" width=\"1456\" height=\"816\" class=\"gb-image gb-image-5f3b6288\" src=\"https:\/\/www.sisinternational.com\/wp-content\/uploads\/2025\/10\/Financial-Services-Transaction-4.jpg\" alt=\"Investigaci\u00f3n y estrategia de mercado internacional de SIS\" title=\"Financial Services Transaction (4)\" srcset=\"https:\/\/www.sisinternational.com\/wp-content\/uploads\/2025\/10\/Financial-Services-Transaction-4.jpg 1456w, https:\/\/www.sisinternational.com\/wp-content\/uploads\/2025\/10\/Financial-Services-Transaction-4-300x168.jpg 300w, https:\/\/www.sisinternational.com\/wp-content\/uploads\/2025\/10\/Financial-Services-Transaction-4-1024x574.jpg 1024w, https:\/\/www.sisinternational.com\/wp-content\/uploads\/2025\/10\/Financial-Services-Transaction-4-768x430.jpg 768w, https:\/\/www.sisinternational.com\/wp-content\/uploads\/2025\/10\/Financial-Services-Transaction-4-18x10.jpg 18w\" sizes=\"auto, (max-width: 1456px) 100vw, 1456px\"><\/figure>\n\n\n\n<p><\/p>\n\n\n\n<p>We provide innovative solutions to revolutionize the financial industry, leveraging the power of automation and artificial intelligence to drive efficiency, enhance decision-making processes, and personalize customer experiences. Our researchers conduct strategic analyses to turn information into actionable insights and help you consider financial <a href=\"https:\/\/www.sisinternational.com\/es\/pericia\/industrias\/investigacion-de-mercado-de-robotica\/\" title=\"Investigaci\u00f3n de mercado de rob\u00f3tica\"  data-wpil-monitor-id=\"5977\">services automation and AI consulting<\/a> with a full market view \u2013 and our focus on strategic analysis and actionable insights goes beyond data and provides tailored solutions for clients.<\/p>\n\n\n\n<ul class=\"wp-block-list\">\n<li><strong>Optimizaci\u00f3n de la gesti\u00f3n de riesgos:<\/strong> Our AI-driven solutions analyze vast amounts of data to identify potential risks and anomalies, enabling financial institutions to enhance risk management strategies and ensure regulatory compliance.<\/li>\n\n\n\n<li><strong>Mejora de la eficiencia operativa:<\/strong> By implementing automation systems, we streamline repetitive tasks such as data entry, transaction processing, and report generation, leading to increased operational efficiency and reduced costs.<\/li>\n\n\n\n<li><strong>Experiencia de cliente personalizada:<\/strong> Aprovechando los algoritmos de IA, ofrecemos asesoramiento financiero, estrategias de inversi\u00f3n e interacciones de servicio al cliente altamente personalizadas, mejorando la satisfacci\u00f3n y lealtad del cliente.<\/li>\n\n\n\n<li><strong>Mejora del cumplimiento y la seguridad:<\/strong> Nuestras herramientas de IA detectan y previenen proactivamente actividades fraudulentas, garantizando el cumplimiento de los requisitos reglamentarios y mejorando las medidas de ciberseguridad.<\/li>\n\n\n\n<li><span style=\"box-sizing: border-box; margin: 0px; padding: 0px;\"><strong>Toma de decisiones basada en datos:<\/strong> Al analizar grandes vol\u00famenes de datos con IA, brindamos conocimientos m\u00e1s profundos sobre las tendencias del mercado, el comportamiento del cliente y el desempe\u00f1o operativo, lo que respalda una toma de decisiones m\u00e1s informada y estrat\u00e9gica.<\/span><\/li>\n\n\n\n<li><strong>Soluciones escalables para el crecimiento:<\/strong> Nuestras soluciones escalables de automatizaci\u00f3n e inteligencia artificial se adaptan a las necesidades empresariales en constante evoluci\u00f3n y a los cambios tecnol\u00f3gicos, garantizando flexibilidad y escalabilidad a medida que crecen las instituciones financieras.<\/li>\n\n\n\n<li><strong>Desarrollo de soluciones personalizadas:<\/strong> We develop customized AI solutions tailored to each financial institution&#8217;s unique needs and challenges, ensuring practical and relevant implementations that drive tangible results and long-term success.<\/li>\n<\/ul>\n\n\n\n<p>Our relationship with industry specialists, generated over the last three decades, allows <a href=\"https:\/\/www.linkedin.com\/company\/sisinternationalresearch\/\" target=\"_blank\" rel=\"noopener\">SIS<\/a> to go wide and deep into financial services automation and artificial intelligence consulting. The SIS strategy team pulls together the latest in financial <a href=\"https:\/\/www.sisinternational.com\/es\/sistemas-de-automatizacion-de-procesos-en-los-ee-uu\/\" title=\"Consultor\u00eda de estrategia de automatizaci\u00f3n\" data-wpil-monitor-id=\"7455\">services automation<\/a> and AI consulting, working closely with our local offices abroad.<\/p>\n\n\n\n<h2 class=\"wp-block-heading\">Nuestra ubicaci\u00f3n de instalaciones en Nueva York<\/h2>\n\n\n\n<p>  <iframe loading=\"lazy\" src=\"https:\/\/www.google.com\/maps\/embed?pb=!1m18!1m12!1m3!1d3022.976188376966!2d-73.99130312499956!3d40.740549471389315!2m3!1f0!2f0!3f0!3m2!1i1024!2i768!4f13.1!3m3!1m2!1s0x89c259a15798c731%3A0xd695d09bdd495f25!2s11%20E%2022nd%20St%20FL%202%2C%20New%20York%2C%20NY%2010010%2C%20USA!5e0!3m2!1sen!2spe!4v1726171763526!5m2!1sen!2spe\" width=\"600\" height=\"450\" allowfullscreen=\"allowfullscreen\" data-mce-fragment=\"1\"><\/iframe>  <\/p>\n\n\n\n<h3 class=\"wp-block-heading\">11 E 22nd Street, piso 2, Nueva York, NY 10010 T: +1(212) 505-6805<\/h3>\n\n\n\n<hr class=\"wp-block-separator has-alpha-channel-opacity\"\/>\n\n\n\n<h2 class=\"wp-block-heading\"><strong>Acerca de SIS Internacional<\/strong><\/h2>\n\n\n\n<p><a href=\"https:\/\/www.sisinternational.com\/es\/\"><span style=\"font-weight: 400;\">SIS Internacional<\/span><\/a><span style=\"font-weight: 400;\"> ofrece investigaci\u00f3n cuantitativa, cualitativa y estrat\u00e9gica. Proporcionamos datos, herramientas, estrategias, informes y conocimientos para la toma de decisiones. Tambi\u00e9n realizamos entrevistas, encuestas, grupos focales y otros m\u00e9todos y enfoques de investigaci\u00f3n de mercado.<\/span><a href=\"https:\/\/www.sisinternational.com\/es\/sobre-la-investigacion-internacional-de-sis\/contact-sis-international-market-research\/\"><span style=\"font-weight: 400;\"> P\u00f3ngase en contacto con nosotros<\/span><\/a><span style=\"font-weight: 400;\"> para su pr\u00f3ximo proyecto de Investigaci\u00f3n de Mercado.<\/span><\/p>\n\n\n\n<p><span style=\"font-weight: 400;\">&nbsp;<\/span><\/p>","protected":false},"excerpt":{"rendered":"<p>La automatizaci\u00f3n de servicios financieros y la consultor\u00eda en inteligencia artificial optimizan las operaciones, mejoran la toma de decisiones y personalizan las experiencias de los clientes.<\/p>","protected":false},"author":1,"featured_media":71760,"parent":27462,"menu_order":48,"comment_status":"closed","ping_status":"closed","template":"","meta":{"footnotes":""},"class_list":["post-45095","page","type-page","status-publish","has-post-thumbnail"],"_links":{"self":[{"href":"https:\/\/www.sisinternational.com\/es\/wp-json\/wp\/v2\/pages\/45095","targetHints":{"allow":["GET"]}}],"collection":[{"href":"https:\/\/www.sisinternational.com\/es\/wp-json\/wp\/v2\/pages"}],"about":[{"href":"https:\/\/www.sisinternational.com\/es\/wp-json\/wp\/v2\/types\/page"}],"author":[{"embeddable":true,"href":"https:\/\/www.sisinternational.com\/es\/wp-json\/wp\/v2\/users\/1"}],"replies":[{"embeddable":true,"href":"https:\/\/www.sisinternational.com\/es\/wp-json\/wp\/v2\/comments?post=45095"}],"version-history":[{"count":15,"href":"https:\/\/www.sisinternational.com\/es\/wp-json\/wp\/v2\/pages\/45095\/revisions"}],"predecessor-version":[{"id":81120,"href":"https:\/\/www.sisinternational.com\/es\/wp-json\/wp\/v2\/pages\/45095\/revisions\/81120"}],"up":[{"embeddable":true,"href":"https:\/\/www.sisinternational.com\/es\/wp-json\/wp\/v2\/pages\/27462"}],"wp:featuredmedia":[{"embeddable":true,"href":"https:\/\/www.sisinternational.com\/es\/wp-json\/wp\/v2\/media\/71760"}],"wp:attachment":[{"href":"https:\/\/www.sisinternational.com\/es\/wp-json\/wp\/v2\/media?parent=45095"}],"curies":[{"name":"wp","href":"https:\/\/api.w.org\/{rel}","templated":true}]}}