{"id":44820,"date":"2024-01-07T21:20:45","date_gmt":"2024-01-08T02:20:45","guid":{"rendered":"https:\/\/www.sisinternational.com\/?page_id=44820"},"modified":"2026-01-27T16:53:36","modified_gmt":"2026-01-27T21:53:36","slug":"consultoria-de-mapeo-de-oportunidades-de-productos-de-mercado","status":"publish","type":"page","link":"https:\/\/www.sisinternational.com\/es\/soluciones\/consultoria-estrategica\/consultoria-de-mapeo-de-oportunidades-de-productos-de-mercado\/","title":{"rendered":"Consultor\u00eda en mapeo de oportunidades de mercado y productos"},"content":{"rendered":"<h1 class=\"wp-block-heading\">Consultor\u00eda en mapeo de oportunidades de mercado y productos<\/h1>\n\n\n\n<figure class=\"gb-block-image gb-block-image-239b85f7\"><img loading=\"lazy\" decoding=\"async\" width=\"1456\" height=\"816\" class=\"gb-image gb-image-239b85f7\" src=\"https:\/\/www.sisinternational.com\/wp-content\/uploads\/2025\/10\/Market-and-Product-Opportunity-4.jpg\" alt=\"Investigaci\u00f3n y estrategia de mercado internacional de SIS\" title=\"Market and Product Opportunity (4)\" srcset=\"https:\/\/www.sisinternational.com\/wp-content\/uploads\/2025\/10\/Market-and-Product-Opportunity-4.jpg 1456w, https:\/\/www.sisinternational.com\/wp-content\/uploads\/2025\/10\/Market-and-Product-Opportunity-4-300x168.jpg 300w, https:\/\/www.sisinternational.com\/wp-content\/uploads\/2025\/10\/Market-and-Product-Opportunity-4-1024x574.jpg 1024w, https:\/\/www.sisinternational.com\/wp-content\/uploads\/2025\/10\/Market-and-Product-Opportunity-4-768x430.jpg 768w, https:\/\/www.sisinternational.com\/wp-content\/uploads\/2025\/10\/Market-and-Product-Opportunity-4-18x10.jpg 18w\" sizes=\"auto, (max-width: 1456px) 100vw, 1456px\"><\/figure>\n\n\n\n<p><\/p>\n\n\n\n<p>En el panorama empresarial actual en r\u00e1pida evoluci\u00f3n, identificar y capitalizar oportunidades de mercado y productos no es solo una ventaja, es una necesidad... Y la consultor\u00eda de mapeo de oportunidades de mercado y productos es una estrategia cr\u00edtica para las empresas que buscan mantenerse a la vanguardia.<\/p>\n\n\n\n<h2 class=\"wp-block-heading\">\u00bfQu\u00e9 es la consultor\u00eda de mapeo de oportunidades de productos y mercados?<\/h2>\n\n\n\n<p>La consultor\u00eda de mapeo de oportunidades de mercado y productos ayuda a las empresas a identificar, analizar y capitalizar nuevas oportunidades de mercado y productos. Analiza las tendencias del mercado, las preferencias de los clientes, los panoramas competitivos y las \u00e1reas potenciales para la innovaci\u00f3n de productos.<\/p>\n\n\n\n<p>Basically, <a href=\"https:\/\/www.sisinternational.com\/es\/pericia\/industrias\/investigacion-de-mercado-de-mapas-de-calor\/\" title=\"Investigaci\u00f3n de mercado de mapas de calor\"  data-wpil-monitor-id=\"7666\">market and product opportunity mapping<\/a> consulting is about uncovering hidden potential. Consultants use a variety of tools and methodologies, including data analysis, market segmentation, and predictive modeling, to provide a detailed map of where a business could grow and work closely with businesses to understand their unique strengths and challenges, tailoring their advice to help each client make the most of the opportunities identified.<\/p>\n\n\n\n<h2 class=\"wp-block-heading\">Por qu\u00e9 las empresas necesitan consultor\u00eda en mapeo de oportunidades de productos y mercados<\/h2>\n\n\n\n<p>Market and product opportunity mapping consulting helps businesses anticipate and adapt to market trends before they become tangible, offering a significant competitive advantage. This <a href=\"https:\/\/www.sisinternational.com\/es\/soluciones\/consultoria-estrategica\/\" title=\"Consultor\u00eda estrat\u00e9gica\"  data-wpil-monitor-id=\"9532\">consulting tailors strategies<\/a> to fit these specific needs, ensuring that the opportunities identified are both relevant and achievable.<\/p>\n\n\n\n<p>Adem\u00e1s, este enfoque garantiza que las inversiones en desarrollo de productos, marketing y otras \u00e1reas se realicen en los segmentos m\u00e1s prometedores y rentables. Por lo tanto, la consultor\u00eda de mapeo de oportunidades de mercado y productos proporciona los conocimientos necesarios para estar un paso por delante de la competencia.<\/p>\n\n\n\n<h2 class=\"wp-block-heading\">C\u00f3mo realizar una consultor\u00eda de mapeo de oportunidades de productos y mercados<\/h2>\n\n\n\n<p>La realizaci\u00f3n de consultor\u00eda sobre mapeo de oportunidades de mercados y productos implica una serie de pasos sistem\u00e1ticos dise\u00f1ados para descubrir y explotar nuevas oportunidades de mercados y productos. A continuaci\u00f3n se ofrece una descripci\u00f3n general de c\u00f3mo se desarrolla normalmente este proceso:<\/p>\n\n\n\n<ul class=\"wp-block-list\">\n<li><strong>Recopilaci\u00f3n y an\u00e1lisis de datos:<\/strong> La base de cualquier ejercicio de mapeo de oportunidades de productos y mercados son los datos. Esto incluye datos de mercado, datos demogr\u00e1ficos de los clientes, an\u00e1lisis de la competencia y tendencias actuales de la industria.<\/li>\n\n\n\n<li><strong>Segmentaci\u00f3n de mercado:<\/strong> Esto implica dividir el mercado en funci\u00f3n de varios criterios, como demograf\u00eda, psicograf\u00eda y comportamiento de compra, para identificar grupos espec\u00edficos que presentan oportunidades \u00fanicas.<\/li>\n\n\n\n<li><a href=\"https:\/\/www.sisinternational.com\/es\/la-principal-empresa-de-seguimiento-de-tendencias-del-mercado-b2b\/\" title=\"Principal empresa de monitoreo de tendencias del mercado B2B\"  data-wpil-monitor-id=\"9530\">Trend Analysis: This step involves analyzing market<\/a> trends, technological advancements, and socioeconomic factors that could impact the business landscape.<\/li>\n\n\n\n<li><strong>Identificaci\u00f3n de oportunidades:<\/strong> Con datos y tendencias disponibles, el siguiente paso es identificar oportunidades potenciales de mercado y productos. Esto podr\u00eda implicar encontrar brechas en el mercado, necesidades de los clientes desatendidas o \u00e1reas donde los competidores no est\u00e1n activos.<\/li>\n\n\n\n<li><strong>Evaluaci\u00f3n de factibilidad:<\/strong> Se realiza una evaluaci\u00f3n de viabilidad para evaluar la viabilidad y la rentabilidad potencial de cada oportunidad identificada, considerando factores como el tama\u00f1o del mercado, el crecimiento potencial y los requisitos de recursos.<\/li>\n\n\n\n<li><strong>Desarrollo de estrategias:<\/strong> Sobre la base de la evaluaci\u00f3n de viabilidad, se formula una estrategia personalizada para cada oportunidad viable. Esta estrategia incluye planes de acci\u00f3n sobre desarrollo de productos, enfoques de marketing, asignaci\u00f3n de recursos y cronogramas.<\/li>\n\n\n\n<li><strong>Planificaci\u00f3n de implementaci\u00f3n:<\/strong> El \u00faltimo paso es convertir la estrategia en un plan viable. Esto implica establecer objetivos claros, definir indicadores clave de desempe\u00f1o (KPI) y establecer una hoja de ruta para la ejecuci\u00f3n.<\/li>\n\n\n\n<li><strong>Monitoreo y Adaptaci\u00f3n Continua:<\/strong> El <a href=\"https:\/\/www.sisinternational.com\/es\/global-beverage-market\/\" title=\"Global Beverage Market: Market Dynamics, Growth Projections &amp; Consumer Insights\"  data-wpil-monitor-id=\"9531\">market is dynamic<\/a>, and strategies may need adjustment. Continuous monitoring of market responses, competitor moves, and internal performance against set KPIs is essential for adapting and refining strategies.<\/li>\n<\/ul>\n\n\n\n<h2 class=\"wp-block-heading\">\u00bfEn qu\u00e9 se diferencia la consultor\u00eda de mapeo de oportunidades de productos y mercados de la investigaci\u00f3n de mercado tradicional?<\/h2>\n\n\n\n<figure class=\"gb-block-image gb-block-image-6859a6cb\"><img loading=\"lazy\" decoding=\"async\" width=\"1456\" height=\"816\" class=\"gb-image gb-image-6859a6cb\" src=\"https:\/\/www.sisinternational.com\/wp-content\/uploads\/2025\/10\/Market-and-Product-Opportunity-1.jpg\" alt=\"Investigaci\u00f3n y estrategia de mercado internacional de SIS\" title=\"Market and Product Opportunity (1)\" srcset=\"https:\/\/www.sisinternational.com\/wp-content\/uploads\/2025\/10\/Market-and-Product-Opportunity-1.jpg 1456w, https:\/\/www.sisinternational.com\/wp-content\/uploads\/2025\/10\/Market-and-Product-Opportunity-1-300x168.jpg 300w, https:\/\/www.sisinternational.com\/wp-content\/uploads\/2025\/10\/Market-and-Product-Opportunity-1-1024x574.jpg 1024w, https:\/\/www.sisinternational.com\/wp-content\/uploads\/2025\/10\/Market-and-Product-Opportunity-1-768x430.jpg 768w, https:\/\/www.sisinternational.com\/wp-content\/uploads\/2025\/10\/Market-and-Product-Opportunity-1-18x10.jpg 18w\" sizes=\"auto, (max-width: 1456px) 100vw, 1456px\"><\/figure>\n\n\n\n<p><\/p>\n\n\n\n<p>Traditional <a href=\"https:\/\/www.sisinternational.com\/es\/soluciones\/investigacion-de-mercado-de-grupo-focal\/\" title=\"Investigaci\u00f3n de mercado con grupos focales\"  data-wpil-monitor-id=\"9527\">market research primarily focuses<\/a> on understanding the current market landscape, customer behaviors, and preferences. It is often retrospective, analyzing existing data to gain insights. In contrast, market and product opportunity mapping consulting is more forward-looking. It not only analyzes current data but also anticipates <a href=\"https:\/\/www.sisinternational.com\/es\/future-trends-in-qualitative-market-research\/\" title=\"Future Trends in Qualitative Market Research\"  data-wpil-monitor-id=\"9526\">future market trends<\/a> and uncovers untapped opportunities, offering a roadmap for future growth.<\/p>\n\n\n\n<p>Si bien la investigaci\u00f3n de mercado tradicional puede proporcionar una comprensi\u00f3n amplia del mercado, el mapeo de oportunidades es m\u00e1s profundo. Implica un an\u00e1lisis m\u00e1s detallado de los segmentos de mercado, las \u00e1reas de crecimiento potencial y los paisajes competitivos. Esta profundidad permite una comprensi\u00f3n m\u00e1s matizada de d\u00f3nde una empresa puede encontrar nuevas oportunidades de crecimiento y diferenciaci\u00f3n.<\/p>\n\n\n\n<p>Furthermore, opportunity mapping consulting places a strong emphasis on innovation and future trends. It seeks to identify emerging trends and areas where a business can innovate, either in its product offerings or market approach. Traditional <a href=\"https:\/\/www.sisinternational.com\/es\/cobertura\/europa\/investigacion-de-mercado-liverpool-reino-unido\/\" title=\"Investigaci\u00f3n de mercado en Liverpool | Grupos focales y recopilaci\u00f3n de datos del Reino Unido\"  data-wpil-monitor-id=\"9528\">market research may not necessarily focus<\/a> on these forward-thinking aspects.<\/p>\n\n\n\n<h2 class=\"wp-block-heading\">Factores clave de \u00e9xito en la consultor\u00eda de mapeo de oportunidades de productos y mercados<\/h2>\n\n\n\n<p>To effectively leverage market and product opportunity mapping consulting, businesses must meet certain <a href=\"https:\/\/www.sisinternational.com\/es\/factores-clave-de-exito-en-la-investigacion-del-mercado-automotriz\/\" title=\"Factores clave de \u00e9xito en la investigaci\u00f3n de mercado automotriz\"  data-wpil-monitor-id=\"9525\">key success factors<\/a> \u2013 and here are some of the main factors to consider:<\/p>\n\n\n\n<ul class=\"wp-block-list\">\n<li><strong>An\u00e1lisis integral de datos:<\/strong> La base de un mapeo de oportunidades eficaz es un an\u00e1lisis de datos s\u00f3lido. Esto incluye no s\u00f3lo datos cuantitativos sino tambi\u00e9n conocimientos cualitativos, lo que garantiza una comprensi\u00f3n hol\u00edstica del mercado, los competidores y el comportamiento del consumidor.<\/li>\n\n\n\n<li><strong>Pensamientos innovadores:<\/strong> La capacidad de pensar fuera de lo com\u00fan es crucial. Las empresas deben estar abiertas a explorar mercados no convencionales, ideas de productos novedosos y estrategias innovadoras que pueden no alinearse con las normas tradicionales de la industria pero que prometen un mayor potencial de crecimiento.<\/li>\n\n\n\n<li><strong>Adaptabilidad:<\/strong> Los mercados son din\u00e1micos y es posible que las estrategias deban evolucionar. El \u00e9xito del mapeo de oportunidades depende de la capacidad de adaptar estrategias basadas en la retroalimentaci\u00f3n constante del mercado y las condiciones cambiantes.<\/li>\n\n\n\n<li><strong>Implementaci\u00f3n efectiva: I<\/strong>identificar oportunidades es s\u00f3lo la mitad de la batalla; la otra mitad es ejecuci\u00f3n efectiva. Esto requiere planes de implementaci\u00f3n claros, una asignaci\u00f3n adecuada de recursos y una gesti\u00f3n eficiente del proyecto.<\/li>\n\n\n\n<li><strong>Monitoreo y aprendizaje continuo:<\/strong> El mercado y las preferencias de los consumidores est\u00e1n en constante evoluci\u00f3n. El seguimiento continuo y la voluntad de aprender y ajustar estrategias son esenciales para el \u00e9xito a largo plazo.<\/li>\n<\/ul>\n\n\n\n<h2 class=\"wp-block-heading\">\u00bfQu\u00e9 pueden esperar las empresas de la consultor\u00eda de mapeo de oportunidades de productos y mercados?<\/h2>\n\n\n\n<p>When engaging in market and product opportunity mapping consulting, businesses can expect a comprehensive process that leads to <a href=\"https:\/\/www.sisinternational.com\/es\/b2b\/\" title=\"Cost-Effective and Actionable Insights to Drive Your Next Strategic Move\"  data-wpil-monitor-id=\"9529\">actionable insights and strategic<\/a> guidance. Here\u2019s what to anticipate during this consulting journey:<\/p>\n\n\n\n<ul class=\"wp-block-list\">\n<li><strong>Identificaci\u00f3n de Oportunidades:<\/strong> Los consultores identificar\u00e1n oportunidades potenciales de mercado y productos. Esto podr\u00eda incluir nuevos segmentos de mercado, tendencias emergentes, \u00e1reas donde los competidores tienen un desempe\u00f1o deficiente o vac\u00edos en el mercado que su producto o servicio puede llenar.<\/li>\n\n\n\n<li><strong>Recomendaciones estrat\u00e9gicas personalizadas:<\/strong> Seg\u00fan el an\u00e1lisis, las empresas recibir\u00e1n recomendaciones personalizadas. Estas estrategias estar\u00e1n alineadas con sus objetivos y capacidades comerciales, asegurando que las oportunidades identificadas sean viables y valiosas para su contexto espec\u00edfico.<\/li>\n\n\n\n<li><strong>Hoja de ruta viable:<\/strong> M\u00e1s all\u00e1 del asesoramiento estrat\u00e9gico, las empresas recibir\u00e1n una hoja de ruta viable. Esto incluye pasos espec\u00edficos, cronogramas y KPI para guiar a su empresa a aprovechar estas oportunidades.<\/li>\n<\/ul>\n\n\n\n<h2 class=\"wp-block-heading\">Oportunidades y desaf\u00edos en la consultor\u00eda de mapeo de oportunidades de mercado y productos<\/h2>\n\n\n\n<figure class=\"gb-block-image gb-block-image-4de2205a\"><img loading=\"lazy\" decoding=\"async\" width=\"1456\" height=\"816\" class=\"gb-image gb-image-4de2205a\" src=\"https:\/\/www.sisinternational.com\/wp-content\/uploads\/2025\/10\/Market-and-Product-Opportunity-3.jpg\" alt=\"Investigaci\u00f3n y estrategia de mercado internacional de SIS\" title=\"Market and Product Opportunity (3)\" srcset=\"https:\/\/www.sisinternational.com\/wp-content\/uploads\/2025\/10\/Market-and-Product-Opportunity-3.jpg 1456w, https:\/\/www.sisinternational.com\/wp-content\/uploads\/2025\/10\/Market-and-Product-Opportunity-3-300x168.jpg 300w, https:\/\/www.sisinternational.com\/wp-content\/uploads\/2025\/10\/Market-and-Product-Opportunity-3-1024x574.jpg 1024w, https:\/\/www.sisinternational.com\/wp-content\/uploads\/2025\/10\/Market-and-Product-Opportunity-3-768x430.jpg 768w, https:\/\/www.sisinternational.com\/wp-content\/uploads\/2025\/10\/Market-and-Product-Opportunity-3-18x10.jpg 18w\" sizes=\"auto, (max-width: 1456px) 100vw, 1456px\"><\/figure>\n\n\n\n<p><\/p>\n\n\n\n<p>Participar en consultor\u00eda de mapeo de oportunidades de productos y mercados presenta una variedad de oportunidades y desaf\u00edos que las empresas deben afrontar. Comprenderlos puede ayudar a maximizar los beneficios y, al mismo tiempo, gestionar eficazmente los posibles obst\u00e1culos.<\/p>\n\n\n\n<h3 class=\"wp-block-heading\">Oportunidades<\/h3>\n\n\n\n<ul class=\"wp-block-list\">\n<li><strong>Acceso a mercados sin explotar:<\/strong> Una de las mayores oportunidades es el descubrimiento de mercados nuevos y sin explotar que los competidores quiz\u00e1s a\u00fan no hayan explorado.<\/li>\n\n\n\n<li><strong>Innovaci\u00f3n y Diversificaci\u00f3n:<\/strong> Esta consultor\u00eda a menudo conduce a la innovaci\u00f3n en productos y servicios, lo que permite a las empresas diversificar sus ofertas y reducir la dependencia de una \u00fanica l\u00ednea de productos o mercado.<\/li>\n\n\n\n<li><strong>Toma de decisiones basada en datos:<\/strong> El \u00e9nfasis en el an\u00e1lisis de datos ayuda a las empresas a tomar decisiones informadas y basadas en evidencia, reduciendo la dependencia de conjeturas o m\u00e9todos obsoletos.<\/li>\n<\/ul>\n\n\n\n<h3 class=\"wp-block-heading\">Desaf\u00edos<\/h3>\n\n\n\n<ul class=\"wp-block-list\">\n<li><strong>Sobrecarga de datos:<\/strong> Con la gran cantidad de datos disponibles, un desaf\u00edo es filtrar el ruido y centrarse en conocimientos relevantes.<\/li>\n\n\n\n<li><strong>Cambios r\u00e1pidos del mercado:<\/strong> La naturaleza acelerada de los mercados modernos significa que las oportunidades pueden evolucionar o desaparecer r\u00e1pidamente, lo que requiere vigilancia y adaptabilidad constantes.<\/li>\n\n\n\n<li><strong>Mantenerse al d\u00eda con la tecnolog\u00eda:<\/strong> En un mundo impulsado por la tecnolog\u00eda, es fundamental mantenerse al tanto de los \u00faltimos avances tecnol\u00f3gicos y comprender c\u00f3mo impactan en su mercado.<\/li>\n<\/ul>\n\n\n\n<p><\/p>","protected":false},"excerpt":{"rendered":"<p>La consultor\u00eda de mapeo de oportunidades de mercado y productos ayuda a las empresas a identificar, analizar y capitalizar nuevas oportunidades de mercado y productos.<\/p>","protected":false},"author":1,"featured_media":71998,"parent":14567,"menu_order":31,"comment_status":"closed","ping_status":"closed","template":"","meta":{"footnotes":""},"class_list":["post-44820","page","type-page","status-publish","has-post-thumbnail"],"_links":{"self":[{"href":"https:\/\/www.sisinternational.com\/es\/wp-json\/wp\/v2\/pages\/44820","targetHints":{"allow":["GET"]}}],"collection":[{"href":"https:\/\/www.sisinternational.com\/es\/wp-json\/wp\/v2\/pages"}],"about":[{"href":"https:\/\/www.sisinternational.com\/es\/wp-json\/wp\/v2\/types\/page"}],"author":[{"embeddable":true,"href":"https:\/\/www.sisinternational.com\/es\/wp-json\/wp\/v2\/users\/1"}],"replies":[{"embeddable":true,"href":"https:\/\/www.sisinternational.com\/es\/wp-json\/wp\/v2\/comments?post=44820"}],"version-history":[{"count":5,"href":"https:\/\/www.sisinternational.com\/es\/wp-json\/wp\/v2\/pages\/44820\/revisions"}],"predecessor-version":[{"id":81589,"href":"https:\/\/www.sisinternational.com\/es\/wp-json\/wp\/v2\/pages\/44820\/revisions\/81589"}],"up":[{"embeddable":true,"href":"https:\/\/www.sisinternational.com\/es\/wp-json\/wp\/v2\/pages\/14567"}],"wp:featuredmedia":[{"embeddable":true,"href":"https:\/\/www.sisinternational.com\/es\/wp-json\/wp\/v2\/media\/71998"}],"wp:attachment":[{"href":"https:\/\/www.sisinternational.com\/es\/wp-json\/wp\/v2\/media?parent=44820"}],"curies":[{"name":"wp","href":"https:\/\/api.w.org\/{rel}","templated":true}]}}