{"id":44802,"date":"2024-01-07T20:23:23","date_gmt":"2024-01-08T01:23:23","guid":{"rendered":"https:\/\/www.sisinternational.com\/?page_id=44802"},"modified":"2026-02-19T00:55:22","modified_gmt":"2026-02-19T05:55:22","slug":"automatizacion-del-flujo-de-trabajo-consultoria-de-inteligencia-artificial","status":"publish","type":"page","link":"https:\/\/www.sisinternational.com\/es\/soluciones\/investigacion-de-mercado-de-ia-y-consultoria-estrategica\/automatizacion-del-flujo-de-trabajo-consultoria-de-inteligencia-artificial\/","title":{"rendered":"Consultor\u00eda en automatizaci\u00f3n de flujos de trabajo e inteligencia artificial"},"content":{"rendered":"<h1 class=\"wp-block-heading\">Consultor\u00eda en automatizaci\u00f3n de flujos de trabajo e inteligencia artificial<\/h1>\n\n\n\n<figure class=\"gb-block-image gb-block-image-04d8e716\"><img loading=\"lazy\" decoding=\"async\" width=\"1456\" height=\"816\" class=\"gb-image gb-image-04d8e716\" src=\"https:\/\/www.sisinternational.com\/wp-content\/uploads\/2025\/10\/Financial-Services-Automation-3.jpg\" alt=\"Investigaci\u00f3n y estrategia de mercado internacional de SIS\" title=\"Financial Services Automation (3)\" srcset=\"https:\/\/www.sisinternational.com\/wp-content\/uploads\/2025\/10\/Financial-Services-Automation-3.jpg 1456w, https:\/\/www.sisinternational.com\/wp-content\/uploads\/2025\/10\/Financial-Services-Automation-3-300x168.jpg 300w, https:\/\/www.sisinternational.com\/wp-content\/uploads\/2025\/10\/Financial-Services-Automation-3-1024x574.jpg 1024w, https:\/\/www.sisinternational.com\/wp-content\/uploads\/2025\/10\/Financial-Services-Automation-3-768x430.jpg 768w, https:\/\/www.sisinternational.com\/wp-content\/uploads\/2025\/10\/Financial-Services-Automation-3-18x10.jpg 18w\" sizes=\"auto, (max-width: 1456px) 100vw, 1456px\"><\/figure>\n\n\n\n<p><\/p>\n\n\n\n<p>En un mundo donde el tiempo es la nueva moneda, \u00bfc\u00f3mo optimiza su empresa sus flujos de trabajo? Comprender el papel fundamental de la automatizaci\u00f3n del flujo de trabajo y la consultor\u00eda en inteligencia artificial es fundamental para integrar la IA en la automatizaci\u00f3n del flujo de trabajo y desbloquear niveles de productividad e innovaci\u00f3n sin precedentes.<\/p>\n\n\n\n<h2 class=\"wp-block-heading\">Consultor\u00eda en automatizaci\u00f3n de flujos de trabajo e inteligencia artificial<\/h2>\n\n\n\n<p>Workflow automation and artificial intelligence consulting is a domain that combines the efficiency of automating routine business processes with the intelligence and adaptability of AI. <\/p>\n\n\n\n<h2 class=\"wp-block-heading\">Importancia y beneficios de la automatizaci\u00f3n del flujo de trabajo y la consultor\u00eda en inteligencia artificial<\/h2>\n\n\n\n<p>Workflow automation and AI consulting offer a range of important benefits and advantages. It helps companies to streamline and speed up business processes. <\/p>\n\n\n\n<p>Esta consultor\u00eda tambi\u00e9n asegura un mayor nivel de precisi\u00f3n en las tareas, reduciendo el error humano. La producci\u00f3n consistente es particularmente crucial en \u00e1reas como el ingreso de datos, la presentaci\u00f3n de informes y el control de calidad. Adem\u00e1s, la automatizaci\u00f3n del flujo de trabajo y la consultor\u00eda en inteligencia artificial pueden mejorar el servicio al cliente. Los procesos automatizados como chatbots, recomendaciones personalizadas y flujos de trabajo de servicio al cliente optimizados generan tiempos de respuesta m\u00e1s r\u00e1pidos e interacciones m\u00e1s personalizadas con los clientes.<\/p>\n\n\n\n<h2 class=\"wp-block-heading\">Automatizaci\u00f3n del flujo de trabajo y consultor\u00eda en inteligencia artificial y su impacto en las empresas globales<\/h2>\n\n\n\n<p>When businesses embark on integrating workflow automation and artificial intelligence, there are several expectations they can set for the transformation that follows. <\/p>\n\n\n\n<ul class=\"wp-block-list\">\n<li><strong>Operaciones simplificadas:<\/strong> Workflow <a title=\"Consultor\u00eda en Automatizaci\u00f3n de Ventas e Inteligencia Artificial\" data-wpil-monitor-id=\"7255\" href=\"https:\/\/www.sisinternational.com\/es\/soluciones\/investigacion-de-mercado-de-ia-y-consultoria-estrategica\/automatizacion-de-ventas-consultoria-de-inteligencia-artificial\/\">automation and artificial intelligence consulting<\/a> aim at eliminating redundant tasks and simplifying complex processes, making operations smoother and more efficient.<\/li>\n\n\n\n<li><strong>Productividad incrementada:<\/strong> Con las tareas rutinarias automatizadas y la IA manejando an\u00e1lisis de datos complejos, hay un aumento notable en la productividad. Los empleados se liberan de tareas mundanas y pueden centrarse en actividades de mayor valor a\u00f1adido.<\/li>\n\n\n\n<li><strong>Ahorro de costes:<\/strong> Workflow automation and artificial <a title=\"La necesidad de inteligencia competitiva en una recesi\u00f3n\" data-wpil-monitor-id=\"7229\" href=\"https:\/\/www.sisinternational.com\/es\/la-necesidad-de-inteligencia-competitiva-en-esta-recesion\/\">intelligence consulting focus on reducing the need<\/a> for manual labor in repetitive tasks, leading to significant cost savings. Additionally, AI-driven optimizations further cut down operational costs by improving efficiency and reducing errors.<\/li>\n\n\n\n<li><strong>Escalabilidad y flexibilidad:<\/strong> La automatizaci\u00f3n del flujo de trabajo y la consultor\u00eda en inteligencia artificial crean procesos automatizados y mejorados con IA que son altamente escalables, lo que permite a las empresas adaptarse f\u00e1cilmente a mayores cargas de trabajo o necesidades comerciales cambiantes sin un aumento significativo de recursos o costos.<\/li>\n\n\n\n<li><strong>Personalizaci\u00f3n y Personalizaci\u00f3n:<\/strong> Workflow automation and artificial intelligence consulting can tailor workflows and processes to meet the specific needs of a business. <\/li>\n<\/ul>\n\n\n\n<h2 class=\"wp-block-heading\">Oportunidades para la automatizaci\u00f3n del flujo de trabajo y la consultor\u00eda en inteligencia artificial<\/h2>\n\n\n\n<p>La integraci\u00f3n de la automatizaci\u00f3n del flujo de trabajo y la consultor\u00eda de inteligencia artificial presenta una amplia gama de oportunidades para empresas de diversas industrias. Estas oportunidades mejoran la eficiencia operativa y abren puertas a la innovaci\u00f3n, el crecimiento estrat\u00e9gico y la diferenciaci\u00f3n competitiva. Estas son algunas oportunidades clave en este campo:<\/p>\n\n\n\n<ul class=\"wp-block-list\">\n<li><strong>Informaci\u00f3n y an\u00e1lisis basados en datos:<\/strong> AI\u2019s ability to analyze large sets of data offers businesses the opportunity to gain deeper insights into their operations, customer behaviors, and market trends. <\/li>\n\n\n\n<li><strong>Experiencia del cliente mejorada:<\/strong> Los flujos de trabajo automatizados e impulsados por IA pueden mejorar significativamente la experiencia del cliente. Desde tiempos de respuesta m\u00e1s r\u00e1pidos hasta interacciones personalizadas, las empresas tienen la oportunidad de mejorar la satisfacci\u00f3n y lealtad del cliente.<\/li>\n\n\n\n<li><strong>Innovaci\u00f3n en Productos y Servicios:<\/strong> The insights gained from <a title=\"Bienes y Servicios de Consumo Automatizaci\u00f3n y Consultor\u00eda en IA\" data-wpil-monitor-id=\"3897\" href=\"https:\/\/www.sisinternational.com\/es\/soluciones\/investigacion-de-mercado-de-ia-y-consultoria-estrategica\/bienes-de-consumo-servicios-automatizacion-ai-consultoria\/\">workflow automation<\/a> and AI consulting can inspire innovation in products and services. Businesses can identify new opportunities, predict emerging market trends, and develop offerings that meet evolving customer needs.<\/li>\n\n\n\n<li><strong>Mayor escalabilidad:<\/strong> La automatizaci\u00f3n del flujo de trabajo y la consultor\u00eda de IA brindan a las empresas las herramientas para escalar las operaciones de manera eficiente. A medida que crece la demanda, los procesos se pueden ampliar de forma r\u00e1pida y eficaz sin un aumento proporcional de recursos o costos.<\/li>\n\n\n\n<li><strong>Ventaja competitiva en el mercado:<\/strong> Los primeros en adoptar la automatizaci\u00f3n del flujo de trabajo y la IA pueden obtener una ventaja competitiva significativa. Pueden operar de manera m\u00e1s eficiente, responder m\u00e1s r\u00e1pidamente a los cambios del mercado y ofrecer experiencias de cliente superiores en comparaci\u00f3n con los competidores que tardan m\u00e1s en adoptar estas tecnolog\u00edas.<\/li>\n<\/ul>\n\n\n\n<h2 class=\"wp-block-heading\">Desaf\u00edos de la automatizaci\u00f3n del flujo de trabajo y la consultor\u00eda en inteligencia artificial<\/h2>\n\n\n\n<p>Si bien la automatizaci\u00f3n del flujo de trabajo y la consultor\u00eda en inteligencia artificial ofrecen inmensas oportunidades, tambi\u00e9n presentan algunos desaf\u00edos. Comprender y abordar estos problemas puede mejorar significativamente la eficacia de la implementaci\u00f3n de estas tecnolog\u00edas.<\/p>\n\n\n\n<ul class=\"wp-block-list\">\n<li><strong>Preocupaciones sobre la privacidad y la seguridad de los datos:<\/strong> Con el mayor uso de la inteligencia artificial y la automatizaci\u00f3n, la privacidad y la seguridad de los datos se convierten en preocupaciones primordiales. Garantizar la protecci\u00f3n de la informaci\u00f3n sensible y el cumplimiento de la normativa de protecci\u00f3n de datos es un gran desaf\u00edo para las organizaciones.<\/li>\n\n\n\n<li><strong>Resistencia al cambio:<\/strong> La implementaci\u00f3n de nuevas tecnolog\u00edas a menudo encuentra resistencia por parte de los empleados que se sienten c\u00f3modos con los procesos existentes. Superar esta resistencia requiere estrategias efectivas de comunicaci\u00f3n y gesti\u00f3n del cambio.<\/li>\n\n\n\n<li><strong>Garantizar la precisi\u00f3n de la IA y la mitigaci\u00f3n de sesgos:<\/strong> Los sistemas de IA son tan buenos como los datos con los que se entrenan. Garantizar la precisi\u00f3n de los resultados de la IA y mitigar los posibles sesgos en los algoritmos de la IA es crucial para evitar una toma de decisiones err\u00f3nea.<\/li>\n\n\n\n<li><strong>Mantener la supervisi\u00f3n humana:<\/strong> Si bien la IA puede automatizar muchos procesos, la supervisi\u00f3n humana sigue siendo necesaria, especialmente en la toma de decisiones y el manejo de situaciones complejas o inusuales. Equilibrar la automatizaci\u00f3n con el juicio humano es un desaf\u00edo clave.<\/li>\n\n\n\n<li><strong>Medici\u00f3n del \u00e9xito y el retorno de la inversi\u00f3n:<\/strong> Determinar el \u00e9xito de las implementaciones de automatizaci\u00f3n e inteligencia artificial y medir su retorno de la inversi\u00f3n puede resultar un desaf\u00edo. Las empresas deben establecer m\u00e9tricas y puntos de referencia claros para el \u00e9xito.<\/li>\n<\/ul>\n\n\n\n<h2 class=\"wp-block-heading\">Perspectivas de la automatizaci\u00f3n del flujo de trabajo y la consultor\u00eda en inteligencia artificial<\/h2>\n\n\n\n<p>Las perspectivas de la automatizaci\u00f3n del flujo de trabajo y la consultor\u00eda en inteligencia artificial son prometedoras, con impactos potenciales que abarcan diversas industrias y funciones comerciales. He aqu\u00ed un vistazo a lo que depara el futuro en este campo din\u00e1mico:<\/p>\n\n\n\n<ul class=\"wp-block-list\">\n<li><strong>Adopci\u00f3n generalizada en todas las industrias:<\/strong> Se espera que el uso de la automatizaci\u00f3n del flujo de trabajo y la IA se generalice en diferentes industrias. Desde la atenci\u00f3n sanitaria hasta las finanzas, desde la fabricaci\u00f3n hasta el comercio minorista, todos los sectores adoptar\u00e1n cada vez m\u00e1s estas tecnolog\u00edas para optimizar las operaciones y mejorar la eficiencia.<\/li>\n\n\n\n<li><strong>Integraci\u00f3n con tecnolog\u00edas emergentes:<\/strong> La automatizaci\u00f3n del flujo de trabajo y la IA probablemente se integrar\u00e1n con otras tecnolog\u00edas emergentes como blockchain, Internet de las cosas (IoT) y realidad aumentada (AR).<\/li>\n\n\n\n<li><strong>Centrarse en la colaboraci\u00f3n entre humanos y IA:<\/strong> The future will see a stronger focus on how humans and AI systems can collaborate more effectively. <\/li>\n\n\n\n<li><strong>Personalizaci\u00f3n y Personalizaci\u00f3n:<\/strong> AI will enable highly customized and personalized workflow solutions tailored to the specific needs of each business. <\/li>\n<\/ul>\n\n\n\n<h2 class=\"wp-block-heading\">Soluciones SIS: Automatizaci\u00f3n de flujos de trabajo y consultor\u00eda en inteligencia artificial<\/h2>\n\n\n\n<p>En SIS, nos especializamos en brindar servicios integrales de consultor\u00eda en inteligencia artificial y automatizaci\u00f3n del flujo de trabajo para ayudar a las empresas a optimizar sus operaciones y desbloquear nuevos niveles de productividad e innovaci\u00f3n. Nuestras soluciones personalizadas combinan tecnolog\u00edas avanzadas de inteligencia artificial con conocimientos estrat\u00e9gicos para optimizar los flujos de trabajo, mejorar la eficiencia e impulsar el crecimiento. As\u00ed es como podemos ayudar:<\/p>\n\n\n\n<ul class=\"wp-block-list\">\n<li><strong>An\u00e1lisis estrat\u00e9gico y establecimiento de objetivos:<\/strong> Nuestros consultores trabajan en estrecha colaboraci\u00f3n con su equipo para comprender sus objetivos comerciales e identificar \u00e1reas donde la automatizaci\u00f3n del flujo de trabajo y la IA pueden ofrecer el mayor valor. Ayudamos a definir objetivos claros y desarrollar una hoja de ruta para implementar soluciones impulsadas por IA que se alineen con sus prioridades estrat\u00e9gicas.<\/li>\n\n\n\n<li><strong>Desarrollo de soluciones personalizadas:<\/strong> We leverage cutting-edge AI technologies to develop custom solutions tailored to your specific business needs. <\/li>\n\n\n\n<li><strong>Integraci\u00f3n e Implementaci\u00f3n:<\/strong> Nuestro equipo gestiona la implementaci\u00f3n de un extremo a otro de flujos de trabajo impulsados por IA, garantizando una integraci\u00f3n perfecta con sus sistemas y procesos existentes. Brindamos soporte pr\u00e1ctico durante todo el proceso de implementaci\u00f3n, desde la instalaci\u00f3n del software hasta la capacitaci\u00f3n y adopci\u00f3n de los usuarios.<\/li>\n\n\n\n<li><strong>Monitoreo y optimizaci\u00f3n del rendimiento:<\/strong> Supervisamos continuamente el rendimiento de sus flujos de trabajo impulsados por IA y los ajustamos para maximizar la eficiencia y la eficacia. Nuestro enfoque basado en datos nos permite identificar \u00e1reas de mejora e implementar optimizaciones que generen resultados mensurables.<\/li>\n\n\n\n<li><strong>Cumplimiento \u00c9tico y Normativo:<\/strong> Priorizamos la privacidad y la seguridad de los datos, garantizando que nuestras soluciones de IA cumplan con los m\u00e1s altos est\u00e1ndares de cumplimiento \u00e9tico y regulatorio. Implementamos s\u00f3lidas medidas de seguridad y controles de privacidad para proteger datos confidenciales y mitigar riesgos potenciales.<\/li>\n\n\n\n<li><strong>Gesti\u00f3n del Cambio y Capacitaci\u00f3n:<\/strong> We provide comprehensive change management support to help your team transition to AI-driven workflows smoothly. <\/li>\n\n\n\n<li><strong>Innovaci\u00f3n continua:<\/strong> Nos mantenemos a la vanguardia de la tecnolog\u00eda de IA y las mejores pr\u00e1cticas de la industria, lo que nos permite ofrecer soluciones innovadoras que impulsan la mejora y la innovaci\u00f3n continuas. Nuestro compromiso de mantenernos a la vanguardia garantiza que su empresa siga siendo competitiva en un panorama en r\u00e1pida evoluci\u00f3n.<\/li>\n<\/ul>\n\n\n\n<p>As\u00f3ciese con SIS para aprovechar el poder de la automatizaci\u00f3n del flujo de trabajo y la inteligencia artificial y transformar su empresa en una organizaci\u00f3n m\u00e1s eficiente, \u00e1gil y competitiva. Con nuestra orientaci\u00f3n estrat\u00e9gica y soluciones de vanguardia, puede desbloquear nuevas oportunidades de crecimiento e innovaci\u00f3n en la era digital actual.<\/p>","protected":false},"excerpt":{"rendered":"<p>La automatizaci\u00f3n del flujo de trabajo y la consultor\u00eda en inteligencia artificial combinan la eficiencia de la automatizaci\u00f3n de procesos comerciales rutinarios con la IA.<\/p>","protected":false},"author":1,"featured_media":71752,"parent":44406,"menu_order":32,"comment_status":"closed","ping_status":"closed","template":"","meta":{"footnotes":""},"class_list":["post-44802","page","type-page","status-publish","has-post-thumbnail"],"_links":{"self":[{"href":"https:\/\/www.sisinternational.com\/es\/wp-json\/wp\/v2\/pages\/44802","targetHints":{"allow":["GET"]}}],"collection":[{"href":"https:\/\/www.sisinternational.com\/es\/wp-json\/wp\/v2\/pages"}],"about":[{"href":"https:\/\/www.sisinternational.com\/es\/wp-json\/wp\/v2\/types\/page"}],"author":[{"embeddable":true,"href":"https:\/\/www.sisinternational.com\/es\/wp-json\/wp\/v2\/users\/1"}],"replies":[{"embeddable":true,"href":"https:\/\/www.sisinternational.com\/es\/wp-json\/wp\/v2\/comments?post=44802"}],"version-history":[{"count":6,"href":"https:\/\/www.sisinternational.com\/es\/wp-json\/wp\/v2\/pages\/44802\/revisions"}],"predecessor-version":[{"id":83076,"href":"https:\/\/www.sisinternational.com\/es\/wp-json\/wp\/v2\/pages\/44802\/revisions\/83076"}],"up":[{"embeddable":true,"href":"https:\/\/www.sisinternational.com\/es\/wp-json\/wp\/v2\/pages\/44406"}],"wp:featuredmedia":[{"embeddable":true,"href":"https:\/\/www.sisinternational.com\/es\/wp-json\/wp\/v2\/media\/71752"}],"wp:attachment":[{"href":"https:\/\/www.sisinternational.com\/es\/wp-json\/wp\/v2\/media?parent=44802"}],"curies":[{"name":"wp","href":"https:\/\/api.w.org\/{rel}","templated":true}]}}