{"id":44799,"date":"2024-01-07T20:14:05","date_gmt":"2024-01-08T01:14:05","guid":{"rendered":"https:\/\/www.sisinternational.com\/?page_id=44799"},"modified":"2026-02-18T12:29:39","modified_gmt":"2026-02-18T17:29:39","slug":"ir-al-mercado-consultoria-en-inteligencia-artificial","status":"publish","type":"page","link":"https:\/\/www.sisinternational.com\/es\/soluciones\/investigacion-de-mercado-de-ia-y-consultoria-estrategica\/ir-al-mercado-consultoria-en-inteligencia-artificial\/","title":{"rendered":"Consultor\u00eda de inteligencia artificial de comercializaci\u00f3n"},"content":{"rendered":"<h1 class=\"wp-block-heading\">Consultor\u00eda de inteligencia artificial de comercializaci\u00f3n<\/h1>\n\n\n\n<figure class=\"gb-block-image gb-block-image-12e7fe3f\"><img loading=\"lazy\" decoding=\"async\" width=\"1456\" height=\"816\" class=\"gb-image gb-image-12e7fe3f\" src=\"https:\/\/www.sisinternational.com\/wp-content\/uploads\/2025\/10\/Corporate-Governance-4.jpg\" alt=\"Investigaci\u00f3n y estrategia de mercado internacional de SIS\" title=\"Corporate Governance (4)\" srcset=\"https:\/\/www.sisinternational.com\/wp-content\/uploads\/2025\/10\/Corporate-Governance-4.jpg 1456w, https:\/\/www.sisinternational.com\/wp-content\/uploads\/2025\/10\/Corporate-Governance-4-300x168.jpg 300w, https:\/\/www.sisinternational.com\/wp-content\/uploads\/2025\/10\/Corporate-Governance-4-1024x574.jpg 1024w, https:\/\/www.sisinternational.com\/wp-content\/uploads\/2025\/10\/Corporate-Governance-4-768x430.jpg 768w, https:\/\/www.sisinternational.com\/wp-content\/uploads\/2025\/10\/Corporate-Governance-4-18x10.jpg 18w\" sizes=\"auto, (max-width: 1456px) 100vw, 1456px\"><\/figure>\n\n\n\n<p><\/p>\n\n\n\n<p>En una era en la que la din\u00e1mica del mercado evoluciona continuamente, aprovechar el potencial de la IA para analizar, predecir y elaborar estrategias puede marcar la diferencia entre una entrada exitosa al mercado y una oportunidad perdida. Es por eso que la consultor\u00eda de inteligencia artificial de comercializaci\u00f3n proporciona a las empresas las herramientas avanzadas y los conocimientos necesarios para navegar en mercados complejos, garantizando que sus estrategias de entrada no s\u00f3lo est\u00e9n bien informadas sino tambi\u00e9n a la vanguardia.<\/p>\n\n\n\n<h2 class=\"wp-block-heading\">\u00bfQu\u00e9 es la consultor\u00eda de inteligencia artificial de comercializaci\u00f3n?<\/h2>\n\n\n\n<p>La consultor\u00eda de IA de comercializaci\u00f3n ofrece a las empresas una ventaja a la hora de lanzar nuevos productos, entrar en nuevos mercados o reposicionar las ofertas existentes. Esta forma de consultor\u00eda aprovecha diversas herramientas y metodolog\u00edas de inteligencia artificial (como aprendizaje autom\u00e1tico, an\u00e1lisis de datos, modelado predictivo y procesamiento de lenguaje natural) para analizar datos de mercado, comportamiento del consumidor y panoramas competitivos. El objetivo es proporcionar a las empresas inteligencia procesable que pueda informar cada aspecto de su estrategia de comercializaci\u00f3n.<\/p>\n\n\n\n<h2 class=\"wp-block-heading\">\u00bfPor qu\u00e9 las empresas necesitan consultor\u00eda en inteligencia artificial para comercializar?<\/h2>\n\n\n\n<p><a title=\"Consultor\u00eda de comercializaci\u00f3n de FinTech\" href=\"https:\/\/www.sisinternational.com\/es\/soluciones\/investigacion-de-consultoria-estrategica-fintech\/fintech-ir-al-mercado-consultoria\/\" data-wpil-monitor-id=\"5872\">Go-to-market AI consulting<\/a> helps businesses navigate the complexities of modern marketplaces effectively. By leveraging AI-driven insights, predictive analytics, and personalized strategies, businesses can execute more effective, efficient, and adaptive strategies<\/p>\n\n\n\n<h2 class=\"wp-block-heading\">C\u00f3mo realizar una consultor\u00eda de inteligencia artificial de comercializaci\u00f3n<\/h2>\n\n\n\n<p>Conductible <a title=\"B2B Go-to-Market Strategy\" href=\"https:\/\/www.sisinternational.com\/es\/b2b-go-to-market-strategy\/\" data-wpil-monitor-id=\"802\">go-to-market artificial intelligence consulting<\/a> effectively involves a structured approach that leverages AI technologies and data analytics to develop comprehensive market entry strategies. This process is multi-faceted, combining in-depth market analysis, predictive modeling, and strategic planning to ensure that businesses can enter new markets or launch products with the highest chance of success.<\/p>\n\n\n\n<ul class=\"wp-block-list\">\n<li><strong>Evaluaci\u00f3n inicial y establecimiento de objetivos:<\/strong> The first step is to understand the business\u2019s objectives, products or services, and the market landscape. <\/li>\n\n\n\n<li><strong>Recogida y an\u00e1lisis de datos:<\/strong> Esto incluye datos de mercado, informaci\u00f3n sobre el comportamiento del consumidor, an\u00e1lisis de la competencia y cualquier tendencia relevante de la industria. Se emplean herramientas de inteligencia artificial para procesar y analizar estos datos, descubriendo patrones e ideas que podr\u00edan no ser visibles a trav\u00e9s del an\u00e1lisis tradicional.<\/li>\n\n\n\n<li><strong>Segmentaci\u00f3n y orientaci\u00f3n del mercado:<\/strong> Utilizando los conocimientos obtenidos del an\u00e1lisis de datos, el siguiente paso es segmentar el mercado e identificar el p\u00fablico objetivo. Los algoritmos de IA pueden ayudar a crear perfiles de clientes detallados y predecir qu\u00e9 segmentos tienen m\u00e1s probabilidades de responder positivamente al producto o servicio.<\/li>\n\n\n\n<li><strong>Desarrollo de la propuesta de valor:<\/strong> A partir de la comprensi\u00f3n del mercado objetivo y las necesidades del cliente, se elabora la propuesta de valor. La IA puede ayudar a adaptar esta propuesta para que resuene con segmentos de clientes espec\u00edficos, mejorando su atractivo y eficacia.<\/li>\n\n\n\n<li><strong>Estrategia y optimizaci\u00f3n del canal:<\/strong> La IA se utiliza para analizar varios canales de distribuci\u00f3n para determinar las formas m\u00e1s efectivas de llegar al p\u00fablico objetivo. Esto puede incluir canales digitales, venta minorista tradicional, ventas directas o una combinaci\u00f3n de diferentes m\u00e9todos.<\/li>\n\n\n\n<li><strong>Estrategia para colocar precios:<\/strong> Las herramientas de inteligencia artificial tambi\u00e9n pueden ayudar a desarrollar una estrategia de precios mediante el an\u00e1lisis de las tendencias del mercado, los precios de la competencia y la sensibilidad del cliente. Se pueden crear modelos de precios din\u00e1micos para ajustar los precios en tiempo real seg\u00fan las condiciones del mercado.<\/li>\n\n\n\n<li><strong>Marketing and <a class=\"wpil_keyword_link\" title=\"Soluciones de ventas y estrategia\" data-wpil-keyword-link=\"linked\" data-wpil-monitor-id=\"303\" href=\"https:\/\/www.sisinternational.com\/es\/soluciones\/soluciones-de-estrategia-de-ventas\/\">Estrategia de ventas<\/a> Formulation:<\/strong> Con las capacidades predictivas de la IA, las empresas pueden desarrollar estrategias de ventas y marketing espec\u00edficas. Esto incluye campa\u00f1as de marketing personalizadas, recomendaciones de ventas basadas en inteligencia artificial y herramientas automatizadas de participaci\u00f3n del cliente.<\/li>\n\n\n\n<li><strong>Implementaci\u00f3n y Monitoreo:<\/strong> Una vez formulada la estrategia, se implementa en los canales elegidos. Los sistemas de inteligencia artificial contin\u00faan monitoreando las respuestas del mercado, el comportamiento de los consumidores y el desempe\u00f1o de las campa\u00f1as, brindando retroalimentaci\u00f3n en tiempo real.<\/li>\n\n\n\n<li><strong>Mejora Continua y Adaptaci\u00f3n:<\/strong> El \u00faltimo paso es utilizar los datos y los conocimientos recopilados durante la fase de implementaci\u00f3n para perfeccionar y adaptar continuamente la estrategia. Los algoritmos de aprendizaje de la IA garantizan que el enfoque evolucione en respuesta a la din\u00e1mica cambiante del mercado y las preferencias de los consumidores.<\/li>\n<\/ul>\n\n\n\n<h2 class=\"wp-block-heading\">El impacto de la consultor\u00eda de inteligencia artificial de comercializaci\u00f3n en las empresas<\/h2>\n\n\n\n<p>Participar en consultor\u00eda de inteligencia artificial para el lanzamiento al mercado trae consigo un conjunto de expectativas y resultados que pueden transformar el enfoque de una empresa hacia la entrada y expansi\u00f3n del mercado. Este tipo de consultor\u00eda ofrece una combinaci\u00f3n de an\u00e1lisis avanzado, planificaci\u00f3n estrat\u00e9gica y conocimientos del mercado, todo ello impulsado por las potentes capacidades de la IA.<\/p>\n\n\n\n<ul class=\"wp-block-list\">\n<li><strong>Decisiones informadas de entrada al mercado:<\/strong> Una de las principales expectativas de la consultor\u00eda de IA para el lanzamiento al mercado es tomar decisiones m\u00e1s informadas y basadas en datos. Las empresas pueden esperar conocimientos completos sobre la din\u00e1mica del mercado, el comportamiento del consumidor y los panoramas competitivos, lo que les permitir\u00e1 tomar decisiones estrat\u00e9gicas respaldadas por datos s\u00f3lidos.<\/li>\n\n\n\n<li><strong>Estrategias de mercado personalizadas:<\/strong> La capacidad de la IA para analizar e interpretar grandes cantidades de datos significa que las estrategias pueden personalizarse en gran medida seg\u00fan los objetivos espec\u00edficos de la empresa y los matices del mercado objetivo. Esto conduce a estrategias de entrada al mercado m\u00e1s efectivas y espec\u00edficas.<\/li>\n\n\n\n<li><strong>Mayor eficiencia y retorno de la inversi\u00f3n:<\/strong> AI-driven strategies often lead to increased operational efficiency and a higher return on investment. <\/li>\n\n\n\n<li><strong>Mitigaci\u00f3n de riesgos:<\/strong> Con an\u00e1lisis predictivos y an\u00e1lisis de mercado detallados, las empresas pueden anticipar y mitigar los riesgos potenciales asociados con la entrada al mercado, reduciendo las posibilidades de cometer costosos pasos en falso.<\/li>\n<\/ul>\n\n\n\n<p>Aprendizaje y mejora continuos: los sistemas de inteligencia artificial aprenden con el tiempo, lo que significa que los conocimientos y estrategias que brindan se vuelven m\u00e1s refinados y efectivos. Las empresas pueden esperar una mejora continua en sus estrategias de mercado a medida que se recopilan y analizan m\u00e1s datos.<\/p>\n\n\n\n<h2 class=\"wp-block-heading\">Tendencias actuales en la consultor\u00eda de inteligencia artificial de comercializaci\u00f3n<\/h2>\n\n\n\n<p>El campo de la consultor\u00eda de IA para la comercializaci\u00f3n est\u00e1 evolucionando y surgen nuevas tendencias a medida que avanza la tecnolog\u00eda y cambian las din\u00e1micas del mercado. Estas son algunas de las tendencias actuales en este campo:<\/p>\n\n\n\n<ul class=\"wp-block-list\">\n<li><strong>Personalizaci\u00f3n a escala:<\/strong> AI is enabling businesses to personalize their marketing and sales strategies at a scale previously unattainable. <\/li>\n\n\n\n<li><strong>Integraci\u00f3n de IA con otras tecnolog\u00edas:<\/strong> The integration of AI with other emerging technologies like the Internet of Things (IoT), blockchain, and augmented reality is gaining momentum. <\/li>\n\n\n\n<li><strong>Centrarse en la optimizaci\u00f3n de la experiencia del cliente:<\/strong> There is an increasing focus on using AI to optimize the customer experience. <\/li>\n\n\n\n<li><strong>Informaci\u00f3n del mercado en tiempo real:<\/strong> La capacidad de la IA para proporcionar informaci\u00f3n en tiempo real es cada vez m\u00e1s importante. Las empresas utilizan la IA para monitorear continuamente las condiciones del mercado, los sentimientos de los consumidores y las acciones competitivas, lo que les permite tomar decisiones r\u00e1pidas e informadas.<\/li>\n\n\n\n<li><strong>Estrategias de precios automatizadas y din\u00e1micas:<\/strong> AI is being used to develop more dynamic and automated pricing strategies. <\/li>\n<\/ul>\n\n\n\n<h2 class=\"wp-block-heading\">Oportunidades para la consultor\u00eda de inteligencia artificial de comercializaci\u00f3n<\/h2>\n\n\n\n<p>La integraci\u00f3n de la inteligencia artificial en las estrategias de comercializaci\u00f3n abre varias oportunidades para las empresas. Estas oportunidades no s\u00f3lo mejoran la eficiencia y eficacia de las estrategias de entrada al mercado, sino que tambi\u00e9n impulsan la innovaci\u00f3n, el compromiso del cliente y la ventaja competitiva.<\/p>\n\n\n\n<ul class=\"wp-block-list\">\n<li><strong>Precisi\u00f3n en la segmentaci\u00f3n del mercado objetivo:<\/strong> La IA permite una segmentaci\u00f3n precisa de los mercados objetivo. Las empresas pueden identificar y centrarse en los segmentos m\u00e1s rentables y receptivos, asegurando que los esfuerzos de marketing se concentren donde tendr\u00e1n el mayor impacto.<\/li>\n\n\n\n<li><strong>Agilidad en la respuesta del mercado:<\/strong> Los an\u00e1lisis en tiempo real de la IA permiten a las empresas adaptarse r\u00e1pidamente a los cambios del mercado. Esta agilidad es crucial para responder a acciones competitivas, cambios en las preferencias de los consumidores o perturbaciones del mercado.<\/li>\n\n\n\n<li><strong>Desarrollo de productos innovadores:<\/strong> Los conocimientos obtenidos de la IA pueden contribuir al desarrollo de productos, lo que conducir\u00e1 a productos m\u00e1s innovadores y centrados en el cliente. La IA puede ayudar a identificar brechas en el mercado o tendencias emergentes que los nuevos productos pueden abordar.<\/li>\n\n\n\n<li><strong>Reducci\u00f3n del riesgo en la entrada al mercado:<\/strong> Al proporcionar an\u00e1lisis de mercado completos e informaci\u00f3n predictiva, la IA reduce los riesgos asociados con la entrada al mercado. Las empresas pueden anticipar desaf\u00edos potenciales y dise\u00f1ar estrategias para mitigarlos.<\/li>\n\n\n\n<li><strong>Penetraci\u00f3n del mercado global:<\/strong> Las herramientas de inteligencia artificial pueden analizar las tendencias del mercado global y los comportamientos de los consumidores, brindando a las empresas la informaci\u00f3n necesaria para ingresar y competir en los mercados internacionales de manera efectiva.<\/li>\n<\/ul>\n\n\n\n<h2 class=\"wp-block-heading\">Desaf\u00edos de la consultor\u00eda de inteligencia artificial de comercializaci\u00f3n<\/h2>\n\n\n\n<p>Pero la comercializaci\u00f3n de la consultor\u00eda de IA tambi\u00e9n conlleva sus desaf\u00edos, y estos son algunos de los desaf\u00edos clave en este campo: Calidad y disponibilidad de datos: la efectividad de la IA depende en gran medida de la calidad y cantidad de datos disponibles. Recopilar datos de mercado completos, precisos y relevantes puede resultar dif\u00edcil, y los datos de mala calidad pueden generar conocimientos enga\u00f1osos sobre la IA.<\/p>\n\n\n\n<ul class=\"wp-block-list\">\n<li><strong>Riesgo de dependencia excesiva de la IA:<\/strong> Existe el riesgo de volverse demasiado dependiente de los conocimientos impulsados por la IA, pasando potencialmente por alto los matices y la imprevisibilidad del comportamiento humano y la din\u00e1mica del mercado.<\/li>\n\n\n\n<li><strong>Complejidad del mercado global:<\/strong> Cuando se trata de mercados globales, la complejidad aumenta a medida que la IA debe tener en cuenta diversos comportamientos de los consumidores, matices culturales y entornos regulatorios en diferentes regiones.<\/li>\n\n\n\n<li><strong>Desaf\u00edos de escalabilidad:<\/strong> A medida que las empresas crecen y se expanden a nuevos mercados, ampliar las soluciones de IA para satisfacer las necesidades cambiantes puede resultar un desaf\u00edo. Garantizar que los sistemas de IA sean adaptables y escalables es crucial para el \u00e9xito a largo plazo.<\/li>\n\n\n\n<li><strong>Equilibrando la personalizaci\u00f3n con la generalizaci\u00f3n:<\/strong> Si bien la personalizaci\u00f3n es una fortaleza clave de la IA, encontrar el equilibrio adecuado entre el marketing personalizado y el atractivo m\u00e1s amplio del mercado puede resultar un desaf\u00edo. La personalizaci\u00f3n excesiva puede llevar a perder segmentos de mercado m\u00e1s amplios.<\/li>\n<\/ul>\n\n\n\n<h2 class=\"wp-block-heading\">Soluciones SIS: Consultor\u00eda de inteligencia artificial de comercializaci\u00f3n<\/h2>\n\n\n\n<p>En SIS, nos especializamos en brindar servicios integrales de consultor\u00eda en inteligencia artificial de lanzamiento al mercado que permiten a las empresas navegar por paisajes de mercado complejos con confianza y agilidad. Aprovechando las tecnolog\u00edas avanzadas de inteligencia artificial y los conocimientos basados en datos, ayudamos a nuestros clientes a desarrollar y ejecutar estrategias de entrada al mercado altamente efectivas que impulsan el crecimiento, la innovaci\u00f3n y la ventaja competitiva. As\u00ed es como podemos ayudar:<\/p>\n\n\n\n<ul class=\"wp-block-list\">\n<li><strong>An\u00e1lisis estrat\u00e9gico y establecimiento de objetivos:<\/strong> Nuestros consultores trabajan en estrecha colaboraci\u00f3n con su equipo para comprender sus objetivos comerciales, mercados objetivo y panorama competitivo. Ayudamos a definir objetivos claros para su estrategia de comercializaci\u00f3n, garantizando la alineaci\u00f3n con sus objetivos comerciales generales.<\/li>\n\n\n\n<li><strong>Recogida y an\u00e1lisis de datos:<\/strong> Aprovechamos las herramientas de an\u00e1lisis de datos impulsadas por IA para recopilar y analizar grandes cantidades de datos de mercado, conocimientos sobre el comportamiento del consumidor e inteligencia competitiva. Nuestras capacidades de an\u00e1lisis avanzado nos permiten descubrir conocimientos pr\u00e1cticos e identificar oportunidades clave de mercado.<\/li>\n\n\n\n<li><strong>Segmentaci\u00f3n y orientaci\u00f3n del mercado:<\/strong> Utilizando algoritmos de IA, segmentamos el mercado e identificamos el p\u00fablico objetivo m\u00e1s lucrativo para sus productos o servicios. Creamos perfiles de clientes detallados y desarrollamos estrategias de marketing espec\u00edficas para llegar e involucrar de manera efectiva a su p\u00fablico objetivo.<\/li>\n\n\n\n<li><strong>Desarrollo de propuesta de valor:<\/strong> Bas\u00e1ndonos en nuestro profundo conocimiento de su mercado objetivo y las necesidades de sus clientes, ayudamos a elaborar propuestas de valor convincentes que resuenen con su p\u00fablico objetivo. Nuestro enfoque basado en IA garantiza que su propuesta de valor se adapte para abordar los puntos d\u00e9biles y las preferencias espec\u00edficas de sus clientes.<\/li>\n\n\n\n<li><strong>Estrategia y optimizaci\u00f3n del canal:<\/strong> We analyze various distribution channels to determine the most effective ways to reach your target audience. <\/li>\n\n\n\n<li><strong>Desarrollo de estrategia de precios:<\/strong> Nuestras herramientas de inteligencia artificial analizan las tendencias del mercado, los precios de la competencia y las preferencias de los clientes para desarrollar una estrategia de precios que maximice la rentabilidad sin dejar de ser competitivo. Ayudamos a implementar modelos de precios din\u00e1micos que ajustan los precios en tiempo real seg\u00fan las condiciones del mercado.<\/li>\n\n\n\n<li><strong>Formulaci\u00f3n de estrategias de marketing y ventas:<\/strong> Desarrollamos estrategias de marketing y ventas personalizadas que aprovechan los conocimientos basados en IA para dirigirse e involucrar eficazmente a su audiencia. Desde campa\u00f1as de marketing personalizadas hasta recomendaciones de ventas basadas en inteligencia artificial, ayudamos a optimizar cada paso del recorrido del cliente.<\/li>\n\n\n\n<li><strong>Implementaci\u00f3n y Monitoreo:<\/strong> We assist in the implementation of your go-to-market strategy across chosen channels, continuously monitoring market responses, consumer behavior, and campaign performance. <\/li>\n\n\n\n<li><strong>Mejora Continua y Adaptaci\u00f3n:<\/strong> Utilizamos los datos y los conocimientos recopilados durante la implementaci\u00f3n para perfeccionar y adaptar continuamente su estrategia de comercializaci\u00f3n. Nuestros algoritmos de IA aprenden con el tiempo, lo que garantiza que su enfoque evolucione en respuesta a las din\u00e1micas cambiantes del mercado y las preferencias de los consumidores.<\/li>\n<\/ul>\n\n\n\n<p>Nuestro experimentado equipo de consultores, combinado con nuestras tecnolog\u00edas de inteligencia artificial l\u00edderes en la industria, garantiza que su estrategia de comercializaci\u00f3n no solo est\u00e9 bien informada sino tambi\u00e9n a la vanguardia. Con nuestras soluciones personalizadas y orientaci\u00f3n estrat\u00e9gica, podr\u00e1 navegar con confianza por las complejidades de los mercados modernos e impulsar el \u00e9xito de su negocio.<\/p>","protected":false},"excerpt":{"rendered":"<p>La consultor\u00eda de IA de comercializaci\u00f3n ofrece a las empresas una ventaja a la hora de lanzar nuevos productos, entrar en nuevos mercados o reposicionar las ofertas existentes.<\/p>","protected":false},"author":1,"featured_media":71934,"parent":44406,"menu_order":31,"comment_status":"closed","ping_status":"closed","template":"","meta":{"footnotes":""},"class_list":["post-44799","page","type-page","status-publish","has-post-thumbnail"],"_links":{"self":[{"href":"https:\/\/www.sisinternational.com\/es\/wp-json\/wp\/v2\/pages\/44799","targetHints":{"allow":["GET"]}}],"collection":[{"href":"https:\/\/www.sisinternational.com\/es\/wp-json\/wp\/v2\/pages"}],"about":[{"href":"https:\/\/www.sisinternational.com\/es\/wp-json\/wp\/v2\/types\/page"}],"author":[{"embeddable":true,"href":"https:\/\/www.sisinternational.com\/es\/wp-json\/wp\/v2\/users\/1"}],"replies":[{"embeddable":true,"href":"https:\/\/www.sisinternational.com\/es\/wp-json\/wp\/v2\/comments?post=44799"}],"version-history":[{"count":6,"href":"https:\/\/www.sisinternational.com\/es\/wp-json\/wp\/v2\/pages\/44799\/revisions"}],"predecessor-version":[{"id":82986,"href":"https:\/\/www.sisinternational.com\/es\/wp-json\/wp\/v2\/pages\/44799\/revisions\/82986"}],"up":[{"embeddable":true,"href":"https:\/\/www.sisinternational.com\/es\/wp-json\/wp\/v2\/pages\/44406"}],"wp:featuredmedia":[{"embeddable":true,"href":"https:\/\/www.sisinternational.com\/es\/wp-json\/wp\/v2\/media\/71934"}],"wp:attachment":[{"href":"https:\/\/www.sisinternational.com\/es\/wp-json\/wp\/v2\/media?parent=44799"}],"curies":[{"name":"wp","href":"https:\/\/api.w.org\/{rel}","templated":true}]}}