{"id":44796,"date":"2024-01-08T17:34:49","date_gmt":"2024-01-08T22:34:49","guid":{"rendered":"https:\/\/www.sisinternational.com\/?page_id=44796"},"modified":"2026-02-18T13:08:00","modified_gmt":"2026-02-18T18:08:00","slug":"gestion-del-cambio-automatizacion-consultoria-en-inteligencia-artificial","status":"publish","type":"page","link":"https:\/\/www.sisinternational.com\/es\/soluciones\/investigacion-de-mercado-de-ia-y-consultoria-estrategica\/gestion-del-cambio-automatizacion-consultoria-en-inteligencia-artificial\/","title":{"rendered":"Automatizaci\u00f3n de la gesti\u00f3n del cambio y consultor\u00eda de IA"},"content":{"rendered":"<h1 class=\"wp-block-heading\">Consultor\u00eda en Automatizaci\u00f3n de Gesti\u00f3n del Cambio e Inteligencia Artificial<\/h1>\n\n\n\n<figure class=\"gb-block-image gb-block-image-d8b882a7\"><img loading=\"lazy\" decoding=\"async\" width=\"1456\" height=\"816\" class=\"gb-image gb-image-d8b882a7\" src=\"https:\/\/www.sisinternational.com\/wp-content\/uploads\/2025\/08\/CEO-CIO-manager-9.jpg\" alt=\"Investigaci\u00f3n y estrategia de mercado internacional de SIS\" title=\"CEO CIO manager (9)\" srcset=\"https:\/\/www.sisinternational.com\/wp-content\/uploads\/2025\/08\/CEO-CIO-manager-9.jpg 1456w, https:\/\/www.sisinternational.com\/wp-content\/uploads\/2025\/08\/CEO-CIO-manager-9-300x168.jpg 300w, https:\/\/www.sisinternational.com\/wp-content\/uploads\/2025\/08\/CEO-CIO-manager-9-1024x574.jpg 1024w, https:\/\/www.sisinternational.com\/wp-content\/uploads\/2025\/08\/CEO-CIO-manager-9-768x430.jpg 768w, https:\/\/www.sisinternational.com\/wp-content\/uploads\/2025\/08\/CEO-CIO-manager-9-18x10.jpg 18w\" sizes=\"auto, (max-width: 1456px) 100vw, 1456px\"><\/figure>\n\n\n\n<p><\/p>\n\n\n\n<p>En un mundo impulsado por r\u00e1pidos avances tecnol\u00f3gicos y demandas cambiantes del mercado, la integraci\u00f3n de la IA en los procesos de gesti\u00f3n del cambio es una estrategia vital para mantenerse competitivo y \u00e1gil. El papel de la IA a la hora de revolucionar la forma en que las empresas abordan, gestionan e implementan el cambio es m\u00e1s que una simple tendencia: representa un cambio fundamental en el paradigma del desarrollo y la transformaci\u00f3n organizacional.<\/p>\n\n\n\n<h2 class=\"wp-block-heading\">Comprensi\u00f3n de la automatizaci\u00f3n de la gesti\u00f3n del cambio y la consultor\u00eda de inteligencia artificial<\/h2>\n\n\n\n<p>Change management automation refers to the use of technology to streamline, manage, and facilitate the processes involved in implementing change within an organization. <\/p>\n\n\n\n<p>Change <a title=\"Consultor\u00eda de gesti\u00f3n de destinos\" href=\"https:\/\/www.sisinternational.com\/es\/soluciones\/consultoria-de-hosteleria-y-turismo-en-viajes\/consultoria-de-gestion-de-destinos\/\" data-wpil-monitor-id=\"7650\">management automation and AI consulting<\/a> provide the expertise and insights needed to apply AI effectively and meaningfully. This could mean using AI to analyze large sets of organizational data to identify patterns and predict outcomes \u2013 or employing machine learning algorithms to continuously improve the change management process.<\/p>\n\n\n\n<h2 class=\"wp-block-heading\">Por qu\u00e9 las empresas necesitan consultor\u00eda de inteligencia artificial en la automatizaci\u00f3n de la gesti\u00f3n del cambio<\/h2>\n\n\n\n<p>Change management automation and AI consulting provide businesses with data-driven insights, allowing them to make informed decisions based on comprehensive analysis rather than intuition or guesswork. <\/p>\n\n\n\n<h3 class=\"wp-block-heading\">\u00bfQu\u00e9 diferencia a este servicio de consultor\u00eda de IA de los m\u00e9todos convencionales de investigaci\u00f3n de mercado?<\/h3>\n\n\n\n<p>La automatizaci\u00f3n de la gesti\u00f3n de cambios y la consultor\u00eda de IA permiten un mayor grado de personalizaci\u00f3n cuando se trata de gestionar el cambio. Los algoritmos de IA pueden adaptar las estrategias de cambio para que se adapten a culturas organizacionales, perfiles de empleados y objetivos comerciales espec\u00edficos, algo que los m\u00e9todos tradicionales de investigaci\u00f3n de mercado pueden no estar tan preparados para manejar.<\/p>\n\n\n\n<p>Adem\u00e1s, a diferencia de la investigaci\u00f3n de mercado tradicional, que a menudo opera como una funci\u00f3n separada, la consultor\u00eda de IA para la gesti\u00f3n del cambio est\u00e1 profundamente integrada en el tejido de las operaciones comerciales. Influye directamente en c\u00f3mo se implementa y gestiona el cambio en los distintos niveles de la organizaci\u00f3n.<\/p>\n\n\n\n<h2 class=\"wp-block-heading\">Qu\u00e9 esperar de la automatizaci\u00f3n de la gesti\u00f3n del cambio y la consultor\u00eda en inteligencia artificial<\/h2>\n\n\n\n<p>Al embarcarse en la automatizaci\u00f3n de la gesti\u00f3n del cambio y la consultor\u00eda en inteligencia artificial, las empresas pueden anticipar una serie de resultados que mejoran significativamente la eficacia de la agilidad y la competitividad general de la organizaci\u00f3n.<\/p>\n\n\n\n<ul class=\"wp-block-list\">\n<li><strong>Mayor eficiencia en los procesos de cambio:<\/strong> Uno de los beneficios m\u00e1s inmediatos es la mayor eficiencia en la gesti\u00f3n del cambio. La automatizaci\u00f3n agiliza las tareas repetitivas, la IA proporciona an\u00e1lisis detallados y, en conjunto, aceleran el proceso de cambio al tiempo que reducen la probabilidad de errores.<\/li>\n\n\n\n<li><strong>Personalizaci\u00f3n de estrategias de cambio:<\/strong> AI facilitates the tailoring of change management strategies to fit the unique culture and needs of an organization. <\/li>\n\n\n\n<li><strong>Mayor compromiso y apoyo de los empleados:<\/strong> Con la automatizaci\u00f3n de la gesti\u00f3n del cambio y la consultor\u00eda en inteligencia artificial, la comunicaci\u00f3n y la capacitaci\u00f3n se pueden personalizar para satisfacer las necesidades y preferencias de los empleados individuales, lo que lleva a mayores niveles de compromiso y apoyo a las iniciativas de cambio.<\/li>\n\n\n\n<li><strong>Monitoreo y optimizaci\u00f3n continuos:<\/strong> <a title=\"Optimized Management System for a Leading US Immigration law firm\" data-wpil-monitor-id=\"3657\" href=\"https:\/\/www.sisinternational.com\/es\/optimized-management-system-for-a-leading-us-immigration-law-firm\/\">Change management automation and artificial intelligence consulting<\/a> also provide systems for continuous monitoring and feedback on the progress of change initiatives. <\/li>\n\n\n\n<li><strong>Construyendo una organizaci\u00f3n resiliente y \u00e1gil:<\/strong> Con el tiempo, la integraci\u00f3n de la IA en los procesos de gesti\u00f3n del cambio fomenta una cultura de resiliencia y agilidad. Las organizaciones est\u00e1n mejor equipadas para manejar cambios futuros, adapt\u00e1ndose r\u00e1pidamente a los nuevos desaf\u00edos y demandas del mercado.<\/li>\n<\/ul>\n\n\n\n<h2 class=\"wp-block-heading\">Tecnolog\u00edas y Herramientas en la Gesti\u00f3n del Cambio Automatizaci\u00f3n y Consultor\u00eda en Inteligencia Artificial<\/h2>\n\n\n\n<p>La integraci\u00f3n de la automatizaci\u00f3n de la gesti\u00f3n del cambio y la consultor\u00eda en inteligencia artificial se basa en una variedad de tecnolog\u00edas y herramientas avanzadas como:<\/p>\n\n\n\n<ul class=\"wp-block-list\">\n<li><strong>Herramientas de visualizaci\u00f3n de datos:<\/strong> Estas herramientas ayudan a presentar datos complejos en un formato f\u00e1cilmente comprensible. Son cruciales para comunicar ideas y hallazgos a las partes interesadas y ayudar en el proceso de toma de decisiones.<\/li>\n\n\n\n<li><strong>Plataformas de colaboraci\u00f3n:<\/strong> Las herramientas de colaboraci\u00f3n mejoradas con IA facilitan la comunicaci\u00f3n y coordinaci\u00f3n eficientes entre equipos, lo que es especialmente importante en la gesti\u00f3n del cambio en diferentes departamentos y ubicaciones.<\/li>\n\n\n\n<li><strong>Software de gesti\u00f3n de proyectos:<\/strong> Se utilizan herramientas avanzadas de gesti\u00f3n de proyectos, a menudo mejoradas con inteligencia artificial, para planificar, ejecutar y monitorear las distintas etapas de la gesti\u00f3n de cambios. Ayudan a realizar un seguimiento del progreso, asignar recursos e identificar posibles obst\u00e1culos.<\/li>\n<\/ul>\n\n\n\n<h2 class=\"wp-block-heading\">Oportunidades en automatizaci\u00f3n de la gesti\u00f3n del cambio y consultor\u00eda en inteligencia artificial<\/h2>\n\n\n\n<p>La integraci\u00f3n de la automatizaci\u00f3n de la gesti\u00f3n del cambio y la consultor\u00eda en inteligencia artificial presenta una gran cantidad de oportunidades para las empresas. Estas oportunidades pueden conducir a mejoras significativas en la forma en que las organizaciones gestionan y se adaptan al cambio, impulsando la eficiencia, la innovaci\u00f3n y la ventaja competitiva.<\/p>\n\n\n\n<ul class=\"wp-block-list\">\n<li><strong>Procesos de cambio simplificados:<\/strong> AI and automation technologies offer the opportunity to streamline change management processes, making them more efficient and effective. <\/li>\n\n\n\n<li><strong>Mayor compromiso y adaptaci\u00f3n de los empleados:<\/strong> AI tools can personalize communication and training, directly addressing employee concerns and learning preferences. <\/li>\n\n\n\n<li><strong>Reducci\u00f3n de costos y eficiencia:<\/strong> Automating routine tasks and optimizing change processes lead to significant cost savings and operational efficiencies. <\/li>\n<\/ul>\n\n\n\n<h2 class=\"wp-block-heading\">Desaf\u00edos en la automatizaci\u00f3n de la gesti\u00f3n del cambio y la consultor\u00eda en inteligencia artificial<\/h2>\n\n\n\n<p>The integration of artificial intelligence and automation also presents certain challenges \u2013 and addressing these challenges is vital for businesses to fully leverage the benefits of AI and <a title=\"C\u00f3mo reducir costos en su negocio\" href=\"https:\/\/www.sisinternational.com\/es\/ser-ecologico-mejora-el-desempeno-en-recesion\/\" data-wpil-monitor-id=\"7453\">automation in their change management strategies<\/a>.<\/p>\n\n\n\n<ul class=\"wp-block-list\">\n<li><strong>Resistencia al cambio:<\/strong> Una de las iron\u00edas de implementar la automatizaci\u00f3n de la gesti\u00f3n del cambio es la resistencia que puede encontrar. Los empleados pueden mostrarse esc\u00e9pticos o temerosos de la IA, preocupados por la seguridad laboral o las implicaciones de depender de procesos automatizados.<\/li>\n\n\n\n<li><strong>Garantizar la precisi\u00f3n y confiabilidad de la IA:<\/strong> La eficacia de la IA depende de la calidad de los datos y de los algoritmos utilizados. Garantizar la precisi\u00f3n y confiabilidad de los resultados de la IA es fundamental, ya que los errores pueden conducir a estrategias y decisiones equivocadas.<\/li>\n\n\n\n<li><strong>Equilibrando la automatizaci\u00f3n con el conocimiento humano:<\/strong> Si bien la IA puede realizar muchas tareas, el elemento humano sigue siendo crucial, especialmente en la toma de decisiones y la comprensi\u00f3n de los matices de la cultura organizacional. Encontrar el equilibrio adecuado entre la automatizaci\u00f3n y el conocimiento humano es una tarea delicada.<\/li>\n<\/ul>\n\n\n\n<h2 class=\"wp-block-heading\">Perspectivas futuras de la automatizaci\u00f3n de la gesti\u00f3n del cambio y la consultor\u00eda en inteligencia artificial<\/h2>\n\n\n\n<p>Las perspectivas futuras de la automatizaci\u00f3n de la gesti\u00f3n del cambio y la consultor\u00eda en inteligencia artificial son excepcionalmente prometedoras y est\u00e1n preparadas para revolucionar la forma en que las organizaciones gestionan y se adaptan al cambio. A continuaci\u00f3n se ofrece una descripci\u00f3n general de lo que puede deparar el futuro en este espacio:<\/p>\n\n\n\n<ul class=\"wp-block-list\">\n<li><strong>An\u00e1lisis predictivo para la gesti\u00f3n proactiva del cambio:<\/strong> AI technologies will advance in predicting the outcomes of change initiatives, allowing organizations to anticipate challenges and address them proactively. <\/li>\n\n\n\n<li><strong>Enfoques de cambio personalizados:<\/strong> AI will enable more personalized change management strategies, tailoring the approach to the specific needs of an organization and its employees. <\/li>\n\n\n\n<li><strong>Monitoreo y ajuste en tiempo real:<\/strong> AI and automation tools will enable real-time monitoring of change initiatives, allowing for quick adjustments based on immediate feedback and emerging issues. <\/li>\n<\/ul>\n\n\n\n<h2 class=\"wp-block-heading\">Soluciones SIS: Automatizaci\u00f3n de la Gesti\u00f3n del Cambio y Consultor\u00eda en Inteligencia Artificial<\/h2>\n\n\n\n<p>Brindamos beneficios tales como mayor eficiencia en los procesos de cambio, personalizaci\u00f3n de estrategias de cambio, mayor compromiso de los empleados, monitoreo continuo y optimizaci\u00f3n. Nuestros investigadores realizan an\u00e1lisis estrat\u00e9gicos para convertir la informaci\u00f3n en conocimientos pr\u00e1cticos, considerando la automatizaci\u00f3n de la gesti\u00f3n del cambio y la inteligencia artificial con una visi\u00f3n integral del mercado. Nuestro enfoque en an\u00e1lisis estrat\u00e9gico y conocimientos pr\u00e1cticos ofrece soluciones personalizadas m\u00e1s all\u00e1 de los datos y proporciona soluciones personalizadas para los clientes.<\/p>\n\n\n\n<ol class=\"wp-block-list\">\n<li>Mayor eficiencia en los procesos de cambio<\/li>\n\n\n\n<li>Personalizaci\u00f3n de estrategias de cambio<\/li>\n\n\n\n<li>Mayor compromiso y apoyo de los empleados<\/li>\n\n\n\n<li>Monitoreo y optimizaci\u00f3n continuos<\/li>\n\n\n\n<li>Construyendo una organizaci\u00f3n resiliente y \u00e1gil<\/li>\n\n\n\n<li>Utilizaci\u00f3n de tecnolog\u00edas y herramientas<\/li>\n\n\n\n<li>Oportunidades y desaf\u00edos que se abordan<\/li>\n<\/ol>\n\n\n\n<h2 class=\"wp-block-heading\">Acerca de SIS Internacional<\/h2>\n\n\n\n<p>SIS International ofrece investigaci\u00f3n cuantitativa, cualitativa y estrat\u00e9gica. Proporcionamos datos, herramientas, estrategias, informes y insights para la toma de decisiones. Realizamos entrevistas, encuestas, grupos focales y muchos otros m\u00e9todos y enfoques de investigaci\u00f3n de mercado. Cont\u00e1ctenos para su pr\u00f3ximo proyecto de Investigaci\u00f3n de Mercado.<\/p>","protected":false},"excerpt":{"rendered":"<p>La automatizaci\u00f3n de la gesti\u00f3n de cambios utiliza tecnolog\u00eda para agilizar, gestionar y facilitar los procesos para ayudar a una organizaci\u00f3n a implementar cambios.<\/p>","protected":false},"author":1,"featured_media":64031,"parent":44406,"menu_order":34,"comment_status":"closed","ping_status":"closed","template":"","meta":{"footnotes":""},"class_list":["post-44796","page","type-page","status-publish","has-post-thumbnail"],"_links":{"self":[{"href":"https:\/\/www.sisinternational.com\/es\/wp-json\/wp\/v2\/pages\/44796","targetHints":{"allow":["GET"]}}],"collection":[{"href":"https:\/\/www.sisinternational.com\/es\/wp-json\/wp\/v2\/pages"}],"about":[{"href":"https:\/\/www.sisinternational.com\/es\/wp-json\/wp\/v2\/types\/page"}],"author":[{"embeddable":true,"href":"https:\/\/www.sisinternational.com\/es\/wp-json\/wp\/v2\/users\/1"}],"replies":[{"embeddable":true,"href":"https:\/\/www.sisinternational.com\/es\/wp-json\/wp\/v2\/comments?post=44796"}],"version-history":[{"count":7,"href":"https:\/\/www.sisinternational.com\/es\/wp-json\/wp\/v2\/pages\/44796\/revisions"}],"predecessor-version":[{"id":83009,"href":"https:\/\/www.sisinternational.com\/es\/wp-json\/wp\/v2\/pages\/44796\/revisions\/83009"}],"up":[{"embeddable":true,"href":"https:\/\/www.sisinternational.com\/es\/wp-json\/wp\/v2\/pages\/44406"}],"wp:featuredmedia":[{"embeddable":true,"href":"https:\/\/www.sisinternational.com\/es\/wp-json\/wp\/v2\/media\/64031"}],"wp:attachment":[{"href":"https:\/\/www.sisinternational.com\/es\/wp-json\/wp\/v2\/media?parent=44796"}],"curies":[{"name":"wp","href":"https:\/\/api.w.org\/{rel}","templated":true}]}}