{"id":44466,"date":"2023-12-27T18:39:14","date_gmt":"2023-12-27T23:39:14","guid":{"rendered":"https:\/\/www.sisinternational.com\/?page_id=44466"},"modified":"2026-02-18T12:56:00","modified_gmt":"2026-02-18T17:56:00","slug":"investigacion-de-mercado-de-vision-por-computadora-ai","status":"publish","type":"page","link":"https:\/\/www.sisinternational.com\/es\/soluciones\/investigacion-de-mercado-de-ia-y-consultoria-estrategica\/investigacion-de-mercado-de-vision-por-computadora-ai\/","title":{"rendered":"Investigaci\u00f3n de mercado de IA de visi\u00f3n por computadora"},"content":{"rendered":"<h1 class=\"wp-block-heading\">Investigaci\u00f3n de mercado de IA de visi\u00f3n por computadora<\/h1>\n\n\n\n<figure class=\"gb-block-image gb-block-image-2bc87e54\"><img loading=\"lazy\" decoding=\"async\" width=\"1456\" height=\"816\" class=\"gb-image gb-image-2bc87e54\" src=\"https:\/\/www.sisinternational.com\/wp-content\/uploads\/2025\/08\/AI-13.jpg\" alt=\"Investigaci\u00f3n y estrategia de mercado internacional de SIS\" title=\"AI (13)\" srcset=\"https:\/\/www.sisinternational.com\/wp-content\/uploads\/2025\/08\/AI-13.jpg 1456w, https:\/\/www.sisinternational.com\/wp-content\/uploads\/2025\/08\/AI-13-300x168.jpg 300w, https:\/\/www.sisinternational.com\/wp-content\/uploads\/2025\/08\/AI-13-1024x574.jpg 1024w, https:\/\/www.sisinternational.com\/wp-content\/uploads\/2025\/08\/AI-13-768x430.jpg 768w, https:\/\/www.sisinternational.com\/wp-content\/uploads\/2025\/08\/AI-13-18x10.jpg 18w\" sizes=\"auto, (max-width: 1456px) 100vw, 1456px\"><\/figure>\n\n\n\n<p><\/p>\n\n\n\n<p>La visi\u00f3n por computadora (CV) es un campo de la inteligencia artificial que permite a las computadoras y sistemas obtener informaci\u00f3n significativa a partir de im\u00e1genes digitales, videos y otras entradas visuales. Imita la complejidad de la visi\u00f3n humana al capturar datos visuales e interpretarlos... Sin embargo, en el campo de la investigaci\u00f3n de mercado, este estudio implica analizar c\u00f3mo las empresas y los consumidores utilizan las tecnolog\u00edas de visi\u00f3n por computadora.<\/p>\n\n\n\n<h2 class=\"wp-block-heading\">Comprensi\u00f3n de la investigaci\u00f3n de mercado de visi\u00f3n por computadora y su importancia<\/h2>\n\n\n\n<p>La profundidad de la investigaci\u00f3n de mercado de la visi\u00f3n por computadora radica en su capacidad para proporcionar informaci\u00f3n tanto sobre los aspectos tecnol\u00f3gicos de la visi\u00f3n por computadora como sobre sus aplicaciones pr\u00e1cticas en diversos sectores. Ayuda a identificar los impulsores clave del mercado, los desaf\u00edos que enfrentan las empresas al implementar tecnolog\u00edas CV y las \u00e1reas potenciales de crecimiento e innovaci\u00f3n.<\/p>\n\n\n\n<p>Adem\u00e1s, <a title=\"Investigaci\u00f3n de mercado de computaci\u00f3n en la nube\" href=\"https:\/\/www.sisinternational.com\/es\/pericia\/industrias\/investigacion-de-mercado-de-computacion-en-la-nube\/\" data-wpil-monitor-id=\"3673\">computer vision market research<\/a> is crucial for businesses looking to invest in or develop computer vision tools since this research helps in identifying emerging trends, breakthrough technologies, and potential areas for application.<\/p>\n\n\n\n<p>Another critical aspect is the role of <a title=\"Investigaci\u00f3n de mercado de entrevistas telef\u00f3nicas asistidas por computadora\" href=\"https:\/\/www.sisinternational.com\/es\/pericia\/industrias\/entrevistas-telefonicas-asistidas-por-computadora-investigacion-de-mercado\/\" data-wpil-monitor-id=\"5776\">computer vision market research<\/a> in risk management and investment. By providing a comprehensive <a title=\"An\u00e1lisis CHAID Investigaci\u00f3n de Mercado\" href=\"https:\/\/www.sisinternational.com\/es\/soluciones\/soluciones-de-investigacion-cualitativa-cuantitativa\/analisis-de-chaid-investigacion-de-mercado\/\" data-wpil-monitor-id=\"9958\">analysis of the market<\/a>, including competitive landscapes, potential risks, and growth opportunities, this research guides businesses in making informed decisions about investments in CV technologies.<\/p>\n\n\n\n<h2 class=\"wp-block-heading\">\u00bfCu\u00e1les son los beneficios de la investigaci\u00f3n de mercado de Visi\u00f3n por computadora?<\/h2>\n\n\n\n<p>The benefits of computer vision market research are extensive, offering businesses critical insights and advantages in an increasingly digital and visual-centric world. <\/p>\n\n\n\n<ul class=\"wp-block-list\">\n<li><strong>Toma de decisiones estrat\u00e9gicas informada:<\/strong> Computer vision market research provides businesses with essential data and insights about the current state and future trends of computer vision technology. This information is crucial for making strategic decisions about product development, market-entry, and <a title=\"Investigaci\u00f3n de mercado de tecnolog\u00eda de inversi\u00f3n\" data-wpil-monitor-id=\"9959\" href=\"https:\/\/www.sisinternational.com\/es\/soluciones\/investigacion-de-consultoria-estrategica-fintech\/investigacion-de-mercado-de-tecnologia-de-inversion\/\">investment in CV technology<\/a>.<\/li>\n\n\n\n<li><strong>Desarrollo de productos mejorado:<\/strong> Con informaci\u00f3n sobre c\u00f3mo se utiliza la visi\u00f3n por computadora en diversas industrias, las empresas pueden innovar y mejorar sus productos y servicios.<\/li>\n\n\n\n<li><strong>Ventaja competitiva:<\/strong> Computer vision market research offers insights into how competitors are using CV technology, allowing <a title=\"Investigaci\u00f3n de mercado empresarial escalable: 7 formas de construir un negocio escalable\" data-wpil-monitor-id=\"9960\" href=\"https:\/\/www.sisinternational.com\/es\/publicaciones\/investigacion-de-mercado-empresarial-escalable-7-formas-de-construir-un-negocio-escalable\/\">businesses to identify gaps in the market<\/a> and opportunities to differentiate their offerings.<\/li>\n\n\n\n<li><strong>Mejor comprensi\u00f3n del cliente:<\/strong> Computer vision market research helps businesses understand how consumers interact with computer vision technologies. <\/li>\n<\/ul>\n\n\n\n<h2 class=\"wp-block-heading\">Industrias clave en el mercado de la visi\u00f3n por computadora<\/h2>\n\n\n\n<p>El <a title=\"Investigaci\u00f3n de mercado de computaci\u00f3n cu\u00e1ntica\" href=\"https:\/\/www.sisinternational.com\/es\/pericia\/industrias\/investigacion-de-mercado-de-computacion-cuantica\/\" data-wpil-monitor-id=\"9961\">computer vision market<\/a> has made a significant impact across various industries \u2013 and here are some key industries where computer vision technology is playing a critical role:<\/p>\n\n\n\n<ul class=\"wp-block-list\">\n<li><strong>Comercio minorista y comercio electr\u00f3nico:<\/strong> En el sector minorista, la visi\u00f3n por computadora se utiliza para la gesti\u00f3n de inventario, el an\u00e1lisis del comportamiento del cliente y la mejora de la experiencia de compra a trav\u00e9s de pruebas virtuales y pantallas interactivas.<\/li>\n\n\n\n<li><strong>Automotor:<\/strong> La industria automotriz aprovecha la visi\u00f3n por computadora para la tecnolog\u00eda de conducci\u00f3n aut\u00f3noma, incluida la detecci\u00f3n de obst\u00e1culos, el reconocimiento de se\u00f1ales de tr\u00e1fico y los sistemas de monitoreo del conductor. Tambi\u00e9n se utiliza en procesos de fabricaci\u00f3n para control de calidad e inspecci\u00f3n de componentes.<\/li>\n\n\n\n<li><strong>Cuidado de la salud:<\/strong> En el sector sanitario, la visi\u00f3n por computadora ayuda en el diagn\u00f3stico por im\u00e1genes, la atenci\u00f3n al paciente y la cirug\u00eda. Se utiliza para analizar im\u00e1genes m\u00e9dicas, ayudar en procedimientos quir\u00fargicos complejos y monitorear la salud del paciente a trav\u00e9s de datos visuales.<\/li>\n\n\n\n<li><strong>Fabricaci\u00f3n:<\/strong> La visi\u00f3n por computadora en la fabricaci\u00f3n mejora el control de calidad, la detecci\u00f3n de defectos y la automatizaci\u00f3n de las l\u00edneas de montaje. Permite una inspecci\u00f3n precisa y eficiente de los productos, contribuyendo a una mayor calidad y reducci\u00f3n de costos.<\/li>\n\n\n\n<li><strong>Transporte y Log\u00edstica:<\/strong> La visi\u00f3n por computadora facilita el almacenamiento automatizado, la gesti\u00f3n log\u00edstica y el manejo eficiente de la carga. Mejora la velocidad y precisi\u00f3n de los procesos log\u00edsticos, mejorando la eficiencia de la cadena de suministro.<\/li>\n<\/ul>\n\n\n\n<h2 class=\"wp-block-heading\">Principales actores en el mercado de la visi\u00f3n por computadora<\/h2>\n\n\n\n<p>The computer vision market is driven by a diverse array of players, each contributing to the advancement and application of computer vision technology. Understanding the key players is crucial for comprehending the current landscape and future trends of computer vision \u2013 and here are some of the main <a title=\"Investigaci\u00f3n de mercado de la empresa de gu\u00edas tur\u00edsticos\" href=\"https:\/\/www.sisinternational.com\/es\/soluciones\/consultoria-de-hosteleria-y-turismo-en-viajes\/investigacion-de-mercado-de-la-empresa-de-guias-turisticos\/\" data-wpil-monitor-id=\"9962\">companies shaping this market<\/a>:<\/p>\n\n\n\n<ul class=\"wp-block-list\">\n<li><strong>Google:<\/strong> Google ha realizado importantes contribuciones al campo de la visi\u00f3n por computadora, particularmente a trav\u00e9s del desarrollo de tecnolog\u00edas de reconocimiento de im\u00e1genes y el marco de aprendizaje autom\u00e1tico TensorFlow.<\/li>\n\n\n\n<li><strong>Microsoft:<\/strong> Con sus servicios Azure Computer Vision, Microsoft proporciona una gama de herramientas para analizar contenido visual, incluida la detecci\u00f3n de objetos, el reconocimiento facial y el reconocimiento \u00f3ptico de caracteres (OCR).<\/li>\n\n\n\n<li><strong>Servicios web de Amazon (AWS):<\/strong> AWS ofrece capacidades de visi\u00f3n por computadora a trav\u00e9s de Amazon Rekognition, que proporciona an\u00e1lisis de im\u00e1genes y videos para aplicaciones como verificaci\u00f3n de usuarios, moderaci\u00f3n de contenido y recomendaciones personalizadas.<\/li>\n\n\n\n<li><strong>Intel:<\/strong> Intel ha desempe\u00f1ado un papel decisivo en el mercado de la visi\u00f3n por computadora, especialmente mediante la adquisici\u00f3n de Mobileye, l\u00edder en tecnolog\u00eda de visi\u00f3n para veh\u00edculos aut\u00f3nomos, y su tecnolog\u00eda RealSense para escaneo y seguimiento 3D.<\/li>\n<\/ul>\n\n\n\n<h2 class=\"wp-block-heading\">Oportunidades en el mercado de la visi\u00f3n por computadora para empresas<\/h2>\n\n\n\n<p>El mercado de la visi\u00f3n por computadora ofrece una gran cantidad de oportunidades para las empresas. A medida que esta tecnolog\u00eda contin\u00faa evolucionando e integr\u00e1ndose en diferentes industrias, abre nuevas v\u00edas para la innovaci\u00f3n, la eficiencia y la participaci\u00f3n del cliente.<\/p>\n\n\n\n<ul class=\"wp-block-list\">\n<li><strong>Experiencias de cliente mejoradas:<\/strong> La tecnolog\u00eda de visi\u00f3n por computadora se puede utilizar para crear experiencias de cliente m\u00e1s atractivas e interactivas, especialmente en el comercio minorista y el comercio electr\u00f3nico, a trav\u00e9s de pruebas virtuales, recomendaciones personalizadas y marketing interactivo.<\/li>\n\n\n\n<li><strong>Eficiencia operacional:<\/strong> En industrias como la manufactura y la log\u00edstica, la visi\u00f3n por computadora puede mejorar significativamente la eficiencia operativa a trav\u00e9s de controles de calidad automatizados, gesti\u00f3n de inventario y procesos log\u00edsticos optimizados.<\/li>\n<\/ul>\n\n\n\n<h2 class=\"wp-block-heading\">Desaf\u00edos del mercado de la visi\u00f3n por computadora para las empresas<\/h2>\n\n\n\n<p>La visi\u00f3n por computadora enfrenta varios desaf\u00edos para las empresas, y superarlos es esencial para aprovechar plenamente los beneficios de la visi\u00f3n por computadora. Estos desaf\u00edos clave incluyen:<\/p>\n\n\n\n<ul class=\"wp-block-list\">\n<li><strong>Complejidad Tecnol\u00f3gica:<\/strong> La implementaci\u00f3n de soluciones de visi\u00f3n por computadora requiere un cierto nivel de experiencia t\u00e9cnica. Desarrollar, implementar y mantener estos sistemas puede ser complejo, especialmente para empresas que no cuentan con capacidades internas de inteligencia artificial y aprendizaje autom\u00e1tico.<\/li>\n\n\n\n<li><strong>Altos costos de desarrollo:<\/strong> El desarrollo de aplicaciones s\u00f3lidas de visi\u00f3n por computadora puede requerir muchos recursos. Esto incluye los costos asociados con la adquisici\u00f3n de conjuntos de datos de calidad, la contrataci\u00f3n de profesionales capacitados y la inversi\u00f3n en la infraestructura de hardware y software necesaria.<\/li>\n\n\n\n<li><strong>Desaf\u00edos de integraci\u00f3n:<\/strong> Integrar perfectamente las tecnolog\u00edas de visi\u00f3n por computadora en los sistemas y procesos comerciales existentes puede ser una tarea desalentadora. Requiere una planificaci\u00f3n y ejecuci\u00f3n cuidadosas para garantizar la compatibilidad y la eficiencia funcional.<\/li>\n\n\n\n<li><strong>Problemas de precisi\u00f3n y confiabilidad:<\/strong> Garantizar la precisi\u00f3n y confiabilidad de los sistemas de visi\u00f3n por computadora es fundamental, especialmente en aplicaciones donde los errores pueden tener consecuencias importantes, como en la atenci\u00f3n m\u00e9dica o los veh\u00edculos aut\u00f3nomos.<\/li>\n<\/ul>\n\n\n\n<h2 class=\"wp-block-heading\">Perspectivas de la investigaci\u00f3n de mercado de visi\u00f3n por computadora<\/h2>\n\n\n\n<p>Las perspectivas futuras de la investigaci\u00f3n de mercado de la visi\u00f3n por computadora seguir\u00e1n expandi\u00e9ndose, ofreciendo nuevas capacidades y soluciones. A continuaci\u00f3n se ofrece una mirada al futuro de la investigaci\u00f3n de mercado de la visi\u00f3n por computadora:<\/p>\n\n\n\n<ul class=\"wp-block-list\">\n<li><strong>Avances en IA y aprendizaje autom\u00e1tico:<\/strong> Computer vision market research emphasizes that future advancements in AI and machine learning algorithms will significantly enhance the capabilities of computer vision systems. <\/li>\n\n\n\n<li><strong>Crecimiento de las iniciativas de ciudades inteligentes:<\/strong> According to computer vision market research, the rise of smart city initiatives worldwide will fuel the growth of computer vision applications in urban management and public safety. <\/li>\n\n\n\n<li><strong>Experiencias de consumidor mejoradas:<\/strong> Computer vision market research also suggests a growing use of computer vision in enhancing customer experiences, particularly in retail and e-commerce. <\/li>\n\n\n\n<li><strong>Veh\u00edculos Aut\u00f3nomos y Rob\u00f3tica:<\/strong> Las perspectivas de los veh\u00edculos aut\u00f3nomos y la rob\u00f3tica est\u00e1n estrechamente ligadas a los avances en la visi\u00f3n por computadora. Las capacidades mejoradas de procesamiento visual mejorar\u00e1n la seguridad, confiabilidad y eficiencia de los sistemas aut\u00f3nomos, desde autom\u00f3viles aut\u00f3nomos hasta drones automatizados.<\/li>\n<\/ul>\n\n\n\n<h2 class=\"wp-block-heading\">Soluciones SIS: Investigaci\u00f3n de mercado de IA de visi\u00f3n por computadora<\/h2>\n\n\n\n<p>We provide insights into the development, application, and impact of computer vision technologies across various sectors. Our <a title=\"An\u00e1lisis de investigaci\u00f3n de mercado de sentimiento de IA\" href=\"https:\/\/www.sisinternational.com\/es\/soluciones\/investigacion-de-mercado-de-ia-y-consultoria-estrategica\/analisis-de-investigacion-de-mercado-de-sentimiento-de-ai\/\" data-wpil-monitor-id=\"9963\">research offers strategic analysis<\/a>, identifying market trends, competitive landscapes, and innovation opportunities, enabling clients to make informed decisions.<\/p>\n\n\n\n<ol class=\"wp-block-list\">\n<li><a title=\"Demand Forecasting Market Consulting\" data-wpil-monitor-id=\"9964\" href=\"https:\/\/www.sisinternational.com\/es\/soluciones\/consultoria-estrategica\/investigacion-de-mercado-de-prevision-de-la-demanda\/\">Tendencias y pron\u00f3sticos del mercado<\/a><\/li>\n\n\n\n<li>An\u00e1lisis competitivo<\/li>\n\n\n\n<li>Informaci\u00f3n sobre el comportamiento del consumidor<\/li>\n\n\n\n<li>Avances tecnol\u00f3gicos<\/li>\n\n\n\n<li>Aplicaci\u00f3n en industrias clave<\/li>\n\n\n\n<li>Consideraciones regulatorias y \u00e9ticas<\/li>\n\n\n\n<li>Oportunidades de inversi\u00f3n estrat\u00e9gica<\/li>\n<\/ol>\n\n\n\n<h2 class=\"wp-block-heading\">Acerca de SIS Internacional<\/h2>\n\n\n\n<p><a title=\"SIS presenta plataforma de an\u00e1lisis cuantitativo y ciencia de datos\" href=\"https:\/\/www.sisinternational.com\/es\/sis-presenta-una-plataforma-de-analisis-cuantitativo-y-ciencia-de-datos\/\" data-wpil-monitor-id=\"9957\">SIS International offers Quantitative<\/a>, Qualitative, and Strategy Research. We provide data, tools, strategies, reports and insights for decision-making. We conduct interviews, surveys, focus groups and many other Market Research methods and approaches. Contact us for your next Market Research project.<\/p>","protected":false},"excerpt":{"rendered":"<p>La investigaci\u00f3n en visi\u00f3n por computadora proporciona informaci\u00f3n sobre la tecnolog\u00eda y sus aplicaciones. Identifica impulsores, desaf\u00edos y \u00e1reas de crecimiento.<\/p>","protected":false},"author":1,"featured_media":62605,"parent":44406,"menu_order":3,"comment_status":"closed","ping_status":"closed","template":"","meta":{"footnotes":""},"class_list":["post-44466","page","type-page","status-publish","has-post-thumbnail"],"_links":{"self":[{"href":"https:\/\/www.sisinternational.com\/es\/wp-json\/wp\/v2\/pages\/44466","targetHints":{"allow":["GET"]}}],"collection":[{"href":"https:\/\/www.sisinternational.com\/es\/wp-json\/wp\/v2\/pages"}],"about":[{"href":"https:\/\/www.sisinternational.com\/es\/wp-json\/wp\/v2\/types\/page"}],"author":[{"embeddable":true,"href":"https:\/\/www.sisinternational.com\/es\/wp-json\/wp\/v2\/users\/1"}],"replies":[{"embeddable":true,"href":"https:\/\/www.sisinternational.com\/es\/wp-json\/wp\/v2\/comments?post=44466"}],"version-history":[{"count":6,"href":"https:\/\/www.sisinternational.com\/es\/wp-json\/wp\/v2\/pages\/44466\/revisions"}],"predecessor-version":[{"id":83005,"href":"https:\/\/www.sisinternational.com\/es\/wp-json\/wp\/v2\/pages\/44466\/revisions\/83005"}],"up":[{"embeddable":true,"href":"https:\/\/www.sisinternational.com\/es\/wp-json\/wp\/v2\/pages\/44406"}],"wp:featuredmedia":[{"embeddable":true,"href":"https:\/\/www.sisinternational.com\/es\/wp-json\/wp\/v2\/media\/62605"}],"wp:attachment":[{"href":"https:\/\/www.sisinternational.com\/es\/wp-json\/wp\/v2\/media?parent=44466"}],"curies":[{"name":"wp","href":"https:\/\/api.w.org\/{rel}","templated":true}]}}