{"id":44096,"date":"2023-11-06T16:05:57","date_gmt":"2023-11-06T21:05:57","guid":{"rendered":"https:\/\/www.sisinternational.com\/?page_id=44096"},"modified":"2026-01-25T17:42:33","modified_gmt":"2026-01-25T22:42:33","slug":"toma-de-decisiones-empresariales-investigacion-de-mercado","status":"publish","type":"page","link":"https:\/\/www.sisinternational.com\/es\/pericia\/toma-de-decisiones-empresariales-investigacion-de-mercado\/","title":{"rendered":"Investigaci\u00f3n de mercado para tomadores de decisiones empresariales"},"content":{"rendered":"<h1 class=\"wp-block-heading\">Investigaci\u00f3n de mercado para tomadores de decisiones empresariales<\/h1>\n\n\n\n<figure class=\"gb-block-image gb-block-image-cac50057\"><img loading=\"lazy\" decoding=\"async\" width=\"1456\" height=\"816\" class=\"gb-image gb-image-cac50057\" src=\"https:\/\/www.sisinternational.com\/wp-content\/uploads\/2025\/08\/Business-40.jpg\" alt=\"Investigaci\u00f3n y estrategia de mercado internacional de SIS\" title=\"Business (40)\" srcset=\"https:\/\/www.sisinternational.com\/wp-content\/uploads\/2025\/08\/Business-40.jpg 1456w, https:\/\/www.sisinternational.com\/wp-content\/uploads\/2025\/08\/Business-40-300x168.jpg 300w, https:\/\/www.sisinternational.com\/wp-content\/uploads\/2025\/08\/Business-40-1024x574.jpg 1024w, https:\/\/www.sisinternational.com\/wp-content\/uploads\/2025\/08\/Business-40-768x430.jpg 768w, https:\/\/www.sisinternational.com\/wp-content\/uploads\/2025\/08\/Business-40-18x10.jpg 18w\" sizes=\"auto, (max-width: 1456px) 100vw, 1456px\"><\/figure>\n\n\n\n<p><\/p>\n\n\n\n<p>En el din\u00e1mico mundo financiero, \u00bfc\u00f3mo pueden las empresas obtener un conocimiento genuino y profundo de las mentes de quienes toman las decisiones clave en estas grandes empresas? La necesidad de tales conocimientos es m\u00e1s crucial que nunca, y SIS International, con su riqueza de experiencia que abarca m\u00e1s de 40 a\u00f1os, ha establecido un enfoque \u00fanico y eficaz para penetrar en este c\u00edrculo elusivo. \u00bfQu\u00e9 es lo que hace que el enfoque del SIS sea tan eficaz?<\/p>\n\n\n\n<h2 class=\"wp-block-heading\">El legado del SIS<\/h2>\n\n\n\n<p>A lo largo de cuatro d\u00e9cadas, SIS ha sido un participante activo e influyente en el cambiante \u00e1mbito de la investigaci\u00f3n de mercado. El recorrido de 40 a\u00f1os no es s\u00f3lo un n\u00famero, sino un testimonio de la confianza que las empresas han depositado en SIS y los resultados tangibles que hemos logrado a cambio.<\/p>\n\n\n\n<p>Comprendimos la importancia de la precisi\u00f3n para comprender la din\u00e1mica del mercado y reconocimos que el n\u00facleo de cualquier decisi\u00f3n empresarial radica en comprender el intrincado panorama del mercado y los tomadores de decisiones que lo tejen. A medida que pasaron los a\u00f1os, SIS perfeccion\u00f3 continuamente sus metodolog\u00edas, se mantuvo al tanto de los avances tecnol\u00f3gicos y, lo m\u00e1s importante, escuch\u00f3 al mercado y sus cambios.<\/p>\n\n\n\n<h2 class=\"wp-block-heading\">El poder del acceso<\/h2>\n\n\n\n<p>No se puede subestimar el poder de la informaci\u00f3n precisa y oportuna, y aqu\u00ed es donde SIS realmente brilla, con su acceso incomparable a los encuestados.<\/p>\n\n\n\n<p>La fortaleza de cualquier investigaci\u00f3n de mercado radica en el calibre de sus encuestados. La vasta red de SIS, construida y alimentada durante d\u00e9cadas, garantiza que las empresas obtengan conocimientos no solo de cualquier encuestado, sino de los correctos (los que importan, los que influyen y los que deciden).<\/p>\n\n\n\n<p>Por lo tanto, podemos acceder a las mentes de expertos en servicios financieros y de personas que est\u00e1n al tanto del pulso de la industria, y para una empresa, esta informaci\u00f3n es invaluable.<\/p>\n\n\n\n<h2 class=\"wp-block-heading\">Descubriendo una visi\u00f3n profunda de la investigaci\u00f3n de mercado de los tomadores de decisiones empresariales<\/h2>\n\n\n\n<figure class=\"gb-block-image gb-block-image-1d8abd0d\"><img loading=\"lazy\" decoding=\"async\" width=\"1456\" height=\"816\" class=\"gb-image gb-image-1d8abd0d\" src=\"https:\/\/www.sisinternational.com\/wp-content\/uploads\/2025\/08\/Business-37.jpg\" alt=\"Investigaci\u00f3n y estrategia de mercado internacional de SIS\" title=\"Business (37)\" srcset=\"https:\/\/www.sisinternational.com\/wp-content\/uploads\/2025\/08\/Business-37.jpg 1456w, https:\/\/www.sisinternational.com\/wp-content\/uploads\/2025\/08\/Business-37-300x168.jpg 300w, https:\/\/www.sisinternational.com\/wp-content\/uploads\/2025\/08\/Business-37-1024x574.jpg 1024w, https:\/\/www.sisinternational.com\/wp-content\/uploads\/2025\/08\/Business-37-768x430.jpg 768w, https:\/\/www.sisinternational.com\/wp-content\/uploads\/2025\/08\/Business-37-18x10.jpg 18w\" sizes=\"auto, (max-width: 1456px) 100vw, 1456px\"><\/figure>\n\n\n\n<p><\/p>\n\n\n\n<p>To unravel the intricate web of thought processes, motivations, and <a href=\"https:\/\/www.sisinternational.com\/es\/como-hacer-crecer-tu-negocio\/\" title=\"C\u00f3mo hacer crecer su negocio\"  data-wpil-monitor-id=\"1970\">strategies of business<\/a> decision-makers, at SIS, we must be adaptive and innovative in our research methods. Here&#8217;s a comprehensive guide to achieving just that:<\/p>\n\n\n\n<p><strong>Cultivar el acceso a los encuestados:<\/strong> El primer obst\u00e1culo a superar es establecer una conexi\u00f3n. Las empresas, especialmente las que est\u00e1n en auge, se ven inundadas de invitaciones. Por esta raz\u00f3n, es fundamental destacarse mediante el uso de bases de datos, redes y plataformas modernas de la industria para identificar y llegar a posibles encuestados.<\/p>\n\n\n\n<p><strong>Estableciendo credibilidad:<\/strong> Interact\u00fae con ellos a trav\u00e9s de servicios de valor agregado, como informes t\u00e9cnicos o organizando seminarios web espec\u00edficos de la industria para crear una relaci\u00f3n basada en el respeto y el valor mutuos.<\/p>\n\n\n\n<p><strong>Garantizar la calidad de los encuestados:<\/strong> Lo que cuenta no es s\u00f3lo con qui\u00e9n hablas, sino tambi\u00e9n la profundidad y relevancia de su experiencia. Por lo tanto, es fundamental dar prioridad a los encuestados que tengan un historial comprobado en la toma de decisiones.<\/p>\n\n\n\n<p><strong>Fusionando investigaci\u00f3n cualitativa y cuantitativa:<\/strong> Ambas t\u00e9cnicas de investigaci\u00f3n ofrecen una visi\u00f3n panor\u00e1mica de los puntos de vista de los tomadores de decisiones y los factores para tomar decisiones estrat\u00e9gicas. Por ejemplo, los conocimientos cualitativos se centran en entrevistas, grupos focales y encuestas abiertas para descubrir el &quot;por qu\u00e9&quot; detr\u00e1s de las decisiones, revelando motivaciones, desaf\u00edos y percepciones. Por otro lado, las m\u00e9tricas cuantitativas se concentran en encuestas, an\u00e1lisis de datos y evaluaciones de tendencias para ayudar a cuantificar estos conocimientos, proporcionando una escala en profundidad.<\/p>\n\n\n\n<p><strong>Comprensi\u00f3n contextual a trav\u00e9s de la inmersi\u00f3n:<\/strong> Al dedicar tiempo a seguir a los tomadores de decisiones en sus funciones diarias, los investigadores pueden obtener informaci\u00f3n de primera mano sobre los desaf\u00edos y oportunidades que encuentran. Puede funcionar involucrando a ejecutivos en talleres que se centren en escenarios del mundo real. La experiencia pr\u00e1ctica puede generar una comprensi\u00f3n matizada de sus procesos de toma de decisiones.<\/p>\n\n\n\n<p><strong>Comprometerse a trav\u00e9s de servicios de valor agregado:<\/strong> Posicionarse como l\u00edder intelectual mediante la publicaci\u00f3n de documentos t\u00e9cnicos detallados sobre las tendencias y desaf\u00edos de la industria puede atraer la atenci\u00f3n de los principales tomadores de decisiones y estimular el compromiso. De manera similar, organizar o participar en eventos espec\u00edficos de la industria proporciona una plataforma para la interacci\u00f3n directa con el p\u00fablico objetivo y fomenta la construcci\u00f3n de relaciones.<\/p>\n\n\n\n<p><strong>Eficiencia en el compromiso:<\/strong> Reconocer que los altos ejecutivos tienen una disponibilidad limitada garantiza que todos los compromisos sean concisos, bien estructurados y produzcan el m\u00e1ximo conocimiento en el m\u00ednimo tiempo.<\/p>\n\n\n\n<p><strong>Aprovechar redes y consultores externos:<\/strong> Muchas grandes empresas contratan consultores externos para obtener conocimientos estrat\u00e9gicos. Asociarse o colaborar con estos consultores puede ofrecer informaci\u00f3n indirecta sobre el esp\u00edritu de toma de decisiones de estas empresas.<\/p>\n\n\n\n<h2 class=\"wp-block-heading\">M\u00e1s all\u00e1 de los n\u00fameros: calidad de los an\u00e1lisis y los informes con la investigaci\u00f3n de mercado de los responsables de la toma de decisiones empresariales<\/h2>\n\n\n\n<figure class=\"gb-block-image gb-block-image-99918051\"><img loading=\"lazy\" decoding=\"async\" width=\"1456\" height=\"816\" class=\"gb-image gb-image-99918051\" src=\"https:\/\/www.sisinternational.com\/wp-content\/uploads\/2025\/08\/Business-25.jpg\" alt=\"Investigaci\u00f3n y estrategia de mercado internacional de SIS\" title=\"Business (25)\" srcset=\"https:\/\/www.sisinternational.com\/wp-content\/uploads\/2025\/08\/Business-25.jpg 1456w, https:\/\/www.sisinternational.com\/wp-content\/uploads\/2025\/08\/Business-25-300x168.jpg 300w, https:\/\/www.sisinternational.com\/wp-content\/uploads\/2025\/08\/Business-25-1024x574.jpg 1024w, https:\/\/www.sisinternational.com\/wp-content\/uploads\/2025\/08\/Business-25-768x430.jpg 768w, https:\/\/www.sisinternational.com\/wp-content\/uploads\/2025\/08\/Business-25-18x10.jpg 18w\" sizes=\"auto, (max-width: 1456px) 100vw, 1456px\"><\/figure>\n\n\n\n<p><\/p>\n\n\n\n<p>La experiencia de SIS no reside s\u00f3lo en la recopilaci\u00f3n de datos, sino tambi\u00e9n en la meticulosa calidad de sus an\u00e1lisis e informes. Esta es una diferenciaci\u00f3n esencial porque los datos sin conocimiento son simplemente ruido.<\/p>\n\n\n\n<p>A lo largo de los a\u00f1os, SIS ha perfeccionado sus metodolog\u00edas anal\u00edticas, fusionando t\u00e9cnicas tradicionales con algoritmos y herramientas modernos. Este enfoque dual garantiza que, si bien las ra\u00edces permanecen basadas en metodolog\u00edas probadas, las ramas se extienden al \u00e1mbito de la ciencia de datos contempor\u00e1nea. \u00bfEl resultado? An\u00e1lisis que son a la vez profundos y amplios.<\/p>\n\n\n\n<p>Ahora bien, el valor de los datos no est\u00e1 s\u00f3lo en su profundidad, sino tambi\u00e9n en su presentaci\u00f3n. Los mecanismos de presentaci\u00f3n de informes de SIS est\u00e1n dise\u00f1ados para atender a la alta direcci\u00f3n, a aquellos que miran m\u00e1s all\u00e1 de lo superficial y buscan comprensi\u00f3n, y en una era donde se valora la eficiencia, SIS ofrece m\u00e1s que solo informes. Sus servicios de valor agregado, como documentos t\u00e9cnicos meticulosamente elaborados, sirven como minas de oro de conocimiento, ofreciendo a las empresas sabidur\u00eda destilada y conocimientos pr\u00e1cticos.<\/p>\n\n\n\n<p><strong>Adaptaci\u00f3n de la investigaci\u00f3n cualitativa y cuantitativa:<\/strong> At SIS, we harness both qualitative and quantitative research methods, recognizing that each offers unique advantages. <a class=\"wpil_keyword_link\" href=\"https:\/\/www.sisinternational.com\/es\/qualitative-research-to-enhance-customer-experience\/\"   title=\"Qualitative Research to Enhance Customer Experience\" data-wpil-keyword-link=\"linked\"  data-wpil-monitor-id=\"648\">Investigaci\u00f3n cualitativa<\/a> lets us dive deep into individual experiences and stories, giving color and context to the numbers. On the other hand, quantitative research allows us to gather statistically significant findings.<\/p>\n\n\n\n<p><strong>Servicios de valor agregado para una mejor comprensi\u00f3n:<\/strong> Beyond our standard reporting, SIS offers value-added services like white papers, which dive deep into specific topics of interest. These papers, backed by rigorous research and insights, serve as a resource for <a href=\"https:\/\/www.sisinternational.com\/es\/el-efecto-de-la-cultura-de-mercado-nigeriana-en-los-negocios\/\" title=\"El mercado nigeriano: el efecto de la cultura en los negocios\"  data-wpil-monitor-id=\"4374\">businesses to understand market<\/a> phenomena in-depth, offering both current relevance and long-term value.<\/p>\n\n\n\n<h2 class=\"wp-block-heading\">\u00bfCu\u00e1les son los m\u00e9todos de investigaci\u00f3n de mercado que funcionan bien con la investigaci\u00f3n de mercado de los responsables de la toma de decisiones empresariales?<\/h2>\n\n\n\n<p>Cuando se dirige a los responsables de la toma de decisiones empresariales, los m\u00e9todos tradicionales de investigaci\u00f3n de mercado pueden no ser suficientes. Estos l\u00edderes requieren conocimientos basados en datos y an\u00e1lisis detallados para fundamentar sus decisiones, y algunos m\u00e9todos especializados de investigaci\u00f3n de mercado han demostrado ser eficaces, como por ejemplo:<\/p>\n\n\n\n<p><strong><a class=\"wpil_keyword_link\" href=\"https:\/\/www.sisinternational.com\/es\/how-to-conduct-in-depth-interviews-for-market-insights\/\"   title=\"C\u00f3mo realizar entrevistas exhaustivas para obtener informaci\u00f3n sobre el mercado\" data-wpil-keyword-link=\"linked\"  data-wpil-monitor-id=\"649\">Entrevistas en profundidad<\/a> with C-Level Executives:<\/strong> Estas entrevistas individuales con altos ejecutivos brindan informaci\u00f3n valiosa sobre sus procesos de pensamiento, aprensiones e inclinaciones. Este tipo de entrevistas ayudan a los investigadores a comprender las percepciones y los puntos de vista matizados de los principales l\u00edderes mundiales. Paneles de expertos: los paneles formados por expertos de diversos sectores pueden ofrecer conocimientos invaluables desde la perspectiva de la industria. Su experiencia acumulada ofrece una visi\u00f3n integral de las tendencias y din\u00e1micas del mercado. Su objetivo es medir el sentimiento general de la industria e identificar tendencias en evoluci\u00f3n que pueden influir en la decisi\u00f3n de una empresa de cotizar en bolsa en una plataforma en particular.<\/p>\n\n\n\n<p><strong>Encuestas Cuantitativas:<\/strong> Se trata de cuestionarios estructurados dise\u00f1ados para obtener informaci\u00f3n espec\u00edfica. Al garantizar la calidad de los encuestados, estas encuestas pueden recopilar datos sobre preferencias, puntos d\u00e9biles y tendencias.<\/p>\n\n\n\n<p><strong>Grupos de enfoque:<\/strong> Una discusi\u00f3n moderada con un grupo de tomadores de decisiones puede proporcionar ideas y comentarios colectivos sobre temas espec\u00edficos para recopilar conocimientos cualitativos profundos.<\/p>\n\n\n\n<p><strong>Estudios etnogr\u00e1ficos:<\/strong> Este m\u00e9todo de investigaci\u00f3n cualitativa implica observar a quienes toman decisiones en su entorno natural, dando un relato de primera mano de sus interacciones diarias, procesos de toma de decisiones y los factores que influyen en ellos. Permite a los investigadores de mercado descubrir los factores sutiles, a menudo desapercibidos, y los puntos d\u00e9biles que influyen en las preferencias de quienes toman las decisiones.<\/p>\n\n\n\n<h3 class=\"wp-block-heading\">Empoderar a los tomadores de decisiones<\/h3>\n\n\n\n<p>B\u00e1sicamente, nuestro servicio de valor agregado tiene como objetivo empoderar a los tomadores de decisiones comerciales. Al proporcionar conocimientos integrales, estrategias viables y conocimientos profundos, garantizamos que las empresas est\u00e9n equipadas para tomar decisiones informadas, ya sea en el contexto de salir a bolsa, expandir operaciones o explorar nuevas v\u00edas.<\/p>\n\n\n\n<p>Nuestros informes se centran en representaciones visuales, formatos f\u00e1ciles de digerir y recomendaciones claras, lo que garantiza que las empresas puedan actuar r\u00e1pidamente en funci\u00f3n de la informaci\u00f3n proporcionada.<\/p>\n\n\n\n<h2 class=\"wp-block-heading\">El papel de los incentivos para involucrar a los tomadores de decisiones<\/h2>\n\n\n\n<figure class=\"gb-block-image gb-block-image-0f827210\"><img loading=\"lazy\" decoding=\"async\" width=\"1456\" height=\"816\" class=\"gb-image gb-image-0f827210\" src=\"https:\/\/www.sisinternational.com\/wp-content\/uploads\/2025\/08\/Business-17.jpg\" alt=\"Investigaci\u00f3n y estrategia de mercado internacional de SIS\" title=\"Business (17)\" srcset=\"https:\/\/www.sisinternational.com\/wp-content\/uploads\/2025\/08\/Business-17.jpg 1456w, https:\/\/www.sisinternational.com\/wp-content\/uploads\/2025\/08\/Business-17-300x168.jpg 300w, https:\/\/www.sisinternational.com\/wp-content\/uploads\/2025\/08\/Business-17-1024x574.jpg 1024w, https:\/\/www.sisinternational.com\/wp-content\/uploads\/2025\/08\/Business-17-768x430.jpg 768w, https:\/\/www.sisinternational.com\/wp-content\/uploads\/2025\/08\/Business-17-18x10.jpg 18w\" sizes=\"auto, (max-width: 1456px) 100vw, 1456px\"><\/figure>\n\n\n\n<p><\/p>\n\n\n\n<p>What persuades <a href=\"https:\/\/www.sisinternational.com\/es\/resistencia-de-las-empresas-coronavirus\/\" title=\"Estudio de mercado de la resiliencia empresarial en Covid\"  data-wpil-monitor-id=\"3632\">business<\/a> leaders to share their insights and contribute to market research? At SIS, the answer lies in the use of incentives\u2014a nuanced strategy designed not just to attract, but to meaningfully engage with decision-makers. Let&#8217;s delve into the role of incentives in capturing the valuable time and attention of these pivotal players in the financial arena.<\/p>\n\n\n\n<p><strong>Comprender el valor del tiempo para los tomadores de decisiones:<\/strong> En SIS comenzamos con una pregunta fundamental: \u00bfCu\u00e1l es el valor del tiempo de quien toma decisiones? Al reconocer que estas personas a menudo se ven inundadas de solicitudes de atenci\u00f3n, SIS adapta los incentivos para que no s\u00f3lo sean atractivos sino tambi\u00e9n respetuosos con su tiempo. Ya sea acceso exclusivo a informes de la industria o remuneraci\u00f3n financiera directa, los incentivos se calibran cuidadosamente para reflejar la estatura y los intereses de los encuestados.<\/p>\n\n\n\n<p><strong>La psicolog\u00eda detr\u00e1s de los incentivos y su eficacia:<\/strong> Los incentivos funcionan seg\u00fan el principio de reciprocidad: un desencadenante psicol\u00f3gico que anima a las personas a responder cuando se les ofrece algo de valor. SIS emplea este principio y ofrece incentivos que no s\u00f3lo reconocen el valor de las ideas de quienes toman las decisiones, sino que tambi\u00e9n crean un sentido de asociaci\u00f3n y colaboraci\u00f3n.<\/p>\n\n\n\n<p><strong>Construya relaciones s\u00f3lidas:<\/strong> El enfoque de SIS respecto de los incentivos va m\u00e1s all\u00e1 de meras interacciones transaccionales; Fomenta una relaci\u00f3n con estos actores clave del sector financiero. Al alinear los incentivos con los valores personales y profesionales de los l\u00edderes empresariales, SIS garantiza una mayor tasa de participaci\u00f3n, enriqueciendo as\u00ed la calidad de los encuestados y los datos resultantes.<\/p>\n\n\n\n<p><strong>Libros blancos:<\/strong> Establishing <a class=\"wpil_keyword_link\" href=\"https:\/\/www.sisinternational.com\/es\/categoria\/liderazgo-intelectual\/\"   title=\"Liderazgo\" data-wpil-keyword-link=\"linked\"  data-wpil-monitor-id=\"650\">Liderazgo<\/a> and Engaging Decision-Makers: White papers are a cornerstone in the repertoire of strategies used by SIS to engage with business decision-makers. It addresses complex issues and presents a persuasive argument or solution. For SIS, these documents are not just reports; they are a platform to showcase deep expertise in financial services and to offer insights gleaned from qualitative and quantitative research.<\/p>\n\n\n\n<p><strong>El empleo estrat\u00e9gico de reclutadores senior con experiencia:<\/strong> SIS despliega a sus reclutadores senior experimentados para encontrar e interactuar con tomadores de decisiones empresariales de clase mundial. Estos individuos no son s\u00f3lo reclutadores; son los conductos a trav\u00e9s de los cuales fluye el pulso del conocimiento de la industria. Los reclutadores senior experimentados de SIS poseen un conocimiento profundo de la industria de servicios financieros. Su experiencia no consiste s\u00f3lo en identificar encuestados potenciales sino tambi\u00e9n en reconocer la calidad de los encuestados que ofrecer\u00e1n los conocimientos m\u00e1s valiosos para la investigaci\u00f3n cualitativa y cuantitativa.<\/p>\n\n\n\n<p>En conclusi\u00f3n, el uso estrat\u00e9gico de incentivos en SIS no es simplemente un enfoque transaccional, sino una puerta de entrada para forjar relaciones sustanciales con quienes toman las decisiones empresariales. Al valorar el tiempo y la experiencia de los encuestados a trav\u00e9s de incentivos cuidadosamente seleccionados, SIS no solo obtiene conocimientos pr\u00e1cticos de alta calidad, sino que tambi\u00e9n refuerza el respeto y el beneficio mutuo que sustentan estos compromisos cruciales.<\/p>","protected":false},"excerpt":{"rendered":"<p>A lo largo de cuatro d\u00e9cadas, SIS ha sido un participante activo e influyente en el \u00e1mbito en evoluci\u00f3n de la investigaci\u00f3n de mercado de decisiones comerciales.<\/p>","protected":false},"author":1,"featured_media":62796,"parent":14514,"menu_order":405,"comment_status":"closed","ping_status":"closed","template":"","meta":{"footnotes":""},"class_list":["post-44096","page","type-page","status-publish","has-post-thumbnail"],"_links":{"self":[{"href":"https:\/\/www.sisinternational.com\/es\/wp-json\/wp\/v2\/pages\/44096","targetHints":{"allow":["GET"]}}],"collection":[{"href":"https:\/\/www.sisinternational.com\/es\/wp-json\/wp\/v2\/pages"}],"about":[{"href":"https:\/\/www.sisinternational.com\/es\/wp-json\/wp\/v2\/types\/page"}],"author":[{"embeddable":true,"href":"https:\/\/www.sisinternational.com\/es\/wp-json\/wp\/v2\/users\/1"}],"replies":[{"embeddable":true,"href":"https:\/\/www.sisinternational.com\/es\/wp-json\/wp\/v2\/comments?post=44096"}],"version-history":[{"count":7,"href":"https:\/\/www.sisinternational.com\/es\/wp-json\/wp\/v2\/pages\/44096\/revisions"}],"predecessor-version":[{"id":78422,"href":"https:\/\/www.sisinternational.com\/es\/wp-json\/wp\/v2\/pages\/44096\/revisions\/78422"}],"up":[{"embeddable":true,"href":"https:\/\/www.sisinternational.com\/es\/wp-json\/wp\/v2\/pages\/14514"}],"wp:featuredmedia":[{"embeddable":true,"href":"https:\/\/www.sisinternational.com\/es\/wp-json\/wp\/v2\/media\/62796"}],"wp:attachment":[{"href":"https:\/\/www.sisinternational.com\/es\/wp-json\/wp\/v2\/media?parent=44096"}],"curies":[{"name":"wp","href":"https:\/\/api.w.org\/{rel}","templated":true}]}}