{"id":44081,"date":"2023-11-06T14:06:45","date_gmt":"2023-11-06T19:06:45","guid":{"rendered":"https:\/\/www.sisinternational.com\/?page_id=44081"},"modified":"2026-01-26T18:35:35","modified_gmt":"2026-01-26T23:35:35","slug":"investigacion-de-la-competencia","status":"publish","type":"page","link":"https:\/\/www.sisinternational.com\/es\/pericia\/investigacion-de-la-competencia\/","title":{"rendered":"Investigaci\u00f3n de la competencia"},"content":{"rendered":"<h1 class=\"wp-block-heading\">Investigaci\u00f3n de la competencia<\/h1>\n\n\n\n<figure class=\"gb-block-image gb-block-image-c0f3e8bf\"><img loading=\"lazy\" decoding=\"async\" width=\"1456\" height=\"816\" class=\"gb-image gb-image-c0f3e8bf\" src=\"https:\/\/www.sisinternational.com\/wp-content\/uploads\/2025\/10\/growth.png\" alt=\"Investigaci\u00f3n y estrategia de mercado internacional de SIS\" title=\"growth\" srcset=\"https:\/\/www.sisinternational.com\/wp-content\/uploads\/2025\/10\/growth.png 1456w, https:\/\/www.sisinternational.com\/wp-content\/uploads\/2025\/10\/growth-300x168.png 300w, https:\/\/www.sisinternational.com\/wp-content\/uploads\/2025\/10\/growth-1024x574.png 1024w, https:\/\/www.sisinternational.com\/wp-content\/uploads\/2025\/10\/growth-768x430.png 768w, https:\/\/www.sisinternational.com\/wp-content\/uploads\/2025\/10\/growth-18x10.png 18w\" sizes=\"auto, (max-width: 1456px) 100vw, 1456px\"><\/figure>\n\n\n\n<p><\/p>\n\n\n\n<p>\u00bfAlguna vez se ha preguntado por qu\u00e9 algunas empresas tienen una asombrosa capacidad para anticipar los cambios del mercado, lanzar productos oportunos o abordar los puntos d\u00e9biles de los clientes? La investigaci\u00f3n de la competencia suele ser la respuesta. Las estrategias comerciales m\u00e1s exitosas se basan en un profundo conocimiento de su audiencia, pero tambi\u00e9n de los movimientos de sus competidores directos e indirectos.<\/p>\n\n\n\n<h2 class=\"wp-block-heading\">\u00bfPor qu\u00e9 las empresas deber\u00edan invertir en investigaci\u00f3n de la competencia?<\/h2>\n\n\n\n<p>La investigaci\u00f3n de la competencia proporciona a las empresas una visi\u00f3n general completa del panorama del mercado. Ofrece una imagen clara de la situaci\u00f3n de la empresa en comparaci\u00f3n con sus competidores y arroja luz sobre las fortalezas y debilidades de los competidores. Este conocimiento ofrece a las empresas la ventaja \u00fanica de aprovechar las debilidades de la competencia y al mismo tiempo fortalecer sus ofertas frente a las fortalezas de la competencia.<\/p>\n\n\n\n<p>Por ejemplo, si un competidor tiene una marca s\u00f3lida pero carece de servicio al cliente, una empresa puede diferenciarse brindando un servicio al cliente excepcional.<\/p>\n\n\n\n<p>Furthermore, by understanding the strategies and tactics that competitors are employing, <a href=\"https:\/\/www.sisinternational.com\/es\/publicaciones\/investigacion-de-mercado-empresarial-escalable-7-formas-de-construir-un-negocio-escalable\/\" title=\"Investigaci\u00f3n de mercado empresarial escalable: 7 formas de construir un negocio escalable\"  data-wpil-monitor-id=\"8364\">businesses can anticipate market<\/a> shifts. When a key competitor launches a new <a href=\"https:\/\/www.sisinternational.com\/es\/pericia\/curriculums-de-experiencia\/estudio-de-mercado-de-productos-de-cuidado-personal\/\" title=\"Investigaci\u00f3n de mercado de productos de cuidado personal\"  data-wpil-monitor-id=\"8363\">product or enters a new market<\/a>, it&#8217;s often a signal of a larger trend or shift. Being aware of this allows businesses to pivot their strategies proactively.<\/p>\n\n\n\n<h2 class=\"wp-block-heading\">\u00bfCu\u00e1les son los beneficios de la investigaci\u00f3n de la competencia para las empresas?<\/h2>\n\n\n\n<p>Profundizar en la investigaci\u00f3n de la competencia puede parecer como abrir un tesoro de conocimientos para las empresas. Los beneficios obtenidos de este proceso pueden tener profundas implicaciones en la estrategia, la innovaci\u00f3n y el crecimiento, y he aqu\u00ed por qu\u00e9 todas las empresas deber\u00edan realizar investigaciones sobre la competencia:<\/p>\n\n\n\n<p><strong>Toma de decisiones basada en datos:<\/strong> Las decisiones respaldadas por datos y conocimientos suelen ser m\u00e1s precisas e impactantes. Cuando las empresas comprenden el panorama competitivo, pueden tomar decisiones proactivas en lugar de reactivas y pueden ayudarlas a anticipar cambios futuros en el mercado y prepararse en consecuencia.<\/p>\n\n\n\n<p><strong>Descubriendo oportunidades:<\/strong> <a href=\"https:\/\/www.sisinternational.com\/es\/pericia\/industrias\/toma-de-decisiones-empresariales-investigacion-de-mercado\/\" title=\"Investigaci\u00f3n de mercado para tomadores de decisiones empresariales\"  data-wpil-monitor-id=\"8362\">Research often leads businesses<\/a> to discover untapped market segments, new product ideas, or service enhancements that competitors might have missed.<\/p>\n\n\n\n<p><strong>Estrategias de marketing mejoradas:<\/strong> By understanding the marketing tactics that resonate with the audience (based on competitors&#8217; successful campaigns), businesses can <a href=\"https:\/\/www.sisinternational.com\/es\/el-papel-del-desarrollo-de-procesos-y-sistemas-en-el-exito-organizacional\/\" title=\"Investigaci\u00f3n de Mercado de Dise\u00f1o Organizacional\"  data-wpil-monitor-id=\"8360\">design more effective marketing strategies<\/a>. This means better ROI on marketing investments.<\/p>\n\n\n\n<p><strong>Evaluaci\u00f3n comparativa:<\/strong> Con la investigaci\u00f3n de la competencia, las empresas pueden establecer puntos de referencia para s\u00ed mismas. Esto podr\u00eda ser en t\u00e9rminos de caracter\u00edsticas del producto, calidad del servicio, efectividad del marketing o cualquier otra m\u00e9trica.<\/p>\n\n\n\n<p><strong>Eficiencia de costo:<\/strong> Instead of learning through trial and error, <a href=\"https:\/\/www.sisinternational.com\/es\/predictive-analytics\/\" title=\"Predictive Analytics: Your Crystal Ball for Business Success\"  data-wpil-monitor-id=\"8366\">businesses can look at competitors&#8217; successes<\/a> and failures. This not only accelerates learning but can also lead to more cost-efficient operations.<\/p>\n\n\n\n<p><strong>Gesti\u00f3n de riesgos:<\/strong> Recognizing competitive threats early on enables businesses to adapt and respond, thereby reducing potential risks to <a href=\"https:\/\/www.sisinternational.com\/es\/non-profit-market-research\/\" title=\"Investigaci\u00f3n de mercado sin fines de lucro\"  data-wpil-monitor-id=\"8365\">market share or profitability<\/a>.<\/p>\n\n\n\n<p><strong>Confianza de las partes interesadas:<\/strong> Demostrar conciencia del panorama competitivo puede infundir confianza en las partes interesadas, desde los inversores hasta los empleados, ya que muestra un enfoque proactivo y estrat\u00e9gico para la gesti\u00f3n empresarial.<\/p>\n\n\n\n<h2 class=\"wp-block-heading\">Oportunidades en la investigaci\u00f3n de competidores para empresas<\/h2>\n\n\n\n<p>La investigaci\u00f3n de la competencia proporciona una visi\u00f3n m\u00e1s clara de las oportunidades que las empresas pueden aprovechar para el crecimiento, la rentabilidad y la expansi\u00f3n. A continuaci\u00f3n se profundiza en las m\u00faltiples oportunidades que surgen del an\u00e1lisis de la competencia:<\/p>\n\n\n\n<p><strong>La diferenciaci\u00f3n del producto:<\/strong> Las empresas pueden identificar lagunas en las ofertas de la competencia y crear productos o servicios que llenen esos vac\u00edos. Esto no s\u00f3lo garantiza propuestas de valor \u00fanicas, sino que tambi\u00e9n puede exigir precios superiores.<\/p>\n\n\n\n<p><strong>Asociaciones estrat\u00e9gicas:<\/strong> Comprender a los competidores podr\u00eda revelar el potencial de asociaciones en lugar de competencia. A veces, colaborar puede ser m\u00e1s beneficioso que competir, lo que genera una mayor participaci\u00f3n de mercado para ambas partes.<\/p>\n\n\n\n<p><a href=\"https:\/\/www.sisinternational.com\/es\/segmentacion-de-empresa-a-empresa\/\" title=\"Segmentaci\u00f3n del mercado de empresa a empresa\"  data-wpil-monitor-id=\"8367\">Market Expansion: Identifying regions or segments<\/a> where competitors are underperforming can pave the way for businesses to expand into these untapped territories, capturing a fresh audience.<\/p>\n\n\n\n<p><strong>Refinamiento de la estrategia de precios:<\/strong> La investigaci\u00f3n de la competencia puede ofrecer informaci\u00f3n sobre las estrategias de precios adoptadas por los competidores. Este conocimiento permite a las empresas posicionar sus ofertas de manera m\u00e1s atractiva, ya sea a trav\u00e9s de precios competitivos, ofertas combinadas o servicios de valor agregado.<\/p>\n\n\n\n<p><strong>Adopci\u00f3n de tecnolog\u00eda:<\/strong> Reconocer las tecnolog\u00edas y herramientas que est\u00e1n aprovechando los competidores puede inspirar a las empresas a adoptar soluciones similares (o mejores), lo que lleva a una mejor eficiencia, experiencias de los clientes y operaciones.<\/p>\n\n\n\n<p><strong>Posicionamiento de marca:<\/strong> Al estudiar los mensajes de marca de los competidores y las percepciones de los clientes, las empresas pueden elaborar sus narrativas de manera m\u00e1s convincente, asegur\u00e1ndose de que resuenen con las aspiraciones, necesidades y valores del p\u00fablico objetivo.<\/p>\n\n\n\n<p><a href=\"https:\/\/www.sisinternational.com\/es\/soluciones\/consultoria-estrategica\/fusiones-y-adquisiciones-identificacion-de-objetivos\/\" title=\"Investigaci\u00f3n de Fusiones y Adquisiciones\"  data-wpil-monitor-id=\"6960\">Acquisition Targets: Competitor research<\/a> might reveal struggling competitors who could be potential acquisition targets. Acquiring such businesses can lead to rapid expansion, technology acquisition, or elimination of competition.<\/p>\n\n\n\n<p><strong>Catalizador de innovaci\u00f3n:<\/strong> Understanding what competitors are doing can spark innovation. Businesses can either improve upon competitors&#8217; ideas or find entirely new <a href=\"https:\/\/www.sisinternational.com\/es\/investigacion-de-mercado-de-casas-inteligentes\/\" title=\"Investigaci\u00f3n de mercado de hogares inteligentes\"  data-wpil-monitor-id=\"8361\">solutions to market<\/a> needs.<\/p>\n\n\n\n<p><strong>Campa\u00f1as de marketing personalizadas:<\/strong> Al observar qu\u00e9 campa\u00f1as de marketing de la competencia tienen \u00e9xito y cu\u00e1les no, las empresas pueden adaptar sus estrategias de marketing para que tengan m\u00e1s impacto, garantizando un mejor compromiso y conversi\u00f3n.<\/p>\n\n\n\n<h2 class=\"wp-block-heading\">Desaf\u00edos de la investigaci\u00f3n de la competencia para las empresas<\/h2>\n\n\n\n<p>Si bien la investigaci\u00f3n de la competencia proporciona a las empresas conocimientos y oportunidades integrales, presenta varios desaf\u00edos que las empresas deben superar, y estos son algunos de los posibles obst\u00e1culos que las empresas podr\u00edan enfrentar al sumergirse en el an\u00e1lisis de la competencia:<\/p>\n\n\n\n<p><strong>Condiciones din\u00e1micas del mercado:<\/strong> Los mercados est\u00e1n en constante evoluci\u00f3n, con nuevos actores entrando en escena y los existentes cambiando sus estrategias. Esto significa que la investigaci\u00f3n de la competencia debe ser continua y las empresas deben estar preparadas para adaptarse r\u00e1pidamente a panoramas cambiantes.<\/p>\n\n\n\n<p><strong>Acceso a datos aut\u00e9nticos:<\/strong> Los datos fiables son la columna vertebral de una investigaci\u00f3n eficaz de la competencia. Sin embargo, obtener informaci\u00f3n precisa y actualizada sobre los competidores (especialmente si son entidades privadas) puede ser un desaf\u00edo.<\/p>\n\n\n\n<p><strong>Riesgo de copia:<\/strong> Existe una delgada l\u00ednea entre inspirarse en los competidores y copiarlos directamente. Las empresas deben asegurarse de que, si bien aprenden de la competencia, tambi\u00e9n innovan y conservan su propuesta de valor \u00fanica.<\/p>\n\n\n\n<p><strong>Preocupaciones legales y \u00e9ticas:<\/strong> Algunos m\u00e9todos de recopilaci\u00f3n de informaci\u00f3n sobre los competidores pueden rozar lo poco \u00e9tico o incluso lo ilegal. Las empresas deben asegurarse de estar siempre del lado correcto de la ley y mantener est\u00e1ndares \u00e9ticos.<\/p>\n\n\n\n<p><strong>\u00c9nfasis excesivo en la competencia:<\/strong> Si bien es vital comprender lo que hacen los competidores, existe el riesgo de centrarse demasiado en ellos. Las empresas deben recordar mantener a sus clientes en el centro de sus estrategias.<\/p>\n\n\n\n<p><strong>Mantener la confidencialidad:<\/strong> Al realizar investigaciones sobre la competencia, las empresas pueden recopilar informaci\u00f3n confidencial. Es fundamental manejar estos datos de manera responsable, manteniendo la confidencialidad y garantizando que no se utilicen indebidamente.<\/p>\n\n\n\n<p><strong>Complejidad del an\u00e1lisis:<\/strong> Tener datos sin procesar es una cosa; obtener conocimientos pr\u00e1cticos es otra. La gran cantidad de datos puede ser abrumadora y requiere herramientas y experiencia adecuadas para filtrar el ruido, identificar patrones y sacar conclusiones significativas.<\/p>","protected":false},"excerpt":{"rendered":"<p>La investigaci\u00f3n de la competencia proporciona una visi\u00f3n general completa del panorama del mercado y arroja luz sobre las fortalezas y debilidades de los competidores.<\/p>","protected":false},"author":1,"featured_media":71170,"parent":14514,"menu_order":402,"comment_status":"closed","ping_status":"closed","template":"","meta":{"footnotes":""},"class_list":["post-44081","page","type-page","status-publish","has-post-thumbnail"],"_links":{"self":[{"href":"https:\/\/www.sisinternational.com\/es\/wp-json\/wp\/v2\/pages\/44081","targetHints":{"allow":["GET"]}}],"collection":[{"href":"https:\/\/www.sisinternational.com\/es\/wp-json\/wp\/v2\/pages"}],"about":[{"href":"https:\/\/www.sisinternational.com\/es\/wp-json\/wp\/v2\/types\/page"}],"author":[{"embeddable":true,"href":"https:\/\/www.sisinternational.com\/es\/wp-json\/wp\/v2\/users\/1"}],"replies":[{"embeddable":true,"href":"https:\/\/www.sisinternational.com\/es\/wp-json\/wp\/v2\/comments?post=44081"}],"version-history":[{"count":6,"href":"https:\/\/www.sisinternational.com\/es\/wp-json\/wp\/v2\/pages\/44081\/revisions"}],"predecessor-version":[{"id":81401,"href":"https:\/\/www.sisinternational.com\/es\/wp-json\/wp\/v2\/pages\/44081\/revisions\/81401"}],"up":[{"embeddable":true,"href":"https:\/\/www.sisinternational.com\/es\/wp-json\/wp\/v2\/pages\/14514"}],"wp:featuredmedia":[{"embeddable":true,"href":"https:\/\/www.sisinternational.com\/es\/wp-json\/wp\/v2\/media\/71170"}],"wp:attachment":[{"href":"https:\/\/www.sisinternational.com\/es\/wp-json\/wp\/v2\/media?parent=44081"}],"curies":[{"name":"wp","href":"https:\/\/api.w.org\/{rel}","templated":true}]}}