{"id":44068,"date":"2023-11-06T12:37:14","date_gmt":"2023-11-06T17:37:14","guid":{"rendered":"https:\/\/www.sisinternational.com\/?page_id=44068"},"modified":"2026-03-15T23:59:31","modified_gmt":"2026-03-16T03:59:31","slug":"empresa-de-investigacion-de-mercado-comunitaria-en-linea-b2b","status":"publish","type":"page","link":"https:\/\/www.sisinternational.com\/es\/b2b-market-research-page\/empresa-de-investigacion-de-mercado-comunitaria-en-linea-b2b\/","title":{"rendered":"Empresa de estudios de mercado de comunidades en l\u00ednea B2B"},"content":{"rendered":"<h1 class=\"wp-block-heading\">Empresa de estudios de mercado de comunidades en l\u00ednea B2B<\/h1>\n\n\n\n<figure class=\"gb-block-image gb-block-image-37bfe496\"><img loading=\"lazy\" decoding=\"async\" width=\"1456\" height=\"816\" class=\"gb-image gb-image-37bfe496\" src=\"https:\/\/www.sisinternational.com\/wp-content\/uploads\/2025\/08\/Online-focus-group-3-1.jpg\" alt=\"Investigaci\u00f3n y estrategia de mercado internacional de SIS\" title=\"Online focus group (3)\" srcset=\"https:\/\/www.sisinternational.com\/wp-content\/uploads\/2025\/08\/Online-focus-group-3-1.jpg 1456w, https:\/\/www.sisinternational.com\/wp-content\/uploads\/2025\/08\/Online-focus-group-3-1-300x168.jpg 300w, https:\/\/www.sisinternational.com\/wp-content\/uploads\/2025\/08\/Online-focus-group-3-1-1024x574.jpg 1024w, https:\/\/www.sisinternational.com\/wp-content\/uploads\/2025\/08\/Online-focus-group-3-1-768x430.jpg 768w, https:\/\/www.sisinternational.com\/wp-content\/uploads\/2025\/08\/Online-focus-group-3-1-18x10.jpg 18w\" sizes=\"auto, (max-width: 1456px) 100vw, 1456px\"><\/figure>\n\n\n\n<p><\/p>\n\n\n\n<p>What can drive a company to the forefront of its industry, making sure it understands the complex dynamics of its marketplace as well as the needs of its customers? The answer lies in capitalizing on the opinions and engagement of an entire community. Yet, how do organizations effectively leverage this resource? They utilize the services of a <a title=\"La mejor empresa de investigaci\u00f3n de mercados B2B\" href=\"https:\/\/www.sisinternational.com\/es\/la-mejor-empresa-de-investigacion-de-mercados-b2b\/\" data-wpil-monitor-id=\"1665\">B2B online community market research company<\/a>.<\/p>\n\n\n\n<h2 class=\"wp-block-heading\">Comprender el papel de una empresa de investigaci\u00f3n de mercado comunitaria en l\u00ednea B2B<\/h2>\n\n\n\n<p>One of the foremost reasons to hire such a company is its capability to delve deep into real-world insights. Traditional market research can often feel detached. However, a <a title=\"Empresa de estudios de mercado con paneles en l\u00ednea B2B\" href=\"https:\/\/www.sisinternational.com\/es\/soluciones\/top-b2b-online-panel-market-research-company\/\" data-wpil-monitor-id=\"2370\">B2B online community market research company<\/a> promotes active engagement. This means instead of merely collecting data, they foster conversations that provide qualitative insights.<\/p>\n\n\n\n<p>Con las comunidades en l\u00ednea, la retroalimentaci\u00f3n no es un evento \u00fanico. Es un flujo continuo que proporciona reacciones en tiempo real a los cambios del mercado, lanzamientos de productos o cambios en la industria. Este dinamismo puede ser fundamental para que las empresas del sector B2B giren o adapten sus estrategias r\u00e1pidamente.<\/p>\n\n\n\n<p>Moreover, with the constantly evolving business landscape, relying solely on traditional market research techniques might leave gaps in understanding. A B2B <a title=\"Investigaci\u00f3n de mercado de aplicaciones de citas online\" href=\"https:\/\/www.sisinternational.com\/es\/pericia\/industrias\/investigacion-de-mercado-de-aplicaciones-de-citas-online\/\" data-wpil-monitor-id=\"5940\">online community market research<\/a> company, bridges these gaps, ensuring businesses are not just informed but deeply connected to their market pulse.<\/p>\n\n\n\n<p>En cualquier caso, la colaboraci\u00f3n aporta muchos otros beneficios para las empresas como:<\/p>\n\n\n\n<p><strong>Investigaci\u00f3n a medida:<\/strong> Unlike generic market research, a B2B online community <a title=\"Empresa de investigaci\u00f3n de mercado en Atlanta\" href=\"https:\/\/www.sisinternational.com\/es\/cobertura\/las-americas\/cobertura-de-estados-unidos\/empresa-de-investigacion-de-mercado-atlanta\/\" data-wpil-monitor-id=\"6412\">market research company<\/a> can custom-tailor its research approach to fit the unique needs and questions of a business. This ensures more relevant and actionable findings.<\/p>\n\n\n\n<p><strong>Rentable:<\/strong> Los m\u00e9todos tradicionales de investigaci\u00f3n de mercado, como los grupos focales o las entrevistas cara a cara, pueden consumir muchos recursos. Con las herramientas y plataformas digitales utilizadas por una empresa de investigaci\u00f3n de mercado, las empresas pueden recopilar informaci\u00f3n de manera m\u00e1s eficiente y a un costo reducido.<\/p>\n\n\n\n<p><strong>Tiempo de respuesta m\u00e1s r\u00e1pido:<\/strong> El tiempo es esencial en el acelerado mundo empresarial actual. Estas empresas, al aprovechar el poder de las comunidades en l\u00ednea, pueden ofrecer resultados m\u00e1s r\u00e1pido que los m\u00e9todos convencionales, lo que permite a las empresas actuar con prontitud.<\/p>\n\n\n\n<p><strong>Fidelizaci\u00f3n:<\/strong> Involucrarse con una comunidad, especialmente para empresas B2B, puede fomentar la lealtad. Cuando los clientes o clientes potenciales se sienten escuchados e involucrados, mejora su conexi\u00f3n con la marca, lo que conduce a relaciones a m\u00e1s largo plazo.<\/p>\n\n\n\n<p><strong>Previsi\u00f3n de tendencias:<\/strong> The collective knowledge and experience of a community can be a crystal ball, predicting upcoming industry trends or shifts. With the expertise of a <a title=\"\u00bfQu\u00e9 es el marketing B2B?\" href=\"https:\/\/www.sisinternational.com\/es\/complejidades-del-marketing-b2b-2\/\" data-wpil-monitor-id=\"7324\">B2B online community market<\/a> research company, businesses can be ahead of the curve, preparing for market changes before they become mainstream.<\/p>\n\n\n\n<h2 class=\"wp-block-heading\">Oportunidades para empresas al contratar una empresa de investigaci\u00f3n de mercado comunitaria B2B en l\u00ednea<\/h2>\n\n\n\n<p>En el panorama empresarial, la introducci\u00f3n de comunidades en l\u00ednea ha abierto varias oportunidades, especialmente con la ayuda de una empresa de investigaci\u00f3n de mercado. Profundicemos en las posibles v\u00edas que estas empresas aportan:<\/p>\n\n\n\n<p><strong>Compromiso directo con los tomadores de decisiones:<\/strong> Los sectores B2B suelen tener ciclos de ventas m\u00e1s largos y dependen en gran medida del establecimiento de confianza y relaciones. A trav\u00e9s de comunidades en l\u00ednea, las empresas pueden interactuar directamente con los tomadores de decisiones, entendiendo sus necesidades y desaf\u00edos de primera mano.<\/p>\n\n\n\n<p><strong>Bucle de retroalimentaci\u00f3n:<\/strong> El proceso iterativo de desarrollo de productos o servicios se simplifica. Con una comunidad activa, las empresas pueden recopilar comentarios r\u00e1pidamente y realizar las modificaciones necesarias.<\/p>\n\n\n\n<p><strong>An\u00e1lisis competitivo:<\/strong> Las comunidades suelen estar compuestas por miembros que han interactuado con m\u00faltiples marcas o soluciones. Esto presenta una oportunidad para que las empresas obtengan informaci\u00f3n sobre las ofertas y el posicionamiento de la competencia.<\/p>\n\n\n\n<p><strong>Desarrollo de productos innovadores:<\/strong> M\u00e1s all\u00e1 de la simple retroalimentaci\u00f3n, estas comunidades pueden ser incubadoras de ideas innovadoras. Involucrarse con ellos puede conducir a la creaci\u00f3n conjunta de productos o soluciones, con conocimientos y sugerencias provenientes directamente de los usuarios.<\/p>\n\n\n\n<p><strong>Redes en expansi\u00f3n:<\/strong> Involucrarse con una comunidad en l\u00ednea puede generar presentaciones y colaboraciones con otras empresas, proveedores o personas influyentes de la industria. Esta expansi\u00f3n de la red, facilitada por la empresa de investigaci\u00f3n de mercado, puede ser una mina de oro de oportunidades de crecimiento.<\/p>\n\n\n\n<h2 class=\"wp-block-heading\">Desaf\u00edos al realizar una investigaci\u00f3n<\/h2>\n\n\n\n<p>Si bien las oportunidades son enormes, ser\u00eda ingenuo suponer que no existen desaf\u00edos al asociarse con una empresa de investigaci\u00f3n de mercado comunitaria en l\u00ednea B2B. Al igual que cualquier otro esfuerzo, es esencial ser consciente de sus posibles obst\u00e1culos para superarlos de forma eficaz:<\/p>\n\n\n\n<p><strong>Gesti\u00f3n comunitaria:<\/strong> Crear una comunidad no es suficiente; necesita cuidado y gesti\u00f3n constantes. Una empresa de investigaci\u00f3n de mercado podr\u00eda proporcionar la plataforma y las herramientas, pero la empresa necesita invertir tiempo y recursos para interactuar con la comunidad, garantizando una participaci\u00f3n sana y activa.<\/p>\n\n\n\n<p><strong>Desaf\u00edos de moderaci\u00f3n:<\/strong> Como ocurre con cualquier plataforma en l\u00ednea, siempre existe el riesgo de recibir comentarios negativos, trolls o informaci\u00f3n err\u00f3nea. La empresa de investigaci\u00f3n de mercado comunitaria B2B en l\u00ednea desempe\u00f1ar\u00e1 un papel fundamental a la hora de moderar estos desaf\u00edos, pero sigue siendo una preocupaci\u00f3n importante para las empresas.<\/p>\n\n\n\n<p><strong>Sesgo y representatividad:<\/strong> Often, the most vocal members of a community don&#8217;t necessarily represent the majority opinion. This can lead to skewed insights if not checked. The <a title=\"Cuadro de mando integral Estudios de mercado\" href=\"https:\/\/www.sisinternational.com\/es\/soluciones\/estudio-de-mercado-cuadro-de-mando-integral\/\" data-wpil-monitor-id=\"2247\">market research company must ensure a balanced<\/a> representation of the feedback they gather and analyze.<\/p>\n\n\n\n<p><strong>Preocupaciones de confidencialidad:<\/strong> Engaging with communities might sometimes necessitate sharing or discussing confidential information. This can be a concern for businesses, especially when it involves new product launches or company strategies. The <a title=\"Investigaci\u00f3n de mercado de seguridad\" href=\"https:\/\/www.sisinternational.com\/es\/pericia\/industrias\/investigacion-de-mercado-de-seguridad\/\" data-wpil-monitor-id=\"6535\">market research company must provide robust security<\/a> and confidentiality measures.<\/p>\n\n\n\n<h2 class=\"wp-block-heading\">Empresa de investigaci\u00f3n de mercado comunitaria en l\u00ednea B2B y sus perspectivas<\/h2>\n\n\n\n<p>The future looks promising for businesses seeking to leverage the capabilities of a <a title=\"Investigaci\u00f3n de mercado del d\u00eda de San Valent\u00edn: c\u00f3mo su empresa puede sentir el amor\" href=\"https:\/\/www.sisinternational.com\/es\/dia-de-san-valentin-como-tu-empresa-puede-sentir-el-amor\/\" data-wpil-monitor-id=\"7384\">B2B online community market<\/a> research company. As digital transformation extends across industries and online communities continue to gain traction, these research firms offer a prime seat to watch the evolving market dynamics. Here&#8217;s a glimpse into the future prospects:<\/p>\n\n\n\n<p><strong>Estrategias hiperpersonalizadas:<\/strong> Con los conocimientos obtenidos de las comunidades en l\u00ednea, las empresas estar\u00e1n mejor posicionadas para dise\u00f1ar estrategias hiperpersonalizadas. Una empresa de investigaci\u00f3n de mercado comunitaria en l\u00ednea B2B puede facilitar la recopilaci\u00f3n de puntos de datos matizados, ayudando a las empresas a comprender las preferencias individuales y los puntos d\u00e9biles.<\/p>\n\n\n\n<p><strong>An\u00e1lisis predictivo:<\/strong> The combination of AI and data collected from online communities can pave the way for predictive analytics. Partnering with a forward-thinking <a title=\"B2B Go-to-Market Strategy\" href=\"https:\/\/www.sisinternational.com\/es\/b2b-go-to-market-strategy\/\" data-wpil-monitor-id=\"799\">B2B online community market research company<\/a> will allow businesses to foresee market shifts and adapt their strategies proactively.<\/p>\n\n\n\n<p><strong>Surgimiento de comunidades de nicho:<\/strong> A medida que el mercado se segmente m\u00e1s, surgir\u00e1n comunidades especializadas en l\u00ednea. Esto significa que una empresa de investigaci\u00f3n de mercado ser\u00e1 fundamental para ayudar a las empresas a aprovechar estas microcomunidades para obtener informaci\u00f3n espec\u00edfica.<\/p>\n\n\n\n<p><strong>Evoluci\u00f3n de las Plataformas Comunitarias:<\/strong> Con los avances tecnol\u00f3gicos, las plataformas que albergan estas comunidades en l\u00ednea evolucionar\u00e1n y se volver\u00e1n m\u00e1s interactivas, inmersivas e intuitivas. Ser\u00e1 responsabilidad de la empresa de investigaci\u00f3n de mercados mantenerse al tanto de estos cambios y adaptar sus metodolog\u00edas en consecuencia.<\/p>\n\n\n\n<p><\/p>","protected":false},"excerpt":{"rendered":"<p>Una empresa de estudios de mercado de comunidades en l\u00ednea B2B recopila datos y fomenta conversaciones para proporcionar informaci\u00f3n cualitativa.<\/p>","protected":false},"author":1,"featured_media":63009,"parent":84360,"menu_order":23,"comment_status":"closed","ping_status":"closed","template":"","meta":{"footnotes":""},"class_list":["post-44068","page","type-page","status-publish","has-post-thumbnail"],"_links":{"self":[{"href":"https:\/\/www.sisinternational.com\/es\/wp-json\/wp\/v2\/pages\/44068","targetHints":{"allow":["GET"]}}],"collection":[{"href":"https:\/\/www.sisinternational.com\/es\/wp-json\/wp\/v2\/pages"}],"about":[{"href":"https:\/\/www.sisinternational.com\/es\/wp-json\/wp\/v2\/types\/page"}],"author":[{"embeddable":true,"href":"https:\/\/www.sisinternational.com\/es\/wp-json\/wp\/v2\/users\/1"}],"replies":[{"embeddable":true,"href":"https:\/\/www.sisinternational.com\/es\/wp-json\/wp\/v2\/comments?post=44068"}],"version-history":[{"count":11,"href":"https:\/\/www.sisinternational.com\/es\/wp-json\/wp\/v2\/pages\/44068\/revisions"}],"predecessor-version":[{"id":84644,"href":"https:\/\/www.sisinternational.com\/es\/wp-json\/wp\/v2\/pages\/44068\/revisions\/84644"}],"up":[{"embeddable":true,"href":"https:\/\/www.sisinternational.com\/es\/wp-json\/wp\/v2\/pages\/84360"}],"wp:featuredmedia":[{"embeddable":true,"href":"https:\/\/www.sisinternational.com\/es\/wp-json\/wp\/v2\/media\/63009"}],"wp:attachment":[{"href":"https:\/\/www.sisinternational.com\/es\/wp-json\/wp\/v2\/media?parent=44068"}],"curies":[{"name":"wp","href":"https:\/\/api.w.org\/{rel}","templated":true}]}}