{"id":43808,"date":"2023-10-11T11:22:35","date_gmt":"2023-10-11T15:22:35","guid":{"rendered":"https:\/\/www.sisinternational.com\/?page_id=43808"},"modified":"2026-01-26T19:01:47","modified_gmt":"2026-01-27T00:01:47","slug":"investigacion-de-mercado-de-experiencia-del-cliente-en-restaurantes","status":"publish","type":"page","link":"https:\/\/www.sisinternational.com\/es\/pericia\/investigacion-de-mercado-de-experiencia-del-cliente-en-restaurantes\/","title":{"rendered":"Investigaci\u00f3n de mercado de experiencia del cliente en restaurantes"},"content":{"rendered":"<h1 class=\"wp-block-heading\">Investigaci\u00f3n de mercado de experiencia del cliente en restaurantes<\/h1>\n\n\n\n<figure class=\"gb-block-image gb-block-image-b00fd56c\"><img loading=\"lazy\" decoding=\"async\" width=\"1456\" height=\"816\" class=\"gb-image gb-image-b00fd56c\" src=\"https:\/\/www.sisinternational.com\/wp-content\/uploads\/2025\/10\/Hotel-restaurant-1.jpg\" alt=\"Investigaci\u00f3n y estrategia de mercado internacional de SIS\" title=\"Hotel restaurant (1)\" srcset=\"https:\/\/www.sisinternational.com\/wp-content\/uploads\/2025\/10\/Hotel-restaurant-1.jpg 1456w, https:\/\/www.sisinternational.com\/wp-content\/uploads\/2025\/10\/Hotel-restaurant-1-300x168.jpg 300w, https:\/\/www.sisinternational.com\/wp-content\/uploads\/2025\/10\/Hotel-restaurant-1-1024x574.jpg 1024w, https:\/\/www.sisinternational.com\/wp-content\/uploads\/2025\/10\/Hotel-restaurant-1-768x430.jpg 768w, https:\/\/www.sisinternational.com\/wp-content\/uploads\/2025\/10\/Hotel-restaurant-1-18x10.jpg 18w\" sizes=\"auto, (max-width: 1456px) 100vw, 1456px\"><\/figure>\n\n\n\n<p><\/p>\n\n\n\n<p>\u00bfAlguna vez te has preguntado qu\u00e9 es lo que realmente permanece en la mente de un comensal despu\u00e9s de salir de un restaurante? La investigaci\u00f3n de mercado de la experiencia del cliente en restaurantes desempe\u00f1a un papel fundamental para ayudar a las empresas a obtener informaci\u00f3n valiosa sobre las preferencias, expectativas y niveles de satisfacci\u00f3n de los clientes.<\/p>\n\n\n\n<p>By conducting in-depth market research, restaurants can identify areas for improvement, make informed business decisions, and ultimately enhance customer loyalty. Thus, <a href=\"https:\/\/www.sisinternational.com\/es\/pericia\/industrias\/estudio-de-mercado-de-restaurantes-chinos\/\" title=\"Investigaci\u00f3n de mercado de restaurantes chinos\"  data-wpil-monitor-id=\"3791\">Investigaci\u00f3n de mercado de experiencia del cliente en restaurantes.<\/a> is an essential tool for businesses in this industry that expects to thrive or an emerging restaurant that needs to keep up with the ever-changing nature of this sector.<\/p>\n\n\n\n<h2 class=\"wp-block-heading\">\u00bfQu\u00e9 es la investigaci\u00f3n de mercado de Experiencia del cliente en restaurantes?<\/h2>\n\n\n\n<p><a href=\"https:\/\/www.sisinternational.com\/es\/pericia\/industrias\/investigacion-de-mercado-de-restaurantes-informales-y-rapidos\/\" title=\"Investigaci\u00f3n de mercado de restaurantes informales r\u00e1pidos\"  data-wpil-monitor-id=\"5923\">Restaurant customer experience market research<\/a> collects and analyzes data into customers&#8217; perceptions, preferences, and behaviors. It encompasses various research methodologies such as surveys, interviews, focus groups, and observational studies to gather information directly from customers. The final goal is to understand the entire customer journey, from initial contact with the restaurant to the post-dining experience.<\/p>\n\n\n\n<h2 class=\"wp-block-heading\">Importancia de la investigaci\u00f3n de mercado de la experiencia del cliente en restaurantes<\/h2>\n\n\n\n<p>Restaurant customer <a href=\"https:\/\/www.sisinternational.com\/es\/pericia\/curriculums-de-experiencia\/curriculum-de-experiencia-en-estudios-de-etnografia\/\" title=\"Experiencia en investigaci\u00f3n de mercado en etnograf\u00eda.\"  data-wpil-monitor-id=\"6347\">experience market research<\/a> is critical for businesses operating in the industry \u2013 and here are several key reasons why it should be a top priority:<\/p>\n\n\n\n<ul class=\"wp-block-list\">\n<li><strong>Mejorar la satisfacci\u00f3n del cliente:<\/strong> Comprender las preferencias y expectativas de los clientes es esencial para ofrecer una experiencia gastron\u00f3mica satisfactoria. La investigaci\u00f3n de mercado ayuda a los restaurantes a identificar puntos d\u00e9biles y \u00e1reas en las que los clientes pueden estar insatisfechos. Al abordar estos problemas, los restaurantes pueden mejorar la satisfacci\u00f3n del cliente, lo que genera negocios repetidos y un boca a boca positivo.<\/li>\n\n\n\n<li><strong>Identificaci\u00f3n de ventaja competitiva:<\/strong> La investigaci\u00f3n de mercado permite a los restaurantes identificar sus puntos de venta \u00fanicos y capitalizarlos. Al comprender lo que los distingue, los restaurantes pueden crear estrategias de marketing espec\u00edficas y desarrollar ofertas que resuenen con su p\u00fablico objetivo.<\/li>\n\n\n\n<li><strong>Mejora de la eficiencia operativa:<\/strong> La investigaci\u00f3n de mercado puede descubrir \u00e1reas donde la eficiencia operativa tiene cierto margen de mejora. Por ejemplo, al analizar los comentarios de los clientes, los restaurantes pueden identificar cuellos de botella en la prestaci\u00f3n de servicios y optimizar los procesos para mejorar la eficiencia. Esto puede dar como resultado un servicio m\u00e1s r\u00e1pido, tiempos de espera reducidos y una experiencia gastron\u00f3mica m\u00e1s fluida en general.<\/li>\n\n\n\n<li><strong>Fidelizar al cliente:<\/strong> Una experiencia positiva del cliente es clave para fidelizarlo. La investigaci\u00f3n de mercado ayuda a los restaurantes a identificar qu\u00e9 impulsa la lealtad y satisfacci\u00f3n del cliente. Al cumplir constantemente con estos factores, los restaurantes pueden fomentar relaciones a largo plazo con los clientes, aumentando la probabilidad de visitas repetidas y recomendaciones positivas.<\/li>\n<\/ul>\n\n\n\n<h2 class=\"wp-block-heading\">Oportunidades en la investigaci\u00f3n de mercado de la experiencia del cliente en restaurantes para empresas<\/h2>\n\n\n\n<figure class=\"gb-block-image gb-block-image-fef5a67f\"><img loading=\"lazy\" decoding=\"async\" width=\"1456\" height=\"816\" class=\"gb-image gb-image-fef5a67f\" src=\"https:\/\/www.sisinternational.com\/wp-content\/uploads\/2025\/08\/Chinese-restaurant-1.jpg\" alt=\"Investigaci\u00f3n y estrategia de mercado internacional de SIS\" title=\"Chinese restaurant (1)\" srcset=\"https:\/\/www.sisinternational.com\/wp-content\/uploads\/2025\/08\/Chinese-restaurant-1.jpg 1456w, https:\/\/www.sisinternational.com\/wp-content\/uploads\/2025\/08\/Chinese-restaurant-1-300x168.jpg 300w, https:\/\/www.sisinternational.com\/wp-content\/uploads\/2025\/08\/Chinese-restaurant-1-1024x574.jpg 1024w, https:\/\/www.sisinternational.com\/wp-content\/uploads\/2025\/08\/Chinese-restaurant-1-768x430.jpg 768w, https:\/\/www.sisinternational.com\/wp-content\/uploads\/2025\/08\/Chinese-restaurant-1-18x10.jpg 18w\" sizes=\"auto, (max-width: 1456px) 100vw, 1456px\"><\/figure>\n\n\n\n<p><\/p>\n\n\n\n<p>La investigaci\u00f3n de mercado de la experiencia del cliente en restaurantes presenta varias oportunidades para que las empresas obtengan una ventaja competitiva e impulsen el crecimiento. Aqu\u00ed hay algunas oportunidades clave:<\/p>\n\n\n\n<ul class=\"wp-block-list\">\n<li><strong>Personalizaci\u00f3n:<\/strong> La investigaci\u00f3n de mercado permite a los restaurantes recopilar datos sobre las preferencias individuales de los clientes y adaptar las experiencias en consecuencia. Al aprovechar los conocimientos de los clientes, los restaurantes pueden ofrecer recomendaciones de men\u00fas personalizados, promociones personalizadas y mensajes de marketing espec\u00edficos. Este nivel de personalizaci\u00f3n mejora la experiencia gastron\u00f3mica general y aumenta la satisfacci\u00f3n del cliente.<\/li>\n\n\n\n<li><strong>Integraci\u00f3n de tecnolog\u00eda:<\/strong> Los avances en tecnolog\u00eda han abierto nuevas v\u00edas para recopilar comentarios de los clientes. Los restaurantes pueden aprovechar herramientas digitales como aplicaciones m\u00f3viles, encuestas en l\u00ednea y escucha en las redes sociales para recopilar comentarios en tiempo real. La integraci\u00f3n de la tecnolog\u00eda en los esfuerzos de investigaci\u00f3n de mercado permite una recopilaci\u00f3n, un an\u00e1lisis y una respuesta de datos m\u00e1s r\u00e1pidos, lo que conduce a mejoras m\u00e1s oportunas en la experiencia del cliente.<\/li>\n\n\n\n<li><strong>Colaboraci\u00f3n con los clientes:<\/strong> Involucrar a los clientes directamente en el proceso de investigaci\u00f3n puede proporcionar informaci\u00f3n valiosa. Los restaurantes pueden involucrar a los clientes en grupos focales o paneles asesores para recopilar comentarios detallados e ideas para mejorar. Este enfoque colaborativo no s\u00f3lo fortalece la relaci\u00f3n entre el restaurante y sus clientes sino que tambi\u00e9n fomenta un sentido de propiedad y lealtad.<\/li>\n<\/ul>\n\n\n\n<h2 class=\"wp-block-heading\">Desaf\u00edos en la investigaci\u00f3n de mercado de la experiencia del cliente en restaurantes<\/h2>\n\n\n\n<p>Restaurant customer experience market research is essential for understanding diners&#8217; preferences, needs, and overall dining experiences. However, conducting effective research is not without its challenges. Let&#8217;s analyze the main hurdles businesses may encounter when undertaking <a href=\"https:\/\/www.sisinternational.com\/es\/cobertura\/las-americas\/cobertura-de-estados-unidos\/investigacion-de-mercado-en-maine\/\" title=\"Investigaci\u00f3n de mercado en Maine\"  data-wpil-monitor-id=\"5409\">Investigaci\u00f3n de mercado de experiencia del cliente en restaurantes.<\/a>:<\/p>\n\n\n\n<ul class=\"wp-block-list\">\n<li><strong>Tasas de respuesta bajas:<\/strong> Obtener altas tasas de respuesta a encuestas o formularios de comentarios puede ser un desaf\u00edo importante. Los comensales, a menudo concentrados en la experiencia o presionados por el tiempo, pueden descuidar u olvidarse de brindar comentarios.<\/li>\n\n\n\n<li><strong>Sesgo en las respuestas:<\/strong> Al igual que en otras industrias, aquellas con fuertes sentimientos positivos o negativos podr\u00edan tener m\u00e1s probabilidades de responder. Esto puede provocar una posible distorsi\u00f3n en los datos, que no siempre reflejan la experiencia del comensal promedio.<\/li>\n\n\n\n<li><strong>Complejidad del an\u00e1lisis de datos:<\/strong> Los datos cuantitativos pueden proporcionar retroalimentaci\u00f3n estructurada. Pero la retroalimentaci\u00f3n cualitativa puede ser dif\u00edcil de descifrar y analizar, y requiere experiencia y comprensi\u00f3n matizada.<\/li>\n\n\n\n<li><strong>Defectos del dise\u00f1o de la encuesta:<\/strong> Elaborar preguntas imparciales, claras y atractivas que capturen la esencia de la experiencia gastron\u00f3mica es un arte. Las encuestas mal dise\u00f1adas pueden arrojar datos irrelevantes o enga\u00f1osos.<\/li>\n\n\n\n<li><strong>Dependencia excesiva de las rese\u00f1as en l\u00ednea:<\/strong> Si bien las plataformas en l\u00ednea como Yelp o TripAdvisor ofrecen un tesoro de comentarios, confiar demasiado en estas plataformas puede dar una perspectiva sesgada, ya que es posible que no siempre representen a la base de clientes m\u00e1s amplia.<\/li>\n<\/ul>\n\n\n\n<h2 class=\"wp-block-heading\">Perspectivas de la investigaci\u00f3n de mercado sobre la experiencia del cliente hotelero<\/h2>\n\n\n\n<figure class=\"gb-block-image gb-block-image-ecd3b0fd\"><img loading=\"lazy\" decoding=\"async\" width=\"1456\" height=\"816\" class=\"gb-image gb-image-ecd3b0fd\" src=\"https:\/\/www.sisinternational.com\/wp-content\/uploads\/2025\/10\/Hotel-restaurant-4.jpg\" alt=\"Investigaci\u00f3n y estrategia de mercado internacional de SIS\" title=\"Hotel restaurant (4)\" srcset=\"https:\/\/www.sisinternational.com\/wp-content\/uploads\/2025\/10\/Hotel-restaurant-4.jpg 1456w, https:\/\/www.sisinternational.com\/wp-content\/uploads\/2025\/10\/Hotel-restaurant-4-300x168.jpg 300w, https:\/\/www.sisinternational.com\/wp-content\/uploads\/2025\/10\/Hotel-restaurant-4-1024x574.jpg 1024w, https:\/\/www.sisinternational.com\/wp-content\/uploads\/2025\/10\/Hotel-restaurant-4-768x430.jpg 768w, https:\/\/www.sisinternational.com\/wp-content\/uploads\/2025\/10\/Hotel-restaurant-4-18x10.jpg 18w\" sizes=\"auto, (max-width: 1456px) 100vw, 1456px\"><\/figure>\n\n\n\n<p><\/p>\n\n\n\n<p>En el \u00e1mbito de la hoteler\u00eda, en constante evoluci\u00f3n, existen importantes \u00e1reas de exploraci\u00f3n en la industria hotelera y crecimiento potencial en los pr\u00f3ximos a\u00f1os, y estas son algunas de las brillantes perspectivas que este campo ofrece:<\/p>\n\n\n\n<ul class=\"wp-block-list\">\n<li><strong>Experiencias personalizadas:<\/strong> The push towards hyper-personalization in hospitality suggests a bright future for <a href=\"https:\/\/www.sisinternational.com\/es\/pericia\/industrias\/investigacion-de-mercado-administrador-hospitalario\/\" title=\"Investigaci\u00f3n de mercado de administradores hospitalarios\"  data-wpil-monitor-id=\"6288\">investigaci\u00f3n de mercado<\/a> focused on understanding individual guest preferences. This can lead to tailored room settings, curated experiences, and highly personalized service.<\/li>\n\n\n\n<li><strong>Tendencias de sostenibilidad:<\/strong> Con un creciente \u00e9nfasis global en la sostenibilidad, la investigaci\u00f3n sobre las preferencias y expectativas ecol\u00f3gicas de los hu\u00e9spedes ser\u00e1 a\u00fan m\u00e1s fundamental, ofreciendo oportunidades para que los hoteles se alineen con iniciativas ecol\u00f3gicas.<\/li>\n\n\n\n<li><strong>Integraci\u00f3n de comentarios en tiempo real:<\/strong> A medida que las plataformas tecnol\u00f3gicas se vuelven m\u00e1s avanzadas, la perspectiva de capturar comentarios en tiempo real durante la estad\u00eda de un hu\u00e9sped se vuelve m\u00e1s factible, lo que permite a los hoteles realizar mejoras instant\u00e1neas.<\/li>\n\n\n\n<li><strong>Mapeo hol\u00edstico de experiencias:<\/strong> Es probable que las futuras investigaciones de mercado vayan m\u00e1s all\u00e1 de la estancia en el hotel en s\u00ed, y abarquen todo el viaje, desde la reserva hasta las reflexiones posteriores a la estancia, e incluso integren aspectos de la experiencia de viaje m\u00e1s amplia.<\/li>\n\n\n\n<li><strong>Crecimiento en la investigaci\u00f3n de mercados de nicho:<\/strong> As the hotel industry diversifies, there&#8217;s potential for <a href=\"https:\/\/www.sisinternational.com\/es\/el-mercado-ruso-del-caviar\/\" title=\"Investigaci\u00f3n de mercado del caviar\"  data-wpil-monitor-id=\"2731\">research to focus on niche markets<\/a>, from luxury wellness retreats to budget eco-stays, allowing for more targeted and relevant insights.<\/li>\n\n\n\n<li><strong>Oportunidades de investigaci\u00f3n colaborativa:<\/strong> La integraci\u00f3n entre varios sectores de la industria de viajes y hoteler\u00eda sugiere perspectivas para iniciativas de investigaci\u00f3n colaborativas, capturando una visi\u00f3n m\u00e1s integral de la experiencia del hu\u00e9sped.<\/li>\n\n\n\n<li><strong>\u00c9nfasis en las conexiones emocionales:<\/strong> Beyond mere satisfaction, future <a href=\"https:\/\/www.sisinternational.com\/es\/pericia\/industrias\/estudio-de-mercado-de-mobiliario-hotelero\/\" title=\"Investigaci\u00f3n de mercado de muebles para hoteles\"  data-wpil-monitor-id=\"7210\">market research in hotels<\/a> will delve deeper into emotional metrics, understanding how different elements of the stay evoke emotional responses and contribute to overall guest well-being.<\/li>\n<\/ul>","protected":false},"excerpt":{"rendered":"<p>Al realizar una investigaci\u00f3n de mercado en profundidad, los restaurantes pueden mejorar los servicios, tomar decisiones informadas y mejorar la lealtad de los clientes.<\/p>","protected":false},"author":1,"featured_media":70814,"parent":14514,"menu_order":399,"comment_status":"closed","ping_status":"closed","template":"","meta":{"footnotes":""},"class_list":["post-43808","page","type-page","status-publish","has-post-thumbnail"],"_links":{"self":[{"href":"https:\/\/www.sisinternational.com\/es\/wp-json\/wp\/v2\/pages\/43808","targetHints":{"allow":["GET"]}}],"collection":[{"href":"https:\/\/www.sisinternational.com\/es\/wp-json\/wp\/v2\/pages"}],"about":[{"href":"https:\/\/www.sisinternational.com\/es\/wp-json\/wp\/v2\/types\/page"}],"author":[{"embeddable":true,"href":"https:\/\/www.sisinternational.com\/es\/wp-json\/wp\/v2\/users\/1"}],"replies":[{"embeddable":true,"href":"https:\/\/www.sisinternational.com\/es\/wp-json\/wp\/v2\/comments?post=43808"}],"version-history":[{"count":10,"href":"https:\/\/www.sisinternational.com\/es\/wp-json\/wp\/v2\/pages\/43808\/revisions"}],"predecessor-version":[{"id":80772,"href":"https:\/\/www.sisinternational.com\/es\/wp-json\/wp\/v2\/pages\/43808\/revisions\/80772"}],"up":[{"embeddable":true,"href":"https:\/\/www.sisinternational.com\/es\/wp-json\/wp\/v2\/pages\/14514"}],"wp:featuredmedia":[{"embeddable":true,"href":"https:\/\/www.sisinternational.com\/es\/wp-json\/wp\/v2\/media\/70814"}],"wp:attachment":[{"href":"https:\/\/www.sisinternational.com\/es\/wp-json\/wp\/v2\/media?parent=43808"}],"curies":[{"name":"wp","href":"https:\/\/api.w.org\/{rel}","templated":true}]}}