{"id":43751,"date":"2023-10-10T13:22:18","date_gmt":"2023-10-10T17:22:18","guid":{"rendered":"https:\/\/www.sisinternational.com\/?page_id=43751"},"modified":"2026-03-12T13:16:26","modified_gmt":"2026-03-12T17:16:26","slug":"barbacoa-comida-bebida-investigacion-de-mercado","status":"publish","type":"page","link":"https:\/\/www.sisinternational.com\/es\/soluciones\/investigacion-de-mercado-de-la-industria-de-alimentos-y-bebidas\/barbacoa-comida-bebida-investigacion-de-mercado\/","title":{"rendered":"Investigaci\u00f3n de mercado de alimentos y bebidas para barbacoa"},"content":{"rendered":"<h1 class=\"wp-block-heading\">Investigaci\u00f3n de mercado de alimentos y bebidas para barbacoa<\/h1>\n\n\n\n<figure class=\"gb-block-image gb-block-image-9ebf8356\"><img loading=\"lazy\" decoding=\"async\" width=\"1456\" height=\"816\" class=\"gb-image gb-image-9ebf8356\" src=\"https:\/\/www.sisinternational.com\/wp-content\/uploads\/2025\/08\/Barbecue-3.jpg\" alt=\"Investigaci\u00f3n y estrategia de mercado internacional de SIS\" title=\"Barbecue (3)\" srcset=\"https:\/\/www.sisinternational.com\/wp-content\/uploads\/2025\/08\/Barbecue-3.jpg 1456w, https:\/\/www.sisinternational.com\/wp-content\/uploads\/2025\/08\/Barbecue-3-300x168.jpg 300w, https:\/\/www.sisinternational.com\/wp-content\/uploads\/2025\/08\/Barbecue-3-1024x574.jpg 1024w, https:\/\/www.sisinternational.com\/wp-content\/uploads\/2025\/08\/Barbecue-3-768x430.jpg 768w, https:\/\/www.sisinternational.com\/wp-content\/uploads\/2025\/08\/Barbecue-3-18x10.jpg 18w\" sizes=\"auto, (max-width: 1456px) 100vw, 1456px\"><\/figure>\n\n\n\n<p><\/p>\n\n\n\n<p>La comida a la parrilla ha sido durante mucho tiempo una tradici\u00f3n culinaria muy querida, que re\u00fane a las personas para vivir experiencias inolvidables y, a medida que la popularidad de la barbacoa contin\u00faa aumentando, se vuelve crucial para las empresas de la industria alimentaria realizar investigaciones de mercado de alimentos y bebidas a la parrilla para comprender las tendencias y preferencias. y oportunidades en este mercado.<\/p>\n\n\n\n<h2 class=\"wp-block-heading\">\u00bfQu\u00e9 es la investigaci\u00f3n de mercado de Alimentos y bebidas para barbacoa?<\/h2>\n\n\n\n<p>La investigaci\u00f3n de mercado de alimentos y bebidas para barbacoa es el estudio del consumo, producci\u00f3n y venta de productos alimenticios para barbacoa. Implica estudiar el comportamiento del consumidor, las tendencias del mercado, el panorama competitivo y las regulaciones de la industria para obtener informaci\u00f3n valiosa que pueda informar las estrategias comerciales y la toma de decisiones.<\/p>\n\n\n\n<p>Esta investigaci\u00f3n proporciona a las empresas una comprensi\u00f3n integral de las preferencias de los clientes, la din\u00e1mica del mercado y las tendencias emergentes, permiti\u00e9ndoles desarrollar productos innovadores, crear campa\u00f1as de marketing efectivas y mantenerse por delante de la competencia.<\/p>\n\n\n\n<h3 class=\"wp-block-heading\">\u00bfPor qu\u00e9 es importante?<\/h3>\n\n\n\n<p>As the love for barbecue continues to grow globally, understanding market dynamics becomes critical for businesses in this niche. Barbecue <a href=\"https:\/\/www.sisinternational.com\/es\/pericia\/industrias\/investigacion-de-mercado-de-ingredientes-de-bebidas-alimentarias\/\" title=\"Investigaci\u00f3n de mercado de ingredientes de alimentos y bebidas\"  data-wpil-monitor-id=\"3154\">food and beverage market research<\/a> emerges as the guide for entrepreneurs, restaurateurs, and manufacturers in meeting the ever-evolving tastes and preferences of barbecue enthusiasts.<\/p>\n\n\n\n<p>Esta investigaci\u00f3n ofrece informaci\u00f3n \u00fatil sobre el comportamiento del consumidor, las preferencias de productos y las oportunidades de los mercados emergentes, lo que la hace indispensable para quienes aspiran a prosperar en la industria de los alimentos para barbacoa. Por lo tanto, permite a las empresas adaptar sus productos y servicios para satisfacer las necesidades y deseos espec\u00edficos de su p\u00fablico objetivo. Al analizar datos sobre perfiles de sabor, preferencias de ingredientes, t\u00e9cnicas de cocina y restricciones diet\u00e9ticas, las empresas pueden desarrollar ofertas de comida a la parrilla que resuenen con sus clientes, lo que resulta en mayores ventas y satisfacci\u00f3n del cliente.<\/p>\n\n\n\n<h2 class=\"wp-block-heading\">Beneficios de la investigaci\u00f3n de mercado de alimentos y bebidas para barbacoa<\/h2>\n\n\n\n<figure class=\"gb-block-image gb-block-image-3c24bbcf\"><img loading=\"lazy\" decoding=\"async\" width=\"1456\" height=\"816\" class=\"gb-image gb-image-3c24bbcf\" src=\"https:\/\/www.sisinternational.com\/wp-content\/uploads\/2025\/08\/Barbecue-6.jpg\" alt=\"Investigaci\u00f3n y estrategia de mercado internacional de SIS\" title=\"Barbecue (6)\" srcset=\"https:\/\/www.sisinternational.com\/wp-content\/uploads\/2025\/08\/Barbecue-6.jpg 1456w, https:\/\/www.sisinternational.com\/wp-content\/uploads\/2025\/08\/Barbecue-6-300x168.jpg 300w, https:\/\/www.sisinternational.com\/wp-content\/uploads\/2025\/08\/Barbecue-6-1024x574.jpg 1024w, https:\/\/www.sisinternational.com\/wp-content\/uploads\/2025\/08\/Barbecue-6-768x430.jpg 768w, https:\/\/www.sisinternational.com\/wp-content\/uploads\/2025\/08\/Barbecue-6-18x10.jpg 18w\" sizes=\"auto, (max-width: 1456px) 100vw, 1456px\"><\/figure>\n\n\n\n<p><\/p>\n\n\n\n<p>Barbecue <a href=\"https:\/\/www.sisinternational.com\/es\/pericia\/industrias\/cena-comida-bebida-investigacion-de-mercado\/\" title=\"Investigaci\u00f3n de mercado de alimentos y bebidas para la cena\"  data-wpil-monitor-id=\"3859\">food and beverage market research<\/a> offers key insights for businesses eager to stake their claim in this sector \u2013 and here are the key benefits of conducting barbecue food and beverage market research:<\/p>\n\n\n\n<ul class=\"wp-block-list\">\n<li><strong>Preferencias del consumidor:<\/strong> <a href=\"https:\/\/www.sisinternational.com\/es\/global-beverage-market\/\" title=\"Global Beverage Market: Market Dynamics, Growth Projections &amp; Consumer Insights\"  data-wpil-monitor-id=\"1098\">Barbecue food and beverage market research<\/a> can reveal insights into preferred cuts of meat, favored marinades, cooking techniques, and emerging tastes, allowing businesses to tailor their offerings accordingly. Additionally, market research can guide advertising campaigns, ensuring they resonate with target demographics and leverage prevailing trends.<\/li>\n\n\n\n<li><strong>Variaciones regionales:<\/strong> The term &#8220;barbecue&#8221; means different things in different cultures. Through barbecue <a href=\"https:\/\/www.sisinternational.com\/es\/pericia\/industrias\/investigacion-de-mercado-sobre-inseguridad-alimentaria-y-bebidas\/\" title=\"Investigaci\u00f3n de mercado sobre inseguridad alimentaria y bebidas\"  data-wpil-monitor-id=\"4146\">food and beverage market research<\/a>, businesses can understand regional nuances, from Korean BBQ to American southern-style smoking. Barbecue <a href=\"https:\/\/www.sisinternational.com\/es\/pericia\/industrias\/investigacion-de-mercado-de-seguridad-alimentaria\/\" title=\"Investigaci\u00f3n de mercado de seguridad de alimentos y bebidas\"  data-wpil-monitor-id=\"4299\">food and beverage market research<\/a> can also inspire the creation of new sauces, marinades, or side dishes, based on identified gaps or emerging trends in the market.<\/li>\n\n\n\n<li><strong>Mitigaci\u00f3n de riesgos:<\/strong> Barbecue <a href=\"https:\/\/www.sisinternational.com\/es\/pericia\/industrias\/investigacion-de-mercado-de-aditivos-para-bebidas-alimentarias\/\" title=\"Investigaci\u00f3n de mercado de aditivos para alimentos y bebidas\"  data-wpil-monitor-id=\"5799\">food and beverage market research<\/a> can highlight potential risks, from changing consumer health perceptions to supply chain disruptions, allowing businesses to strategize accordingly.<\/li>\n\n\n\n<li><strong>Participaci\u00f3n de los interesados:<\/strong> Una investigaci\u00f3n de mercado exhaustiva puede reforzar la confianza entre inversores, proveedores y socios, mostrando el compromiso de una empresa con la toma de decisiones basada en datos. Adem\u00e1s, al recopilar comentarios sobre todo, desde la calidad de la comida hasta el ambiente, las empresas pueden perfeccionar continuamente la experiencia gastron\u00f3mica, garantizando visitas repetidas y un boca a boca positivo.<\/li>\n<\/ul>\n\n\n\n<h3 class=\"wp-block-heading\">Estudio de caso actual de una marca l\u00edder<\/h3>\n\n\n\n<ul class=\"wp-block-list\">\n<li><strong>Salsa BBQ GrillMaster:<\/strong> GrillMaster, a leading barbecue sauce brand, leveraged market research to revamp its product line and capture a larger market share. Through extensive consumer surveys and taste tests, the company identified a growing demand for spicy and smoky flavor profiles. With this knowledge, GrillMaster introduced a new line of bold and tangy barbecue sauces that catered to these preferences \u2013 and the <a href=\"https:\/\/www.sisinternational.com\/es\/pericia\/industrias\/investigacion-de-mercado-de-diseno-de-envases\/\" title=\"Investigaci\u00f3n de mercado de dise\u00f1o de envases\"  data-wpil-monitor-id=\"6195\">market research data guided their packaging design<\/a>, messaging, and targeted marketing campaigns, resulting in a significant increase in sales and brand recognition.<\/li>\n<\/ul>\n\n\n\n<h2 class=\"wp-block-heading\">Oportunidades en la investigaci\u00f3n de mercado de alimentos y bebidas a la parrilla para empresas<\/h2>\n\n\n\n<p>Profundizar en las complejidades de la investigaci\u00f3n de mercado revela una gran cantidad de oportunidades para las empresas, desde fabricantes hasta restauradores. He aqu\u00ed un vistazo m\u00e1s de cerca a estas perspectivas:<\/p>\n\n\n\n<ul class=\"wp-block-list\">\n<li><strong>Diversas tendencias culinarias:<\/strong> Los estilos de barbacoa var\u00edan enormemente seg\u00fan las regiones. La investigaci\u00f3n de mercado puede descubrir tradiciones culinarias menos conocidas, abriendo v\u00edas para que las empresas introduzcan nuevos sabores y t\u00e9cnicas a audiencias m\u00e1s amplias.<\/li>\n\n\n\n<li><strong>Informaci\u00f3n sobre las preferencias del consumidor<\/strong>: Comprender si los consumidores se inclinan por sabores picantes, ahumados, dulces o picantes, o si dan prioridad a las carnes org\u00e1nicas o de origen local, puede dar forma al desarrollo de productos y a la oferta del men\u00fa.<\/li>\n\n\n\n<li><strong>Tecnolog\u00edas emergentes:<\/strong> Con innovaciones como parrillas inteligentes y dispositivos tecnol\u00f3gicos para barbacoas, la investigaci\u00f3n de mercado puede proporcionar informaci\u00f3n sobre las tasas de adopci\u00f3n y preferencias de los consumidores, guiando el desarrollo de productos y las estrategias de marketing.<\/li>\n\n\n\n<li><strong>Alternativas ecol\u00f3gicas:<\/strong> A medida que la sostenibilidad se convierte en una preocupaci\u00f3n mundial, existe la posibilidad de explorar alternativas ecol\u00f3gicas para asar a la parrilla, utensilios biodegradables o fuentes de carne sostenibles.<\/li>\n\n\n\n<li><strong>Potencial de bienes empaquetados:<\/strong> Conocer la popularidad de las carnes premarinadas, las salsas listas para usar o los kits de comida para barbacoa puede generar oportunidades en el sector minorista y de productos envasados.<\/li>\n\n\n\n<li><strong>Experiencias gastron\u00f3micas:<\/strong> M\u00e1s all\u00e1 de la comida, comprender qu\u00e9 tipo de ambiente o experiencias auxiliares (como m\u00fasica en vivo o mesas de parrilla interactivas) desean los hu\u00e9spedes puede brindar a las empresas una ventaja competitiva.<\/li>\n\n\n\n<li><strong>Modelos de suscripci\u00f3n:<\/strong> Desde suscripciones mensuales a salsa BBQ hasta entregas de carne curada, existe la posibilidad de ofrecer productos o servicios regulares basados en suscripci\u00f3n a los entusiastas.<\/li>\n\n\n\n<li><strong>Salud y Bienestar:<\/strong> A medida que los consumidores se preocupan m\u00e1s por su salud, existe la oportunidad de profundizar en opciones de barbacoa m\u00e1s saludables, como prote\u00ednas de origen vegetal, carnes magras o condimentos org\u00e1nicos.<\/li>\n<\/ul>\n\n\n\n<h2 class=\"wp-block-heading\">Desaf\u00edos en la investigaci\u00f3n de mercado de alimentos y bebidas para barbacoas<\/h2>\n\n\n\n<figure class=\"gb-block-image gb-block-image-f3670338\"><img loading=\"lazy\" decoding=\"async\" width=\"1456\" height=\"816\" class=\"gb-image gb-image-f3670338\" src=\"https:\/\/www.sisinternational.com\/wp-content\/uploads\/2025\/08\/Barbecue-2.jpg\" alt=\"Investigaci\u00f3n y estrategia de mercado internacional de SIS\" title=\"Barbecue (2)\" srcset=\"https:\/\/www.sisinternational.com\/wp-content\/uploads\/2025\/08\/Barbecue-2.jpg 1456w, https:\/\/www.sisinternational.com\/wp-content\/uploads\/2025\/08\/Barbecue-2-300x168.jpg 300w, https:\/\/www.sisinternational.com\/wp-content\/uploads\/2025\/08\/Barbecue-2-1024x574.jpg 1024w, https:\/\/www.sisinternational.com\/wp-content\/uploads\/2025\/08\/Barbecue-2-768x430.jpg 768w, https:\/\/www.sisinternational.com\/wp-content\/uploads\/2025\/08\/Barbecue-2-18x10.jpg 18w\" sizes=\"auto, (max-width: 1456px) 100vw, 1456px\"><\/figure>\n\n\n\n<p><\/p>\n\n\n\n<p>While barbecue <a href=\"https:\/\/www.sisinternational.com\/es\/pericia\/industrias\/investigacion-de-mercado-de-bebidas-y-alimentos-saludables\/\" title=\"Investigaci\u00f3n de mercado de alimentos y bebidas saludables\"  data-wpil-monitor-id=\"6017\">food and beverage market research<\/a> offers numerous opportunities, businesses also face several challenges in navigating this dynamic market.<\/p>\n\n\n\n<h3 class=\"wp-block-heading\">Aqu\u00ed hay algunos desaf\u00edos clave:<\/h3>\n\n\n\n<ul class=\"wp-block-list\">\n<li><strong>Cambio de preferencias del consumidor:<\/strong> Las preferencias de los consumidores dentro del mercado de alimentos para barbacoa pueden cambiar r\u00e1pidamente. Las empresas deben mantenerse \u00e1giles y adaptar sus productos y estrategias para satisfacer las demandas cambiantes de los consumidores. La realizaci\u00f3n de investigaciones de mercado peri\u00f3dicas ayuda a las empresas a mantenerse informadas sobre los cambios en las preferencias y les permite realizar ajustes oportunos en sus ofertas.<\/li>\n\n\n\n<li><strong>Dependencias de estacionalidad y clima:<\/strong> Barbecue food consumption is often influenced by seasonality and weather conditions. Businesses in this market need to account for these factors and develop strategies to mitigate their impact. Barbecue <a href=\"https:\/\/www.sisinternational.com\/es\/pericia\/curriculums-de-experiencia\/curriculum-de-experiencia-en-industria-de-bebidas-de-comida-rapida\/\" title=\"Experiencia en investigaci\u00f3n de mercado de comidas r\u00e1pidas y bebidas.\"  data-wpil-monitor-id=\"6361\">food and beverage market research<\/a> can provide insights into consumer behavior during different seasons and help businesses plan inventory, marketing campaigns, and promotions accordingly.<\/li>\n\n\n\n<li><strong>Competici\u00f3n intensa:<\/strong> El mercado de la comida para barbacoa es muy competitivo y numerosos actores compiten por la atenci\u00f3n de los consumidores. Las empresas necesitan diferenciarse mediante ofertas de productos \u00fanicas, un servicio al cliente excepcional y estrategias de marketing eficaces. La investigaci\u00f3n de mercado puede ayudar a las empresas a identificar brechas en el mercado, comprender las fortalezas y debilidades de sus competidores y desarrollar estrategias para destacarse en este mercado abarrotado.<\/li>\n<\/ul>","protected":false},"excerpt":{"rendered":"<p>La investigaci\u00f3n de mercado de alimentos y bebidas para barbacoa estudia el consumo, la producci\u00f3n y las ventas de productos para barbacoa y encuentra tendencias y oportunidades.<\/p>","protected":false},"author":1,"featured_media":63360,"parent":22018,"menu_order":383,"comment_status":"closed","ping_status":"closed","template":"","meta":{"footnotes":""},"class_list":["post-43751","page","type-page","status-publish","has-post-thumbnail"],"_links":{"self":[{"href":"https:\/\/www.sisinternational.com\/es\/wp-json\/wp\/v2\/pages\/43751","targetHints":{"allow":["GET"]}}],"collection":[{"href":"https:\/\/www.sisinternational.com\/es\/wp-json\/wp\/v2\/pages"}],"about":[{"href":"https:\/\/www.sisinternational.com\/es\/wp-json\/wp\/v2\/types\/page"}],"author":[{"embeddable":true,"href":"https:\/\/www.sisinternational.com\/es\/wp-json\/wp\/v2\/users\/1"}],"replies":[{"embeddable":true,"href":"https:\/\/www.sisinternational.com\/es\/wp-json\/wp\/v2\/comments?post=43751"}],"version-history":[{"count":14,"href":"https:\/\/www.sisinternational.com\/es\/wp-json\/wp\/v2\/pages\/43751\/revisions"}],"predecessor-version":[{"id":79944,"href":"https:\/\/www.sisinternational.com\/es\/wp-json\/wp\/v2\/pages\/43751\/revisions\/79944"}],"up":[{"embeddable":true,"href":"https:\/\/www.sisinternational.com\/es\/wp-json\/wp\/v2\/pages\/22018"}],"wp:featuredmedia":[{"embeddable":true,"href":"https:\/\/www.sisinternational.com\/es\/wp-json\/wp\/v2\/media\/63360"}],"wp:attachment":[{"href":"https:\/\/www.sisinternational.com\/es\/wp-json\/wp\/v2\/media?parent=43751"}],"curies":[{"name":"wp","href":"https:\/\/api.w.org\/{rel}","templated":true}]}}