{"id":43632,"date":"2023-10-02T14:26:31","date_gmt":"2023-10-02T18:26:31","guid":{"rendered":"https:\/\/www.sisinternational.com\/?page_id=43632"},"modified":"2026-03-25T01:17:31","modified_gmt":"2026-03-25T05:17:31","slug":"investigacion-de-mercado-de-pruebas-de-sabor-monadico","status":"publish","type":"page","link":"https:\/\/www.sisinternational.com\/es\/soluciones\/prueba-de-sabor\/investigacion-de-mercado-de-pruebas-de-sabor-monadico\/","title":{"rendered":"Investigaci\u00f3n de mercado de pruebas de sabor mon\u00e1dico"},"content":{"rendered":"<h1 class=\"wp-block-heading\">Investigaci\u00f3n de mercado de pruebas de sabor mon\u00e1dico<\/h1>\n\n\n\n<h1 class=\"wp-block-heading\">&nbsp;<\/h1>\n\n\n\n<figure class=\"gb-block-image gb-block-image-4a424939\"><img loading=\"lazy\" decoding=\"async\" width=\"1456\" height=\"816\" class=\"gb-image gb-image-4a424939\" src=\"https:\/\/www.sisinternational.com\/wp-content\/uploads\/2025\/10\/taste-testing-5.jpg\" srcset=\"https:\/\/www.sisinternational.com\/wp-content\/uploads\/2025\/10\/taste-testing-5.jpg 1456w, https:\/\/www.sisinternational.com\/wp-content\/uploads\/2025\/10\/taste-testing-5-300x168.jpg 300w, https:\/\/www.sisinternational.com\/wp-content\/uploads\/2025\/10\/taste-testing-5-1024x574.jpg 1024w, https:\/\/www.sisinternational.com\/wp-content\/uploads\/2025\/10\/taste-testing-5-768x430.jpg 768w, https:\/\/www.sisinternational.com\/wp-content\/uploads\/2025\/10\/taste-testing-5-18x10.jpg 18w\" sizes=\"auto, (max-width: 1456px) 100vw, 1456px\" alt=\"Investigaci\u00f3n y estrategia de mercado internacional de SIS\"><\/figure>\n\n\n\n<p><\/p>\n\n\n\n<hr class=\"wp-block-separator has-alpha-channel-opacity is-style-dots\"\/>\n\n\n\n<h3 class=\"wp-block-heading\">Monadic taste testing market research has become a crucial tool for modern organizations to understand their product offerings unbiasedly.<\/h3>\n\n\n\n<p>Consumer preferences are highly complex, with several factors influencing consumer choices\u2026 But what if there was a way to strip away external influences and hone in on pure product perceptions? With monadic taste testing market research, businesses can eliminate genuine feedback for their products and increase their ROI as a result.<\/p>\n\n\n\n<h2 class=\"wp-block-heading\">\u00bfQu\u00e9 es la investigaci\u00f3n de mercado de Pruebas de sabor mon\u00e1dico?<\/h2>\n\n\n\n<p>La investigaci\u00f3n de mercado de pruebas de sabor mon\u00e1dicas es una forma especializada de evaluaci\u00f3n de productos en la que los participantes est\u00e1n expuestos a una sola variante del producto sin ninguna comparaci\u00f3n directa con otras variantes. Este enfoque est\u00e1 dise\u00f1ado para obtener una comprensi\u00f3n clara e imparcial de los atributos, cualidades y aceptabilidad general de un producto individual. A\u00edsla el producto de influencias externas o sesgos que podr\u00edan surgir de comparaciones directas con otros productos.<\/p>\n\n\n\n<p>In monadic taste <a href=\"https:\/\/www.sisinternational.com\/es\/pericia\/industrias\/investigacion-de-mercado-de-proyeccion-de-prueba-de-pelicula\/\" title=\"Investigaci\u00f3n de mercado de proyecci\u00f3n de pruebas de pel\u00edculas\"  data-wpil-monitor-id=\"3073\">testing market research<\/a>, each participant typically evaluates just one version of the product in a controlled setting. By doing so, their feedback and ratings are based solely on their experience with that single product. This method is particularly valuable when brands want to assess the qualities of a product without the noise of competitive benchmarks.<\/p>\n\n\n\n<h2 class=\"wp-block-heading\">Beneficios de la investigaci\u00f3n de mercado de pruebas de sabor mon\u00e1dicas<\/h2>\n\n\n\n<figure class=\"gb-block-image gb-block-image-fc52f0a2\"><img loading=\"lazy\" decoding=\"async\" width=\"1456\" height=\"816\" class=\"gb-image gb-image-fc52f0a2\" src=\"https:\/\/www.sisinternational.com\/wp-content\/uploads\/2025\/10\/taste-testing-7.jpg\" srcset=\"https:\/\/www.sisinternational.com\/wp-content\/uploads\/2025\/10\/taste-testing-7.jpg 1456w, https:\/\/www.sisinternational.com\/wp-content\/uploads\/2025\/10\/taste-testing-7-300x168.jpg 300w, https:\/\/www.sisinternational.com\/wp-content\/uploads\/2025\/10\/taste-testing-7-1024x574.jpg 1024w, https:\/\/www.sisinternational.com\/wp-content\/uploads\/2025\/10\/taste-testing-7-768x430.jpg 768w, https:\/\/www.sisinternational.com\/wp-content\/uploads\/2025\/10\/taste-testing-7-18x10.jpg 18w\" sizes=\"auto, (max-width: 1456px) 100vw, 1456px\" alt=\"Investigaci\u00f3n y estrategia de mercado internacional de SIS\"><\/figure>\n\n\n\n<p><\/p>\n\n\n\n<p>En el mundo en r\u00e1pida evoluci\u00f3n de las preferencias de los consumidores, obtener comentarios genuinos es crucial para que las marcas prosperen. A trav\u00e9s de la investigaci\u00f3n de mercado, las empresas pueden aprovechar numerosas ventajas como:<\/p>\n\n\n\n<ul class=\"wp-block-list\">\n<li><strong>Comentarios imparciales:<\/strong> Dado que los participantes est\u00e1n expuestos a una sola variante del producto, sus percepciones no se ven sesgadas por comparaciones externas. Esta retroalimentaci\u00f3n pura proporciona una comprensi\u00f3n m\u00e1s clara de c\u00f3mo se posiciona el producto por sus propios m\u00e9ritos.<\/li>\n\n\n\n<li><strong>Informaci\u00f3n detallada del producto:<\/strong> El enfoque en un solo producto garantiza que la retroalimentaci\u00f3n sea espec\u00edfica y detallada, lo que permite a las marcas comprender los matices y las cualidades intrincadas que resuenan en los consumidores o que necesitan mejorar.<\/li>\n\n\n\n<li><strong>Carga cognitiva reducida:<\/strong> With only one product to assess, multiple comparisons don&#8217;t overwhelm participants. This means they can provide feedback more thoughtfully and accurately.<\/li>\n\n\n\n<li><strong>Asignaci\u00f3n eficiente de recursos:<\/strong> Market research insights allow businesses to allocate resources more efficiently, whether for product refinement, marketing campaigns, or future research endeavors.<\/li>\n\n\n\n<li><strong>Mayor confiabilidad estad\u00edstica:<\/strong> Since each participant evaluates only one variant, the sample size for each product is larger than other methods where participants might test multiple products. This often leads to more statistically reliable results.<\/li>\n<\/ul>\n\n\n\n<h2 class=\"wp-block-heading\">Oportunidades de la investigaci\u00f3n de mercado de pruebas de sabor mon\u00e1dicas<\/h2>\n\n\n\n<p><\/p>\n\n\n\n<p>The competitive landscape of the business world needs innovative research methodologies to stay ahead \u2013 and <a href=\"https:\/\/www.sisinternational.com\/es\/pericia\/industrias\/investigacion-de-mercado-monadica-versus-secuencial\/\" title=\"Investigaci\u00f3n de mercado mon\u00e1dica versus secuencial\"  data-wpil-monitor-id=\"5813\">monadic taste-testing market research<\/a> not only offers insights but also opens up many opportunities for businesses. Here are some of the key opportunities that businesses can harness:<\/p>\n\n\n\n<ul class=\"wp-block-list\">\n<li><strong>Refinamiento del producto:<\/strong> Market research insights provide businesses with specific areas for improvement, allowing them to refine their products to better meet consumer expectations.<\/li>\n\n\n\n<li><strong>Lanzamientos estrat\u00e9gicos de productos:<\/strong> For businesses looking to introduce a new product or variant, this method can provide a clear picture of how the market might receive it, helping devise strategic launch plans.<\/li>\n\n\n\n<li><strong>Estrategias de marketing mejoradas:<\/strong> Understanding a product&#8217;s standalone attributes enables businesses to craft more compelling and targeted marketing messages.<\/li>\n\n\n\n<li><strong>Extensiones de l\u00ednea de productos a medida:<\/strong> Las empresas pueden identificar posibles brechas o necesidades en su l\u00ednea de productos y utilizar los conocimientos de esta investigaci\u00f3n para desarrollar nuevas variantes o extensiones que satisfagan las demandas espec\u00edficas de los consumidores.<\/li>\n\n\n\n<li><strong>Gesti\u00f3n de riesgos:<\/strong> Before making significant investments in production or marketing, businesses can gauge a product&#8217;s potential success or pitfalls, helping to manage and mitigate risks.<\/li>\n\n\n\n<li><strong>Identificaci\u00f3n de nichos de mercado:<\/strong> <a href=\"https:\/\/www.sisinternational.com\/es\/pericia\/industrias\/investigacion-de-mercado-de-pruebas-monadicas\/\" title=\"Investigaci\u00f3n de mercado de pruebas mon\u00e1dicas\"  data-wpil-monitor-id=\"4250\">Monadic taste testing market research<\/a> can uncover specific consumer segments that resonate strongly with a particular product, enabling businesses to target niche markets effectively.<\/li>\n\n\n\n<li><strong>Desarrollo de estrategia de precios:<\/strong> Based on a product&#8217;s perceived value and feedback, businesses can develop pricing strategies that align with consumer expectations and willingness to pay.<\/li>\n\n\n\n<li><strong>Ventaja competitiva:<\/strong> Employing monadic <a href=\"https:\/\/www.sisinternational.com\/es\/soluciones\/prueba-de-sabor\/investigacion-de-mercado-de-prueba-de-sabor-a-ciegas\/\" title=\"Investigaci\u00f3n de mercado de prueba de sabor a ciegas\"  data-wpil-monitor-id=\"11468\">taste testing market research<\/a> can provide businesses with insights that competitors might overlook, offering a distinct competitive edge.<\/li>\n<\/ul>\n\n\n\n<h2 class=\"wp-block-heading\">Desaf\u00edos de la investigaci\u00f3n de mercado de pruebas de sabor mon\u00e1dico<\/h2>\n\n\n\n<p>Monadic <a href=\"https:\/\/www.sisinternational.com\/es\/soluciones\/prueba-de-sabor\/pruebas-de-sabor-validacion-investigacion-de-mercado\/\" title=\"Investigaci\u00f3n de mercado de validaci\u00f3n de pruebas de sabor\"  data-wpil-monitor-id=\"11482\">taste testing market research<\/a> offers an array of advantages but also several challenges. Thus, businesses must be mindful of these potential pitfalls to maximize the benefits and minimize drawbacks. Here are some key challenges associated with this research methodology:<\/p>\n\n\n\n<ul class=\"wp-block-list\">\n<li><strong>Plazos m\u00e1s largos:<\/strong> Since each respondent evaluates only one product, businesses may require more participants and sessions to obtain a comprehensive view, potentially extending the research timeframe. Additionally, conducting individual tests for each product variant can increase research costs compared to methods where multiple products are evaluated simultaneously.<\/li>\n\n\n\n<li><strong>\u00c9nfasis excesivo en un solo producto:<\/strong> With the entire focus on one product, there&#8217;s a potential risk of over-analyzing or placing too much emphasis on specific feedback, which may not represent broader market sentiments. Consequently, market research provides feedback on individual products without relative comparisons. Businesses may face challenges in contextualizing the results in the wider market landscape.<\/li>\n\n\n\n<li><strong>Potencial de fatiga del participante:<\/strong> If businesses decide to expose a participant to more than one product in separate sessions, respondent fatigue can impact the quality of feedback in successive sessions.<\/li>\n\n\n\n<li><strong>Pasando por alto las influencias externas:<\/strong> Although the monadic method isolates the product, external factors like branding, packaging, and advertising can still influence perceptions. Ignoring these elements might lead to incomplete insights. Similarly, this method won&#8217;t capture insights related to product interactions or combinations for businesses with products often used in conjunction with others.<\/li>\n<\/ul>\n\n\n\n<h2 class=\"wp-block-heading\">Perspectivas futuras e integraci\u00f3n tecnol\u00f3gica en la investigaci\u00f3n de mercado de pruebas de sabor mon\u00e1dicas<\/h2>\n\n\n\n<figure class=\"gb-block-image gb-block-image-7d186586\"><img loading=\"lazy\" decoding=\"async\" width=\"1456\" height=\"816\" class=\"gb-image gb-image-7d186586\" src=\"https:\/\/www.sisinternational.com\/wp-content\/uploads\/2025\/10\/taste-testing-4.jpg\" alt=\"Investigaci\u00f3n y estrategia de mercado internacional de SIS\" title=\"taste testing (4)\" srcset=\"https:\/\/www.sisinternational.com\/wp-content\/uploads\/2025\/10\/taste-testing-4.jpg 1456w, https:\/\/www.sisinternational.com\/wp-content\/uploads\/2025\/10\/taste-testing-4-300x168.jpg 300w, https:\/\/www.sisinternational.com\/wp-content\/uploads\/2025\/10\/taste-testing-4-1024x574.jpg 1024w, https:\/\/www.sisinternational.com\/wp-content\/uploads\/2025\/10\/taste-testing-4-768x430.jpg 768w, https:\/\/www.sisinternational.com\/wp-content\/uploads\/2025\/10\/taste-testing-4-18x10.jpg 18w\" sizes=\"auto, (max-width: 1456px) 100vw, 1456px\"><\/figure>\n\n\n\n<p><\/p>\n\n\n\n<p>El panorama de la investigaci\u00f3n de mercado de pruebas de sabor mon\u00e1dicas evoluciona continuamente, moldeado por los avances tecnol\u00f3gicos y la din\u00e1mica cambiante del comportamiento del consumidor. He aqu\u00ed un vistazo a lo que depara el futuro para esta \u00e1rea especializada de investigaci\u00f3n de mercado:<\/p>\n\n\n\n<ul class=\"wp-block-list\">\n<li><strong>Integraci\u00f3n de realidad virtual (VR) y realidad aumentada (AR):<\/strong> Con el auge de la realidad virtual y la realidad aumentada, la investigaci\u00f3n de mercado de pruebas de sabor mon\u00e1dicas puede simular entornos en los que normalmente se consume un producto. Por ejemplo, probar una bebida con tem\u00e1tica playera mientras est\u00e1 pr\u00e1cticamente &quot;sentado&quot; en la playa. Esta experiencia hol\u00edstica proporciona datos m\u00e1s ricos sobre la percepci\u00f3n del producto en contexto.<\/li>\n\n\n\n<li><strong>Inteligencia artificial (IA) y aprendizaje autom\u00e1tico (ML):<\/strong> La IA y el aprendizaje autom\u00e1tico pueden ayudar a analizar grandes cantidades de datos generados a partir de pruebas de sabor, identificando patrones y preferencias que podr\u00edan pasar desapercibidos mediante el an\u00e1lisis tradicional. Esto puede ayudar a las marcas a perfeccionar sus productos de forma m\u00e1s eficaz.<\/li>\n\n\n\n<li><strong>Equipo sensorial avanzado:<\/strong> Technological advancements will lead to more sophisticated equipment that can detect and analyze even the minutest flavor or texture variations, ensuring that products are optimized to the highest degree.<\/li>\n\n\n\n<li><strong>An\u00e1lisis de datos en tiempo real:<\/strong> Brands will be able to get instant insights during <a href=\"https:\/\/www.sisinternational.com\/es\/pericia\/industrias\/investigacion-de-mercado-de-datos-de-formacion\/\" title=\"Investigaci\u00f3n de mercado de datos de formaci\u00f3n\"  data-wpil-monitor-id=\"3436\">Investigaci\u00f3n de mercado de pruebas de sabor mon\u00e1dico.<\/a>, allowing for quicker decision-making and product refinements.<\/li>\n\n\n\n<li><strong>Personalizaci\u00f3n y Personalizaci\u00f3n:<\/strong> A medida que las marcas avanzan hacia la oferta de productos personalizados, las pruebas de sabor mon\u00e1dicas pueden ayudar a evaluar las preferencias individuales, lo que lleva a productos adaptados a segmentos de consumidores espec\u00edficos.<\/li>\n<\/ul>\n\n\n\n<h2 class=\"wp-block-heading\"><strong>What Makes SIS International a Top Monadic Taste Testing Market Research Company?<\/strong><\/h2>\n\n\n\n<p><a href=\"https:\/\/www.linkedin.com\/company\/sisinternationalresearch\/\" target=\"_blank\" rel=\"noopener\"><span style=\"font-weight: 400;\">SIS Internacional<\/span><\/a> excels in monadic taste testing, providing businesses with detailed insights to improve product quality and consumer satisfaction. With over 40 years of expertise and cutting-edge methodologies, SIS ensures that every monadic testing project delivers reliable and actionable results.<\/p>\n\n\n\n<h4 class=\"wp-block-heading\"><strong>Expertise in Monadic Testing Methodology<\/strong><\/h4>\n\n\n\n<p><a href=\"https:\/\/twitter.com\/SISIntlResearch\" target=\"_blank\" rel=\"noopener\"><span style=\"font-weight: 400;\">SIS<\/span><\/a> specializes in monadic testing, where each participant evaluates one product at a time. This method eliminates comparison bias and ensures genuine feedback, helping businesses understand individual product performance.<\/p>\n\n\n\n<h4 class=\"wp-block-heading\"><strong>Instalaciones de prueba de \u00faltima generaci\u00f3n<\/strong><\/h4>\n\n\n\n<p>Our advanced facilities in New York are designed to conduct monadic taste tests under controlled conditions. Equipped with the latest sensory analysis tools, we ensure that every aspect of a product is evaluated with precision and accuracy.<\/p>\n\n\n\n<h4 class=\"wp-block-heading\"><strong>Acceso a diversos paneles de consumidores<\/strong><\/h4>\n\n\n\n<p>New York\u2019s diverse population is an asset for monadic taste testing. <a href=\"https:\/\/medium.com\/@sisinternational\/sis-international-c17160da8fac\" target=\"_blank\" rel=\"noopener\"><span style=\"font-weight: 400;\">SIS<\/span><\/a> recruits participants from various demographics, ensuring that a representative cross-section of your target audience evaluates your product.<\/p>\n\n\n\n<h4 class=\"wp-block-heading\"><strong>Tailored Solutions for Businesses<\/strong><\/h4>\n\n\n\n<p>SIS customizes its monadic testing services to fit the unique needs of your industry and product. Our flexible approach ensures relevant and insightful results, whether you\u2019re testing new recipes, beverage formulations, or product packaging.<\/p>\n\n\n\n<h4 class=\"wp-block-heading\"><strong>Affordable Research Solutions<\/strong><\/h4>\n\n\n\n<p>SIS is committed to providing high-quality research at competitive rates. Our cost-effective monadic taste testing services make us an accessible choice for businesses of all sizes, from startups to global brands.<\/p>\n\n\n\n<h4 class=\"wp-block-heading\"><strong>In-Depth Insights for Product Optimization<\/strong><\/h4>\n\n\n\n<p>Monadic taste testing provides focused, unbiased feedback on a single product. SIS takes this data further, delivering actionable insights that guide product refinement, from flavor adjustments to overall consumer appeal.<\/p>\n\n\n\n<h4 class=\"wp-block-heading\"><strong>Quick Turnaround for Rapid Decision-Making<\/strong><\/h4>\n\n\n\n<p>In fast-moving markets, time is critical. SIS ensures timely delivery of results, enabling businesses to make informed decisions and stay ahead of competitors.<\/p>\n\n\n\n<h4 class=\"wp-block-heading\"><strong>Commitment to Objective Testing<\/strong><\/h4>\n\n\n\n<p>The monadic approach is inherently unbiased, and SIS upholds this standard with meticulous attention to detail. Our research ensures that participants focus solely on the product, delivering genuine insights into its attributes.<\/p>\n\n\n\n<h4 class=\"wp-block-heading\"><strong>Enfoque centrado en el cliente<\/strong><\/h4>\n\n\n\n<p>SIS International works closely with clients to understand their goals and challenges. Our team of experts provides personalized guidance throughout the research process, ensuring that every project delivers meaningful results tailored to your needs.<\/p>\n\n\n\n<div class=\"is-root-container is-desktop-preview is-layout-flow wp-block-post-content block-editor-block-list__layout\" spellcheck=\"false\">\n<div id=\"block-1f691011-6e3e-49d8-8d99-9463a64c265b\" class=\"block-editor-block-list__block wp-block is-selected wp-block-freeform is-hovered\" tabindex=\"0\" role=\"document\" aria-label=\"Bloque: Cl\u00e1sico\" data-block=\"1f691011-6e3e-49d8-8d99-9463a64c265b\" data-type=\"core\/freeform\" data-title=\"Classic\">\n<div id=\"editor-1f691011-6e3e-49d8-8d99-9463a64c265b\" class=\"wp-block-freeform block-library-rich-text__tinymce mce-content-body html5-captions mce-edit-focus\" style=\"position: relative;\" contenteditable=\"true\">\n<h2>Nuestra ubicaci\u00f3n de instalaciones en Nueva York<\/h2>\n<p>  <iframe loading=\"lazy\" src=\"https:\/\/www.google.com\/maps\/embed?pb=!1m18!1m12!1m3!1d3022.976188376966!2d-73.99130312499956!3d40.740549471389315!2m3!1f0!2f0!3f0!3m2!1i1024!2i768!4f13.1!3m3!1m2!1s0x89c259a15798c731%3A0xd695d09bdd495f25!2s11%20E%2022nd%20St%20FL%202%2C%20New%20York%2C%20NY%2010010%2C%20USA!5e0!3m2!1sen!2spe!4v1726171763526!5m2!1sen!2spe\" width=\"600\" height=\"450\" allowfullscreen=\"allowfullscreen\" data-mce-fragment=\"1\"><\/iframe>  <\/p>\n<h3 class=\"wp-block-heading\">11 E 22nd Street, piso 2, Nueva York, NY 10010 T: +1(212) 505-6805<\/h3>\n<hr>\n<h2><span style=\"font-weight: 400;\">Acerca de SIS Internacional<\/span><\/h2>\n<p><a href=\"https:\/\/www.sisinternational.com\/es\/\"><span style=\"font-weight: 400;\">SIS Internacional<\/span><\/a><span style=\"font-weight: 400;\"> ofrece investigaci\u00f3n cuantitativa, cualitativa y estrat\u00e9gica. Proporcionamos datos, herramientas, estrategias, informes y conocimientos para la toma de decisiones. Tambi\u00e9n realizamos entrevistas, encuestas, grupos focales y otros m\u00e9todos y enfoques de investigaci\u00f3n de mercado.<\/span><a href=\"https:\/\/www.sisinternational.com\/es\/sobre-la-investigacion-internacional-de-sis\/contact-sis-international-market-research\/\"><span style=\"font-weight: 400;\"> P\u00f3ngase en contacto con nosotros<\/span><\/a><span style=\"font-weight: 400;\"> para su pr\u00f3ximo proyecto de Investigaci\u00f3n de Mercado.<\/span><\/p>\n<hr><\/div>\n<\/div>\n<\/div>\n\n\n\n<h2 class=\"wp-block-heading\"><\/h2>","protected":false},"excerpt":{"rendered":"<p>La investigaci\u00f3n de mercado de pruebas de sabor mon\u00e1dicas es una herramienta crucial para que las organizaciones modernas obtengan una comprensi\u00f3n imparcial de sus ofertas de productos.<\/p>","protected":false},"author":1,"featured_media":71818,"parent":47794,"menu_order":3,"comment_status":"closed","ping_status":"closed","template":"","meta":{"footnotes":""},"class_list":["post-43632","page","type-page","status-publish","has-post-thumbnail"],"_links":{"self":[{"href":"https:\/\/www.sisinternational.com\/es\/wp-json\/wp\/v2\/pages\/43632","targetHints":{"allow":["GET"]}}],"collection":[{"href":"https:\/\/www.sisinternational.com\/es\/wp-json\/wp\/v2\/pages"}],"about":[{"href":"https:\/\/www.sisinternational.com\/es\/wp-json\/wp\/v2\/types\/page"}],"author":[{"embeddable":true,"href":"https:\/\/www.sisinternational.com\/es\/wp-json\/wp\/v2\/users\/1"}],"replies":[{"embeddable":true,"href":"https:\/\/www.sisinternational.com\/es\/wp-json\/wp\/v2\/comments?post=43632"}],"version-history":[{"count":11,"href":"https:\/\/www.sisinternational.com\/es\/wp-json\/wp\/v2\/pages\/43632\/revisions"}],"predecessor-version":[{"id":85090,"href":"https:\/\/www.sisinternational.com\/es\/wp-json\/wp\/v2\/pages\/43632\/revisions\/85090"}],"up":[{"embeddable":true,"href":"https:\/\/www.sisinternational.com\/es\/wp-json\/wp\/v2\/pages\/47794"}],"wp:featuredmedia":[{"embeddable":true,"href":"https:\/\/www.sisinternational.com\/es\/wp-json\/wp\/v2\/media\/71818"}],"wp:attachment":[{"href":"https:\/\/www.sisinternational.com\/es\/wp-json\/wp\/v2\/media?parent=43632"}],"curies":[{"name":"wp","href":"https:\/\/api.w.org\/{rel}","templated":true}]}}