{"id":43618,"date":"2023-10-02T12:18:41","date_gmt":"2023-10-02T16:18:41","guid":{"rendered":"https:\/\/www.sisinternational.com\/?page_id=43618"},"modified":"2026-01-26T17:22:31","modified_gmt":"2026-01-26T22:22:31","slug":"investigacion-de-mercado-de-agentes-de-viajes-en-linea","status":"publish","type":"page","link":"https:\/\/www.sisinternational.com\/es\/pericia\/investigacion-de-mercado-de-agentes-de-viajes-en-linea\/","title":{"rendered":"Investigaci\u00f3n de mercado de agentes de viajes en l\u00ednea"},"content":{"rendered":"<h1 class=\"wp-block-heading\">Investigaci\u00f3n de mercado de agentes de viajes en l\u00ednea<\/h1>\n\n\n\n<figure class=\"gb-block-image gb-block-image-6b4ab6d1\"><img loading=\"lazy\" decoding=\"async\" width=\"1456\" height=\"816\" class=\"gb-image gb-image-6b4ab6d1\" src=\"https:\/\/www.sisinternational.com\/wp-content\/uploads\/2025\/08\/Travel-3.jpg\" alt=\"Investigaci\u00f3n y estrategia de mercado internacional de SIS\" title=\"Travel (3)\" srcset=\"https:\/\/www.sisinternational.com\/wp-content\/uploads\/2025\/08\/Travel-3.jpg 1456w, https:\/\/www.sisinternational.com\/wp-content\/uploads\/2025\/08\/Travel-3-300x168.jpg 300w, https:\/\/www.sisinternational.com\/wp-content\/uploads\/2025\/08\/Travel-3-1024x574.jpg 1024w, https:\/\/www.sisinternational.com\/wp-content\/uploads\/2025\/08\/Travel-3-768x430.jpg 768w, https:\/\/www.sisinternational.com\/wp-content\/uploads\/2025\/08\/Travel-3-18x10.jpg 18w\" sizes=\"auto, (max-width: 1456px) 100vw, 1456px\"><\/figure>\n\n\n\n<p><\/p>\n\n\n\n<p>\u00bfC\u00f3mo navegan los viajeros modernos por el vasto mundo de las reservas de vacaciones y las aventuras trotamundos? La respuesta: agencias de viajes online (OTA).<\/p>\n\n\n\n<p>Estos expertos digitales han revolucionado nuestro enfoque de los viajes, combinando una comodidad incomparable con una gran variedad de opciones y, a medida que el panorama de las OTA evoluciona r\u00e1pidamente, la importancia de la investigaci\u00f3n de mercado de las agencias de viajes en l\u00ednea pasa a primer plano.<\/p>\n\n\n\n<h2 class=\"wp-block-heading\">Beneficios de la investigaci\u00f3n de mercado de agentes de viajes en l\u00ednea<\/h2>\n\n\n\n<p>In an industry as dynamic and customer-centric as travel, understanding market trends, consumer behavior, and emerging opportunities is paramount. Online travel <a href=\"https:\/\/www.sisinternational.com\/es\/agentic-ai-in-market-research\/\" title=\"Agentic AI in Market Research\"  data-wpil-monitor-id=\"489\">agent market research<\/a> provides this critical lens, offering numerous advantages:<\/p>\n\n\n\n<ul class=\"wp-block-list\">\n<li><strong>Toma de decisiones informada:<\/strong> Comprehensive <a href=\"https:\/\/www.sisinternational.com\/es\/publicaciones\/ideas-sobre-viajes-aereos-repensando-la-cabina-del-avion\/\" title=\"Investigaci\u00f3n de mercado de viajes a\u00e9reos: repensar la cabina del avi\u00f3n\"  data-wpil-monitor-id=\"6501\">market research empowers travel<\/a> agencies to make decisions based on data and insights rather than relying solely on intuition or past practices.<\/li>\n\n\n\n<li><strong>Ventaja competitiva:<\/strong> Al mantenerse al tanto de las tendencias de la industria y comprender el panorama competitivo, las agencias de viajes pueden diferenciar sus servicios e identificar propuestas de venta \u00fanicas.<\/li>\n\n\n\n<li><strong>Mitigaci\u00f3n de riesgos:<\/strong> Al analizar las amenazas del mercado, los cambios en las preferencias de los consumidores y las posibles perturbaciones econ\u00f3micas o geopol\u00edticas, los agentes de viajes pueden prepararse y adaptarse mejor, minimizando as\u00ed los riesgos potenciales.<\/li>\n\n\n\n<li><strong>Previsi\u00f3n y planificaci\u00f3n futura:<\/strong> La investigaci\u00f3n de mercado de agentes de viajes ayuda a predecir tendencias futuras, lo que permite a las empresas elaborar estrategias de forma proactiva y capturar oportunidades emergentes.<\/li>\n\n\n\n<li><strong>Optimizaci\u00f3n de estrategias de marketing:<\/strong> Al comprender los datos demogr\u00e1ficos objetivo y sus preferencias, las agencias de viajes pueden dise\u00f1ar campa\u00f1as de marketing m\u00e1s efectivas, garantizando un mejor retorno de la inversi\u00f3n.<\/li>\n\n\n\n<li><strong>Mejorar la satisfacci\u00f3n del cliente:<\/strong> Los conocimientos de la investigaci\u00f3n permiten a los agentes de viajes perfeccionar sus servicios, lo que genera mejores experiencias y lealtad para los clientes.<\/li>\n\n\n\n<li><strong>Identificaci\u00f3n de fuentes de ingresos:<\/strong> Through comprehensive <a href=\"https:\/\/www.sisinternational.com\/es\/estudio-de-mercado-del-streaming-musical\/\" title=\"Estudio del mercado del streaming musical\"  data-wpil-monitor-id=\"2558\">Investigaci\u00f3n de mercado de agentes de viajes en l\u00ednea.<\/a>, agencies can spot underserved niches or emerging travel patterns, paving the way for new revenue-generating opportunities.<\/li>\n\n\n\n<li><strong>Mantenerse actualizado con las tendencias tecnol\u00f3gicas:<\/strong> En una era en la que la tecnolog\u00eda est\u00e1 remodelando los viajes, mantenerse informado sobre las \u00faltimas herramientas digitales, plataformas y preferencias de los viajeros puede cambiar las reglas del juego.<\/li>\n\n\n\n<li><strong>Comentarios y mejora continua:<\/strong> La investigaci\u00f3n de mercado proporciona retroalimentaci\u00f3n directa sobre los servicios, las experiencias de los clientes y las \u00e1reas de mejora, lo que permite a las agencias perfeccionar continuamente sus ofertas.<\/li>\n\n\n\n<li><strong>Perspectiva global:<\/strong> For travel agents looking to expand or diversify globally, <a href=\"https:\/\/www.sisinternational.com\/es\/pericia\/industrias\/investigacion-de-mercado-de-aplicaciones-de-citas-online\/\" title=\"Investigaci\u00f3n de mercado de aplicaciones de citas online\"  data-wpil-monitor-id=\"5943\">Investigaci\u00f3n de mercado de agentes de viajes en l\u00ednea.<\/a> offers insights into regional preferences, cultural nuances, and localized travel trends.<\/li>\n<\/ul>\n\n\n\n<h2 class=\"wp-block-heading\">Actores clave en el mercado de agentes de viajes en l\u00ednea<\/h2>\n\n\n\n<figure class=\"gb-block-image gb-block-image-5c656e13\"><img loading=\"lazy\" decoding=\"async\" width=\"1456\" height=\"816\" class=\"gb-image gb-image-5c656e13\" src=\"https:\/\/www.sisinternational.com\/wp-content\/uploads\/2025\/08\/Travel-7.jpg\" alt=\"Investigaci\u00f3n y estrategia de mercado internacional de SIS\" title=\"Travel (7)\" srcset=\"https:\/\/www.sisinternational.com\/wp-content\/uploads\/2025\/08\/Travel-7.jpg 1456w, https:\/\/www.sisinternational.com\/wp-content\/uploads\/2025\/08\/Travel-7-300x168.jpg 300w, https:\/\/www.sisinternational.com\/wp-content\/uploads\/2025\/08\/Travel-7-1024x574.jpg 1024w, https:\/\/www.sisinternational.com\/wp-content\/uploads\/2025\/08\/Travel-7-768x430.jpg 768w, https:\/\/www.sisinternational.com\/wp-content\/uploads\/2025\/08\/Travel-7-18x10.jpg 18w\" sizes=\"auto, (max-width: 1456px) 100vw, 1456px\"><\/figure>\n\n\n\n<p><\/p>\n\n\n\n<p>Navegar por el vasto panorama del sector OTA revela algunas figuras dominantes que han dado forma sustancialmente a la trayectoria de la industria. Estos actores clave han logrado hacerse con importantes cuotas de mercado gracias a sus enfoques innovadores, amplias ofertas y s\u00f3lida confianza de los clientes. \u00c9stos son algunos de los nombres l\u00edderes en la investigaci\u00f3n de mercado de agentes de viajes en l\u00ednea:<\/p>\n\n\n\n<ul class=\"wp-block-list\">\n<li><strong>Grupo Expedia:<\/strong> Expedia, un gigante en el espacio de las OTA, ofrece de todo, desde reservas de hotel hasta reservas de vuelos, alquiler de autom\u00f3viles y paquetes de vacaciones.<\/li>\n\n\n\n<li><strong>tripadvisor:<\/strong> Aunque tradicionalmente es conocido por sus rese\u00f1as de viajes, TripAdvisor se ha incursionado profundamente en el sector de las OTA, ofreciendo reservas de hoteles, vuelos y experiencias.<\/li>\n\n\n\n<li><strong>Airbnb:<\/strong> Airbnb, un disruptor en la industria de viajes, ofrece alojamiento y experiencias \u00fanicas en todo el mundo, desafiando las estad\u00edas en hoteles tradicionales.<\/li>\n<\/ul>\n\n\n\n<h2 class=\"wp-block-heading\">Tendencias actuales en la investigaci\u00f3n de mercado de agentes de viajes en l\u00ednea<\/h2>\n\n\n\n<p>The travel industry is influenced by several factors ranging from technology and economy to sociocultural shifts. In recent times, several trends have been identified through <a href=\"https:\/\/www.sisinternational.com\/es\/pericia\/industrias\/investigacion-de-mercado-de-seguimiento-de-tendencias\/\" title=\"Investigaci\u00f3n de mercado de seguimiento de tendencias\"  data-wpil-monitor-id=\"5456\">Investigaci\u00f3n de mercado de agentes de viajes en l\u00ednea.<\/a>, shaping the direction and strategies of travel agencies worldwide \u2013 and it includes trends such as:<\/p>\n\n\n\n<ul class=\"wp-block-list\">\n<li><strong>Aumento de los viajes experienciales:<\/strong> Los viajeros modernos, especialmente los millennials y la Generaci\u00f3n Z, priorizan las experiencias sobre el simple turismo. Esto incluye inmersi\u00f3n cultural, deportes de aventura, recorridos culinarios y retiros de bienestar.<\/li>\n\n\n\n<li><strong>Turismo Sostenible y Responsable:<\/strong> Cada vez m\u00e1s, los viajeros buscan destinos y agencias que promuevan pr\u00e1cticas ecol\u00f3gicas, respeten a las comunidades locales y contribuyan a los esfuerzos de conservaci\u00f3n.<\/li>\n\n\n\n<li><strong>Experiencias de viaje personalizadas:<\/strong> Con la ayuda de la tecnolog\u00eda, los agentes de viajes seleccionan itinerarios personalizados basados en preferencias individuales, haciendo que cada viaje sea \u00fanico.<\/li>\n\n\n\n<li><strong>Integraci\u00f3n de realidad virtual (VR) y realidad aumentada (AR):<\/strong> Muchas agencias est\u00e1n aprovechando la realidad virtual y la realidad aumentada para recorridos virtuales, lo que permite a los viajeros potenciales &quot;experimentar&quot; un lugar antes de reservar.<\/li>\n\n\n\n<li><strong>Enfoque m\u00f3vil primero:<\/strong> A medida que las reservas m\u00f3viles siguen aumentando, los agentes de viajes se centran en optimizar las plataformas y aplicaciones m\u00f3viles para mejorar la experiencia del usuario.<\/li>\n\n\n\n<li><strong>Uso de Big Data e IA:<\/strong> Las agencias de viajes est\u00e1n aprovechando el poder del an\u00e1lisis de datos y la inteligencia artificial para predecir tendencias, optimizar precios y ofrecer recomendaciones personalizadas.<\/li>\n\n\n\n<li><strong>Turismo de Salud y Bienestar:<\/strong> Los retiros de spa, las vacaciones de yoga y el turismo m\u00e9dico se est\u00e1n volviendo cada vez m\u00e1s populares, lo que indica una creciente demanda de itinerarios centrados en el bienestar.<\/li>\n\n\n\n<li><strong>Experiencias locales y fuera de lo com\u00fan:<\/strong> Los viajeros buscan experiencias locales aut\u00e9nticas y prefieren destinos menos conocidos para evitar lugares tur\u00edsticos abarrotados.<\/li>\n\n\n\n<li><strong>Aumento de los viajes en solitario:<\/strong> Con la creciente tendencia de las expediciones en solitario, las agencias de viajes est\u00e1n elaborando paquetes que atienden espec\u00edficamente a viajeros individuales.<\/li>\n\n\n\n<li><strong>Modelos de precios din\u00e1micos:<\/strong> Aprovechando los datos en tiempo real, muchas agencias est\u00e1n adoptando estrategias de precios din\u00e1micas para optimizar las reservas y los ingresos.<\/li>\n<\/ul>\n\n\n\n<h2 class=\"wp-block-heading\">Oportunidades e innovaciones en la investigaci\u00f3n de mercado de agentes de viajes en l\u00ednea<\/h2>\n\n\n\n<p>La r\u00e1pida evoluci\u00f3n de la tecnolog\u00eda y las cambiantes preferencias de los viajeros han abierto una nueva era para la industria de viajes. Este panorama est\u00e1 repleto de oportunidades e innovaciones que pueden diferenciar a las OTA con visi\u00f3n de futuro con oportunidades como:<\/p>\n\n\n\n<ul class=\"wp-block-list\">\n<li><strong>Chatbots y soporte 24 horas al d\u00eda, 7 d\u00edas a la semana:<\/strong> Los chatbots avanzados, impulsados por IA, pueden proporcionar respuestas instant\u00e1neas a las consultas de los viajeros, mejorando la experiencia del usuario y agilizando el proceso de reserva.<\/li>\n\n\n\n<li><strong>Informaci\u00f3n basada en datos:<\/strong> Aprovechar el an\u00e1lisis de big data para obtener conocimientos profundos sobre las tendencias del mercado, el comportamiento de los clientes y los posibles cambios futuros puede proporcionar a las OTA una ventaja competitiva.<\/li>\n\n\n\n<li><strong>B\u00fasqueda y reserva por voz:<\/strong> Con el auge de los parlantes inteligentes y los asistentes de voz, las OTA pueden innovar introduciendo funciones de b\u00fasqueda y reserva activadas por voz.<\/li>\n\n\n\n<li><strong>Programas de fidelizaci\u00f3n y gamificaci\u00f3n:<\/strong> Los programas de fidelizaci\u00f3n innovadores, junto con elementos de gamificaci\u00f3n, pueden impulsar la participaci\u00f3n de los usuarios y fomentar la repetici\u00f3n de reservas.<\/li>\n\n\n\n<li><strong>Soluciones de pago diversificadas:<\/strong> La integraci\u00f3n de una gama m\u00e1s amplia de opciones de pago, desde billeteras digitales hasta criptomonedas, puede atender a un grupo demogr\u00e1fico m\u00e1s amplio y facilitar el proceso de reserva.<\/li>\n\n\n\n<li><strong>Integraciones de seguridad y salud:<\/strong> Especialmente relevantes en un mundo pospand\u00e9mico, las OTA pueden integrar actualizaciones de salud y seguridad en tiempo real, garantizando que los viajeros est\u00e9n bien informados y puedan viajar con tranquilidad.<\/li>\n<\/ul>\n\n\n\n<h2 class=\"wp-block-heading\">Desaf\u00edos e inquietudes en la investigaci\u00f3n de mercado de agentes de viajes en l\u00ednea<\/h2>\n\n\n\n<figure class=\"gb-block-image gb-block-image-4c7929ab\"><img loading=\"lazy\" decoding=\"async\" width=\"1456\" height=\"816\" class=\"gb-image gb-image-4c7929ab\" src=\"https:\/\/www.sisinternational.com\/wp-content\/uploads\/2025\/08\/Travel-4.jpg\" alt=\"Investigaci\u00f3n y estrategia de mercado internacional de SIS\" title=\"Travel (4)\" srcset=\"https:\/\/www.sisinternational.com\/wp-content\/uploads\/2025\/08\/Travel-4.jpg 1456w, https:\/\/www.sisinternational.com\/wp-content\/uploads\/2025\/08\/Travel-4-300x168.jpg 300w, https:\/\/www.sisinternational.com\/wp-content\/uploads\/2025\/08\/Travel-4-1024x574.jpg 1024w, https:\/\/www.sisinternational.com\/wp-content\/uploads\/2025\/08\/Travel-4-768x430.jpg 768w, https:\/\/www.sisinternational.com\/wp-content\/uploads\/2025\/08\/Travel-4-18x10.jpg 18w\" sizes=\"auto, (max-width: 1456px) 100vw, 1456px\"><\/figure>\n\n\n\n<p><\/p>\n\n\n\n<p>Si bien las perspectivas de la industria de viajes siguen siendo prometedoras, los conocimientos de la investigaci\u00f3n de mercado de las agencias de viajes en l\u00ednea tambi\u00e9n resaltan varios desaf\u00edos y preocupaciones que las OTA deben abordar para mantener una ventaja competitiva y garantizar un crecimiento sostenido:<\/p>\n\n\n\n<ul class=\"wp-block-list\">\n<li><strong>Competencia y saturaci\u00f3n del mercado:<\/strong> Con una gran cantidad de OTA compitiendo por la atenci\u00f3n de los consumidores, destacarse en un mercado abarrotado es un desaf\u00edo constante.<\/li>\n\n\n\n<li><strong>Conflictos de comisiones con proveedores de servicios:<\/strong> Los hoteles, las aerol\u00edneas y otros proveedores de servicios a menudo tienen conflictos con las OTA sobre las tarifas de comisi\u00f3n y las reservas directas, lo que afecta las asociaciones.<\/li>\n\n\n\n<li><strong>Sensibilidades culturales y geopol\u00edticas:<\/strong> La naturaleza global de los viajes significa que las OTA deben ser conscientes de los matices culturales, las regulaciones locales y las tensiones geopol\u00edticas que pueden afectar las advertencias de viaje.<\/li>\n\n\n\n<li><strong>Volatilidad econ\u00f3mica:<\/strong> Factores como las crisis econ\u00f3micas, los desastres naturales o las pandemias pueden afectar dr\u00e1sticamente la demanda de viajes, planteando desaf\u00edos para los pron\u00f3sticos y las operaciones. Complejidades de la integraci\u00f3n: Garantizar una integraci\u00f3n perfecta de m\u00faltiples proveedores de servicios, desde aerol\u00edneas hasta operadores tur\u00edsticos locales, es un desaf\u00edo t\u00e9cnico y operativo.<\/li>\n<\/ul>","protected":false},"excerpt":{"rendered":"<p>Comprender las tendencias de viajes y el comportamiento de los consumidores es vital para el \u00e9xito. La investigaci\u00f3n de mercado de agentes de viajes en l\u00ednea ofrece numerosas ventajas.<\/p>","protected":false},"author":1,"featured_media":62581,"parent":14514,"menu_order":375,"comment_status":"closed","ping_status":"closed","template":"","meta":{"footnotes":""},"class_list":["post-43618","page","type-page","status-publish","has-post-thumbnail"],"_links":{"self":[{"href":"https:\/\/www.sisinternational.com\/es\/wp-json\/wp\/v2\/pages\/43618","targetHints":{"allow":["GET"]}}],"collection":[{"href":"https:\/\/www.sisinternational.com\/es\/wp-json\/wp\/v2\/pages"}],"about":[{"href":"https:\/\/www.sisinternational.com\/es\/wp-json\/wp\/v2\/types\/page"}],"author":[{"embeddable":true,"href":"https:\/\/www.sisinternational.com\/es\/wp-json\/wp\/v2\/users\/1"}],"replies":[{"embeddable":true,"href":"https:\/\/www.sisinternational.com\/es\/wp-json\/wp\/v2\/comments?post=43618"}],"version-history":[{"count":8,"href":"https:\/\/www.sisinternational.com\/es\/wp-json\/wp\/v2\/pages\/43618\/revisions"}],"predecessor-version":[{"id":80084,"href":"https:\/\/www.sisinternational.com\/es\/wp-json\/wp\/v2\/pages\/43618\/revisions\/80084"}],"up":[{"embeddable":true,"href":"https:\/\/www.sisinternational.com\/es\/wp-json\/wp\/v2\/pages\/14514"}],"wp:featuredmedia":[{"embeddable":true,"href":"https:\/\/www.sisinternational.com\/es\/wp-json\/wp\/v2\/media\/62581"}],"wp:attachment":[{"href":"https:\/\/www.sisinternational.com\/es\/wp-json\/wp\/v2\/media?parent=43618"}],"curies":[{"name":"wp","href":"https:\/\/api.w.org\/{rel}","templated":true}]}}