{"id":43614,"date":"2023-10-02T11:17:13","date_gmt":"2023-10-02T15:17:13","guid":{"rendered":"https:\/\/www.sisinternational.com\/?page_id=43614"},"modified":"2026-01-27T16:34:57","modified_gmt":"2026-01-27T21:34:57","slug":"organizaciones-de-investigacion-por-contrato-investigacion-de-mercado","status":"publish","type":"page","link":"https:\/\/www.sisinternational.com\/es\/pericia\/organizaciones-de-investigacion-por-contrato-investigacion-de-mercado\/","title":{"rendered":"Investigaci\u00f3n por contrato Organizaciones Investigaci\u00f3n de mercado"},"content":{"rendered":"<h1 class=\"wp-block-heading\">Investigaci\u00f3n por contrato Organizaciones Investigaci\u00f3n de mercado<\/h1>\n\n\n\n<figure class=\"gb-block-image gb-block-image-2233cb1c\"><img loading=\"lazy\" decoding=\"async\" width=\"1456\" height=\"816\" class=\"gb-image gb-image-2233cb1c\" src=\"https:\/\/www.sisinternational.com\/wp-content\/uploads\/2025\/08\/Contract-3.jpg\" alt=\"Investigaci\u00f3n y estrategia de mercado internacional de SIS\" title=\"Contract (3)\" srcset=\"https:\/\/www.sisinternational.com\/wp-content\/uploads\/2025\/08\/Contract-3.jpg 1456w, https:\/\/www.sisinternational.com\/wp-content\/uploads\/2025\/08\/Contract-3-300x168.jpg 300w, https:\/\/www.sisinternational.com\/wp-content\/uploads\/2025\/08\/Contract-3-1024x574.jpg 1024w, https:\/\/www.sisinternational.com\/wp-content\/uploads\/2025\/08\/Contract-3-768x430.jpg 768w, https:\/\/www.sisinternational.com\/wp-content\/uploads\/2025\/08\/Contract-3-18x10.jpg 18w\" sizes=\"auto, (max-width: 1456px) 100vw, 1456px\"><\/figure>\n\n\n\n<p><\/p>\n\n\n\n<p>El papel de las organizaciones de investigaci\u00f3n por contrato (CRO) nunca ha sido m\u00e1s cr\u00edtico. En el panorama farmac\u00e9utico y sanitario actual, estas organizaciones asumen la responsabilidad de optimizar el desarrollo de f\u00e1rmacos y los ensayos cl\u00ednicos. Por lo tanto, comprender este mercado se vuelve esencial para el \u00e9xito, y la investigaci\u00f3n de mercado de las organizaciones de investigaci\u00f3n por contrato surge como una gu\u00eda que no s\u00f3lo mide el pulso de la industria sino que tambi\u00e9n predice sus direcciones futuras.<\/p>\n\n\n\n<h2 class=\"wp-block-heading\">Por qu\u00e9 la investigaci\u00f3n de mercado es crucial para la industria CRO<\/h2>\n\n\n\n<p>CROs have an ever-evolving role that is key in the journey from drug conceptualization to market entry. Hence, the significance of understanding the industry&#8217;s nuances becomes paramount \u2013 and contract <a href=\"https:\/\/www.sisinternational.com\/es\/creacion-de-organos-con-impresoras-3d\/\" title=\"Creaci\u00f3n de \u00f3rganos e investigaci\u00f3n de mercado de impresoras 3D\"  data-wpil-monitor-id=\"2292\">research organizations market<\/a> research guides CROs through these complexities.<\/p>\n\n\n\n<p>Adem\u00e1s, <a href=\"https:\/\/www.sisinternational.com\/es\/dia-mundial-del-autismo\/\" title=\"Estudios de investigaci\u00f3n de mercado del autismo\"  data-wpil-monitor-id=\"7435\">market research studies<\/a> the ever-shifting needs and expectations of stakeholders, ranging from pharmaceutical giants to emerging biotech firms. As global markets expand and regulatory environments adapt, staying ahead of the curve is essential for any CRO aiming for success.<\/p>\n\n\n\n<h2 class=\"wp-block-heading\">Beneficios de la investigaci\u00f3n de mercado de las organizaciones de investigaci\u00f3n por contrato<\/h2>\n\n\n\n<p>Market research provides valuable insights for businesses but also paves the way for innovative breakthroughs. So, what are the key benefits of investing in contract research organizations <a href=\"https:\/\/www.sisinternational.com\/es\/soluciones\/investigacion-de-mercado-de-ia-y-consultoria-estrategica\/investigacion-de-mercado-de-chatbot-ai\/\" title=\"Investigaci\u00f3n de mercado de IA de chatbot\"  data-wpil-monitor-id=\"2769\">market<\/a> research?<\/p>\n\n\n\n<ul class=\"wp-block-list\">\n<li><strong>Perspectivas detalladas de la industria:<\/strong> Contract <a href=\"https:\/\/www.sisinternational.com\/es\/pericia\/industrias\/prueba-de-ubicacion-central-investigacion-de-mercado-clt\/\" title=\"Investigaci\u00f3n de mercado CLT\"  data-wpil-monitor-id=\"2825\">research organizations market<\/a> research offers an overview of the industry. Firms can identify market trends, understand customer preferences, and gauge the competitive landscape. With such comprehensive data, businesses can make informed decisions and strategize more effectively.<\/li>\n\n\n\n<li><strong>Eficiencia de costo:<\/strong> Realizar una investigaci\u00f3n de mercado interna puede resultar costoso y llevar mucho tiempo. Aprovechar la experiencia de una organizaci\u00f3n de investigaci\u00f3n por contrato significa que las empresas pueden acceder a herramientas y metodolog\u00edas de investigaci\u00f3n de primer nivel sin los costos generales de mantener un equipo interno.<\/li>\n\n\n\n<li><strong>Escalabilidad y flexibilidad:<\/strong> La investigaci\u00f3n de mercado CRO brinda la flexibilidad de ampliar o reducir los esfuerzos de investigaci\u00f3n seg\u00fan las demandas actuales. Esto significa que las empresas pueden adaptarse r\u00e1pidamente sin la molestia de reestructurar un equipo interno.<\/li>\n\n\n\n<li><strong>Informes objetivos:<\/strong> An external research organization brings an unbiased perspective. There&#8217;s no internal influence, ensuring the results of the contract <a href=\"https:\/\/www.sisinternational.com\/es\/cobertura\/investigacion-de-mercado-en-australia\/\" title=\"Investigaci\u00f3n de mercado en Australia\"  data-wpil-monitor-id=\"2875\">research organization market<\/a> research are impartial and objective, making them more reliable.<\/li>\n\n\n\n<li><strong>Gesti\u00f3n de riesgos:<\/strong> Con una investigaci\u00f3n de mercado precisa y exhaustiva, las empresas pueden identificar riesgos potenciales con anticipaci\u00f3n. Esto les permite dise\u00f1ar estrategias para contrarrestar estos riesgos, asegurando que sigan siendo competitivos y resilientes.<\/li>\n\n\n\n<li><strong>Control de calidad:<\/strong> Dada su especializaci\u00f3n, los CRO suelen contar con rigurosos procedimientos de control de calidad. Esto garantiza que los datos recopilados no solo sean precisos sino tambi\u00e9n relevantes, lo que reduce el riesgo de tomar decisiones basadas en informaci\u00f3n err\u00f3nea.<\/li>\n<\/ul>\n\n\n\n<h2 class=\"wp-block-heading\">Investigaci\u00f3n de mercado de organizaciones de investigaci\u00f3n por contrato: oportunidades<\/h2>\n\n\n\n<p>Navegar por el sector de la salud puede ser un desaf\u00edo abrumador. Sin embargo, para las empresas que comprenden el valor de las estrategias basadas en conocimientos, la investigaci\u00f3n de mercado de CRO presenta una mina de oro de oportunidades. En particular, las empresas pueden explorar varias oportunidades como:<\/p>\n\n\n\n<ul class=\"wp-block-list\">\n<li><strong>Crecimiento de ingresos:<\/strong> Al identificar brechas en el mercado, regiones sin explotar o nichos desatendidos, las empresas pueden posicionarse estrat\u00e9gicamente para capitalizar estas oportunidades, lo que genera crecimiento y expansi\u00f3n de los ingresos.<\/li>\n\n\n\n<li><strong>Fortalecimiento de colaboraciones:<\/strong> Insights derived from contract <a href=\"https:\/\/www.sisinternational.com\/es\/investigacion-de-mercado-en-africa-2\/\" title=\"Investigaci\u00f3n de mercado en \u00c1frica\"  data-wpil-monitor-id=\"2951\">research organizations market<\/a> research can highlight potential partnerships or collaborations that can be mutually beneficial, allowing businesses to leverage shared resources and expertise.<\/li>\n\n\n\n<li><strong>Desarrollo de la fuerza laboral:<\/strong> Comprender las complejidades del mercado tambi\u00e9n resalta \u00e1reas donde las empresas podr\u00edan necesitar mejorar las habilidades de su fuerza laboral o incorporar talento especializado, asegurando que sigan siendo h\u00e1biles y \u00e1giles en un panorama cambiante.<\/li>\n<\/ul>\n\n\n\n<h2 class=\"wp-block-heading\">Desaf\u00edos y limitaciones en la investigaci\u00f3n de mercado de las organizaciones de investigaci\u00f3n por contrato<\/h2>\n\n\n\n<figure class=\"gb-block-image gb-block-image-d5f5d9ee\"><img loading=\"lazy\" decoding=\"async\" width=\"1456\" height=\"816\" class=\"gb-image gb-image-d5f5d9ee\" src=\"https:\/\/www.sisinternational.com\/wp-content\/uploads\/2025\/08\/Contract-2.jpg\" alt=\"Investigaci\u00f3n y estrategia de mercado internacional de SIS\" title=\"Contract (2)\" srcset=\"https:\/\/www.sisinternational.com\/wp-content\/uploads\/2025\/08\/Contract-2.jpg 1456w, https:\/\/www.sisinternational.com\/wp-content\/uploads\/2025\/08\/Contract-2-300x168.jpg 300w, https:\/\/www.sisinternational.com\/wp-content\/uploads\/2025\/08\/Contract-2-1024x574.jpg 1024w, https:\/\/www.sisinternational.com\/wp-content\/uploads\/2025\/08\/Contract-2-768x430.jpg 768w, https:\/\/www.sisinternational.com\/wp-content\/uploads\/2025\/08\/Contract-2-18x10.jpg 18w\" sizes=\"auto, (max-width: 1456px) 100vw, 1456px\"><\/figure>\n\n\n\n<p><\/p>\n\n\n\n<p>Si bien la investigaci\u00f3n de mercado ha demostrado ser una herramienta fundamental para las empresas de la industria CRO, es esencial reconocer sus desaf\u00edos y limitaciones. Abordar estas preocupaciones permite un enfoque m\u00e1s hol\u00edstico y garantiza que los conocimientos derivados sean precisos y procesables.<\/p>\n\n\n\n<ul class=\"wp-block-list\">\n<li><strong>Panorama regulatorio que cambia r\u00e1pidamente:<\/strong> The pharmaceutical and healthcare sectors are governed by a dynamic set of regulations that can vary across regions. Keeping up with these ever-evolving guidelines through contract <a href=\"https:\/\/www.sisinternational.com\/es\/soluciones\/soluciones-de-branding-e-investigacion-de-clientes\/gestion-del-ciclo-de-vida\/\" title=\"Investigaci\u00f3n de mercado del ciclo de vida\"  data-wpil-monitor-id=\"2986\">research organizations market<\/a> research can be extremely challenging.<\/li>\n\n\n\n<li><strong>Limitaciones temporales:<\/strong> The insights derived from contract <a href=\"https:\/\/www.sisinternational.com\/es\/pericia\/industrias\/investigacion-de-mercado-de-polimeros\/\" title=\"Investigaci\u00f3n de mercado de pol\u00edmeros\"  data-wpil-monitor-id=\"3020\">research organization market<\/a> research are often time-sensitive. As the industry evolves, previous data can become obsolete, requiring constant updates.<\/li>\n\n\n\n<li><strong>Espionaje competitivo:<\/strong> En una industria altamente competitiva, siempre existe el riesgo de que los datos de investigaci\u00f3n caigan en las manos equivocadas, lo que genera posibles riesgos comerciales.<\/li>\n<\/ul>\n\n\n\n<h2 class=\"wp-block-heading\">Perspectivas futuras de la investigaci\u00f3n de mercado de las organizaciones de investigaci\u00f3n por contrato<\/h2>\n\n\n\n<figure class=\"gb-block-image gb-block-image-2e27e564\"><img loading=\"lazy\" decoding=\"async\" width=\"1456\" height=\"816\" class=\"gb-image gb-image-2e27e564\" src=\"https:\/\/www.sisinternational.com\/wp-content\/uploads\/2025\/08\/Smart-contract-8.jpg\" alt=\"Investigaci\u00f3n y estrategia de mercado internacional de SIS\" title=\"Smart contract (8)\" srcset=\"https:\/\/www.sisinternational.com\/wp-content\/uploads\/2025\/08\/Smart-contract-8.jpg 1456w, https:\/\/www.sisinternational.com\/wp-content\/uploads\/2025\/08\/Smart-contract-8-300x168.jpg 300w, https:\/\/www.sisinternational.com\/wp-content\/uploads\/2025\/08\/Smart-contract-8-1024x574.jpg 1024w, https:\/\/www.sisinternational.com\/wp-content\/uploads\/2025\/08\/Smart-contract-8-768x430.jpg 768w, https:\/\/www.sisinternational.com\/wp-content\/uploads\/2025\/08\/Smart-contract-8-18x10.jpg 18w\" sizes=\"auto, (max-width: 1456px) 100vw, 1456px\"><\/figure>\n\n\n\n<p><\/p>\n\n\n\n<p>The world of business is in a state of constant flux, influenced by technological advancements, evolving consumer demands, and global economic shifts. For this reason, CRO market <a href=\"https:\/\/www.sisinternational.com\/es\/pericia\/industrias\/investigacion-de-mercado-farmaceutico\/\" title=\"Investigaci\u00f3n de mercado farmac\u00e9utico\"  data-wpil-monitor-id=\"6310\">investigaci\u00f3n<\/a> is expected to make significant changes as the whole pharmaceutical industry is set for transformative changes. Here&#8217;s a glance at the future outlook of contract <a href=\"https:\/\/www.sisinternational.com\/es\/pericia\/industrias\/investigacion-de-mercado-de-fideos\/\" title=\"Investigaci\u00f3n de mercado de fideos\"  data-wpil-monitor-id=\"3045\">research organization market<\/a> research:<\/p>\n\n\n\n<ul class=\"wp-block-list\">\n<li><strong>Integraci\u00f3n de Tecnolog\u00edas Avanzadas:<\/strong> Con el auge de la inteligencia artificial (IA) y el aprendizaje autom\u00e1tico, los CRO aprovechar\u00e1n estas herramientas para obtener conocimientos m\u00e1s profundos de los datos. El an\u00e1lisis de datos automatizado, el an\u00e1lisis predictivo y los informes en tiempo real se convertir\u00e1n en caracter\u00edsticas est\u00e1ndar, mejorando la calidad y la velocidad de la investigaci\u00f3n.<\/li>\n\n\n\n<li><strong>Expansi\u00f3n global:<\/strong> A medida que las empresas ampl\u00edan su alcance, existe una creciente necesidad de realizar investigaciones de mercado que abarquen diversas ubicaciones geogr\u00e1ficas. Los CRO formar\u00e1n alianzas globales o establecer\u00e1n sucursales en varios pa\u00edses, asegurando que puedan atender a clientes multinacionales con conocimientos localizados.<\/li>\n\n\n\n<li><strong>Soluciones de investigaci\u00f3n personalizadas:<\/strong> Los CRO ofrecer\u00e1n soluciones de investigaci\u00f3n personalizadas adaptadas a las necesidades y matices espec\u00edficos de las empresas individuales. Este nivel de personalizaci\u00f3n garantizar\u00e1 que los resultados de la investigaci\u00f3n est\u00e9n m\u00e1s alineados con los objetivos del cliente.<\/li>\n\n\n\n<li><strong>Centrarse en la evidencia del mundo real:<\/strong> La demanda de evidencia del mundo real en sectores como el de la salud y el farmac\u00e9utico est\u00e1 aumentando. Los CRO evolucionar\u00e1n sus metodolog\u00edas para capturar datos de entornos del mundo real, garantizando conocimientos m\u00e1s pr\u00e1cticos y aplicables.<\/li>\n\n\n\n<li><strong>Mayor colaboraci\u00f3n con las industrias:<\/strong> Contract <a href=\"https:\/\/www.sisinternational.com\/es\/pericia\/industrias\/investigacion-de-mercado-de-plasticos\/\" title=\"Investigaci\u00f3n de mercado de pl\u00e1sticos\"  data-wpil-monitor-id=\"3074\">research organizations market<\/a> research will see deeper collaborations with the industries they serve. This will not only refine research methodologies but also create a symbiotic relationship where industries and CROs innovate together.<\/li>\n\n\n\n<li><strong>Pr\u00e1cticas de investigaci\u00f3n sostenible:<\/strong> A medida que la sostenibilidad se convierta en una prioridad global, las CRO integrar\u00e1n pr\u00e1cticas ecol\u00f3gicas y sostenibles en sus operaciones. Esto podr\u00eda abarcar desde m\u00e9todos de investigaci\u00f3n que prioricen lo digital y que reduzcan el consumo de papel hasta infraestructuras energ\u00e9ticamente eficientes.<\/li>\n\n\n\n<li><strong>Servicios de valor a\u00f1adido:<\/strong> M\u00e1s all\u00e1 de la investigaci\u00f3n de mercado tradicional, los CRO ofrecer\u00e1n servicios adicionales como an\u00e1lisis avanzados, consultor\u00eda o asesoramiento estrat\u00e9gico, posicion\u00e1ndose como socios comerciales hol\u00edsticos en lugar de simplemente proveedores de investigaci\u00f3n.<\/li>\n<\/ul>","protected":false},"excerpt":{"rendered":"<p>En el panorama sanitario y farmac\u00e9utico actual, las organizaciones de investigaci\u00f3n por contrato (CRO) agilizan el desarrollo de f\u00e1rmacos y los ensayos cl\u00ednicos.<\/p>","protected":false},"author":1,"featured_media":64251,"parent":14514,"menu_order":374,"comment_status":"closed","ping_status":"closed","template":"","meta":{"footnotes":""},"class_list":["post-43614","page","type-page","status-publish","has-post-thumbnail"],"_links":{"self":[{"href":"https:\/\/www.sisinternational.com\/es\/wp-json\/wp\/v2\/pages\/43614","targetHints":{"allow":["GET"]}}],"collection":[{"href":"https:\/\/www.sisinternational.com\/es\/wp-json\/wp\/v2\/pages"}],"about":[{"href":"https:\/\/www.sisinternational.com\/es\/wp-json\/wp\/v2\/types\/page"}],"author":[{"embeddable":true,"href":"https:\/\/www.sisinternational.com\/es\/wp-json\/wp\/v2\/users\/1"}],"replies":[{"embeddable":true,"href":"https:\/\/www.sisinternational.com\/es\/wp-json\/wp\/v2\/comments?post=43614"}],"version-history":[{"count":15,"href":"https:\/\/www.sisinternational.com\/es\/wp-json\/wp\/v2\/pages\/43614\/revisions"}],"predecessor-version":[{"id":81066,"href":"https:\/\/www.sisinternational.com\/es\/wp-json\/wp\/v2\/pages\/43614\/revisions\/81066"}],"up":[{"embeddable":true,"href":"https:\/\/www.sisinternational.com\/es\/wp-json\/wp\/v2\/pages\/14514"}],"wp:featuredmedia":[{"embeddable":true,"href":"https:\/\/www.sisinternational.com\/es\/wp-json\/wp\/v2\/media\/64251"}],"wp:attachment":[{"href":"https:\/\/www.sisinternational.com\/es\/wp-json\/wp\/v2\/media?parent=43614"}],"curies":[{"name":"wp","href":"https:\/\/api.w.org\/{rel}","templated":true}]}}