{"id":43594,"date":"2023-10-01T22:40:39","date_gmt":"2023-10-02T02:40:39","guid":{"rendered":"https:\/\/www.sisinternational.com\/?page_id=43594"},"modified":"2026-01-26T18:49:13","modified_gmt":"2026-01-26T23:49:13","slug":"estudio-de-mercado-de-ropa-deportiva","status":"publish","type":"page","link":"https:\/\/www.sisinternational.com\/es\/pericia\/estudio-de-mercado-de-ropa-deportiva\/","title":{"rendered":"Investigaci\u00f3n de mercado de ropa deportiva"},"content":{"rendered":"<h1 class=\"wp-block-heading\">Investigaci\u00f3n de mercado de ropa deportiva<\/h1>\n\n\n\n<figure class=\"gb-block-image gb-block-image-daef30b7\"><img loading=\"lazy\" decoding=\"async\" width=\"1456\" height=\"816\" class=\"gb-image gb-image-daef30b7\" src=\"https:\/\/www.sisinternational.com\/wp-content\/uploads\/2025\/08\/Swimwear-3.jpg\" alt=\"Investigaci\u00f3n y estrategia de mercado internacional de SIS\" title=\"Swimwear (3)\" srcset=\"https:\/\/www.sisinternational.com\/wp-content\/uploads\/2025\/08\/Swimwear-3.jpg 1456w, https:\/\/www.sisinternational.com\/wp-content\/uploads\/2025\/08\/Swimwear-3-300x168.jpg 300w, https:\/\/www.sisinternational.com\/wp-content\/uploads\/2025\/08\/Swimwear-3-1024x574.jpg 1024w, https:\/\/www.sisinternational.com\/wp-content\/uploads\/2025\/08\/Swimwear-3-768x430.jpg 768w, https:\/\/www.sisinternational.com\/wp-content\/uploads\/2025\/08\/Swimwear-3-18x10.jpg 18w\" sizes=\"auto, (max-width: 1456px) 100vw, 1456px\"><\/figure>\n\n\n\n<p><\/p>\n\n\n\n<p>En el acelerado mundo actual, la l\u00ednea entre moda, funcionalidad y fitness se est\u00e1 volviendo cada vez m\u00e1s borrosa, y esto es m\u00e1s evidente en la industria de la ropa deportiva. La industria mundial de ropa deportiva ha experimentado un aumento en la demanda, la innovaci\u00f3n y la diversificaci\u00f3n. Sin embargo, este crecimiento expansivo trae consigo una intrincada red de preferencias de los consumidores, tendencias regionales e innovaciones de dise\u00f1o en constante evoluci\u00f3n.<\/p>\n\n\n\n<p>Por lo tanto, a trav\u00e9s de la lente de esta investigaci\u00f3n de mercado de ropa deportiva, las partes interesadas pueden comprender patrones, anticipar cambios y posicionarse de manera efectiva en un mercado muy competitivo.<\/p>\n\n\n\n<h2 class=\"wp-block-heading\">\u00bfQu\u00e9 es la investigaci\u00f3n de mercado de Ropa deportiva?<\/h2>\n\n\n\n<p>La investigaci\u00f3n de mercado de ropa deportiva es un examen y una evaluaci\u00f3n sistem\u00e1ticos de la industria de la ropa deportiva. Estudia los matices de los productos, las preferencias de los consumidores, la din\u00e1mica del mercado y los factores que impulsan la oferta y la demanda dentro del sector de ropa deportiva.<\/p>\n\n\n\n<p>Esta investigaci\u00f3n tiene como objetivo proporcionar a las marcas, los minoristas y otras partes interesadas conocimientos basados en datos que puedan guiar los procesos de toma de decisiones. La investigaci\u00f3n de mercado de ropa deportiva examina un amplio espectro, desde las preferencias de dise\u00f1o de productos y las integraciones tecnol\u00f3gicas hasta la sensibilidad a los precios y la eficacia del canal de distribuci\u00f3n.<\/p>\n\n\n\n<h2 class=\"wp-block-heading\">Beneficios de la investigaci\u00f3n de mercado de ropa deportiva<\/h2>\n\n\n\n<p>La investigaci\u00f3n de mercado de ropa deportiva es m\u00e1s que una simple recopilaci\u00f3n de datos; es una herramienta estrat\u00e9gica que puede impulsar una marca a nuevas alturas y diferenciarla en el mercado. Estos son algunos de los beneficios que esta investigaci\u00f3n ofrece a las empresas:<\/p>\n\n\n\n<ul class=\"wp-block-list\">\n<li><strong>Desarrollo de productos a medida:<\/strong> Con una comprensi\u00f3n clara de las preferencias de los consumidores, las marcas pueden dise\u00f1ar e introducir productos que resuenen con el p\u00fablico objetivo, mejorando as\u00ed las tasas de \u00e9xito del producto.<\/li>\n\n\n\n<li><strong>Mercadeo estrat\u00e9gico:<\/strong> Al comprender las personalidades de los consumidores y sus comportamientos de compra, las empresas pueden dise\u00f1ar campa\u00f1as de marketing personalizadas, garantizando que los mensajes resuenen de manera m\u00e1s profunda y efectiva en la audiencia objetivo.<\/li>\n\n\n\n<li><strong>Ventaja competitiva:<\/strong> La investigaci\u00f3n de mercado de ropa deportiva proporciona un conocimiento integral sobre los competidores (desde su gama de productos hasta t\u00e1cticas de marketing) y permite a las marcas diferenciarse, detectar brechas en el mercado y mantenerse un paso por delante en el panorama competitivo.<\/li>\n\n\n\n<li><strong>Precios optimizados:<\/strong> Con informaci\u00f3n sobre la disposici\u00f3n a pagar de los consumidores, las estructuras de costos y los precios de la competencia, las marcas pueden establecer precios que optimicen la rentabilidad y al mismo tiempo garanticen el valor para el cliente.<\/li>\n\n\n\n<li><strong>Eficiencia de la cadena de suministro:<\/strong> Al anticipar los patrones de demanda y comprender las tendencias del mercado, las empresas pueden optimizar sus cadenas de suministro, lo que genera costos reducidos y tiempos de respuesta m\u00e1s r\u00e1pidos.<\/li>\n\n\n\n<li><strong>La reducci\u00f3n de riesgos:<\/strong> La investigaci\u00f3n de mercado de ropa deportiva identifica desaf\u00edos potenciales y cambios en el mercado desde el principio. Este enfoque proactivo permite a las empresas dise\u00f1ar estrategias para mitigar los riesgos y sortear posibles obst\u00e1culos.<\/li>\n\n\n\n<li><strong>Oportunidades de expansi\u00f3n:<\/strong> Para las marcas que buscan aventurarse en nuevos mercados o datos demogr\u00e1ficos, la investigaci\u00f3n de mercado de ropa deportiva ofrece una hoja de ruta que describe oportunidades, desaf\u00edos potenciales y preferencias de los consumidores en territorios inexplorados.<\/li>\n\n\n\n<li><strong>Posicionamiento de marca fortalecido:<\/strong> Al alinearse con los valores y necesidades de los consumidores y abordar puntos d\u00e9biles espec\u00edficos, las marcas pueden fortalecer su posicionamiento en el mercado y generar una mayor lealtad a la marca.<\/li>\n\n\n\n<li><strong>Bucle de retroalimentaci\u00f3n:<\/strong> La investigaci\u00f3n de mercado establece un mecanismo de retroalimentaci\u00f3n que permite a las empresas comprender las percepciones de los consumidores sobre sus productos, identificar \u00e1reas de mejora y realizar los ajustes necesarios.<\/li>\n\n\n\n<li><strong>Asignaci\u00f3n de recursos:<\/strong> Con una comprensi\u00f3n clara del potencial del mercado y las \u00e1reas de crecimiento, las empresas pueden asignar recursos (ya sea capital, mano de obra o presupuestos de marketing) de manera m\u00e1s efectiva y eficiente.<\/li>\n<\/ul>\n\n\n\n<h2 class=\"wp-block-heading\">Actores clave en el mercado de ropa deportiva<\/h2>\n\n\n\n<figure class=\"gb-block-image gb-block-image-fa0ac7cf\"><img loading=\"lazy\" decoding=\"async\" width=\"1456\" height=\"816\" class=\"gb-image gb-image-fa0ac7cf\" src=\"https:\/\/www.sisinternational.com\/wp-content\/uploads\/2025\/08\/Smart-clothes-smart-textiles-4.jpg\" alt=\"Investigaci\u00f3n y estrategia de mercado internacional de SIS\" title=\"Smart clothes smart textiles (4)\" srcset=\"https:\/\/www.sisinternational.com\/wp-content\/uploads\/2025\/08\/Smart-clothes-smart-textiles-4.jpg 1456w, https:\/\/www.sisinternational.com\/wp-content\/uploads\/2025\/08\/Smart-clothes-smart-textiles-4-300x168.jpg 300w, https:\/\/www.sisinternational.com\/wp-content\/uploads\/2025\/08\/Smart-clothes-smart-textiles-4-1024x574.jpg 1024w, https:\/\/www.sisinternational.com\/wp-content\/uploads\/2025\/08\/Smart-clothes-smart-textiles-4-768x430.jpg 768w, https:\/\/www.sisinternational.com\/wp-content\/uploads\/2025\/08\/Smart-clothes-smart-textiles-4-18x10.jpg 18w\" sizes=\"auto, (max-width: 1456px) 100vw, 1456px\"><\/figure>\n\n\n\n<p><\/p>\n\n\n\n<p>El mercado de la ropa deportiva es un \u00e1mbito din\u00e1mico caracterizado por una intensa competencia, innovaci\u00f3n y una importante lealtad a la marca. Por lo tanto, varios actores dan forma al panorama de la industria. He aqu\u00ed un vistazo a algunos de los actores clave en el mercado mundial de ropa deportiva:<\/p>\n\n\n\n<ul class=\"wp-block-list\">\n<li><strong>Nike:<\/strong> Esta multinacional americana es una fuerza a tener en cuenta en la industria de la ropa deportiva. Nike tiene una fuerte presencia global y continuamente traspasa los l\u00edmites con sus dise\u00f1os innovadores y campa\u00f1as de marketing.<\/li>\n\n\n\n<li><strong>Adidas:<\/strong> Adidas es otro gigante en el campo de la ropa deportiva. Con una rica historia que se remonta a 1949, la marca ofrece una amplia gama de productos deportivos y ha logrado importantes avances en los segmentos de moda y estilo de vida.<\/li>\n\n\n\n<li><strong>Debajo de la armadura:<\/strong> Esta empresa estadounidense ha crecido r\u00e1pidamente hasta convertirse en un actor clave en el mercado de ropa deportiva, especializ\u00e1ndose en ropa de alto rendimiento que mantiene a los atletas frescos y secos.<\/li>\n\n\n\n<li><strong>Puma:<\/strong> Otro gigante alem\u00e1n, Puma, ofrece una amplia gama de calzado, indumentaria y accesorios deportivos e informales. A lo largo de los a\u00f1os, Puma ha consolidado su posici\u00f3n con asociaciones y respaldos estrat\u00e9gicos.<\/li>\n\n\n\n<li><strong>Reebok:<\/strong> Inicialmente una marca fundada en Gran Breta\u00f1a, Reebok es ahora una subsidiaria de Adidas. Conocida por su calzado y ropa, Reebok tiene un s\u00f3lido legado en aer\u00f3bicos, carreras y, m\u00e1s recientemente, CrossFit.<\/li>\n<\/ul>\n\n\n\n<h2 class=\"wp-block-heading\">Oportunidades en el mercado de la ropa deportiva<\/h2>\n\n\n\n<p>La industria de la ropa deportiva est\u00e1 llena de oportunidades debido a las olas de innovaci\u00f3n, la evoluci\u00f3n de las preferencias de los consumidores y las tendencias en auge de la salud y el bienestar. Por lo tanto, la investigaci\u00f3n de mercado de ropa deportiva orienta a las empresas hacia estas perspectivas doradas. Estas son algunas de las oportunidades prometedoras que las empresas pueden aprovechar:<\/p>\n\n\n\n<ul class=\"wp-block-list\">\n<li><strong>The Rise of <a class=\"wpil_keyword_link\" href=\"https:\/\/www.sisinternational.com\/es\/pericia\/industrias\/investigacion-de-mercado-de-ocio-deportivo\/\"   title=\"Investigaci\u00f3n de mercado de ocio deportivo\" data-wpil-keyword-link=\"linked\"  data-wpil-monitor-id=\"660\">Athleisure<\/a>:<\/strong> A medida que la l\u00ednea entre la ropa deportiva y la ropa casual contin\u00faa difumin\u00e1ndose, existe una creciente demanda de prendas vers\u00e1tiles que puedan pasar sin problemas del gimnasio a la cafeter\u00eda. La investigaci\u00f3n de mercado de ropa deportiva indica que esta tendencia ofrece a las marcas un amplio margen para innovar.<\/li>\n\n\n\n<li><strong>Ropa deportiva sostenible:<\/strong> El consumidor moderno es cada vez m\u00e1s consciente del medio ambiente. Las marcas que pueden ofrecer alternativas sostenibles y respetuosas con el medio ambiente sin comprometer el rendimiento tienen una ventaja competitiva. Este cambio hacia la sostenibilidad est\u00e1 respaldado por estudios de mercado de ropa deportiva, que subrayan su viabilidad a largo plazo.<\/li>\n\n\n\n<li><strong>Integraci\u00f3n Tecnol\u00f3gica:<\/strong> Ya sea ropa deportiva con rastreadores de actividad f\u00edsica incorporados, zapatos inteligentes que se ajustan electr\u00f3nicamente o prendas que monitorean m\u00e9tricas fisiol\u00f3gicas, la ropa deportiva con tecnolog\u00eda es el futuro. La investigaci\u00f3n del mercado de ropa deportiva muestra un creciente apetito de los consumidores por este tipo de innovaciones.<\/li>\n\n\n\n<li><strong>Personalizaci\u00f3n:<\/strong> Los estudios de mercado han destacado que los equipos de fitness personalizados, desde zapatos dise\u00f1ados para arcos espec\u00edficos del pie hasta equipos de entrenamiento dise\u00f1ados para preferencias individuales, son un \u00e1rea de crecimiento importante.<\/li>\n\n\n\n<li><a href=\"https:\/\/www.sisinternational.com\/es\/economia-estonia\/\" title=\"Investigaci\u00f3n de mercado econ\u00f3mico en Estonia\"  data-wpil-monitor-id=\"2938\">Emerging Markets: Sportswear market research<\/a> points to untapped potential in emerging markets like Southeast Asia, Africa, and parts of Latin America. Brands willing to localize their offerings and strategies for these regions can carve a niche for themselves.<\/li>\n\n\n\n<li><strong>Segmentos especializados:<\/strong> Existe una demanda creciente de ropa deportiva adaptada a deportes o actividades espec\u00edficas como yoga, entrenamiento cruzado o carreras de marat\u00f3n. Al especializarse, las marcas pueden atender a estos segmentos especializados pero florecientes.<\/li>\n\n\n\n<li><strong>Tama\u00f1os y dise\u00f1os inclusivos:<\/strong> Los estudios de mercado de la ropa deportiva indican una fuerte demanda de tallas inclusivas, que se adapten a todo tipo de cuerpo. Las marcas que ofrecen una gama m\u00e1s amplia y celebran la diversidad corporal resuenan mejor entre el p\u00fablico moderno.<\/li>\n\n\n\n<li><strong>Equipo de bienestar y recuperaci\u00f3n:<\/strong> M\u00e1s all\u00e1 del desempe\u00f1o, hay un creciente enfoque en la recuperaci\u00f3n. Productos como la ropa de compresi\u00f3n, que ayuda a la recuperaci\u00f3n muscular, o el equipo que favorece el bienestar mental, han experimentado una mayor demanda, como lo indican los estudios de mercado de ropa deportiva.<\/li>\n<\/ul>\n\n\n\n<h2 class=\"wp-block-heading\">Desaf\u00edos en el mercado de la ropa deportiva<\/h2>\n\n\n\n<figure class=\"gb-block-image gb-block-image-31d2f328\"><img loading=\"lazy\" decoding=\"async\" width=\"1456\" height=\"816\" class=\"gb-image gb-image-31d2f328\" src=\"https:\/\/www.sisinternational.com\/wp-content\/uploads\/2025\/08\/Smart-clothes-smart-textiles-5.jpg\" alt=\"Investigaci\u00f3n y estrategia de mercado internacional de SIS\" title=\"Smart clothes smart textiles (5)\" srcset=\"https:\/\/www.sisinternational.com\/wp-content\/uploads\/2025\/08\/Smart-clothes-smart-textiles-5.jpg 1456w, https:\/\/www.sisinternational.com\/wp-content\/uploads\/2025\/08\/Smart-clothes-smart-textiles-5-300x168.jpg 300w, https:\/\/www.sisinternational.com\/wp-content\/uploads\/2025\/08\/Smart-clothes-smart-textiles-5-1024x574.jpg 1024w, https:\/\/www.sisinternational.com\/wp-content\/uploads\/2025\/08\/Smart-clothes-smart-textiles-5-768x430.jpg 768w, https:\/\/www.sisinternational.com\/wp-content\/uploads\/2025\/08\/Smart-clothes-smart-textiles-5-18x10.jpg 18w\" sizes=\"auto, (max-width: 1456px) 100vw, 1456px\"><\/figure>\n\n\n\n<p><\/p>\n\n\n\n<p>La industria de la ropa deportiva tambi\u00e9n enfrenta numerosos desaf\u00edos. Estos obst\u00e1culos, que van desde la evoluci\u00f3n de las preferencias de los consumidores hasta las complejidades de la cadena de suministro, deben abordarse estrat\u00e9gicamente para que las empresas prosperen. La investigaci\u00f3n de mercado de ropa deportiva ofrece una lupa que se centra en estos desaf\u00edos y proporciona una comprensi\u00f3n m\u00e1s profunda. Estas son algunas de las preocupaciones m\u00e1s apremiantes que enfrenta el mercado de ropa deportiva:<\/p>\n\n\n\n<ul class=\"wp-block-list\">\n<li><strong>Preferencias de los consumidores que cambian r\u00e1pidamente:<\/strong> With fashion trends shifting rapidly and tech integration becoming the norm, staying ahead of consumer desires is challenging. Sportswear market <a href=\"https:\/\/www.sisinternational.com\/es\/soluciones\/innovacion\/investigacion-de-mercado-agil\/\" title=\"Investigaci\u00f3n de mercado \u00e1gil\"  data-wpil-monitor-id=\"7062\">investigaci\u00f3n<\/a> consistently highlights the need for brands to remain agile and responsive.<\/li>\n\n\n\n<li><strong>Competici\u00f3n intensa:<\/strong> The sportswear market is saturated with both established giants and innovative startups. Standing out in this crowded space and building brand loyalty is a challenge that <a href=\"https:\/\/www.sisinternational.com\/es\/pericia\/industrias\/investigacion-de-mercado-de-materiales-de-construccion-ecologicos\/\" title=\"Investigaci\u00f3n de mercado de materiales de construcci\u00f3n ecol\u00f3gicos\"  data-wpil-monitor-id=\"3354\">estudio de mercado de ropa deportiva<\/a> frequently underscores.<\/li>\n\n\n\n<li><strong>Adaptabilidad Tecnol\u00f3gica:<\/strong> Con la tecnolog\u00eda port\u00e1til y la ropa deportiva inteligente en aumento, las marcas enfrentan el desaf\u00edo no solo de incorporar tecnolog\u00eda, sino tambi\u00e9n de garantizar que sea f\u00e1cil de usar, duradera y realmente beneficiosa.<\/li>\n\n\n\n<li><strong>Obst\u00e1culos reglamentarios:<\/strong> Las diferentes regiones cuentan con marcos regulatorios variados, especialmente en lo que respecta a la seguridad de los productos, las normas ambientales y las pr\u00e1cticas laborales. Navegar por este laberinto, especialmente para las marcas que operan a nivel mundial, es un desaf\u00edo destacado por la investigaci\u00f3n de mercado de ropa deportiva.<\/li>\n\n\n\n<li><strong>Productos falsificados:<\/strong> El aumento de productos de ropa deportiva falsificados diluye el valor de la marca y plantea un desaf\u00edo importante para mantener la autenticidad y la confianza de la marca.<\/li>\n\n\n\n<li><strong>Panorama minorista en evoluci\u00f3n:<\/strong> El declive de las tiendas f\u00edsicas tradicionales y el ascenso de las plataformas de comercio electr\u00f3nico y los modelos directos al consumidor requieren un cambio en las estrategias de ventas y distribuci\u00f3n.<\/li>\n<\/ul>","protected":false},"excerpt":{"rendered":"<p>La investigaci\u00f3n de las tendencias de la ropa deportiva proporciona informaci\u00f3n valiosa para las empresas que buscan mejorar su estrategia competitiva.<\/p>","protected":false},"author":1,"featured_media":63729,"parent":14514,"menu_order":369,"comment_status":"closed","ping_status":"closed","template":"","meta":{"footnotes":""},"class_list":["post-43594","page","type-page","status-publish","has-post-thumbnail"],"_links":{"self":[{"href":"https:\/\/www.sisinternational.com\/es\/wp-json\/wp\/v2\/pages\/43594","targetHints":{"allow":["GET"]}}],"collection":[{"href":"https:\/\/www.sisinternational.com\/es\/wp-json\/wp\/v2\/pages"}],"about":[{"href":"https:\/\/www.sisinternational.com\/es\/wp-json\/wp\/v2\/types\/page"}],"author":[{"embeddable":true,"href":"https:\/\/www.sisinternational.com\/es\/wp-json\/wp\/v2\/users\/1"}],"replies":[{"embeddable":true,"href":"https:\/\/www.sisinternational.com\/es\/wp-json\/wp\/v2\/comments?post=43594"}],"version-history":[{"count":7,"href":"https:\/\/www.sisinternational.com\/es\/wp-json\/wp\/v2\/pages\/43594\/revisions"}],"predecessor-version":[{"id":80626,"href":"https:\/\/www.sisinternational.com\/es\/wp-json\/wp\/v2\/pages\/43594\/revisions\/80626"}],"up":[{"embeddable":true,"href":"https:\/\/www.sisinternational.com\/es\/wp-json\/wp\/v2\/pages\/14514"}],"wp:featuredmedia":[{"embeddable":true,"href":"https:\/\/www.sisinternational.com\/es\/wp-json\/wp\/v2\/media\/63729"}],"wp:attachment":[{"href":"https:\/\/www.sisinternational.com\/es\/wp-json\/wp\/v2\/media?parent=43594"}],"curies":[{"name":"wp","href":"https:\/\/api.w.org\/{rel}","templated":true}]}}