{"id":43485,"date":"2023-09-23T17:13:10","date_gmt":"2023-09-23T21:13:10","guid":{"rendered":"https:\/\/www.sisinternational.com\/?page_id=43485"},"modified":"2026-03-12T20:02:36","modified_gmt":"2026-03-13T00:02:36","slug":"investigacion-de-mercado-de-alimentos-listos-para-comer","status":"publish","type":"page","link":"https:\/\/www.sisinternational.com\/es\/soluciones\/investigacion-de-mercado-de-la-industria-de-alimentos-y-bebidas\/investigacion-de-mercado-de-alimentos-listos-para-comer\/","title":{"rendered":"Investigaci\u00f3n de mercado de alimentos listos para comer (RTE)"},"content":{"rendered":"<h1 class=\"wp-block-heading\">Investigaci\u00f3n de mercado de alimentos listos para comer (RTE)<\/h1>\n\n\n\n<figure class=\"gb-block-image gb-block-image-17d5996a\"><img loading=\"lazy\" decoding=\"async\" width=\"1456\" height=\"816\" class=\"gb-image gb-image-17d5996a\" src=\"https:\/\/www.sisinternational.com\/wp-content\/uploads\/2025\/08\/Food-taste-testing-15.jpg\" alt=\"Investigaci\u00f3n y estrategia de mercado internacional de SIS\" title=\"Food taste testing (15)\" srcset=\"https:\/\/www.sisinternational.com\/wp-content\/uploads\/2025\/08\/Food-taste-testing-15.jpg 1456w, https:\/\/www.sisinternational.com\/wp-content\/uploads\/2025\/08\/Food-taste-testing-15-300x168.jpg 300w, https:\/\/www.sisinternational.com\/wp-content\/uploads\/2025\/08\/Food-taste-testing-15-1024x574.jpg 1024w, https:\/\/www.sisinternational.com\/wp-content\/uploads\/2025\/08\/Food-taste-testing-15-768x430.jpg 768w, https:\/\/www.sisinternational.com\/wp-content\/uploads\/2025\/08\/Food-taste-testing-15-18x10.jpg 18w\" sizes=\"auto, (max-width: 1456px) 100vw, 1456px\"><\/figure>\n\n\n\n<p><\/p>\n\n\n\n<p>\u00bfSab\u00edas que el mercado mundial de alimentos listos para comer alcanzar\u00e1 un valor asombroso en los pr\u00f3ximos a\u00f1os? A medida que evolucionan las demandas de los consumidores y cambia el panorama alimentario mundial, las empresas del sector alimentario deben reevaluar constantemente sus estrategias. Entre estos cambios, se destaca el auge de la investigaci\u00f3n de mercado de alimentos listos para el consumo (RTE), que ofrece oportunidades y desaf\u00edos tanto para los emprendedores como para las empresas experimentadas.<\/p>\n\n\n\n<p>By delving deep into consumers&#8217; preferences, habits, and desires, this research aims to illuminate the path for businesses eager to carve out their niche or solidify their dominance in the <a href=\"https:\/\/www.sisinternational.com\/es\/soluciones\/investigacion-de-mercado-de-ia-y-consultoria-estrategica\/investigacion-de-mercado-de-chatbot-ai\/\" title=\"Investigaci\u00f3n de mercado de IA de chatbot\"  data-wpil-monitor-id=\"2781\">ready-to-eat food<\/a> market.<\/p>\n\n\n\n<h2 class=\"wp-block-heading\">\u00bfPor qu\u00e9 realizar una investigaci\u00f3n de mercado de alimentos listos para comer (RTE)?<\/h2>\n\n\n\n<p>The rapid evolution of the global food sector, driven by technological advancements and changing consumer lifestyles, has <a href=\"https:\/\/www.sisinternational.com\/es\/pericia\/industrias\/estudio-de-mercado-de-ascensores\/\" title=\"Investigaci\u00f3n de mercado de ascensores\"  data-wpil-monitor-id=\"3482\">elevated the significance of specific market research<\/a>. Ready-to-eat food market research, in this context, plays a pivotal role for several reasons:<\/p>\n\n\n\n<ul class=\"wp-block-list\">\n<li><strong>Comprender las preferencias del consumidor:<\/strong> The ready-to-eat food segment is diverse. From pre-packaged salads to microwaveable dinners, each product caters to different demographics and preferences. Conducting ready-to-eat food <a href=\"https:\/\/www.sisinternational.com\/es\/que-son-las-relaciones-publicas\/\" title=\"Relaciones P\u00fablicas e Investigaci\u00f3n de Mercados\"  data-wpil-monitor-id=\"7430\">market research helps brands<\/a> pinpoint precisely what flavors, ingredients, and packaging styles resonate with their target audience.<\/li>\n\n\n\n<li><strong>Adaptarse a las tendencias cambiantes:<\/strong> La industria alimentaria es muy vol\u00e1til. Lo que es popular hoy podr\u00eda caer en desgracia ma\u00f1ana. La investigaci\u00f3n peri\u00f3dica del mercado de alimentos listos para el consumo garantiza que las empresas se mantengan a la vanguardia y adapten sus l\u00edneas de productos a medida que cambian las tendencias.<\/li>\n\n\n\n<li><strong>Mitigaci\u00f3n de riesgos:<\/strong> Entering the market with a new product or tweaking an existing one without proper <a href=\"https:\/\/www.sisinternational.com\/es\/pericia\/industrias\/investigacion-de-mercado-bioinformatica\/\" title=\"Investigaci\u00f3n de Mercado de Bioinform\u00e1tica\"  data-wpil-monitor-id=\"4698\">investigaci\u00f3n<\/a> can be a costly bet. Ready-to-eat food <a href=\"https:\/\/www.sisinternational.com\/es\/pericia\/industrias\/estudio-de-mercado-de-seguridad-vial\/\" title=\"Investigaci\u00f3n de mercado de seguridad vial\"  data-wpil-monitor-id=\"4742\">market research acts as a safety<\/a> net, highlighting potential pitfalls and areas of concern.<\/li>\n\n\n\n<li><strong>Optimizaci\u00f3n de la gesti\u00f3n de la cadena de suministro:<\/strong> Al comprender qu\u00e9 productos tienen demanda y en qu\u00e9 regiones, las empresas pueden optimizar su cadena de suministro, garantizar entregas oportunas y reducir el desperdicio.<\/li>\n\n\n\n<li><strong>Marketing y promoci\u00f3n eficaces:<\/strong> Con datos de investigaci\u00f3n de mercado, las marcas pueden dise\u00f1ar campa\u00f1as de marketing m\u00e1s efectivas. Por ejemplo, si las investigaciones muestran una tendencia hacia una alimentaci\u00f3n consciente de la salud, una marca puede resaltar en la publicidad los beneficios nutricionales de sus productos listos para comer.<\/li>\n\n\n\n<li><strong>Desarrollo de estrategia de precios:<\/strong> A trav\u00e9s de la investigaci\u00f3n del mercado de alimentos listos para el consumo, las empresas pueden medir la sensibilidad al precio del consumidor e identificar el precio \u00f3ptimo para maximizar las ganancias y al mismo tiempo garantizar la satisfacci\u00f3n del cliente.<\/li>\n\n\n\n<li><strong>An\u00e1lisis competitivo:<\/strong> La investigaci\u00f3n del mercado de alimentos listos para el consumo proporciona informaci\u00f3n sobre lo que est\u00e1n haciendo los competidores, lo que permite a las empresas identificar brechas en el mercado o \u00e1reas donde pueden obtener una ventaja competitiva.<\/li>\n<\/ul>\n\n\n\n<h2 class=\"wp-block-heading\">El papel de la digitalizaci\u00f3n en la investigaci\u00f3n de mercado de alimentos listos para el consumo (RTE)<\/h2>\n\n\n\n<figure class=\"gb-block-image gb-block-image-7ffcd7c1\"><img loading=\"lazy\" decoding=\"async\" width=\"1456\" height=\"816\" class=\"gb-image gb-image-7ffcd7c1\" src=\"https:\/\/www.sisinternational.com\/wp-content\/uploads\/2025\/08\/Food-taste-testing-2.jpg\" alt=\"Investigaci\u00f3n y estrategia de mercado internacional de SIS\" title=\"Food taste testing (2)\" srcset=\"https:\/\/www.sisinternational.com\/wp-content\/uploads\/2025\/08\/Food-taste-testing-2.jpg 1456w, https:\/\/www.sisinternational.com\/wp-content\/uploads\/2025\/08\/Food-taste-testing-2-300x168.jpg 300w, https:\/\/www.sisinternational.com\/wp-content\/uploads\/2025\/08\/Food-taste-testing-2-1024x574.jpg 1024w, https:\/\/www.sisinternational.com\/wp-content\/uploads\/2025\/08\/Food-taste-testing-2-768x430.jpg 768w, https:\/\/www.sisinternational.com\/wp-content\/uploads\/2025\/08\/Food-taste-testing-2-18x10.jpg 18w\" sizes=\"auto, (max-width: 1456px) 100vw, 1456px\"><\/figure>\n\n\n\n<p><\/p>\n\n\n\n<p>En una era en la que casi todas las facetas de nuestras vidas est\u00e1n entrelazadas con la tecnolog\u00eda, la digitalizaci\u00f3n ha revolucionado la forma en que las empresas realizan investigaciones de mercado, especialmente en el sector de alimentos listos para comer. As\u00ed es c\u00f3mo:<\/p>\n\n\n\n<ul class=\"wp-block-list\">\n<li><strong>Mayor alcance a trav\u00e9s de encuestas en l\u00ednea:<\/strong> Las encuestas digitales pueden llegar a una audiencia m\u00e1s amplia y diversa en diferentes geograf\u00edas. Son rentables y pueden adaptarse r\u00e1pidamente para aprovechar las tendencias o preocupaciones emergentes.<\/li>\n\n\n\n<li><strong>Informaci\u00f3n sobre las redes sociales:<\/strong> Plataformas como X, Instagram y Facebook se han convertido en tesoros de datos. El an\u00e1lisis de menciones, hashtags y tendencias relacionadas con productos listos para consumir puede ofrecer informaci\u00f3n invaluable sobre las preferencias, aversiones y patrones emergentes de los consumidores.<\/li>\n\n\n\n<li><strong>Engaging with <a class=\"wpil_keyword_link\" href=\"https:\/\/www.sisinternational.com\/es\/soluciones\/soluciones-de-investigacion-cualitativa-cuantitativa\/grupos-focales-en-linea-2\/\"   title=\"Grupos de discusi\u00f3n en l\u00ednea\" data-wpil-keyword-link=\"linked\"  data-wpil-monitor-id=\"661\">Grupos de discusi\u00f3n en l\u00ednea<\/a>:<\/strong> Las herramientas de videoconferencia y las plataformas en l\u00ednea especializadas ahora permiten a las empresas realizar sesiones de grupos focales de forma remota. Esto no s\u00f3lo ahorra costos sino que tambi\u00e9n permite un alcance demogr\u00e1fico m\u00e1s amplio.<\/li>\n\n\n\n<li><strong>Uso de Inteligencia Artificial (IA) y Aprendizaje Autom\u00e1tico:<\/strong> Estas tecnolog\u00edas ayudan en el an\u00e1lisis predictivo. Por ejemplo, la IA puede predecir posibles tendencias futuras en el segmento de alimentos listos para comer bas\u00e1ndose en datos actuales y pasados, lo que ayuda a las empresas a mantenerse a la vanguardia.<\/li>\n\n\n\n<li><strong>An\u00e1lisis de datos de ventas en l\u00ednea:<\/strong> Las plataformas de comercio electr\u00f3nico y los servicios de entrega en l\u00ednea ofrecen datos valiosos sobre ventas, preferencias y h\u00e1bitos de consumo. Estos datos, cuando se analizan, pueden revelar patrones como qu\u00e9 productos son m\u00e1s populares en diferentes momentos del d\u00eda o de la semana.<\/li>\n\n\n\n<li><strong>Experiencias interactivas e inmersivas:<\/strong> La Realidad Virtual (VR) y la Realidad Aumentada (AR) se pueden utilizar para pruebas y comentarios de productos. Por ejemplo, un consumidor podr\u00eda utilizar la RA para ver c\u00f3mo se ve una comida lista para comer cuando se sirve, proporcionando comentarios antes de que el producto llegue a los estantes.<\/li>\n\n\n\n<li><strong>Herramientas mejoradas de gesti\u00f3n de relaciones con el cliente (CRM):<\/strong> Los sistemas CRM modernos, integrados con IA, pueden proporcionar a las empresas perfiles detallados de los consumidores, ayud\u00e1ndolas a adaptar sus productos y estrategias de marketing a segmentos espec\u00edficos de su audiencia.<\/li>\n<\/ul>\n\n\n\n<h2 class=\"wp-block-heading\">Oportunidades en la investigaci\u00f3n de mercado de alimentos listos para el consumo<\/h2>\n\n\n\n<p>El sector de alimentos RTE se est\u00e1 expandiendo r\u00e1pidamente, impulsado por los cambios en los estilos de vida de los consumidores, la urbanizaci\u00f3n y los avances tecnol\u00f3gicos. Como resultado, el alcance de la investigaci\u00f3n del mercado de alimentos listos para el consumo ofrece muchas oportunidades tanto para las empresas como para los investigadores. Estas son algunas oportunidades clave:<\/p>\n\n\n\n<ul class=\"wp-block-list\">\n<li><strong>Desarrollo de nuevo producto:<\/strong> Con una comprensi\u00f3n clara de las preferencias de los consumidores, las marcas pueden desarrollar productos RTE innovadores que satisfagan necesidades espec\u00edficas. Ya sean comidas sin gluten, snacks cetog\u00e9nicos o delicias regionales.<\/li>\n\n\n\n<li><strong>Innovaciones en envases sostenibles:<\/strong> As environmental concerns grow, there is a surge in demand for sustainable packaging. Ready-to-eat food market <a href=\"https:\/\/www.sisinternational.com\/es\/soluciones\/soluciones-de-branding-e-investigacion-de-clientes\/investigacion-de-mercado-de-envases\/\" title=\"Investigaci\u00f3n de mercado de envases\"  data-wpil-monitor-id=\"6566\">investigaci\u00f3n<\/a> can help businesses understand consumer willingness to pay for eco-friendly packaging and the types of sustainable materials they prefer.<\/li>\n\n\n\n<li><strong>Salud y nutrici\u00f3n:<\/strong> Con la creciente tendencia a la concienciaci\u00f3n sobre la salud, existe la oportunidad de desarrollar alimentos listos para consumir enriquecidos con vitaminas, minerales y otros nutrientes esenciales. La investigaci\u00f3n del mercado de alimentos listos para el consumo puede identificar tendencias de salud espec\u00edficas, como dietas basadas en plantas o comidas ricas en prote\u00ednas, que las marcas pueden aprovechar.<\/li>\n\n\n\n<li><strong>Expansi\u00f3n global:<\/strong> A medida que las marcas buscan expandirse globalmente, la investigaci\u00f3n de mercado puede ayudar a identificar qu\u00e9 regiones o pa\u00edses tienen demanda de alimentos RTE espec\u00edficos, ayudando a las empresas a adaptar sus ofertas a los gustos y preferencias locales.<\/li>\n\n\n\n<li><strong>Modelos de suscripci\u00f3n:<\/strong> Con el \u00e9xito de las cajas de suscripci\u00f3n en diversos sectores, tambi\u00e9n existe potencial en el mercado de RTE. La investigaci\u00f3n de mercado de alimentos listos para comer puede guiar a las empresas sobre los tipos de modelos de suscripci\u00f3n, ya sean kits de comida semanales o cajas de refrigerios mensuales, que podr\u00edan resonar en su p\u00fablico objetivo.<\/li>\n\n\n\n<li><strong>Colaboraciones y asociaciones:<\/strong> Al comprender las tendencias del mercado, las empresas pueden identificar posibles oportunidades de colaboraci\u00f3n, ya sea con marcas de fitness, aplicaciones de salud o incluso celebridades, para aumentar el atractivo y el alcance de sus productos RTE.<\/li>\n\n\n\n<li><strong>Estrategias de marketing personalizadas:<\/strong> Con base en la demograf\u00eda, los comportamientos y las preferencias de los consumidores, la investigaci\u00f3n del mercado de alimentos listos para comer puede guiar el desarrollo de campa\u00f1as de marketing altamente espec\u00edficas y efectivas, aprovechando los canales digitales y tradicionales.<\/li>\n<\/ul>\n\n\n\n<h2 class=\"wp-block-heading\">Desaf\u00edos en la investigaci\u00f3n del mercado de alimentos listos para el consumo<\/h2>\n\n\n\n<figure class=\"gb-block-image gb-block-image-9d047033\"><img loading=\"lazy\" decoding=\"async\" width=\"1456\" height=\"816\" class=\"gb-image gb-image-9d047033\" src=\"https:\/\/www.sisinternational.com\/wp-content\/uploads\/2025\/08\/Burger-4.jpg\" alt=\"Investigaci\u00f3n y estrategia de mercado internacional de SIS\" title=\"Burger (4)\" srcset=\"https:\/\/www.sisinternational.com\/wp-content\/uploads\/2025\/08\/Burger-4.jpg 1456w, https:\/\/www.sisinternational.com\/wp-content\/uploads\/2025\/08\/Burger-4-300x168.jpg 300w, https:\/\/www.sisinternational.com\/wp-content\/uploads\/2025\/08\/Burger-4-1024x574.jpg 1024w, https:\/\/www.sisinternational.com\/wp-content\/uploads\/2025\/08\/Burger-4-768x430.jpg 768w, https:\/\/www.sisinternational.com\/wp-content\/uploads\/2025\/08\/Burger-4-18x10.jpg 18w\" sizes=\"auto, (max-width: 1456px) 100vw, 1456px\"><\/figure>\n\n\n\n<p><\/p>\n\n\n\n<p>Si bien el sector de alimentos listos para consumir presenta varias oportunidades, tambi\u00e9n est\u00e1 plagado de desaf\u00edos, especialmente cuando se trata de investigaci\u00f3n de mercado. Estos desaf\u00edos pueden influir en la precisi\u00f3n, relevancia y eficacia de los conocimientos adquiridos. Estos son algunos de los desaf\u00edos notables en la investigaci\u00f3n del mercado de alimentos listos para el consumo:<\/p>\n\n\n\n<ul class=\"wp-block-list\">\n<li><strong>Preferencias de los consumidores que cambian r\u00e1pidamente:<\/strong> La industria alimentaria se caracteriza por tendencias que evolucionan r\u00e1pidamente. Lo que est\u00e1 de moda hoy puede quedar obsoleto ma\u00f1ana. Seguir el ritmo de preferencias que cambian tan r\u00e1pidamente puede resultar desalentador para los investigadores.<\/li>\n\n\n\n<li><strong>Matices culturales y regionales:<\/strong> A medida que las marcas se expanden globalmente, comprender los diversos gustos culturales y regionales se vuelve esencial. Captar con precisi\u00f3n la esencia de las preferencias locales es un desaf\u00edo pero crucial.<\/li>\n\n\n\n<li><strong>Preocupaciones de salud y seguridad:<\/strong> Despu\u00e9s de la pandemia, los consumidores son m\u00e1s cautelosos con respecto a la seguridad y la higiene de los alimentos listos para usar. Abordar e investigar estas preocupaciones sin inducir miedo o escepticismo puede resultar complicado.<\/li>\n\n\n\n<li><strong>Preocupaciones ambientales y \u00e9ticas:<\/strong> A medida que los consumidores se vuelven m\u00e1s conscientes del medio ambiente, abordar las preocupaciones sobre el embalaje sostenible, el abastecimiento \u00e9tico y el desperdicio se convierte en un desaf\u00edo en la investigaci\u00f3n de mercado.<\/li>\n\n\n\n<li><strong>Vida \u00fatil corta:<\/strong> A diferencia de otros productos, los alimentos listos para consumir generalmente tienen una vida \u00fatil m\u00e1s corta. Esto a\u00f1ade presi\u00f3n para garantizar que la investigaci\u00f3n sea oportuna y que se puedan implementar conocimientos antes de que los productos pierdan su frescura.<\/li>\n\n\n\n<li><strong>An\u00e1lisis de la competencia:<\/strong> El sector de los RTE es tremendamente competitivo. Evaluar con precisi\u00f3n las estrategias, fortalezas y debilidades de numerosos competidores puede ser una tarea monumental.<\/li>\n\n\n\n<li><strong>Cambios regulatorios:<\/strong> Las diferentes regiones tienen regulaciones variadas con respecto a la seguridad alimentaria, el etiquetado y los ingredientes. Mantenerse al tanto de estas regulaciones cambiantes durante la investigaci\u00f3n es esencial para garantizar el cumplimiento.<\/li>\n\n\n\n<li><strong>Equilibrio entre calidad y asequibilidad:<\/strong> Los consumidores exigen productos de alta calidad, pero suelen ser sensibles al precio. Investigar y encontrar el punto \u00f3ptimo entre calidad y asequibilidad puede resultar un desaf\u00edo.<\/li>\n<\/ul>","protected":false},"excerpt":{"rendered":"<p>La investigaci\u00f3n de mercado ayuda a las empresas a tener \u00e9xito en el mercado de alimentos listos para comer al comprender las preferencias, h\u00e1bitos y deseos de los consumidores.<\/p>","protected":false},"author":1,"featured_media":64691,"parent":22018,"menu_order":367,"comment_status":"closed","ping_status":"closed","template":"","meta":{"footnotes":""},"class_list":["post-43485","page","type-page","status-publish","has-post-thumbnail"],"_links":{"self":[{"href":"https:\/\/www.sisinternational.com\/es\/wp-json\/wp\/v2\/pages\/43485","targetHints":{"allow":["GET"]}}],"collection":[{"href":"https:\/\/www.sisinternational.com\/es\/wp-json\/wp\/v2\/pages"}],"about":[{"href":"https:\/\/www.sisinternational.com\/es\/wp-json\/wp\/v2\/types\/page"}],"author":[{"embeddable":true,"href":"https:\/\/www.sisinternational.com\/es\/wp-json\/wp\/v2\/users\/1"}],"replies":[{"embeddable":true,"href":"https:\/\/www.sisinternational.com\/es\/wp-json\/wp\/v2\/comments?post=43485"}],"version-history":[{"count":10,"href":"https:\/\/www.sisinternational.com\/es\/wp-json\/wp\/v2\/pages\/43485\/revisions"}],"predecessor-version":[{"id":81061,"href":"https:\/\/www.sisinternational.com\/es\/wp-json\/wp\/v2\/pages\/43485\/revisions\/81061"}],"up":[{"embeddable":true,"href":"https:\/\/www.sisinternational.com\/es\/wp-json\/wp\/v2\/pages\/22018"}],"wp:featuredmedia":[{"embeddable":true,"href":"https:\/\/www.sisinternational.com\/es\/wp-json\/wp\/v2\/media\/64691"}],"wp:attachment":[{"href":"https:\/\/www.sisinternational.com\/es\/wp-json\/wp\/v2\/media?parent=43485"}],"curies":[{"name":"wp","href":"https:\/\/api.w.org\/{rel}","templated":true}]}}