{"id":43446,"date":"2023-09-21T19:28:02","date_gmt":"2023-09-21T23:28:02","guid":{"rendered":"https:\/\/www.sisinternational.com\/?page_id=43446"},"modified":"2026-01-24T14:25:04","modified_gmt":"2026-01-24T19:25:04","slug":"investigacion-de-mercado-derry-irlanda","status":"publish","type":"page","link":"https:\/\/www.sisinternational.com\/es\/cobertura\/europa\/investigacion-de-mercado-derry-irlanda\/","title":{"rendered":"Investigaci\u00f3n de mercado en Derry (Irlanda)"},"content":{"rendered":"<h1 class=\"gb-headline gb-headline-710adee9 gb-headline-text\">Investigaci\u00f3n de mercado en Derry (Irlanda)<\/h1>\n\n\n\n<figure class=\"gb-block-image gb-block-image-43a9dc2c\"><img loading=\"lazy\" decoding=\"async\" width=\"1456\" height=\"816\" class=\"gb-image gb-image-43a9dc2c\" src=\"https:\/\/www.sisinternational.com\/wp-content\/uploads\/2025\/09\/Derry-3.jpg\" alt=\"Investigaci\u00f3n y estrategia de mercado internacional de SIS\" title=\"Derry (3)\" srcset=\"https:\/\/www.sisinternational.com\/wp-content\/uploads\/2025\/09\/Derry-3.jpg 1456w, https:\/\/www.sisinternational.com\/wp-content\/uploads\/2025\/09\/Derry-3-300x168.jpg 300w, https:\/\/www.sisinternational.com\/wp-content\/uploads\/2025\/09\/Derry-3-1024x574.jpg 1024w, https:\/\/www.sisinternational.com\/wp-content\/uploads\/2025\/09\/Derry-3-768x430.jpg 768w, https:\/\/www.sisinternational.com\/wp-content\/uploads\/2025\/09\/Derry-3-18x10.jpg 18w\" sizes=\"auto, (max-width: 1456px) 100vw, 1456px\"><\/figure>\n\n\n\n<hr class=\"wp-block-separator has-alpha-channel-opacity\"\/>\n\n\n\n<p>La investigaci\u00f3n de mercado en Derry ofrece a las empresas los datos y la informaci\u00f3n esenciales que necesitan para desenvolverse en el singular panorama econ\u00f3mico de la ciudad. Por ello, al analizar el comportamiento de los consumidores, identificar las brechas del mercado y anticipar las tendencias, la investigaci\u00f3n de mercado en Derry proporciona a las empresas las herramientas necesarias para prosperar y mantenerse a la vanguardia de la competencia en esta vibrante ciudad.<\/p>\n\n\n\n<h2 class=\"wp-block-heading\">\u00bfPor qu\u00e9 es importante realizar investigaciones de mercado en Derry?<\/h2>\n\n\n\n<p>Derry ofrece desaf\u00edos y oportunidades. A medida que las empresas se esfuerzan por captar una parte de este mercado din\u00e1mico, o incluso ampliar su presencia, el papel de la investigaci\u00f3n de mercado se vuelve indispensable. He aqu\u00ed por qu\u00e9:<\/p>\n\n\n\n<ul class=\"wp-block-list\">\n<li><strong>Comprender los matices locales:<\/strong> La investigaci\u00f3n de mercado ayuda a las empresas a comprender estos matices locales, garantizando que sus productos, servicios y marketing resuenen en la audiencia de Derry.<\/li>\n\n\n\n<li><strong>Aprovechando los sectores emergentes:<\/strong> Con el auge de industrias como la tecnolog\u00eda, las artes creativas y las energ\u00edas renovables en Derry, existe una gran cantidad de oportunidades sin explotar. A trav\u00e9s de una investigaci\u00f3n de mercado eficaz en Derry, las empresas pueden identificar \u00e1reas de crecimiento, tendencias emergentes y posibles v\u00edas de inversi\u00f3n.<\/li>\n\n\n\n<li><strong>Implicaciones transfronterizas:<\/strong> La proximidad de Derry a la frontera de la Rep\u00fablica de Irlanda presenta oportunidades comerciales transfronterizas \u00fanicas. La investigaci\u00f3n de mercado en Derry puede ayudar a las empresas a comprender los desaf\u00edos y beneficios regulatorios, culturales y log\u00edsticos de este mercado birregional.<\/li>\n\n\n\n<li><strong>Mitigaci\u00f3n de riesgos:<\/strong> Al realizar una investigaci\u00f3n de mercado exhaustiva en Derry, las empresas pueden anticipar posibles obst\u00e1culos, desde errores culturales hasta crisis econ\u00f3micas, y dise\u00f1ar estrategias para sortearlos.<\/li>\n\n\n\n<li><strong>Personalizaci\u00f3n de estrategias de marketing:<\/strong> A trav\u00e9s de la investigaci\u00f3n de mercado, las empresas pueden adaptar sus campa\u00f1as de marketing y publicidad al panorama cultural y de consumo \u00fanico de Derry, maximizando la participaci\u00f3n y el retorno de la inversi\u00f3n.<\/li>\n\n\n\n<li><strong>Previsi\u00f3n econ\u00f3mica:<\/strong> El clima econ\u00f3mico en las ciudades puede fluctuar debido a diversos factores, desde cambios pol\u00edticos hasta eventos globales. La investigaci\u00f3n de mercado proporciona a las empresas informaci\u00f3n basada en datos sobre el futuro econ\u00f3mico de Derry, lo que permite una planificaci\u00f3n estrat\u00e9gica informada.<\/li>\n\n\n\n<li><strong>Sensibilidad cultural y consideraciones \u00e9ticas:<\/strong> Dada la historia y la importancia cultural de Derry, las empresas deben operar con sensibilidad y consideraci\u00f3n \u00e9tica. La investigaci\u00f3n de mercado puede guiar a las empresas para garantizar que sus operaciones se alineen con los valores y sentimientos locales.<\/li>\n<\/ul>\n\n\n\n<p><\/p>\n\n\n\n<!DOCTYPE html>\n<html lang=\"en\">\n<head>\n    <meta charset=\"UTF-8\">\n    <meta name=\"viewport\" content=\"width=device-width, initial-scale=1.0\">\n    <title>Derry\/Londonderry Market Data<\/title>\n    <style>\n        \/* Responsive Table & SIS International-inspired Styling\n          - Uses corporate blue and a clean, sans-serif font.\n          - Fully responsive design ensures no page distortion on any device.\n        *\/\n        \n        .sis-table-container {\n            font-family: -apple-system, BlinkMacSystemFont, \"Segoe UI\", Roboto, Helvetica, Arial, sans-serif;\n            margin: 2em 0;\n            width: 100%;\n            \/* Allows horizontal scroll on small screens to prevent page distortion *\/\n            overflow-x: auto;\n            -webkit-overflow-scrolling: touch; \/* Smooth scrolling on iOS *\/\n        }\n\n        .sis-table-container h3 {\n            font-size: 1.5rem; \/* 24px *\/\n            font-weight: 600;\n            color: #333;\n            margin-bottom: 0.75em;\n            padding: 0;\n        }\n\n        .sis-table {\n            width: 100%;\n            border-collapse: collapse;\n            min-width: 600px; \/* Ensures table structure holds, container scrolls if needed *\/\n        }\n\n        .sis-table th,\n        .sis-table td {\n            padding: 12px 15px;\n            text-align: left;\n            line-height: 1.5;\n        }\n\n        \/* Header Styling *\/\n        .sis-table thead th {\n            background-color: #005cbf; \/* SIS corporate blue *\/\n            color: #ffffff;\n            font-weight: 600;\n            font-size: 0.9rem; \n            text-transform: uppercase;\n            letter-spacing: 0.5px;\n        }\n\n        \/* Body Styling *\/\n        .sis-table tbody tr {\n            border-bottom: 1px solid #ddd;\n        }\n\n        .sis-table tbody tr:nth-of-type(even) {\n            background-color: #f8f8f8; \/* Light gray alternate rows *\/\n        }\n\n        .sis-table tbody tr:last-of-type {\n            border-bottom: 2px solid #005cbf; \/* Match header blue *\/\n        }\n\n        .sis-table td {\n            color: #444;\n            font-size: 0.95rem; \n            vertical-align: top;\n        }\n        \n        \/* Align data cells *\/\n        .sis-table td:nth-child(2) {\n            text-align: right;\n            white-space: nowrap; \/* Prevents long numbers from wrapping *\/\n        }\n         .sis-table th:nth-child(2) {\n            text-align: right;\n        }\n\n        .sis-table-container .source-caption {\n            margin-top: 10px;\n            font-size: 0.85rem; \n            color: #555;\n            font-style: italic;\n        }\n\n        .sis-table-container .source-caption a {\n            color: #005cbf; \/* Match brand blue *\/\n            text-decoration: none;\n        }\n\n        .sis-table-container .source-caption a:hover {\n            text-decoration: underline;\n        }\n    <\/style>\n<\/head>\n<body>\n\n    <!-- \n      HTML for WordPress:\n      Copy and paste the code from .sis-table-container start to end into a Custom HTML block.\n    -->\n    <div class=\"sis-table-container\">\n        \n        <h3>Derry\/Londonderry Market Profile: Key Metrics for Northern Ireland&#8217;s Northwest<\/h3>\n\n        <table class=\"sis-table\">\n            <thead>\n                <tr>\n                    <th>Indicator<\/th>\n                    <th>Value (Recent Estimate)<\/th>\n                <\/tr>\n            <\/thead>\n            <tbody>\n                <tr>\n                    <td>Population (Derry City and Strabane District Council)<\/td>\n                    <td>Approximately **150,000** residents<\/td>\n                <\/tr>\n                <tr>\n                    <td>Key Economic Growth Sectors<\/td>\n                    <td>**Digital Tech** (especially FinTech), Advanced Manufacturing, and Tourism<\/td>\n                <\/tr>\n                <tr>\n                    <td>Digital Talent Pool<\/td>\n                    <td>High concentration of graduates from the **Ulster University Magee Campus** and local colleges<\/td>\n                <\/tr>\n                 <tr>\n                    <td>Cross-Border Significance<\/td>\n                    <td>Gateway to the Northwest region, highly integrated with the **Republic of Ireland** economy (Donegal)<\/td>\n                <\/tr>\n                 <tr>\n                    <td>Employment Rate (Prospective)<\/td>\n                    <td>Positive employment growth driven by large-scale **Foreign Direct Investment (FDI)** in professional services<\/td>\n                <\/tr>\n            <\/tbody>\n        <\/table>\n\n        <p class=\"source-caption\">\n             Source: Data compiled from the <a href=\"https:\/\/www.nisra.gov.uk\/\" target=\"_blank\" rel=\"noopener noreferrer\">Northern Ireland Statistics and Research Agency (NISRA)<\/a> and reports from <a href=\"https:\/\/www.investni.com\/\" target=\"_blank\" rel=\"noopener noreferrer\">Invest Northern Ireland<\/a>.\n        <\/p>\n\n    <\/div>\n\n<\/body>\n<\/html>\n\n\n\n\n<p><\/p>\n\n\n\n<h2 class=\"wp-block-heading\">Industrias clave que dominan la econom\u00eda de Derry<\/h2>\n\n\n\n<p>While traditionally grounded in sectors like manufacturing and textiles, the city&#8217;s industrial landscape has transformed, reflecting a blend of&nbsp; conventional and contemporary sectors.<\/p>\n\n\n\n<ul class=\"wp-block-list\">\n<li><strong>Agricultura y procesamiento de alimentos:<\/strong> Las regiones que rodean Derry tienen tierras f\u00e9rtiles, lo que hace que la agricultura sea un importante contribuyente a la econom\u00eda local. Las unidades de procesamiento de alimentos, especialmente productos l\u00e1cteos y carne, tambi\u00e9n desempe\u00f1an un papel vital.<\/li>\n\n\n\n<li><strong>Artes culturales y creativas:<\/strong> El rico entramado cultural de Derry ha creado una s\u00f3lida escena art\u00edstica, con numerosas galer\u00edas, teatros y salas de m\u00fasica. La ciudad incluso fue nombrada Ciudad de la Cultura del Reino Unido en 2013, lo que pone de relieve su importancia en el \u00e1mbito art\u00edstico.<\/li>\n\n\n\n<li><strong>Educaci\u00f3n e investigaci\u00f3n:<\/strong> Con instituciones como el campus Magee de la Universidad del Ulster, Derry enfatiza la educaci\u00f3n y la investigaci\u00f3n, atrayendo a estudiantes locales e internacionales.<\/li>\n<\/ul>\n\n\n\n<h2 class=\"wp-block-heading\">\u00bfC\u00f3mo puede la investigaci\u00f3n de mercado en Derry ayudar a las empresas a encontrar oportunidades comerciales?<\/h2>\n\n\n\n<figure class=\"gb-block-image gb-block-image-4818d367\"><img loading=\"lazy\" decoding=\"async\" width=\"1456\" height=\"816\" class=\"gb-image gb-image-4818d367\" src=\"https:\/\/www.sisinternational.com\/wp-content\/uploads\/2025\/09\/Derry-2.jpg\" alt=\"Investigaci\u00f3n y estrategia de mercado internacional de SIS\" title=\"Derry (2)\" srcset=\"https:\/\/www.sisinternational.com\/wp-content\/uploads\/2025\/09\/Derry-2.jpg 1456w, https:\/\/www.sisinternational.com\/wp-content\/uploads\/2025\/09\/Derry-2-300x168.jpg 300w, https:\/\/www.sisinternational.com\/wp-content\/uploads\/2025\/09\/Derry-2-1024x574.jpg 1024w, https:\/\/www.sisinternational.com\/wp-content\/uploads\/2025\/09\/Derry-2-768x430.jpg 768w, https:\/\/www.sisinternational.com\/wp-content\/uploads\/2025\/09\/Derry-2-18x10.jpg 18w\" sizes=\"auto, (max-width: 1456px) 100vw, 1456px\"><\/figure>\n\n\n\n<p><\/p>\n\n\n\n<p>Businesses, both established and new entrants, are constantly on the lookout for fresh opportunities to grow and thrive, and <a href=\"https:\/\/www.sisinternational.com\/es\/non-profit-market-research\/\" title=\"Investigaci\u00f3n de mercado sin fines de lucro\" data-wpil-monitor-id=\"1007\">market research in Derry can uncover profitable<\/a> business opportunities such as:<\/p>\n\n\n\n\n\n<p><\/p>\n\n\n\n<h2 class=\"wp-block-heading\">El futuro de la investigaci\u00f3n de mercado en Derry<\/h2>\n\n\n\n<figure class=\"gb-block-image gb-block-image-0d31c4ff\"><img loading=\"lazy\" decoding=\"async\" width=\"1456\" height=\"816\" class=\"gb-image gb-image-0d31c4ff\" src=\"https:\/\/www.sisinternational.com\/wp-content\/uploads\/2025\/09\/Derry-4.jpg\" alt=\"Investigaci\u00f3n y estrategia de mercado internacional de SIS\" title=\"Derry (4)\" srcset=\"https:\/\/www.sisinternational.com\/wp-content\/uploads\/2025\/09\/Derry-4.jpg 1456w, https:\/\/www.sisinternational.com\/wp-content\/uploads\/2025\/09\/Derry-4-300x168.jpg 300w, https:\/\/www.sisinternational.com\/wp-content\/uploads\/2025\/09\/Derry-4-1024x574.jpg 1024w, https:\/\/www.sisinternational.com\/wp-content\/uploads\/2025\/09\/Derry-4-768x430.jpg 768w, https:\/\/www.sisinternational.com\/wp-content\/uploads\/2025\/09\/Derry-4-18x10.jpg 18w\" sizes=\"auto, (max-width: 1456px) 100vw, 1456px\"><\/figure>\n\n\n\n<p><\/p>\n\n\n\n<p>A medida que el panorama econ\u00f3mico de Derry contin\u00faa evolucionando y adapt\u00e1ndose, tambi\u00e9n lo hace el campo de la investigaci\u00f3n de mercado dentro de la ciudad. Se espera que el paradigma de investigaci\u00f3n de mercado de Derry sea testigo de cambios significativos junto con las tendencias globales.<\/p>\n\n\n\n<ul class=\"wp-block-list\">\n<li><strong>Integraci\u00f3n Tecnol\u00f3gica:<\/strong> Con los r\u00e1pidos avances en inteligencia artificial, big data y an\u00e1lisis digital, la investigaci\u00f3n de mercado futura en Derry integrar\u00e1 en gran medida estas tecnolog\u00edas para obtener informaci\u00f3n m\u00e1s profunda, pronosticar tendencias y brindar datos en tiempo real a las empresas. Adem\u00e1s, al aprovechar el aprendizaje autom\u00e1tico y la inteligencia artificial, la investigaci\u00f3n de mercado futura no solo analizar\u00e1 las tendencias actuales.\u00a0<\/li>\n\n\n\n<li><strong>Estudios de mercado con conciencia ecol\u00f3gica:<\/strong> A medida que el \u00e9nfasis global gira hacia la sostenibilidad, la investigaci\u00f3n de mercado en Derry profundizar\u00e1 en el comportamiento del consumidor con conciencia ecol\u00f3gica, las tecnolog\u00edas verdes y los modelos comerciales sostenibles, ayudando a las empresas a alinearse con estos valores.<\/li>\n\n\n\n<li><strong>Investigaci\u00f3n colaborativa transfronteriza:<\/strong> Given <a href=\"https:\/\/www.sisinternational.com\/es\/cobertura\/investigacion-de-mercado-asia\/republica-kiribati\/\" title=\"Investigaci\u00f3n de mercado en la Rep\u00fablica de Kiribati\" data-wpil-monitor-id=\"6456\">Derry&#8217;s<\/a> strategic location near the Republic of Ireland, there will be increased collaborative market research efforts, understanding the intricacies of cross-border trade, consumer behavior, and regional synergies.<\/li>\n\n\n\n<li><strong>Hiperlocalizaci\u00f3n:<\/strong> El futuro de la investigaci\u00f3n de mercado se inclinar\u00e1 hacia conocimientos hiperlocalizados, que capturen matices a nivel de comunidad o barrio, lo que permitir\u00e1 a las empresas adaptar sus estrategias con precisi\u00f3n.<\/li>\n<\/ul>\n\n\n\n<h2 class=\"wp-block-heading\">Nuestra ubicaci\u00f3n de instalaciones en Nueva York<\/h2>\n\n\n\n<p>  <iframe loading=\"lazy\" src=\"https:\/\/www.google.com\/maps\/embed?pb=!1m18!1m12!1m3!1d3022.976188376966!2d-73.99130312499956!3d40.740549471389315!2m3!1f0!2f0!3f0!3m2!1i1024!2i768!4f13.1!3m3!1m2!1s0x89c259a15798c731%3A0xd695d09bdd495f25!2s11%20E%2022nd%20St%20FL%202%2C%20New%20York%2C%20NY%2010010%2C%20USA!5e0!3m2!1sen!2spe!4v1726171763526!5m2!1sen!2spe\" width=\"600\" height=\"450\" allowfullscreen=\"allowfullscreen\" data-mce-fragment=\"1\"><\/iframe>  <\/p>\n\n\n\n<h3 class=\"wp-block-heading\">11 E 22nd Street, piso 2, Nueva York, NY 10010 T: +1(212) 505-6805<\/h3>\n\n\n\n<hr class=\"wp-block-separator has-alpha-channel-opacity\"\/>\n\n\n\n<h2 class=\"wp-block-heading\"><span style=\"font-weight: 400;\">Acerca de SIS Internacional<\/span><\/h2>\n\n\n\n<p><a href=\"https:\/\/www.sisinternational.com\/es\/\"><span style=\"font-weight: 400;\">SIS Internacional<\/span><\/a><span style=\"font-weight: 400;\"> ofrece investigaci\u00f3n cuantitativa, cualitativa y estrat\u00e9gica. Proporcionamos datos, herramientas, estrategias, informes y conocimientos para la toma de decisiones. Tambi\u00e9n realizamos entrevistas, encuestas, grupos focales y otros m\u00e9todos y enfoques de investigaci\u00f3n de mercado.<\/span><a href=\"https:\/\/www.sisinternational.com\/es\/sobre-la-investigacion-internacional-de-sis\/contact-sis-international-market-research\/\"><span style=\"font-weight: 400;\"> P\u00f3ngase en contacto con nosotros<\/span><\/a><span style=\"font-weight: 400;\"> para su pr\u00f3ximo proyecto de Investigaci\u00f3n de Mercado.<\/span><\/p>\n\n\n\n<h2 class=\"wp-block-heading\">&nbsp;<\/h2>\n\n\n\n<p><\/p>","protected":false},"excerpt":{"rendered":"<p>La investigaci\u00f3n de mercado en Derry ofrece a las empresas los datos y conocimientos cr\u00edticos que necesitan para navegar por el panorama econ\u00f3mico \u00fanico de la ciudad.<\/p>","protected":false},"author":1,"featured_media":66011,"parent":14510,"menu_order":65,"comment_status":"closed","ping_status":"closed","template":"","meta":{"footnotes":""},"class_list":["post-43446","page","type-page","status-publish","has-post-thumbnail"],"_links":{"self":[{"href":"https:\/\/www.sisinternational.com\/es\/wp-json\/wp\/v2\/pages\/43446","targetHints":{"allow":["GET"]}}],"collection":[{"href":"https:\/\/www.sisinternational.com\/es\/wp-json\/wp\/v2\/pages"}],"about":[{"href":"https:\/\/www.sisinternational.com\/es\/wp-json\/wp\/v2\/types\/page"}],"author":[{"embeddable":true,"href":"https:\/\/www.sisinternational.com\/es\/wp-json\/wp\/v2\/users\/1"}],"replies":[{"embeddable":true,"href":"https:\/\/www.sisinternational.com\/es\/wp-json\/wp\/v2\/comments?post=43446"}],"version-history":[{"count":6,"href":"https:\/\/www.sisinternational.com\/es\/wp-json\/wp\/v2\/pages\/43446\/revisions"}],"predecessor-version":[{"id":80039,"href":"https:\/\/www.sisinternational.com\/es\/wp-json\/wp\/v2\/pages\/43446\/revisions\/80039"}],"up":[{"embeddable":true,"href":"https:\/\/www.sisinternational.com\/es\/wp-json\/wp\/v2\/pages\/14510"}],"wp:featuredmedia":[{"embeddable":true,"href":"https:\/\/www.sisinternational.com\/es\/wp-json\/wp\/v2\/media\/66011"}],"wp:attachment":[{"href":"https:\/\/www.sisinternational.com\/es\/wp-json\/wp\/v2\/media?parent=43446"}],"curies":[{"name":"wp","href":"https:\/\/api.w.org\/{rel}","templated":true}]}}