{"id":43418,"date":"2023-09-19T14:39:01","date_gmt":"2023-09-19T18:39:01","guid":{"rendered":"https:\/\/www.sisinternational.com\/?page_id=43418"},"modified":"2026-01-26T17:22:31","modified_gmt":"2026-01-26T22:22:31","slug":"investigacion-de-mercado-de-perforacion","status":"publish","type":"page","link":"https:\/\/www.sisinternational.com\/es\/pericia\/investigacion-de-mercado-de-perforacion\/","title":{"rendered":"Investigaci\u00f3n de mercado de perforaci\u00f3n"},"content":{"rendered":"<h1 class=\"wp-block-heading\">Investigaci\u00f3n de mercado de perforaci\u00f3n<\/h1>\n\n\n\n<figure class=\"gb-block-image gb-block-image-86dbc3c4\"><img loading=\"lazy\" decoding=\"async\" width=\"1456\" height=\"816\" class=\"gb-image gb-image-86dbc3c4\" src=\"https:\/\/www.sisinternational.com\/wp-content\/uploads\/2025\/08\/Drilling-and-Extraction-2.jpg\" alt=\"Investigaci\u00f3n y estrategia de mercado internacional de SIS\" title=\"Drilling and Extraction (2)\" srcset=\"https:\/\/www.sisinternational.com\/wp-content\/uploads\/2025\/08\/Drilling-and-Extraction-2.jpg 1456w, https:\/\/www.sisinternational.com\/wp-content\/uploads\/2025\/08\/Drilling-and-Extraction-2-300x168.jpg 300w, https:\/\/www.sisinternational.com\/wp-content\/uploads\/2025\/08\/Drilling-and-Extraction-2-1024x574.jpg 1024w, https:\/\/www.sisinternational.com\/wp-content\/uploads\/2025\/08\/Drilling-and-Extraction-2-768x430.jpg 768w, https:\/\/www.sisinternational.com\/wp-content\/uploads\/2025\/08\/Drilling-and-Extraction-2-18x10.jpg 18w\" sizes=\"auto, (max-width: 1456px) 100vw, 1456px\"><\/figure>\n\n\n\n<p><\/p>\n\n\n\n<p>\u00bfPor qu\u00e9 la perforaci\u00f3n se considera una de las columnas vertebrales del mundo industrial moderno? Desde los sitios de construcci\u00f3n que dan forma al horizonte de nuestras ciudades hasta las plataformas petrol\u00edferas que salpican nuestros oc\u00e9anos, los procesos de perforaci\u00f3n desempe\u00f1an un papel clave en el impulso de las econom\u00edas, el apoyo a la infraestructura y el impulso de los avances tecnol\u00f3gicos. Es por eso que la investigaci\u00f3n del mercado de perforaci\u00f3n tiene como objetivo descubrir la naturaleza multifac\u00e9tica de esta industria, sus principales actores y las tendencias emergentes que est\u00e1n definiendo su trayectoria futura.<\/p>\n\n\n\n<p>Esta exploraci\u00f3n integral no solo arrojar\u00e1 luz sobre la din\u00e1mica actual del mercado, sino que tambi\u00e9n ayudar\u00e1 a las partes interesadas a navegar por las complejidades cambiantes del mundo de la perforaci\u00f3n.<\/p>\n\n\n\n<h2 class=\"wp-block-heading\">\u00bfQu\u00e9 es la investigaci\u00f3n de mercado de perforaci\u00f3n?<\/h2>\n\n\n\n<p><a href=\"https:\/\/www.sisinternational.com\/es\/pericia\/industrias\/que-es-el-equipo-de-perforacion-y-extraccion\/\" title=\"Investigaci\u00f3n de mercado de equipos de perforaci\u00f3n y extracci\u00f3n\"  data-wpil-monitor-id=\"3159\">Drilling market research<\/a> is the systematic gathering, analysis, and interpretation of data related to the drilling industry. But what does this entail? This domain of research covers a broad spectrum of areas, from understanding consumer demand for drilling equipment to monitoring the global shifts in energy resources.<\/p>\n\n\n\n<p>Abarca el an\u00e1lisis de las tecnolog\u00edas de perforaci\u00f3n, el tama\u00f1o del mercado, el potencial de crecimiento, los desaf\u00edos de la industria y el panorama competitivo. La investigaci\u00f3n de mercado de perforaci\u00f3n ofrece una perspectiva invaluable para los actores de la industria, permiti\u00e9ndoles tomar decisiones informadas, elaborar estrategias de manera efectiva y permanecer a la vanguardia de los avances tecnol\u00f3gicos y operativos.<\/p>\n\n\n\n<h2 class=\"wp-block-heading\">Importancia de la investigaci\u00f3n de mercado de perforaci\u00f3n<\/h2>\n\n\n\n<p>La industria de la perforaci\u00f3n (ya sea de petr\u00f3leo, gas, agua, minerales o exploraci\u00f3n) desempe\u00f1a un papel fundamental en el panorama econ\u00f3mico mundial. Por lo tanto, comprender los matices de este sector se vuelve crucial para las partes interesadas, los inversores y las empresas. He aqu\u00ed por qu\u00e9 la investigaci\u00f3n del mercado de perforaci\u00f3n es de suma importancia hoy en d\u00eda:<\/p>\n\n\n\n<p>Avances tecnol\u00f3gicos: La industria de la perforaci\u00f3n evoluciona continuamente con nuevas tecnolog\u00edas y metodolog\u00edas. Mantenerse al tanto de estas innovaciones ayuda a las empresas a mantenerse competitivas y optimizar sus operaciones.<\/p>\n\n\n\n<ul class=\"wp-block-list\">\n<li><strong>Administracion de recursos:<\/strong> Comprender las reservas globales, su accesibilidad y su rendimiento potencial es vital. La investigaci\u00f3n del mercado de perforaci\u00f3n proporciona informaci\u00f3n sobre d\u00f3nde asignar los recursos para lograr la m\u00e1xima eficiencia.<\/li>\n\n\n\n<li><strong>Cumplimiento normativo:<\/strong> Las operaciones de perforaci\u00f3n suelen ser objeto de escrutinio por motivos medioambientales. La investigaci\u00f3n de mercado proporciona informaci\u00f3n sobre los cambios regulatorios, lo que permite a las empresas garantizar el cumplimiento y anticipar cambios de pol\u00edticas.<\/li>\n\n\n\n<li><strong>An\u00e1lisis competitivo:<\/strong> La industria de la perforaci\u00f3n es competitiva. La investigaci\u00f3n de mercado proporciona una imagen clara de los principales actores, lo que est\u00e1n haciendo y d\u00f3nde se encuentran las oportunidades de diferenciaci\u00f3n o colaboraci\u00f3n.<\/li>\n\n\n\n<li><strong>Perspectivas de sostenibilidad:<\/strong> Con un creciente \u00e9nfasis en la sostenibilidad y las preocupaciones ambientales, las empresas necesitan conocimientos sobre m\u00e9todos de perforaci\u00f3n alternativos, conservaci\u00f3n de recursos y gesti\u00f3n de residuos.<\/li>\n\n\n\n<li><strong>Indicadores econ\u00f3micos:<\/strong> La industria de la perforaci\u00f3n, en particular la del petr\u00f3leo y el gas, puede servir como bar\u00f3metro econ\u00f3mico. La investigaci\u00f3n del mercado de perforaci\u00f3n ayuda a comprender la volatilidad del mercado, la din\u00e1mica de precios y las posibles implicaciones econ\u00f3micas.<\/li>\n\n\n\n<li><strong>An\u00e1lisis geogr\u00e1fico:<\/strong> No todas las regiones tienen el mismo potencial de perforaci\u00f3n ni los mismos desaf\u00edos. Por lo tanto, el an\u00e1lisis del potencial de perforaci\u00f3n ofrece datos espec\u00edficos de la regi\u00f3n, lo que ayuda a las empresas a adaptar sus estrategias de acuerdo con las condiciones locales.<\/li>\n<\/ul>\n\n\n\n<h2 class=\"wp-block-heading\">Actores clave en el mercado de perforaci\u00f3n<\/h2>\n\n\n\n<figure class=\"gb-block-image gb-block-image-b75d8d59\"><img loading=\"lazy\" decoding=\"async\" width=\"1456\" height=\"816\" class=\"gb-image gb-image-b75d8d59\" src=\"https:\/\/www.sisinternational.com\/wp-content\/uploads\/2025\/08\/Drilling-and-Extraction-4.jpg\" alt=\"Investigaci\u00f3n y estrategia de mercado internacional de SIS\" title=\"Drilling and Extraction (4)\" srcset=\"https:\/\/www.sisinternational.com\/wp-content\/uploads\/2025\/08\/Drilling-and-Extraction-4.jpg 1456w, https:\/\/www.sisinternational.com\/wp-content\/uploads\/2025\/08\/Drilling-and-Extraction-4-300x168.jpg 300w, https:\/\/www.sisinternational.com\/wp-content\/uploads\/2025\/08\/Drilling-and-Extraction-4-1024x574.jpg 1024w, https:\/\/www.sisinternational.com\/wp-content\/uploads\/2025\/08\/Drilling-and-Extraction-4-768x430.jpg 768w, https:\/\/www.sisinternational.com\/wp-content\/uploads\/2025\/08\/Drilling-and-Extraction-4-18x10.jpg 18w\" sizes=\"auto, (max-width: 1456px) 100vw, 1456px\"><\/figure>\n\n\n\n<p><\/p>\n\n\n\n<p>El mercado de la perforaci\u00f3n abarca un amplio espectro de actividades, desde la exploraci\u00f3n de petr\u00f3leo y gas hasta la perforaci\u00f3n de pozos geot\u00e9rmicos y de agua. Como tal, la industria est\u00e1 plagada de varios gigantes globales, actores especializados y empresas emergentes. A continuaci\u00f3n se ofrece una descripci\u00f3n general de algunas de las empresas m\u00e1s influyentes que dan forma al panorama de la perforaci\u00f3n:<\/p>\n\n\n\n<ul class=\"wp-block-list\">\n<li><strong>Schlumberger:<\/strong> Schlumberger, reconocido como uno de los principales proveedores mundiales de tecnolog\u00eda, perforaci\u00f3n, producci\u00f3n y procesamiento para la industria del petr\u00f3leo y el gas, tiene una amplia presencia global.<\/li>\n\n\n\n<li><strong>Halliburton:<\/strong> Halliburton, una potencia internacional, ofrece productos y servicios a la industria energ\u00e9tica relacionados con la exploraci\u00f3n, el desarrollo y la producci\u00f3n de petr\u00f3leo y gas.<\/li>\n\n\n\n<li><strong>Panadero Hughes:<\/strong> Con un legado en perforaci\u00f3n, Baker Hughes ofrece una gama de servicios en infraestructura energ\u00e9tica y de yacimientos petrol\u00edferos.<\/li>\n\n\n\n<li>Weatherford International: una empresa de servicios de petr\u00f3leo y gas conocida por sus servicios de perforaci\u00f3n y evaluaci\u00f3n que abarcan desde fluidos de perforaci\u00f3n hasta brocas.<\/li>\n\n\n\n<li><strong>Transocean Ltd.:<\/strong> Transocean, un actor clave en el \u00e1mbito de los servicios de perforaci\u00f3n de pozos marinos por contrato, cuenta con una notable flota de unidades m\u00f3viles de perforaci\u00f3n marina.<\/li>\n<\/ul>\n\n\n\n<h2 class=\"wp-block-heading\">Impulsores y tendencias del mercado de perforaci\u00f3n<\/h2>\n\n\n\n<p>The drilling industry has witnessed significant evolutions over the years \u2013 and market <a href=\"https:\/\/www.sisinternational.com\/es\/pericia\/industrias\/investigacion-del-mercado-de-transporte-de-mercancias\/\" title=\"Investigaci\u00f3n de mercado de carga: transporte y env\u00edo de carga\"  data-wpil-monitor-id=\"6502\">investigaci\u00f3n<\/a> is crucial for highlighting the trends and key drivers pushing this sector forward. The following are some major drivers and emerging trends identified through drilling market research:<\/p>\n\n\n\n<ul class=\"wp-block-list\">\n<li><strong>Aumento de la demanda de energ\u00eda:<\/strong> Un factor principal que impulsa el mercado de la perforaci\u00f3n es la creciente demanda mundial de energ\u00eda. A medida que las poblaciones se expanden y las econom\u00edas se desarrollan, la necesidad de fuentes de energ\u00eda, en particular petr\u00f3leo y gas, sigue aumentando. La investigaci\u00f3n del mercado de perforaci\u00f3n subraya esta tendencia y enfatiza la importancia de aprovechar nuevas reservas.<\/li>\n\n\n\n<li><strong>Avances tecnol\u00f3gicos:<\/strong> Una de las principales tendencias identificadas por la investigaci\u00f3n del mercado de perforaci\u00f3n es la r\u00e1pida integraci\u00f3n de la tecnolog\u00eda en las operaciones de perforaci\u00f3n. Las t\u00e9cnicas de perforaci\u00f3n avanzadas, como la perforaci\u00f3n direccional y la fracturaci\u00f3n hidr\u00e1ulica, han revolucionado la industria, permitiendo el acceso a reservas que antes eran inalcanzables.<\/li>\n\n\n\n<li><strong>Cambio hacia la exploraci\u00f3n en aguas profundas y ultraprofundas:<\/strong> La investigaci\u00f3n del mercado de perforaci\u00f3n revela un inter\u00e9s creciente en la exploraci\u00f3n costa afuera, especialmente en zonas de aguas profundas y ultraprofundas. Estas regiones ofrecen reservas prometedoras, lo que impulsa la inversi\u00f3n y las actividades de exploraci\u00f3n.<\/li>\n\n\n\n<li><strong>Preocupaciones ambientales y cambios regulatorios:<\/strong> Aumentar la conciencia sobre la sostenibilidad ambiental ha sido a la vez un desaf\u00edo y un motor. Si bien requiere pr\u00e1cticas de perforaci\u00f3n m\u00e1s responsables, tambi\u00e9n ofrece oportunidades para que las empresas innoven y adopten tecnolog\u00edas m\u00e1s ecol\u00f3gicas. La investigaci\u00f3n del mercado de perforaci\u00f3n destaca con frecuencia el panorama regulatorio y sus implicaciones en las operaciones de la industria.<\/li>\n\n\n\n<li><strong>Aumento de las energ\u00edas renovables:<\/strong> La inclinaci\u00f3n global hacia las fuentes de energ\u00eda renovables plantea desaf\u00edos al mercado de perforaci\u00f3n tradicional. Sin embargo, la investigaci\u00f3n del mercado de perforaci\u00f3n indica que esto tambi\u00e9n abre v\u00edas para actividades de perforaci\u00f3n relacionadas con la energ\u00eda geot\u00e9rmica y las soluciones de almacenamiento de energ\u00eda.<\/li>\n\n\n\n<li><strong>Precios fluctuantes del petr\u00f3leo:<\/strong> La volatilidad de los precios del petr\u00f3leo afecta en gran medida las actividades de perforaci\u00f3n. Por lo tanto, la investigaci\u00f3n del mercado de perforaci\u00f3n monitorea constantemente estas fluctuaciones de precios, proporcionando informaci\u00f3n sobre sus efectos a corto y largo plazo en la industria.<\/li>\n\n\n\n<li><strong>Aparici\u00f3n de la IA y la automatizaci\u00f3n:<\/strong> La investigaci\u00f3n del mercado de perforaci\u00f3n ha identificado la creciente adopci\u00f3n de inteligencia artificial y automatizaci\u00f3n en las operaciones de perforaci\u00f3n. Estas tecnolog\u00edas mejoran la eficiencia y la seguridad y reducen los costos operativos, lo que las convierte en una tendencia importante en el sector de la perforaci\u00f3n.<\/li>\n\n\n\n<li><strong>Factores geopol\u00edticos:<\/strong> La pol\u00edtica global y las relaciones internacionales influyen significativamente en el mercado de la perforaci\u00f3n, especialmente en lo que respecta a las principales regiones productoras de petr\u00f3leo. La investigaci\u00f3n del mercado de perforaci\u00f3n profundiza en las implicaciones de los cambios geopol\u00edticos, las sanciones y los acuerdos internacionales en la din\u00e1mica de la industria.<\/li>\n<\/ul>\n\n\n\n<h2 class=\"wp-block-heading\">Oportunidades en la investigaci\u00f3n del mercado de perforaci\u00f3n<\/h2>\n\n\n\n<figure class=\"gb-block-image gb-block-image-007db99d\"><img loading=\"lazy\" decoding=\"async\" width=\"1456\" height=\"816\" class=\"gb-image gb-image-007db99d\" src=\"https:\/\/www.sisinternational.com\/wp-content\/uploads\/2025\/08\/Drilling-and-Extraction-3.jpg\" alt=\"Investigaci\u00f3n y estrategia de mercado internacional de SIS\" title=\"Drilling and Extraction (3)\" srcset=\"https:\/\/www.sisinternational.com\/wp-content\/uploads\/2025\/08\/Drilling-and-Extraction-3.jpg 1456w, https:\/\/www.sisinternational.com\/wp-content\/uploads\/2025\/08\/Drilling-and-Extraction-3-300x168.jpg 300w, https:\/\/www.sisinternational.com\/wp-content\/uploads\/2025\/08\/Drilling-and-Extraction-3-1024x574.jpg 1024w, https:\/\/www.sisinternational.com\/wp-content\/uploads\/2025\/08\/Drilling-and-Extraction-3-768x430.jpg 768w, https:\/\/www.sisinternational.com\/wp-content\/uploads\/2025\/08\/Drilling-and-Extraction-3-18x10.jpg 18w\" sizes=\"auto, (max-width: 1456px) 100vw, 1456px\"><\/figure>\n\n\n\n<p><\/p>\n\n\n\n<p>La investigaci\u00f3n del mercado de perforaci\u00f3n es un componente clave para comprender la industria de la perforaci\u00f3n. A medida que el sector evoluciona, existen abundantes oportunidades para empresas, investigadores y profesionales en el campo de la investigaci\u00f3n de mercado de perforaci\u00f3n, tales como:<\/p>\n\n\n\n<ul class=\"wp-block-list\">\n<li><strong>Sostenibilidad y Perforaci\u00f3n Verde:<\/strong> Con las crecientes preocupaciones ambientales, existe una importante oportunidad para que la investigaci\u00f3n del mercado de perforaci\u00f3n comprenda y promueva m\u00e9todos de perforaci\u00f3n sostenibles, incluidas t\u00e9cnicas de conservaci\u00f3n del agua y pr\u00e1cticas de reducci\u00f3n de la huella de carbono.<\/li>\n\n\n\n<li><strong>Exploraci\u00f3n de mercados emergentes:<\/strong> Los pa\u00edses en desarrollo presentan vastas reservas sin explotar. La investigaci\u00f3n del mercado de perforaci\u00f3n puede explorar estos territorios, entendiendo sus geograf\u00edas, entornos sociopol\u00edticos y necesidades espec\u00edficas.<\/li>\n\n\n\n<li><strong>Nuevas tecnolog\u00edas de perforaci\u00f3n:<\/strong> A medida que avanza la tecnolog\u00eda, surgen nuevos m\u00e9todos y herramientas de perforaci\u00f3n. Investigar su eficiencia, preparaci\u00f3n para el mercado y desaf\u00edos potenciales proporciona v\u00edas para la innovaci\u00f3n.<\/li>\n\n\n\n<li><strong>Potencial de energ\u00eda geot\u00e9rmica:<\/strong> A medida que el mundo avanza hacia la energ\u00eda renovable, la energ\u00eda geot\u00e9rmica se est\u00e1 convirtiendo en un foco notable. La investigaci\u00f3n del mercado de perforaci\u00f3n puede explorar sitios potenciales, necesidades tecnol\u00f3gicas y demandas del mercado para la producci\u00f3n de energ\u00eda geot\u00e9rmica.<\/li>\n\n\n\n<li><strong>An\u00e1lisis de datos y mantenimiento predictivo:<\/strong> Con el auge del big data y la inteligencia artificial, existe una oportunidad para que la investigaci\u00f3n de mercado de perforaci\u00f3n profundice en el mantenimiento predictivo, comprenda cu\u00e1ndo pueden fallar los equipos y aborde los problemas de manera preventiva.<\/li>\n\n\n\n<li><strong>Perspectivas de perforaci\u00f3n en alta mar en alta mar:<\/strong> A medida que se agotan las reservas terrestres, la atenci\u00f3n se centra en la perforaci\u00f3n en aguas profundas. La investigaci\u00f3n de mercado puede explorar los desaf\u00edos, las tecnolog\u00edas requeridas y los posibles impactos ambientales de la exploraci\u00f3n de aguas profundas.<\/li>\n\n\n\n<li><strong>Optimizaci\u00f3n de la cadena de suministro:<\/strong> Las operaciones de perforaci\u00f3n implican complejas cadenas de suministro. La investigaci\u00f3n de mercado puede ofrecer informaci\u00f3n sobre c\u00f3mo optimizar estas cadenas, reducir costos y garantizar operaciones oportunas.<\/li>\n\n\n\n<li><strong>Avenidas de inversi\u00f3n:<\/strong> Para los inversores, la investigaci\u00f3n del mercado de perforaci\u00f3n puede resaltar \u00e1reas de crecimiento potencial, mercados emergentes y sectores maduros para la inversi\u00f3n, lo que ayuda a tomar decisiones informadas.<\/li>\n\n\n\n<li><a href=\"https:\/\/www.sisinternational.com\/es\/pericia\/industrias\/prueba-de-ubicacion-central-investigacion-de-mercado-clt\/\" title=\"Investigaci\u00f3n de mercado CLT\"  data-wpil-monitor-id=\"2840\">Market Segmentation: Detailed research<\/a> can offer insights into market segmentation, understanding the different needs, challenges, and preferences of each segment, from big corporations to smaller enterprises.<\/li>\n<\/ul>","protected":false},"excerpt":{"rendered":"<p>La investigaci\u00f3n de mercado de perforaci\u00f3n es la recopilaci\u00f3n, el an\u00e1lisis y la interpretaci\u00f3n sistem\u00e1tica de datos relacionados con la industria de la perforaci\u00f3n.<\/p>","protected":false},"author":1,"featured_media":64790,"parent":14514,"menu_order":361,"comment_status":"closed","ping_status":"closed","template":"","meta":{"footnotes":""},"class_list":["post-43418","page","type-page","status-publish","has-post-thumbnail"],"_links":{"self":[{"href":"https:\/\/www.sisinternational.com\/es\/wp-json\/wp\/v2\/pages\/43418","targetHints":{"allow":["GET"]}}],"collection":[{"href":"https:\/\/www.sisinternational.com\/es\/wp-json\/wp\/v2\/pages"}],"about":[{"href":"https:\/\/www.sisinternational.com\/es\/wp-json\/wp\/v2\/types\/page"}],"author":[{"embeddable":true,"href":"https:\/\/www.sisinternational.com\/es\/wp-json\/wp\/v2\/users\/1"}],"replies":[{"embeddable":true,"href":"https:\/\/www.sisinternational.com\/es\/wp-json\/wp\/v2\/comments?post=43418"}],"version-history":[{"count":6,"href":"https:\/\/www.sisinternational.com\/es\/wp-json\/wp\/v2\/pages\/43418\/revisions"}],"predecessor-version":[{"id":80085,"href":"https:\/\/www.sisinternational.com\/es\/wp-json\/wp\/v2\/pages\/43418\/revisions\/80085"}],"up":[{"embeddable":true,"href":"https:\/\/www.sisinternational.com\/es\/wp-json\/wp\/v2\/pages\/14514"}],"wp:featuredmedia":[{"embeddable":true,"href":"https:\/\/www.sisinternational.com\/es\/wp-json\/wp\/v2\/media\/64790"}],"wp:attachment":[{"href":"https:\/\/www.sisinternational.com\/es\/wp-json\/wp\/v2\/media?parent=43418"}],"curies":[{"name":"wp","href":"https:\/\/api.w.org\/{rel}","templated":true}]}}