{"id":43346,"date":"2023-09-02T18:03:44","date_gmt":"2023-09-02T22:03:44","guid":{"rendered":"https:\/\/www.sisinternational.com\/?page_id=43346"},"modified":"2026-01-27T15:22:04","modified_gmt":"2026-01-27T20:22:04","slug":"muestreo-de-investigacion-de-mercado","status":"publish","type":"page","link":"https:\/\/www.sisinternational.com\/es\/pericia\/muestreo-de-investigacion-de-mercado\/","title":{"rendered":"Investigaci\u00f3n de mercado de muestreo"},"content":{"rendered":"<h1 class=\"wp-block-heading\">Investigaci\u00f3n de mercado de muestreo<\/h1>\n\n\n\n<figure class=\"gb-block-image gb-block-image-c2038f84\"><img loading=\"lazy\" decoding=\"async\" width=\"1456\" height=\"816\" class=\"gb-image gb-image-c2038f84\" src=\"https:\/\/www.sisinternational.com\/wp-content\/uploads\/2025\/09\/Quantitative-research-1d4-2.jpg\" alt=\"Investigaci\u00f3n y estrategia de mercado internacional de SIS\" title=\"Quantitative research (1d4) (2)\" srcset=\"https:\/\/www.sisinternational.com\/wp-content\/uploads\/2025\/09\/Quantitative-research-1d4-2.jpg 1456w, https:\/\/www.sisinternational.com\/wp-content\/uploads\/2025\/09\/Quantitative-research-1d4-2-300x168.jpg 300w, https:\/\/www.sisinternational.com\/wp-content\/uploads\/2025\/09\/Quantitative-research-1d4-2-1024x574.jpg 1024w, https:\/\/www.sisinternational.com\/wp-content\/uploads\/2025\/09\/Quantitative-research-1d4-2-768x430.jpg 768w, https:\/\/www.sisinternational.com\/wp-content\/uploads\/2025\/09\/Quantitative-research-1d4-2-18x10.jpg 18w\" sizes=\"auto, (max-width: 1456px) 100vw, 1456px\"><\/figure>\n\n\n\n<p><\/p>\n\n\n\n<p>En la investigaci\u00f3n de mercados, comprender grandes poblaciones es una tarea compleja. El desaf\u00edo no radica s\u00f3lo en recopilar datos, sino tambi\u00e9n en garantizar que reflejen con precisi\u00f3n los comportamientos, preferencias y sentimientos de un grupo demogr\u00e1fico objetivo. Aqu\u00ed radica la importancia de realizar una investigaci\u00f3n de mercado por muestreo.<\/p>\n\n\n\n<p>La investigaci\u00f3n de mercado por muestreo, como sugiere la palabra clave, gira en torno a la selecci\u00f3n meticulosa de un grupo (o muestra) espec\u00edfico de una poblaci\u00f3n m\u00e1s grande, asegurando que este grupo refleje el conjunto m\u00e1s amplio en sus caracter\u00edsticas. Al estudiar esta muestra, los investigadores pueden derivar conclusiones y conocimientos sobre la poblaci\u00f3n en general, lo que hace que el proceso de investigaci\u00f3n sea m\u00e1s factible, eficiente y rentable.<\/p>\n\n\n\n<h2 class=\"wp-block-heading\">Comprensi\u00f3n de la investigaci\u00f3n de mercado de muestreo<\/h2>\n\n\n\n<p>The primary <a href=\"https:\/\/www.sisinternational.com\/es\/soluciones\/investigacion-de-mercado-de-ia-y-consultoria-estrategica\/investigacion-de-mercado-de-deteccion-de-objetos-ai\/\" title=\"Investigaci\u00f3n de mercado de IA de detecci\u00f3n de objetos\"  data-wpil-monitor-id=\"7306\">objective of sampling market research<\/a> ensures that this sample is representative of the broader group in terms of key characteristics and behaviors.<\/p>\n\n\n\n<p>Dado que es f\u00edsicamente imposible o prohibitivamente costoso llegar a todos los individuos de una poblaci\u00f3n grande, el muestreo proporciona una forma manejable de recopilar datos, y una muestra bien elegida puede proporcionar resultados tan precisos como estudiar a toda la poblaci\u00f3n.<\/p>\n\n\n\n<p>El muestreo tambi\u00e9n permite a los investigadores obtener resultados m\u00e1s r\u00e1pidamente. Esta velocidad puede ser crucial para proyectos urgentes o mercados que cambian r\u00e1pidamente. Uno de los principios fundamentales de la investigaci\u00f3n de mercado por muestreo es garantizar que la muestra seleccionada sea representativa. Si una muestra no refleja con precisi\u00f3n la composici\u00f3n de la poblaci\u00f3n en general, cualquier conclusi\u00f3n extra\u00edda podr\u00eda ser enga\u00f1osa.<\/p>\n\n\n\n<h2 class=\"wp-block-heading\">Ventajas de la investigaci\u00f3n de mercado por muestreo<\/h2>\n\n\n\n<figure class=\"gb-block-image gb-block-image-d1b1a4f5\"><img loading=\"lazy\" decoding=\"async\" width=\"1456\" height=\"816\" class=\"gb-image gb-image-d1b1a4f5\" src=\"https:\/\/www.sisinternational.com\/wp-content\/uploads\/2025\/09\/Quantitative-research-22.jpg\" alt=\"Investigaci\u00f3n y estrategia de mercado internacional de SIS\" title=\"Quantitative research (22)\" srcset=\"https:\/\/www.sisinternational.com\/wp-content\/uploads\/2025\/09\/Quantitative-research-22.jpg 1456w, https:\/\/www.sisinternational.com\/wp-content\/uploads\/2025\/09\/Quantitative-research-22-300x168.jpg 300w, https:\/\/www.sisinternational.com\/wp-content\/uploads\/2025\/09\/Quantitative-research-22-1024x574.jpg 1024w, https:\/\/www.sisinternational.com\/wp-content\/uploads\/2025\/09\/Quantitative-research-22-768x430.jpg 768w, https:\/\/www.sisinternational.com\/wp-content\/uploads\/2025\/09\/Quantitative-research-22-18x10.jpg 18w\" sizes=\"auto, (max-width: 1456px) 100vw, 1456px\"><\/figure>\n\n\n\n<p><\/p>\n\n\n\n<p>La investigaci\u00f3n de mercado por muestreo ha consolidado su posici\u00f3n como piedra angular en el campo de la investigaci\u00f3n de mercado al ofrecer un m\u00e9todo simplificado y eficiente de recopilaci\u00f3n de datos sin comprometer la precisi\u00f3n. Estos son los beneficios clave:<\/p>\n\n\n\n<ul class=\"wp-block-list\">\n<li><strong>Eficiencia de costo:<\/strong> Realizar investigaciones sobre una muestra en lugar de sobre una poblaci\u00f3n completa reduce significativamente los costos. Desde mano de obra hasta recursos, los ahorros financieros son sustanciales, lo que lo hace especialmente atractivo para empresas con limitaciones presupuestarias.<\/li>\n\n\n\n<li><strong>Manejabilidad:<\/strong> Manejar datos de un grupo m\u00e1s peque\u00f1o es m\u00e1s manejable, lo que hace que el proceso de an\u00e1lisis e interpretaci\u00f3n de datos sea m\u00e1s sencillo. Esto permite una comprensi\u00f3n m\u00e1s centrada y matizada de los datos.<\/li>\n\n\n\n<li><strong>Flexibilidad:<\/strong> El muestreo ofrece a los investigadores flexibilidad en su enfoque. Pueden ajustar sus m\u00e9todos seg\u00fan el tama\u00f1o de la muestra, el tipo de t\u00e9cnica de muestreo utilizada o las necesidades espec\u00edficas del proyecto.<\/li>\n\n\n\n<li><strong>Accesibilidad:<\/strong> Puede resultar dif\u00edcil llegar a determinadas poblaciones o grupos demogr\u00e1ficos en su totalidad. El muestreo proporciona una manera de acceder a una muestra representativa de dichos grupos, asegurando su representaci\u00f3n en la investigaci\u00f3n.<\/li>\n\n\n\n<li><strong>Permite una investigaci\u00f3n en profundidad:<\/strong> Al tener menos encuestados con quienes interactuar, los investigadores pueden profundizar en temas espec\u00edficos, hacer preguntas m\u00e1s detalladas y pasar m\u00e1s tiempo con cada participante. Esta profundidad puede proporcionar conocimientos m\u00e1s ricos que una investigaci\u00f3n m\u00e1s amplia.<\/li>\n\n\n\n<li><strong>Falta de respuesta reducida:<\/strong> Una muestra m\u00e1s peque\u00f1a y bien elegida podr\u00eda generar tasas de respuesta m\u00e1s altas en comparaci\u00f3n con encuestas amplias. Unos niveles de participaci\u00f3n m\u00e1s altos pueden generar datos m\u00e1s completos y confiables.<\/li>\n<\/ul>\n\n\n\n<h2 class=\"wp-block-heading\">Desaf\u00edos en la investigaci\u00f3n de mercado de muestreo<\/h2>\n\n\n\n<p>While sampling market research offers many advantages, it is not without its challenges. When not executed carefully, sampling can lead to misleading results. Here&#8217;s an overview of the potential challenges in <a href=\"https:\/\/www.sisinternational.com\/es\/cobertura\/investigacion-de-mercado-africa\/investigacion-de-mercado-en-mauritania-africa\/\" title=\"Investigaci\u00f3n de mercado en Mauritania, \u00c1frica: descripci\u00f3n general\"  data-wpil-monitor-id=\"5290\">muestreo de investigaci\u00f3n de mercado<\/a>:<\/p>\n\n\n\n<ul class=\"wp-block-list\">\n<li><strong>Sesgo de muestra:<\/strong> Uno de los desaf\u00edos m\u00e1s importantes en el muestreo es garantizar que la muestra sea verdaderamente representativa de la poblaci\u00f3n en general. Cualquier desviaci\u00f3n puede dar lugar a resultados sesgados, haciendo que los hallazgos no sean fiables o sean enga\u00f1osos.<\/li>\n\n\n\n<li><strong>Determinar el tama\u00f1o de muestra correcto:<\/strong> Una muestra demasiado peque\u00f1a puede no captar la diversidad y los matices de una poblaci\u00f3n, mientras que una muestra excesivamente grande puede ser innecesaria y consumir muchos recursos.<\/li>\n\n\n\n<li><strong>Sesgo de falta de respuesta:<\/strong> No todas las personas elegidas para una muestra podr\u00edan responder a una encuesta o participar en una investigaci\u00f3n. Si los no encuestados difieren significativamente en caracter\u00edsticas de los encuestados, los resultados pueden estar sesgados.<\/li>\n\n\n\n<li><strong>Sobregeneralizaci\u00f3n:<\/strong> Existe el riesgo de extrapolar datos de muestra a la poblaci\u00f3n m\u00e1s amplia sin considerar posibles variaciones o matices.<\/li>\n\n\n\n<li><strong>Obst\u00e1culos log\u00edsticos:<\/strong> Dependiendo del m\u00e9todo de muestreo utilizado, pueden surgir desaf\u00edos log\u00edsticos, como llegar a participantes remotos o garantizar una selecci\u00f3n aleatoria en el trabajo de campo.<\/li>\n\n\n\n<li><strong>Sobrecostos:<\/strong> Si bien el muestreo suele ser rentable, una mala planificaci\u00f3n o desaf\u00edos inesperados pueden hacer que los costos superen el presupuesto.<\/li>\n\n\n\n<li><strong>Cambios Temporales:<\/strong> Si hay un lapso de tiempo significativo entre las fases de recopilaci\u00f3n de datos en los estudios longitudinales, los cambios a lo largo del tiempo podr\u00edan afectar la representatividad de la muestra.<\/li>\n\n\n\n<li><strong>Calidad de los datos:<\/strong> Con una muestra m\u00e1s peque\u00f1a, la calidad de los datos recopilados de cada encuestado se vuelve a\u00fan m\u00e1s cr\u00edtica. Las respuestas inexactas o de baja calidad pueden afectar significativamente los hallazgos.<\/li>\n\n\n\n<li><strong>Dependencia de datos preexistentes:<\/strong> Si los investigadores utilizan datos o bases de datos preexistentes para el muestreo, puede haber limitaciones o sesgos inherentes al m\u00e9todo de recopilaci\u00f3n de datos original.<\/li>\n<\/ul>\n\n\n\n<h2 class=\"wp-block-heading\">El futuro de la investigaci\u00f3n de mercado de muestreo<\/h2>\n\n\n\n<figure class=\"gb-block-image gb-block-image-a2227238\"><img loading=\"lazy\" decoding=\"async\" width=\"1456\" height=\"816\" class=\"gb-image gb-image-a2227238\" src=\"https:\/\/www.sisinternational.com\/wp-content\/uploads\/2025\/09\/Quantitative-research-1d4-2.jpg\" alt=\"Investigaci\u00f3n y estrategia de mercado internacional de SIS\" title=\"Quantitative research (1d4) (2)\" srcset=\"https:\/\/www.sisinternational.com\/wp-content\/uploads\/2025\/09\/Quantitative-research-1d4-2.jpg 1456w, https:\/\/www.sisinternational.com\/wp-content\/uploads\/2025\/09\/Quantitative-research-1d4-2-300x168.jpg 300w, https:\/\/www.sisinternational.com\/wp-content\/uploads\/2025\/09\/Quantitative-research-1d4-2-1024x574.jpg 1024w, https:\/\/www.sisinternational.com\/wp-content\/uploads\/2025\/09\/Quantitative-research-1d4-2-768x430.jpg 768w, https:\/\/www.sisinternational.com\/wp-content\/uploads\/2025\/09\/Quantitative-research-1d4-2-18x10.jpg 18w\" sizes=\"auto, (max-width: 1456px) 100vw, 1456px\"><\/figure>\n\n\n\n<p><\/p>\n\n\n\n<p>The increasing fusion of technology, data analytics, and traditional research methodologies promises to reshape the landscape of <a href=\"https:\/\/www.sisinternational.com\/es\/pericia\/industrias\/investigacion-de-mercado-de-cambio-de-marca-de-motocicletas\/\" title=\"Investigaci\u00f3n de mercado de cambio de marca de motocicletas\"  data-wpil-monitor-id=\"4712\">sampling<\/a> market research. Here\u2019s a glimpse into what the future might hold for sampling market research:<\/p>\n\n\n\n<ul class=\"wp-block-list\">\n<li><strong>Integraci\u00f3n de IA y aprendizaje autom\u00e1tico:<\/strong> Los algoritmos avanzados pueden ayudar a determinar tama\u00f1os de muestra \u00f3ptimos, predecir sesgos de falta de respuesta e incluso en la selecci\u00f3n de muestras representativas. El aprendizaje autom\u00e1tico puede ayudar a perfeccionar las t\u00e9cnicas de muestreo basadas en tendencias y datos hist\u00f3ricos.<\/li>\n\n\n\n<li><strong>An\u00e1lisis predictivo mejorado:<\/strong> El muestreo combinado con an\u00e1lisis predictivos avanzados puede ofrecer pron\u00f3sticos m\u00e1s precisos sobre las tendencias, comportamientos y preferencias de los consumidores del mercado.<\/li>\n\n\n\n<li><strong>Realidad Virtual y Aumentada en Muestreo:<\/strong> La realidad virtual y la realidad aumentada pueden ofrecer experiencias de encuestas inmersivas, lo que lleva a una recopilaci\u00f3n de datos m\u00e1s rica a partir de muestras. Esto puede resultar especialmente beneficioso en las pruebas de productos o en la retroalimentaci\u00f3n experiencial.<\/li>\n\n\n\n<li><strong>Globalizaci\u00f3n y muestreo transcultural:<\/strong> A medida que las empresas se vuelven m\u00e1s globales, las t\u00e9cnicas de muestreo deben evolucionar para capturar matices y variaciones interculturales, garantizando que las muestras sean representativas en diversas geograf\u00edas.<\/li>\n\n\n\n<li><strong>Mayor \u00e9nfasis en la recopilaci\u00f3n \u00e9tica de datos:<\/strong> Con una mayor conciencia sobre la privacidad y la \u00e9tica de los datos, el futuro del muestreo necesitar\u00e1 m\u00e9todos de recopilaci\u00f3n de datos transparentes y basados en el consentimiento.<\/li>\n\n\n\n<li><strong>Integraci\u00f3n con Big Data:<\/strong> El muestreo en la era del big data probablemente implique extraer subconjuntos relevantes de conjuntos de datos masivos, garantizando la representatividad mientras se navega por grandes cantidades de informaci\u00f3n.<\/li>\n\n\n\n<li><strong>T\u00e9cnicas de muestreo adaptativo:<\/strong> Aprovechar la tecnolog\u00eda para adaptar estrategias de muestreo sobre la marcha, en funci\u00f3n de hallazgos preliminares o din\u00e1micas cambiantes del mercado.<\/li>\n\n\n\n<li><strong>Muestreo personalizado:<\/strong> Estrategias de muestreo personalizadas para nichos de mercado o campa\u00f1as de marketing hiperdirigidas, que garantizan una alta relevancia y precisi\u00f3n en los conocimientos.<\/li>\n\n\n\n<li><strong>Muestreo colaborativo:<\/strong> Utilizar plataformas y comunidades para interactuar con muestras diversas, aprovechando el poder de la inteligencia colectiva y los conocimientos impulsados por la comunidad.<\/li>\n\n\n\n<li><strong>Mayor colaboraci\u00f3n y enfoques interdisciplinarios:<\/strong> Se utilizar\u00e1 la convergencia de campos como la sociolog\u00eda, la ciencia de datos, la antropolog\u00eda y los estudios empresariales para perfeccionar las metodolog\u00edas de muestreo.<\/li>\n<\/ul>","protected":false},"excerpt":{"rendered":"<p>La investigaci\u00f3n de mercado por muestreo toma muestras de un grupo (o muestra) espec\u00edfico para sacar conclusiones sobre una poblaci\u00f3n m\u00e1s grande con caracter\u00edsticas similares.<\/p>","protected":false},"author":1,"featured_media":67012,"parent":14514,"menu_order":354,"comment_status":"closed","ping_status":"closed","template":"","meta":{"footnotes":""},"class_list":["post-43346","page","type-page","status-publish","has-post-thumbnail"],"_links":{"self":[{"href":"https:\/\/www.sisinternational.com\/es\/wp-json\/wp\/v2\/pages\/43346","targetHints":{"allow":["GET"]}}],"collection":[{"href":"https:\/\/www.sisinternational.com\/es\/wp-json\/wp\/v2\/pages"}],"about":[{"href":"https:\/\/www.sisinternational.com\/es\/wp-json\/wp\/v2\/types\/page"}],"author":[{"embeddable":true,"href":"https:\/\/www.sisinternational.com\/es\/wp-json\/wp\/v2\/users\/1"}],"replies":[{"embeddable":true,"href":"https:\/\/www.sisinternational.com\/es\/wp-json\/wp\/v2\/comments?post=43346"}],"version-history":[{"count":6,"href":"https:\/\/www.sisinternational.com\/es\/wp-json\/wp\/v2\/pages\/43346\/revisions"}],"predecessor-version":[{"id":80952,"href":"https:\/\/www.sisinternational.com\/es\/wp-json\/wp\/v2\/pages\/43346\/revisions\/80952"}],"up":[{"embeddable":true,"href":"https:\/\/www.sisinternational.com\/es\/wp-json\/wp\/v2\/pages\/14514"}],"wp:featuredmedia":[{"embeddable":true,"href":"https:\/\/www.sisinternational.com\/es\/wp-json\/wp\/v2\/media\/67012"}],"wp:attachment":[{"href":"https:\/\/www.sisinternational.com\/es\/wp-json\/wp\/v2\/media?parent=43346"}],"curies":[{"name":"wp","href":"https:\/\/api.w.org\/{rel}","templated":true}]}}