{"id":43332,"date":"2023-09-02T12:27:05","date_gmt":"2023-09-02T16:27:05","guid":{"rendered":"https:\/\/www.sisinternational.com\/?page_id=43332"},"modified":"2026-01-27T15:24:01","modified_gmt":"2026-01-27T20:24:01","slug":"investigacion-de-mercados-de-paises-de-mercados-fronterizos","status":"publish","type":"page","link":"https:\/\/www.sisinternational.com\/es\/pericia\/investigacion-de-mercados-de-paises-de-mercados-fronterizos\/","title":{"rendered":"Mercado fronterizo Investigaci\u00f3n de mercado nacional"},"content":{"rendered":"<h1 class=\"wp-block-heading\">Mercado fronterizo Investigaci\u00f3n de mercado nacional<\/h1>\n\n\n\n<figure class=\"gb-block-image gb-block-image-5398cda9\"><img loading=\"lazy\" decoding=\"async\" width=\"1456\" height=\"816\" class=\"gb-image gb-image-5398cda9\" src=\"https:\/\/www.sisinternational.com\/wp-content\/uploads\/2025\/08\/Global-8.jpg\" alt=\"Investigaci\u00f3n y estrategia de mercado internacional de SIS\" title=\"Global (8)\" srcset=\"https:\/\/www.sisinternational.com\/wp-content\/uploads\/2025\/08\/Global-8.jpg 1456w, https:\/\/www.sisinternational.com\/wp-content\/uploads\/2025\/08\/Global-8-300x168.jpg 300w, https:\/\/www.sisinternational.com\/wp-content\/uploads\/2025\/08\/Global-8-1024x574.jpg 1024w, https:\/\/www.sisinternational.com\/wp-content\/uploads\/2025\/08\/Global-8-768x430.jpg 768w, https:\/\/www.sisinternational.com\/wp-content\/uploads\/2025\/08\/Global-8-18x10.jpg 18w\" sizes=\"auto, (max-width: 1456px) 100vw, 1456px\"><\/figure>\n\n\n\n<p><\/p>\n\n\n\n<p>En la econom\u00eda global moderna, los mercados fronterizos representan una enorme reserva de potencial sin explotar, eclipsados por sus contrapartes de mercados emergentes y desarrollados. Sin embargo, estos pa\u00edses ofrecen una combinaci\u00f3n \u00fanica de oportunidades y desaf\u00edos que pueden atraer a inversores que buscan crecimiento y diversificaci\u00f3n m\u00e1s all\u00e1 de los mercados tradicionales.<\/p>\n\n\n\n<p>De ah\u00ed el papel crucial de la investigaci\u00f3n de mercados de pa\u00edses de mercados fronterizos al ofrecer conocimientos profundos para la toma de decisiones en mercados donde la informaci\u00f3n suele ser limitada y llena de sesgos.<\/p>\n\n\n\n<h2 class=\"wp-block-heading\">Comprensi\u00f3n de la investigaci\u00f3n de mercados nacionales sobre mercados fronterizos<\/h2>\n\n\n\n<p>The term &#8220;frontier market&#8221; describes <a href=\"https:\/\/www.sisinternational.com\/es\/mercado-de-fmcg-en-vietnam\/\" title=\"Mercado de bienes de consumo en Vietnam\"  data-wpil-monitor-id=\"7587\">pa\u00edses<\/a> that are in the transitional phase between developing and emerging market status. They are characterized by their developing economies, capital markets, and financial systems. Thus, understanding the nuances of frontier market country market research is essential for businesses and investors aiming to harness the opportunities these markets offer while navigating the inherent challenges.<\/p>\n\n\n\n<h3 class=\"wp-block-heading\">\u00bfQu\u00e9 son los mercados fronterizos?<\/h3>\n\n\n\n<figure class=\"gb-block-image gb-block-image-237756ed\"><img loading=\"lazy\" decoding=\"async\" width=\"1456\" height=\"816\" class=\"gb-image gb-image-237756ed\" src=\"https:\/\/www.sisinternational.com\/wp-content\/uploads\/2025\/08\/Global-10.jpg\" alt=\"Investigaci\u00f3n y estrategia de mercado internacional de SIS\" title=\"Global (10)\" srcset=\"https:\/\/www.sisinternational.com\/wp-content\/uploads\/2025\/08\/Global-10.jpg 1456w, https:\/\/www.sisinternational.com\/wp-content\/uploads\/2025\/08\/Global-10-300x168.jpg 300w, https:\/\/www.sisinternational.com\/wp-content\/uploads\/2025\/08\/Global-10-1024x574.jpg 1024w, https:\/\/www.sisinternational.com\/wp-content\/uploads\/2025\/08\/Global-10-768x430.jpg 768w, https:\/\/www.sisinternational.com\/wp-content\/uploads\/2025\/08\/Global-10-18x10.jpg 18w\" sizes=\"auto, (max-width: 1456px) 100vw, 1456px\"><\/figure>\n\n\n\n<p><\/p>\n\n\n\n<p>Si bien no existe una lista universalmente acordada de mercados fronterizos, instituciones como el MSCI (Morgan Stanley Capital International) tienen sus propias categorizaciones, generalmente basadas en el tama\u00f1o del mercado, la liquidez y el desarrollo econ\u00f3mico.<\/p>\n\n\n\n<ul class=\"wp-block-list\">\n<li><strong>Profundidad y acceso al mercado:<\/strong> Los mercados fronterizos suelen tener menos empresas que cotizan en bolsa, vol\u00famenes de negociaci\u00f3n diarios m\u00e1s bajos y sistemas financieros menos desarrollados.<\/li>\n\n\n\n<li><strong>Diversificaci\u00f3n Econ\u00f3mica:<\/strong> Muchos mercados fronterizos tienen econom\u00edas centradas en unos pocos sectores clave, a menudo recursos naturales o agricultura.<\/li>\n\n\n\n<li><strong>Entorno regulatorio:<\/strong> Los sistemas regulatorios menos maduros pueden significar tanto oportunidades para los pioneros como desaf\u00edos en t\u00e9rminos de cumplimiento y comprensi\u00f3n de los matices locales.<\/li>\n\n\n\n<li><strong>Potencial de crecimiento:<\/strong> Debido a su etapa incipiente, los mercados fronterizos poseen tasas de crecimiento m\u00e1s altas en comparaci\u00f3n con los mercados m\u00e1s desarrollados.<\/li>\n<\/ul>\n\n\n\n<h3 class=\"wp-block-heading\">Por qu\u00e9 la investigaci\u00f3n de mercados nacionales de Frontier Market es crucial para las empresas:<\/h3>\n\n\n\n<ul class=\"wp-block-list\">\n<li><strong>Asimetr\u00eda de la informaci\u00f3n:<\/strong> Los mercados fronterizos adolecen de una falta de informaci\u00f3n confiable y de f\u00e1cil acceso. Una investigaci\u00f3n de mercado eficaz cierra esta brecha, proporcionando conocimientos que podr\u00edan no estar f\u00e1cilmente disponibles para el inversor o la empresa promedio.<\/li>\n\n\n\n<li><strong>Matices culturales:<\/strong> M\u00e1s all\u00e1 de los n\u00fameros, comprender las costumbres, los comportamientos y los valores locales es fundamental para las empresas que buscan ofrecer productos o servicios que tengan eco en la poblaci\u00f3n local.<\/li>\n\n\n\n<li><strong>Evaluaci\u00f3n de riesgos:<\/strong> Si bien los mercados fronterizos ofrecen importantes potenciales de rentabilidad, tambi\u00e9n conllevan una buena cantidad de riesgos, que van desde la inestabilidad pol\u00edtica hasta la volatilidad monetaria. Una investigaci\u00f3n de mercado exhaustiva ayuda a evaluar y mitigar estos riesgos.<\/li>\n<\/ul>\n\n\n\n<h2 class=\"wp-block-heading\">\u00bfPor qu\u00e9 es importante la investigaci\u00f3n de mercados de pa\u00edses de mercados fronterizos?<\/h2>\n\n\n\n<figure class=\"gb-block-image gb-block-image-6db43c8b\"><img loading=\"lazy\" decoding=\"async\" width=\"1456\" height=\"816\" class=\"gb-image gb-image-6db43c8b\" src=\"https:\/\/www.sisinternational.com\/wp-content\/uploads\/2025\/08\/Global-4.jpg\" alt=\"Investigaci\u00f3n y estrategia de mercado internacional de SIS\" title=\"Global (4)\" srcset=\"https:\/\/www.sisinternational.com\/wp-content\/uploads\/2025\/08\/Global-4.jpg 1456w, https:\/\/www.sisinternational.com\/wp-content\/uploads\/2025\/08\/Global-4-300x168.jpg 300w, https:\/\/www.sisinternational.com\/wp-content\/uploads\/2025\/08\/Global-4-1024x574.jpg 1024w, https:\/\/www.sisinternational.com\/wp-content\/uploads\/2025\/08\/Global-4-768x430.jpg 768w, https:\/\/www.sisinternational.com\/wp-content\/uploads\/2025\/08\/Global-4-18x10.jpg 18w\" sizes=\"auto, (max-width: 1456px) 100vw, 1456px\"><\/figure>\n\n\n\n<p><\/p>\n\n\n\n<p>Los mercados fronterizos est\u00e1n llenos de potencial para los inversores. Sin embargo, las dificultades de estos mercados hacen que la toma de decisiones sea imprescindible para comprender las condiciones locales que, de otro modo, har\u00edan que una inversi\u00f3n en estos mercados fuera extremadamente riesgosa. He aqu\u00ed por qu\u00e9 dicha investigaci\u00f3n es indispensable:<\/p>\n\n\n\n<ul class=\"wp-block-list\">\n<li><strong>Activos infravalorados:<\/strong> Muchos mercados fronterizos poseen activos que est\u00e1n infravalorados en comparaci\u00f3n con sus hom\u00f3logos globales, lo que ofrece lucrativas oportunidades de inversi\u00f3n.<\/li>\n\n\n\n<li><strong>Ventaja de primer movimiento:<\/strong> Estar entre los primeros en ingresar a un mercado o industria puede generar una ventaja competitiva, especialmente si la competencia local es m\u00ednima.<\/li>\n\n\n\n<li><strong>Diversificaci\u00f3n:<\/strong> Para los inversores, los mercados fronterizos ofrecen la oportunidad de diversificar las carteras, y a menudo ofrecen rendimientos que no est\u00e1n correlacionados con los mercados tradicionales.<\/li>\n\n\n\n<li><strong>Inestabilidad pol\u00edtica:<\/strong> Los mercados fronterizos son propensos a agitaciones pol\u00edticas, cambios en las regulaciones o intervenciones gubernamentales. Una investigaci\u00f3n exhaustiva de los mercados de pa\u00edses y mercados fronterizos proporciona una mejor comprensi\u00f3n y evaluaci\u00f3n de estos riesgos.<\/li>\n\n\n\n<li><strong>Volatilidad del mercado:<\/strong> Debido a la menor liquidez y al menor n\u00famero de participantes en el mercado, los mercados fronterizos pueden ser m\u00e1s vol\u00e1tiles. La investigaci\u00f3n de mercados de pa\u00edses de mercados fronterizos ayuda a comprender estas din\u00e1micas y a planificar en consecuencia.<\/li>\n\n\n\n<li><strong>Fluctuaciones monetarias:<\/strong> Muchos mercados fronterizos tienen monedas que pueden ser muy vol\u00e1tiles, especialmente frente a las principales monedas mundiales. Comprender y pronosticar estas fluctuaciones puede ser esencial para la rentabilidad.<\/li>\n\n\n\n<li><strong>Sensibilidad cultural:<\/strong> M\u00e1s all\u00e1 de los factores econ\u00f3micos y pol\u00edticos, comprender las costumbres, preferencias y valores locales puede hacer o deshacer una empresa comercial.<\/li>\n\n\n\n<li><strong>Panorama regulatorio:<\/strong> Una comprensi\u00f3n profunda del entorno regulatorio local puede ayudar a las empresas a cumplir y evitar posibles repercusiones legales.<\/li>\n\n\n\n<li><strong>Confianza de las partes interesadas:<\/strong> Demostrar un conocimiento profundo del mercado local puede fomentar la confianza entre los socios, clientes e incluso reguladores locales.<\/li>\n\n\n\n<li><strong>Comercializaci\u00f3n a medida:<\/strong> Con la investigaci\u00f3n de mercados de pa\u00edses de mercados fronterizos, las empresas pueden adaptar sus campa\u00f1as de marketing y publicidad para que resuenen con la audiencia local, lo que lleva a una mejor percepci\u00f3n y lealtad de la marca.<\/li>\n\n\n\n<li><strong>Evoluci\u00f3n del mercado:<\/strong> Los mercados fronterizos son din\u00e1micos, con r\u00e1pidos cambios en el comportamiento de los consumidores, la adopci\u00f3n tecnol\u00f3gica y el crecimiento de la industria. La investigaci\u00f3n de mercados de pa\u00edses de mercados fronterizos ayuda a las empresas y a los inversores a mantenerse a la vanguardia al pronosticar estos cambios.<\/li>\n<\/ul>\n\n\n\n<h2 class=\"wp-block-heading\">Principales pa\u00edses con mercados fronterizos: un enfoque en la investigaci\u00f3n de mercado de los pa\u00edses con mercados fronterizos<\/h2>\n\n\n\n<p>Los mercados fronterizos se caracterizan por sus crecientes mercados de capital, combinados con un entorno econ\u00f3mico que puede no ser tan desarrollado o eficiente como los mercados m\u00e1s maduros. Participar en investigaciones de mercado de pa\u00edses con mercados fronterizos ofrece a los inversores y a las empresas una perspectiva \u00fanica de estas econom\u00edas menos exploradas pero prometedoras. He aqu\u00ed un vistazo a algunos de los principales pa\u00edses con mercados fronterizos:<\/p>\n\n\n\n<h3 class=\"wp-block-heading\">\u00c1frica:<\/h3>\n\n\n\n<ul class=\"wp-block-list\">\n<li><strong>Nigeria:<\/strong> Despite its size and rich natural resources, challenges such as political instability and terrorist attacks have kept <a href=\"https:\/\/www.sisinternational.com\/es\/cobertura\/investigacion-de-mercado-africa\/investigacion-de-mercado-en-nigeria\/\" title=\"Investigaci\u00f3n de mercado en Nigeria\"  data-wpil-monitor-id=\"5362\">Nigeria in the frontier market<\/a> category.<\/li>\n\n\n\n<li><strong>Kenia:<\/strong> Kenia, un centro tecnol\u00f3gico en crecimiento en \u00c1frica Oriental, ofrece oportunidades \u00fanicas en tecnolog\u00eda financiera y telecomunicaciones.<\/li>\n\n\n\n<li><strong>Ghana:<\/strong> Con relativa estabilidad pol\u00edtica y ricos recursos, Ghana es vista favorablemente entre los inversores de los mercados fronterizos.<\/li>\n<\/ul>\n\n\n\n<h3 class=\"wp-block-heading\">Asia:<\/h3>\n\n\n\n<ul class=\"wp-block-list\">\n<li><strong>Vietnam:<\/strong> Vietnam, que crece e industrializa r\u00e1pidamente, se ha convertido en un centro manufacturero, especialmente a medida que las empresas diversifican sus cadenas de suministro desde China.<\/li>\n\n\n\n<li><strong>Bangladesh:<\/strong> Bangladesh, conocido por su industria textil, ha experimentado un crecimiento econ\u00f3mico constante en los \u00faltimos a\u00f1os.<\/li>\n\n\n\n<li><strong>Birmania:<\/strong> Despite its challenges, Myanmar&#8217;s large population and rich resources make it an interesting <a href=\"https:\/\/www.sisinternational.com\/es\/cobertura\/investigacion-de-mercado-asia\/investigacion-de-mercado-en-myanmar\/\" title=\"Investigaci\u00f3n de mercado en Myanmar\"  data-wpil-monitor-id=\"5363\">frontier<\/a> market.<\/li>\n<\/ul>\n\n\n\n<h3 class=\"wp-block-heading\">Oriente Medio:<\/h3>\n\n\n\n<ul class=\"wp-block-list\">\n<li><strong>Om\u00e1n:<\/strong> Con una econom\u00eda diversificada que va m\u00e1s all\u00e1 del petr\u00f3leo, Om\u00e1n ofrece varios sectores que vale la pena explorar.<\/li>\n<\/ul>\n\n\n\n<h3 class=\"wp-block-heading\">Europa:<\/h3>\n\n\n\n<ul class=\"wp-block-list\">\n<li><strong>Rumania:<\/strong> Con su creciente sector tecnol\u00f3gico y su ubicaci\u00f3n estrat\u00e9gica en Europa, Rumania presenta numerosas oportunidades de inversi\u00f3n.<\/li>\n\n\n\n<li><strong>Serbia:<\/strong> Benefici\u00e1ndose de su ubicaci\u00f3n europea y de sus industrias en crecimiento, Serbia est\u00e1 atrayendo la atenci\u00f3n de los inversores en mercados fronterizos.<\/li>\n<\/ul>\n\n\n\n<h3 class=\"wp-block-heading\">Am\u00e9rica Latina:<\/h3>\n\n\n\n<ul class=\"wp-block-list\">\n<li><strong>Paraguay:<\/strong> Often overshadowed by its larger neighbors, Paraguay&#8217;s agricultural sector and consistent growth make it an interesting <a href=\"https:\/\/www.sisinternational.com\/es\/cobertura\/las-americas\/investigacion-de-mercado-de-america-latina\/investigacion-de-mercado-paraguay\/\" title=\"Investigaci\u00f3n de Mercado en Paraguay\"  data-wpil-monitor-id=\"5314\">frontier<\/a> market.<\/li>\n<\/ul>\n\n\n\n<h2 class=\"wp-block-heading\">Tendencias que dan forma al mercado fronterizo Investigaci\u00f3n de mercado nacional<\/h2>\n\n\n\n<figure class=\"gb-block-image gb-block-image-206b3e38\"><img loading=\"lazy\" decoding=\"async\" width=\"1456\" height=\"816\" class=\"gb-image gb-image-206b3e38\" src=\"https:\/\/www.sisinternational.com\/wp-content\/uploads\/2025\/08\/Global-5.jpg\" alt=\"Investigaci\u00f3n y estrategia de mercado internacional de SIS\" title=\"Global (5)\" srcset=\"https:\/\/www.sisinternational.com\/wp-content\/uploads\/2025\/08\/Global-5.jpg 1456w, https:\/\/www.sisinternational.com\/wp-content\/uploads\/2025\/08\/Global-5-300x168.jpg 300w, https:\/\/www.sisinternational.com\/wp-content\/uploads\/2025\/08\/Global-5-1024x574.jpg 1024w, https:\/\/www.sisinternational.com\/wp-content\/uploads\/2025\/08\/Global-5-768x430.jpg 768w, https:\/\/www.sisinternational.com\/wp-content\/uploads\/2025\/08\/Global-5-18x10.jpg 18w\" sizes=\"auto, (max-width: 1456px) 100vw, 1456px\"><\/figure>\n\n\n\n<p><\/p>\n\n\n\n<p>El mundo de la investigaci\u00f3n de mercados de pa\u00edses con mercados fronterizos evoluciona continuamente, influenciado tanto por las macrotendencias globales como por la din\u00e1mica del mercado local, y estas son algunas de las tendencias m\u00e1s destacadas:<\/p>\n\n\n\n<ul class=\"wp-block-list\">\n<li><strong>Creciente penetraci\u00f3n de Internet:<\/strong> A medida que m\u00e1s personas acceden a Internet, particularmente a trav\u00e9s de dispositivos m\u00f3viles, los mercados fronterizos est\u00e1n siendo testigos de una revoluci\u00f3n digital. Esto proporciona a los investigadores nuevas v\u00edas para recopilar datos e ideas.<\/li>\n\n\n\n<li><strong>Growing <\/strong><a href=\"https:\/\/www.sisinternational.com\/es\/investigacion-de-mercado-en-el-medio-oriente\/\" title=\"Investigaci\u00f3n de mercado en Medio Oriente\"  data-wpil-monitor-id=\"7328\">Middle Class: Many frontier markets<\/a> are experiencing the rise of a more affluent middle class, changing consumption patterns and demanding more sophisticated products and services.<\/li>\n\n\n\n<li><strong>Urbanizaci\u00f3n:<\/strong> A medida que m\u00e1s personas se trasladan a zonas urbanas, se produce un cambio en el estilo de vida, los h\u00e1bitos de consumo y las prioridades.<\/li>\n\n\n\n<li><strong>Sostenibilidad y consideraciones \u00e9ticas:<\/strong> Con conciencia global sobre los problemas de sostenibilidad, las empresas est\u00e1n interesadas en comprender las consideraciones ambientales y sociales locales. La investigaci\u00f3n de mercados de pa\u00edses de mercados fronterizos se centra cada vez m\u00e1s en estos aspectos para informar pr\u00e1cticas comerciales \u00e9ticas.<\/li>\n\n\n\n<li><strong>Integraci\u00f3n de Tecnolog\u00edas Avanzadas:<\/strong> El uso de la Inteligencia Artificial (IA) y el Aprendizaje Autom\u00e1tico (ML) va en aumento para analizar grandes cantidades de datos, identificar patrones y pronosticar tendencias del mercado. La Realidad Virtual (VR) y la Realidad Aumentada (AR) se est\u00e1n empleando para visitas virtuales al mercado y estudios inmersivos sobre la experiencia del consumidor.<\/li>\n\n\n\n<li><strong>Matices culturales y estrategias localizadas:<\/strong> Existe una creciente apreciaci\u00f3n por los diversos matices culturales que existen dentro de los mercados fronterizos. Cada vez hay m\u00e1s demanda de metodolog\u00edas de investigaci\u00f3n personalizadas que tengan en cuenta las tradiciones, los idiomas y los comportamientos locales.<\/li>\n\n\n\n<li><strong>Centrarse en las econom\u00edas informales:<\/strong> Al reconocer que una parte importante de la actividad econ\u00f3mica en los mercados fronterizos ocurre fuera de los canales formales, los investigadores est\u00e1n dedicando recursos a comprender estos sectores informales.<\/li>\n\n\n\n<li><strong>Gesti\u00f3n de riesgos:<\/strong> Dadas las volatilidades inherentes a los mercados fronterizos, se presta mayor atenci\u00f3n a la evaluaci\u00f3n de riesgos, que van desde los riesgos pol\u00edticos hasta las fluctuaciones monetarias. Los investigadores est\u00e1n empleando herramientas y metodolog\u00edas m\u00e1s sofisticadas para evaluar y comunicar estos riesgos.<\/li>\n<\/ul>","protected":false},"excerpt":{"rendered":"<p>El t\u00e9rmino \u201cmercado frontera\u201d describe a los pa\u00edses que se encuentran en la fase de transici\u00f3n entre la condici\u00f3n de mercado en desarrollo y emergente.<\/p>","protected":false},"author":1,"featured_media":62416,"parent":14514,"menu_order":351,"comment_status":"closed","ping_status":"closed","template":"","meta":{"footnotes":""},"class_list":["post-43332","page","type-page","status-publish","has-post-thumbnail"],"_links":{"self":[{"href":"https:\/\/www.sisinternational.com\/es\/wp-json\/wp\/v2\/pages\/43332","targetHints":{"allow":["GET"]}}],"collection":[{"href":"https:\/\/www.sisinternational.com\/es\/wp-json\/wp\/v2\/pages"}],"about":[{"href":"https:\/\/www.sisinternational.com\/es\/wp-json\/wp\/v2\/types\/page"}],"author":[{"embeddable":true,"href":"https:\/\/www.sisinternational.com\/es\/wp-json\/wp\/v2\/users\/1"}],"replies":[{"embeddable":true,"href":"https:\/\/www.sisinternational.com\/es\/wp-json\/wp\/v2\/comments?post=43332"}],"version-history":[{"count":7,"href":"https:\/\/www.sisinternational.com\/es\/wp-json\/wp\/v2\/pages\/43332\/revisions"}],"predecessor-version":[{"id":81210,"href":"https:\/\/www.sisinternational.com\/es\/wp-json\/wp\/v2\/pages\/43332\/revisions\/81210"}],"up":[{"embeddable":true,"href":"https:\/\/www.sisinternational.com\/es\/wp-json\/wp\/v2\/pages\/14514"}],"wp:featuredmedia":[{"embeddable":true,"href":"https:\/\/www.sisinternational.com\/es\/wp-json\/wp\/v2\/media\/62416"}],"wp:attachment":[{"href":"https:\/\/www.sisinternational.com\/es\/wp-json\/wp\/v2\/media?parent=43332"}],"curies":[{"name":"wp","href":"https:\/\/api.w.org\/{rel}","templated":true}]}}