{"id":43326,"date":"2023-09-02T11:57:23","date_gmt":"2023-09-02T15:57:23","guid":{"rendered":"https:\/\/www.sisinternational.com\/?page_id=43326"},"modified":"2026-01-26T16:49:25","modified_gmt":"2026-01-26T21:49:25","slug":"investigacion-de-mercado-de-tecnologia-limpia","status":"publish","type":"page","link":"https:\/\/www.sisinternational.com\/es\/pericia\/investigacion-de-mercado-de-tecnologia-limpia\/","title":{"rendered":"Investigaci\u00f3n de mercado de tecnolog\u00eda limpia"},"content":{"rendered":"<h1 class=\"wp-block-heading\">Investigaci\u00f3n de mercado de tecnolog\u00eda limpia<\/h1>\n\n\n\n<figure class=\"gb-block-image gb-block-image-d4d0da08\"><img loading=\"lazy\" decoding=\"async\" width=\"1456\" height=\"816\" class=\"gb-image gb-image-d4d0da08\" src=\"https:\/\/www.sisinternational.com\/wp-content\/uploads\/2025\/09\/FinTech-Terch-technology-AI-artificial-intelligence-28.jpg\" alt=\"Investigaci\u00f3n y estrategia de mercado internacional de SIS\" title=\"FinTech Terch technology AI artificial intelligence (28)\" srcset=\"https:\/\/www.sisinternational.com\/wp-content\/uploads\/2025\/09\/FinTech-Terch-technology-AI-artificial-intelligence-28.jpg 1456w, https:\/\/www.sisinternational.com\/wp-content\/uploads\/2025\/09\/FinTech-Terch-technology-AI-artificial-intelligence-28-300x168.jpg 300w, https:\/\/www.sisinternational.com\/wp-content\/uploads\/2025\/09\/FinTech-Terch-technology-AI-artificial-intelligence-28-1024x574.jpg 1024w, https:\/\/www.sisinternational.com\/wp-content\/uploads\/2025\/09\/FinTech-Terch-technology-AI-artificial-intelligence-28-768x430.jpg 768w, https:\/\/www.sisinternational.com\/wp-content\/uploads\/2025\/09\/FinTech-Terch-technology-AI-artificial-intelligence-28-18x10.jpg 18w\" sizes=\"auto, (max-width: 1456px) 100vw, 1456px\"><\/figure>\n\n\n\n<p><\/p>\n\n\n\n<p>En una era de desaf\u00edos ambientales apremiantes y la necesidad urgente de reducir la huella de carbono, la tecnolog\u00eda limpia ha pasado a ocupar el primer plano de la atenci\u00f3n mundial. Para aprovechar estas oportunidades y sortear las complejidades, las empresas, los inversores y los formuladores de pol\u00edticas dependen en gran medida de la investigaci\u00f3n de mercado de tecnolog\u00edas limpias.<\/p>\n\n\n\n<p>La investigaci\u00f3n de mercado de tecnolog\u00edas limpias ofrece una inmersi\u00f3n profunda en las preferencias de los consumidores, los avances tecnol\u00f3gicos, los panoramas regulatorios y la din\u00e1mica competitiva, brindando a las partes interesadas los conocimientos necesarios para tomar decisiones informadas.<\/p>\n\n\n\n<h2 class=\"wp-block-heading\">Importancia de la investigaci\u00f3n de mercado de tecnolog\u00edas limpias<\/h2>\n\n\n\n<p>El objetivo principal de las tecnolog\u00edas limpias es reducir el da\u00f1o ambiental. Ayudan a disminuir la contaminaci\u00f3n, reducir las emisiones de gases de efecto invernadero y preservar los ecosistemas, garantizando un planeta m\u00e1s saludable.<\/p>\n\n\n\n<p>For this reason, clean <a href=\"https:\/\/www.sisinternational.com\/es\/mercado-de-tecnologia-automotriz\/\" title=\"Investigaci\u00f3n de mercado de tecnolog\u00eda automotriz\"  data-wpil-monitor-id=\"3564\">technology market research<\/a> guides innovators, investors, businesses, and policymakers through the rapidly evolving landscape of clean technologies. Here&#8217;s a closer look at why this form of research is crucial in this industry:<\/p>\n\n\n\n<ul class=\"wp-block-list\">\n<li><strong>Inversi\u00f3n informada:<\/strong> For investors, clean <a href=\"https:\/\/www.sisinternational.com\/es\/pericia\/industrias\/tecnologia-medica-investigacion-de-mercado-de-tecnologia-medica\/\" title=\"Investigaci\u00f3n de mercado de tecnolog\u00eda m\u00e9dica (Med Tech)\"  data-wpil-monitor-id=\"3759\">technology market research<\/a> provides a roadmap. It helps in identifying which technologies are emerging, which markets are ripe for expansion, and where the most significant returns on investment lie.<\/li>\n\n\n\n<li><strong>Comprender los sentimientos de los consumidores:<\/strong> As consumers grow more eco-conscious, their preferences shift. Clean <a href=\"https:\/\/www.sisinternational.com\/es\/pericia\/industrias\/investigacion-de-mercado-de-tecnologia-de-la-moda\/\" title=\"Investigaci\u00f3n de mercado de tecnolog\u00eda de la moda\"  data-wpil-monitor-id=\"5947\">technology market research<\/a> offers insights into what consumers want, enabling businesses to align their products and strategies accordingly.<\/li>\n\n\n\n<li><strong>Alineaci\u00f3n regulatoria:<\/strong> With governments worldwide implementing regulations to combat climate change, businesses need to stay ahead of the curve. Clean <a href=\"https:\/\/www.sisinternational.com\/es\/pericia\/industrias\/investigacion-de-mercado-de-tecnologia-de-viajes\/\" title=\"Investigaci\u00f3n de mercado de tecnolog\u00eda de viajes\"  data-wpil-monitor-id=\"6219\">technology market research<\/a> provides insights into current and potential future regulatory landscapes, ensuring companies are well-prepared and compliant.<\/li>\n\n\n\n<li><a href=\"https:\/\/www.sisinternational.com\/es\/europa-nueva-tecnologia-de-navegacion-global-gnss\/\" title=\"\u00bfQu\u00e9 es la tecnolog\u00eda de navegaci\u00f3n global GNSS?\"  data-wpil-monitor-id=\"1763\">Global Perspective: The clean technology<\/a> sector is global. Understanding regional nuances, opportunities, and challenges in various parts of the world can offer a more holistic view and open doors to international expansion.<\/li>\n\n\n\n<li><strong>Facilitar asociaciones:<\/strong> Through clean <a href=\"https:\/\/www.sisinternational.com\/es\/soluciones\/educacion-tecnologia-soluciones-edtech\/investigacion-de-mercado-de-tecnologia-educativa\/\" title=\"Investigaci\u00f3n de mercado de tecnolog\u00eda educativa\"  data-wpil-monitor-id=\"6518\">technology market research<\/a>, businesses can identify potential partners, whether they are technology providers, distribution channels, or research institutions, fostering collaborations that drive growth.<\/li>\n\n\n\n<li><strong>Estableciendo puntos de referencia:<\/strong> Para las empresas que ya est\u00e1n en el sector de tecnolog\u00edas limpias, la investigaci\u00f3n de mercado puede ayudar a comparar su desempe\u00f1o con los est\u00e1ndares de la industria, destacando \u00e1reas de fortaleza y aquellas \u00e1reas que requieren mejora.<\/li>\n\n\n\n<li><strong>Preparado para el futuro:<\/strong> El sector de las tecnolog\u00edas limpias es din\u00e1mico y avanza continuamente. La investigaci\u00f3n de mercado de tecnolog\u00edas limpias no solo proporciona una instant\u00e1nea del panorama actual, sino que tambi\u00e9n ofrece predicciones y tendencias para el futuro, lo que garantiza que las empresas sigan siendo relevantes por m\u00e1s tiempo.<\/li>\n<\/ul>\n\n\n\n<h2 class=\"wp-block-heading\">Beneficios de realizar una investigaci\u00f3n de mercado de tecnolog\u00edas limpias<\/h2>\n\n\n\n<figure class=\"gb-block-image gb-block-image-5e180a8b\"><img loading=\"lazy\" decoding=\"async\" width=\"1456\" height=\"816\" class=\"gb-image gb-image-5e180a8b\" src=\"https:\/\/www.sisinternational.com\/wp-content\/uploads\/2025\/09\/FinTech-Terch-technology-AI-artificial-intelligence-29.jpg\" alt=\"Investigaci\u00f3n y estrategia de mercado internacional de SIS\" title=\"FinTech Terch technology AI artificial intelligence (29)\" srcset=\"https:\/\/www.sisinternational.com\/wp-content\/uploads\/2025\/09\/FinTech-Terch-technology-AI-artificial-intelligence-29.jpg 1456w, https:\/\/www.sisinternational.com\/wp-content\/uploads\/2025\/09\/FinTech-Terch-technology-AI-artificial-intelligence-29-300x168.jpg 300w, https:\/\/www.sisinternational.com\/wp-content\/uploads\/2025\/09\/FinTech-Terch-technology-AI-artificial-intelligence-29-1024x574.jpg 1024w, https:\/\/www.sisinternational.com\/wp-content\/uploads\/2025\/09\/FinTech-Terch-technology-AI-artificial-intelligence-29-768x430.jpg 768w, https:\/\/www.sisinternational.com\/wp-content\/uploads\/2025\/09\/FinTech-Terch-technology-AI-artificial-intelligence-29-18x10.jpg 18w\" sizes=\"auto, (max-width: 1456px) 100vw, 1456px\"><\/figure>\n\n\n\n<p><\/p>\n\n\n\n<p>Una investigaci\u00f3n exhaustiva del mercado de tecnolog\u00edas limpias ofrece varias ventajas. Al obtener una comprensi\u00f3n m\u00e1s profunda de la din\u00e1mica del mercado, las partes interesadas pueden tomar decisiones m\u00e1s informadas y aprovechar las oportunidades de manera efectiva:<\/p>\n\n\n\n<ul class=\"wp-block-list\">\n<li><strong>Identificaci\u00f3n del potencial del mercado:<\/strong> La investigaci\u00f3n de mercado revela el tama\u00f1o, la tasa de crecimiento y el potencial de segmentos espec\u00edficos dentro del sector de tecnolog\u00edas limpias. Esta informaci\u00f3n es invaluable para las empresas que buscan ingresar a nuevos mercados o ampliar su gama de productos.<\/li>\n\n\n\n<li><strong>Informaci\u00f3n del cliente:<\/strong> Obtener una comprensi\u00f3n m\u00e1s profunda de las necesidades, preferencias y puntos d\u00e9biles de los clientes permite a las empresas adaptar sus ofertas de manera m\u00e1s efectiva. Esto puede conducir a una mayor satisfacci\u00f3n y lealtad del cliente.<\/li>\n\n\n\n<li><strong>An\u00e1lisis competitivo:<\/strong> A trav\u00e9s de la investigaci\u00f3n de mercado de tecnolog\u00edas limpias, las empresas pueden identificar competidores clave, comprender sus estrategias, fortalezas y debilidades y encontrar formas de diferenciarse en el mercado.<\/li>\n\n\n\n<li><strong>Riesgos comerciales reducidos:<\/strong> Las empresas pueden evitar errores comunes, prever desaf\u00edos potenciales y desarrollar estrategias de mitigaci\u00f3n, reduciendo as\u00ed el riesgo de cometer errores costosos.<\/li>\n\n\n\n<li><strong>Previsi\u00f3n y an\u00e1lisis de tendencias:<\/strong> La investigaci\u00f3n del mercado de tecnolog\u00edas limpias proporciona una perspectiva prospectiva que ayuda a las partes interesadas a anticipar tendencias emergentes, cambios en el comportamiento del consumidor y posibles avances tecnol\u00f3gicos.<\/li>\n\n\n\n<li><strong>Estrategias de marketing optimizadas:<\/strong> Al comprender qu\u00e9 canales y mensajes resuenan m\u00e1s en el p\u00fablico objetivo, las empresas pueden optimizar su inversi\u00f3n y campa\u00f1as de marketing para obtener un mejor retorno de la inversi\u00f3n.<\/li>\n\n\n\n<li><strong>Desarrollo e innovaci\u00f3n de productos:<\/strong> <a href=\"https:\/\/www.sisinternational.com\/es\/cobertura\/investigacion-de-mercado-en-australia\/\" title=\"Investigaci\u00f3n de mercado en Australia\"  data-wpil-monitor-id=\"2886\">Research can reveal gaps in the market<\/a>, leading to the development of innovative solutions that address unmet needs or improve upon existing technologies.<\/li>\n\n\n\n<li><strong>Cumplimiento normativo:<\/strong> Mantenerse actualizado sobre el panorama regulatorio es crucial en el sector de las tecnolog\u00edas limpias. La investigaci\u00f3n de mercado garantiza que las empresas est\u00e9n al tanto de las regulaciones actuales y futuras, lo que les permite cumplirlas y evitar posibles complicaciones legales.<\/li>\n\n\n\n<li><strong>Atraer inversiones:<\/strong> Las nuevas empresas y las empresas del sector de las tecnolog\u00edas limpias suelen requerir inversiones importantes. Disponer de una s\u00f3lida investigaci\u00f3n de mercado de tecnolog\u00edas limpias puede resultar persuasivo para atraer el inter\u00e9s y la confianza de posibles inversores.<\/li>\n\n\n\n<li><strong>Comprender los impactos socioecon\u00f3micos:<\/strong> A medida que las tecnolog\u00edas limpias se cruzan con cuestiones sociales y econ\u00f3micas, comprender estas interacciones puede ayudar a las empresas a afrontar posibles desaf\u00edos y aprovechar oportunidades para lograr un impacto positivo.<\/li>\n<\/ul>\n\n\n\n<h2 class=\"wp-block-heading\">Tendencias actuales<\/h2>\n\n\n\n<p>La tecnolog\u00eda limpia ha experimentado varias tendencias a lo largo de su trayectoria, y la investigaci\u00f3n del mercado de tecnolog\u00edas limpias ha sido fundamental para determinar patrones emergentes, innovaciones revolucionarias y din\u00e1micas de mercado. Estas son algunas de las tendencias m\u00e1s destacadas observadas en este campo:<\/p>\n\n\n\n<ul class=\"wp-block-list\">\n<li><strong>Aumento de las soluciones de almacenamiento de energ\u00eda:<\/strong> Con la creciente adopci\u00f3n de energ\u00edas renovables, existe inter\u00e9s en soluciones de almacenamiento de energ\u00eda. Se est\u00e1n investigando y desarrollando exhaustivamente tecnolog\u00edas de bater\u00edas como las de iones de litio y alternativas m\u00e1s nuevas.<\/li>\n\n\n\n<li><strong>Hidr\u00f3geno verde:<\/strong> La investigaci\u00f3n de mercado de tecnolog\u00edas limpias destaca el creciente inter\u00e9s en el hidr\u00f3geno verde como potencial combustible limpio del futuro, particularmente para sectores dif\u00edciles de electrificar, como el transporte pesado y la industria.<\/li>\n\n\n\n<li><strong>Sistemas Energ\u00e9ticos Descentralizados:<\/strong> Las microrredes y las soluciones energ\u00e9ticas descentralizadas est\u00e1n ganando terreno, lo que permite a las comunidades y empresas ser m\u00e1s autosuficientes y resilientes, reduciendo la dependencia de las redes energ\u00e9ticas centrales.<\/li>\n\n\n\n<li><strong>Pr\u00e1cticas de Econom\u00eda Circular:<\/strong> La tecnolog\u00eda limpia se centra cada vez m\u00e1s en el desarrollo de soluciones que promuevan el reciclaje, la reutilizaci\u00f3n y la reducci\u00f3n, alej\u00e1ndose del modelo lineal tradicional de &quot;tomar, hacer y desechar&quot;.<\/li>\n\n\n\n<li><strong>Captura y utilizaci\u00f3n de carbono:<\/strong> Las tecnolog\u00edas destinadas a capturar las emisiones de di\u00f3xido de carbono y convertirlas en productos utilizables est\u00e1n experimentando una mayor investigaci\u00f3n e inversi\u00f3n.<\/li>\n\n\n\n<li><strong>Electrificaci\u00f3n del Transporte:<\/strong> M\u00e1s all\u00e1 de los autom\u00f3viles el\u00e9ctricos, existe una tendencia creciente hacia la electrificaci\u00f3n de autobuses, barcos e incluso aviones, impulsada por los avances en la tecnolog\u00eda de bater\u00edas y transmisiones el\u00e9ctricas.<\/li>\n\n\n\n<li><strong>Tratamiento de Agua y Desalinizaci\u00f3n:<\/strong> A medida que los recursos de agua dulce se vuelven m\u00e1s escasos, las tecnolog\u00edas centradas en la purificaci\u00f3n del agua, el tratamiento de aguas residuales y la desalinizaci\u00f3n est\u00e1n recibiendo mayor atenci\u00f3n.<\/li>\n\n\n\n<li><strong>IA y Big Data en tecnolog\u00edas limpias:<\/strong> La integraci\u00f3n de la inteligencia artificial y el an\u00e1lisis de big data est\u00e1 ayudando a optimizar el uso de energ\u00eda, predecir el mantenimiento de los equipos y optimizar diversos procesos de tecnolog\u00edas limpias.<\/li>\n\n\n\n<li><strong>Tecnolog\u00eda limpia en la construcci\u00f3n:<\/strong> Los materiales de construcci\u00f3n sostenibles, la arquitectura ecol\u00f3gica y las pr\u00e1cticas de construcci\u00f3n energ\u00e9ticamente eficientes representan tendencias crecientes en esta industria din\u00e1mica.<\/li>\n\n\n\n<li><strong>Inversi\u00f3n Socialmente Responsable:<\/strong> Los inversores consideran cada vez m\u00e1s criterios ambientales, sociales y de gobernanza, impulsando el capital hacia iniciativas de tecnolog\u00edas limpias sostenibles y socialmente responsables.<\/li>\n<\/ul>","protected":false},"excerpt":{"rendered":"<p>La investigaci\u00f3n de mercado de tecnolog\u00edas limpias ofrece informaci\u00f3n para tomar decisiones informadas sobre las preferencias de los consumidores, la tecnolog\u00eda, las regulaciones y los competidores.<\/p>","protected":false},"author":1,"featured_media":69483,"parent":14514,"menu_order":349,"comment_status":"closed","ping_status":"closed","template":"","meta":{"footnotes":""},"class_list":["post-43326","page","type-page","status-publish","has-post-thumbnail"],"_links":{"self":[{"href":"https:\/\/www.sisinternational.com\/es\/wp-json\/wp\/v2\/pages\/43326","targetHints":{"allow":["GET"]}}],"collection":[{"href":"https:\/\/www.sisinternational.com\/es\/wp-json\/wp\/v2\/pages"}],"about":[{"href":"https:\/\/www.sisinternational.com\/es\/wp-json\/wp\/v2\/types\/page"}],"author":[{"embeddable":true,"href":"https:\/\/www.sisinternational.com\/es\/wp-json\/wp\/v2\/users\/1"}],"replies":[{"embeddable":true,"href":"https:\/\/www.sisinternational.com\/es\/wp-json\/wp\/v2\/comments?post=43326"}],"version-history":[{"count":11,"href":"https:\/\/www.sisinternational.com\/es\/wp-json\/wp\/v2\/pages\/43326\/revisions"}],"predecessor-version":[{"id":80101,"href":"https:\/\/www.sisinternational.com\/es\/wp-json\/wp\/v2\/pages\/43326\/revisions\/80101"}],"up":[{"embeddable":true,"href":"https:\/\/www.sisinternational.com\/es\/wp-json\/wp\/v2\/pages\/14514"}],"wp:featuredmedia":[{"embeddable":true,"href":"https:\/\/www.sisinternational.com\/es\/wp-json\/wp\/v2\/media\/69483"}],"wp:attachment":[{"href":"https:\/\/www.sisinternational.com\/es\/wp-json\/wp\/v2\/media?parent=43326"}],"curies":[{"name":"wp","href":"https:\/\/api.w.org\/{rel}","templated":true}]}}