{"id":43184,"date":"2023-08-22T09:42:11","date_gmt":"2023-08-22T13:42:11","guid":{"rendered":"https:\/\/www.sisinternational.com\/?page_id=43184"},"modified":"2026-03-12T13:22:56","modified_gmt":"2026-03-12T17:22:56","slug":"investigacion-de-mercado-del-whisky","status":"publish","type":"page","link":"https:\/\/www.sisinternational.com\/es\/soluciones\/investigacion-de-mercado-de-la-industria-de-alimentos-y-bebidas\/investigacion-de-mercado-del-whisky\/","title":{"rendered":"Investigaci\u00f3n de mercado del whisky"},"content":{"rendered":"<h1 class=\"wp-block-heading\">Investigaci\u00f3n de mercado del whisky<\/h1>\n\n\n\n<figure class=\"gb-block-image gb-block-image-67a2fadf\"><img loading=\"lazy\" decoding=\"async\" width=\"1456\" height=\"816\" class=\"gb-image gb-image-67a2fadf\" src=\"https:\/\/www.sisinternational.com\/wp-content\/uploads\/2025\/08\/Alcoholic-beverage-11.jpg\" alt=\"Investigaci\u00f3n y estrategia de mercado internacional de SIS\" title=\"Alcoholic beverage (11)\" srcset=\"https:\/\/www.sisinternational.com\/wp-content\/uploads\/2025\/08\/Alcoholic-beverage-11.jpg 1456w, https:\/\/www.sisinternational.com\/wp-content\/uploads\/2025\/08\/Alcoholic-beverage-11-300x168.jpg 300w, https:\/\/www.sisinternational.com\/wp-content\/uploads\/2025\/08\/Alcoholic-beverage-11-1024x574.jpg 1024w, https:\/\/www.sisinternational.com\/wp-content\/uploads\/2025\/08\/Alcoholic-beverage-11-768x430.jpg 768w, https:\/\/www.sisinternational.com\/wp-content\/uploads\/2025\/08\/Alcoholic-beverage-11-18x10.jpg 18w\" sizes=\"auto, (max-width: 1456px) 100vw, 1456px\"><\/figure>\n\n\n\n<p><\/p>\n\n\n\n<p>El whisky es un mercado que existe desde hace siglos y, al ser un sector tan maduro, comprender su din\u00e1mica se vuelve esencial para las partes interesadas.<\/p>\n\n\n\n<p>Por lo tanto, no se puede subestimar la importancia de la investigaci\u00f3n de mercado del whisky. En una industria caracterizada por sabores complejos, procesos de a\u00f1ejamiento y variaciones regionales, es esencial mantener el pulso de las tendencias del mercado, las preferencias de los consumidores y el posicionamiento competitivo. Es por eso que, a trav\u00e9s de la investigaci\u00f3n de mercado del whisky, todos los actores del mercado se aseguran de que sus ofertas sigan siendo relevantes y tengan demanda.<\/p>\n\n\n\n<h2 class=\"wp-block-heading\">\u00bfQu\u00e9 es la investigaci\u00f3n de mercado del whisky?<\/h2>\n\n\n\n<p>Whiskey market research refers to the systematic collection, analysis, and interpretation of data about the whiskey industry. This research seeks to understand various facets of the <a href=\"https:\/\/www.sisinternational.com\/es\/pericia\/industrias\/estudio-de-mercado-de-petroleros\/\" title=\"Investigaci\u00f3n de mercado de petroleros\"  data-wpil-monitor-id=\"4719\">whiskey<\/a> market such as consumer preferences, market size, growth potential, competitive landscape, distribution channels, and emerging trends.<\/p>\n\n\n\n<p>Los conocimientos derivados de dicha investigaci\u00f3n permiten a las partes interesadas tomar decisiones informadas y elaborar estrategias de manera efectiva, aumentando sus posibilidades de \u00e9xito en el mercado. A continuaci\u00f3n se ofrece un desglose m\u00e1s detallado de lo que implica la investigaci\u00f3n de mercado del whisky:<\/p>\n\n\n\n<ul class=\"wp-block-list\">\n<li><strong>Perspectivas del consumidor:<\/strong> Esto se centra en comprender el comportamiento, las preferencias y los patrones de compra del consumidor. Busca respuestas a preguntas como: \u00bfQu\u00e9 sabores o tipos de whisky son populares actualmente? \u00bfCu\u00e1l es el perfil demogr\u00e1fico del consumidor t\u00edpico de whisky? \u00bfC\u00f3mo est\u00e1n cambiando los h\u00e1bitos de consumo con el tiempo?<\/li>\n\n\n\n<li><strong>Segmentaci\u00f3n de mercado:<\/strong> Esto implica dividir el mercado m\u00e1s amplio en distintos segmentos seg\u00fan criterios como el tipo de whisky, la edad del whisky, el rango de precios o las regiones geogr\u00e1ficas. Comprender cada segmento ayuda a las marcas a adaptar sus productos y esfuerzos de marketing de manera m\u00e1s efectiva.<\/li>\n\n\n\n<li><strong>An\u00e1lisis competitivo:<\/strong> An integral part of <a href=\"https:\/\/www.sisinternational.com\/es\/soluciones\/soluciones-de-investigacion-cualitativa-cuantitativa\/analisis-de-conglomerados-investigacion-de-mercado\/\" title=\"An\u00e1lisis de conglomerados Investigaci\u00f3n de mercado\"  data-wpil-monitor-id=\"7043\">investigaci\u00f3n de mercado del whisky<\/a>, this examines the market positioning, product offerings, branding strategies, and strengths and weaknesses of competing whiskey brands in the local or global markets.<\/li>\n\n\n\n<li><strong>Elasticidad de precios y previsi\u00f3n de ventas:<\/strong> Al analizar los datos hist\u00f3ricos de ventas y las condiciones del mercado, los investigadores pueden predecir las ventas futuras y comprender c\u00f3mo los cambios de precios podr\u00edan afectar la demanda.<\/li>\n\n\n\n<li><strong>Perspectivas del mercado global:<\/strong> Dado el atractivo internacional del whisky, es fundamental comprender c\u00f3mo interact\u00faan las diferentes culturas y regiones con el producto. Esto puede implicar estudiar la din\u00e1mica del mercado en pa\u00edses consumidores de whisky establecidos e identificar mercados potenciales de crecimiento.<\/li>\n<\/ul>\n\n\n\n<h2 class=\"wp-block-heading\">Investigaci\u00f3n de mercado del whisky: un pilar del \u00e9xito en la industria de las bebidas espirituosas<\/h2>\n\n\n\n<p>The whiskey industry is subject to shifts and changes influenced by several internal and external factors. As whiskey has become a treasured commodity in both established and emerging markets, understanding these shifts are decisive. Here&#8217;s why whiskey&nbsp; market research stands as a necessary tool for the industry:<\/p>\n\n\n\n<ul class=\"wp-block-list\">\n<li><strong>Toma de decisiones informada:<\/strong> La investigaci\u00f3n de mercado del whisky proporciona informaci\u00f3n basada en datos. Ya sea que una destiler\u00eda est\u00e9 considerando introducir un nuevo sabor o un minorista est\u00e9 decidiendo qu\u00e9 marcas almacenar, ofrece la orientaci\u00f3n basada en evidencia necesaria para tomar decisiones con confianza.<\/li>\n\n\n\n<li><strong>Comprender las preferencias del consumidor:<\/strong> Los gustos y preferencias de los consumidores evolucionan y, a trav\u00e9s de la investigaci\u00f3n de mercado, las marcas pueden mantenerse en sinton\u00eda con estos cambios, asegurando que sus productos se alineen con las demandas actuales.<\/li>\n\n\n\n<li><strong>Posicionamiento estrat\u00e9gico:<\/strong> El mercado del whisky est\u00e1 abarrotado y las marcas compiten por llamar la atenci\u00f3n. Por tanto, la investigaci\u00f3n de mercado del whisky permite a las empresas comprender sus propuestas de venta \u00fanicas y c\u00f3mo pueden diferenciarse de la competencia.<\/li>\n\n\n\n<li><strong>Mitigaci\u00f3n de riesgos:<\/strong> Introducir un nuevo producto o ingresar a un nuevo mercado implica riesgos inherentes. Al estudiar el mercado con antelaci\u00f3n, las empresas pueden anticipar posibles desaf\u00edos e idear estrategias para superarlos.<\/li>\n\n\n\n<li><strong>Identificaci\u00f3n de oportunidades:<\/strong> Beyond risk mitigation, whiskey market research can uncover untapped opportunities. This might involve spotting emerging <a href=\"https:\/\/www.sisinternational.com\/es\/investigacion-de-mercado-en-el-medio-oriente\/\" title=\"Investigaci\u00f3n de mercado en Medio Oriente\"  data-wpil-monitor-id=\"7330\">markets with a growing middle<\/a> class developing a taste for premium spirits, or identifying a trend toward craft or organic whiskeys.<\/li>\n\n\n\n<li><strong>Estrategia para colocar precios:<\/strong> El precio puede ser un factor importante en la decisi\u00f3n de compra de un consumidor. La investigaci\u00f3n ayuda a las marcas a comprender los precios con los que los consumidores se sienten c\u00f3modos, garantizando precios \u00f3ptimos que maximicen las ganancias sin alienar a los compradores potenciales.<\/li>\n\n\n\n<li><strong>Previsi\u00f3n futura:<\/strong> La investigaci\u00f3n de mercado del whisky permite a las empresas anticipar tendencias futuras, garantizando que no s\u00f3lo est\u00e9n reaccionando al mercado, sino que tambi\u00e9n est\u00e9n dando forma proactiva a sus estrategias para el futuro.<\/li>\n\n\n\n<li><strong>Perspectiva global:<\/strong> El whisky es un producto global. Comprender los matices culturales, los entornos regulatorios y las preferencias locales es crucial para las marcas que buscan establecer o expandir su presencia internacional.<\/li>\n\n\n\n<li><strong>Optimizaci\u00f3n de la cadena de suministro:<\/strong> Al comprender los patrones de demanda y las preferencias regionales, las empresas pueden optimizar su cadena de suministro, asegurando una producci\u00f3n oportuna y minimizando el desperdicio.<\/li>\n<\/ul>\n\n\n\n<h2 class=\"wp-block-heading\">Actores clave en la industria del whisky<\/h2>\n\n\n\n<figure class=\"gb-block-image gb-block-image-3bca50be\"><img loading=\"lazy\" decoding=\"async\" width=\"1456\" height=\"816\" class=\"gb-image gb-image-3bca50be\" src=\"https:\/\/www.sisinternational.com\/wp-content\/uploads\/2025\/08\/Alcoholic-beverage-9.jpg\" alt=\"Investigaci\u00f3n y estrategia de mercado internacional de SIS\" title=\"Alcoholic beverage (9)\" srcset=\"https:\/\/www.sisinternational.com\/wp-content\/uploads\/2025\/08\/Alcoholic-beverage-9.jpg 1456w, https:\/\/www.sisinternational.com\/wp-content\/uploads\/2025\/08\/Alcoholic-beverage-9-300x168.jpg 300w, https:\/\/www.sisinternational.com\/wp-content\/uploads\/2025\/08\/Alcoholic-beverage-9-1024x574.jpg 1024w, https:\/\/www.sisinternational.com\/wp-content\/uploads\/2025\/08\/Alcoholic-beverage-9-768x430.jpg 768w, https:\/\/www.sisinternational.com\/wp-content\/uploads\/2025\/08\/Alcoholic-beverage-9-18x10.jpg 18w\" sizes=\"auto, (max-width: 1456px) 100vw, 1456px\"><\/figure>\n\n\n\n<p><\/p>\n\n\n\n<p>Al ser el mercado del whisky un mercado consolidado, existen varios actores del sector que captan la mayor base de consumidores:<\/p>\n\n\n\n<ul class=\"wp-block-list\">\n<li><strong>Diageo:<\/strong> Diageo es uno de los mayores productores de bebidas espirituosas y cervezas del mundo, y su cartera de marcas de whisky es amplia, incluidas Johnnie Walker, Crown Royal, Bulleit, Talisker, Lagavulin y muchas otras.<\/li>\n\n\n\n<li><strong>Pernod Ricard:<\/strong> Esta empresa francesa tiene una amplia presencia en el mercado de las bebidas espirituosas y ha logrado importantes avances en el segmento del whisky, especialmente con Jameson, Chivas Regal, Redbreast y Aberlour.<\/li>\n\n\n\n<li><strong>Marr\u00f3n-Forman:<\/strong> Brown-Forman, una empresa estadounidense, es mejor conocida por Jack Daniel&#039;s, una de las marcas de whisky m\u00e1s vendidas del mundo.<\/li>\n<\/ul>\n\n\n\n<h2 class=\"wp-block-heading\">Tendencias actuales e informaci\u00f3n de la investigaci\u00f3n de mercado del whisky<\/h2>\n\n\n\n<ul class=\"wp-block-list\">\n<li><strong>Auge de los whiskies asi\u00e1ticos:<\/strong> Los whiskies japoneses, como los de Nikka y Suntory, han ido ganando un importante reconocimiento internacional. Marcas como Yamazaki e Hibiki tambi\u00e9n se han vuelto muy buscadas. Adem\u00e1s, pa\u00edses como Taiw\u00e1n, con marcas como Kavalan, tambi\u00e9n est\u00e1n causando sensaci\u00f3n en el mundo del whisky.<\/li>\n\n\n\n<li><strong>Destiler\u00edas Artesanales:<\/strong> Ha habido un aumento en las destiler\u00edas artesanales, especialmente en los EE. UU. Estos peque\u00f1os productores priorizan sabores \u00fanicos, m\u00e9todos tradicionales y, a menudo, obtienen ingredientes locales. Adem\u00e1s, los whiskies con sabores como miel, manzana, canela y m\u00e1s han ido ganando popularidad, especialmente entre los consumidores m\u00e1s j\u00f3venes.<\/li>\n\n\n\n<li><strong>Ventas en l\u00ednea y modelos directos al consumidor:<\/strong> Con el auge del comercio electr\u00f3nico y los cambios en las regulaciones, m\u00e1s marcas han estado vendiendo directamente a los consumidores en l\u00ednea, ofreciendo kits de degustaci\u00f3n, servicios de suscripci\u00f3n y lanzamientos limitados.<\/li>\n\n\n\n<li><strong>Expansi\u00f3n global:<\/strong> Tradicionalmente, regiones como Escocia, Irlanda y Estados Unidos han dominado la escena del whisky. Sin embargo, pa\u00edses como India (con marcas como Amrut y Paul John) son cada vez m\u00e1s reconocidos por su whisky de calidad.<\/li>\n\n\n\n<li><strong>Turismo de whisky:<\/strong> Los recorridos por destiler\u00edas, las rutas del whisky y las experiencias de degustaci\u00f3n se han convertido en importantes atracciones tur\u00edsticas en muchas regiones, impulsando las econom\u00edas locales y mejorando la lealtad a las marcas.<\/li>\n\n\n\n<li><strong>Base de consumidores diversa:<\/strong> El whisky est\u00e1 siendo adoptado cada vez m\u00e1s por una audiencia diversa, y las marcas reconocen la importancia de atender a las mujeres y a diversos grupos \u00e9tnicos, alej\u00e1ndose del marketing tradicional que a menudo estaba centrado en los hombres.<\/li>\n<\/ul>\n\n\n\n<h2 class=\"wp-block-heading\">An\u00e1lisis predictivo: el futuro del whisky<\/h2>\n\n\n\n<figure class=\"gb-block-image gb-block-image-4baeb739\"><img loading=\"lazy\" decoding=\"async\" width=\"1456\" height=\"816\" class=\"gb-image gb-image-4baeb739\" src=\"https:\/\/www.sisinternational.com\/wp-content\/uploads\/2025\/08\/Alcoholic-beverage-7.jpg\" alt=\"Investigaci\u00f3n y estrategia de mercado internacional de SIS\" title=\"Alcoholic beverage (7)\" srcset=\"https:\/\/www.sisinternational.com\/wp-content\/uploads\/2025\/08\/Alcoholic-beverage-7.jpg 1456w, https:\/\/www.sisinternational.com\/wp-content\/uploads\/2025\/08\/Alcoholic-beverage-7-300x168.jpg 300w, https:\/\/www.sisinternational.com\/wp-content\/uploads\/2025\/08\/Alcoholic-beverage-7-1024x574.jpg 1024w, https:\/\/www.sisinternational.com\/wp-content\/uploads\/2025\/08\/Alcoholic-beverage-7-768x430.jpg 768w, https:\/\/www.sisinternational.com\/wp-content\/uploads\/2025\/08\/Alcoholic-beverage-7-18x10.jpg 18w\" sizes=\"auto, (max-width: 1456px) 100vw, 1456px\"><\/figure>\n\n\n\n<ul class=\"wp-block-list\">\n<li><strong>Crecimiento continuo en los mercados asi\u00e1ticos:<\/strong> Given the rapid rise and global acclaim of <a href=\"https:\/\/www.sisinternational.com\/es\/cobertura\/investigacion-de-mercado-asia\/investigacion-de-mercado-en-taiwan\/\" title=\"Investigaci\u00f3n de mercado en Taiw\u00e1n\"  data-wpil-monitor-id=\"5630\">whiskeys<\/a> from countries like Japan and Taiwan, we can anticipate continued growth and innovation in the Asian whiskey sector. The growing middle class in countries like China and India might also boost demand for premium whiskey brands.<\/li>\n\n\n\n<li><strong>Centrarse en la sostenibilidad:<\/strong> A medida que las preocupaciones ambientales se vuelven cada vez m\u00e1s importantes, m\u00e1s destiler\u00edas adoptar\u00e1n pr\u00e1cticas ecol\u00f3gicas. Esto podr\u00eda abarcar desde el abastecimiento sostenible de ingredientes hasta procesos de destilaci\u00f3n energ\u00e9ticamente eficientes. Las marcas que incorporan y comunican con \u00e9xito pr\u00e1cticas sostenibles podr\u00edan disfrutar de una mayor lealtad de los consumidores.<\/li>\n\n\n\n<li><strong>Innovaciones tecnol\u00f3gicas:<\/strong> Desde la elaboraci\u00f3n de perfiles de sabor impulsados por IA hasta el papel de blockchain para garantizar la autenticidad, es probable que crezca la incorporaci\u00f3n de tecnolog\u00eda en la producci\u00f3n y comercializaci\u00f3n del whisky. Esto podr\u00eda conducir a experiencias de consumidor m\u00e1s personalizadas y a una mejor prevenci\u00f3n de las falsificaciones.<\/li>\n\n\n\n<li><strong>Marketing experiencial:<\/strong> Beyond just the product, brands will likely invest more in creating memorable experiences for consumers, from augmented reality whiskey tasting to immersive distillery tours. Such strategies can foster deeper brand <a href=\"https:\/\/www.sisinternational.com\/es\/investigacion_del_mercado_del_automovil_conectado\/\" title=\"Investigaci\u00f3n de mercado de autom\u00f3viles conectados\"  data-wpil-monitor-id=\"2066\">connections according to whiskey market research<\/a>.<\/li>\n<\/ul>","protected":false},"excerpt":{"rendered":"<p>El whisky es un sector de mercado maduro que existe desde hace siglos. Comprender su din\u00e1mica se vuelve esencial para las partes interesadas.<\/p>","protected":false},"author":1,"featured_media":63165,"parent":22018,"menu_order":341,"comment_status":"closed","ping_status":"closed","template":"","meta":{"footnotes":""},"class_list":["post-43184","page","type-page","status-publish","has-post-thumbnail"],"_links":{"self":[{"href":"https:\/\/www.sisinternational.com\/es\/wp-json\/wp\/v2\/pages\/43184","targetHints":{"allow":["GET"]}}],"collection":[{"href":"https:\/\/www.sisinternational.com\/es\/wp-json\/wp\/v2\/pages"}],"about":[{"href":"https:\/\/www.sisinternational.com\/es\/wp-json\/wp\/v2\/types\/page"}],"author":[{"embeddable":true,"href":"https:\/\/www.sisinternational.com\/es\/wp-json\/wp\/v2\/users\/1"}],"replies":[{"embeddable":true,"href":"https:\/\/www.sisinternational.com\/es\/wp-json\/wp\/v2\/comments?post=43184"}],"version-history":[{"count":8,"href":"https:\/\/www.sisinternational.com\/es\/wp-json\/wp\/v2\/pages\/43184\/revisions"}],"predecessor-version":[{"id":80977,"href":"https:\/\/www.sisinternational.com\/es\/wp-json\/wp\/v2\/pages\/43184\/revisions\/80977"}],"up":[{"embeddable":true,"href":"https:\/\/www.sisinternational.com\/es\/wp-json\/wp\/v2\/pages\/22018"}],"wp:featuredmedia":[{"embeddable":true,"href":"https:\/\/www.sisinternational.com\/es\/wp-json\/wp\/v2\/media\/63165"}],"wp:attachment":[{"href":"https:\/\/www.sisinternational.com\/es\/wp-json\/wp\/v2\/media?parent=43184"}],"curies":[{"name":"wp","href":"https:\/\/api.w.org\/{rel}","templated":true}]}}