{"id":43144,"date":"2023-08-21T17:41:53","date_gmt":"2023-08-21T21:41:53","guid":{"rendered":"https:\/\/www.sisinternational.com\/?page_id=43144"},"modified":"2026-03-12T11:37:27","modified_gmt":"2026-03-12T15:37:27","slug":"estudio-de-mercado-de-gases-industriales","status":"publish","type":"page","link":"https:\/\/www.sisinternational.com\/es\/pericia\/investigacion-de-mercados-industriales\/estudio-de-mercado-de-gases-industriales\/","title":{"rendered":"Investigaci\u00f3n de mercado de gases industriales"},"content":{"rendered":"<h1 class=\"wp-block-heading\">Investigaci\u00f3n de mercado de gases industriales<\/h1>\n\n\n\n<figure class=\"gb-block-image gb-block-image-2e0be489\"><img loading=\"lazy\" decoding=\"async\" width=\"1456\" height=\"816\" class=\"gb-image gb-image-2e0be489\" src=\"https:\/\/www.sisinternational.com\/wp-content\/uploads\/2025\/08\/Gas-station-4.jpg\" alt=\"Investigaci\u00f3n y estrategia de mercado internacional de SIS\" title=\"Gas station (4)\" srcset=\"https:\/\/www.sisinternational.com\/wp-content\/uploads\/2025\/08\/Gas-station-4.jpg 1456w, https:\/\/www.sisinternational.com\/wp-content\/uploads\/2025\/08\/Gas-station-4-300x168.jpg 300w, https:\/\/www.sisinternational.com\/wp-content\/uploads\/2025\/08\/Gas-station-4-1024x574.jpg 1024w, https:\/\/www.sisinternational.com\/wp-content\/uploads\/2025\/08\/Gas-station-4-768x430.jpg 768w, https:\/\/www.sisinternational.com\/wp-content\/uploads\/2025\/08\/Gas-station-4-18x10.jpg 18w\" sizes=\"auto, (max-width: 1456px) 100vw, 1456px\"><\/figure>\n\n\n\n<hr class=\"wp-block-separator has-alpha-channel-opacity is-style-dots\"\/>\n\n\n\n<p>Navegar por la industria del gas nunca ha sido f\u00e1cil y ha estado a merced de los altibajos del mercado. Es por eso que comprender esta industria requiere una comprensi\u00f3n profunda de su pulso, una tarea en la que la investigaci\u00f3n del mercado de gases industriales desempe\u00f1a un papel vital.<\/p>\n\n\n\n<p>Esta investigaci\u00f3n no solo analiza el panorama actual sino que tambi\u00e9n anticipa trayectorias futuras, brindando a las partes interesadas una visi\u00f3n clara para dise\u00f1ar estrategias, innovar y sobresalir, convirti\u00e9ndola en una herramienta fundamental para cualquier empresa que desee tener \u00e9xito dentro de esta industria competitiva.<\/p>\n\n\n\n<h2 class=\"wp-block-heading\">Importancia de la investigaci\u00f3n de mercado de gases industriales<\/h2>\n\n\n\n<p>The industrial gas sector stands as a prime source of such dynamism. This is where the essence of industrial <a href=\"https:\/\/www.sisinternational.com\/es\/soluciones\/investigacion-de-mercado-de-oleoductos-y-gasoductos\/\" title=\"Investigaci\u00f3n del mercado de oleoductos y gasoductos\"  data-wpil-monitor-id=\"2145\">gas market research<\/a> comes into play, helping global companies to understand the ever-changing market and its possible future changes. In particular, some of its most important advantages include the following:<\/p>\n\n\n\n<ul class=\"wp-block-list\">\n<li><strong>Comprender las tendencias:<\/strong> Comprehensive industrial <a href=\"https:\/\/www.sisinternational.com\/es\/pericia\/industrias\/investigacion-de-mercado-de-petroleo-y-gas\/\" title=\"Investigaci\u00f3n de mercado de petr\u00f3leo y gas\"  data-wpil-monitor-id=\"3081\">gas market research<\/a> helps in identifying and understanding both macro and micro trends. It offers these insights regarding the rising demand for a specific gas in a particular industry \u2013 or technological innovation that could disrupt traditional supply chains.<\/li>\n\n\n\n<li><strong>Mitigaci\u00f3n de riesgos:<\/strong> By providing a holistic view of the market, including potential challenges and barriers, <a href=\"https:\/\/www.sisinternational.com\/es\/pericia\/industrias\/investigacion-de-mercado-de-la-industria-de-la-fotografia\/\" title=\"Investigaci\u00f3n de mercado de la industria de la fotograf\u00eda\"  data-wpil-monitor-id=\"3202\">estudio de mercado de gases industriales<\/a> assists companies in risk assessment and mitigation strategies, making it easier for companies to assess their risks and invest in this sector.<\/li>\n\n\n\n<li><strong>Toma de decisiones estrat\u00e9gicas:<\/strong> For businesses looking to invest, diversify, or even exit certain market segments, data-driven insights from <a href=\"https:\/\/www.sisinternational.com\/es\/pericia\/industrias\/investigacion-de-mercado-de-diseno-industrial\/\" title=\"Investigaci\u00f3n de Mercado de Dise\u00f1o Industrial\"  data-wpil-monitor-id=\"4157\">estudio de mercado de gases industriales<\/a> are vital. They provide the basis for strategic decision-making and give clear guidance for future investments.<\/li>\n\n\n\n<li><strong>Anticipaci\u00f3n de necesidades futuras:<\/strong> Beyond understanding the current landscape, <a href=\"https:\/\/www.sisinternational.com\/es\/venezuela-oil-mining-industry-potential-strategic-forecast-2026-2036\/\" title=\"Venezuela Oil &amp; Mining Industry Potential: Strategic Forecast 2026-2036\"  data-wpil-monitor-id=\"1299\">estudio de mercado de gases industriales<\/a> provides projections and forecasts. This forward-looking perspective is crucial for businesses to stay ahead of the curve, be it in terms of capacity expansion, R&amp;D, or exploring new markets.<\/li>\n<\/ul>\n\n\n\n<h2 class=\"wp-block-heading\">Actores clave y panorama competitivo<\/h2>\n\n\n\n<p>El mercado del gas industrial cuenta con un panorama competitivo vibrante. Sin embargo, unas pocas multinacionales dominan una proporci\u00f3n significativa, incluso si el \u00e1mbito tambi\u00e9n ofrece espacio para actores especializados, gigantes regionales y nuevas empresas innovadoras.<\/p>\n\n\n\n<ul class=\"wp-block-list\">\n<li><strong>Aire l\u00edquido:<\/strong> Air Liquide, gigante mundial con sede en Francia, tiene presencia en m\u00e1s de 80 pa\u00edses y est\u00e1 especializada en gases, tecnolog\u00edas y servicios para los sectores industrial y sanitario.<\/li>\n\n\n\n<li><strong>PLC Linde:<\/strong> Linde PLC es una de las mayores empresas de gases industriales a nivel mundial. Tienen una cartera diversificada que presta servicios a innumerables sectores, desde la atenci\u00f3n sanitaria hasta la metalurgia.<\/li>\n\n\n\n<li><strong>Productos de aire y productos qu\u00edmicos Inc.:<\/strong> Air Products es un nombre l\u00edder en el sector de los gases industriales, que cuenta con soluciones innovadoras y una amplia red de distribuci\u00f3n.<\/li>\n\n\n\n<li><strong>Grupo Messer:<\/strong> Un nombre destacado, especialmente en Europa y Asia, el Grupo Messer se especializa en diversos gases, desde ox\u00edgeno m\u00e9dico hasta gases especiales para electr\u00f3nica.<\/li>\n\n\n\n<li><strong>Gases Yingde:<\/strong> Yingde Gases, un actor dominante en China, ha crecido exponencialmente en las \u00faltimas d\u00e9cadas, lo que subraya el r\u00e1pido crecimiento industrial en la regi\u00f3n de Asia y el Pac\u00edfico.<\/li>\n<\/ul>\n\n\n\n<h2 class=\"wp-block-heading\">Impulsores del mercado en el sector del gas industrial<\/h2>\n\n\n\n<p>In the dynamic industrial gas sector, analyzing market drivers is critical to gauge current trajectories and forecast future trends. Among the most important ones to leverage in <a href=\"https:\/\/www.sisinternational.com\/es\/pericia\/industrias\/investigacion-de-mercado-de-automatizacion-industrial\/\" title=\"Investigaci\u00f3n de mercado de automatizaci\u00f3n industrial\"  data-wpil-monitor-id=\"4814\">estudio de mercado de gases industriales<\/a> are:<\/p>\n\n\n\n<ul class=\"wp-block-list\">\n<li><strong>Industrializaci\u00f3n r\u00e1pida:<\/strong> Pa\u00edses como India, China, Brasil y partes del sudeste asi\u00e1tico y \u00c1frica est\u00e1n experimentando un crecimiento industrial acelerado. Este aumento se traduce en una mayor demanda de gases industriales en m\u00faltiples sectores. Con el aumento de la urbanizaci\u00f3n y los proyectos de infraestructura, existe una demanda significativa de gases en la construcci\u00f3n, la metalurgia y los sectores afines.<\/li>\n\n\n\n<li><strong>Soluciones de distribuci\u00f3n y almacenamiento:<\/strong> Los avances tecnol\u00f3gicos en almacenamiento, transporte y distribuci\u00f3n garantizan que los gases mantengan su pureza y est\u00e1n impulsando el crecimiento del mercado.<\/li>\n\n\n\n<li><strong>Tecnolog\u00edas ecol\u00f3gicas:<\/strong> El impulso global por tecnolog\u00edas m\u00e1s ecol\u00f3gicas significa una mayor demanda de gases industriales en los sectores de energ\u00eda renovable, especialmente hidr\u00f3geno en pilas de combustible. A medida que las industrias buscan reducir la huella de carbono, se capturan y almacenan gases como el CO2, lo que ofrece otra v\u00eda para el crecimiento del mercado.<\/li>\n\n\n\n<li><strong>Log\u00edstica de Cadena de Fr\u00edo:<\/strong> El crecimiento de la industria alimentaria mundial, especialmente de los alimentos congelados, ha amplificado la necesidad de gases como el nitr\u00f3geno y el CO2 para la congelaci\u00f3n y el transporte.<\/li>\n<\/ul>\n\n\n\n<h2 class=\"wp-block-heading\">Avances tecnol\u00f3gicos en la investigaci\u00f3n de mercado de gases industriales<\/h2>\n\n\n\n<p>La investigaci\u00f3n del mercado de gases industriales ha evolucionado considerablemente, con diversas innovaciones tecnol\u00f3gicas que perfeccionan sus metodolog\u00edas y mejoran sus resultados.<\/p>\n\n\n\n<ul class=\"wp-block-list\">\n<li><strong>Big Data y an\u00e1lisis avanzado:<\/strong> Con grandes vol\u00famenes de datos disponibles de varias fuentes, las herramientas de an\u00e1lisis avanzado se han vuelto fundamentales. Estas herramientas analizan datos, resaltan patrones y predicen tendencias futuras, asegurando que la investigaci\u00f3n de mercado sea m\u00e1s precisa.<\/li>\n\n\n\n<li><strong>Inteligencia artificial (IA) y aprendizaje autom\u00e1tico (ML):<\/strong> Estas tecnolog\u00edas han infundido a la investigaci\u00f3n del mercado de gases industriales una previsi\u00f3n incomparable. Los modelos de IA y ML pueden interpretar datos de forma aut\u00f3noma y predecir la din\u00e1mica del mercado.<\/li>\n\n\n\n<li><strong>Tecnolog\u00eda de cadena de bloques:<\/strong> Beyond cryptocurrencies, blockchain offers a layer of transparency and <a href=\"https:\/\/www.sisinternational.com\/es\/pericia\/industrias\/investigacion-de-mercado-de-seguridad\/\" title=\"Investigaci\u00f3n de mercado de seguridad\"  data-wpil-monitor-id=\"6536\">security to industrial gas market research<\/a>. It guarantees data authenticity, builds confidence in research findings, and allows a secure platform for data exchanges among various stakeholders.<\/li>\n\n\n\n<li><strong>Internet de las Cosas (IoT):<\/strong> Los dispositivos IoT, integrados en las infraestructuras de gas industrial, proporcionan un flujo continuo de datos en tiempo real. Esta inmediatez garantiza que la investigaci\u00f3n de mercado se mantenga actualizada y refleje las \u00faltimas condiciones y tendencias del mercado.<\/li>\n\n\n\n<li><strong>Realidad virtual (VR) y realidad aumentada (AR):<\/strong> La investigaci\u00f3n del mercado de gases industriales aprovecha la realidad virtual y la realidad aumentada para una visualizaci\u00f3n inmersiva de datos. Al transformar conjuntos de datos complejos en representaciones 3D interactivas, estas tecnolog\u00edas mejoran la comprensi\u00f3n de los datos y facilitan conocimientos m\u00e1s completos.<\/li>\n\n\n\n<li><strong>Plataformas y herramientas colaborativas:<\/strong> Dado que la investigaci\u00f3n a menudo requiere esfuerzos de colaboraci\u00f3n, herramientas modernas y plataformas que permitan a los investigadores de diferentes lugares trabajar de manera coherente.<\/li>\n<\/ul>\n\n\n\n<h2 class=\"wp-block-heading\">Oportunidades y desaf\u00edos de la investigaci\u00f3n de mercado de gases industriales<\/h2>\n\n\n\n<p>La investigaci\u00f3n del mercado de gases industriales est\u00e1 llena de complejidades y posibilidades. A medida que las empresas se esfuerzan por aprovechar los conocimientos para navegar en el sector del gas industrial, enfrentan varias oportunidades y desaf\u00edos, como:<\/p>\n\n\n\n<h3 class=\"wp-block-heading\">Oportunidades:<\/h3>\n\n\n\n<ul class=\"wp-block-list\">\n<li><a href=\"https:\/\/www.sisinternational.com\/es\/oportunidades-de-la-banca-islamica-y-obstaculos-para-la-industria-financiera-estadounidense\/\" title=\"Banca isl\u00e1mica: oportunidades y obst\u00e1culos para la industria financiera estadounidense\"  data-wpil-monitor-id=\"6701\">Emerging Markets: Rapid industrialization<\/a> in developing economies offers lucrative opportunities for the industrial gas sector. Industrial gas market research can identify these untapped markets, providing a blueprint for expansion and growth.<\/li>\n\n\n\n<li><strong>Sostenibilidad y Soluciones Verdes:<\/strong> There is a growing global emphasis on sustainable practices. Research can guide <a href=\"https:\/\/www.sisinternational.com\/es\/telefono-inteligente\/\" title=\"Investigaci\u00f3n de mercado de tel\u00e9fonos inteligentes\"  data-wpil-monitor-id=\"2899\">industries in innovating eco-friendly gas solutions<\/a>, catering to this rising demand and creating a competitive edge.<\/li>\n\n\n\n<li><strong>Aplicaciones diversificadas:<\/strong> Los gases industriales encuentran aplicaciones en sectores como la atenci\u00f3n sanitaria, la alimentaci\u00f3n y las bebidas y la electr\u00f3nica. Por lo tanto, una investigaci\u00f3n de mercado en profundidad puede descubrir nuevas aplicaciones, expandir el mercado y aumentar la rentabilidad.<\/li>\n<\/ul>\n\n\n\n<h3 class=\"wp-block-heading\">Desaf\u00edos:<\/h3>\n\n\n\n<ul class=\"wp-block-list\">\n<li><strong>Cuestiones regulatorias y de cumplimiento:<\/strong> Con la evoluci\u00f3n de las regulaciones globales, cumplirlas se convierte en un desaf\u00edo. La investigaci\u00f3n del mercado de gas industrial debe mantenerse al tanto de estos cambios, garantizando que las empresas sigan cumpliendo con las normas y al mismo tiempo sean rentables.<\/li>\n\n\n\n<li><strong>Din\u00e1mica vol\u00e1til del mercado:<\/strong> Factores como las tensiones geopol\u00edticas o las recesiones econ\u00f3micas pueden afectar significativamente al mercado del gas industrial. La investigaci\u00f3n debe pronosticar estas fluctuaciones, preparando a las empresas para posibles inestabilidades del mercado.<\/li>\n\n\n\n<li><strong>Complejidades de la cadena de suministro:<\/strong> The global nature of the industrial gas industry introduces supply chain intricacies. Market <a href=\"https:\/\/www.sisinternational.com\/es\/pericia\/industrias\/investigacion-de-mercado-de-logistica-de-terceros\/\" title=\"Investigaci\u00f3n de mercado de log\u00edstica de terceros\"  data-wpil-monitor-id=\"4771\">investigaci\u00f3n<\/a> must strategize optimal supply chain logistics, minimizing disruptions and maximizing efficiency.<\/li>\n\n\n\n<li><strong>Preocupaciones de seguridad:<\/strong> Los gases industriales suelen plantear riesgos para la seguridad en la producci\u00f3n, el almacenamiento y el transporte. La investigaci\u00f3n debe abarcar protocolos de seguridad e innovaciones, garantizando que se cumplan los est\u00e1ndares de la industria y se minimicen los riesgos.<\/li>\n\n\n\n<li><strong>Saturaci\u00f3n Competitiva:<\/strong> Con numerosos actores en el mercado del gas industrial, la diferenciaci\u00f3n se convierte en un desaf\u00edo. La investigaci\u00f3n de mercado de gases industriales debe identificar propuestas de valor \u00fanicas, que ayuden a las empresas a destacarse en un mercado saturado.<\/li>\n<\/ul>\n\n\n\n<p><\/p>","protected":false},"excerpt":{"rendered":"<p>En el din\u00e1mico sector del gas industrial, analizar los impulsores del mercado es fundamental para evaluar las trayectorias actuales y pronosticar las tendencias futuras.<\/p>","protected":false},"author":1,"featured_media":63841,"parent":14181,"menu_order":332,"comment_status":"closed","ping_status":"closed","template":"","meta":{"footnotes":""},"class_list":["post-43144","page","type-page","status-publish","has-post-thumbnail"],"_links":{"self":[{"href":"https:\/\/www.sisinternational.com\/es\/wp-json\/wp\/v2\/pages\/43144","targetHints":{"allow":["GET"]}}],"collection":[{"href":"https:\/\/www.sisinternational.com\/es\/wp-json\/wp\/v2\/pages"}],"about":[{"href":"https:\/\/www.sisinternational.com\/es\/wp-json\/wp\/v2\/types\/page"}],"author":[{"embeddable":true,"href":"https:\/\/www.sisinternational.com\/es\/wp-json\/wp\/v2\/users\/1"}],"replies":[{"embeddable":true,"href":"https:\/\/www.sisinternational.com\/es\/wp-json\/wp\/v2\/comments?post=43144"}],"version-history":[{"count":14,"href":"https:\/\/www.sisinternational.com\/es\/wp-json\/wp\/v2\/pages\/43144\/revisions"}],"predecessor-version":[{"id":80281,"href":"https:\/\/www.sisinternational.com\/es\/wp-json\/wp\/v2\/pages\/43144\/revisions\/80281"}],"up":[{"embeddable":true,"href":"https:\/\/www.sisinternational.com\/es\/wp-json\/wp\/v2\/pages\/14181"}],"wp:featuredmedia":[{"embeddable":true,"href":"https:\/\/www.sisinternational.com\/es\/wp-json\/wp\/v2\/media\/63841"}],"wp:attachment":[{"href":"https:\/\/www.sisinternational.com\/es\/wp-json\/wp\/v2\/media?parent=43144"}],"curies":[{"name":"wp","href":"https:\/\/api.w.org\/{rel}","templated":true}]}}