{"id":43137,"date":"2023-08-21T16:56:11","date_gmt":"2023-08-21T20:56:11","guid":{"rendered":"https:\/\/www.sisinternational.com\/?page_id=43137"},"modified":"2026-02-15T16:49:52","modified_gmt":"2026-02-15T21:49:52","slug":"investigacion-de-mercado-sobre-cambio-de-marca-hotelera","status":"publish","type":"page","link":"https:\/\/www.sisinternational.com\/es\/pericia\/investigacion-de-mercado-sobre-cambio-de-marca-hotelera\/","title":{"rendered":"Investigaci\u00f3n de mercado de cambio de marca hotelera"},"content":{"rendered":"<h1 class=\"wp-block-heading\">Investigaci\u00f3n de mercado de cambio de marca hotelera<\/h1>\n\n\n\n<figure class=\"gb-block-image gb-block-image-f1da408e\"><img loading=\"lazy\" decoding=\"async\" width=\"1456\" height=\"816\" class=\"gb-image gb-image-f1da408e\" src=\"https:\/\/www.sisinternational.com\/wp-content\/uploads\/2025\/08\/Hotel-furniture-11.jpg\" alt=\"Investigaci\u00f3n y estrategia de mercado internacional de SIS\" title=\"Hotel furniture (11)\" srcset=\"https:\/\/www.sisinternational.com\/wp-content\/uploads\/2025\/08\/Hotel-furniture-11.jpg 1456w, https:\/\/www.sisinternational.com\/wp-content\/uploads\/2025\/08\/Hotel-furniture-11-300x168.jpg 300w, https:\/\/www.sisinternational.com\/wp-content\/uploads\/2025\/08\/Hotel-furniture-11-1024x574.jpg 1024w, https:\/\/www.sisinternational.com\/wp-content\/uploads\/2025\/08\/Hotel-furniture-11-768x430.jpg 768w, https:\/\/www.sisinternational.com\/wp-content\/uploads\/2025\/08\/Hotel-furniture-11-18x10.jpg 18w\" sizes=\"auto, (max-width: 1456px) 100vw, 1456px\"><\/figure>\n\n\n\n<p><\/p>\n\n\n\n<hr class=\"wp-block-separator has-alpha-channel-opacity is-style-dots\"\/>\n\n\n\n<p>El cambio de marca del hotel es m\u00e1s que un logotipo redise\u00f1ado; es una transformaci\u00f3n estrat\u00e9gica para hacer la marca m\u00e1s competitiva y atractiva para sus consumidores. Ah\u00ed es donde surge el papel fundamental de la investigaci\u00f3n de mercado sobre el cambio de marca hotelera.<\/p>\n\n\n\n<p>La investigaci\u00f3n de mercado sobre cambio de marca hotelera ayuda a las empresas globales a modernizar la marca y dirigirse a una nueva audiencia con un redise\u00f1o que les permita mantenerse al tanto de las actualizaciones del mercado.<\/p>\n\n\n\n<h2 class=\"wp-block-heading\">\u00bfPor qu\u00e9 es tan importante la investigaci\u00f3n de mercado sobre cambio de marca hotelera?<\/h2>\n\n\n\n<figure class=\"gb-block-image gb-block-image-ed76ab28\"><img loading=\"lazy\" decoding=\"async\" width=\"1456\" height=\"816\" class=\"gb-image gb-image-ed76ab28\" src=\"https:\/\/www.sisinternational.com\/wp-content\/uploads\/2025\/08\/hotel-24.jpg\" alt=\"Investigaci\u00f3n y estrategia de mercado internacional de SIS\" title=\"hotel (24)\" srcset=\"https:\/\/www.sisinternational.com\/wp-content\/uploads\/2025\/08\/hotel-24.jpg 1456w, https:\/\/www.sisinternational.com\/wp-content\/uploads\/2025\/08\/hotel-24-300x168.jpg 300w, https:\/\/www.sisinternational.com\/wp-content\/uploads\/2025\/08\/hotel-24-1024x574.jpg 1024w, https:\/\/www.sisinternational.com\/wp-content\/uploads\/2025\/08\/hotel-24-768x430.jpg 768w, https:\/\/www.sisinternational.com\/wp-content\/uploads\/2025\/08\/hotel-24-18x10.jpg 18w\" sizes=\"auto, (max-width: 1456px) 100vw, 1456px\"><\/figure>\n\n\n\n<p><\/p>\n\n\n\n<p>El cambio de marca del hotel es una transformaci\u00f3n estrat\u00e9gica que busca alinear la identidad de un hotel con la din\u00e1mica actual del mercado, las aspiraciones futuras y las expectativas cambiantes de los hu\u00e9spedes.<\/p>\n\n\n\n<p>However, beneath this transformation lies several considerations, risks, and opportunities, each of which holds the power to shape the trajectory and outcome of the rebranding endeavor. This is where hotel <a class=\"wpil_keyword_link\" href=\"https:\/\/www.sisinternational.com\/es\/soluciones\/soluciones-de-branding-e-investigacion-de-clientes\/investigacion-de-mercado-de-cambio-de-marca\/\" title=\"Investigaci\u00f3n de mercado de cambio de marca\" data-wpil-keyword-link=\"linked\" data-wpil-monitor-id=\"336\">investigaci\u00f3n de mercado de cambio de marca<\/a> becomes an irreplaceable resource to take into account before making any modifications to the brand.<\/p>\n\n\n\n<p>Some of the elements that make hotel <a href=\"https:\/\/www.sisinternational.com\/es\/pericia\/industrias\/investigacion-de-mercado-de-cambio-de-marca-de-motocicletas\/\" title=\"Investigaci\u00f3n de mercado de cambio de marca de motocicletas\" data-wpil-monitor-id=\"4700\">investigaci\u00f3n de mercado de cambio de marca<\/a> an indispensable tool include:<\/p>\n\n\n\n<ul class=\"wp-block-list\">\n<li><strong>Cambios demogr\u00e1ficos:<\/strong> As the generational composition of travelers changes, so do their preferences, values, and expectations. <a href=\"https:\/\/www.sisinternational.com\/es\/pericia\/industrias\/estudio-de-mercado-de-mobiliario-hotelero\/\" title=\"Investigaci\u00f3n de mercado de muebles para hoteles\" data-wpil-monitor-id=\"7202\">Hotel rebranding market research<\/a> provides valuable perspectives into these evolving dynamics, ensuring that rebranding resonates with both existing and emerging customer segments.<\/li>\n\n\n\n<li><strong>Bucle de retroalimentaci\u00f3n:<\/strong> Los hu\u00e9spedes anteriores brindan comentarios valiosos sobre lo que les gust\u00f3 y lo que sintieron que les faltaba en su experiencia en el hotel. Esta retroalimentaci\u00f3n se convierte en la base sobre la cual se formulan las estrategias de cambio de marca en la investigaci\u00f3n de mercado.<\/li>\n\n\n\n<li><strong>Posicionamiento:<\/strong> Understanding where the hotel currently stands in the market compared to competitors is crucial. <a href=\"https:\/\/www.sisinternational.com\/es\/soluciones\/consultoria-de-hosteleria-y-turismo-en-viajes\/cambio-de-marca-de-hotel-boutique\/\" title=\"Cambio de marca del hotel boutique\" data-wpil-monitor-id=\"2904\">hotel<\/a> rebranding market research can also spotlight areas where competitors are underperforming, providing an opportunity for the hotel to fill those gaps through its rebranding efforts.<\/li>\n\n\n\n<li><strong>Toma de decisiones informada:<\/strong> Rather than relying on intuition, decisions backed by concrete data minimize risks of missteps or oversights during the rebranding process. <\/li>\n\n\n\n<li><strong>Priorizaci\u00f3n:<\/strong> La investigaci\u00f3n de mercado de cambio de marca de hoteles ayuda a establecer prioridades claras, garantizando que los elementos m\u00e1s impactantes del proceso de cambio de marca se aborden primero. Comprender qu\u00e9 aspectos de la marca necesitan revisiones importantes y cu\u00e1les requieren ajustes menores garantiza que los recursos se asignen de manera \u00f3ptima.<\/li>\n\n\n\n<li><strong>Consistencia:<\/strong> Una investigaci\u00f3n de mercado exhaustiva del cambio de marca de hoteles garantiza que todos los elementos del cambio de marca, desde los elementos visuales hasta las experiencias de los hu\u00e9spedes, transmitan un mensaje de marca coherente y cohesivo.<\/li>\n<\/ul>\n\n\n\n<p><\/p>","protected":false},"excerpt":{"rendered":"<p>El cambio de marca de un hotel es una transformaci\u00f3n estrat\u00e9gica que alinea la identidad de un hotel con la din\u00e1mica del mercado, las aspiraciones y las expectativas de los hu\u00e9spedes.<\/p>","protected":false},"author":1,"featured_media":63584,"parent":14514,"menu_order":330,"comment_status":"closed","ping_status":"closed","template":"","meta":{"footnotes":""},"class_list":["post-43137","page","type-page","status-publish","has-post-thumbnail"],"_links":{"self":[{"href":"https:\/\/www.sisinternational.com\/es\/wp-json\/wp\/v2\/pages\/43137","targetHints":{"allow":["GET"]}}],"collection":[{"href":"https:\/\/www.sisinternational.com\/es\/wp-json\/wp\/v2\/pages"}],"about":[{"href":"https:\/\/www.sisinternational.com\/es\/wp-json\/wp\/v2\/types\/page"}],"author":[{"embeddable":true,"href":"https:\/\/www.sisinternational.com\/es\/wp-json\/wp\/v2\/users\/1"}],"replies":[{"embeddable":true,"href":"https:\/\/www.sisinternational.com\/es\/wp-json\/wp\/v2\/comments?post=43137"}],"version-history":[{"count":10,"href":"https:\/\/www.sisinternational.com\/es\/wp-json\/wp\/v2\/pages\/43137\/revisions"}],"predecessor-version":[{"id":82701,"href":"https:\/\/www.sisinternational.com\/es\/wp-json\/wp\/v2\/pages\/43137\/revisions\/82701"}],"up":[{"embeddable":true,"href":"https:\/\/www.sisinternational.com\/es\/wp-json\/wp\/v2\/pages\/14514"}],"wp:featuredmedia":[{"embeddable":true,"href":"https:\/\/www.sisinternational.com\/es\/wp-json\/wp\/v2\/media\/63584"}],"wp:attachment":[{"href":"https:\/\/www.sisinternational.com\/es\/wp-json\/wp\/v2\/media?parent=43137"}],"curies":[{"name":"wp","href":"https:\/\/api.w.org\/{rel}","templated":true}]}}