{"id":43119,"date":"2023-08-21T12:58:19","date_gmt":"2023-08-21T16:58:19","guid":{"rendered":"https:\/\/www.sisinternational.com\/?page_id=43119"},"modified":"2026-03-25T01:20:43","modified_gmt":"2026-03-25T05:20:43","slug":"investigacion-sensorial-de-alimentos-investigacion-de-mercado","status":"publish","type":"page","link":"https:\/\/www.sisinternational.com\/es\/soluciones\/investigacion-de-mercado-de-la-industria-de-alimentos-y-bebidas\/investigacion-sensorial-de-alimentos-investigacion-de-mercado\/","title":{"rendered":"Investigaci\u00f3n sensorial de alimentos y bebidas Investigaci\u00f3n de mercado"},"content":{"rendered":"<h1 class=\"wp-block-heading\">Investigaci\u00f3n de mercado sensorial de alimentos y bebidas<\/h1>\n\n\n\n<figure class=\"gb-block-image gb-block-image-ff47fa21\"><img loading=\"lazy\" decoding=\"async\" width=\"1456\" height=\"816\" class=\"gb-image gb-image-ff47fa21\" src=\"https:\/\/www.sisinternational.com\/wp-content\/uploads\/2025\/08\/Food-taste-testing-5.jpg\" alt=\"Investigaci\u00f3n y estrategia de mercado internacional de SIS\" title=\"Food taste testing (5)\" srcset=\"https:\/\/www.sisinternational.com\/wp-content\/uploads\/2025\/08\/Food-taste-testing-5.jpg 1456w, https:\/\/www.sisinternational.com\/wp-content\/uploads\/2025\/08\/Food-taste-testing-5-300x168.jpg 300w, https:\/\/www.sisinternational.com\/wp-content\/uploads\/2025\/08\/Food-taste-testing-5-1024x574.jpg 1024w, https:\/\/www.sisinternational.com\/wp-content\/uploads\/2025\/08\/Food-taste-testing-5-768x430.jpg 768w, https:\/\/www.sisinternational.com\/wp-content\/uploads\/2025\/08\/Food-taste-testing-5-18x10.jpg 18w\" sizes=\"auto, (max-width: 1456px) 100vw, 1456px\"><\/figure>\n\n\n\n<p><\/p>\n\n\n\n<p>La investigaci\u00f3n de mercado sobre el an\u00e1lisis sensorial de alimentos y bebidas es una herramienta esencial para los investigadores de mercado, ya que cierra la brecha entre los atributos del producto y la percepci\u00f3n del consumidor.<\/p>\n\n\n\n<p>Esta t\u00e9cnica de investigaci\u00f3n profundiza en la experiencia sensorial que brindan los productos alimenticios, analizando aspectos como el sabor, el aroma, la textura y la apariencia, y con una base de consumidores en constante evoluci\u00f3n y cambios r\u00e1pidos en las preferencias diet\u00e9ticas, la dependencia de la investigaci\u00f3n de mercado de alimentos y bebidas. nunca ha sido m\u00e1s crucial.<\/p>\n\n\n\n<h2 class=\"wp-block-heading\">Descripci\u00f3n general de la investigaci\u00f3n de mercado sensorial de alimentos y bebidas<\/h2>\n\n\n\n<p>El an\u00e1lisis sensorial es la disciplina cient\u00edfica que evoca, mide, analiza e interpreta las respuestas humanas a las caracter\u00edsticas de los alimentos y materiales tal como son percibidos por los sentidos de la vista, el olfato, el gusto, el tacto y el o\u00eddo. Su aplicaci\u00f3n es de gran alcance y abarca desde las etapas de desarrollo del producto hasta las evaluaciones posteriores al lanzamiento, garantizando que el producto alimenticio se alinee con las expectativas del consumidor.<\/p>\n\n\n\n<p>Hist\u00f3ricamente, la primera apariencia de an\u00e1lisis sensorial se remonta a las civilizaciones antiguas, donde la selecci\u00f3n de alimentos se basaba principalmente en atributos sensoriales. Sin embargo, no fue hasta el siglo XX que el an\u00e1lisis sensorial empez\u00f3 a tomar una forma estructurada. Con el auge de los bienes de consumo y la industrializaci\u00f3n de la industria alimentaria, era absolutamente necesario entender y cuantificar las preferencias de los consumidores para ofrecer productos cada vez mejores al mercado.<\/p>\n\n\n\n<p>Currently, <a href=\"https:\/\/www.sisinternational.com\/es\/soluciones\/investigacion-de-mercado-de-alimentos-qsr\/\" title=\"QSR Food Market Research\"  data-wpil-monitor-id=\"2306\">food and beverage market research<\/a> has become a highly sophisticated discipline \u2013 and as the global food market grows increasingly competitive, the spotlight on sensory analysis becomes brighter, marking its significance not just as a research tool, but as a vital component in a brand&#8217;s success strategy.<\/p>\n\n\n\n<h2 class=\"wp-block-heading\">La importancia actual de la investigaci\u00f3n de mercado sensorial de alimentos y bebidas<\/h2>\n\n\n\n<figure class=\"gb-block-image gb-block-image-929ede74\"><img loading=\"lazy\" decoding=\"async\" width=\"1456\" height=\"816\" class=\"gb-image gb-image-929ede74\" src=\"https:\/\/www.sisinternational.com\/wp-content\/uploads\/2025\/08\/Food-taste-testing-3.jpg\" alt=\"Investigaci\u00f3n y estrategia de mercado internacional de SIS\" title=\"Food taste testing (3)\" srcset=\"https:\/\/www.sisinternational.com\/wp-content\/uploads\/2025\/08\/Food-taste-testing-3.jpg 1456w, https:\/\/www.sisinternational.com\/wp-content\/uploads\/2025\/08\/Food-taste-testing-3-300x168.jpg 300w, https:\/\/www.sisinternational.com\/wp-content\/uploads\/2025\/08\/Food-taste-testing-3-1024x574.jpg 1024w, https:\/\/www.sisinternational.com\/wp-content\/uploads\/2025\/08\/Food-taste-testing-3-768x430.jpg 768w, https:\/\/www.sisinternational.com\/wp-content\/uploads\/2025\/08\/Food-taste-testing-3-18x10.jpg 18w\" sizes=\"auto, (max-width: 1456px) 100vw, 1456px\"><\/figure>\n\n\n\n<p><\/p>\n\n\n\n<p>Understanding and satisfying consumer demands is a requirement in the competitive marketplace of the food industry. Therefore, food and beverage <a class=\"wpil_keyword_link\" href=\"https:\/\/www.sisinternational.com\/es\/pericia\/industrias\/investigacion-de-mercado-sensorial\/\"   title=\"Investigaci\u00f3n de mercado sensorial\" data-wpil-keyword-link=\"linked\"  data-wpil-monitor-id=\"338\">investigaci\u00f3n de mercado sensorial<\/a> has become a cornerstone of modern business strategies, ensuring alignment between product offerings and consumer expectations.<\/p>\n\n\n\n<p>Entre las ventajas m\u00e1s significativas que aporta a las empresas se encuentran las siguientes:<\/p>\n\n\n\n<ul class=\"wp-block-list\">\n<li><strong>Informaci\u00f3n detallada del consumidor:<\/strong> Today\u2019s consumers are not just concerned with the basic attributes of taste and texture. They are also heavily influenced by elements such as aroma, appearance, and even the sound of the food product. <a href=\"https:\/\/www.sisinternational.com\/es\/pericia\/industrias\/investigacion-de-mercado-de-alimentos-congelados\/\" title=\"Investigaci\u00f3n de mercado de alimentos congelados\"  data-wpil-monitor-id=\"3116\">Food and beverage market research<\/a> helps companies understand these elements, offering insights that are often intangible and complex to enable brands to craft products that resonate deeply with their target audience.<\/li>\n\n\n\n<li><strong>Diferenciaci\u00f3n Competitiva:<\/strong> El mercado de alimentos est\u00e1 inundado de una variedad de productos similares. El an\u00e1lisis sensorial proporciona un diferenciador que permite a las empresas identificar y amplificar atributos \u00fanicos del producto, forjando una posici\u00f3n distintiva en el mercado. Al acentuar estos diferenciadores sensoriales, las marcas pueden establecer una ventaja competitiva, fomentando la lealtad e impulsando compras repetidas.<\/li>\n\n\n\n<li><strong>Mejora del valor de la marca:<\/strong> Los consumidores tienden a asociar experiencias sensoriales positivas con la calidad de la marca. Cuando un producto cumple constantemente sus promesas sensoriales, aumenta el valor percibido de la marca. Con el tiempo, esta imagen de marca mejorada puede generar precios superiores, mejorando la rentabilidad.<\/li>\n\n\n\n<li><strong>Mitigaci\u00f3n de riesgos en el desarrollo de nuevos productos:<\/strong> El proceso de lanzamiento de un nuevo producto es caro y arriesgado. El an\u00e1lisis sensorial act\u00faa como una br\u00fajula, gu\u00eda el proceso de desarrollo del producto y resalta posibles dificultades, lo que reduce dr\u00e1sticamente el riesgo de fallas del producto despu\u00e9s del lanzamiento.<\/li>\n\n\n\n<li><strong>Circuito de retroalimentaci\u00f3n para la mejora continua:<\/strong> Consumer preferences evolve, influenced by factors like cultural shifts, dietary trends, and innovations in food technology. Thus, <a href=\"https:\/\/www.sisinternational.com\/es\/pericia\/industrias\/investigacion-de-mercado-de-franquicias-de-comida-rapida\/\" title=\"Investigaci\u00f3n de mercado de franquicias de comida r\u00e1pida\"  data-wpil-monitor-id=\"3995\">food and beverage sensory analysis market research<\/a> offers an ongoing feedback mechanism, allowing businesses to adapt and evolve in tandem with market dynamics.<\/li>\n<\/ul>\n\n\n\n<h2 class=\"wp-block-heading\">Tendencias globales en la investigaci\u00f3n de mercado sensorial de alimentos y bebidas<\/h2>\n\n\n\n<p>El <a href=\"https:\/\/www.sisinternational.com\/es\/pericia\/industrias\/investigacion-de-mercado-de-perdida-de-peso-de-alimentos-dieteticos\/\" title=\"Investigaci\u00f3n de mercado de alimentos diet\u00e9ticos y p\u00e9rdida de peso\"  data-wpil-monitor-id=\"5656\">food and beverage sensory market research<\/a> domain has experienced significant evolution over the years, propelled by technological advancements, changing consumer behaviors, and the intensified competitive landscape in the food industry \u2013 and some of the most notorious market trends are:<\/p>\n\n\n\n<ul class=\"wp-block-list\">\n<li><strong>IA y aprendizaje autom\u00e1tico:<\/strong> Estas tecnolog\u00edas se utilizan cada vez m\u00e1s para analizar grandes cantidades de datos sensoriales, identificar patrones e incluso predecir las preferencias de los consumidores bas\u00e1ndose en datos hist\u00f3ricos.<\/li>\n\n\n\n<li><strong>Perfil sensorial personalizado:<\/strong> With the rise of personalized nutrition and wellness trends, brands are leveraging <a href=\"https:\/\/www.sisinternational.com\/es\/pericia\/industrias\/investigacion-de-mercado-de-marca\/\" title=\"Investigaci\u00f3n de mercado de marca\"  data-wpil-monitor-id=\"7089\">food and beverage market research<\/a> to craft products tailored to niche market segments \u2013 or even individual preferences.<\/li>\n\n\n\n<li><strong>Experiencias sensoriales hol\u00edsticas:<\/strong> M\u00e1s all\u00e1 del sabor y la textura, las marcas est\u00e1n enfatizando toda la experiencia sensorial, considerando factores como la est\u00e9tica del empaque, los sonidos e incluso la experiencia t\u00e1ctil de manipular un producto.<\/li>\n\n\n\n<li><strong>Sostenibilidad y An\u00e1lisis Sensorial:<\/strong> As sustainability becomes a major consumer demand, <a href=\"https:\/\/www.sisinternational.com\/es\/pericia\/industrias\/cena-comida-bebida-investigacion-de-mercado\/\" title=\"Investigaci\u00f3n de mercado de alimentos y bebidas para la cena\"  data-wpil-monitor-id=\"7165\">food and beverage market research<\/a> is increasingly ensuring that its products are eco-friendly and meet consumer sensory expectations.<\/li>\n\n\n\n<li><strong>Paladares globalizados y paneles sensoriales regionales:<\/strong> A medida que el comercio y los viajes globales exponen a los consumidores a una infinidad de experiencias culinarias, las marcas globales est\u00e1n creando paneles sensoriales regionales para garantizar que los atributos del producto se alineen con los gustos y matices culturales localizados.<\/li>\n\n\n\n<li><strong>Integraci\u00f3n con T\u00e9cnicas Neurocient\u00edficas:<\/strong> La neurogastronom\u00eda est\u00e1 ganando terreno y las marcas est\u00e1n explorando la integraci\u00f3n de este conocimiento para integrarse mejor con las respuestas de sus consumidores y comprender la respuesta del cerebro a diferentes est\u00edmulos alimentarios.<\/li>\n\n\n\n<li><strong>Enfoque en Salud y Bienestar:<\/strong> With health and wellness trends at the forefront, food sensory <a href=\"https:\/\/www.sisinternational.com\/es\/soluciones\/soluciones-de-investigacion-cualitativa-cuantitativa\/analisis-de-conglomerados-investigacion-de-mercado\/\" title=\"An\u00e1lisis de conglomerados Investigaci\u00f3n de mercado\"  data-wpil-monitor-id=\"7045\">analysis market research<\/a> is being used to reformulate products, reducing sugar, salt, or fat without compromising on taste and overall sensory appeal.<\/li>\n\n\n\n<li><strong>Aumento de las categor\u00edas de productos no tradicionales:<\/strong> Con el auge de los alimentos alternativos, como las carnes cultivadas en laboratorio o las prote\u00ednas de insectos, el an\u00e1lisis sensorial desempe\u00f1a un papel fundamental para garantizar que estos nuevos productos se alineen con las expectativas sensoriales de los consumidores.<\/li>\n<\/ul>\n\n\n\n<h2 class=\"wp-block-heading\">Oportunidades y desaf\u00edos en la investigaci\u00f3n de mercado sensorial de alimentos y bebidas<\/h2>\n\n\n\n<figure class=\"gb-block-image gb-block-image-fced0f21\"><img loading=\"lazy\" decoding=\"async\" width=\"1456\" height=\"816\" class=\"gb-image gb-image-fced0f21\" src=\"https:\/\/www.sisinternational.com\/wp-content\/uploads\/2025\/08\/Food-taste-testing-20.jpg\" alt=\"Investigaci\u00f3n y estrategia de mercado internacional de SIS\" title=\"Food taste testing (20)\" srcset=\"https:\/\/www.sisinternational.com\/wp-content\/uploads\/2025\/08\/Food-taste-testing-20.jpg 1456w, https:\/\/www.sisinternational.com\/wp-content\/uploads\/2025\/08\/Food-taste-testing-20-300x168.jpg 300w, https:\/\/www.sisinternational.com\/wp-content\/uploads\/2025\/08\/Food-taste-testing-20-1024x574.jpg 1024w, https:\/\/www.sisinternational.com\/wp-content\/uploads\/2025\/08\/Food-taste-testing-20-768x430.jpg 768w, https:\/\/www.sisinternational.com\/wp-content\/uploads\/2025\/08\/Food-taste-testing-20-18x10.jpg 18w\" sizes=\"auto, (max-width: 1456px) 100vw, 1456px\"><\/figure>\n\n\n\n<p><\/p>\n\n\n\n<p>El panorama cambiante de la industria alimentaria ha proporcionado un estudio de mercado de an\u00e1lisis sensorial de alimentos con desaf\u00edos y oportunidades. Estas din\u00e1micas dan forma a las estrategias y metodolog\u00edas que adoptan las empresas, guiando su camino hacia el \u00e9xito y la innovaci\u00f3n.<\/p>\n\n\n\n<h3 class=\"wp-block-heading\">Oportunidades:<\/h3>\n\n\n\n<ul class=\"wp-block-list\">\n<li><strong>Avances tecnol\u00f3gicos:<\/strong> Con el auge de la inteligencia artificial, el aprendizaje autom\u00e1tico y otras herramientas anal\u00edticas avanzadas, las empresas tienen una oportunidad sin precedentes de obtener conocimientos m\u00e1s profundos a partir de datos sensoriales, predecir las preferencias de los consumidores y optimizar los procesos de desarrollo de productos.<\/li>\n\n\n\n<li><strong>Expansi\u00f3n del mercado globalizado:<\/strong> Brands expanding into new international <a href=\"https:\/\/www.sisinternational.com\/es\/soluciones\/investigacion-de-mercado-de-la-industria-de-alimentos-y-bebidas\/investigacion-de-mercado-de-bebidas-idt-listas-para-beber\/\" title=\"Investigaci\u00f3n de mercado de bebidas listas para beber (RTD)\"  data-wpil-monitor-id=\"11494\">markets can leverage food and beverage market research<\/a> to adapt products to local tastes and preferences, ensuring successful market entry and consumer acceptance.<\/li>\n\n\n\n<li><strong>Innovaciones de productos impulsadas por el consumidor:<\/strong> Con ciclos de retroalimentaci\u00f3n inmediata del an\u00e1lisis sensorial, las empresas pueden iterar e innovar r\u00e1pidamente, adaptando productos a las demandas cambiantes de los consumidores.<\/li>\n\n\n\n<li><strong>Enfoque de Sostenibilidad y Salud:<\/strong> El an\u00e1lisis sensorial puede ayudar a crear productos que sean sostenibles y centrados en la salud, garantizando que, si bien los productos sean ecol\u00f3gicos o m\u00e1s saludables, no comprometan el sabor o el atractivo sensorial.<\/li>\n\n\n\n<li><strong>Integraci\u00f3n con otros flujos de datos:<\/strong> Los datos sensoriales, cuando se integran con otros mecanismos de retroalimentaci\u00f3n de los consumidores, como rese\u00f1as en l\u00ednea o datos de ventas, pueden ofrecer una visi\u00f3n de 360 grados del rendimiento del producto.<\/li>\n<\/ul>\n\n\n\n<h3 class=\"wp-block-heading\">Desaf\u00edos:<\/h3>\n\n\n\n<ul class=\"wp-block-list\">\n<li><strong>Mantener la coherencia del panel:<\/strong> Garantizar que los paneles sensoriales sigan siendo consistentes e imparciales a lo largo del tiempo puede ser un desaf\u00edo y requiere capacitaci\u00f3n y calibraci\u00f3n continuas.<\/li>\n\n\n\n<li><strong>Altos precios:<\/strong> Las t\u00e9cnicas y herramientas sensoriales avanzadas, especialmente aquellas que involucran tecnolog\u00eda o equipos especializados, pueden resultar costosas para las peque\u00f1as empresas.<\/li>\n\n\n\n<li><strong>Preferencias de los consumidores en r\u00e1pida evoluci\u00f3n:<\/strong> El ritmo al que cambian las preferencias de los consumidores, influenciado por factores como las redes sociales y las tendencias globales, plantea un desaf\u00edo para las empresas que intentan mantenerse a la vanguardia.<\/li>\n\n\n\n<li><strong>Matices culturales y regionales:<\/strong> Para las marcas globales, comprender y atender preferencias sensoriales culturales y regionales complejas puede ser complejo y requiere un conocimiento profundo del mercado a pesar de los avances tecnol\u00f3gicos y la evoluci\u00f3n de las t\u00e9cnicas de recopilaci\u00f3n de datos.<\/li>\n<\/ul>","protected":false},"excerpt":{"rendered":"<p>La investigaci\u00f3n de mercado sensorial de alimentos y bebidas es el estudio cient\u00edfico de c\u00f3mo los seres humanos responden a los alimentos y materiales en funci\u00f3n de sus sentidos.<\/p>","protected":false},"author":1,"featured_media":64708,"parent":22018,"menu_order":328,"comment_status":"closed","ping_status":"closed","template":"","meta":{"footnotes":""},"class_list":["post-43119","page","type-page","status-publish","has-post-thumbnail"],"_links":{"self":[{"href":"https:\/\/www.sisinternational.com\/es\/wp-json\/wp\/v2\/pages\/43119","targetHints":{"allow":["GET"]}}],"collection":[{"href":"https:\/\/www.sisinternational.com\/es\/wp-json\/wp\/v2\/pages"}],"about":[{"href":"https:\/\/www.sisinternational.com\/es\/wp-json\/wp\/v2\/types\/page"}],"author":[{"embeddable":true,"href":"https:\/\/www.sisinternational.com\/es\/wp-json\/wp\/v2\/users\/1"}],"replies":[{"embeddable":true,"href":"https:\/\/www.sisinternational.com\/es\/wp-json\/wp\/v2\/comments?post=43119"}],"version-history":[{"count":13,"href":"https:\/\/www.sisinternational.com\/es\/wp-json\/wp\/v2\/pages\/43119\/revisions"}],"predecessor-version":[{"id":85102,"href":"https:\/\/www.sisinternational.com\/es\/wp-json\/wp\/v2\/pages\/43119\/revisions\/85102"}],"up":[{"embeddable":true,"href":"https:\/\/www.sisinternational.com\/es\/wp-json\/wp\/v2\/pages\/22018"}],"wp:featuredmedia":[{"embeddable":true,"href":"https:\/\/www.sisinternational.com\/es\/wp-json\/wp\/v2\/media\/64708"}],"wp:attachment":[{"href":"https:\/\/www.sisinternational.com\/es\/wp-json\/wp\/v2\/media?parent=43119"}],"curies":[{"name":"wp","href":"https:\/\/api.w.org\/{rel}","templated":true}]}}